{"id":669,"date":"2022-05-06T17:39:29","date_gmt":"2022-05-06T17:39:29","guid":{"rendered":"https:\/\/startersites.io\/blocksy\/gadgets\/?post_type=product&#038;p=669"},"modified":"2026-01-08T04:22:17","modified_gmt":"2026-01-08T09:22:17","slug":"camera-singola-hrv-vt501-wifi","status":"publish","type":"product","link":"https:\/\/www.ecvents.com\/it\/product\/camera-singola-hrv-vt501-wifi\/","title":{"rendered":"KCVENTS VT501-Remoto o WiFi Recupero di calore Ventilazione (HRV) Ventilatore a parete con filtro HEPA HEPA Sistema di ventilazione da 6 pollici"},"content":{"rendered":"<h4 class=\"mcb-wrap-background-overlay\">Dimensioni (unit\u00e0: mm):<\/h4>\n<h4 class=\"mcb-wrap-background-overlay\"><img loading=\"lazy\" decoding=\"async\" class=\"alignnone wp-image-4156 size-full\" src=\"https:\/\/www.ecvents.com\/wp-content\/uploads\/2022\/05\/KCVENTS-VT501-Product-Size-Diagram-\u2013-Panel-220\u00d7240-mm-Duct-Length-200\u2013500-mm.png\" alt=\"Product size drawing of the KCVENTS VT501 single-room heat recovery ventilator showing a 220\u00d7240 mm front panel and two duct length options: 200 mm and 500 mm.\" width=\"1326\" height=\"375\" srcset=\"https:\/\/www.ecvents.com\/wp-content\/uploads\/2022\/05\/KCVENTS-VT501-Product-Size-Diagram-\u2013-Panel-220\u00d7240-mm-Duct-Length-200\u2013500-mm.png 1326w, https:\/\/www.ecvents.com\/wp-content\/uploads\/2022\/05\/KCVENTS-VT501-Product-Size-Diagram-\u2013-Panel-220\u00d7240-mm-Duct-Length-200\u2013500-mm-300x85.png 300w, https:\/\/www.ecvents.com\/wp-content\/uploads\/2022\/05\/KCVENTS-VT501-Product-Size-Diagram-\u2013-Panel-220\u00d7240-mm-Duct-Length-200\u2013500-mm-1024x290.png 1024w, https:\/\/www.ecvents.com\/wp-content\/uploads\/2022\/05\/KCVENTS-VT501-Product-Size-Diagram-\u2013-Panel-220\u00d7240-mm-Duct-Length-200\u2013500-mm-768x217.png 768w, https:\/\/www.ecvents.com\/wp-content\/uploads\/2022\/05\/KCVENTS-VT501-Product-Size-Diagram-\u2013-Panel-220\u00d7240-mm-Duct-Length-200\u2013500-mm-18x5.png 18w, https:\/\/www.ecvents.com\/wp-content\/uploads\/2022\/05\/KCVENTS-VT501-Product-Size-Diagram-\u2013-Panel-220\u00d7240-mm-Duct-Length-200\u2013500-mm-500x141.png 500w\" sizes=\"auto, (max-width: 1326px) 100vw, 1326px\" data-no-translation=\"\" \/><\/h4>\n<table>\n<thead>\n<tr id=\"thblue\">\n<th>Unit\u00e0 di diametro<\/th>\n<th>Tubo esterno<\/th>\n<th>Diametro\/Spessore parete<\/th>\n<th>Tubo di installazione (pu\u00f2 essere tagliato)<\/th>\n<th>Copertina interna<\/th>\n<\/tr>\n<\/thead>\n<tbody>\n<tr>\n<td>160 mm<\/td>\n<td>163 mm<\/td>\n<td>Standard: 250 mm \u2013 500 mm<\/td>\n<td>Da 250 mm a 500 mm<\/td>\n<td>242 mm x 242 mm<\/td>\n<\/tr>\n<\/tbody>\n<\/table>\n<div class=\"column mcb-column mcb-item-juqkkdtft one laptop-one tablet-one mobile-one column_column vb-item\">\n<div class=\"mcb-column-inner mfn-module-wrapper mcb-column-inner-juqkkdtft mcb-item-column-inner\">\n<div class=\"column_attr mfn-inline-editor clearfix\">\n<h4>Tabella parametri:<\/h4>\n<table>\n<tbody>\n<tr id=\"thblue\">\n<th>affretta<\/th>\n<th>dormita<\/th>\n<th>\u2160<\/th>\n<th>\u2161<\/th>\n<th>\u2162<\/th>\n<\/tr>\n<tr>\n<td>tensione<\/td>\n<td colspan=\"5\">12VDC o 100 \u2013 240V 50 \u2013 60Hz<\/td>\n<\/tr>\n<tr>\n<td>Potenza totale del ventilatore (W)<\/td>\n<td>2.5<\/td>\n<td>3.0<\/td>\n<td>4.5<\/td>\n<td>8.5<\/td>\n<\/tr>\n<tr>\n<td>Corrente del ventilatore(A)<\/td>\n<td>0.025<\/td>\n<td>0.030<\/td>\n<td>0.045<\/td>\n<td>0.070<\/td>\n<\/tr>\n<tr>\n<td>Flusso d'aria (m\u00b3\/h)<\/td>\n<td>20<\/td>\n<td>48<\/td>\n<td>54<\/td>\n<td>60<\/td>\n<\/tr>\n<tr>\n<td>Velocit\u00e0 (rpm)<\/td>\n<td>630<\/td>\n<td>1100<\/td>\n<td>1600<\/td>\n<td>2200<\/td>\n<\/tr>\n<tr>\n<td>Temperatura dell'aria trasportata<\/td>\n<td colspan=\"5\">-20\u00b0C(-4\u00b0F) a +50\u00b0C(122\u00b0F)<\/td>\n<\/tr>\n<tr>\n<td>Efficienza di scambio termico<\/td>\n<td colspan=\"5\">fino a 90%<\/td>\n<\/tr>\n<tr>\n<td>Nucleo dello scambiatore di calore<\/td>\n<td colspan=\"5\">ceramica<\/td>\n<\/tr>\n<\/tbody>\n<\/table>\n<h4>\u00a0Specifiche:<\/h4>\n<table class=\"min-w-full\">\n<tbody>\n<tr>\n<td class=\"px-3 py-2\" data-sentry-component=\"TableCellComponent\" data-sentry-source-file=\"table.tsx\"><strong>Stile di design<\/strong><\/td>\n<td class=\"px-3 py-2\" data-sentry-component=\"TableCellComponent\" data-sentry-source-file=\"table.tsx\">moderno<\/td>\n<td class=\"px-3 py-2\" data-sentry-component=\"TableCellComponent\" data-sentry-source-file=\"table.tsx\"><strong>Luogo di origine<\/strong><\/td>\n<td class=\"px-3 py-2\" data-sentry-component=\"TableCellComponent\" data-sentry-source-file=\"table.tsx\">Guangdong, Cina<\/td>\n<\/tr>\n<tr>\n<td class=\"px-3 py-2\" data-sentry-component=\"TableCellComponent\" data-sentry-source-file=\"table.tsx\"><strong>marca<\/strong><\/td>\n<td class=\"px-3 py-2\" data-sentry-component=\"TableCellComponent\" data-sentry-source-file=\"table.tsx\">kcvents<\/td>\n<td class=\"px-3 py-2\" data-sentry-component=\"TableCellComponent\" data-sentry-source-file=\"table.tsx\"><strong>numero modello<\/strong><\/td>\n<td class=\"px-3 py-2\" data-sentry-component=\"TableCellComponent\" data-sentry-source-file=\"table.tsx\">VT501<\/td>\n<\/tr>\n<tr>\n<td class=\"px-3 py-2\" data-sentry-component=\"TableCellComponent\" data-sentry-source-file=\"table.tsx\"><strong>nome prodotto<\/strong><\/td>\n<td class=\"px-3 py-2\" data-sentry-component=\"TableCellComponent\" data-sentry-source-file=\"table.tsx\">Ventilatore a recupero di calore in camera singola<\/td>\n<td class=\"px-3 py-2\" data-sentry-component=\"TableCellComponent\" data-sentry-source-file=\"table.tsx\"><strong>materia<\/strong><\/td>\n<td class=\"px-3 py-2\" data-sentry-component=\"TableCellComponent\" data-sentry-source-file=\"table.tsx\">addominali<\/td>\n<\/tr>\n<tr>\n<td class=\"px-3 py-2\" data-sentry-component=\"TableCellComponent\" data-sentry-source-file=\"table.tsx\"><strong>alimentazione<\/strong><\/td>\n<td class=\"px-3 py-2\" data-sentry-component=\"TableCellComponent\" data-sentry-source-file=\"table.tsx\">100~240V 50\/60Hz<\/td>\n<td class=\"px-3 py-2\" data-sentry-component=\"TableCellComponent\" data-sentry-source-file=\"table.tsx\"><strong>funzione<\/strong><\/td>\n<td class=\"px-3 py-2\" data-sentry-component=\"TableCellComponent\" data-sentry-source-file=\"table.tsx\">Recupero di calore<\/td>\n<\/tr>\n<tr>\n<td class=\"px-3 py-2\" data-sentry-component=\"TableCellComponent\" data-sentry-source-file=\"table.tsx\"><strong>installazione<\/strong><\/td>\n<td class=\"px-3 py-2\" data-sentry-component=\"TableCellComponent\" data-sentry-source-file=\"table.tsx\">Installazione a parete<\/td>\n<td class=\"px-3 py-2\" data-sentry-component=\"TableCellComponent\" data-sentry-source-file=\"table.tsx\"><strong>certificato<\/strong><\/td>\n<td class=\"px-3 py-2\" data-sentry-component=\"TableCellComponent\" data-sentry-source-file=\"table.tsx\">CE, Saa<\/td>\n<\/tr>\n<tr>\n<td class=\"px-3 py-2\" data-sentry-component=\"TableCellComponent\" data-sentry-source-file=\"table.tsx\"><strong>caratteristica<\/strong><\/td>\n<td class=\"px-3 py-2\" data-sentry-component=\"TableCellComponent\" data-sentry-source-file=\"table.tsx\">risparmio energetico<\/td>\n<td class=\"px-3 py-2\" data-sentry-component=\"TableCellComponent\" data-sentry-source-file=\"table.tsx\"><strong>spessore<\/strong><\/td>\n<td class=\"px-3 py-2\" data-sentry-component=\"TableCellComponent\" data-sentry-source-file=\"table.tsx\">Spessore parete 20-45 cm<\/td>\n<\/tr>\n<tr>\n<td class=\"px-3 py-2\" data-sentry-component=\"TableCellComponent\" data-sentry-source-file=\"table.tsx\"><strong>colorarsi<\/strong><\/td>\n<td class=\"px-3 py-2\" data-sentry-component=\"TableCellComponent\" data-sentry-source-file=\"table.tsx\">bianco<\/td>\n<td class=\"px-3 py-2\" data-sentry-component=\"TableCellComponent\" data-sentry-source-file=\"table.tsx\"><strong>scambiatore di calore<\/strong><\/td>\n<td class=\"px-3 py-2\" data-sentry-component=\"TableCellComponent\" data-sentry-source-file=\"table.tsx\">ceramica<\/td>\n<\/tr>\n<\/tbody>\n<\/table>\n<div class=\"button_align align_center\">\n<div class=\"column mcb-column mcb-item-bvrppphfe one laptop-one tablet-one mobile-one column_column vb-item\">\n<div class=\"mcb-column-inner mfn-module-wrapper mcb-column-inner-bvrppphfe mcb-item-column-inner\">\n<div class=\"column_attr mfn-inline-editor clearfix\"><div class=\"lyte-wrapper\" style=\"width:560px;max-width:100%;margin:5px auto;\"><div class=\"lyMe\" id=\"WYL_jN-8IWCc7CA\"><div id=\"lyte_jN-8IWCc7CA\" data-src=\"https:\/\/www.ecvents.com\/wp-content\/plugins\/wp-youtube-lyte\/lyteCache.php?origThumbUrl=%2F%2Fi.ytimg.com%2Fvi%2FjN-8IWCc7CA%2Fhqdefault.jpg\" class=\"pL\"><div class=\"tC\"><div class=\"tT\"><\/div><\/div><div class=\"play\"><\/div><div class=\"ctrl\"><div class=\"Lctrl\"><\/div><div class=\"Rctrl\"><\/div><\/div><\/div><noscript><a href=\"https:\/\/youtu.be\/jN-8IWCc7CA\" rel=\"nofollow noopener\" target=\"_blank\"><img loading=\"lazy\" decoding=\"async\" src=\"https:\/\/www.ecvents.com\/wp-content\/plugins\/wp-youtube-lyte\/lyteCache.php?origThumbUrl=https%3A%2F%2Fi.ytimg.com%2Fvi%2FjN-8IWCc7CA%2F0.jpg\" alt=\"YouTube video thumbnail\" width=\"560\" height=\"295\" data-no-translation=\"\" \/><br \/>video di guarda questo su youtube<\/a><\/noscript><\/div><\/div><div class=\"lL\" style=\"max-width:100%;width:560px;margin:5px auto;\"><\/div><\/div>\n<\/div>\n<\/div>\n<div class=\"column mcb-column mcb-item-juqkkdtft one laptop-one tablet-one mobile-one column_column vb-item\">\n<div class=\"mcb-column-inner mfn-module-wrapper mcb-column-inner-juqkkdtft mcb-item-column-inner\">\n<div class=\"column_attr mfn-inline-editor clearfix\">\n<p><strong>Titolo del prodotto: VT501 Ventilatore a recupero di calore intelligente a parete con filtrazione WiFi e HEPA<\/strong><\/p>\n<p><strong>respira pi\u00f9 pulito, vivi meglio<\/strong><br \/>\nTrasforma la tua qualit\u00e0 dell'aria interna con KCVENTS VT501. Progettato per le case moderne, questo ventilatore a recupero di calore singolo (HRV) sostituisce l'aria interna inquinata e viziata con aria esterna fresca e filtrata mantenendo la temperatura della stanza.<\/p>\n<p><img loading=\"lazy\" decoding=\"async\" class=\"alignnone size-medium wp-image-3807\" src=\"https:\/\/www.ecvents.com\/wp-content\/uploads\/2022\/05\/S6917d1fed2bd4259a13a9507fedddf9b7-206x300.webp\" alt=\"\" width=\"206\" height=\"300\" srcset=\"https:\/\/www.ecvents.com\/wp-content\/uploads\/2022\/05\/S6917d1fed2bd4259a13a9507fedddf9b7-206x300.webp 206w, https:\/\/www.ecvents.com\/wp-content\/uploads\/2022\/05\/S6917d1fed2bd4259a13a9507fedddf9b7-500x729.webp 500w, https:\/\/www.ecvents.com\/wp-content\/uploads\/2022\/05\/S6917d1fed2bd4259a13a9507fedddf9b7-703x1024.webp 703w, https:\/\/www.ecvents.com\/wp-content\/uploads\/2022\/05\/S6917d1fed2bd4259a13a9507fedddf9b7-600x874.webp 600w, https:\/\/www.ecvents.com\/wp-content\/uploads\/2022\/05\/S6917d1fed2bd4259a13a9507fedddf9b7.webp 750w\" sizes=\"auto, (max-width: 206px) 100vw, 206px\" data-no-translation=\"\" \/><\/p>\n<p><strong>Massima efficienza, costo minimo<\/strong><br \/>\nAl centro del VT501 c'\u00e8 un nucleo di scambiatore di calore ceramico ad alta tecnologia. si recupera fino a\u00a0<strong>90% di energia termica<\/strong>, il che significa che non perdi calore durante la ventilazione in inverno. con una potenza di lavoro tra\u00a0<strong>2W e 6W<\/strong>, \u00e8 incredibilmente efficiente dal punto di vista energetico.<\/p>\n<p><img loading=\"lazy\" decoding=\"async\" class=\"alignnone size-medium wp-image-3809\" src=\"https:\/\/www.ecvents.com\/wp-content\/uploads\/2022\/05\/Sbd7e9cc2e8ec48c7bb53e6c581a7e3ffz-298x300.webp\" alt=\"\" width=\"298\" height=\"300\" srcset=\"https:\/\/www.ecvents.com\/wp-content\/uploads\/2022\/05\/Sbd7e9cc2e8ec48c7bb53e6c581a7e3ffz-298x300.webp 298w, https:\/\/www.ecvents.com\/wp-content\/uploads\/2022\/05\/Sbd7e9cc2e8ec48c7bb53e6c581a7e3ffz-500x504.webp 500w, https:\/\/www.ecvents.com\/wp-content\/uploads\/2022\/05\/Sbd7e9cc2e8ec48c7bb53e6c581a7e3ffz-150x150.webp 150w, https:\/\/www.ecvents.com\/wp-content\/uploads\/2022\/05\/Sbd7e9cc2e8ec48c7bb53e6c581a7e3ffz-600x605.webp 600w, https:\/\/www.ecvents.com\/wp-content\/uploads\/2022\/05\/Sbd7e9cc2e8ec48c7bb53e6c581a7e3ffz-100x100.webp 100w, https:\/\/www.ecvents.com\/wp-content\/uploads\/2022\/05\/Sbd7e9cc2e8ec48c7bb53e6c581a7e3ffz.webp 750w\" sizes=\"auto, (max-width: 298px) 100vw, 298px\" data-no-translation=\"\" \/><\/p>\n<p><strong>Tecnologia intelligente per una casa sana<\/strong><br \/>\nPerch\u00e9 indovinare la qualit\u00e0 dell'aria? la\u00a0<strong>Modello VT501-WF<\/strong>\u00a0si collega perfettamente al\u00a0<strong>App Tuya<\/strong>, consentendo di monitorare i livelli di CO\u2082 in tempo reale e controllare il dispositivo dallo smartphone. Se hai bisogno di rimuovere gli odori, l'umidit\u00e0 inferiore o filtrare gli allergeni, hai il controllo completo tramite WiFi o il telecomando incluso.<\/p>\n<p><img loading=\"lazy\" decoding=\"async\" class=\"alignnone size-medium wp-image-3828\" src=\"https:\/\/www.ecvents.com\/wp-content\/uploads\/2022\/05\/vt501-\u4e09\u6a21\u5f0f-300x166.jpg\" alt=\"\" width=\"300\" height=\"166\" srcset=\"https:\/\/www.ecvents.com\/wp-content\/uploads\/2022\/05\/vt501-\u4e09\u6a21\u5f0f-300x166.jpg 300w, https:\/\/www.ecvents.com\/wp-content\/uploads\/2022\/05\/vt501-\u4e09\u6a21\u5f0f-500x276.jpg 500w, https:\/\/www.ecvents.com\/wp-content\/uploads\/2022\/05\/vt501-\u4e09\u6a21\u5f0f-1024x565.jpg 1024w, https:\/\/www.ecvents.com\/wp-content\/uploads\/2022\/05\/vt501-\u4e09\u6a21\u5f0f-768x424.jpg 768w, https:\/\/www.ecvents.com\/wp-content\/uploads\/2022\/05\/vt501-\u4e09\u6a21\u5f0f-600x331.jpg 600w, https:\/\/www.ecvents.com\/wp-content\/uploads\/2022\/05\/vt501-\u4e09\u6a21\u5f0f.jpg 1392w\" sizes=\"auto, (max-width: 300px) 100vw, 300px\" data-no-translation=\"\" \/><\/p>\n<p><strong>Prestazioni sussurrate<\/strong><br \/>\nGoditi l'aria fresca senza il rumore. Grazie al suo avanzato\u00a0<strong>motore senza spazzola<\/strong>\u00a0e design acustico, il VT501 funziona al massimo\u00a0<strong>30dB<\/strong>. \u00c8 l'aggiunta perfetta a camere da letto, asili nido o uffici domestici dove il silenzio \u00e8 d'oro.<\/p>\n<p><img loading=\"lazy\" decoding=\"async\" class=\"alignnone size-medium wp-image-3816\" src=\"https:\/\/www.ecvents.com\/wp-content\/uploads\/2022\/05\/vt501-\u9759\u97f3\u7761\u7720-300x224.webp\" alt=\"\" width=\"300\" height=\"224\" srcset=\"https:\/\/www.ecvents.com\/wp-content\/uploads\/2022\/05\/vt501-\u9759\u97f3\u7761\u7720-300x224.webp 300w, https:\/\/www.ecvents.com\/wp-content\/uploads\/2022\/05\/vt501-\u9759\u97f3\u7761\u7720-500x373.webp 500w, https:\/\/www.ecvents.com\/wp-content\/uploads\/2022\/05\/vt501-\u9759\u97f3\u7761\u7720-600x447.webp 600w, https:\/\/www.ecvents.com\/wp-content\/uploads\/2022\/05\/vt501-\u9759\u97f3\u7761\u7720.webp 750w\" sizes=\"auto, (max-width: 300px) 100vw, 300px\" data-no-translation=\"\" \/><\/p>\n<p><strong>Installazione senza problemi (non \u00e8 richiesta la canalizzazione complessa)<\/strong><br \/>\nA differenza dei tradizionali sistemi di ventilazione centralizzata, KCVENTS VT501 \u00e8 progettato per una facile installazione a foro singolo. Non c'\u00e8 bisogno di guide a soffitto o costose condutture professionali. Basta praticare un foro attraverso una parete esterna, inserire il condotto telescopico, montare l'unit\u00e0 e collegarlo. \u00c8 la soluzione fai-da-te perfetta per aggiornare la qualit\u00e0 dell'aria della tua stanza in pochi minuti.<\/p>\n<p><img loading=\"lazy\" decoding=\"async\" class=\"alignnone size-medium wp-image-3826\" src=\"https:\/\/www.ecvents.com\/wp-content\/uploads\/2022\/05\/Haec0125c2fd14ec7b8198a16821a5acbv-300x300.webp\" alt=\"\" width=\"300\" height=\"300\" srcset=\"https:\/\/www.ecvents.com\/wp-content\/uploads\/2022\/05\/Haec0125c2fd14ec7b8198a16821a5acbv-300x300.webp 300w, https:\/\/www.ecvents.com\/wp-content\/uploads\/2022\/05\/Haec0125c2fd14ec7b8198a16821a5acbv-500x500.webp 500w, https:\/\/www.ecvents.com\/wp-content\/uploads\/2022\/05\/Haec0125c2fd14ec7b8198a16821a5acbv-150x150.webp 150w, https:\/\/www.ecvents.com\/wp-content\/uploads\/2022\/05\/Haec0125c2fd14ec7b8198a16821a5acbv-768x768.webp 768w, https:\/\/www.ecvents.com\/wp-content\/uploads\/2022\/05\/Haec0125c2fd14ec7b8198a16821a5acbv-600x600.webp 600w, https:\/\/www.ecvents.com\/wp-content\/uploads\/2022\/05\/Haec0125c2fd14ec7b8198a16821a5acbv-100x100.webp 100w, https:\/\/www.ecvents.com\/wp-content\/uploads\/2022\/05\/Haec0125c2fd14ec7b8198a16821a5acbv.webp 1001w\" sizes=\"auto, (max-width: 300px) 100vw, 300px\" data-no-translation=\"\" \/><\/p>\n<p><strong>Caratteristiche principali:<\/strong><\/p>\n<ul>\n<li><strong>3 modalit\u00e0 di ventilazione:<\/strong>\u00a0Modalit\u00e0 aria fresca, modalit\u00e0 di scarico e modalit\u00e0 ciclo 65s.<\/li>\n<li><strong>Filtrazione superiore:<\/strong>\u00a0I filtri combinati HEPA e a carboni attivi rimuovono il particolato e gli odori.<\/li>\n<li><strong>Flusso d'aria potente:<\/strong>\u00a028 CFM a 35 CFM di capacit\u00e0.<\/li>\n<li><strong>Bassa manutenzione:<\/strong>\u00a0Anima in ceramica facile da pulire e filtri accessibili.<\/li>\n<li><strong>Pacchetto completo:<\/strong>\u00a0Include kit di montaggio, telecomando e una garanzia di 36 mesi per la tranquillit\u00e0.<\/li>\n<\/ul>\n<p>Gli HRV residenziali KCVENTS sono la scelta migliore per la ventilazione di case o luoghi di lavoro. Queste unit\u00e0 sono progettate per fornire aria fresca all'edificio esaurisce una quantit\u00e0 uguale di aria viziata all'esterno. Durante la stagione di riscaldamento, KCVents Heat Recovery Ventilator (HRVS) sostituisce l'aria viziata con aria fresca in tutte le case e le aziende, aiutando a prevenire l'accumulo di umidit\u00e0, la formazione di peste e marciume.<\/p>\n<p>&nbsp;<\/p>\n<p><img loading=\"lazy\" decoding=\"async\" class=\"alignnone size-medium wp-image-3808\" src=\"https:\/\/www.ecvents.com\/wp-content\/uploads\/2022\/05\/S94788fd13e3a4be8baa96211f292aef3j-300x300.webp\" alt=\"\" width=\"300\" height=\"300\" srcset=\"https:\/\/www.ecvents.com\/wp-content\/uploads\/2022\/05\/S94788fd13e3a4be8baa96211f292aef3j-300x300.webp 300w, https:\/\/www.ecvents.com\/wp-content\/uploads\/2022\/05\/S94788fd13e3a4be8baa96211f292aef3j-500x500.webp 500w, https:\/\/www.ecvents.com\/wp-content\/uploads\/2022\/05\/S94788fd13e3a4be8baa96211f292aef3j-150x150.webp 150w, https:\/\/www.ecvents.com\/wp-content\/uploads\/2022\/05\/S94788fd13e3a4be8baa96211f292aef3j-768x768.webp 768w, https:\/\/www.ecvents.com\/wp-content\/uploads\/2022\/05\/S94788fd13e3a4be8baa96211f292aef3j-600x600.webp 600w, https:\/\/www.ecvents.com\/wp-content\/uploads\/2022\/05\/S94788fd13e3a4be8baa96211f292aef3j-100x100.webp 100w, https:\/\/www.ecvents.com\/wp-content\/uploads\/2022\/05\/S94788fd13e3a4be8baa96211f292aef3j.webp 1000w\" sizes=\"auto, (max-width: 300px) 100vw, 300px\" data-no-translation=\"\" \/><img loading=\"lazy\" decoding=\"async\" class=\"alignnone size-medium wp-image-3829\" src=\"https:\/\/www.ecvents.com\/wp-content\/uploads\/2022\/05\/S96b33c9e87b844f28da187cc39456a16f-167x300.webp\" alt=\"\" width=\"167\" height=\"300\" srcset=\"https:\/\/www.ecvents.com\/wp-content\/uploads\/2022\/05\/S96b33c9e87b844f28da187cc39456a16f-167x300.webp 167w, https:\/\/www.ecvents.com\/wp-content\/uploads\/2022\/05\/S96b33c9e87b844f28da187cc39456a16f-500x899.webp 500w, https:\/\/www.ecvents.com\/wp-content\/uploads\/2022\/05\/S96b33c9e87b844f28da187cc39456a16f-569x1024.webp 569w, https:\/\/www.ecvents.com\/wp-content\/uploads\/2022\/05\/S96b33c9e87b844f28da187cc39456a16f-768x1381.webp 768w, https:\/\/www.ecvents.com\/wp-content\/uploads\/2022\/05\/S96b33c9e87b844f28da187cc39456a16f-854x1536.webp 854w, https:\/\/www.ecvents.com\/wp-content\/uploads\/2022\/05\/S96b33c9e87b844f28da187cc39456a16f-600x1079.webp 600w, https:\/\/www.ecvents.com\/wp-content\/uploads\/2022\/05\/S96b33c9e87b844f28da187cc39456a16f.webp 1001w\" sizes=\"auto, (max-width: 167px) 100vw, 167px\" data-no-translation=\"\" \/><\/p>\n<h4>Certificato:<\/h4>\n<p><img loading=\"lazy\" decoding=\"async\" class=\"alignnone size-medium wp-image-4175\" src=\"https:\/\/www.ecvents.com\/wp-content\/uploads\/2022\/05\/KCvents-VT501-Heat-Recovery-Ventilation-Device-Wall-Mounted-Room-Fresh-Air-Fan-Certificate1-213x300.jpeg\" alt=\"RED Declaration of Conformity certificate for heat recovery ventilator (models VT501, VT501S, VT502, etc.)\" width=\"213\" height=\"300\" srcset=\"https:\/\/www.ecvents.com\/wp-content\/uploads\/2022\/05\/KCvents-VT501-Heat-Recovery-Ventilation-Device-Wall-Mounted-Room-Fresh-Air-Fan-Certificate1-213x300.jpeg 213w, https:\/\/www.ecvents.com\/wp-content\/uploads\/2022\/05\/KCvents-VT501-Heat-Recovery-Ventilation-Device-Wall-Mounted-Room-Fresh-Air-Fan-Certificate1-9x12.jpeg 9w, https:\/\/www.ecvents.com\/wp-content\/uploads\/2022\/05\/KCvents-VT501-Heat-Recovery-Ventilation-Device-Wall-Mounted-Room-Fresh-Air-Fan-Certificate1-500x704.jpeg 500w, https:\/\/www.ecvents.com\/wp-content\/uploads\/2022\/05\/KCvents-VT501-Heat-Recovery-Ventilation-Device-Wall-Mounted-Room-Fresh-Air-Fan-Certificate1.jpeg 599w\" sizes=\"auto, (max-width: 213px) 100vw, 213px\" data-no-translation=\"\" \/> <img loading=\"lazy\" decoding=\"async\" class=\"alignnone size-medium wp-image-4176\" src=\"https:\/\/www.ecvents.com\/wp-content\/uploads\/2022\/05\/KCvents-VT501-Heat-Recovery-Ventilation-Device-Wall-Mounted-Room-Fresh-Air-Fan-Certificate2-218x300.jpeg\" alt=\"CE Certificate of Conformity for heat recovery ventilator (models VT501-WF, VT150, etc.)\" width=\"218\" height=\"300\" srcset=\"https:\/\/www.ecvents.com\/wp-content\/uploads\/2022\/05\/KCvents-VT501-Heat-Recovery-Ventilation-Device-Wall-Mounted-Room-Fresh-Air-Fan-Certificate2-218x300.jpeg 218w, https:\/\/www.ecvents.com\/wp-content\/uploads\/2022\/05\/KCvents-VT501-Heat-Recovery-Ventilation-Device-Wall-Mounted-Room-Fresh-Air-Fan-Certificate2-9x12.jpeg 9w, https:\/\/www.ecvents.com\/wp-content\/uploads\/2022\/05\/KCvents-VT501-Heat-Recovery-Ventilation-Device-Wall-Mounted-Room-Fresh-Air-Fan-Certificate2-500x688.jpeg 500w, https:\/\/www.ecvents.com\/wp-content\/uploads\/2022\/05\/KCvents-VT501-Heat-Recovery-Ventilation-Device-Wall-Mounted-Room-Fresh-Air-Fan-Certificate2.jpeg 595w\" sizes=\"auto, (max-width: 218px) 100vw, 218px\" data-no-translation=\"\" \/><\/p>\n<p>&nbsp;<\/p>\n<\/div>\n<\/div>\n<\/div>\n<\/div>\n<\/div>\n<\/div>\n<\/div>","protected":false},"excerpt":{"rendered":"<p><strong>Aggiorna la tua stanza a un ecosistema di aria fresca.<\/strong><br \/>\nLa serie VT501 scambia continuamente aria interna viziata con aria esterna fresca senza perdere calore. Scegli tra il\u00a0<strong>telecomando<\/strong>\u00a0modello o il\u00a0<strong>Wi-Fi intelligente<\/strong>\u00a0Modello per soddisfare le tue esigenze.<\/p>\n<ul>\n<li><strong>Recupero di calore 90%:<\/strong>\u00a0Il nucleo in ceramica consente di risparmiare energia, mantenendoti al caldo in inverno.<\/li>\n<li><strong>Opzioni di controllo intelligente:<\/strong>\n<ul>\n<li><em>Modello Wi-Fi:<\/em>\u00a0Controllo dell'app Tuya, monitoraggio e automazione del CO\u2082.<\/li>\n<li><em>Modello remoto:<\/em>\u00a0Telecomando IR di facile utilizzo incluso.<\/li>\n<\/ul>\n<\/li>\n<li><strong>Doppia filtrazione:<\/strong>\u00a0I filtri HEPA + a carbone bloccano gli odori di polline, polvere e esterni.<\/li>\n<li><strong>Sussurro silenzioso:<\/strong>\u00a0Il motore a corrente continua brushless funziona sotto\u00a0<strong>30dB<\/strong>\u00a0per un sonno indisturbato.<\/li>\n<li><strong>Facile installazione fai-da-te:<\/strong>\u00a0Nessuna canalizzazione necessaria, solo un singolo foro attraverso il muro.<\/li>\n<\/ul>\n<p><a class=\"button button_right button_size_2\" title=\"\" href=\"https:\/\/www.kcvents.com\/wp-content\/uploads\/2025\/07\/VT501.pdf\" target=\"_blank\" rel=\"noopener\"><span class=\"button_label\">catalogo<\/span><\/a><\/p>","protected":false},"featured_media":781,"comment_status":"open","ping_status":"closed","template":"","meta":{"_acf_changed":false},"product_brand":[],"product_cat":[25],"product_tag":[],"class_list":{"0":"post-669","1":"product","2":"type-product","3":"status-publish","4":"has-post-thumbnail","6":"product_cat-single-room-hrv","7":"pa_control-mode-remote-control","8":"pa_control-mode-wifi-control","10":"first","11":"instock","12":"sale","13":"taxable","14":"shipping-taxable","15":"purchasable","16":"product-type-variable","17":"has-default-attributes"},"acf":[],"_links":{"self":[{"href":"https:\/\/www.ecvents.com\/it\/wp-json\/wp\/v2\/product\/669","targetHints":{"allow":["GET"]}}],"collection":[{"href":"https:\/\/www.ecvents.com\/it\/wp-json\/wp\/v2\/product"}],"about":[{"href":"https:\/\/www.ecvents.com\/it\/wp-json\/wp\/v2\/types\/product"}],"replies":[{"embeddable":true,"href":"https:\/\/www.ecvents.com\/it\/wp-json\/wp\/v2\/comments?post=669"}],"wp:featuredmedia":[{"embeddable":true,"href":"https:\/\/www.ecvents.com\/it\/wp-json\/wp\/v2\/media\/781"}],"wp:attachment":[{"href":"https:\/\/www.ecvents.com\/it\/wp-json\/wp\/v2\/media?parent=669"}],"wp:term":[{"taxonomy":"product_brand","embeddable":true,"href":"https:\/\/www.ecvents.com\/it\/wp-json\/wp\/v2\/product_brand?post=669"},{"taxonomy":"product_cat","embeddable":true,"href":"https:\/\/www.ecvents.com\/it\/wp-json\/wp\/v2\/product_cat?post=669"},{"taxonomy":"product_tag","embeddable":true,"href":"https:\/\/www.ecvents.com\/it\/wp-json\/wp\/v2\/product_tag?post=669"}],"curies":[{"name":"WP","href":"https:\/\/api.w.org\/{rel}","templated":true}]}}