{"id":3,"date":"2025-08-14T11:26:15","date_gmt":"2025-08-14T11:26:15","guid":{"rendered":"https:\/\/ecvents.com\/?page_id=3"},"modified":"2026-03-03T21:00:16","modified_gmt":"2026-03-04T02:00:16","slug":"politica-de-privacidade-2","status":"publish","type":"page","link":"https:\/\/www.ecvents.com\/pt\/politica-de-privacidade-2\/","title":{"rendered":"Pol\u00edtica de privacidade"},"content":{"rendered":"<p><strong>Quem somos?&nbsp;<\/strong>O endere\u00e7o do nosso site \u00e9: https:\/\/www.ecvents.com\/. Valorizamos sua privacidade e estamos comprometidos em coletar, usar, armazenar e compartilhar suas informa\u00e7\u00f5es de acordo com esta pol\u00edtica.<\/p>\n\n\n\n<p><\/p>\n\n\n\n<p><strong>Que informa\u00e7\u00f5es coletamos?&nbsp;<\/strong><br>Coletamos informa\u00e7\u00f5es de voc\u00ea quando voc\u00ea assina nossa newsletter, responde a uma pesquisa ou preenche um formul\u00e1rio.&nbsp;<br>Ao fazer o pedido ou se registrar em nosso site, conforme apropriado, voc\u00ea pode ser solicitado a inserir seu: nome, endere\u00e7o de e-mail, endere\u00e7o de correspond\u00eancia ou n\u00famero de telefone. Voc\u00ea pode, no entanto, visitar nosso site anonimamente.<br><br><strong>Para que usamos suas informa\u00e7\u00f5es?<\/strong>&nbsp;<br>Qualquer informa\u00e7\u00e3o que coletamos de voc\u00ea pode ser usada de uma das seguintes maneiras:<\/p>\n\n\n\n<ul class=\"wp-block-list\">\n<li>Para personalizar sua experi\u00eancia<br>(Suas informa\u00e7\u00f5es nos ajudam a responder melhor \u00e0s suas necessidades individuais)<\/li>\n\n\n\n<li>Para melhorar nosso site<br>(Estamos continuamente nos esfor\u00e7ando para melhorar as ofertas de nossos sites com base nas informa\u00e7\u00f5es e feedback que recebemos de voc\u00ea)<\/li>\n\n\n\n<li>Para melhorar o atendimento ao cliente<br>(Suas informa\u00e7\u00f5es nos ajudam a responder com mais efic\u00e1cia \u00e0s suas solicita\u00e7\u00f5es de atendimento ao cliente e \u00e0s necessidades de suporte)<\/li>\n\n\n\n<li>Para processar transa\u00e7\u00f5es<br>Suas informa\u00e7\u00f5es, p\u00fablicas ou privadas, n\u00e3o ser\u00e3o vendidas, trocadas, transferidas ou entregues a qualquer outra empresa por qualquer motivo, sem o seu consentimento, que n\u00e3o sejam para fins expressos de entrega do produto adquirido ou servi\u00e7o solicitado.<\/li>\n\n\n\n<li>Para administrar um concurso, promo\u00e7\u00e3o, pesquisa ou outro recurso do site<\/li>\n\n\n\n<li>Para enviar e-mails peri\u00f3dicos<br>O endere\u00e7o de e-mail que voc\u00ea fornece para o processamento do pedido pode ser usado para enviar informa\u00e7\u00f5es e atualiza\u00e7\u00f5es relacionadas ao seu pedido, al\u00e9m de receber not\u00edcias ocasionais da empresa, atualiza\u00e7\u00f5es, informa\u00e7\u00f5es relacionadas ao produto ou servi\u00e7o, etc.<\/li>\n<\/ul>\n\n\n\n<p>Observa\u00e7\u00e3o: se a qualquer momento voc\u00ea quiser cancelar a inscri\u00e7\u00e3o no recebimento de e-mails futuros, envie um e-mail para\u00a0huoyee@kcvents.com<\/p>\n\n\n\n<p><strong>Usamos cookies?<\/strong>&nbsp;<br>Sim (cookies s\u00e3o pequenos arquivos que um site ou seu provedor de servi\u00e7os transfere para o disco r\u00edgido do seu computador por meio do navegador da web (se voc\u00ea permitir) que permitem que os sites ou sistemas de provedores de servi\u00e7os reconhe\u00e7am seu navegador e capturem e lembrem de certas informa\u00e7\u00f5es.<br>Usamos cookies para entender e salvar suas prefer\u00eancias para futuras visitas e compilar dados agregados sobre o tr\u00e1fego do site e a intera\u00e7\u00e3o do site para que possamos oferecer melhores experi\u00eancias e ferramentas no site no futuro. Podemos contratar provedores de servi\u00e7os terceirizados para nos ajudar a entender melhor os visitantes do nosso site. Esses provedores de servi\u00e7os n\u00e3o t\u00eam permiss\u00e3o para usar as informa\u00e7\u00f5es coletadas em nosso nome, exceto para nos ajudar a conduzir e melhorar nossos neg\u00f3cios.<br>Se preferir, voc\u00ea pode optar por seu computador avisar sempre que um cookie estiver sendo enviado ou voc\u00ea pode desativar todos os cookies por meio das configura\u00e7\u00f5es do navegador. Como a maioria dos sites, se voc\u00ea desligar seus cookies, alguns de nossos servi\u00e7os podem n\u00e3o funcionar corretamente. No entanto, voc\u00ea ainda pode fazer pedidos entrando em contato com o Atendimento ao Cliente.<br><br><strong>Divulgamos alguma informa\u00e7\u00e3o a terceiros?<\/strong>&nbsp;<br>N\u00e3o vendemos, negociamos ou transferimos para terceiros suas informa\u00e7\u00f5es de identifica\u00e7\u00e3o pessoal. Isso n\u00e3o inclui terceiros confi\u00e1veis que nos ajudam a operar nosso site, conduzir nossos neg\u00f3cios ou atender voc\u00ea, desde que essas partes concordem em manter essas informa\u00e7\u00f5es confidenciais. Tamb\u00e9m podemos divulgar suas informa\u00e7\u00f5es quando acreditamos que a libera\u00e7\u00e3o \u00e9 apropriada para cumprir a lei, fazer cumprir as pol\u00edticas de nosso site ou proteger nossos direitos, propriedade ou seguran\u00e7a. No entanto, informa\u00e7\u00f5es de visitante n\u00e3o identific\u00e1veis n\u00e3o pessoais podem ser fornecidas a outras partes para marketing, publicidade ou outros usos.<br><br><strong>Links de terceiros&nbsp;<\/strong><br>Ocasionalmente, a nosso crit\u00e9rio, podemos incluir ou oferecer produtos ou servi\u00e7os de terceiros em nosso site. Esses sites de terceiros t\u00eam pol\u00edticas de privacidade separadas e independentes. Portanto, n\u00e3o temos nenhuma responsabilidade ou obriga\u00e7\u00e3o pelo conte\u00fado e atividades desses sites vinculados. No entanto, buscamos proteger a integridade do nosso site e agradecer qualquer feedback sobre esses sites.<\/p>\n\n\n\n<p><strong>Outro software do\u00a0grupo\u00a0EC<\/strong>&nbsp;<br>A EC oferece diversos aplicativos de software como servi\u00e7os aos nossos clientes. Tudo isso, em certa medida, baseado na web, portanto, as mesmas informa\u00e7\u00f5es ser\u00e3o coletadas e processadas de acordo com o que \u00e9 descrito neste documento.<br><br><strong>Por quanto tempo o CE manter\u00e1 seus dados pessoais?&nbsp;<\/strong><br>A EC manter\u00e1 seus dados pessoais pelo tempo necess\u00e1rio para cumprir as finalidades para as quais os dados pessoais foram coletados.&nbsp;<br><br><strong>Seus direitos de prote\u00e7\u00e3o de dados&nbsp;<\/strong><br>Voc\u00ea tem o direito de solicitar informa\u00e7\u00f5es da CE sobre os dados pessoais processados pela EC e acesso a tais dados pessoais. Voc\u00ea tamb\u00e9m tem o direito de solicitar a retifica\u00e7\u00e3o de seus dados pessoais se isso estiver incorreto e solicitar o apagamento de seus dados pessoais. Al\u00e9m disso, voc\u00ea tem o direito de solicitar a restri\u00e7\u00e3o do processamento de seus dados pessoais, o que significa que solicita que a EC limite o processamento de seus dados pessoais em determinadas circunst\u00e2ncias. Tamb\u00e9m existe o direito de voc\u00ea se opor ao processamento com base em interesses leg\u00edtimos ou processamento de marketing direto. Voc\u00ea tamb\u00e9m tem o direito \u00e0 portabilidade de dados (transfer\u00eancia de seus dados pessoais para outro controlador) se o processamento da CE se seus dados pessoais forem baseados no consentimento ou obriga\u00e7\u00e3o contratual e forem automatizados.&nbsp;&nbsp;<\/p>\n\n\n\n<p style=\"margin-top:0;margin-bottom:0\">Voc\u00ea tamb\u00e9m tem o direito de apresentar todas as reclama\u00e7\u00f5es que possa ter sobre o processamento da EC de seus dados pessoais a uma autoridade supervisora.<br><br><strong>Conformidade com a Lei de Prote\u00e7\u00e3o \u00e0 Privacidade da<\/strong><br>Por valorizarmos sua privacidade, tomamos as precau\u00e7\u00f5es necess\u00e1rias para estar em conformidade com a Lei de Prote\u00e7\u00e3o \u00e0 Privacidade Online da Calif\u00f3rnia. Portanto, n\u00e3o distribuiremos suas informa\u00e7\u00f5es pessoais a terceiros sem o seu consentimento.<br><br><strong>Conformidade com a Lei de Prote\u00e7\u00e3o \u00e0 Privacidade Online para Cria&nbsp;<\/strong><br>Estamos em conformidade com os requisitos da COPPA (Lei de Prote\u00e7\u00e3o \u00e0 Privacidade Infantil Infantil para Crian\u00e7as), n\u00e3o coletamos nenhuma informa\u00e7\u00e3o de menores de 13 anos. Nosso site, produtos e servi\u00e7os s\u00e3o direcionados a pessoas com pelo menos 13 anos ou mais.<br><br><strong>Pol\u00edtica de privacidade on-line somente&nbsp;<\/strong><\/p>\n\n\n\n<p>Esta pol\u00edtica de privacidade on-line se aplica apenas \u00e0s informa\u00e7\u00f5es coletadas por meio de nosso site e n\u00e3o \u00e0s informa\u00e7\u00f5es coletadas offline.<\/p>\n\n\n\n<p style=\"margin-top:0;margin-bottom:0\"><strong>Seu consentimento<\/strong><\/p>\n\n\n\n<p>Ao usar nosso site, voc\u00ea concorda com nossa pol\u00edtica de privacidade.<\/p>\n\n\n\n<p style=\"margin-top:0;margin-bottom:0\"><strong>Altera\u00e7\u00f5es na nossa pol\u00edtica de privacidade&nbsp;<\/strong><\/p>\n\n\n\n<p>Se decidirmos alterar nossa pol\u00edtica de privacidade, publicaremos essas altera\u00e7\u00f5es nesta p\u00e1gina e\/ou atualizaremos a data de modifica\u00e7\u00e3o da pol\u00edtica de privacidade abaixo.&nbsp;<\/p>\n\n\n\n<p>Esta pol\u00edtica foi modificada pela \u00faltima vez em 23 de maio de 2025<\/p>\n\n\n\n<p><strong>Contactando-nos&nbsp;<\/strong><br>Se houver alguma d\u00favida sobre esta Pol\u00edtica de Privacidade, voc\u00ea pode entrar em contato conosco usando as informa\u00e7\u00f5es abaixo.&nbsp;<\/p>\n\n\n\n<p style=\"margin-top:0;margin-bottom:0\"><strong class=\"privacy-policy-tutorial\">Que direitos voc\u00ea tem sobre seus dados<\/strong><\/p>\n\n\n\n<p>Se voc\u00ea tiver uma conta neste site ou deixar coment\u00e1rios, poder\u00e1 solicitar o recebimento de um arquivo exportado dos dados pessoais que mantemos sobre voc\u00ea, incluindo quaisquer dados que voc\u00ea nos tenha fornecido. Voc\u00ea tamb\u00e9m pode solicitar que apaguemos todos os dados pessoais que mantemos sobre voc\u00ea. Isso n\u00e3o inclui nenhum dado que somos obrigados a manter para fins administrativos, legais ou de seguran\u00e7a.<\/p>\n\n\n\n<div class=\"wp-block-stackable-button-group stk-block-button-group stk-block stk-b7956d6\" data-block-id=\"b7956d6\"><div class=\"stk-row stk-inner-blocks stk-block-content stk-button-group\">\n<div class=\"wp-block-stackable-button stk-block-button stk-block stk-f86933f\" data-block-id=\"f86933f\"><style>.stk-f86933f {box-shadow:0 0 0 1px #7878781a !important;}.stk-f86933f .stk-button{background:linear-gradient(15deg, #13547a 0%, #80d0c7 100%) !important;}.stk-f86933f .stk-button:before{box-shadow:0 0 0 2px #7878781a !important;}<\/style><a class=\"stk-link stk-button stk--hover-effect-scale-more\" href=\"http:\/\/www.ecvents.com\/pt\/entre-em-contato-conosco\/\" target=\"_blank\" rel=\"noreferrer noopener\"><span class=\"stk-button__inner-text\">entre em contato conosco<\/span><\/a><\/div>\n<\/div><\/div>","protected":false},"excerpt":{"rendered":"<p>Quem somos?\u00a0O endere\u00e7o do nosso site \u00e9: https:\/\/www.ecvents.com\/. Valorizamos sua privacidade e estamos comprometidos em coletar, usar, armazenar e compartilhar suas informa\u00e7\u00f5es de acordo com esta pol\u00edtica. Quais informa\u00e7\u00f5es coletamos? Coletamos suas informa\u00e7\u00f5es quando voc\u00ea assina nosso boletim informativo, responde a uma pesquisa ou preenche um formul\u00e1rio.\u00a0 Ao fazer o pedido ou registrar-se [ \u2026]<\/p>","protected":false},"author":1,"featured_media":0,"parent":0,"menu_order":0,"comment_status":"closed","ping_status":"open","template":"","meta":{"_acf_changed":false,"footnotes":""},"class_list":["post-3","page","type-page","status-publish","hentry"],"blocksy_meta":[],"acf":[],"rankMath":{"parentDomain":"www.ecvents.com","noFollowDomains":[],"noFollowExcludeDomains":[],"noFollowExternalLinks":false,"featuredImageNotice":"A imagem destacada deve ter pelo menos 200 por 200 pixels para ser reconhecida pelo Facebook e outros sites de m\u00eddia social.","pluginReviewed":false,"postSettings":{"linkSuggestions":true,"useFocusKeyword":false},"frontEndScore":false,"postName":"privacy-policy-2","permalinkFormat":"https:\/\/www.ecvents.com\/pt\/%pagename%\/","showLockModifiedDate":true,"assessor":{"focusKeywordLink":"https:\/\/www.ecvents.com\/wp-admin\/edit.php?focus_keyword=%focus_keyword%&post_type=%post_type%","hasTOCPlugin":{"stackable-ultimate-gutenberg-blocks-premium\/plugin.php":"Stackable"},"primaryTaxonomy":false,"serpData":{"title":"","description":"","focusKeywords":"","pillarContent":false,"canonicalUrl":"","breadcrumbTitle":"","advancedRobots":{"max-snippet":-1,"max-video-preview":-1,"max-image-preview":"large"},"facebookTitle":"","facebookDescription":"","facebookImage":"","facebookImageID":"","facebookHasOverlay":false,"facebookImageOverlay":"","facebookAuthor":"","twitterCardType":"","twitterUseFacebook":true,"twitterTitle":"","twitterDescription":"","twitterImage":"","twitterImageID":"","twitterHasOverlay":false,"twitterImageOverlay":"","twitterPlayerUrl":"","twitterPlayerSize":"","twitterPlayerStream":"","twitterPlayerStreamCtype":"","twitterAppDescription":"","twitterAppIphoneName":"","twitterAppIphoneID":"","twitterAppIphoneUrl":"","twitterAppIpadName":"","twitterAppIpadID":"","twitterAppIpadUrl":"","twitterAppGoogleplayName":"","twitterAppGoogleplayID":"","twitterAppGoogleplayUrl":"","twitterAppCountry":"","robots":{"index":true},"twitterAuthor":"nome de usu\u00e1rio","primaryTerm":0,"authorName":"Daniel Lee","titleTemplate":"%title% %sep% %sitename%","descriptionTemplate":"%excerpt%","showScoreFrontend":true,"lockModifiedDate":false},"powerWords":[],"diacritics":{"A":"[\\u0041\\u24B6\\uFF21\\u00C0\\u00C1\\u00C2\\u1EA6\\u1EA4\\u1EAA\\u1EA8\\u00C3\\u0100\\u0102\\u1EB0\\u1EAE\\u1EB4\\u1EB2\\u0226\\u01E0\\u00C4\\u01DE\\u1EA2\\u00C5\\u01FA\\u01CD\\u0200\\u0202\\u1EA0\\u1EAC\\u1EB6\\u1E00\\u0104\\u023A\\u2C6F]","AA":"[\\uA732]","AE":"[\\u00C6\\u01FC\\u01E2]","AO":"[\\uA734]","AU":"[\\uA736]","AV":"[\\uA738\\uA73A]","AY":"[\\uA73C]","B":"[\\u0042\\u24B7\\uFF22\\u1E02\\u1E04\\u1E06\\u0243\\u0182\\u0181]","C":"[\\u0043\\u24B8\\uFF23\\u0106\\u0108\\u010A\\u010C\\u00C7\\u1E08\\u0187\\u023B\\uA73E]","D":"[\\u0044\\u24B9\\uFF24\\u1E0A\\u010E\\u1E0C\\u1E10\\u1E12\\u1E0E\\u0110\\u018B\\u018A\\u0189\\uA779]","DZ":"[\\u01F1\\u01C4]","Dz":"[\\u01F2\\u01C5]","E":"[\\u0045\\u24BA\\uFF25\\u00C8\\u00C9\\u00CA\\u1EC0\\u1EBE\\u1EC4\\u1EC2\\u1EBC\\u0112\\u1E14\\u1E16\\u0114\\u0116\\u00CB\\u1EBA\\u011A\\u0204\\u0206\\u1EB8\\u1EC6\\u0228\\u1E1C\\u0118\\u1E18\\u1E1A\\u0190\\u018E]","F":"[\\u0046\\u24BB\\uFF26\\u1E1E\\u0191\\uA77B]","G":"[\\u0047\\u24BC\\uFF27\\u01F4\\u011C\\u1E20\\u011E\\u0120\\u01E6\\u0122\\u01E4\\u0193\\uA7A0\\uA77D\\uA77E]","H":"[\\u0048\\u24BD\\uFF28\\u0124\\u1E22\\u1E26\\u021E\\u1E24\\u1E28\\u1E2A\\u0126\\u2C67\\u2C75\\uA78D]","I":"[\\u0049\\u24BE\\uFF29\\u00CC\\u00CD\\u00CE\\u0128\\u012A\\u012C\\u0130\\u00CF\\u1E2E\\u1EC8\\u01CF\\u0208\\u020A\\u1ECA\\u012E\\u1E2C\\u0197]","J":"[\\u004A\\u24BF\\uFF2A\\u0134\\u0248]","K":"[\\u004B\\u24C0\\uFF2B\\u1E30\\u01E8\\u1E32\\u0136\\u1E34\\u0198\\u2C69\\uA740\\uA742\\uA744\\uA7A2]","L":"[\\u004C\\u24C1\\uFF2C\\u013F\\u0139\\u013D\\u1E36\\u1E38\\u013B\\u1E3C\\u1E3A\\u0141\\u023D\\u2C62\\u2C60\\uA748\\uA746\\uA780]","LJ":"[\\u01C7]","Lj":"[\\u01C8]","M":"[\\u004D\\u24C2\\uFF2D\\u1E3E\\u1E40\\u1E42\\u2C6E\\u019C]","N":"[\\u004E\\u24C3\\uFF2E\\u01F8\\u0143\\u00D1\\u1E44\\u0147\\u1E46\\u0145\\u1E4A\\u1E48\\u0220\\u019D\\uA790\\uA7A4]","NJ":"[\\u01CA]","Nj":"[\\u01CB]","O":"[\\u004F\\u24C4\\uFF2F\\u00D2\\u00D3\\u00D4\\u1ED2\\u1ED0\\u1ED6\\u1ED4\\u00D5\\u1E4C\\u022C\\u1E4E\\u014C\\u1E50\\u1E52\\u014E\\u022E\\u0230\\u00D6\\u022A\\u1ECE\\u0150\\u01D1\\u020C\\u020E\\u01A0\\u1EDC\\u1EDA\\u1EE0\\u1EDE\\u1EE2\\u1ECC\\u1ED8\\u01EA\\u01EC\\u00D8\\u01FE\\u0186\\u019F\\uA74A\\uA74C]","OI":"[\\u01A2]","OO":"[\\uA74E]","OU":"[\\u0222]","P":"[\\u0050\\u24C5\\uFF30\\u1E54\\u1E56\\u01A4\\u2C63\\uA750\\uA752\\uA754]","Q":"[\\u0051\\u24C6\\uFF31\\uA756\\uA758\\u024A]","R":"[\\u0052\\u24C7\\uFF32\\u0154\\u1E58\\u0158\\u0210\\u0212\\u1E5A\\u1E5C\\u0156\\u1E5E\\u024C\\u2C64\\uA75A\\uA7A6\\uA782]","S":"[\\u0053\\u24C8\\uFF33\\u1E9E\\u015A\\u1E64\\u015C\\u1E60\\u0160\\u1E66\\u1E62\\u1E68\\u0218\\u015E\\u2C7E\\uA7A8\\uA784]","T":"[\\u0054\\u24C9\\uFF34\\u1E6A\\u0164\\u1E6C\\u021A\\u0162\\u1E70\\u1E6E\\u0166\\u01AC\\u01AE\\u023E\\uA786]","TZ":"[\\uA728]","U":"[\\u0055\\u24CA\\uFF35\\u00D9\\u00DA\\u00DB\\u0168\\u1E78\\u016A\\u1E7A\\u016C\\u00DC\\u01DB\\u01D7\\u01D5\\u01D9\\u1EE6\\u016E\\u0170\\u01D3\\u0214\\u0216\\u01AF\\u1EEA\\u1EE8\\u1EEE\\u1EEC\\u1EF0\\u1EE4\\u1E72\\u0172\\u1E76\\u1E74\\u0244]","V":"[\\u0056\\u24CB\\uFF36\\u1E7C\\u1E7E\\u01B2\\uA75E\\u0245]","VY":"[\\uA760]","W":"[\\u0057\\u24CC\\uFF37\\u1E80\\u1E82\\u0174\\u1E86\\u1E84\\u1E88\\u2C72]","X":"[\\u0058\\u24CD\\uFF38\\u1E8A\\u1E8C]","Y":"[\\u0059\\u24CE\\uFF39\\u1EF2\\u00DD\\u0176\\u1EF8\\u0232\\u1E8E\\u0178\\u1EF6\\u1EF4\\u01B3\\u024E\\u1EFE]","Z":"[\\u005A\\u24CF\\uFF3A\\u0179\\u1E90\\u017B\\u017D\\u1E92\\u1E94\\u01B5\\u0224\\u2C7F\\u2C6B\\uA762]","a":"[\\u0061\\u24D0\\uFF41\\u1E9A\\u00E0\\u00E1\\u00E2\\u1EA7\\u1EA5\\u1EAB\\u1EA9\\u00E3\\u0101\\u0103\\u1EB1\\u1EAF\\u1EB5\\u1EB3\\u0227\\u01E1\\u00E4\\u01DF\\u1EA3\\u00E5\\u01FB\\u01CE\\u0201\\u0203\\u1EA1\\u1EAD\\u1EB7\\u1E01\\u0105\\u2C65\\u0250]","aa":"[\\uA733]","ae":"[\\u00E6\\u01FD\\u01E3]","ao":"[\\uA735]","au":"[\\uA737]","av":"[\\uA739\\uA73B]","ay":"[\\uA73D]","b":"[\\u0062\\u24D1\\uFF42\\u1E03\\u1E05\\u1E07\\u0180\\u0183\\u0253]","c":"[\\u0063\\u24D2\\uFF43\\u0107\\u0109\\u010B\\u010D\\u00E7\\u1E09\\u0188\\u023C\\uA73F\\u2184]","d":"[\\u0064\\u24D3\\uFF44\\u1E0B\\u010F\\u1E0D\\u1E11\\u1E13\\u1E0F\\u0111\\u018C\\u0256\\u0257\\uA77A]","dz":"[\\u01F3\\u01C6]","e":"[\\u0065\\u24D4\\uFF45\\u00E8\\u00E9\\u00EA\\u1EC1\\u1EBF\\u1EC5\\u1EC3\\u1EBD\\u0113\\u1E15\\u1E17\\u0115\\u0117\\u00EB\\u1EBB\\u011B\\u0205\\u0207\\u1EB9\\u1EC7\\u0229\\u1E1D\\u0119\\u1E19\\u1E1B\\u0247\\u025B\\u01DD]","f":"[\\u0066\\u24D5\\uFF46\\u1E1F\\u0192\\uA77C]","g":"[\\u0067\\u24D6\\uFF47\\u01F5\\u011D\\u1E21\\u011F\\u0121\\u01E7\\u0123\\u01E5\\u0260\\uA7A1\\u1D79\\uA77F]","h":"[\\u0068\\u24D7\\uFF48\\u0125\\u1E23\\u1E27\\u021F\\u1E25\\u1E29\\u1E2B\\u1E96\\u0127\\u2C68\\u2C76\\u0265]","hv":"[\\u0195]","i":"[\\u0069\\u24D8\\uFF49\\u00EC\\u00ED\\u00EE\\u0129\\u012B\\u012D\\u00EF\\u1E2F\\u1EC9\\u01D0\\u0209\\u020B\\u1ECB\\u012F\\u1E2D\\u0268\\u0131]","j":"[\\u006A\\u24D9\\uFF4A\\u0135\\u01F0\\u0249]","k":"[\\u006B\\u24DA\\uFF4B\\u1E31\\u01E9\\u1E33\\u0137\\u1E35\\u0199\\u2C6A\\uA741\\uA743\\uA745\\uA7A3]","l":"[\\u006C\\u24DB\\uFF4C\\u0140\\u013A\\u013E\\u1E37\\u1E39\\u013C\\u1E3D\\u1E3B\\u017F\\u0142\\u019A\\u026B\\u2C61\\uA749\\uA781\\uA747]","lj":"[\\u01C9]","m":"[\\u006D\\u24DC\\uFF4D\\u1E3F\\u1E41\\u1E43\\u0271\\u026F]","n":"[\\u006E\\u24DD\\uFF4E\\u01F9\\u0144\\u00F1\\u1E45\\u0148\\u1E47\\u0146\\u1E4B\\u1E49\\u019E\\u0272\\u0149\\uA791\\uA7A5]","nj":"[\\u01CC]","o":"[\\u006F\\u24DE\\uFF4F\\u00F2\\u00F3\\u00F4\\u1ED3\\u1ED1\\u1ED7\\u1ED5\\u00F5\\u1E4D\\u022D\\u1E4F\\u014D\\u1E51\\u1E53\\u014F\\u022F\\u0231\\u00F6\\u022B\\u1ECF\\u0151\\u01D2\\u020D\\u020F\\u01A1\\u1EDD\\u1EDB\\u1EE1\\u1EDF\\u1EE3\\u1ECD\\u1ED9\\u01EB\\u01ED\\u00F8\\u01FF\\u0254\\uA74B\\uA74D\\u0275]","oi":"[\\u01A3]","ou":"[\\u0223]","oo":"[\\uA74F]","p":"[\\u0070\\u24DF\\uFF50\\u1E55\\u1E57\\u01A5\\u1D7D\\uA751\\uA753\\uA755]","q":"[\\u0071\\u24E0\\uFF51\\u024B\\uA757\\uA759]","r":"[\\u0072\\u24E1\\uFF52\\u0155\\u1E59\\u0159\\u0211\\u0213\\u1E5B\\u1E5D\\u0157\\u1E5F\\u024D\\u027D\\uA75B\\uA7A7\\uA783]","s":"[\\u0073\\u24E2\\uFF53\\u015B\\u1E65\\u015D\\u1E61\\u0161\\u1E67\\u1E63\\u1E69\\u0219\\u015F\\u023F\\uA7A9\\uA785\\u1E9B]","ss":"[\\u00DF]","t":"[\\u0074\\u24E3\\uFF54\\u1E6B\\u1E97\\u0165\\u1E6D\\u021B\\u0163\\u1E71\\u1E6F\\u0167\\u01AD\\u0288\\u2C66\\uA787]","tz":"[\\uA729]","u":"[\\u0075\\u24E4\\uFF55\\u00F9\\u00FA\\u00FB\\u0169\\u1E79\\u016B\\u1E7B\\u016D\\u00FC\\u01DC\\u01D8\\u01D6\\u01DA\\u1EE7\\u016F\\u0171\\u01D4\\u0215\\u0217\\u01B0\\u1EEB\\u1EE9\\u1EEF\\u1EED\\u1EF1\\u1EE5\\u1E73\\u0173\\u1E77\\u1E75\\u0289]","v":"[\\u0076\\u24E5\\uFF56\\u1E7D\\u1E7F\\u028B\\uA75F\\u028C]","vy":"[\\uA761]","w":"[\\u0077\\u24E6\\uFF57\\u1E81\\u1E83\\u0175\\u1E87\\u1E85\\u1E98\\u1E89\\u2C73]","x":"[\\u0078\\u24E7\\uFF58\\u1E8B\\u1E8D]","y":"[\\u0079\\u24E8\\uFF59\\u1EF3\\u00FD\\u0177\\u1EF9\\u0233\\u1E8F\\u00FF\\u1EF7\\u1E99\\u1EF5\\u01B4\\u024F\\u1EFF]","z":"[\\u007A\\u24E9\\uFF5A\\u017A\\u1E91\\u017C\\u017E\\u1E93\\u1E95\\u01B6\\u0225\\u0240\\u2C6C\\uA763]"},"researchesTests":["contentHasTOC","contentHasShortParagraphs","contentHasAssets","keywordInTitle","keywordInMetaDescription","keywordInPermalink","keywordIn10Percent","keywordInContent","keywordInSubheadings","keywordInImageAlt","keywordDensity","keywordNotUsed","lengthContent","lengthPermalink","linksHasInternal","linksHasExternals","linksNotAllExternals","titleStartWithKeyword","titleSentiment","titleHasPowerWords","titleHasNumber","hasContentAI"],"hasRedirection":true,"hasBreadcrumb":true},"homeUrl":"https:\/\/www.ecvents.com\/pt","objectID":3,"objectType":"post","locale":"pt","localeFull":"pt_BR","overlayImages":{"play":{"name":"\u00cdcone de reprodu\u00e7\u00e3o","url":"https:\/\/www.ecvents.com\/wp-content\/plugins\/seo-by-rank-math\/assets\/admin\/img\/icon-play.png","path":"\/www\/wwwroot\/www.ecvents.com\/wp-content\/plugins\/seo-by-rank-math\/assets\/admin\/img\/icon-play.png","position":"middle_center"},"gif":{"name":"\u00cdcone Gif","url":"https:\/\/www.ecvents.com\/wp-content\/plugins\/seo-by-rank-math\/assets\/admin\/img\/icon-gif.png","path":"\/www\/wwwroot\/www.ecvents.com\/wp-content\/plugins\/seo-by-rank-math\/assets\/admin\/img\/icon-gif.png","position":"middle_center"}},"defautOgImage":"https:\/\/www.ecvents.com\/wp-content\/plugins\/seo-by-rank-math\/assets\/admin\/img\/social-placeholder.jpg","customPermalinks":true,"isUserRegistered":true,"autoSuggestKeywords":true,"connectSiteUrl":"https:\/\/rankmath.com\/auth?site=https%3A%2F%2Fwww.ecvents.com%2Fpt&r=https%3A%2F%2Fwww.ecvents.com%2Fpt%2Fwp-json%2Fwp%2Fv2%2Fpages%2F3%3Fnonce%3D4002432d2c&pro=1","maxTags":100,"trendsIcon":"<svg viewBox=\"0 0 610 610\"><path d=\"M18.85,446,174.32,290.48l58.08,58.08L76.93,504a14.54,14.54,0,0,1-20.55,0L18.83,466.48a14.54,14.54,0,0,1,0-20.55Z\" style=\"fill:#4285f4\"\/><path d=\"M242.65,242.66,377.59,377.6l-47.75,47.75a14.54,14.54,0,0,1-20.55,0L174.37,290.43l47.75-47.75A14.52,14.52,0,0,1,242.65,242.66Z\" style=\"fill:#ea4335\"\/><polygon points=\"319.53 319.53 479.26 159.8 537.34 217.88 377.61 377.62 319.53 319.53\" style=\"fill:#fabb05\"\/><path d=\"M594.26,262.73V118.61h0a16.94,16.94,0,0,0-16.94-16.94H433.2a16.94,16.94,0,0,0-12,28.92L565.34,274.71h0a16.94,16.94,0,0,0,28.92-12Z\" style=\"fill:#34a853\"\/><rect width=\"610\" height=\"610\" style=\"fill:none\"\/><\/svg>","showScore":true,"siteFavIcon":"https:\/\/www.ecvents.com\/wp-content\/uploads\/2025\/08\/cropped-ecvents-logo819-1-32x32.png","canUser":{"general":false,"advanced":false,"snippet":false,"social":false,"analysis":false,"analytics":false,"content_ai":false},"showKeywordIntent":true,"isPro":true,"is_front_page":false,"trendsUpgradeLink":"https:\/\/rankmath.com\/pricing\/?utm_source=Plugin&utm_medium=CE%20General%20Tab%20Trends&utm_campaign=WP","trendsUpgradeLabel":"Atualizar","trendsPreviewImage":"https:\/\/www.ecvents.com\/wp-content\/plugins\/seo-by-rank-math\/assets\/admin\/img\/trends-preview.jpg","currentEditor":false,"homepageData":{"assessor":{"powerWords":[],"diacritics":true,"researchesTests":["contentHasTOC","contentHasShortParagraphs","contentHasAssets","keywordInTitle","keywordInMetaDescription","keywordInPermalink","keywordIn10Percent","keywordInContent","keywordInSubheadings","keywordInImageAlt","keywordDensity","keywordNotUsed","lengthContent","lengthPermalink","linksHasInternal","linksHasExternals","linksNotAllExternals","titleStartWithKeyword","titleSentiment","titleHasPowerWords","titleHasNumber","hasContentAI"],"hasBreadcrumb":true,"serpData":{"title":"%sitename% %page% %sep% %sitedesc%","description":"","titleTemplate":"%sitename% %page% %sep% %sitedesc%","descriptionTemplate":"","focusKeywords":"","breadcrumbTitle":"Home","robots":{"index":true},"advancedRobots":{"max-snippet":-1,"max-video-preview":-1,"max-image-preview":"large"},"facebookTitle":"","facebookDescription":"","facebookImage":"","facebookImageID":""}}},"searchIntents":[],"isAnalyticsConnected":false,"tocTitle":"Table of Contents","tocExcludeHeadings":[],"listStyle":"ul"},"_links":{"self":[{"href":"https:\/\/www.ecvents.com\/pt\/wp-json\/wp\/v2\/pages\/3","targetHints":{"allow":["GET"]}}],"collection":[{"href":"https:\/\/www.ecvents.com\/pt\/wp-json\/wp\/v2\/pages"}],"about":[{"href":"https:\/\/www.ecvents.com\/pt\/wp-json\/wp\/v2\/types\/page"}],"author":[{"embeddable":true,"href":"https:\/\/www.ecvents.com\/pt\/wp-json\/wp\/v2\/users\/1"}],"replies":[{"embeddable":true,"href":"https:\/\/www.ecvents.com\/pt\/wp-json\/wp\/v2\/comments?post=3"}],"version-history":[{"count":2,"href":"https:\/\/www.ecvents.com\/pt\/wp-json\/wp\/v2\/pages\/3\/revisions"}],"predecessor-version":[{"id":4486,"href":"https:\/\/www.ecvents.com\/pt\/wp-json\/wp\/v2\/pages\/3\/revisions\/4486"}],"wp:attachment":[{"href":"https:\/\/www.ecvents.com\/pt\/wp-json\/wp\/v2\/media?parent=3"}],"curies":[{"name":"wp","href":"https:\/\/api.w.org\/{rel}","templated":true}]}}