{"id":1106,"date":"2025-08-28T10:38:28","date_gmt":"2025-08-28T10:38:28","guid":{"rendered":"https:\/\/ecvents.com\/?post_type=product&#038;p=1106"},"modified":"2026-01-07T03:54:38","modified_gmt":"2026-01-07T08:54:38","slug":"painel-do-ventilador-de-exaustao-da-janela-de-parede","status":"publish","type":"product","link":"https:\/\/www.ecvents.com\/pt\/product\/painel-do-ventilador-de-exaustao-da-janela-de-parede\/","title":{"rendered":"Ventilador de exaust\u00e3o de montagem na parede com controle remoto, fluxo de ar revers\u00edvel KCVENTS 4\/6\u201d ou amortecedor de backdraft"},"content":{"rendered":"<div class=\"container-PrUkKo\">\n<div class=\"item-hGGxLi\">\n<div class=\"container-arOxqB chrome70-container\">\n<div class=\"inner-FyM8gE inner-item-swzCut\" data-target-id=\"message-box-target-id\" data-testid=\"union_message\">\n<div class=\"message-block-container-aFugD6\" data-testid=\"message-block-container\">\n<div class=\"flex flex-row w-full w-full max-w-full s-font-base text-s-color-text-secondary p-0 rounded-s-radius-s bg-transparent group data-[attr=select-mode]:-mt-10 data-[attr=select-mode]:py-10 data-[attr=select-mode]:px-16 data-[attr=select-mode]:sm:p-10 data-[attr=select-mode]:hover:bg-s-color-bg-base data-[attr=select-mode]:hover:rounded-s-radius-xs data-[attr=select-mode]:has-[:checked]:bg-s-color-bg-trans data-[attr=select-mode]:has-[:checked]:rounded-s-radius-xs data-[attr=select-mode]:pointer-events-none\" data-testid=\"receive_message\">\n<div class=\"flex flex-col flex-grow max-w-full min-w-0\">\n<div class=\"flex flex-row w-full\" data-testid=\"message_content\" data-message-id=\"18262907875209218\">\n<div class=\"w-full\" data-plugin-identifier=\"Symbol(infra:receive-message-box:text)\">\n<div class=\"container-ZYIsnH flow-markdown-body theme-samantha-Nbr9UN\" dir=\"ltr\" data-testid=\"message_text_content\" data-show-indicator=\"false\">\n<div class=\"auto-hide-last-sibling-br mdbox-table-root table-container-GhL7Lo\" data-scroll-inline-overflow=\"false\" data-scroll-inline-at-start=\"true\" data-scroll-inline-start-overflow=\"false\" data-scroll-inline-at-end=\"true\" data-scroll-inline-end-overflow=\"false\">\n<div class=\"table-scroll-container-hgHkfW mdbox-table-scroll-container\">\n<h3 data-imt_insert_failed=\"1\">1) Compara\u00e7\u00e3o r\u00e1pida: amortecedor revers\u00edvel versus retroescavador<\/h3>\n<p data-imt_insert_failed=\"1\">Escolha a vers\u00e3o que corresponda ao seu objetivo de ventila\u00e7\u00e3o. Se voc\u00ea precisar de ambos\u00a0<strong>Entrada e exaust\u00e3o<\/strong>, escolha\u00a0<strong>Fluxo de ar revers\u00edvel<\/strong>. Se voc\u00ea s\u00f3 precisa\u00a0<strong>exaust\u00e3o unidirecional<\/strong>\u00a0e deseja reduzir o fluxo de retorno, escolha\u00a0<strong>amortecedor de backdraft<\/strong>.<\/p>\n<div class=\"overflow-x-auto\">\n<table class=\"min-w-full\">\n<thead>\n<tr>\n<th class=\"whitespace-nowrap px-3 py-2\">mat\u00e9ria<\/th>\n<th class=\"whitespace-nowrap px-3 py-2\">Vers\u00e3o revers\u00edvel do fluxo de ar<\/th>\n<th class=\"whitespace-nowrap px-3 py-2\">Vers\u00e3o do amortecedor de backdraft<\/th>\n<\/tr>\n<\/thead>\n<tbody>\n<tr>\n<td class=\"px-3 py-2\">Dire\u00e7\u00e3o do fluxo de ar<\/td>\n<td class=\"px-3 py-2\">Revers\u00edvel (insumo \u2194 escapamento)<\/td>\n<td class=\"px-3 py-2\">Somente para escape<\/td>\n<\/tr>\n<tr>\n<td class=\"px-3 py-2\">amortecedor de backdraft<\/td>\n<td class=\"px-3 py-2\">n\u00e3o<\/td>\n<td class=\"px-3 py-2\">Sim (ajuda a prevenir o refluxo; ajuda a bloquear insetos)<\/td>\n<\/tr>\n<tr>\n<td class=\"px-3 py-2\">melhor para<\/td>\n<td class=\"px-3 py-2\">Quartos que precisam de ingest\u00e3o de ar fresco\u00a0<em>e<\/em>\u00a0Flexibilidade de esca<\/td>\n<td class=\"px-3 py-2\">Banheiros\/cozinhas\/garagens onde \u00e9 prefer\u00edvel exaustor unidirecional<\/td>\n<\/tr>\n<tr>\n<td class=\"px-3 py-2\">controle<\/td>\n<td class=\"px-3 py-2\">Controle remoto (dependente da vers\u00e3o)<\/td>\n<td class=\"px-3 py-2\">Controle remoto ou interruptor de parede (dependente da vers\u00e3o)<\/td>\n<\/tr>\n<tr>\n<td class=\"px-3 py-2\">Controle de velocidade<\/td>\n<td class=\"px-3 py-2\">Velocidade vari\u00e1vel de 5 est\u00e1gios<\/td>\n<td class=\"px-3 py-2\">Velocidade vari\u00e1vel de 5 est\u00e1gios<\/td>\n<\/tr>\n<tr>\n<td class=\"px-3 py-2\">motor<\/td>\n<td class=\"px-3 py-2\">motor CE<\/td>\n<td class=\"px-3 py-2\">motor CE<\/td>\n<\/tr>\n<tr>\n<td class=\"px-3 py-2\">ru\u00eddo<\/td>\n<td class=\"px-3 py-2\">Opera\u00e7\u00e3o de baixo ru\u00eddo<\/td>\n<td class=\"px-3 py-2\">Opera\u00e7\u00e3o de baixo ru\u00eddo<\/td>\n<\/tr>\n<tr>\n<td class=\"px-3 py-2\">Poder (compara\u00e7\u00e3o do mesmo tamanho)<\/td>\n<td class=\"px-3 py-2\"><strong>poder superior<\/strong>\u00a0(ver tabela de modelos)<\/td>\n<td class=\"px-3 py-2\"><strong>pot\u00eancia inferior<\/strong>\u00a0(ver tabela de modelos)<\/td>\n<\/tr>\n<\/tbody>\n<\/table>\n<\/div>\n<hr \/>\n<h3>2) Especifica\u00e7\u00f5es compartilhadas<\/h3>\n<p>Estas especifica\u00e7\u00f5es se aplicam a ambas as vers\u00f5es (fluxo de ar revers\u00edvel e amortecedor de backdraft):<\/p>\n<div class=\"overflow-x-auto\">\n<table class=\"min-w-full\">\n<thead>\n<tr>\n<th class=\"whitespace-nowrap px-3 py-2\">Item compartilhado<\/th>\n<th class=\"whitespace-nowrap px-3 py-2\">especifica\u00e7\u00e3o<\/th>\n<\/tr>\n<\/thead>\n<tbody>\n<tr>\n<td class=\"px-3 py-2\">marca<\/td>\n<td class=\"px-3 py-2\">kcvents<\/td>\n<\/tr>\n<tr>\n<td class=\"px-3 py-2\">instala\u00e7\u00e3o<\/td>\n<td class=\"px-3 py-2\">Montagem na parede\/janela (montagem na parede)<\/td>\n<\/tr>\n<tr>\n<td class=\"px-3 py-2\">aplica\u00e7\u00e3o<\/td>\n<td class=\"px-3 py-2\">hotel, industrial, RV, garagem, casa<\/td>\n<\/tr>\n<tr>\n<td class=\"px-3 py-2\">fun\u00e7\u00e3o<\/td>\n<td class=\"px-3 py-2\">Ventila\u00e7\u00e3o de exaust\u00e3o (com dire\u00e7\u00e3o de fluxo de ar espec\u00edfico da vers\u00e3o)<\/td>\n<\/tr>\n<tr>\n<td class=\"px-3 py-2\">material da habita\u00e7\u00e3o<\/td>\n<td class=\"px-3 py-2\">Pl\u00e1stico\/ABS (abisamento ABS em \u00edcones de vers\u00e3o revers\u00edvel)<\/td>\n<\/tr>\n<tr>\n<td class=\"px-3 py-2\">tipo de motor<\/td>\n<td class=\"px-3 py-2\">Motor CE (economia de energia)<\/td>\n<\/tr>\n<tr>\n<td class=\"px-3 py-2\">Controle de velocidade<\/td>\n<td class=\"px-3 py-2\">Regulamento de velocidade de 5 est\u00e1gios<\/td>\n<\/tr>\n<tr>\n<td class=\"px-3 py-2\">n\u00edvel de ru\u00eddo<\/td>\n<td class=\"px-3 py-2\">\u2264 40 dB<\/td>\n<\/tr>\n<tr>\n<td class=\"px-3 py-2\">Controle de aplicativos<\/td>\n<td class=\"px-3 py-2\">n\u00e3o<\/td>\n<\/tr>\n<tr>\n<td class=\"px-3 py-2\">linguagem de opera\u00e7\u00e3o<\/td>\n<td class=\"px-3 py-2\">ingl\u00eas<\/td>\n<\/tr>\n<tr>\n<td class=\"px-3 py-2\">garantia<\/td>\n<td class=\"px-3 py-2\"><strong>3 anos<\/strong><\/td>\n<\/tr>\n<tr>\n<td class=\"px-3 py-2\">origem<\/td>\n<td class=\"px-3 py-2\">Guangdong, China<\/td>\n<\/tr>\n<tr>\n<td class=\"px-3 py-2\">personaliza\u00e7\u00e3o<\/td>\n<td class=\"px-3 py-2\">Personaliza\u00e7\u00e3o de logotipo\/gr\u00e1fico: impress\u00e3o 3D<\/td>\n<\/tr>\n<\/tbody>\n<\/table>\n<\/div>\n<hr \/>\n<h3>3) Tabelas de modelos para confirma\u00e7\u00e3o de pedidos<\/h3>\n<p>Use as tabelas abaixo para confirmar o modelo exato que voc\u00ea est\u00e1 selecionando (tamanho, pot\u00eancia, fluxo de ar e vers\u00e3o).<\/p>\n<h4>a) Modelos de fluxo de ar revers\u00edveis (dire\u00e7\u00e3o revers\u00edvel)<\/h4>\n<div class=\"overflow-x-auto\">\n<table class=\"min-w-full\">\n<thead>\n<tr>\n<th class=\"whitespace-nowrap px-3 py-2\">modelo<\/th>\n<th class=\"whitespace-nowrap px-3 py-2\">Tamanho (polegada)<\/th>\n<th class=\"whitespace-nowrap px-3 py-2\">voltagem<\/th>\n<th class=\"whitespace-nowrap px-3 py-2\">Pot\u00eancia do motor CE (W)<\/th>\n<th class=\"whitespace-nowrap px-3 py-2\">Fluxo de ar (m\u00b3\/h)<\/th>\n<th class=\"whitespace-nowrap px-3 py-2\">notas<\/th>\n<\/tr>\n<\/thead>\n<tbody>\n<tr>\n<td class=\"px-3 py-2\"><strong>APC10-J-Revers\u00edvel<\/strong><\/td>\n<td class=\"px-3 py-2\">4\u2033<\/td>\n<td class=\"px-3 py-2\">80\u2013245V, 50\u201360Hz<\/td>\n<td class=\"px-3 py-2\"><strong>10w<\/strong><\/td>\n<td class=\"px-3 py-2\"><strong>100<\/strong><\/td>\n<td class=\"px-3 py-2\">fluxo de ar revers\u00edvel;\u00a0<strong>Ciclo autom\u00e1tico de 70 segundos<\/strong>; controle de velocidade em 5 est\u00e1gios<\/td>\n<\/tr>\n<tr>\n<td class=\"px-3 py-2\"><strong>APC15-J-Revers\u00edvel<\/strong><\/td>\n<td class=\"px-3 py-2\">6\u2033<\/td>\n<td class=\"px-3 py-2\">80\u2013245V, 50\u201360Hz<\/td>\n<td class=\"px-3 py-2\"><strong>10w<\/strong><\/td>\n<td class=\"px-3 py-2\"><strong>230<\/strong><\/td>\n<td class=\"px-3 py-2\">fluxo de ar revers\u00edvel;\u00a0<strong>Ciclo autom\u00e1tico de 70 segundos<\/strong>; controle de velocidade em 5 est\u00e1gios<\/td>\n<\/tr>\n<\/tbody>\n<\/table>\n<\/div>\n<h4>b) Modelos de amortecedor de backdraft (somente exaust\u00e3o + anti-fluxo)<\/h4>\n<div class=\"overflow-x-auto\">\n<table class=\"min-w-full\">\n<thead>\n<tr>\n<th class=\"whitespace-nowrap px-3 py-2\">modelo<\/th>\n<th class=\"whitespace-nowrap px-3 py-2\">Tamanho (polegada)<\/th>\n<th class=\"whitespace-nowrap px-3 py-2\">voltagem<\/th>\n<th class=\"whitespace-nowrap px-3 py-2\">Pot\u00eancia do motor CE (W)<\/th>\n<th class=\"whitespace-nowrap px-3 py-2\">Fluxo de ar (m\u00b3\/h)<\/th>\n<th class=\"whitespace-nowrap px-3 py-2\">notas<\/th>\n<\/tr>\n<\/thead>\n<tbody>\n<tr>\n<td class=\"px-3 py-2\"><strong>apc10-j<\/strong><\/td>\n<td class=\"px-3 py-2\">4\u2033<\/td>\n<td class=\"px-3 py-2\">220V<\/td>\n<td class=\"px-3 py-2\"><strong>4w<\/strong><\/td>\n<td class=\"px-3 py-2\"><strong>90<\/strong><\/td>\n<td class=\"px-3 py-2\">Somente para exaust\u00e3o;\u00a0<strong>amortecedor de backdraft<\/strong><\/td>\n<\/tr>\n<tr>\n<td class=\"px-3 py-2\"><strong>apc15-j<\/strong><\/td>\n<td class=\"px-3 py-2\">6\u2033<\/td>\n<td class=\"px-3 py-2\">(n\u00e3o fornecido)<\/td>\n<td class=\"px-3 py-2\"><strong>5w<\/strong><\/td>\n<td class=\"px-3 py-2\"><strong>180<\/strong><\/td>\n<td class=\"px-3 py-2\">Somente para exaust\u00e3o;\u00a0<strong>amortecedor de backdraft<\/strong><\/td>\n<\/tr>\n<\/tbody>\n<\/table>\n<\/div>\n<h3 data-start=\"74\" data-end=\"153\">\ud83c\udf2c\ufe0f Vers\u00e3o padr\u00e3o (por exemplo, APC-C-EC \/ termost\u00e1tico silencioso \/ interruptor com fio)<\/h3>\n<p data-start=\"154\" data-end=\"192\"><strong data-start=\"154\" data-end=\"174\">\u2705 Fun\u00e7\u00e3o principal:<\/strong> exaust\u00e3o unidirecional<\/p>\n<ul data-start=\"193\" data-end=\"524\">\n<li data-start=\"193\" data-end=\"267\">\n<p data-start=\"195\" data-end=\"267\">\ud83c\udfe0 Remove o ar interno contendo odores, umidade, fuma\u00e7a ou poluentes<\/p>\n<\/li>\n<li data-start=\"268\" data-end=\"331\">\n<p data-start=\"270\" data-end=\"331\">\ud83d\udeaa Expela ar interno ao ar livre para melhorar a qualidade do ar interno<\/p>\n<\/li>\n<li data-start=\"332\" data-end=\"412\">\n<p data-start=\"334\" data-end=\"412\">\ud83d\udca8 Pense nisso como um \u201ctransporte a\u00e9reo\u201d de uma via: ele apenas empurra o ar interno para fora<\/p>\n<\/li>\n<li data-start=\"413\" data-end=\"524\">\n<p data-start=\"415\" data-end=\"524\">\ud83c\udf73 Exemplo: ap\u00f3s o cozimento, ele pode remover o vapor e fumar, mas <strong data-start=\"485\" data-end=\"522\">n\u00e3o pode trazer ar fresco ao ar livre para dentro<\/strong><\/p>\n<\/li>\n<\/ul>\n<hr data-start=\"526\" data-end=\"529\" \/>\n<h3 data-start=\"531\" data-end=\"594\">\ud83d\udd04 Vers\u00e3o revers\u00edvel (por exemplo, APC-C-EC\/modelo revers\u00edvel)<\/h3>\n<p data-start=\"595\" data-end=\"658\"><strong data-start=\"595\" data-end=\"615\">\u2705 Fun\u00e7\u00e3o principal:<\/strong> Fluxo de ar bidirecional (escape e ingest\u00e3o)<\/p>\n<ul data-start=\"659\" data-end=\"969\">\n<li data-start=\"659\" data-end=\"722\">\n<p data-start=\"661\" data-end=\"722\">\ud83c\udfe0 Expela ar polu\u00eddo interno <strong data-start=\"691\" data-end=\"720\">como a vers\u00e3o padr\u00e3o<\/strong><\/p>\n<\/li>\n<li data-start=\"723\" data-end=\"800\">\n<p data-start=\"725\" data-end=\"800\">\ud83c\udf3f Pode reverter para trazer ar fresco ao ar livre para circula\u00e7\u00e3o bidirecional<\/p>\n<\/li>\n<li data-start=\"801\" data-end=\"891\">\n<p data-start=\"803\" data-end=\"891\">\ud83d\udca8 Exemplo: quando o ar interno estiver abafado, mude para o modo reverso para trazer ar fresco<\/p>\n<\/li>\n<li data-start=\"892\" data-end=\"969\">\n<p data-start=\"894\" data-end=\"969\">\ud83d\udd04 O modo normal ainda funciona como exaust\u00e3o padr\u00e3o para remover o ar residual interno<\/p>\n<\/li>\n<\/ul>\n<hr data-start=\"971\" data-end=\"974\" \/>\n<h3 data-start=\"976\" data-end=\"1000\">\ud83d\udca1 Dicas para os usu\u00e1rios:<\/h3>\n<ul data-start=\"1001\" data-end=\"1192\">\n<li data-start=\"1001\" data-end=\"1093\">\n<p data-start=\"1003\" data-end=\"1093\">Perfeito para cozinhas, banheiros ou qualquer espa\u00e7o interno que precise <strong data-start=\"1064\" data-end=\"1091\">Melhoria da qualidade do ar<\/strong><\/p>\n<\/li>\n<li data-start=\"1094\" data-end=\"1192\">\n<p data-start=\"1096\" data-end=\"1192\">Vers\u00e3o revers\u00edvel fornece <strong data-start=\"1124\" data-end=\"1148\">ventila\u00e7\u00e3o flex\u00edvel<\/strong>, melhorando o frescor e o conforto do ar<\/p>\n<\/li>\n<\/ul>\n<p data-start=\"1502\" data-end=\"1528\"><strong data-start=\"1502\" data-end=\"1526\">\ud83d\udd39 Notas adicionais:<\/strong><\/p>\n<ul data-start=\"1529\" data-end=\"1703\">\n<li data-start=\"1529\" data-end=\"1570\">\n<p data-start=\"1531\" data-end=\"1570\">Ideal para instala\u00e7\u00e3o de paredes ou janelas<\/p>\n<\/li>\n<li data-start=\"1571\" data-end=\"1638\">\n<p data-start=\"1573\" data-end=\"1638\">Adequado para ventila\u00e7\u00e3o residencial, comercial ou industrial<\/p>\n<\/li>\n<li data-start=\"1639\" data-end=\"1703\">\n<p data-start=\"1641\" data-end=\"1703\">Modelo revers\u00edvel melhora a flexibilidade da circula\u00e7\u00e3o de ar interno<\/p>\n<\/li>\n<\/ul>\n<\/div>\n<\/div>\n<\/div>\n<\/div>\n<\/div>\n<\/div>\n<\/div>\n<\/div>\n<\/div>\n<\/div>\n<\/div>\n<\/div>","protected":false},"excerpt":{"rendered":"<p>O ventilador de ventila\u00e7\u00e3o montado na parede KCvents ajuda a remover a umidade, odores e o ar viciado em banheiros, cozinhas, lavanderias e outros espa\u00e7os dom\u00e9sticos. Escolha entre tamanhos de 4\u2033\/6\u2033 e configura\u00e7\u00f5es diferentes para atender \u00e0s suas necessidades de instala\u00e7\u00e3o e uso.<\/p>\n<ul>\n<li>Instala\u00e7\u00e3o de montagem na parede para banheiro\/cozinha\/ventila\u00e7\u00e3o de quarto<\/li>\n<li>Op\u00e7\u00f5es de tamanho de 4\u2033\/6\u2033 para se adequar a diferentes aberturas de dutos<\/li>\n<li>Op\u00e7\u00f5es de controle remoto ou de switch para conveni\u00eancia<\/li>\n<li>Opera\u00e7\u00e3o ecol\u00f3gica e eficiente em termos de energia<\/li>\n<li>Resist\u00eancia a altas temperaturas (at\u00e9\u00a0<strong>105\u00b0C<\/strong>, dependendo da vers\u00e3o)<\/li>\n<li>V\u00e1rios tipos de plugue: EUA \/ UE \/ Reino Unido \/ AU (selecione na finaliza\u00e7\u00e3o da compra)<\/li>\n<\/ul>","protected":false},"featured_media":3913,"comment_status":"open","ping_status":"closed","template":"","meta":{"_acf_changed":false},"product_brand":[62],"product_cat":[28],"product_tag":[31,30,29,34,32,33],"class_list":{"0":"post-1106","1":"product","2":"type-product","3":"status-publish","4":"has-post-thumbnail","6":"product_brand-kcvents","7":"product_cat-exhaust-fan","8":"product_tag-backdraft-damper","9":"product_tag-durable-abs-housing","10":"product_tag-energy-efficient-ec-motor","11":"product_tag-low-noise-operation","12":"product_tag-reversible-airflow","13":"product_tag-variable-speed-control","15":"first","16":"instock","17":"taxable","18":"shipping-taxable","19":"purchasable","20":"product-type-variable","21":"has-default-attributes"},"acf":[],"_links":{"self":[{"href":"https:\/\/www.ecvents.com\/pt\/wp-json\/wp\/v2\/product\/1106","targetHints":{"allow":["GET"]}}],"collection":[{"href":"https:\/\/www.ecvents.com\/pt\/wp-json\/wp\/v2\/product"}],"about":[{"href":"https:\/\/www.ecvents.com\/pt\/wp-json\/wp\/v2\/types\/product"}],"replies":[{"embeddable":true,"href":"https:\/\/www.ecvents.com\/pt\/wp-json\/wp\/v2\/comments?post=1106"}],"wp:featuredmedia":[{"embeddable":true,"href":"https:\/\/www.ecvents.com\/pt\/wp-json\/wp\/v2\/media\/3913"}],"wp:attachment":[{"href":"https:\/\/www.ecvents.com\/pt\/wp-json\/wp\/v2\/media?parent=1106"}],"wp:term":[{"taxonomy":"product_brand","embeddable":true,"href":"https:\/\/www.ecvents.com\/pt\/wp-json\/wp\/v2\/product_brand?post=1106"},{"taxonomy":"product_cat","embeddable":true,"href":"https:\/\/www.ecvents.com\/pt\/wp-json\/wp\/v2\/product_cat?post=1106"},{"taxonomy":"product_tag","embeddable":true,"href":"https:\/\/www.ecvents.com\/pt\/wp-json\/wp\/v2\/product_tag?post=1106"}],"curies":[{"name":"wp","href":"https:\/\/api.w.org\/{rel}","templated":true}]}}