{"id":253,"date":"2022-05-04T14:23:18","date_gmt":"2022-05-04T14:23:18","guid":{"rendered":"https:\/\/startersites.io\/blocksy\/gadgets\/?post_type=product&#038;p=253"},"modified":"2025-10-29T02:45:09","modified_gmt":"2025-10-29T07:45:09","slug":"ventilador-de-banheiro-ec","status":"publish","type":"product","link":"https:\/\/www.ecvents.com\/pt\/product\/ventilador-de-banheiro-ec\/","title":{"rendered":"Ventilador de banheiro EC"},"content":{"rendered":"<div class=\"column mcb-column mcb-item-ef2dc8aa4 one laptop-one tablet-one mobile-one column_column vb-item\">\n<div class=\"mcb-column-inner mfn-module-wrapper mcb-column-inner-ef2dc8aa4 mcb-item-column-inner\">\n<div class=\"column_attr mfn-inline-editor clearfix\">\n<p><img loading=\"lazy\" decoding=\"async\" class=\"alignnone size-full wp-image-2485\" src=\"https:\/\/www.kcvents.com\/wp-content\/uploads\/2025\/07\/ec-Motor-Exhaust-Fan.jpg\" alt=\"\" width=\"1000\" height=\"589\" data-no-translation=\"\" \/><\/p>\n<h4>Dimens\u00f5es (mm)<\/h4>\n<table>\n<thead>\n<tr>\n<th>modelo<\/th>\n<th>painel<\/th>\n<th>espessura<\/th>\n<th>di\u00e2metro<\/th>\n<\/tr>\n<\/thead>\n<tbody>\n<tr>\n<td>APC10 \u2013 EC<\/td>\n<td>142*142<\/td>\n<td>75<\/td>\n<td>98<\/td>\n<\/tr>\n<tr>\n<td>APC15 \u2013 EC<\/td>\n<td>200*200<\/td>\n<td>75<\/td>\n<td>150<\/td>\n<\/tr>\n<tr>\n<td>APC20 \u2013 EC<\/td>\n<td>250*250<\/td>\n<td>100<\/td>\n<td>180<\/td>\n<\/tr>\n<\/tbody>\n<\/table>\n<h4>Especifica\u00e7\u00e3o:<\/h4>\n<table>\n<thead>\n<tr>\n<th>modelo<\/th>\n<th>Tens\u00e3o (V\/Hz)<\/th>\n<th>poder (w)<\/th>\n<th>Fluxo de ar (m\u00b3\/h)<\/th>\n<th>Velocidade (r\/min)<\/th>\n<th>Ru\u00eddo (db)<\/th>\n<th>Tamanho (mm)<\/th>\n<th>Tamanho do furo (mm)<\/th>\n<\/tr>\n<\/thead>\n<tbody>\n<tr>\n<td>APC10 \u2013 EC<\/td>\n<td>220V \u2013 50Hz<\/td>\n<td>4<\/td>\n<td>192<\/td>\n<td>1800<\/td>\n<td>38<\/td>\n<td>142<em>77<\/em>98<\/td>\n<td>102 \u2013 103<\/td>\n<\/tr>\n<tr>\n<td>APC15 \u2013 EC<\/td>\n<td>220V \u2013 50Hz<\/td>\n<td>5<\/td>\n<td>192<\/td>\n<td>1800<\/td>\n<td>40<\/td>\n<td>200<em>87<\/em>150<\/td>\n<td>152 \u2013 158<\/td>\n<\/tr>\n<tr>\n<td>APC20 \u2013 EC<\/td>\n<td>220V \u2013 50Hz<\/td>\n<td>6<\/td>\n<td>258<\/td>\n<td>1800<\/td>\n<td>42<\/td>\n<td>250<em>100<\/em>180<\/td>\n<td>198 \u2013 203<\/td>\n<\/tr>\n<\/tbody>\n<\/table>\n<p>&nbsp;<\/p>\n<\/div>\n<\/div>\n<\/div>\n<div class=\"column mcb-column mcb-item-95b6ace20 one laptop-one tablet-one mobile-one column_column vb-item\">\n<div class=\"mcb-column-inner mfn-module-wrapper mcb-column-inner-95b6ace20 mcb-item-column-inner\">\n<div class=\"column_attr mfn-inline-editor clearfix\">\n<p>&nbsp;<\/p>\n<div class=\"button_align align_center\"><a class=\"button button_right button_size_2\" title=\"\" href=\"mailto:info@kcvents.com\" target=\"_blank\" rel=\"noopener\"><i class=\"icon-direction\" aria-hidden=\"true\"><\/i><span class=\"button_label\">investiga\u00e7\u00e3o<\/span><\/a><\/div>\n<\/div>\n<\/div>\n<\/div>","protected":false},"excerpt":{"rendered":"<ol>\n<li>Ventila\u00e7\u00e3o eficiente com motor EC de alto desempenho, garantindo um fluxo de ar ideal para o seu espa\u00e7o. Desempenho poderoso e confi\u00e1vel.<\/li>\n<li>Tecnologia avan\u00e7ada de motor EC para uma ventila\u00e7\u00e3o poderosa, enquanto consome energia m\u00ednima. Economize dinheiro em contas de servi\u00e7os p\u00fablicos com nosso design eficiente.<\/li>\n<li>Projetado para uma opera\u00e7\u00e3o silenciosa, perfeita para quartos, escrit\u00f3rios ou espa\u00e7os sens\u00edveis ao ru\u00eddo. Desfrute de um ambiente tranquilo com nosso f\u00e3<\/li>\n<li>Constru\u00e7\u00e3o robusta e materiais resistentes \u00e0 corros\u00e3o garantem durabilidade. Ideal para banheiros, cozinhas ou ambientes comerciais onde a confiabilidade \u00e9 essencial.<\/li>\n<li>Sistema de montagem simples e instru\u00e7\u00f5es inclu\u00eddas facilitam a instala\u00e7\u00e3o. Configura\u00e7\u00e3o sem complica\u00e7\u00f5es para entusiastas de bricolage ou instaladores profissionais.<\/li>\n<\/ol>\n<p><a class=\"button button_right button_size_2\" title=\"\" href=\"mailto:info@kcvents.com\" target=\"_blank\" rel=\"noopener\"><i class=\"icon-direction\" aria-hidden=\"true\"><\/i><span class=\"button_label\">investiga\u00e7\u00e3o<\/span><\/a>\u00a0<a class=\"button button_right button_size_2\" title=\"\" href=\"https:\/\/www.kcvents.com\/portfolio-item\/ec-motor-exhaust-fan\" target=\"_blank\" rel=\"noopener\"><i class=\"icon-acrobat\" aria-hidden=\"true\"><\/i><span class=\"button_label\">cat\u00e1logo<\/span><\/a><\/p>","protected":false},"featured_media":934,"comment_status":"open","ping_status":"closed","template":"","meta":{"_acf_changed":false},"product_brand":[],"product_cat":[28],"product_tag":[],"class_list":{"0":"post-253","1":"product","2":"type-product","3":"status-publish","4":"has-post-thumbnail","6":"product_cat-exhaust-fan","8":"first","9":"instock","10":"taxable","11":"shipping-taxable","12":"purchasable","13":"product-type-variable","14":"has-default-attributes"},"acf":[],"_links":{"self":[{"href":"https:\/\/www.ecvents.com\/pt\/wp-json\/wp\/v2\/product\/253","targetHints":{"allow":["GET"]}}],"collection":[{"href":"https:\/\/www.ecvents.com\/pt\/wp-json\/wp\/v2\/product"}],"about":[{"href":"https:\/\/www.ecvents.com\/pt\/wp-json\/wp\/v2\/types\/product"}],"replies":[{"embeddable":true,"href":"https:\/\/www.ecvents.com\/pt\/wp-json\/wp\/v2\/comments?post=253"}],"wp:featuredmedia":[{"embeddable":true,"href":"https:\/\/www.ecvents.com\/pt\/wp-json\/wp\/v2\/media\/934"}],"wp:attachment":[{"href":"https:\/\/www.ecvents.com\/pt\/wp-json\/wp\/v2\/media?parent=253"}],"wp:term":[{"taxonomy":"product_brand","embeddable":true,"href":"https:\/\/www.ecvents.com\/pt\/wp-json\/wp\/v2\/product_brand?post=253"},{"taxonomy":"product_cat","embeddable":true,"href":"https:\/\/www.ecvents.com\/pt\/wp-json\/wp\/v2\/product_cat?post=253"},{"taxonomy":"product_tag","embeddable":true,"href":"https:\/\/www.ecvents.com\/pt\/wp-json\/wp\/v2\/product_tag?post=253"}],"curies":[{"name":"wp","href":"https:\/\/api.w.org\/{rel}","templated":true}]}}