{"id":255,"date":"2022-05-04T14:24:53","date_gmt":"2022-05-04T14:24:53","guid":{"rendered":"https:\/\/startersites.io\/blocksy\/gadgets\/?post_type=product&#038;p=255"},"modified":"2026-02-06T05:03:23","modified_gmt":"2026-02-06T10:03:23","slug":"ventilador-de-recuperacao-de-energia-ce","status":"publish","type":"product","link":"https:\/\/www.ecvents.com\/pt\/product\/ventilador-de-recuperacao-de-energia-ce\/","title":{"rendered":"Ventilador de recupera\u00e7\u00e3o de energia CE"},"content":{"rendered":"<div class=\"mcb-wrap-background-overlay\"><\/div>\n<div class=\"column mcb-column mcb-item-rfgurxt one laptop-one tablet-one mobile-one column_column vb-item\">\n<div class=\"mcb-column-inner mfn-module-wrapper mcb-column-inner-rfgurxt mcb-item-column-inner\">\n<div class=\"column_attr mfn-inline-editor clearfix\">\n<h4>Dimens\u00f5es (unidade:mm):<\/h4>\n<table>\n<thead>\n<tr id=\"thblue\">\n<th>modelo<\/th>\n<th>A<\/th>\n<th>B<\/th>\n<th>C<\/th>\n<th>D<\/th>\n<th>E<\/th>\n<th>F<\/th>\n<th>G<\/th>\n<th>H<\/th>\n<th>I<\/th>\n<th>J<\/th>\n<th>K<\/th>\n<\/tr>\n<\/thead>\n<tbody>\n<tr>\n<td>CHQR \u2013 180EC<\/td>\n<td>856<\/td>\n<td>750<\/td>\n<td>95<\/td>\n<td>12<\/td>\n<td>305<\/td>\n<td>536<\/td>\n<td>597<\/td>\n<td>186<\/td>\n<td>305<\/td>\n<td>536<\/td>\n<td>582<\/td>\n<\/tr>\n<tr>\n<td>CHQR \u2013 350EC<\/td>\n<td>894<\/td>\n<td>780<\/td>\n<td>145<\/td>\n<td>12<\/td>\n<td>330<\/td>\n<td>618<\/td>\n<td>665<\/td>\n<td>208<\/td>\n<td>330<\/td>\n<td>618<\/td>\n<td>665<\/td>\n<\/tr>\n<tr>\n<td>CHQR \u2013 450EC<\/td>\n<td>984<\/td>\n<td>780<\/td>\n<td>145<\/td>\n<td>21<\/td>\n<td>330<\/td>\n<td>618<\/td>\n<td>665<\/td>\n<td>208<\/td>\n<td>330<\/td>\n<td>618<\/td>\n<td>665<\/td>\n<\/tr>\n<tr>\n<td>CHQR \u2013 550EC<\/td>\n<td>894<\/td>\n<td>780<\/td>\n<td>145<\/td>\n<td>12<\/td>\n<td>330<\/td>\n<td>618<\/td>\n<td>665<\/td>\n<td>208<\/td>\n<td>330<\/td>\n<td>618<\/td>\n<td>665<\/td>\n<\/tr>\n<tr>\n<td>CHQR \u2013 600EC<\/td>\n<td>1096<\/td>\n<td>985<\/td>\n<td>195<\/td>\n<td>12<\/td>\n<td>438<\/td>\n<td>776<\/td>\n<td>822<\/td>\n<td>272<\/td>\n<td>438<\/td>\n<td>776<\/td>\n<td>822<\/td>\n<\/tr>\n<tr>\n<td>CHQR \u2013 800EC<\/td>\n<td>1096<\/td>\n<td>985<\/td>\n<td>195<\/td>\n<td>12<\/td>\n<td>438<\/td>\n<td>776<\/td>\n<td>822<\/td>\n<td>272<\/td>\n<td>438<\/td>\n<td>776<\/td>\n<td>822<\/td>\n<\/tr>\n<\/tbody>\n<\/table>\n<h4>Tabela de par\u00e2metros:<\/h4>\n<table>\n<thead>\n<tr id=\"thblue\">\n<th>modelo<\/th>\n<th>Tens\u00e3o (V\/Hz)<\/th>\n<th>Fluxo de ar (m\u00b3\/h)<\/th>\n<th>Press\u00e3o est\u00e1tica (PA)<\/th>\n<th>poder (w)<\/th>\n<th>Taxa de c\u00e2mbio de calor (%)[resfriamento\/aquecimento]<\/th>\n<th>Taxa de c\u00e2mbio de entalpia (%)[Refrigera\u00e7\u00e3o\/Aquecimento]<\/th>\n<th>Ru\u00eddo (db)<\/th>\n<th>Tamanho do duto (mm)<\/th>\n<\/tr>\n<\/thead>\n<tbody>\n<tr>\n<td>CHQR \u2013 180EC<\/td>\n<td>180 V~240\/50\/60<\/td>\n<td>90~180<\/td>\n<td>115<\/td>\n<td>10~46<\/td>\n<td>60 \/ 79<\/td>\n<td>60 \/ 71<\/td>\n<td>31<\/td>\n<td>100<\/td>\n<\/tr>\n<tr>\n<td>CHQR \u2013 350EC<\/td>\n<td>180 V~240\/50\/60<\/td>\n<td>190~350<\/td>\n<td>122<\/td>\n<td>13~56<\/td>\n<td>61 \/ 79<\/td>\n<td>60 \/ 69<\/td>\n<td>33<\/td>\n<td>150<\/td>\n<\/tr>\n<tr>\n<td>CHQR \u2013 450EC<\/td>\n<td>180 V~240\/50\/60<\/td>\n<td>220~450<\/td>\n<td>146<\/td>\n<td>15~88<\/td>\n<td>60 \/ 78<\/td>\n<td>60 \/ 70<\/td>\n<td>35<\/td>\n<td>150<\/td>\n<\/tr>\n<tr>\n<td>CHQR \u2013 550EC<\/td>\n<td>180 V~240\/50\/60<\/td>\n<td>225~550<\/td>\n<td>158<\/td>\n<td>15~110<\/td>\n<td>58 \/ 80<\/td>\n<td>58 \/ 68<\/td>\n<td>38<\/td>\n<td>150<\/td>\n<\/tr>\n<tr>\n<td>CHQR \u2013 600EC<\/td>\n<td>180 V~240\/50\/60<\/td>\n<td>385~650<\/td>\n<td>197<\/td>\n<td>33~190<\/td>\n<td>58 \/ 82<\/td>\n<td>58 \/ 68<\/td>\n<td>40<\/td>\n<td>200<\/td>\n<\/tr>\n<tr>\n<td>CHQR \u2013 800EC<\/td>\n<td>180 V~240\/50\/60<\/td>\n<td>480~800<\/td>\n<td>239<\/td>\n<td>45~260<\/td>\n<td>58 \/ 82<\/td>\n<td>58 \/ 67<\/td>\n<td>41<\/td>\n<td>200<\/td>\n<\/tr>\n<\/tbody>\n<\/table>\n<h4>curvas:<\/h4>\n<p><img loading=\"lazy\" decoding=\"async\" class=\"alignnone size-full wp-image-3376\" src=\"https:\/\/www.kcvents.com\/wp-content\/uploads\/2025\/08\/KCQR-EC-xiao.jpg\" alt=\"\" width=\"1500\" height=\"363\" data-no-translation=\"\" \/><\/p>\n<p>&nbsp;<\/p>\n<div class=\"button_align align_center\"><a class=\"button button_right button_size_2\" title=\"\" href=\"mailto:info@kcvents.com\" target=\"_blank\" rel=\"noopener\"><i class=\"icon-direction\" aria-hidden=\"true\"><\/i><span class=\"button_label\">investiga\u00e7\u00e3o<\/span><\/a><\/div>\n<\/div>\n<\/div>\n<\/div>","protected":false},"excerpt":{"rendered":"<p>1. motor CE<br \/>\nUsa um motor CE com efici\u00eancia energ\u00e9tica com velocidade vari\u00e1vel para melhor controle e menor uso de energia.<\/p>\n<p>2 . Recupera\u00e7\u00e3o de calor<br \/>\nTransfere o calor entre o ar de entrada e sa\u00edda para reduzir o aquecimento ou a perda de resfriamento.<\/p>\n<p>3. fornecimento de ar fresco<br \/>\nTraz ar externo e remove o ar interno velho ao mesmo tempo.<\/p>\n<p>4. sistema de filtro<br \/>\nInclui filtros lav\u00e1veis ou substitu\u00edveis para bloquear a poeira e os poluentes.<\/p>\n<p>5. F\u00e1cil configura\u00e7\u00e3o<br \/>\nUnidade compacta, pode ser montada na parede ou no teto. Instala\u00e7\u00e3o e fia\u00e7\u00e3o simples.<\/p>\n<p><a class=\"button button_right button_size_2\" title=\"\" href=\"mailto:info@kcvents.com\" target=\"_blank\" rel=\"noopener\"><i class=\"icon-direction\" aria-hidden=\"true\"><\/i><span class=\"button_label\">investiga\u00e7\u00e3o<\/span><\/a>\u00a0<a class=\"button button_right button_size_2\" title=\"\" href=\"https:\/\/www.kcvents.com\/wp-content\/uploads\/2025\/07\/KCQR-EC.pdf\" target=\"_blank\" rel=\"noopener\"><i class=\"icon-acrobat\" aria-hidden=\"true\"><\/i><span class=\"button_label\">cat\u00e1logo<\/span><\/a><\/p>","protected":false},"featured_media":926,"comment_status":"open","ping_status":"closed","template":"","meta":{"_acf_changed":false},"product_brand":[],"product_cat":[50],"product_tag":[],"class_list":{"0":"post-255","1":"product","2":"type-product","3":"status-publish","4":"has-post-thumbnail","6":"product_cat-energy-recovery-ventilator","8":"first","9":"instock","10":"taxable","11":"shipping-taxable","12":"purchasable","13":"product-type-variable","14":"has-default-attributes"},"acf":[],"_links":{"self":[{"href":"https:\/\/www.ecvents.com\/pt\/wp-json\/wp\/v2\/product\/255","targetHints":{"allow":["GET"]}}],"collection":[{"href":"https:\/\/www.ecvents.com\/pt\/wp-json\/wp\/v2\/product"}],"about":[{"href":"https:\/\/www.ecvents.com\/pt\/wp-json\/wp\/v2\/types\/product"}],"replies":[{"embeddable":true,"href":"https:\/\/www.ecvents.com\/pt\/wp-json\/wp\/v2\/comments?post=255"}],"wp:featuredmedia":[{"embeddable":true,"href":"https:\/\/www.ecvents.com\/pt\/wp-json\/wp\/v2\/media\/926"}],"wp:attachment":[{"href":"https:\/\/www.ecvents.com\/pt\/wp-json\/wp\/v2\/media?parent=255"}],"wp:term":[{"taxonomy":"product_brand","embeddable":true,"href":"https:\/\/www.ecvents.com\/pt\/wp-json\/wp\/v2\/product_brand?post=255"},{"taxonomy":"product_cat","embeddable":true,"href":"https:\/\/www.ecvents.com\/pt\/wp-json\/wp\/v2\/product_cat?post=255"},{"taxonomy":"product_tag","embeddable":true,"href":"https:\/\/www.ecvents.com\/pt\/wp-json\/wp\/v2\/product_tag?post=255"}],"curies":[{"name":"wp","href":"https:\/\/api.w.org\/{rel}","templated":true}]}}