{"id":259,"date":"2022-05-04T14:27:46","date_gmt":"2022-05-04T14:27:46","guid":{"rendered":"https:\/\/startersites.io\/blocksy\/gadgets\/?post_type=product&#038;p=259"},"modified":"2026-03-25T01:46:01","modified_gmt":"2026-03-25T06:46:01","slug":"ventilador-de-recuperacao-de-calor-vt125","status":"publish","type":"product","link":"https:\/\/www.ecvents.com\/pt\/product\/ventilador-de-recuperacao-de-calor-vt125\/","title":{"rendered":"Ventilador de recupera\u00e7\u00e3o de calor VT125"},"content":{"rendered":"<h4 class=\"wp-block-heading\">Dimens\u00f5es (unidade:mm):<\/h4>\n\n\n\n<figure class=\"wp-block-image\"><img decoding=\"async\" src=\"https:\/\/www.kcvents.com\/wp-content\/uploads\/2025\/07\/model-2.png\" alt=\"\" class=\"wp-image-2550\" data-no-translation=\"\"\/><\/figure>\n\n\n\n<h4 class=\"wp-block-heading\">Especifica\u00e7\u00f5es do produto<\/h4>\n\n\n\n<figure class=\"wp-block-table\"><table><thead><tr><td><strong>Campo (ingl\u00eas)<\/strong><\/td><td><strong>apre\u00e7o<\/strong><\/td><td><strong>Campo (ingl\u00eas)<\/strong><\/td><td><strong>apre\u00e7o<\/strong><\/td><\/tr><\/thead><tbody><tr><td><strong>voltagem<\/strong><\/td><td>outro<\/td><td><strong>produtos qu\u00edmicos perigosos<\/strong><\/td><td>nenhum<\/td><\/tr><tr><td><strong>marca<\/strong><\/td><td>kcvents<\/td><td><strong>N\u00famero do modelo<\/strong><\/td><td>VT125-WF<\/td><\/tr><tr><td><strong>Local de origem<\/strong><\/td><td>China continental<\/td><td><strong>certifica\u00e7\u00e3o<\/strong><\/td><td>ce<\/td><\/tr><tr><td><strong>poder<\/strong><\/td><td>12w<\/td><td><strong>Tamanho do painel<\/strong><\/td><td>245 \u00d7 245 mm<\/td><\/tr><tr><td><strong>fonte de alimenta\u00e7\u00e3o<\/strong><\/td><td>90V-240V 50\/60Hz<\/td><td><strong>\u00c1rea aplic\u00e1vel<\/strong><\/td><td>24 m\u00b2 (258 p\u00e9s quadrados)<\/td><\/tr><\/tbody><\/table><\/figure>\n\n\n\n<h4 class=\"wp-block-heading\">Tabela de par\u00e2metros:<\/h4>\n\n\n\n<figure class=\"wp-block-table\"><table><tbody><tr><th><strong>apressar<\/strong><\/th><th><strong>dormir<\/strong><\/th><th><strong>\u2160<\/strong><\/th><th><strong>\u2161<\/strong><\/th><th><strong>\u2162<\/strong><\/th><\/tr><tr><td>voltagem<\/td><td colspan=\"4\">12VDC ou 100 \u2013 240V 50 \u2013 60Hz<\/td><\/tr><tr><td>Pot\u00eancia total do ventilador (W)<\/td><td>5.5<\/td><td>6.0<\/td><td>8.5<\/td><td>12<\/td><\/tr><tr><td>Corrente do ventilador (a)<\/td><td>0.035<\/td><td>0.040<\/td><td>0.050<\/td><td>0.080<\/td><\/tr><tr><td>Fluxo de ar (m\u00b3\/h)<\/td><td>20<\/td><td>30<\/td><td>45<\/td><td>60<\/td><\/tr><tr><td>Velocidade (rpm)<\/td><td>1000<\/td><td>1200<\/td><td>2050<\/td><td>2900<\/td><\/tr><tr><td>temperatura do ar transportado<\/td><td colspan=\"4\">-20\u00b0C (-4\u00b0F) a +50\u00b0C (122\u00b0F)<\/td><\/tr><tr><td>Efici\u00eancia de troca de calor<\/td><td colspan=\"4\">At\u00e9 90%<\/td><\/tr><tr><td>n\u00facleo do trocador de calor<\/td><td colspan=\"4\">cer\u00e2mico<\/td><\/tr><\/tbody><\/table><\/figure>\n\n\n\n<h4 class=\"wp-block-heading\">Sil\u00eancio\u202fefici\u00eancia.\u202f Limpo\u202fequil\u00edbrio.\u202f Constru\u00eddo\u202fpara o conforto di\u00e1rio.<\/h4>\n\n\n\n<p>o&nbsp;<strong>VT125\u202fcalor\u202frecupera\u00e7\u00e3o\u202f<\/strong>&nbsp;Prova que o bom ar n\u00e3o precisa fazer som. Operando silenciosamente em segundo plano, ele troca continuamente o ar viciado em busca de ar fresco, enquanto se recupera at\u00e9 o valor de 90\u202f%\u202f da energia t\u00e9rmica que de outra forma seria perdida. O resultado: um espa\u00e7o que se sente naturalmente refrescado, equilibrado e confortavelmente vivo.<\/p>\n\n\n\n<p>Em sua ess\u00eancia, um&nbsp;<strong>M\u00f3dulo de troca de calor de cer\u00e2mica<\/strong>&nbsp;Transfere o calor do ar de sa\u00edda para o fluxo de entrada. No inverno, mant\u00e9m os interiores aconchegantes e, no ver\u00e3o, minimiza o ganho de calor \u2013 reduzindo a carga de HVAC e os custos de energia sem comprometer o conforto.<\/p>\n\n\n\n<p>Conduzido por um&nbsp;<strong>Motor de economia de energia<\/strong>, o VT125 mant\u00e9m um fluxo de ar suave e eficiente em n\u00edveis silenciosos. Mesmo no seu m\u00e1ximo, 60\u202fm\u00b3\/h\u202fflow, ele consome apenas\u202f5,5\u202f\u2013\u202f12\u202fw\u202f de poder e se mistura perfeitamente com quartos, escrit\u00f3rios ou espa\u00e7os de est\u00fadio onde o sil\u00eancio \u00e9 mais importante.<\/p>\n\n\n\n<p>A&nbsp;<strong>Perfil fino e refinado<\/strong>&nbsp;Permite a instala\u00e7\u00e3o em tetos, paredes ou arm\u00e1rios - perfeito para apartamentos modernos, onde o espa\u00e7o \u00e9 um pr\u00eamio. sua&nbsp;<strong>Sistema de filtragem de camada dupla<\/strong>&nbsp;Lida com os contaminantes grosseiros e finos: A\u202ffiltro prim\u00e1rio\u202fpara o p\u00f3\u202fe\u202fint,\u202fmais opcionais\u202fhepa\u202fe ativado e\u2011carbono\u202fque\u202fremove\u202falerg\u00eanicos,\u202fodores,\u202fe\u2011carbonos,\u202fv\u00edl orin\u00edtricos.<\/p>\n\n\n\n<p>A manuten\u00e7\u00e3o \u00e9 simples. Os filtros deslizam para a limpeza e a interface permanece intuitiva - sem complexidade, sem problemas. Uma vez instalado, ele faz seu trabalho silenciosamente enquanto voc\u00ea simplesmente desfruta da calma clareza do ar equilibrado.<\/p>","protected":false},"excerpt":{"rendered":"<p>1.KCVENTS VT125 HRV \u2013 Ventilador de recupera\u00e7\u00e3o de calor de alta efici\u00eancia.<br \/>\nTecnologias avan\u00e7adas s\u00e3o usadas para recuperar o calor, reduzir custos e melhorar a qualidade do ar interno.<\/p>\n<p>2 Opera\u00e7\u00e3o silenciosa: Equipado com um motor EC, garante baixo ru\u00eddo e alta efici\u00eancia, tornando-o ideal para resid\u00eancias e escrit\u00f3rios.<\/p>\n<p>3. Compacto: o design fino se adapta a tetos, paredes ou arm\u00e1rios em espa\u00e7os pequenos e m\u00e9dios.<\/p>\n<p>4.Filtra\u00e7\u00e3o avan\u00e7ada: O VT125 inclui um pr\u00e9-filtro e filtros opcionais de Hepa e carbono para remover poeira, al\u00e9rgenos e contaminantes.<\/p>\n<p>5. Controles simples e baixa manuten\u00e7\u00e3o: Projetado com facilidade de uso em mente, o VT125 possui uma interface intuitiva para uma opera\u00e7\u00e3o sem esfor\u00e7o e baixa manuten\u00e7\u00e3o. Ideal para quem procura um sistema de HRV sem complica\u00e7\u00f5es que ofere\u00e7a recupera\u00e7\u00e3o de calor e circula\u00e7\u00e3o de ar ideais.<\/p>\n<p>&nbsp;<\/p>\n<p><a class=\"button button_right button_size_2\" title=\"\" href=\"mailto:info@kcvents.com\" target=\"_blank\" rel=\"noopener\"><i class=\"icon-direction\" aria-hidden=\"true\"><\/i><span class=\"button_label\">investiga\u00e7\u00e3o<\/span><\/a>\u00a0<a class=\"button button_right button_size_2\" title=\"\" href=\"https:\/\/www.kcvents.com\/wp-content\/uploads\/2025\/07\/VT125.pdf\" target=\"_blank\" rel=\"noopener\"><i class=\"icon-acrobat\" aria-hidden=\"true\"><\/i><span class=\"button_label\">cat\u00e1logo<\/span><\/a><\/p>","protected":false},"featured_media":915,"comment_status":"open","ping_status":"closed","template":"","meta":{"_acf_changed":false},"product_brand":[],"product_cat":[25],"product_tag":[],"class_list":{"0":"post-259","1":"product","2":"type-product","3":"status-publish","4":"has-post-thumbnail","6":"product_cat-single-room-hrv","8":"first","9":"instock","10":"taxable","11":"shipping-taxable","12":"purchasable","13":"product-type-variable","14":"has-default-attributes"},"acf":[],"_links":{"self":[{"href":"https:\/\/www.ecvents.com\/pt\/wp-json\/wp\/v2\/product\/259","targetHints":{"allow":["GET"]}}],"collection":[{"href":"https:\/\/www.ecvents.com\/pt\/wp-json\/wp\/v2\/product"}],"about":[{"href":"https:\/\/www.ecvents.com\/pt\/wp-json\/wp\/v2\/types\/product"}],"replies":[{"embeddable":true,"href":"https:\/\/www.ecvents.com\/pt\/wp-json\/wp\/v2\/comments?post=259"}],"wp:featuredmedia":[{"embeddable":true,"href":"https:\/\/www.ecvents.com\/pt\/wp-json\/wp\/v2\/media\/915"}],"wp:attachment":[{"href":"https:\/\/www.ecvents.com\/pt\/wp-json\/wp\/v2\/media?parent=259"}],"wp:term":[{"taxonomy":"product_brand","embeddable":true,"href":"https:\/\/www.ecvents.com\/pt\/wp-json\/wp\/v2\/product_brand?post=259"},{"taxonomy":"product_cat","embeddable":true,"href":"https:\/\/www.ecvents.com\/pt\/wp-json\/wp\/v2\/product_cat?post=259"},{"taxonomy":"product_tag","embeddable":true,"href":"https:\/\/www.ecvents.com\/pt\/wp-json\/wp\/v2\/product_tag?post=259"}],"curies":[{"name":"wp","href":"https:\/\/api.w.org\/{rel}","templated":true}]}}