{"id":4312,"date":"2026-01-12T20:17:03","date_gmt":"2026-01-13T01:17:03","guid":{"rendered":"https:\/\/www.ecvents.com\/?post_type=product&#038;p=4312"},"modified":"2026-01-23T04:00:21","modified_gmt":"2026-01-23T09:00:21","slug":"ventilador-de-exaustao-do-banheiro-amortecedor-de-parede-backdraft-da-janela-do-exa","status":"publish","type":"product","link":"https:\/\/www.ecvents.com\/pt\/product\/ventilador-de-exaustao-do-banheiro-amortecedor-de-parede-backdraft-da-janela-do-exa\/","title":{"rendered":"Exautor de banheiro KCVENTS com janela de montagem na parede com controle remoto, amortecedor de backdraft (4\/6\/8 polegadas)"},"content":{"rendered":"<div class=\"wp-block-stackable-columns stk-block-columns stk-block stk-c89edeb\" data-block-id=\"c89edeb\"><style>.stk-c89edeb {margin-top:var(--stk--preset--spacing--none, 0px) !important;margin-bottom:0px !important;}<\/style><div class=\"stk-row stk-inner-blocks stk-block-content stk-content-align stk-c89edeb-column\">\n<div class=\"wp-block-stackable-column stk-block-column stk-column stk-block stk-f790622 col-img-full\" data-v=\"4\" data-block-id=\"f790622\"><style>.stk-f790622 {margin-right:auto !important;margin-left:auto !important;}@media screen and (min-width:690px){.stk-f790622 {flex:var(--stk-flex-grow, 1) 1 calc(33.333% - var(--stk-column-gap, 0px) * 1 \/ 2 ) !important;}}<\/style><div class=\"stk-column-wrapper stk-block-column__content stk-container stk-f790622-container stk--no-background stk--no-padding\"><div class=\"stk-block-content stk-inner-blocks stk-f790622-inner-blocks\">\n<p><strong>Ventilador de motor CE de alto desempenho - silencioso, eficiente e inteligente<\/strong><\/p>\n\n\n\n<p>Atualize sua ventila\u00e7\u00e3o com a s\u00e9rie KCVENTS APC-G. Com tecnologia avan\u00e7ada de motor EC, este ventilador oferece um fluxo de ar poderoso enquanto opera em n\u00edveis silenciosos (&lt;35dB). Projetado para compatibilidade global (80-245V), \u00e9 a solu\u00e7\u00e3o definitiva para remover a umidade, odores e fuma\u00e7a de sua casa.<\/p>\n<\/div><\/div><\/div>\n\n\n\n<div class=\"wp-block-stackable-column stk-block-column stk-column stk-block stk-9a66b73\" data-v=\"4\" data-block-id=\"9a66b73\"><style>.stk-9a66b73-container{margin-top:var(--stk--preset--spacing--none, 0px) !important;margin-bottom:var(--stk--preset--spacing--none, 0px) !important;}.stk-9a66b73 {align-self:center !important;}@media screen and (min-width:690px){.stk-9a66b73 {flex:var(--stk-flex-grow, 1) 1 calc(66.666% - var(--stk-column-gap, 0px) * 1 \/ 2 ) !important;}}<\/style><div class=\"stk-column-wrapper stk-block-column__content stk-container stk-9a66b73-container stk--no-background stk--no-padding\"><div class=\"stk-block-content stk-inner-blocks stk-9a66b73-inner-blocks\">\n<figure class=\"wp-block-image size-full\"><img loading=\"lazy\" decoding=\"async\" width=\"1024\" height=\"1024\" src=\"https:\/\/www.ecvents.com\/wp-content\/uploads\/2026\/01\/kcvents-apc-g-bathroom-exhaust-fan-retail-packaging-eco-friendly-3.jpg\" alt=\"\" class=\"wp-image-4422\" srcset=\"https:\/\/www.ecvents.com\/wp-content\/uploads\/2026\/01\/kcvents-apc-g-bathroom-exhaust-fan-retail-packaging-eco-friendly-3.jpg 1024w, https:\/\/www.ecvents.com\/wp-content\/uploads\/2026\/01\/kcvents-apc-g-bathroom-exhaust-fan-retail-packaging-eco-friendly-3-300x300.jpg 300w, https:\/\/www.ecvents.com\/wp-content\/uploads\/2026\/01\/kcvents-apc-g-bathroom-exhaust-fan-retail-packaging-eco-friendly-3-150x150.jpg 150w, https:\/\/www.ecvents.com\/wp-content\/uploads\/2026\/01\/kcvents-apc-g-bathroom-exhaust-fan-retail-packaging-eco-friendly-3-768x768.jpg 768w, https:\/\/www.ecvents.com\/wp-content\/uploads\/2026\/01\/kcvents-apc-g-bathroom-exhaust-fan-retail-packaging-eco-friendly-3-12x12.jpg 12w, https:\/\/www.ecvents.com\/wp-content\/uploads\/2026\/01\/kcvents-apc-g-bathroom-exhaust-fan-retail-packaging-eco-friendly-3-500x500.jpg 500w, https:\/\/www.ecvents.com\/wp-content\/uploads\/2026\/01\/kcvents-apc-g-bathroom-exhaust-fan-retail-packaging-eco-friendly-3-80x80.jpg 80w\" sizes=\"auto, (max-width: 1024px) 100vw, 1024px\" data-no-translation=\"\" \/><\/figure>\n<\/div><\/div><\/div>\n<\/div><\/div>\n\n\n\n<div class=\"wp-block-stackable-columns stk-block-columns stk-block stk-411cbfd\" data-block-id=\"411cbfd\"><style>.stk-411cbfd {margin-bottom:1px !important;}<\/style><div class=\"stk-row stk-inner-blocks stk-block-content stk-content-align stk-411cbfd-column\">\n<div class=\"wp-block-stackable-column stk-block-column stk-column stk-block stk-989a0c0\" data-v=\"4\" data-block-id=\"989a0c0\"><style>.stk-989a0c0 {align-self:center !important;}@media screen and (min-width:690px){.stk-989a0c0 {flex:var(--stk-flex-grow, 1) 1 calc(33.333% - var(--stk-column-gap, 0px) * 1 \/ 2 ) !important;}}<\/style><div class=\"stk-column-wrapper stk-block-column__content stk-container stk-989a0c0-container stk--no-background stk--no-padding\"><div class=\"stk-block-content stk-inner-blocks stk-989a0c0-inner-blocks\">\n<p><strong>Como funciona - simples e poderoso<\/strong><br>isso \u00e9 verdade&nbsp;<strong>exaustor unidirecional<\/strong>&nbsp;Com amortecedor de backdraft de n\u00edvel profissional:<\/p>\n\n\n\n<ul class=\"wp-block-list\">\n<li><strong>Extra\u00e7\u00e3o ativa:<\/strong>\u00a0Retira ativamente a umidade, o vapor de cozinha, odores, fuma\u00e7a e vapor do banheiro em minutos.<\/li>\n\n\n\n<li><strong>v\u00e1lvula de gravidade inteligente:<\/strong>\u00a0O fluxo de ar empurra a tampa para o ar de exaust\u00e3o. Quando o ventilador para, ele fecha automaticamente e sela bem.<\/li>\n\n\n\n<li><strong>Prova de inseto e odor:<\/strong>\u00a0Mant\u00e9m o seu quarto livre de insetos, mosquitos, poeira, correntes de ar frias e odores de refluxo.<\/li>\n<\/ul>\n<\/div><\/div><\/div>\n\n\n\n<div class=\"wp-block-stackable-column stk-block-column stk-column stk-block stk-3715bf6\" data-v=\"4\" data-block-id=\"3715bf6\"><style>@media screen and (min-width:690px){.stk-3715bf6 {flex:var(--stk-flex-grow, 1) 1 calc(66.666% - var(--stk-column-gap, 0px) * 1 \/ 2 ) !important;}}<\/style><div class=\"stk-column-wrapper stk-block-column__content stk-container stk-3715bf6-container stk--no-background stk--no-padding\"><div class=\"stk-block-content stk-inner-blocks stk-3715bf6-inner-blocks\">\n<div class=\"wp-block-stackable-video-popup stk-block-video-popup stk-block stk-48f57cc\" data-video=\"https:\/\/www.ecvents.com\/wp-content\/uploads\/2026\/01\/KCvents_G_Bathroom_Exhaust_Fan_70-171CFM_Ultra_Quiet_4-7W_Remote_Control_2026.mp4\" data-block-id=\"48f57cc\"><div class=\"stk-block-video-popup__overlay stk-row stk-inner-blocks stk-block-content stk-hover-parent\" aria-label=\"Reproduzir v\u00eddeo\" tabindex=\"0\" role=\"button\">\n<div class=\"wp-block-stackable-icon stk-block-icon has-text-align-center stk-block stk-c99c00e\" data-block-id=\"c99c00e\"><style>.stk-c99c00e .stk--svg-wrapper .stk--inner-svg svg:last-child, .stk-c99c00e .stk--svg-wrapper .stk--inner-svg svg:last-child :is(g, path, rect, polygon, ellipse){fill:#c25a5a !important;}<\/style><span class=\"stk--svg-wrapper\"><div class=\"stk--inner-svg\"><svg style=\"height:0;width:0\"><defs><lineargradient id=\"linear-gradient-c99c00e\" x1=\"0\" x2=\"100%\" y1=\"0\" y2=\"0\"><stop offset=\"0%\" style=\"stop-opacity:1;stop-color:var(--linear-gradient-c-99-c-00-e-color-1)\"><\/stop><stop offset=\"100%\" style=\"stop-opacity:1;stop-color:var(--linear-gradient-c-99-c-00-e-color-2)\"><\/stop><\/lineargradient><\/defs><\/svg><svg data-prefix=\"fas\" data-icon=\"play\" class=\"svg-inline--fa fa-play fa-w-14\" xmlns=\"http:\/\/www.w3.org\/2000\/svg\" viewbox=\"0 0 448 512\" aria-hidden=\"true\" width=\"32\" height=\"32\"><path fill=\"currentColor\" d=\"M424.4 214.7L72.4 6.6C43.8-10.3 0 6.1 0 47.9V464c0 37.5 40.7 60.1 72.4 41.3l352-208c31.4-18.5 31.5-64.1 0-82.6z\"><\/path><\/svg><\/div><\/span><\/div>\n\n\n\n<div class=\"wp-block-stackable-image stk-block-image stk-block stk-a0475b0\" data-block-id=\"a0475b0\"><figure><span class=\"stk-img-wrapper stk-image--shape-stretch\"><img loading=\"lazy\" decoding=\"async\" class=\"stk-img wp-image-4400\" src=\"https:\/\/www.ecvents.com\/wp-content\/uploads\/2025\/08\/kcvents-g-fan-backdraft-damper-prevent-mosquitoes-insects-1.jpg\" width=\"1025\" height=\"1024\" alt=\"1. Backdraft damper for HVAC systems, mosquito and insect prevention, smooth exhaust, high efficiency airflow control.\" srcset=\"https:\/\/www.ecvents.com\/wp-content\/uploads\/2025\/08\/kcvents-g-fan-backdraft-damper-prevent-mosquitoes-insects-1.jpg 1025w, https:\/\/www.ecvents.com\/wp-content\/uploads\/2025\/08\/kcvents-g-fan-backdraft-damper-prevent-mosquitoes-insects-1-300x300.jpg 300w, https:\/\/www.ecvents.com\/wp-content\/uploads\/2025\/08\/kcvents-g-fan-backdraft-damper-prevent-mosquitoes-insects-1-150x150.jpg 150w, https:\/\/www.ecvents.com\/wp-content\/uploads\/2025\/08\/kcvents-g-fan-backdraft-damper-prevent-mosquitoes-insects-1-768x767.jpg 768w, https:\/\/www.ecvents.com\/wp-content\/uploads\/2025\/08\/kcvents-g-fan-backdraft-damper-prevent-mosquitoes-insects-1-12x12.jpg 12w, https:\/\/www.ecvents.com\/wp-content\/uploads\/2025\/08\/kcvents-g-fan-backdraft-damper-prevent-mosquitoes-insects-1-500x500.jpg 500w, https:\/\/www.ecvents.com\/wp-content\/uploads\/2025\/08\/kcvents-g-fan-backdraft-damper-prevent-mosquitoes-insects-1-80x80.jpg 80w\" sizes=\"auto, (max-width: 1025px) 100vw, 1025px\" data-no-translation=\"\" \/><\/span><\/figure><\/div>\n<\/div><\/div>\n<\/div><\/div><\/div>\n<\/div><\/div>\n\n\n\n<div class=\"wp-block-stackable-columns stk-block-columns stk-block stk-f0a90b4\" data-block-id=\"f0a90b4\"><style>.stk-f0a90b4 {margin-bottom:0px !important;}<\/style><div class=\"stk-row stk-inner-blocks stk-block-content stk-content-align stk-f0a90b4-column\">\n<div class=\"wp-block-stackable-column stk-block-column stk-column stk-block stk-c842183\" data-v=\"4\" data-block-id=\"c842183\"><style>.stk-c842183 {align-self:center !important;}@media screen and (min-width:690px){.stk-c842183 {flex:var(--stk-flex-grow, 1) 1 calc(50% - var(--stk-column-gap, 0px) * 1 \/ 2 ) !important;}}<\/style><div class=\"stk-column-wrapper stk-block-column__content stk-container stk-c842183-container stk--no-background stk--no-padding\"><div class=\"stk-block-content stk-inner-blocks stk-c842183-inner-blocks\">\n<p><strong>\u00a0Por que atualizar para o exaustor do motor EC?<\/strong><\/p>\n\n\n\n<ul class=\"wp-block-list\">\n<li><strong>Tecnologia avan\u00e7ada de motor CE:<\/strong>\u00a0Supera os motores tradicionais de CA com maior efici\u00eancia energ\u00e9tica e uma vida \u00fatil mais longa. Diga adeus \u00e0s substitui\u00e7\u00f5es frequentes.<\/li>\n\n\n\n<li><strong>Opera\u00e7\u00e3o silenciosa de sussurro (&lt;35dB):<\/strong>\u00a0Desfrute de um ambiente tranquilo. Opera em um n\u00edvel de ru\u00eddo significativamente mais baixo que os ventiladores padr\u00e3o (&gt; 70 dB).<\/li>\n\n\n\n<li><strong>L\u00e2minas balanceadas din\u00e2micas:<\/strong>\u00a0Projetado para estabilidade e fluxo de ar poderoso, eliminando a vibra\u00e7\u00e3o.<\/li>\n\n\n\n<li><strong>Controle sem complica\u00e7\u00f5es:<\/strong>\u00a0Ao contr\u00e1rio dos modelos padr\u00e3o, o nosso oferece suporte conveniente para op\u00e7\u00f5es de switch ou controle remoto.<\/li>\n<\/ul>\n<\/div><\/div><\/div>\n\n\n\n<div class=\"wp-block-stackable-column stk-block-column stk-column stk-block stk-5812ad0 col-img-full\" data-v=\"4\" data-block-id=\"5812ad0\"><style>@media screen and (min-width:690px){.stk-5812ad0 {flex:var(--stk-flex-grow, 1) 1 calc(50% - var(--stk-column-gap, 0px) * 1 \/ 2 ) !important;}}<\/style><div class=\"stk-column-wrapper stk-block-column__content stk-container stk-5812ad0-container stk--no-background stk--no-padding\"><div class=\"stk-block-content stk-inner-blocks stk-5812ad0-inner-blocks\">\n<figure class=\"wp-block-image size-large\"><img loading=\"lazy\" decoding=\"async\" width=\"1024\" height=\"483\" src=\"https:\/\/www.ecvents.com\/wp-content\/uploads\/2026\/01\/kcvents-ec-motor-fan-vs-ordinary-fan-comparison-chart-3-1024x483.jpg\" alt=\"\" class=\"wp-image-4429\" srcset=\"https:\/\/www.ecvents.com\/wp-content\/uploads\/2026\/01\/kcvents-ec-motor-fan-vs-ordinary-fan-comparison-chart-3-1024x483.jpg 1024w, https:\/\/www.ecvents.com\/wp-content\/uploads\/2026\/01\/kcvents-ec-motor-fan-vs-ordinary-fan-comparison-chart-3-300x142.jpg 300w, https:\/\/www.ecvents.com\/wp-content\/uploads\/2026\/01\/kcvents-ec-motor-fan-vs-ordinary-fan-comparison-chart-3-768x362.jpg 768w, https:\/\/www.ecvents.com\/wp-content\/uploads\/2026\/01\/kcvents-ec-motor-fan-vs-ordinary-fan-comparison-chart-3-18x8.jpg 18w, https:\/\/www.ecvents.com\/wp-content\/uploads\/2026\/01\/kcvents-ec-motor-fan-vs-ordinary-fan-comparison-chart-3-500x236.jpg 500w, https:\/\/www.ecvents.com\/wp-content\/uploads\/2026\/01\/kcvents-ec-motor-fan-vs-ordinary-fan-comparison-chart-3.jpg 1424w\" sizes=\"auto, (max-width: 1024px) 100vw, 1024px\" data-no-translation=\"\" \/><\/figure>\n<\/div><\/div><\/div>\n<\/div><\/div>\n\n\n\n<div class=\"wp-block-stackable-columns stk-block-columns stk-block stk-25a4184\" data-block-id=\"25a4184\"><style>.stk-25a4184 {margin-bottom:0px !important;}<\/style><div class=\"stk-row stk-inner-blocks stk-block-content stk-content-align stk-25a4184-column\">\n<div class=\"wp-block-stackable-column stk-block-column stk-column stk-block stk-63a74db\" data-v=\"4\" data-block-id=\"63a74db\"><style>.stk-63a74db {align-self:center !important;}@media screen and (min-width:690px){.stk-63a74db {flex:var(--stk-flex-grow, 1) 1 calc(33.333% - var(--stk-column-gap, 0px) * 1 \/ 2 ) !important;}}<\/style><div class=\"stk-column-wrapper stk-block-column__content stk-container stk-63a74db-container stk--no-background stk--no-padding\"><div class=\"stk-block-content stk-inner-blocks stk-63a74db-inner-blocks\">\n<p><strong>Aplica\u00e7\u00f5es perfeitas<\/strong><\/p>\n\n\n\n<ul class=\"wp-block-list\">\n<li><strong>Banheiros:<\/strong>\u00a0Banho principal, banho de h\u00f3spedes, lavabo.<\/li>\n\n\n\n<li><strong>Cozinhas:<\/strong>\u00a0Limpa rapidamente o cheiro de fuma\u00e7a e graxa.<\/li>\n\n\n\n<li><strong>Caves, garagens, lavanderias:<\/strong>\u00a0Previne o odor de mofo e mofo.<\/li>\n\n\n\n<li>Qualquer sala que precise de remo\u00e7\u00e3o r\u00e1pida de ar \u00famido ou polu\u00eddo<\/li>\n<\/ul>\n<\/div><\/div><\/div>\n\n\n\n<div class=\"wp-block-stackable-column stk-block-column stk-column stk-block stk-370dcc5\" data-v=\"4\" data-block-id=\"370dcc5\"><style>@media screen and (min-width:690px){.stk-370dcc5 {flex:var(--stk-flex-grow, 1) 1 calc(66.666% - var(--stk-column-gap, 0px) * 1 \/ 2 ) !important;}}<\/style><div class=\"stk-column-wrapper stk-block-column__content stk-container stk-370dcc5-container stk--no-background stk--no-padding\"><div class=\"stk-block-content stk-inner-blocks stk-370dcc5-inner-blocks\">\n<figure class=\"wp-block-image size-full\"><img loading=\"lazy\" decoding=\"async\" width=\"1024\" height=\"1024\" src=\"https:\/\/www.ecvents.com\/wp-content\/uploads\/2025\/08\/kcvents-g-fan-application-scenarios-bathroom-kitchen-petroom-1.jpg\" alt=\"A clean, modern bathroom with a ceiling-mounted exhaust fan, highlighting indoor air quality and ventilation solutions from ECvents EC Motor Shop.\" class=\"wp-image-4416\" srcset=\"https:\/\/www.ecvents.com\/wp-content\/uploads\/2025\/08\/kcvents-g-fan-application-scenarios-bathroom-kitchen-petroom-1.jpg 1024w, https:\/\/www.ecvents.com\/wp-content\/uploads\/2025\/08\/kcvents-g-fan-application-scenarios-bathroom-kitchen-petroom-1-300x300.jpg 300w, https:\/\/www.ecvents.com\/wp-content\/uploads\/2025\/08\/kcvents-g-fan-application-scenarios-bathroom-kitchen-petroom-1-150x150.jpg 150w, https:\/\/www.ecvents.com\/wp-content\/uploads\/2025\/08\/kcvents-g-fan-application-scenarios-bathroom-kitchen-petroom-1-768x768.jpg 768w, https:\/\/www.ecvents.com\/wp-content\/uploads\/2025\/08\/kcvents-g-fan-application-scenarios-bathroom-kitchen-petroom-1-12x12.jpg 12w, https:\/\/www.ecvents.com\/wp-content\/uploads\/2025\/08\/kcvents-g-fan-application-scenarios-bathroom-kitchen-petroom-1-500x500.jpg 500w, https:\/\/www.ecvents.com\/wp-content\/uploads\/2025\/08\/kcvents-g-fan-application-scenarios-bathroom-kitchen-petroom-1-80x80.jpg 80w\" sizes=\"auto, (max-width: 1024px) 100vw, 1024px\" data-no-translation=\"\" \/><\/figure>\n<\/div><\/div><\/div>\n<\/div><\/div>\n\n\n\n<p style=\"margin-top:0;margin-bottom:0;padding-top:0;padding-bottom:0\"><strong><strong>Escolha o tamanho perfeito para o seu quarto<\/strong>\uff1a<\/strong><\/p>\n\n\n\n<p style=\"margin-top:0;margin-bottom:0\">N\u00e3o adivinhe! Escolha o modelo certo com base no tamanho do seu quarto.<\/p>\n\n\n\n<figure style=\"margin-top:0;margin-bottom:0\" class=\"wp-block-table\"><table><thead><tr><th>modelo<\/th><th>Tamanho do duto<\/th><th>voltagem<\/th><th>Pot\u00eancia (motor CE)<\/th><th>Fluxo de ar (CFM)<\/th><th>Fluxo de ar (m\u00b3\/h)<\/th><th>Tamanho recomendado do quarto<\/th><\/tr><\/thead><tbody><tr><td>APC10-G<\/td><td>4 polegadas<\/td><td>80\u2013245V \/ 50\u201360Hz<\/td><td>4w<\/td><td>70 CFM<\/td><td>120 m\u00b3\/h<\/td><td>perfeito para\u00a0<strong>\u2264 80 p\u00e9s quadrados<\/strong>\u00a0(\u2264 7,5 \u33a1)<\/td><\/tr><tr><td>APC15-G<\/td><td>6 polegadas<\/td><td>80\u2013245V \/ 50\u201360Hz<\/td><td>5w<\/td><td>124 CFM<\/td><td>210 m\u00b3\/h<\/td><td>Ideal para\u00a0<strong>80-110 p\u00e9s quadrados<\/strong>\u00a0(7,5-10,2 \u33a1)<\/td><\/tr><tr><td>APC20-G<\/td><td>8 polegadas<\/td><td>80\u2013245V \/ 50\u201360Hz<\/td><td>7w<\/td><td>171 CFM<\/td><td>290 m\u00b3\/h<\/td><td>poderoso para\u00a0<strong>110-150 p\u00e9s quadrados<\/strong>\u00a0(10-14 \u33a1)<\/td><\/tr><\/tbody><\/table><\/figure>\n\n\n\n<p style=\"margin-top:var(--wp--preset--spacing--20);margin-bottom:0\"><strong>Dimens\u00f5es t\u00e9cnicas (especifica\u00e7\u00f5es de instala\u00e7\u00e3o)<\/strong><\/p>\n\n\n\n<p style=\"margin-top:0;margin-bottom:0\"><em>Por favor, verifique o tamanho da abertura da sua parede\/janela antes de comprar.<\/em><\/p>\n\n\n\n<div class=\"wp-block-stackable-columns stk-block-columns stk-block stk-2d28ca7\" data-block-id=\"2d28ca7\"><style>.stk-2d28ca7 {margin-top:var(--stk--preset--spacing--none, 0px) !important;margin-bottom:0px !important;}<\/style><div class=\"stk-row stk-inner-blocks stk-block-content stk-content-align stk-2d28ca7-column\">\n<div class=\"wp-block-stackable-column stk-block-column stk-column stk-block stk-cfda450 col-img-full\" data-v=\"4\" data-block-id=\"cfda450\"><style>.stk-cfda450 {margin-right:auto !important;margin-left:auto !important;}@media screen and (min-width:690px){.stk-cfda450 {flex:var(--stk-flex-grow, 1) 1 calc(40% - var(--stk-column-gap, 0px) * 1 \/ 2 ) !important;}}<\/style><div class=\"stk-column-wrapper stk-block-column__content stk-container stk-cfda450-container stk--no-background stk--no-padding\"><div class=\"stk-block-content stk-inner-blocks stk-cfda450-inner-blocks\">\n<figure class=\"wp-block-image size-full\"><img loading=\"lazy\" decoding=\"async\" width=\"614\" height=\"301\" src=\"https:\/\/www.ecvents.com\/wp-content\/uploads\/2026\/01\/kcvents-g-bathroom-exhaust-fan-size.png\" alt=\"High-quality EC motor for industrial applications, featuring efficient design and durable construction, available at ECvents EC Motor Shop for reliable performance.\" class=\"wp-image-4348\" srcset=\"https:\/\/www.ecvents.com\/wp-content\/uploads\/2026\/01\/kcvents-g-bathroom-exhaust-fan-size.png 614w, https:\/\/www.ecvents.com\/wp-content\/uploads\/2026\/01\/kcvents-g-bathroom-exhaust-fan-size-300x147.png 300w, https:\/\/www.ecvents.com\/wp-content\/uploads\/2026\/01\/kcvents-g-bathroom-exhaust-fan-size-18x9.png 18w, https:\/\/www.ecvents.com\/wp-content\/uploads\/2026\/01\/kcvents-g-bathroom-exhaust-fan-size-500x245.png 500w\" sizes=\"auto, (max-width: 614px) 100vw, 614px\" data-no-translation=\"\" \/><\/figure>\n<\/div><\/div><\/div>\n\n\n\n<div class=\"wp-block-stackable-column stk-block-column stk-column stk-block stk-736e1e6\" data-v=\"4\" data-block-id=\"736e1e6\"><style>.stk-736e1e6-container{margin-top:var(--stk--preset--spacing--none, 0px) !important;margin-bottom:var(--stk--preset--spacing--none, 0px) !important;}.stk-736e1e6 {align-self:center !important;}@media screen and (min-width:690px){.stk-736e1e6 {flex:var(--stk-flex-grow, 1) 1 calc(60% - var(--stk-column-gap, 0px) * 1 \/ 2 ) !important;}}<\/style><div class=\"stk-column-wrapper stk-block-column__content stk-container stk-736e1e6-container stk--no-background stk--no-padding\"><div class=\"stk-block-content stk-inner-blocks stk-736e1e6-inner-blocks\">\n<figure class=\"wp-block-table\"><table><thead><tr><th>modelo <\/th><th>a (mm)<\/th><th>b (mm)<\/th><th>C (mm)<\/th><\/tr><\/thead><tbody><tr><td><strong>APC10-G<\/strong><\/td><td>125<\/td><td>155<\/td><td>100<\/td><\/tr><tr><td><strong>APC15-G<\/strong><\/td><td>125<\/td><td>205<\/td><td>150<\/td><\/tr><tr><td><strong>APC20-G<\/strong><\/td><td>150<\/td><td>245<\/td><td>200<\/td><\/tr><\/tbody><\/table><\/figure>\n<\/div><\/div><\/div>\n<\/div><\/div>\n\n\n\n<p style=\"margin-top:var(--wp--preset--spacing--20);margin-bottom:0\"><strong>2025 principais recursos que os clientes mais gostam<\/strong><\/p>\n\n\n\n<figure style=\"padding-top:0;padding-bottom:0\" class=\"wp-block-table\"><table><thead><tr><th>caracter\u00edstica<\/th><th>benef\u00edcio real para voc\u00ea<\/th><\/tr><\/thead><tbody><tr><td><strong>Controle remoto completo sem fio<\/strong><\/td><td>Ativar\/desativar ou alterar a velocidade sem sair do chuveiro (somente na vers\u00e3o remota).<\/td><\/tr><tr><td><strong>Motor CE de alta efici\u00eancia<\/strong><\/td><td>Consome apenas 4W\u20137W. Consome menos energia do que uma l\u00e2mpada LED padr\u00e3o. Consumo mensal: apenas 3\u20135 kWh (tempo de execu\u00e7\u00e3o 24 horas por dia, 7 dias por semana).<\/td><\/tr><tr><td><strong>tens\u00e3o universal<\/strong><\/td><td>Tens\u00e3o ampla de 80\u2013245 V. Compat\u00edvel com os padr\u00f5es de energia dos EUA, Europa e \u00c1sia. Nenhum conversor necess\u00e1rio.<\/td><\/tr><tr><td><strong>Instala\u00e7\u00e3o de janela ou parede verdadeira<\/strong><\/td><td>N\u00e3o \u00e9 necess\u00e1rio acesso ao s\u00f3t\u00e3o \u2013 instale em 15 minutos.<\/td><\/tr><tr><td><strong>Eco e amig\u00e1vel para a sa\u00fade<\/strong><\/td><td>Funciona com material legal (\u2264 105 \u2103), ETL Certified Materials.<\/td><\/tr><\/tbody><\/table><\/figure>\n\n\n\n<h4 class=\"wp-block-heading\" style=\"margin-top:10px;margin-bottom:10px\">O pacote inclui tudo o que voc\u00ea precisa para uma instala\u00e7\u00e3o r\u00e1pida<\/h4>\n\n\n\n<ul class=\"wp-block-list\">\n<li>1 \u00d7 KCVENTS G Exaustor (tamanho selecionado: 4\u2033 \/ 6\u2033 \/ 8\u2033)<\/li>\n\n\n\n<li>1 \u00d7 amortecedor de backdraft (pr\u00e9-instalado, \u00e0 prova de bugs e anti-flow)<\/li>\n\n\n\n<li>1 \u00d7 Manual do usu\u00e1rio em ingl\u00eas f\u00e1cil de ler + modelo de perfura\u00e7\u00e3o<\/li>\n\n\n\n<li>1 \u00d7 kit de parafuso para montagem na parede\/janela<\/li>\n<\/ul>\n\n\n\n<p style=\"margin-bottom:10px\"><strong><strong>Atualiza\u00e7\u00e3o da vers\u00e3o do controle remoto:<\/strong><\/strong><\/p>\n\n\n\n<ul class=\"wp-block-list\">\n<li>Inclui tudo acima\u00a0<strong>mais<\/strong>:<\/li>\n\n\n\n<li>1 \u00d7 Controle remoto sem fio + bateria (pronto para usar fora da caixa)<br>\u2192 Escolha a op\u00e7\u00e3o \u201ccom controle remoto\u201d na parte superior da p\u00e1gina se desejar essa atualiza\u00e7\u00e3o<\/li>\n<\/ul>\n\n\n\n<p style=\"margin-bottom:10px\"><strong>Garantia e suporte<\/strong><\/p>\n\n\n\n<ul style=\"margin-bottom:10px\" class=\"wp-block-list\">\n<li>Garantia de motor CE de 3 anos<\/li>\n\n\n\n<li>Suporte ao cliente vital\u00edcio (responder em at\u00e9 12 horas)<\/li>\n<\/ul>\n\n\n\n<p>A maioria dos clientes termina a instala\u00e7\u00e3o em 15 a 25 minutos \u2013 n\u00e3o \u00e9 necess\u00e1rio eletricista.<\/p>\n\n\n\n<p><strong><strong>\u26a0\ufe0f Nota importante:\u00a0<\/strong><\/strong><br>este \u00e9 o\u00a0<strong>Exaust\u00e3o unidirecional cl\u00e1ssico<\/strong>\u00a0Modelo (extrai o ar). Se voc\u00ea precisar\u00a0<strong>Fluxo de ar revers\u00edvel<\/strong>\u00a0(esgoto + entrada de ar fresco), por favor, verifique nosso\u00a0<strong>S\u00e9rie revers\u00edvel APC-G<\/strong>.<\/p>\n\n\n\n<p><\/p>","protected":false},"excerpt":{"rendered":"<ul>\n<li><strong>Opera\u00e7\u00e3o ultra silenciosa:<\/strong>\u00a0Funciona em \u226435dB, criando um ambiente tranquilo ao contr\u00e1rio dos f\u00e3s tradicionais barulhentos.<\/li>\n<li><strong>Motor EC que economiza energia:<\/strong>\u00a0Consome apenas 4W\u20137W, economizando at\u00e9 80% nas contas de eletricidade em compara\u00e7\u00e3o com os motores CA.<\/li>\n<li><strong>Amortecedor de backdraft integrado:<\/strong>\u00a0Sela automaticamente quando desligado para evitar insetos, mosquitos e odores de refluxo.<\/li>\n<li><strong>Carca\u00e7a ABS dur\u00e1vel:<\/strong>\u00a0Feito de material premium resistente a UV, \u00e0 prova d'\u00e1gua, antiferrugem e f\u00e1cil de limpar.<\/li>\n<li><strong>Controle flex\u00edvel:<\/strong>\u00a0escolher\u00a0<strong>interruptor manual<\/strong>\u00a0Por simplicidade ou\u00a0<strong>controle remoto<\/strong>\u00a0Para ajustes convenientes de velocidade e fun\u00e7\u00f5es do timer.<\/li>\n<\/ul>","protected":false},"featured_media":1099,"comment_status":"open","ping_status":"closed","template":"","meta":{"_acf_changed":false},"product_brand":[62],"product_cat":[28],"product_tag":[31,30,29,34,33],"class_list":{"0":"post-4312","1":"product","2":"type-product","3":"status-publish","4":"has-post-thumbnail","6":"product_brand-kcvents","7":"product_cat-exhaust-fan","8":"product_tag-backdraft-damper","9":"product_tag-durable-abs-housing","10":"product_tag-energy-efficient-ec-motor","11":"product_tag-low-noise-operation","12":"product_tag-variable-speed-control","13":"pa_control-mode-manual-switch","14":"pa_control-mode-remote-control","16":"first","17":"instock","18":"sale","19":"purchasable","20":"product-type-variable","21":"has-default-attributes"},"acf":[],"_links":{"self":[{"href":"https:\/\/www.ecvents.com\/pt\/wp-json\/wp\/v2\/product\/4312","targetHints":{"allow":["GET"]}}],"collection":[{"href":"https:\/\/www.ecvents.com\/pt\/wp-json\/wp\/v2\/product"}],"about":[{"href":"https:\/\/www.ecvents.com\/pt\/wp-json\/wp\/v2\/types\/product"}],"replies":[{"embeddable":true,"href":"https:\/\/www.ecvents.com\/pt\/wp-json\/wp\/v2\/comments?post=4312"}],"wp:featuredmedia":[{"embeddable":true,"href":"https:\/\/www.ecvents.com\/pt\/wp-json\/wp\/v2\/media\/1099"}],"wp:attachment":[{"href":"https:\/\/www.ecvents.com\/pt\/wp-json\/wp\/v2\/media?parent=4312"}],"wp:term":[{"taxonomy":"product_brand","embeddable":true,"href":"https:\/\/www.ecvents.com\/pt\/wp-json\/wp\/v2\/product_brand?post=4312"},{"taxonomy":"product_cat","embeddable":true,"href":"https:\/\/www.ecvents.com\/pt\/wp-json\/wp\/v2\/product_cat?post=4312"},{"taxonomy":"product_tag","embeddable":true,"href":"https:\/\/www.ecvents.com\/pt\/wp-json\/wp\/v2\/product_tag?post=4312"}],"curies":[{"name":"wp","href":"https:\/\/api.w.org\/{rel}","templated":true}]}}