{"id":4538,"date":"2026-03-19T05:47:39","date_gmt":"2026-03-19T10:47:39","guid":{"rendered":"https:\/\/www.ecvents.com\/product\/ec-motor-shutter-exhaust-fan-2\/"},"modified":"2026-03-19T05:47:40","modified_gmt":"2026-03-19T10:47:40","slug":"ventilador-de-exaustor-do-obturador-do-motor-ce-2","status":"publish","type":"product","link":"https:\/\/www.ecvents.com\/pt\/product\/ventilador-de-exaustor-do-obturador-do-motor-ce-2\/","title":{"rendered":"Ventilador de exaustor do obturador do"},"content":{"rendered":"<div class=\"someee\">\n<h2><strong>Poder inteligente. Precis\u00e3o silenciosa. Constru\u00eddo para mover o ar real.<\/strong><\/h2>\no\u00a0<strong>EC\u202fmotor\u202fshutter\u202fexhaust\u202ffan<\/strong>\u00a0\u00c9 projetado para quando a ventila\u00e7\u00e3o deve ser sentida, n\u00e3o ouvida. Projetado para oficinas, s\u00f3t\u00e3os, estufas e zonas comerciais exigentes, ele se move com o ar 2.560\u202fcfm atrav\u00e9s do sistema de obturador de 16 polegadas com intensidade suave e calibrada. Ajuste a sa\u00edda do controlador PWM inteligente de 10 velocidades instantaneamente - equilibrando a velocidade, o som e o uso de energia em perfeitas propor\u00e7\u00f5es. Sua forma fala a linguagem da durabilidade.\u00a0<strong>Persianas de a\u00e7o galvanizado<\/strong>\u00a0Sele bem quando estiver ocioso, protegendo contra poeira e chuva, enquanto\u00a0<strong>l\u00e2minas de alum\u00ednio aerodin\u00e2mico<\/strong>\u00a0Gire livremente por longas horas de uso cont\u00ednuo. No interior, a\u202fpr\u00f3xima gera\u00e7\u00e3o\u00a0<strong>Motor comutado eletronicamente<\/strong>\u00a0Transforma a pot\u00eancia em torque constante sem deforma\u00e7\u00e3o mec\u00e2nica, mantendo um fluxo de ar forte em apenas\u202f67\u202f\u2013\u202f70\u202fdbA. Cada recurso tem um prop\u00f3sito.\u00a0<strong>rolamentos de esfera dupla<\/strong>,\u00a0<strong>Veda\u00e7\u00e3o com classifica\u00e7\u00e3o IP44<\/strong>, e\u00a0<strong>A\u202fquadro resistente \u00e0 corros\u00e3o<\/strong>\u00a0Estenda a vida profissional do ventilador al\u00e9m de 67.000 horas.\u00a0<strong>Compatibilidade com plataformas de UIS<\/strong>\u00a0Torna a integra\u00e7\u00e3o f\u00e1cil para ambientes automatizados, enquanto a mem\u00f3ria integrada recupera suas \u00faltimas configura\u00e7\u00f5es a cada inicializa\u00e7\u00e3o. De garagens a salas de cultivo, ele oferece um fluxo de ar confi\u00e1vel sem exigir aten\u00e7\u00e3o - resist\u00eancia industrial moldada para uma intelig\u00eancia silenciosa.\n\n<\/div>\n<hr \/>\nDesempenho:\n<div class=\"scroll-table-wrapper\">\n<div class=\"scroll-table\">\n<table id=\"tablepress-65\" class=\"tablepress tablepress-id-65\">\n<thead>\n<tr class=\"row-1\">\n\t<th class=\"column-1\">especifica\u00e7\u00e3o<\/th><th class=\"column-2\">detalhes<\/th>\n<\/tr>\n<\/thead>\n<tbody class=\"row-striping row-hover\">\n<tr class=\"row-2\">\n\t<td class=\"column-1\">Tamanho do ventilador<\/td><td class=\"column-2\">16 polegadas (40,6 cm)<\/td>\n<\/tr>\n<tr class=\"row-3\">\n\t<td class=\"column-1\">Dimens\u00f5es gerais<\/td><td class=\"column-2\">19,09\" \u00d7 19,09\" \u00d7 7,72\" (48,5 \u00d7 48,5 \u00d7 19,6 cm)<\/td>\n<\/tr>\n<tr class=\"row-4\">\n\t<td class=\"column-1\">Tamanho do orif\u00edcio de montagem<\/td><td class=\"column-2\">Aproximadamente 16,92\" x 16,92\" (43 x 43 cm)<\/td>\n<\/tr>\n<tr class=\"row-5\">\n\t<td class=\"column-1\">Capacidade do fluxo de ar<\/td><td class=\"column-2\">2.560 CFM (ventila\u00e7\u00e3o de alta efici\u00eancia)<\/td>\n<\/tr>\n<tr class=\"row-6\">\n\t<td class=\"column-1\">press\u00e3o est\u00e1tica<\/td><td class=\"column-2\">25,9 mm-H\u2082O (aproximadamente 96 Pa)<\/td>\n<\/tr>\n<tr class=\"row-7\">\n\t<td class=\"column-1\">n\u00edvel de ru\u00eddo<\/td><td class=\"column-2\">Normalmente 70 dBA (varia entre 67 e 70 dBA entre as fontes)<\/td>\n<\/tr>\n<tr class=\"row-8\">\n\t<td class=\"column-1\">Condu\u00e7\u00e3o e controle<\/td><td class=\"column-2\">Modula\u00e7\u00e3o inteligente PWM, de 10 velocidades (alguns modelos de 8 velocidades), com fun\u00e7\u00e3o de mem\u00f3ria<\/td>\n<\/tr>\n<tr class=\"row-9\">\n\t<td class=\"column-1\">tipo de motor<\/td><td class=\"column-2\">Motor eficiente em termos de energia, EC (comutador eletronicamente, baixo ru\u00eddo, alta efici\u00eancia<\/td>\n<\/tr>\n<tr class=\"row-10\">\n\t<td class=\"column-1\">Alimenta\u00e7\u00e3o \/ corrente<\/td><td class=\"column-2\">100 W \/ 1,5 A (100\u2013240 V AC, 50\/60 Hz)<\/td>\n<\/tr>\n<tr class=\"row-11\">\n\t<td class=\"column-1\">Rolamentos e vida \u00fatil<\/td><td class=\"column-2\">Rolamentos de esferas duplos, vida \u00fatil L10 de 67.000 horas<\/td>\n<\/tr>\n<tr class=\"row-12\">\n\t<td class=\"column-1\">Prote\u00e7\u00e3o de entrada<\/td><td class=\"column-2\">Classifica\u00e7\u00e3o IP-44, resistente \u00e0 poeira e \u00e0 \u00e1gua; design estrutural resistente \u00e0 corros\u00e3o<\/td>\n<\/tr>\n<\/tbody>\n<\/table>\n<!-- #tablepress-65 from cache --><\/div>\n<\/div>\n<div><\/div>\n<div class=\"woocb\"><a class=\"wocb\" href=\"https:\/\/www.beiaole.com\/wp-content\/uploads\/2025\/08\/EC-Motor-Shutter-Exhaust-Fan-1.pdf\" target=\"_blank\" rel=\"noopener\">formar<\/a><\/div>\n<div><\/div>","protected":false},"excerpt":{"rendered":"<ul>\n<li>\n<h2>Fluxo de ar de alta efici\u00eancia:<\/h2>\n<p>\u202f16\u2011polegadas\u202ffan\u202fmoves\u202f2.560\u202fcfm\u202f(\u2248\u202f4.350\u202fm\u00b3\/h)\u202fcom\u202fpress\u00e3o\u202fdentre\u202fem torno\u202f96\u202fpa\u202ffor\u202ffor-equilibrada.<\/li>\n<li>\n<h2>Tecnologia avan\u00e7ada do motor:<\/h2>\n<p>\u202fPWM\u202fcontrol\u202fpaz a precis\u00e3o\u202fprecis\u00e3o\u202fmodula\u00e7\u00e3o\u202fmodula\u00e7\u00e3o,\u202f10\u2011ajuste,\u202fe\u202f superior de efici\u00eancia.<\/li>\n<li>\n<h2>Constru\u00e7\u00e3o dur\u00e1vel:<\/h2>\n<p>\u202f estores de a\u00e7o resistentes \u00e0 corros\u00e3o\u202f e\u202fe\u202fleves\u202fblades\u202fprojetado\u202fpara\u202fcont\u00ednuos de ambientes cont\u00ednuos para o\u202fem- prios cont\u00ednuos.<\/li>\n<li>\n<h2>For\u00e7a silenciosa:<\/h2>\n<p>\u202fn\u00edveis de som\u202f entre\u202f67\u202f\u2013\u202f70\u202fdba\u202fentrega\u202fserious\u202fflow\u202f sem harsh\u202fnoise\u202fmec\u00e2nicos.<\/li>\n<li>\n<h2>Vida longa do servi\u00e7o:<\/h2>\n<p>\u202fdual\u202fball\u202f rolamentos\u202fsuporte\u202fan\u202fl10\u202fespancada de\u202f67.000\u202fhoras\u202f sob carga pesada.<\/li>\n<li>\n<h2>Inteligente\u202fcontrol\u202fintegra\u00e7\u00e3o:<\/h2>\n<p>\u202fuis\u2011plataforma\u202fpronto\u202fcom\u202ffun\u00e7\u00e3o\u202ffun\u00e7\u00e3o\u202fpara\u202fajustes de ventila\u00e7\u00e3o repes\u00e1veis.<\/li>\n<li>\n<h2>Prote\u00e7\u00e3o ambiental:<\/h2>\n<p>\u202fIP44\u202fclassificando\u202fpara\u202fpoeira\u202fe\u202fresist\u00eancia\u202fresist\u00eancia\u202fsegura\u202fopera\u00e7\u00e3o constante\u202fano.<\/li>\n<\/ul>\n<hr \/>","protected":false},"featured_media":4539,"comment_status":"open","ping_status":"open","template":"","meta":{"_acf_changed":false},"product_brand":[],"product_cat":[28],"product_tag":[],"class_list":{"0":"post-4538","1":"product","2":"type-product","3":"status-publish","4":"has-post-thumbnail","6":"product_cat-exhaust-fan","8":"first","9":"instock","10":"sale","11":"purchasable","12":"product-type-simple"},"acf":[],"_links":{"self":[{"href":"https:\/\/www.ecvents.com\/pt\/wp-json\/wp\/v2\/product\/4538","targetHints":{"allow":["GET"]}}],"collection":[{"href":"https:\/\/www.ecvents.com\/pt\/wp-json\/wp\/v2\/product"}],"about":[{"href":"https:\/\/www.ecvents.com\/pt\/wp-json\/wp\/v2\/types\/product"}],"replies":[{"embeddable":true,"href":"https:\/\/www.ecvents.com\/pt\/wp-json\/wp\/v2\/comments?post=4538"}],"wp:featuredmedia":[{"embeddable":true,"href":"https:\/\/www.ecvents.com\/pt\/wp-json\/wp\/v2\/media\/4539"}],"wp:attachment":[{"href":"https:\/\/www.ecvents.com\/pt\/wp-json\/wp\/v2\/media?parent=4538"}],"wp:term":[{"taxonomy":"product_brand","embeddable":true,"href":"https:\/\/www.ecvents.com\/pt\/wp-json\/wp\/v2\/product_brand?post=4538"},{"taxonomy":"product_cat","embeddable":true,"href":"https:\/\/www.ecvents.com\/pt\/wp-json\/wp\/v2\/product_cat?post=4538"},{"taxonomy":"product_tag","embeddable":true,"href":"https:\/\/www.ecvents.com\/pt\/wp-json\/wp\/v2\/product_tag?post=4538"}],"curies":[{"name":"wp","href":"https:\/\/api.w.org\/{rel}","templated":true}]}}