{"id":4600,"date":"2026-03-19T06:01:12","date_gmt":"2026-03-19T11:01:12","guid":{"rendered":"https:\/\/www.ecvents.com\/?post_type=product&#038;p=4600"},"modified":"2026-03-19T06:02:35","modified_gmt":"2026-03-19T11:02:35","slug":"desumidificador-de-teto","status":"publish","type":"product","link":"https:\/\/www.ecvents.com\/pt\/product\/desumidificador-de-teto\/","title":{"rendered":"desumidificador de teto"},"content":{"rendered":"<div class=\"someee\">\n<h2><strong>equil\u00edbrio silencioso. Conforto seco. Projetado para desempenho oculto.<\/strong><\/h2>\n<p>o\u00a0<strong>desumidificador de teto<\/strong>\u00a0Traz o controle invis\u00edvel para o conforto interno. Montado discretamente, ele mant\u00e9m a umidade sob controle - extraindo silenciosamente umidade para que cada quarto pare\u00e7a mais leve, fresco e mais f\u00e1cil de respirar. Nenhuma intrus\u00e3o, nenhuma desordem, apenas uma sensa\u00e7\u00e3o constante de ar calmo se movendo silenciosamente acima de voc\u00ea.<\/p>\n<p>sua\u00a0<strong>compressor rotativo compacto<\/strong>\u00a0Combina com um sistema de fluxo de ar de precis\u00e3o para fornecer uma desumidifica\u00e7\u00e3o est\u00e1vel e inteligente. Dutos otimizados para ru\u00eddo e um conjunto de ventilador equilibrado reduzem a vibra\u00e7\u00e3o, permitindo uma opera\u00e7\u00e3o cont\u00ednua com o m\u00ednimo de pegada ac\u00fastica. Por tr\u00e1s de seu comportamento silencioso, h\u00e1 um poder confi\u00e1vel projetado para anos de servi\u00e7o.<\/p>\n<p>A unidade\u00a0<strong>Corpo em a\u00e7o galvanizado<\/strong>\u00a0\u00c9 duplamente revestido para resist\u00eancia \u00e0 corros\u00e3o, mantendo a integridade estrutural e um acabamento limpo ao longo do tempo. dentro,\u00a0<strong>Tubula\u00e7\u00e3o de cobre e aletas de alum\u00ednio<\/strong>\u00a0Gerencie a troca de calor com efici\u00eancia e longevidade. um\u00a0<strong>C\u00e2mara de ventila\u00e7\u00e3o dupla<\/strong>\u00a0Promove o ciclo natural do ar, substituindo a estagna\u00e7\u00e3o da umidade por um fluxo limpo e respir\u00e1vel em todo o espa\u00e7o.<\/p>\n<p>A intera\u00e7\u00e3o \u00e9 intuitiva. o\u00a0<strong>Controle de tela sens\u00edvel ao toque de 86 caixas<\/strong>\u00a0Ajusta os modos instantaneamente enquanto os sensores integrados monitoram a umidade, temperatura, n\u00edveis de CO\u2082 e PM2.5\u2014Precis\u00e3o autom\u00e1tica que voc\u00ea nunca precisa supervisionar.<\/p>\n<\/div>\n<hr \/>\n<p>Desempenho:<\/p>\n<div class=\"scroll-table-wrapper\">\n<div class=\"scroll-table\">\n<table id=\"tablepress-62\" class=\"tablepress tablepress-id-62\">\n<thead>\n<tr class=\"row-1\">\n\t<th class=\"column-1\">modelo<\/th><th class=\"column-2\">250gxd<\/th><th class=\"column-3\">350gxd<\/th><th class=\"column-4\">500GXD<\/th><th class=\"column-5\">800GXD<\/th>\n<\/tr>\n<\/thead>\n<tbody class=\"row-striping row-hover\">\n<tr class=\"row-2\">\n\t<td class=\"column-1\">tens\u00e3o(v)<\/td><td class=\"column-2\">220<\/td><td class=\"column-3\">220<\/td><td class=\"column-4\">220<\/td><td class=\"column-5\">220<\/td>\n<\/tr>\n<tr class=\"row-3\">\n\t<td class=\"column-1\">Volume do ar (m\u00b3\/h)<\/td><td class=\"column-2\">250<\/td><td class=\"column-3\">350<\/td><td class=\"column-4\">500<\/td><td class=\"column-5\">800<\/td>\n<\/tr>\n<tr class=\"row-4\">\n\t<td class=\"column-1\">Fluxo de ar (m\u00b3\/h)<\/td><td class=\"column-2\">0~120<\/td><td class=\"column-3\">0~160<\/td><td class=\"column-4\">0~220<\/td><td class=\"column-5\">0~380<\/td>\n<\/tr>\n<tr class=\"row-5\">\n\t<td class=\"column-1\">Capacidade de desumidifica\u00e7\u00e3o (L\/dia)<\/td><td class=\"column-2\">32<\/td><td class=\"column-3\">58<\/td><td class=\"column-4\">70<\/td><td class=\"column-5\">120<\/td>\n<\/tr>\n<tr class=\"row-6\">\n\t<td class=\"column-1\">poder (w)<\/td><td class=\"column-2\">580<\/td><td class=\"column-3\">720<\/td><td class=\"column-4\">850<\/td><td class=\"column-5\">1000<\/td>\n<\/tr>\n<tr class=\"row-7\">\n\t<td class=\"column-1\">Press\u00e3o est\u00e1tica externa (PA)<\/td><td class=\"column-2\">80<\/td><td class=\"column-3\">90<\/td><td class=\"column-4\">100<\/td><td class=\"column-5\">120<\/td>\n<\/tr>\n<tr class=\"row-8\">\n\t<td class=\"column-1\">Ru\u00eddo (db)<\/td><td class=\"column-2\">38<\/td><td class=\"column-3\">40<\/td><td class=\"column-4\">45<\/td><td class=\"column-5\">65<\/td>\n<\/tr>\n<tr class=\"row-9\">\n\t<td class=\"column-1\">Peso (kg)<\/td><td class=\"column-2\">48<\/td><td class=\"column-3\">55<\/td><td class=\"column-4\">68<\/td><td class=\"column-5\">62<\/td>\n<\/tr>\n<tr class=\"row-10\">\n\t<td class=\"column-1\">modo de degelo<\/td><td class=\"column-2\">carro<\/td><td class=\"column-3\">carro<\/td><td class=\"column-4\">carro<\/td><td class=\"column-5\">carro<\/td>\n<\/tr>\n<tr class=\"row-11\">\n\t<td class=\"column-1\">modo de controle<\/td><td class=\"column-2\">86 - Tela de tecla de toque da caixa<\/td><td class=\"column-3\">86 - Tela de tecla de toque da caixa<\/td><td class=\"column-4\">86 - Tela de tecla de toque da caixa<\/td><td class=\"column-5\">86 - Tela de tecla de toque da caixa<\/td>\n<\/tr>\n<tr class=\"row-12\">\n\t<td class=\"column-1\">Modo de drenagem<\/td><td class=\"column-2\">Drenagem direta via mangueira<\/td><td class=\"column-3\">Drenagem direta via mangueira<\/td><td class=\"column-4\">Drenagem direta via mangueira<\/td><td class=\"column-5\">Drenagem direta via mangueira<\/td>\n<\/tr>\n<tr class=\"row-13\">\n\t<td class=\"column-1\">Tamanho da sa\u00edda de ar (mm)<\/td><td class=\"column-2\">0150<\/td><td class=\"column-3\">0150<\/td><td class=\"column-4\">0150<\/td><td class=\"column-5\">0200 (opcional 0150)<\/td>\n<\/tr>\n<tr class=\"row-14\">\n\t<td class=\"column-1\">Dimens\u00f5es (mm)<br \/>\n(comprimento x largura x altura)<\/td><td class=\"column-2\">1100\u00d7680\u00d7300<\/td><td class=\"column-3\">1100\u00d7680\u00d7300<\/td><td class=\"column-4\">1100\u00d7680\u00d7300<\/td><td class=\"column-5\">1450\u00d71000\u00d7350<\/td>\n<\/tr>\n<\/tbody>\n<\/table>\n<\/div>\n<\/div>\n<div><\/div>\n<div class=\"woocb\"><a class=\"wocb\" href=\"http:\/\/www.beiaole.com\/wp-content\/uploads\/2025\/09\/d5.1.pdf\" target=\"_blank\" rel=\"noopener\">formar<\/a><\/div>\n<div><\/div>","protected":false},"excerpt":{"rendered":"<ul>\n<li>\n<h2>Poderoso\u202fdesumidifica\u00e7\u00e3o:<\/h2>\n<p>\u202fremove\u202f32\u202f\u2013\u202f120\u202fl\u202fof\u202f umidade\u202fper\u202fdia\u202facross\u202ffluxos\u202fvariando\u202fde\u202f250\u202f a 800\u202fm\u00b3\/h.<\/li>\n<li>\n<h2>Opera\u00e7\u00e3o de baixo ru\u00eddo:<\/h2>\n<p>\u202facu\u00fastico\u202flevels\u202fas\u202fas\u202fas\u202f38\u202fdb\u202fcriar\u202fan\u202fatordominado\u202fpara viver\u202fou dormir\u202flong\u00ednser.<\/li>\n<li>\n<h2>Constru\u00e7\u00e3o dur\u00e1vel para todos os metal:<\/h2>\n<p>\u202fgalvanizado\u202fa\u00e7o\u202fcasaco\u202fcom\u202fcoating\u202fresiste\u202fcorros\u00e3o\u202fe\u202fcondi\u00e7\u00f5es \u00famidas.<\/li>\n<li>\n<h2>Troca de calor eficiente:<\/h2>\n<p>\u202fcopper\u202fpipes\u202fe\u202falulumino\u202ffins\u202fmaximizar\u202ft\u00e9rmica\u202ftransfer\u202fe\u202flongo\u202festabilidade.<\/li>\n<li>\n<h2>Sensores inteligentes\u202fambientais:<\/h2>\n<p>\u202fconstru\u00eddo\u2011in\u202fco\u2082,\u202ftemperatura,\u202fe\u202fpm2.5\u202fmonitoramento\u202fpara\u202fgest\u00e3o\u202fgerenciamento.<\/li>\n<li>\n<h2>Controle amig\u00e1vel para o usu\u00e1rio:<\/h2>\n<p>\u202f86\u2011box\u202ftouch\u202finterface\u202fpara\u202fsele\u00e7\u00e3o\u202fsele\u00e7\u00e3o\u202fe\u202freencontro do sistema\u202f\u00e0\u202f\u00e0\u202f\u00e0\u202f\u00e0\u202f\u00e0-fora.<\/li>\n<li>\n<h2>Flex\u00edvel\u202fdrenage\u202fe\u202fdegelo:<\/h2>\n<p>\u202fautom\u00e1tica\u202fdegelo\u202fe\u202fdireta\u202fdrenage\u202fescammasse\u202fmaintenance.<\/li>\n<li>\n<h2>Projeto do teto compacto\u202f:<\/h2>\n<p>\u202fultra\u2011thin\u202fform\u202ffactor\u202f(300\u2013350\u202fmm\u202fheight)\u202fintegrar\u202f sem costura em seus tetos modernos.<\/li>\n<\/ul>\n<hr \/>","protected":false},"featured_media":4631,"comment_status":"open","ping_status":"closed","template":"","meta":{"_acf_changed":false},"product_brand":[],"product_cat":[64],"product_tag":[],"class_list":{"0":"post-4600","1":"product","2":"type-product","3":"status-publish","4":"has-post-thumbnail","6":"product_cat-dehumidifier-series","8":"first","9":"outofstock","10":"taxable","11":"shipping-taxable","12":"purchasable","13":"product-type-variable"},"acf":[],"_links":{"self":[{"href":"https:\/\/www.ecvents.com\/pt\/wp-json\/wp\/v2\/product\/4600","targetHints":{"allow":["GET"]}}],"collection":[{"href":"https:\/\/www.ecvents.com\/pt\/wp-json\/wp\/v2\/product"}],"about":[{"href":"https:\/\/www.ecvents.com\/pt\/wp-json\/wp\/v2\/types\/product"}],"replies":[{"embeddable":true,"href":"https:\/\/www.ecvents.com\/pt\/wp-json\/wp\/v2\/comments?post=4600"}],"wp:featuredmedia":[{"embeddable":true,"href":"https:\/\/www.ecvents.com\/pt\/wp-json\/wp\/v2\/media\/4631"}],"wp:attachment":[{"href":"https:\/\/www.ecvents.com\/pt\/wp-json\/wp\/v2\/media?parent=4600"}],"wp:term":[{"taxonomy":"product_brand","embeddable":true,"href":"https:\/\/www.ecvents.com\/pt\/wp-json\/wp\/v2\/product_brand?post=4600"},{"taxonomy":"product_cat","embeddable":true,"href":"https:\/\/www.ecvents.com\/pt\/wp-json\/wp\/v2\/product_cat?post=4600"},{"taxonomy":"product_tag","embeddable":true,"href":"https:\/\/www.ecvents.com\/pt\/wp-json\/wp\/v2\/product_tag?post=4600"}],"curies":[{"name":"wp","href":"https:\/\/api.w.org\/{rel}","templated":true}]}}