{"id":4601,"date":"2026-03-19T06:01:12","date_gmt":"2026-03-19T11:01:12","guid":{"rendered":"https:\/\/www.ecvents.com\/?post_type=product&#038;p=4601"},"modified":"2026-03-19T06:02:35","modified_gmt":"2026-03-19T11:02:35","slug":"cortina-de-ar-de-fluxo-cruzado-serie-q","status":"publish","type":"product","link":"https:\/\/www.ecvents.com\/pt\/product\/cortina-de-ar-de-fluxo-cruzado-serie-q\/","title":{"rendered":"cortina de ar de fluxo cruzado s\u00e9rie q"},"content":{"rendered":"<div class=\"someee\">\n<h2><strong>Escudo silencioso. Conforto constante. Projetado para definir cada entrada.<\/strong><\/h2>\n<p>o\u00a0<strong>Cortina de ar de fluxo cruzado\u202fq\u202f s\u00e9rie<\/strong>\u00a0Traz a precis\u00e3o silenciosa para o limite entre dentro e fora de casa. Seu dever \u00e9 simples, mas essencial: manter o ar condicionado, o calor externo e a poeira fora, criando uma barreira de conforto suave e invis\u00edvel. Ideal para lojas, caf\u00e9s e cozinhas comerciais, ele estabiliza o clima interno, economizando energia e mantendo todas as portas acolhedoras.<\/p>\n<p>o\u00a0<strong>carca\u00e7a curvada aerodin\u00e2mica<\/strong>\u00a0Combina durabilidade com eleg\u00e2ncia. Feito em metal \u00e0 prova de ferrugem, parece s\u00f3lido sem excesso de peso. As listras discretas de entrada n\u00e3o s\u00e3o apenas visuais - elas equilibram o fluxo de ar uniformemente em toda a largura para uma cobertura consistente. A estrutura refinada torna a instala\u00e7\u00e3o r\u00e1pida e f\u00e1cil de manuten\u00e7\u00f5es.<\/p>\n<p>Dentro, um\u00a0<strong>Motor de cobre puro<\/strong>\u00a0e\u00a0<strong>Roda de fluxo cruzado de precis\u00e3o<\/strong>\u00a0Manter um desempenho poderoso com um ru\u00eddo notavelmente pouco. A dire\u00e7\u00e3o do ar \u00e9 facilmente ajustada por meio de um\u00a0<strong>Barra de guia redesenhada<\/strong>, e o\u00a0<strong>Interruptor de controle de duas velocidades<\/strong>\u00a0Muda de uma brisa suave para uma corrente de prote\u00e7\u00e3o forte sempre que for necess\u00e1ria uma separa\u00e7\u00e3o maior. Testado para mais de\u00a0<strong>8.000\u202fhoras de opera\u00e7\u00e3o cont\u00ednua<\/strong>, a s\u00e9rie\u202fQ\u202f oferece a seguran\u00e7a silenciosa da engenharia constru\u00edda para durar.<\/p>\n<\/div>\n<hr \/>\n<p>Desempenho:<\/p>\n<div class=\"scroll-table-wrapper\">\n<div class=\"scroll-table\">\n<table id=\"tablepress-54\" class=\"tablepress tablepress-id-54\">\n<thead>\n<tr class=\"row-1\">\n\t<th class=\"column-1\">modelo<\/th><th class=\"column-2\">Dimens\u00f5es (mm)<\/th><th class=\"column-3\">tens\u00e3o(v)<\/th><th class=\"column-4\">Frequ\u00eancia(Hz)<\/th><th class=\"column-5\">poder (w)<\/th><th class=\"column-6\">Velocidade (m\/s)<\/th><th class=\"column-7\">Fluxo de ar (m\u00b3\/h)<\/th><th class=\"column-8\">Ru\u00eddo (db)<\/th><th class=\"column-9\">Peso (kg)<\/th>\n<\/tr>\n<\/thead>\n<tbody class=\"row-striping row-hover\">\n<tr class=\"row-2\">\n\t<td class=\"column-1\">FM-125-06<\/td><td class=\"column-2\">600x145\u00d7185<\/td><td class=\"column-3\">220<\/td><td class=\"column-4\">50<\/td><td class=\"column-5\">105<\/td><td class=\"column-6\">9-11<\/td><td class=\"column-7\">1200<\/td><td class=\"column-8\">50<\/td><td class=\"column-9\">5.5<\/td>\n<\/tr>\n<tr class=\"row-3\">\n\t<td class=\"column-1\">FM-125-09<\/td><td class=\"column-2\">900x145\u00d7185<\/td><td class=\"column-3\">220<\/td><td class=\"column-4\">50<\/td><td class=\"column-5\">105<\/td><td class=\"column-6\">9-11<\/td><td class=\"column-7\">1300<\/td><td class=\"column-8\">57<\/td><td class=\"column-9\">7<\/td>\n<\/tr>\n<tr class=\"row-4\">\n\t<td class=\"column-1\">FM-125-10<\/td><td class=\"column-2\">1000\u00d7145\u00d7185<\/td><td class=\"column-3\">220<\/td><td class=\"column-4\">50<\/td><td class=\"column-5\">130<\/td><td class=\"column-6\">9-11<\/td><td class=\"column-7\">1500<\/td><td class=\"column-8\">58<\/td><td class=\"column-9\">7.5<\/td>\n<\/tr>\n<tr class=\"row-5\">\n\t<td class=\"column-1\">FM-125-12<\/td><td class=\"column-2\">1200x145\u00d7185<\/td><td class=\"column-3\">220<\/td><td class=\"column-4\">50<\/td><td class=\"column-5\">160<\/td><td class=\"column-6\">9-11<\/td><td class=\"column-7\">1700<\/td><td class=\"column-8\">58<\/td><td class=\"column-9\">8.5<\/td>\n<\/tr>\n<tr class=\"row-6\">\n\t<td class=\"column-1\">FM-125-15<\/td><td class=\"column-2\">1500x145\u00d7185<\/td><td class=\"column-3\">220<\/td><td class=\"column-4\">50<\/td><td class=\"column-5\">200<\/td><td class=\"column-6\">9-11<\/td><td class=\"column-7\">2150<\/td><td class=\"column-8\">59<\/td><td class=\"column-9\">10<\/td>\n<\/tr>\n<tr class=\"row-7\">\n\t<td class=\"column-1\">FM-125-18<\/td><td class=\"column-2\">1800\u00d7145x185<\/td><td class=\"column-3\">220<\/td><td class=\"column-4\">50<\/td><td class=\"column-5\">250<\/td><td class=\"column-6\">9-11<\/td><td class=\"column-7\">2600<\/td><td class=\"column-8\">60<\/td><td class=\"column-9\">13<\/td>\n<\/tr>\n<tr class=\"row-8\">\n\t<td class=\"column-1\">FM-125-20<\/td><td class=\"column-2\">2000 x 145 \u00d7 185<\/td><td class=\"column-3\">220<\/td><td class=\"column-4\">50<\/td><td class=\"column-5\">280<\/td><td class=\"column-6\">9-11<\/td><td class=\"column-7\">2900<\/td><td class=\"column-8\">61<\/td><td class=\"column-9\">13.5<\/td>\n<\/tr>\n<\/tbody>\n<\/table>\n<!-- #tablepress-54 from cache --><\/div>\n<\/div>\n<div><\/div>\n<div class=\"woocb\"><a class=\"wocb\" href=\"http:\/\/www.beiaole.com\/wp-content\/uploads\/2025\/10\/d4.2.pdf\" target=\"_blank\" rel=\"noopener\">formar<\/a><\/div>\n<div><\/div>","protected":false},"excerpt":{"rendered":"<ul>\n<li>\n<h2>Barreira do ar est\u00e1vel:<\/h2>\n<p>\u202f mant\u00e9m a separa\u00e7\u00e3o entre os ambientes internos e internos para o controle da temperatura e o p\u00f3 para o controle de poeira.<\/li>\n<li>\n<h2>Desempenho de baixo ru\u00eddo:<\/h2>\n<p>\u202fcross\u2011flow\u202faerodin\u00e2mica\u202fe\u202fprecis\u00e3o\u2011equilibrada\u202fwheel\u202freduce\u202fpara\u202fas\u202fas\u202fas\u202f50\u202f\u2013\u202f61\u202fdb.<\/li>\n<li>\n<h2>Corpo dur\u00e1vel \u00e0 prova de ferrugem:<\/h2>\n<p>\u202fmetal\u202fhousing\u202f resiste\u202fcorrosion\u202fe\u202fuse\u202fpara o uso comercial a longo prazo.<\/li>\n<li>\n<h2>Dire\u00e7\u00e3o a\u00e9rea ajust\u00e1vel:<\/h2>\n<p>\u202ftilting\u202fguia\u202fbar\u202fsegura\u202fde entrega de ar com precis\u00e3o para\u202fdiferentes\u202fa-aproximadamente e\u202fcondi\u00e7\u00f5es.<\/li>\n<li>\n<h2>Controle de duas velocidades:<\/h2>\n<p>\u202fSimples\u202fkey\u202fmude para uma opera\u00e7\u00e3o r\u00e1pida\u202f\u2014\u202fescolhe\u202fgentil\u202for\u202fvelocidade\u202fconforme necess\u00e1rio.<\/li>\n<li>\n<h2>Drive eficiente em termos de energia<\/h2>\n<p>\u202fcopper\u202fmotor\u202f mant\u00e9m\u202fforte\u202foutput\u202fcom baixo consumo de poder.<\/li>\n<li>\n<h2>Vida de servi\u00e7o estendida:<\/h2>\n<p>\u202fmais\u202f8.000\u202fhoras\u202fde\u202fopera\u00e7\u00e3o cont\u00ednua testada\u202fpara o uso de luz, de manuten\u00e7\u00e3o\u202fecon\u00e1vel.<\/li>\n<\/ul>\n<hr \/>","protected":false},"featured_media":4632,"comment_status":"open","ping_status":"closed","template":"","meta":{"_acf_changed":false},"product_brand":[],"product_cat":[65],"product_tag":[],"class_list":{"0":"post-4601","1":"product","2":"type-product","3":"status-publish","4":"has-post-thumbnail","6":"product_cat-air-curtain","8":"first","9":"instock","10":"taxable","11":"shipping-taxable","12":"purchasable","13":"product-type-variable","14":"has-default-attributes"},"acf":[],"_links":{"self":[{"href":"https:\/\/www.ecvents.com\/pt\/wp-json\/wp\/v2\/product\/4601","targetHints":{"allow":["GET"]}}],"collection":[{"href":"https:\/\/www.ecvents.com\/pt\/wp-json\/wp\/v2\/product"}],"about":[{"href":"https:\/\/www.ecvents.com\/pt\/wp-json\/wp\/v2\/types\/product"}],"replies":[{"embeddable":true,"href":"https:\/\/www.ecvents.com\/pt\/wp-json\/wp\/v2\/comments?post=4601"}],"wp:featuredmedia":[{"embeddable":true,"href":"https:\/\/www.ecvents.com\/pt\/wp-json\/wp\/v2\/media\/4632"}],"wp:attachment":[{"href":"https:\/\/www.ecvents.com\/pt\/wp-json\/wp\/v2\/media?parent=4601"}],"wp:term":[{"taxonomy":"product_brand","embeddable":true,"href":"https:\/\/www.ecvents.com\/pt\/wp-json\/wp\/v2\/product_brand?post=4601"},{"taxonomy":"product_cat","embeddable":true,"href":"https:\/\/www.ecvents.com\/pt\/wp-json\/wp\/v2\/product_cat?post=4601"},{"taxonomy":"product_tag","embeddable":true,"href":"https:\/\/www.ecvents.com\/pt\/wp-json\/wp\/v2\/product_tag?post=4601"}],"curies":[{"name":"wp","href":"https:\/\/api.w.org\/{rel}","templated":true}]}}