{"id":4602,"date":"2026-03-19T06:01:12","date_gmt":"2026-03-19T11:01:12","guid":{"rendered":"https:\/\/www.ecvents.com\/?post_type=product&#038;p=4602"},"modified":"2026-03-19T06:02:04","modified_gmt":"2026-03-19T11:02:04","slug":"ventilador-de-gabinete-de-ar-de-alta-pressao","status":"publish","type":"product","link":"https:\/\/www.ecvents.com\/pt\/product\/ventilador-de-gabinete-de-ar-de-alta-pressao\/","title":{"rendered":"Ventilador de gabinete de ar de alta press\u00e3o"},"content":{"rendered":"<div class=\"someee\">\n<h2><strong>press\u00e3o mais alta. alcance mais amplo. confian\u00e7a em cada fluxo.<\/strong><\/h2>\n<p>Quando os caminhos de ventila\u00e7\u00e3o ficam mais longos e a resist\u00eancia aumenta, o\u00a0<strong>Ventilador de gabinete de ar de alta press\u00e3o<\/strong>\u00a0Mant\u00e9m o desempenho est\u00e1vel. Prop\u00f3sito para ambientes de alta demanda \u2013 cozinhas comerciais, estendidos ou rotas de ar multi-zonas \u2013 combina a forte press\u00e3o est\u00e1tica de um ventilador centr\u00edfugo com a efici\u00eancia de movimenta\u00e7\u00e3o de ar de um sistema de gabinete. O resultado: um fluxo de ar robusto e consistente que permanece pressurizado onde os ventiladores comuns perdem o impulso.<\/p>\n<p>Em sua ess\u00eancia, um\u00a0<strong>Motor de cobre com classifica\u00e7\u00e3o IP54<\/strong>\u00a0Encaixotado em um inv\u00f3lucro de alum\u00ednio de alta resist\u00eancia, oferece uma pot\u00eancia de funcionamento dur\u00e1vel e de alta qualidade. sua\u00a0<strong>rotor de metal<\/strong>\u00a0e\u00a0<strong>Design de dutos internos simplificados<\/strong>\u00a0Produza um fluxo de ar equilibrado e de alta velocidade em longas dist\u00e2ncias, enquanto suprime a vibra\u00e7\u00e3o e mant\u00e9m o ru\u00eddo impressionantemente baixo para sua classe de sa\u00edda.<\/p>\n<p>Apesar de seu m\u00fasculo, o ventilador permanece compacto. o\u00a0<strong>Configura\u00e7\u00e3o integrada do motor<\/strong>\u00a0Reduz as dimens\u00f5es gerais, encaixando-se em vazios de teto apertados comuns em restaurantes e instala\u00e7\u00f5es de varejo. Constru\u00eddo para opera\u00e7\u00e3o cont\u00ednua, ele funciona com uma autoridade silenciosa dia ap\u00f3s dia.<\/p>\n<p>Os pontos de acesso inteligentes de manuten\u00e7\u00e3o completam o design.\u00a0<strong>Coberturas de inspe\u00e7\u00e3o de libera\u00e7\u00e3o r\u00e1pida<\/strong>\u00a0A limpeza ou manuten\u00e7\u00e3o m\u00e9dia pode ser feita em minutos - sem desmontagem total, sem inatividade prolongada.<\/p>\n<\/div>\n<hr \/>\n<p>Dimens\u00f5es (unidade: mm):<\/p>\n<div class=\"scroll-table-wrapper\">\n<div class=\"scroll-table\">\n<table id=\"tablepress-16\" class=\"tablepress tablepress-id-16\">\n<thead>\n<tr class=\"row-1\">\n\t<th class=\"column-1\">modelo<\/th><th class=\"column-2\">L<\/th><th class=\"column-3\">L1<\/th><th class=\"column-4\">W<\/th><th class=\"column-5\">w1<\/th><th class=\"column-6\">H<\/th><th class=\"column-7\">oi<\/th><th class=\"column-8\">D1<\/th><th class=\"column-9\">F<\/th><th class=\"column-10\">tamanho da sa\u00edda de ar<br \/>\n(axb)<\/th><th class=\"column-11\">Tamanho da entrada de ar<br \/>\n(cx)<\/th>\n<\/tr>\n<\/thead>\n<tbody class=\"row-striping row-hover\">\n<tr class=\"row-2\">\n\t<td class=\"column-1\">dt28-6000<\/td><td class=\"column-2\">620<\/td><td class=\"column-3\">520<\/td><td class=\"column-4\">700<\/td><td class=\"column-5\">750<\/td><td class=\"column-6\">615<\/td><td class=\"column-7\">100<\/td><td class=\"column-8\">50<\/td><td class=\"column-9\">25<\/td><td class=\"column-10\">405x285<\/td><td class=\"column-11\">630x565<\/td>\n<\/tr>\n<tr class=\"row-3\">\n\t<td class=\"column-1\">DT30-8000<\/td><td class=\"column-2\">650<\/td><td class=\"column-3\">550<\/td><td class=\"column-4\">750<\/td><td class=\"column-5\">800<\/td><td class=\"column-6\">650<\/td><td class=\"column-7\">100<\/td><td class=\"column-8\">50<\/td><td class=\"column-9\">25<\/td><td class=\"column-10\">430x300<\/td><td class=\"column-11\">680x600<\/td>\n<\/tr>\n<tr class=\"row-4\">\n\t<td class=\"column-1\">dt30-10000<\/td><td class=\"column-2\">650<\/td><td class=\"column-3\">550<\/td><td class=\"column-4\">750<\/td><td class=\"column-5\">800<\/td><td class=\"column-6\">650<\/td><td class=\"column-7\">100<\/td><td class=\"column-8\">50<\/td><td class=\"column-9\">25<\/td><td class=\"column-10\">430x300<\/td><td class=\"column-11\">680x600<\/td>\n<\/tr>\n<tr class=\"row-5\">\n\t<td class=\"column-1\">dt32-12000<\/td><td class=\"column-2\">725<\/td><td class=\"column-3\">625<\/td><td class=\"column-4\">800<\/td><td class=\"column-5\">850<\/td><td class=\"column-6\">725<\/td><td class=\"column-7\">100<\/td><td class=\"column-8\">50<\/td><td class=\"column-9\">25<\/td><td class=\"column-10\">405x330<\/td><td class=\"column-11\">730x675<\/td>\n<\/tr>\n<\/tbody>\n<\/table>\n<!-- #tablepress-16 from cache --><\/div>\n<\/div>\n<div><\/div>\n<div class=\"woocb\"><a class=\"wocb\" href=\"http:\/\/www.beiaole.com\/wp-content\/uploads\/2025\/08\/d2.1.1.pdf\" target=\"_blank\" rel=\"noopener\">formar<\/a><\/div>\n<div><\/div>\n<div><img loading=\"lazy\" decoding=\"async\" class=\"aligncenter wp-image-15946 size-large\" src=\"http:\/\/www.beiaole.com\/wp-content\/uploads\/2025\/08\/s2.1-1024x813.png\" alt=\"High Pressure Air Cabinet Fan-size\" width=\"1024\" height=\"813\" data-no-translation=\"\" \/><\/div>\n<p>Desempenho:<\/p>\n<div class=\"scroll-table-wrapper\">\n<div class=\"scroll-table\">\n<table id=\"tablepress-17\" class=\"tablepress tablepress-id-17\">\n<thead>\n<tr class=\"row-1\">\n\t<th class=\"column-1\">modelo<\/th><th class=\"column-2\">tens\u00e3o(v)<\/th><th class=\"column-3\">Frequ\u00eancia(Hz)<\/th><th class=\"column-4\">Velocidade (rpm)<\/th><th class=\"column-5\">poder (w)<\/th><th class=\"column-6\">Fluxo de ar (m\u00b3\/h)<\/th><th class=\"column-7\">Press\u00e3o est\u00e1tica (PA)<\/th><th class=\"column-8\">Ru\u00eddo (db)<\/th><th class=\"column-9\">n.m(kg)<\/th>\n<\/tr>\n<\/thead>\n<tbody class=\"row-striping row-hover\">\n<tr class=\"row-2\">\n\t<td class=\"column-1\">dt28-6000<\/td><td class=\"column-2\">380<\/td><td class=\"column-3\">50<\/td><td class=\"column-4\">1400-1450<\/td><td class=\"column-5\">1500<\/td><td class=\"column-6\">6500-4800<\/td><td class=\"column-7\">520-710<\/td><td class=\"column-8\">64<\/td><td class=\"column-9\">60<\/td>\n<\/tr>\n<tr class=\"row-3\">\n\t<td class=\"column-1\">DT30-8000<\/td><td class=\"column-2\">380<\/td><td class=\"column-3\">50<\/td><td class=\"column-4\">1400-1450<\/td><td class=\"column-5\">2200<\/td><td class=\"column-6\">8500-6500<\/td><td class=\"column-7\">640-740<\/td><td class=\"column-8\">67<\/td><td class=\"column-9\">68<\/td>\n<\/tr>\n<tr class=\"row-4\">\n\t<td class=\"column-1\">dt30-10000<\/td><td class=\"column-2\">380<\/td><td class=\"column-3\">50<\/td><td class=\"column-4\">1400-1450<\/td><td class=\"column-5\">3000<\/td><td class=\"column-6\">10500-8500<\/td><td class=\"column-7\">720-800<\/td><td class=\"column-8\">70<\/td><td class=\"column-9\">72<\/td>\n<\/tr>\n<tr class=\"row-5\">\n\t<td class=\"column-1\">dt32-12000<\/td><td class=\"column-2\">380<\/td><td class=\"column-3\">50<\/td><td class=\"column-4\">1400-1450<\/td><td class=\"column-5\">4000<\/td><td class=\"column-6\">12500-9000<\/td><td class=\"column-7\">740-850<\/td><td class=\"column-8\">73<\/td><td class=\"column-9\">90<\/td>\n<\/tr>\n<\/tbody>\n<\/table>\n<!-- #tablepress-17 from cache --><\/div>\n<\/div>\n<div><\/div>\n<div class=\"woocb\"><a class=\"wocb\" href=\"http:\/\/www.beiaole.com\/wp-content\/uploads\/2025\/08\/d2.1.2.pdf\" target=\"_blank\" rel=\"noopener\">formar<\/a><\/div>\n<div><\/div>\n<div><img loading=\"lazy\" decoding=\"async\" class=\"aligncenter wp-image-17232 size-large\" src=\"http:\/\/www.beiaole.com\/wp-content\/uploads\/2025\/08\/x2.1.1-1024x395.jpg\" alt=\"High Pressure Air Cabinet Fan-q1\" width=\"1024\" height=\"395\" data-no-translation=\"\" \/><\/div>\n<div><img loading=\"lazy\" decoding=\"async\" class=\"aligncenter wp-image-17233 size-large\" src=\"http:\/\/www.beiaole.com\/wp-content\/uploads\/2025\/08\/x2.1.2-1024x393.jpg\" alt=\"High Pressure Air Cabinet Fan-q2\" width=\"1024\" height=\"393\" data-no-translation=\"\" \/><\/div>","protected":false},"excerpt":{"rendered":"<ul>\n<li>\n<h2>Desempenho de alta press\u00e3o:<\/h2>\n<p>\u202fstatic\u202fpressange\u202fcange\u202fup\u202fto\u202f850\u202fpa\u202fpara\u202f850\u202fpa\u202fafira\u202fa est\u00e1veis, asseguram-se entrega est\u00e1vel atrav\u00e9s de\u202flongo\u202fou\u202f ou\u202f de alta resist\u00eancia.<\/li>\n<li>\n<h2>Sa\u00edda de fluxo de ar forte\u202f:<\/h2>\n<p>\u202fmove\u202f4.800\u202f\u2013\u202f12.500\u202fm\u00b3\/h\u202fof\u202fair\u202fat\u202f1.400\u202frpm\u202fpara aplica\u00e7\u00f5es comerciais\u202fversais.<\/li>\n<li>\n<h2>Motor dur\u00e1vel\u202fip54\u2011classificado:<\/h2>\n<p>\u202f puro\u202fcopper\u202fcore\u202fcom alocamento\u202faloy, resistente, para o calor, a hidrata\u00e7\u00e3o, o gordura e o lubrificante.<\/li>\n<li>\n<h2>Impulsor de todo o metal:<\/h2>\n<p>\u202fprecis\u00e3o\u2011equilibrada\u202fpara\u202fefici\u00eancia\u202fefici\u00eancia\u202fe\u202flonga\u2011dist\u00e2ncia\u202fa\u00e9rea\u202f.<\/li>\n<li>\n<h2>Design compacto, ajuste de teto,:<\/h2>\n<p>\u202fintegrado\u202festrutura\u202festrutura\u202feconomiza\u202fespa\u00e7o\u202fem\u202fdese\u202finstala\u00e7\u00f5es\u202fsos\u202fa como\u202fkitchens e\u202fduct\u202feixos.<\/li>\n<li>\n<h2>Manuten\u00e7\u00e3o Acess\u00edvel:<\/h2>\n<p>\u202fside\u202finspe\u00e7\u00e3o\u202fportas\u202fhabilitar\u202frapid\u202flimpeza\u202fe\u202fcomponente\u202fsubstituta\u202fsem\u202fsistema.<\/li>\n<li>\n<h2>Opera\u00e7\u00e3o de som sintonizado:<\/h2>\n<p>\u202fru\u00eddo\u202flevantes\u202fde\u202f64 a\u202f73\u202fdb\u202fmaintain\u202facu\u00fastico\u202fequil\u00edbrio\u202fpara\u202femindeiros.<\/li>\n<\/ul>\n<hr \/>","protected":false},"featured_media":4638,"comment_status":"open","ping_status":"closed","template":"","meta":{"_acf_changed":false},"product_brand":[],"product_cat":[66],"product_tag":[],"class_list":{"0":"post-4602","1":"product","2":"type-product","3":"status-publish","4":"has-post-thumbnail","6":"product_cat-cabinet-fan","8":"first","9":"instock","10":"taxable","11":"shipping-taxable","12":"purchasable","13":"product-type-variable","14":"has-default-attributes"},"acf":[],"_links":{"self":[{"href":"https:\/\/www.ecvents.com\/pt\/wp-json\/wp\/v2\/product\/4602","targetHints":{"allow":["GET"]}}],"collection":[{"href":"https:\/\/www.ecvents.com\/pt\/wp-json\/wp\/v2\/product"}],"about":[{"href":"https:\/\/www.ecvents.com\/pt\/wp-json\/wp\/v2\/types\/product"}],"replies":[{"embeddable":true,"href":"https:\/\/www.ecvents.com\/pt\/wp-json\/wp\/v2\/comments?post=4602"}],"wp:featuredmedia":[{"embeddable":true,"href":"https:\/\/www.ecvents.com\/pt\/wp-json\/wp\/v2\/media\/4638"}],"wp:attachment":[{"href":"https:\/\/www.ecvents.com\/pt\/wp-json\/wp\/v2\/media?parent=4602"}],"wp:term":[{"taxonomy":"product_brand","embeddable":true,"href":"https:\/\/www.ecvents.com\/pt\/wp-json\/wp\/v2\/product_brand?post=4602"},{"taxonomy":"product_cat","embeddable":true,"href":"https:\/\/www.ecvents.com\/pt\/wp-json\/wp\/v2\/product_cat?post=4602"},{"taxonomy":"product_tag","embeddable":true,"href":"https:\/\/www.ecvents.com\/pt\/wp-json\/wp\/v2\/product_tag?post=4602"}],"curies":[{"name":"wp","href":"https:\/\/api.w.org\/{rel}","templated":true}]}}