{"id":4603,"date":"2026-03-19T06:01:12","date_gmt":"2026-03-19T11:01:12","guid":{"rendered":"https:\/\/www.ecvents.com\/?post_type=product&#038;p=4603"},"modified":"2026-03-19T06:02:04","modified_gmt":"2026-03-19T11:02:04","slug":"unidade-de-recuperacao-de-energia-domestica","status":"publish","type":"product","link":"https:\/\/www.ecvents.com\/pt\/product\/unidade-de-recuperacao-de-energia-domestica\/","title":{"rendered":"unidade de recupera\u00e7\u00e3o de energia dom\u00e9stica"},"content":{"rendered":"<div class=\"someee\">\n<h2><strong>ar puro. energia silenciosa. Projetado para uma vida mais saud\u00e1vel.<\/strong><\/h2>\n<p>o\u00a0<strong>Unidade de recupera\u00e7\u00e3o de energia dom\u00e9stica (Haze &amp;\u202fPM2.5\u202fremoval)<\/strong>\u00a0Torna o ar fresco interno uma certeza silenciosa. Alimentado por um\u00a0<strong>Motor de cobre de alta efici\u00eancia<\/strong>\u00a0E rolamentos de precis\u00e3o, oferece circula\u00e7\u00e3o de ar constante com o m\u00ednimo de uso de energia. Depois de instalado, ele se desvanece silenciosamente em segundo plano - despercebido, exceto pela atmosfera calma e limpa que ele constr\u00f3i todos os dias.<\/p>\n<p>sua\u00a0<strong>Sistema de filtragem nano aprimorado<\/strong>, refor\u00e7ado com grafeno, combina propriedades antibacterianas e hidrof\u00f3bicas para remover part\u00edculas finas de neblina, bact\u00e9rias e odores residuais. O resultado \u00e9 um ar naturalmente mais leve, visivelmente mais fresco, sem ru\u00eddo ou interrup\u00e7\u00e3o.<\/p>\n<p>Gra\u00e7as a um\u00a0<strong>Perfil ultrafino de 20 \u202fcm<\/strong>, a unidade se encaixa facilmente em tetos e espa\u00e7os estreitos t\u00edpicos de apartamentos modernos, combinando desempenho com discri\u00e7\u00e3o. Os caminhos independentes de alimenta\u00e7\u00e3o e exaust\u00e3o equilibram a press\u00e3o entre as salas para manter o fluxo uniforme do ar sem correntes de ar ou flutua\u00e7\u00e3o da temperatura.<\/p>\n<\/div>\n<hr \/>\n<p>Dimens\u00f5es (unidade: mm):<\/p>\n<div class=\"scroll-table-wrapper\">\n<div class=\"scroll-table\">\n<table id=\"tablepress-1\" class=\"tablepress tablepress-id-1\">\n<thead>\n<tr class=\"row-1\">\n\t<th class=\"column-1\">modelo<\/th><th class=\"column-2\">L<\/th><th class=\"column-3\">L1<\/th><th class=\"column-4\">L2<\/th><th class=\"column-5\">W<\/th><th class=\"column-6\">w1<\/th><th class=\"column-7\">w2<\/th><th class=\"column-8\">H<\/th><th class=\"column-9\">h1<\/th><th class=\"column-10\">D<\/th><th class=\"column-11\">E<\/th><th class=\"column-12\">F<\/th>\n<\/tr>\n<\/thead>\n<tbody class=\"row-striping row-hover\">\n<tr class=\"row-2\">\n\t<td class=\"column-1\">QRXF-150<\/td><td class=\"column-2\">867<\/td><td class=\"column-3\">746<\/td><td class=\"column-4\">602<\/td><td class=\"column-5\">816<\/td><td class=\"column-6\">460<\/td><td class=\"column-7\">854<\/td><td class=\"column-8\">222<\/td><td class=\"column-9\">11.5<\/td><td class=\"column-10\">563<\/td><td class=\"column-11\">62<\/td><td class=\"column-12\">\u03c6100<\/td>\n<\/tr>\n<tr class=\"row-3\">\n\t<td class=\"column-1\">QRXF-250<\/td><td class=\"column-2\">893<\/td><td class=\"column-3\">746<\/td><td class=\"column-4\">602<\/td><td class=\"column-5\">816<\/td><td class=\"column-6\">460<\/td><td class=\"column-7\">854<\/td><td class=\"column-8\">222<\/td><td class=\"column-9\">11.5<\/td><td class=\"column-10\">563<\/td><td class=\"column-11\">75<\/td><td class=\"column-12\">\u03c6150<\/td>\n<\/tr>\n<tr class=\"row-4\">\n\t<td class=\"column-1\">QRXF-350<\/td><td class=\"column-2\">893<\/td><td class=\"column-3\">746<\/td><td class=\"column-4\">602<\/td><td class=\"column-5\">816<\/td><td class=\"column-6\">460<\/td><td class=\"column-7\">854<\/td><td class=\"column-8\">252<\/td><td class=\"column-9\">11.5<\/td><td class=\"column-10\">563<\/td><td class=\"column-11\">75<\/td><td class=\"column-12\">\u03c6150<\/td>\n<\/tr>\n<tr class=\"row-5\">\n\t<td class=\"column-1\">QRXF-500<\/td><td class=\"column-2\">885<\/td><td class=\"column-3\">746<\/td><td class=\"column-4\">602<\/td><td class=\"column-5\">816<\/td><td class=\"column-6\">460<\/td><td class=\"column-7\">854<\/td><td class=\"column-8\">282<\/td><td class=\"column-9\">11.5<\/td><td class=\"column-10\">523<\/td><td class=\"column-11\">71<\/td><td class=\"column-12\">\u03c6200<\/td>\n<\/tr>\n<\/tbody>\n<\/table>\n<!-- #tablepress-1 from cache --><\/div>\n<\/div>\n<div><\/div>\n<div class=\"woocb\"><a class=\"wocb\" href=\"http:\/\/www.beiaole.com\/wp-content\/uploads\/2025\/08\/d1.2.1.pdf\" target=\"_blank\" rel=\"noopener\">formar<\/a><\/div>\n<div><\/div>\n<div><img loading=\"lazy\" decoding=\"async\" class=\"aligncenter wp-image-15446 size-large\" src=\"http:\/\/www.beiaole.com\/wp-content\/uploads\/2025\/08\/s1.1.2-1024x456.png\" alt=\"Home Energy Recovery Unit(Haze &amp; PM2.5 Removal)-size\" width=\"1024\" height=\"456\" data-no-translation=\"\" \/><\/div>\n<div><\/div>\n<p>Desempenho:<\/p>\n<div class=\"scroll-table-wrapper\">\n<div class=\"scroll-table\">\n<table id=\"tablepress-2\" class=\"tablepress tablepress-id-2 tbody-has-connected-cells\">\n<thead>\n<tr class=\"row-1\">\n\t<th class=\"column-1\">modelo<\/th><th class=\"column-2\">tens\u00e3o(v)<\/th><th class=\"column-3\">Frequ\u00eancia(Hz)<\/th><th class=\"column-4\">equipamento<\/th><th class=\"column-5\">poder (w)<\/th><th class=\"column-6\">Fluxo de ar (m\u00b3\/h)<\/th><th class=\"column-7\">Press\u00e3o est\u00e1tica (PA)<\/th><th class=\"column-8\">Filtro principal (%)<\/th><th class=\"column-9\">Filtro de alta efici\u00eancia (%)<\/th><th colspan=\"2\" class=\"column-10\">Taxa de efici\u00eancia cambial (%)<\/th><th colspan=\"2\" class=\"column-12\">Taxa de c\u00e2mbio entalpia (%)<\/th><th class=\"column-14\">Ru\u00eddo (db)<\/th><th class=\"column-15\">Tamanho do duto (mm)<\/th><th class=\"column-16\">\u00c1rea de aplica\u00e7\u00e3o (m\u00b2)<\/th><th class=\"column-17\">N.W(kg)<\/th>\n<\/tr>\n<\/thead>\n<tbody class=\"row-striping row-hover\">\n<tr class=\"row-2\">\n\t<td class=\"column-1\"><\/td><td class=\"column-2\"><\/td><td class=\"column-3\"><\/td><td class=\"column-4\"><\/td><td class=\"column-5\"><\/td><td class=\"column-6\"><\/td><td class=\"column-7\"><\/td><td class=\"column-8\"><\/td><td class=\"column-9\"><\/td><td class=\"column-10\">resfriamento<\/td><td class=\"column-11\">aquecimento<\/td><td class=\"column-12\">resfriamento<\/td><td class=\"column-13\">aquecimento<\/td><td class=\"column-14\"><\/td><td class=\"column-15\"><\/td><td class=\"column-16\"><\/td><td class=\"column-17\"><\/td>\n<\/tr>\n<tr class=\"row-3\">\n\t<td rowspan=\"2\" class=\"column-1\">QRXF-150<\/td><td rowspan=\"2\" class=\"column-2\">220<\/td><td rowspan=\"2\" class=\"column-3\">50<\/td><td class=\"column-4\">em alta<\/td><td class=\"column-5\">100<\/td><td class=\"column-6\">150<\/td><td class=\"column-7\">200<\/td><td rowspan=\"2\" class=\"column-8\">76.1<\/td><td rowspan=\"2\" class=\"column-9\">99.9<\/td><td class=\"column-10\">63<\/td><td class=\"column-11\">78<\/td><td class=\"column-12\">64<\/td><td class=\"column-13\">68<\/td><td class=\"column-14\">37<\/td><td rowspan=\"2\" class=\"column-15\">\u03c6100<\/td><td rowspan=\"2\" class=\"column-16\">80<\/td><td rowspan=\"2\" class=\"column-17\">25.3<\/td>\n<\/tr>\n<tr class=\"row-4\">\n\t<td class=\"column-4\">mugir<\/td><td class=\"column-5\">76<\/td><td class=\"column-6\">120<\/td><td class=\"column-7\">170<\/td><td class=\"column-10\">65<\/td><td class=\"column-11\">79<\/td><td class=\"column-12\">66<\/td><td class=\"column-13\">73<\/td><td class=\"column-14\">35<\/td>\n<\/tr>\n<tr class=\"row-5\">\n\t<td rowspan=\"2\" class=\"column-1\">QRXF-250<\/td><td rowspan=\"2\" class=\"column-2\">220<\/td><td rowspan=\"2\" class=\"column-3\">50<\/td><td class=\"column-4\">em alta<\/td><td class=\"column-5\">150<\/td><td class=\"column-6\">250<\/td><td class=\"column-7\">210<\/td><td rowspan=\"2\" class=\"column-8\">76.1<\/td><td rowspan=\"2\" class=\"column-9\">99.9<\/td><td class=\"column-10\">62<\/td><td class=\"column-11\">77<\/td><td class=\"column-12\">64<\/td><td class=\"column-13\">67<\/td><td class=\"column-14\">41<\/td><td rowspan=\"2\" class=\"column-15\">\u03c6150<\/td><td rowspan=\"2\" class=\"column-16\">80-100<\/td><td rowspan=\"2\" class=\"column-17\">27.5<\/td>\n<\/tr>\n<tr class=\"row-6\">\n\t<td class=\"column-4\">mugir<\/td><td class=\"column-5\">132<\/td><td class=\"column-6\">180<\/td><td class=\"column-7\">185<\/td><td class=\"column-10\">65<\/td><td class=\"column-11\">80<\/td><td class=\"column-12\">63<\/td><td class=\"column-13\">69<\/td><td class=\"column-14\">39<\/td>\n<\/tr>\n<tr class=\"row-7\">\n\t<td rowspan=\"2\" class=\"column-1\">QRXF-350<\/td><td rowspan=\"2\" class=\"column-2\">220<\/td><td rowspan=\"2\" class=\"column-3\">50<\/td><td class=\"column-4\">em alta<\/td><td class=\"column-5\">200<\/td><td class=\"column-6\">350<\/td><td class=\"column-7\">230<\/td><td rowspan=\"2\" class=\"column-8\">76.1<\/td><td rowspan=\"2\" class=\"column-9\">99.9<\/td><td class=\"column-10\">62<\/td><td class=\"column-11\">78<\/td><td class=\"column-12\">61<\/td><td class=\"column-13\">67<\/td><td class=\"column-14\">41<\/td><td rowspan=\"2\" class=\"column-15\">\u03c6150<\/td><td rowspan=\"2\" class=\"column-16\">100-130<\/td><td rowspan=\"2\" class=\"column-17\">28<\/td>\n<\/tr>\n<tr class=\"row-8\">\n\t<td class=\"column-4\">mugir<\/td><td class=\"column-5\">160<\/td><td class=\"column-6\">250<\/td><td class=\"column-7\">200<\/td><td class=\"column-10\">66<\/td><td class=\"column-11\">81<\/td><td class=\"column-12\">65<\/td><td class=\"column-13\">68<\/td><td class=\"column-14\">39<\/td>\n<\/tr>\n<tr class=\"row-9\">\n\t<td rowspan=\"2\" class=\"column-1\">QRXF-500<\/td><td rowspan=\"2\" class=\"column-2\">220<\/td><td rowspan=\"2\" class=\"column-3\">50<\/td><td class=\"column-4\">em alta<\/td><td class=\"column-5\">230<\/td><td class=\"column-6\">550<\/td><td class=\"column-7\">255<\/td><td rowspan=\"2\" class=\"column-8\">76.1<\/td><td rowspan=\"2\" class=\"column-9\">99.9<\/td><td class=\"column-10\">61<\/td><td class=\"column-11\">70<\/td><td class=\"column-12\">64<\/td><td class=\"column-13\">69<\/td><td class=\"column-14\">42<\/td><td rowspan=\"2\" class=\"column-15\">\u03c6200<\/td><td rowspan=\"2\" class=\"column-16\">150-200<\/td><td rowspan=\"2\" class=\"column-17\">32.2<\/td>\n<\/tr>\n<tr class=\"row-10\">\n\t<td class=\"column-4\">mugir<\/td><td class=\"column-5\">177<\/td><td class=\"column-6\">400<\/td><td class=\"column-7\">240<\/td><td class=\"column-10\">59<\/td><td class=\"column-11\">72<\/td><td class=\"column-12\">65<\/td><td class=\"column-13\">69<\/td><td class=\"column-14\">40<\/td>\n<\/tr>\n<\/tbody>\n<\/table>\n<!-- #tablepress-2 from cache --><\/div>\n<\/div>\n<div><\/div>\n<div class=\"woocb\"><a class=\"wocb\" href=\"http:\/\/www.beiaole.com\/wp-content\/uploads\/2025\/08\/d1.2.2.pdf\" target=\"_blank\" rel=\"noopener\">formar<\/a><\/div>\n<div><\/div>\n<p><img loading=\"lazy\" decoding=\"async\" class=\"aligncenter wp-image-17216 size-large\" src=\"http:\/\/www.beiaole.com\/wp-content\/uploads\/2025\/08\/x1.2.1-1024x463.jpg\" alt=\"Home Energy Recovery Unit(Haze &amp; PM2.5 Removal)-q1\" width=\"1024\" height=\"463\" data-no-translation=\"\" \/><br \/>\n<img loading=\"lazy\" decoding=\"async\" class=\"aligncenter wp-image-17217 size-large\" src=\"http:\/\/www.beiaole.com\/wp-content\/uploads\/2025\/08\/x1.2.2-1024x463.jpg\" alt=\"Home Energy Recovery Unit(Haze &amp; PM2.5 Removal)-q2\" width=\"1024\" height=\"463\" data-no-translation=\"\" \/><\/p>\n<div class=\"viddd\">\n<div class=\"lyte-wrapper\" style=\"width:560px;max-width:100%;margin:5px auto;\"><div class=\"lyMe\" id=\"WYL_XM7wpj8RP5Q\"><div id=\"lyte_XM7wpj8RP5Q\" data-src=\"https:\/\/www.ecvents.com\/wp-content\/plugins\/wp-youtube-lyte\/lyteCache.php?origThumbUrl=%2F%2Fi.ytimg.com%2Fvi%2FXM7wpj8RP5Q%2Fhqdefault.jpg\" class=\"pL\"><div class=\"tC\"><div class=\"tT\"><\/div><\/div><div class=\"play\"><\/div><div class=\"ctrl\"><div class=\"Lctrl\"><\/div><div class=\"Rctrl\"><\/div><\/div><\/div><noscript><a href=\"https:\/\/youtu.be\/XM7wpj8RP5Q\" rel=\"nofollow noopener\" target=\"_blank\"><img loading=\"lazy\" decoding=\"async\" src=\"https:\/\/www.ecvents.com\/wp-content\/plugins\/wp-youtube-lyte\/lyteCache.php?origThumbUrl=https%3A%2F%2Fi.ytimg.com%2Fvi%2FXM7wpj8RP5Q%2F0.jpg\" alt=\"YouTube video thumbnail\" width=\"560\" height=\"295\" data-no-translation=\"\" \/><br \/>Assista a Este V\u00eddeo no YouTube<\/a><\/noscript><\/div><\/div><div class=\"lL\" style=\"max-width:100%;width:560px;margin:5px auto;\"><\/div><\/p>\n<\/div>\n<p><img loading=\"lazy\" decoding=\"async\" class=\"aligncenter wp-image-23089 size-full\" src=\"http:\/\/www.beiaole.com\/wp-content\/uploads\/2022\/01\/KCQR-Energy-Recovery-Unitm1.jpg\" alt=\"Home Energy Recovery Unit-m1\" width=\"1200\" height=\"985\" data-no-translation=\"\" \/><\/p>\n<p><img loading=\"lazy\" decoding=\"async\" class=\"aligncenter wp-image-23093 size-full\" src=\"http:\/\/www.beiaole.com\/wp-content\/uploads\/2022\/01\/KCQR-Energy-Recovery-Unitm2.jpg\" alt=\"Home Energy Recovery Unit-m2\" width=\"1200\" height=\"837\" data-no-translation=\"\" \/><\/p>\n<p><img loading=\"lazy\" decoding=\"async\" class=\"aligncenter wp-image-23092 size-full\" src=\"http:\/\/www.beiaole.com\/wp-content\/uploads\/2022\/01\/KCQR-Energy-Recovery-Unitm3.jpg\" alt=\"Home Energy Recovery Unit-m3\" width=\"1200\" height=\"1383\" data-no-translation=\"\" \/><\/p>\n<p><img loading=\"lazy\" decoding=\"async\" class=\"aligncenter wp-image-23090 size-full\" src=\"http:\/\/www.beiaole.com\/wp-content\/uploads\/2022\/01\/KCQR-Energy-Recovery-Unitm4.jpg\" alt=\"Home Energy Recovery Unit-m4\" width=\"1200\" height=\"531\" data-no-translation=\"\" \/><\/p>\n<p><img loading=\"lazy\" decoding=\"async\" class=\"aligncenter wp-image-23091 size-full\" src=\"http:\/\/www.beiaole.com\/wp-content\/uploads\/2022\/01\/KCQR-Energy-Recovery-Unitm5.jpg\" alt=\"Home Energy Recovery Unit-m5\" width=\"1200\" height=\"1197\" data-no-translation=\"\" \/><\/p>","protected":false},"excerpt":{"rendered":"<ul>\n<li>\n<h2>Fluxo de ar de alta efici\u00eancia:<\/h2>\n<p>\u202fentrega\u202f120\u202f\u2013\u202f550\u202fm\u00b3\/h\u202fcom a press\u00e3o est\u00e1tica\u202fup\u202fpara\u202fpara\u202fpara\u202fpara\u202fpara\u202fpara\u202fpara\u202fpara\u202fem\u202fem\u202fem\u202fest\u00e1bulos.<\/li>\n<li>\n<h2>Sistema de filtragem avan\u00e7ada\u202f:<\/h2>\n<p>\u202fde tr\u00eas camadas\u202fdesign\u202fcom\u202fa\u202flavada\u202fpr\u00e9-filtro,\u202fcamada de carbono\u202fa\u202fa-filtro,\u202fe-filtro ativado\u202fe,\u202fpm2.<\/li>\n<li>\n<h2>Revestimento de grafeno\u202fnano\u202f:<\/h2>\n<p>\u202ffornece\u202fantibacteriano\u202fe\u202fumidade\u2011perme\u00e1veis \u00e0s propriedades\u202fpara o ar-seguro e limpeza do longo prazo.<\/li>\n<li>\n<h2>Core de recupera\u00e7\u00e3o de energia:<\/h2>\n<p>\u202fcoss\u2011flow\u202fenthalpy\u202fcore\u202fachieves\u202fto\u202f79%\u202fcalor\u202fe\u202fmudicidade\u202fefici\u00eancia\u202fpara reduzir a energia\u202fenergy\u202f.<\/li>\n<li>\n<h2>Perfil Slim\u202f:<\/h2>\n<p>\u202fSomente\u202f20\u202fcm\u202fthick\u202fpara\u202fajuste\u202futiliza\u00e7\u00e3o\u202finstala\u202fsem\u202fcomprometendo\u202f.<\/li>\n<li>\n<h2>Pegada ac\u00fastica baixa:<\/h2>\n<p>\u202fru\u00eddo\u202flevantes\u202fde\u202f35\u202fa\u202f42\u202fdb\u202fpaz\u202fopera\u00e7\u00e3o\u202fem-se\u202fsono\u202for\u202f de vida.<\/li>\n<li>\n<h2>Acesso f\u00e1cil a servi\u00e7os:<\/h2>\n<p>\u202finspe\u00e7\u00e3o\u202fporta\u202fe\u202ffront\u202ffront\u202fpain\u00e9is\u202fpermitir\u202fvolta\u202ffiltro\u202f e de substitui\u00e7\u00e3o\u202f sem ferramentas.<\/li>\n<\/ul>\n<hr \/>","protected":false},"featured_media":4639,"comment_status":"open","ping_status":"closed","template":"","meta":{"_acf_changed":false},"product_brand":[],"product_cat":[71],"product_tag":[],"class_list":{"0":"post-4603","1":"product","2":"type-product","3":"status-publish","4":"has-post-thumbnail","6":"product_cat-energy-recovery-ventilator-2","8":"first","9":"instock","10":"taxable","11":"shipping-taxable","12":"purchasable","13":"product-type-variable","14":"has-default-attributes"},"acf":[],"_links":{"self":[{"href":"https:\/\/www.ecvents.com\/pt\/wp-json\/wp\/v2\/product\/4603","targetHints":{"allow":["GET"]}}],"collection":[{"href":"https:\/\/www.ecvents.com\/pt\/wp-json\/wp\/v2\/product"}],"about":[{"href":"https:\/\/www.ecvents.com\/pt\/wp-json\/wp\/v2\/types\/product"}],"replies":[{"embeddable":true,"href":"https:\/\/www.ecvents.com\/pt\/wp-json\/wp\/v2\/comments?post=4603"}],"wp:featuredmedia":[{"embeddable":true,"href":"https:\/\/www.ecvents.com\/pt\/wp-json\/wp\/v2\/media\/4639"}],"wp:attachment":[{"href":"https:\/\/www.ecvents.com\/pt\/wp-json\/wp\/v2\/media?parent=4603"}],"wp:term":[{"taxonomy":"product_brand","embeddable":true,"href":"https:\/\/www.ecvents.com\/pt\/wp-json\/wp\/v2\/product_brand?post=4603"},{"taxonomy":"product_cat","embeddable":true,"href":"https:\/\/www.ecvents.com\/pt\/wp-json\/wp\/v2\/product_cat?post=4603"},{"taxonomy":"product_tag","embeddable":true,"href":"https:\/\/www.ecvents.com\/pt\/wp-json\/wp\/v2\/product_tag?post=4603"}],"curies":[{"name":"wp","href":"https:\/\/api.w.org\/{rel}","templated":true}]}}