{"id":4604,"date":"2026-03-19T06:01:13","date_gmt":"2026-03-19T11:01:13","guid":{"rendered":"https:\/\/www.ecvents.com\/?post_type=product&#038;p=4604"},"modified":"2026-03-19T06:06:47","modified_gmt":"2026-03-19T11:06:47","slug":"ventilador-de-caixa-em-linha-unica-de-maneira-unica","status":"publish","type":"product","link":"https:\/\/www.ecvents.com\/pt\/product\/ventilador-de-caixa-em-linha-unica-de-maneira-unica\/","title":{"rendered":"Ventilador de caixa em linha \u00fanica de maneira \u00fanica"},"content":{"rendered":"<div class=\"someee\">\n<h2><strong>For\u00e7a silenciosa. fluxo constante. Constru\u00eddo para sistemas a\u00e9reos do mundo real.<\/strong><\/h2>\n<p>o\u00a0<strong>Ventilador de caixa em linha \u00fanica de maneira \u00fanica<\/strong>\u00a0Foi projetado para um prop\u00f3sito simples - ventila\u00e7\u00e3o confi\u00e1vel que funciona de forma silenciosa e eficiente, todos os dias. Alimentado por um motor dur\u00e1vel para todos os cobre, ele oferece um fluxo de ar est\u00e1vel, mantendo o uso de energia baixo. Os rolamentos de esferas de precis\u00e3o e uma estrutura interna de dutos aerodin\u00e2micos garantem uma opera\u00e7\u00e3o suave e silenciosa, sem vibra\u00e7\u00e3o ou fadiga. \u00c9 o tipo de desempenho que simplesmente funciona, turno ap\u00f3s turno.<\/p>\n<p>Projetado para resist\u00eancia, o\u00a0<strong>Arm\u00e1rio de metal<\/strong>\u00a0Resiste \u00e0 corros\u00e3o, deforma\u00e7\u00e3o e resson\u00e2ncia de ru\u00eddo. Cada painel parece s\u00f3lido e bem acabado, constru\u00eddo para ambientes que esperam estabilidade a longo prazo e est\u00e9tica limpa. Sua constru\u00e7\u00e3o refinada torna a manuten\u00e7\u00e3o m\u00ednima e a confiabilidade constantes.<\/p>\n<p>Constru\u00eddo para se adaptar, este ventilador se integra facilmente a uma ampla gama de configura\u00e7\u00f5es de ventila\u00e7\u00e3o, de apartamentos residenciais a tetos de escrit\u00f3rios, lojas de varejo ou instala\u00e7\u00f5es p\u00fablicas. V\u00e1rias unidades podem ser vinculadas para estender o fluxo de ar em todas as zonas, proporcionando flexibilidade escal\u00e1vel a sistemas a\u00e9reos complexos. Apesar de sua forma compacta, a aerodin\u00e2mica interna oferece\u00a0<strong>alta press\u00e3o est\u00e1tica<\/strong>\u00a0Para um movimento do ar de longa dist\u00e2ncia dentro de um espa\u00e7o limitado.<\/p>\n<\/div>\n<hr \/>\n<p>Dimens\u00f5es (unidade: mm):<\/p>\n<div class=\"scroll-table-wrapper\">\n<div class=\"scroll-table\">\n<table id=\"tablepress-24\" class=\"tablepress tablepress-id-24\">\n<thead>\n<tr class=\"row-1\">\n\t<th class=\"column-1\">modelo<\/th><th class=\"column-2\">L<\/th><th class=\"column-3\">L1<\/th><th class=\"column-4\">w<\/th><th class=\"column-5\">w1<\/th><th class=\"column-6\">H<\/th><th class=\"column-7\">h1<\/th><th class=\"column-8\">C<\/th>\n<\/tr>\n<\/thead>\n<tbody class=\"row-striping row-hover\">\n<tr class=\"row-2\">\n\t<td class=\"column-1\">dpt10-12b<\/td><td class=\"column-2\">462<\/td><td class=\"column-3\">388<\/td><td class=\"column-4\">240<\/td><td class=\"column-5\">180<\/td><td class=\"column-6\">200<\/td><td class=\"column-7\">45<\/td><td class=\"column-8\">\u03c696<\/td>\n<\/tr>\n<tr class=\"row-3\">\n\t<td class=\"column-1\">dpt10-24b<\/td><td class=\"column-2\">462<\/td><td class=\"column-3\">388<\/td><td class=\"column-4\">240<\/td><td class=\"column-5\">180<\/td><td class=\"column-6\">200<\/td><td class=\"column-7\">45<\/td><td class=\"column-8\">\u03c696<\/td>\n<\/tr>\n<tr class=\"row-4\">\n\t<td class=\"column-1\">DPT15-32B<\/td><td class=\"column-2\">488<\/td><td class=\"column-3\">388<\/td><td class=\"column-4\">240<\/td><td class=\"column-5\">186<\/td><td class=\"column-6\">238<\/td><td class=\"column-7\">40<\/td><td class=\"column-8\">\u03c6148<\/td>\n<\/tr>\n<tr class=\"row-5\">\n\t<td class=\"column-1\">DPT15-42B<\/td><td class=\"column-2\">540<\/td><td class=\"column-3\">440<\/td><td class=\"column-4\">270<\/td><td class=\"column-5\">210<\/td><td class=\"column-6\">280<\/td><td class=\"column-7\">51<\/td><td class=\"column-8\">\u03c6148<\/td>\n<\/tr>\n<tr class=\"row-6\">\n\t<td class=\"column-1\">DPT20-54B<\/td><td class=\"column-2\">562<\/td><td class=\"column-3\">470<\/td><td class=\"column-4\">340<\/td><td class=\"column-5\">270<\/td><td class=\"column-6\">282<\/td><td class=\"column-7\">52<\/td><td class=\"column-8\">\u03c6198<\/td>\n<\/tr>\n<tr class=\"row-7\">\n\t<td class=\"column-1\">DPT20-54C<\/td><td class=\"column-2\">632<\/td><td class=\"column-3\">540<\/td><td class=\"column-4\">370<\/td><td class=\"column-5\">270<\/td><td class=\"column-6\">320<\/td><td class=\"column-7\">71<\/td><td class=\"column-8\">\u03c6198<\/td>\n<\/tr>\n<tr class=\"row-8\">\n\t<td class=\"column-1\">DPT20-65B<\/td><td class=\"column-2\">662<\/td><td class=\"column-3\">570<\/td><td class=\"column-4\">401<\/td><td class=\"column-5\">300<\/td><td class=\"column-6\">365<\/td><td class=\"column-7\">94<\/td><td class=\"column-8\">\u03c6198<\/td>\n<\/tr>\n<tr class=\"row-9\">\n\t<td class=\"column-1\">DPT25-76B<\/td><td class=\"column-2\">662<\/td><td class=\"column-3\">570<\/td><td class=\"column-4\">401<\/td><td class=\"column-5\">300<\/td><td class=\"column-6\">365<\/td><td class=\"column-7\">94<\/td><td class=\"column-8\">\u03c6250<\/td>\n<\/tr>\n<tr class=\"row-10\">\n\t<td class=\"column-1\">DPT25-76C<\/td><td class=\"column-2\">732<\/td><td class=\"column-3\">640<\/td><td class=\"column-4\">401<\/td><td class=\"column-5\">340<\/td><td class=\"column-6\">380<\/td><td class=\"column-7\">61<\/td><td class=\"column-8\">\u03c6250<\/td>\n<\/tr>\n<tr class=\"row-11\">\n\t<td class=\"column-1\">DPT25-86B<\/td><td class=\"column-2\">732<\/td><td class=\"column-3\">640<\/td><td class=\"column-4\">401<\/td><td class=\"column-5\">340<\/td><td class=\"column-6\">380<\/td><td class=\"column-7\">61<\/td><td class=\"column-8\">\u03c6250<\/td>\n<\/tr>\n<\/tbody>\n<\/table>\n<!-- #tablepress-24 from cache --><\/div>\n<\/div>\n<div><\/div>\n<div class=\"woocb\"><a class=\"wocb\" href=\"http:\/\/www.beiaole.com\/wp-content\/uploads\/2025\/08\/d3.1.1.pdf\" target=\"_blank\" rel=\"noopener\">formar<\/a><\/div>\n<div><\/div>\n<p><img loading=\"lazy\" decoding=\"async\" class=\"aligncenter wp-image-16139 size-large\" src=\"http:\/\/www.beiaole.com\/wp-content\/uploads\/2025\/08\/s3.1-1024x464.png\" alt=\"Single Way Inline Box Fan-size\" width=\"1024\" height=\"464\" data-no-translation=\"\" \/><br \/>\nDesempenho:<\/p>\n<div class=\"scroll-table-wrapper\">\n<div class=\"scroll-table\">\n<table id=\"tablepress-25\" class=\"tablepress tablepress-id-25\">\n<thead>\n<tr class=\"row-1\">\n\t<th class=\"column-1\">modelo<\/th><th class=\"column-2\">poder (w)<\/th><th class=\"column-3\">tens\u00e3o(v)<\/th><th class=\"column-4\">Frequ\u00eancia(Hz)<\/th><th class=\"column-5\">Fluxo de ar (m\u00b3\/h)<\/th><th class=\"column-6\">Press\u00e3o est\u00e1tica (PA)<\/th><th class=\"column-7\">Ru\u00eddo (db)<\/th><th class=\"column-8\">Tamanho do duto (mm)<\/th><th class=\"column-9\">\u00c1rea de aplica\u00e7\u00e3o (m\u00b2)<\/th><th class=\"column-10\">n.m(kg)<\/th>\n<\/tr>\n<\/thead>\n<tbody class=\"row-striping row-hover\">\n<tr class=\"row-2\">\n\t<td class=\"column-1\">dpt10-12b<\/td><td class=\"column-2\">20<\/td><td class=\"column-3\">220<\/td><td class=\"column-4\">50<\/td><td class=\"column-5\">100<\/td><td class=\"column-6\">80<\/td><td class=\"column-7\">20<\/td><td class=\"column-8\">\u03c6100<\/td><td class=\"column-9\">4-8<\/td><td class=\"column-10\">6.1<\/td>\n<\/tr>\n<tr class=\"row-3\">\n\t<td class=\"column-1\">dpt10-24b<\/td><td class=\"column-2\">25\/20<\/td><td class=\"column-3\">220<\/td><td class=\"column-4\">50<\/td><td class=\"column-5\">200\/150<\/td><td class=\"column-6\">125\/100<\/td><td class=\"column-7\">23<\/td><td class=\"column-8\">\u03c6100<\/td><td class=\"column-9\">8-13<\/td><td class=\"column-10\">6.2<\/td>\n<\/tr>\n<tr class=\"row-4\">\n\t<td class=\"column-1\">DPT15-32B<\/td><td class=\"column-2\">50\/35<\/td><td class=\"column-3\">220<\/td><td class=\"column-4\">50<\/td><td class=\"column-5\">360\/250<\/td><td class=\"column-6\">160\/120<\/td><td class=\"column-7\">27<\/td><td class=\"column-8\">\u03c6150<\/td><td class=\"column-9\">20-25<\/td><td class=\"column-10\">7.4<\/td>\n<\/tr>\n<tr class=\"row-5\">\n\t<td class=\"column-1\">DPT15-42B<\/td><td class=\"column-2\">100\/95<\/td><td class=\"column-3\">220<\/td><td class=\"column-4\">50<\/td><td class=\"column-5\">500\/400<\/td><td class=\"column-6\">190\/165<\/td><td class=\"column-7\">29<\/td><td class=\"column-8\">\u03c6150<\/td><td class=\"column-9\">25-28<\/td><td class=\"column-10\">10<\/td>\n<\/tr>\n<tr class=\"row-6\">\n\t<td class=\"column-1\">DPT20-54B<\/td><td class=\"column-2\">110\/100<\/td><td class=\"column-3\">220<\/td><td class=\"column-4\">50<\/td><td class=\"column-5\">770\/600<\/td><td class=\"column-6\">200\/195<\/td><td class=\"column-7\">35<\/td><td class=\"column-8\">\u03c6200<\/td><td class=\"column-9\">28-40<\/td><td class=\"column-10\">11.4<\/td>\n<\/tr>\n<tr class=\"row-7\">\n\t<td class=\"column-1\">DPT20-54C<\/td><td class=\"column-2\">210\/180<\/td><td class=\"column-3\">220<\/td><td class=\"column-4\">50<\/td><td class=\"column-5\">920\/800<\/td><td class=\"column-6\">240\/220<\/td><td class=\"column-7\">37<\/td><td class=\"column-8\">\u03c6200<\/td><td class=\"column-9\">40-50<\/td><td class=\"column-10\">16<\/td>\n<\/tr>\n<tr class=\"row-8\">\n\t<td class=\"column-1\">DPT20-65B<\/td><td class=\"column-2\">280\/225<\/td><td class=\"column-3\">220<\/td><td class=\"column-4\">50<\/td><td class=\"column-5\">1200\/1000<\/td><td class=\"column-6\">360\/320<\/td><td class=\"column-7\">41<\/td><td class=\"column-8\">\u03c6200<\/td><td class=\"column-9\">58-75<\/td><td class=\"column-10\">19<\/td>\n<\/tr>\n<tr class=\"row-9\">\n\t<td class=\"column-1\">DPT25-76B<\/td><td class=\"column-2\">300\/280<\/td><td class=\"column-3\">220<\/td><td class=\"column-4\">50<\/td><td class=\"column-5\">1700\/1500<\/td><td class=\"column-6\">420\/410<\/td><td class=\"column-7\">43<\/td><td class=\"column-8\">\u03c6250<\/td><td class=\"column-9\">85-150<\/td><td class=\"column-10\">19.5<\/td>\n<\/tr>\n<tr class=\"row-10\">\n\t<td class=\"column-1\">DPT25-76C<\/td><td class=\"column-2\">320\/290<\/td><td class=\"column-3\">220<\/td><td class=\"column-4\">50<\/td><td class=\"column-5\">1900\/1800<\/td><td class=\"column-6\">430\/425<\/td><td class=\"column-7\">46<\/td><td class=\"column-8\">\u03c6250<\/td><td class=\"column-9\">210-240<\/td><td class=\"column-10\">23<\/td>\n<\/tr>\n<tr class=\"row-11\">\n\t<td class=\"column-1\">DPT25-86B<\/td><td class=\"column-2\">530\/500<\/td><td class=\"column-3\">220<\/td><td class=\"column-4\">50<\/td><td class=\"column-5\">2600\/2400<\/td><td class=\"column-6\">530\/510<\/td><td class=\"column-7\">46<\/td><td class=\"column-8\">\u03c6250<\/td><td class=\"column-9\">240-270<\/td><td class=\"column-10\">24<\/td>\n<\/tr>\n<\/tbody>\n<\/table>\n<!-- #tablepress-25 from cache --><\/div>\n<\/div>\n<div><\/div>\n<div class=\"woocb\"><a class=\"wocb\" href=\"http:\/\/www.beiaole.com\/wp-content\/uploads\/2025\/08\/d3.1.2.pdf\" target=\"_blank\" rel=\"noopener\">formar<\/a><\/div>\n<div><\/div>\n<p><img loading=\"lazy\" decoding=\"async\" class=\"aligncenter wp-image-17249 size-large\" src=\"http:\/\/www.beiaole.com\/wp-content\/uploads\/2025\/08\/x3.1-1024x312.jpg\" alt=\"Single Way Inline Box Fan-q1\" width=\"1024\" height=\"312\" data-no-translation=\"\" \/><\/p>","protected":false},"excerpt":{"rendered":"<ul>\n<li>\n<h2>Sa\u00edda de fluxo de ar eficiente:<\/h2>\n<p>\u202ffornece\u202f100\u202f\u2013\u202f2,600\u202fm\u00b3\/h\u202fof\u202fvolume\u202fcom\u202fstatic\u202fup\u202fpara\u202fpara\u202f530\u202fpa\u202fpara\u202fconsistentes\u202fatrav\u00e9s do conduto\u202fpara\u202fpara\u202f530\u202fpa\u202fpara\u202fconsistentes.<\/li>\n<li>\n<h2>Motor dur\u00e1vel do n\u00facleo do cobre:<\/h2>\n<p>\u202fenergia eficiente\u202fdrive\u202fprojetado\u202fpara\u202fefetiva,\u202fcont\u00ednua\u202fopera\u00e7\u00e3o.<\/li>\n<li>\n<h2>Desempenho de baixo ru\u00eddo:<\/h2>\n<p>\u202fimpeller otimizado\u202fe\u202fe fluxo otimizado\u202fcanal\u202fmanuten\u00e7\u00e3o\u202fsalo\u202fas\u202faS\u202fas\u202f20\u202f\u2013\u202f46\u202f.<\/li>\n<li>\n<h2>Todo o arm\u00e1rio de metal:<\/h2>\n<p>\u202festrutura\u00e7\u00e3o de precis\u00e3o constru\u00edda em termos de precis\u00e3o, estrutura\u202fe de resist\u00eancia, impacto, impacto, vibra\u00e7\u00e3o e devibra\u00e7\u00e3o para longo prazo.<\/li>\n<li>\n<h2>Fator Compacto\u202fform\u202f:<\/h2>\n<p>\u202feslim\u202fcorpo\u202ffits\u202fin\u202f teceis\u202fou\u202farrow\u202fespa\u00e7os\u202f sem sacrificar\u202fpress\u00e3o\u202f ou\u202f.<\/li>\n<li>\n<h2>Integra\u00e7\u00e3o do sistema flex\u00edvel:<\/h2>\n<p>\u202fcompat\u00edvel\u202fcom\u202foutras\u202ffans\u202finline\u202fpara\u202fmodular\u202fexpans\u00e3o\u202fexpans\u00e3o\u202fzonas\u202fm\u00faltiplas.<\/li>\n<li>\n<h2>F\u00e1cil\u202fManuten\u00e7\u00e3o:<\/h2>\n<p>\u202facess\u00edvel\u202fpainel\u202fdesign\u202f simplificar a limpeza e o servi\u00e7o\u202f.<\/li>\n<\/ul>\n<hr \/>","protected":false},"featured_media":4645,"comment_status":"open","ping_status":"closed","template":"","meta":{"_acf_changed":false},"product_brand":[],"product_cat":[27],"product_tag":[],"class_list":{"0":"post-4604","1":"product","2":"type-product","3":"status-publish","4":"has-post-thumbnail","6":"product_cat-inline-duct-fan","8":"first","9":"instock","10":"taxable","11":"shipping-taxable","12":"purchasable","13":"product-type-variable","14":"has-default-attributes"},"acf":[],"_links":{"self":[{"href":"https:\/\/www.ecvents.com\/pt\/wp-json\/wp\/v2\/product\/4604","targetHints":{"allow":["GET"]}}],"collection":[{"href":"https:\/\/www.ecvents.com\/pt\/wp-json\/wp\/v2\/product"}],"about":[{"href":"https:\/\/www.ecvents.com\/pt\/wp-json\/wp\/v2\/types\/product"}],"replies":[{"embeddable":true,"href":"https:\/\/www.ecvents.com\/pt\/wp-json\/wp\/v2\/comments?post=4604"}],"wp:featuredmedia":[{"embeddable":true,"href":"https:\/\/www.ecvents.com\/pt\/wp-json\/wp\/v2\/media\/4645"}],"wp:attachment":[{"href":"https:\/\/www.ecvents.com\/pt\/wp-json\/wp\/v2\/media?parent=4604"}],"wp:term":[{"taxonomy":"product_brand","embeddable":true,"href":"https:\/\/www.ecvents.com\/pt\/wp-json\/wp\/v2\/product_brand?post=4604"},{"taxonomy":"product_cat","embeddable":true,"href":"https:\/\/www.ecvents.com\/pt\/wp-json\/wp\/v2\/product_cat?post=4604"},{"taxonomy":"product_tag","embeddable":true,"href":"https:\/\/www.ecvents.com\/pt\/wp-json\/wp\/v2\/product_tag?post=4604"}],"curies":[{"name":"wp","href":"https:\/\/api.w.org\/{rel}","templated":true}]}}