{"id":4609,"date":"2026-03-19T06:01:13","date_gmt":"2026-03-19T11:01:13","guid":{"rendered":"https:\/\/www.ecvents.com\/?post_type=product&#038;p=4609"},"modified":"2026-03-19T06:02:35","modified_gmt":"2026-03-19T11:02:35","slug":"ventilador-de-recuperacao-de-energia-comercial","status":"publish","type":"product","link":"https:\/\/www.ecvents.com\/pt\/product\/ventilador-de-recuperacao-de-energia-comercial\/","title":{"rendered":"Ventilador de recupera\u00e7\u00e3o de energia comercial"},"content":{"rendered":"<div class=\"someee\">\n<h2><strong>Troca limpa. Poder silencioso. Constru\u00eddo para um fluxo de ar inteligente.<\/strong><\/h2>\n<p>o\u00a0<strong>Ventilador de recupera\u00e7\u00e3o de energia comercial<\/strong>\u00a0Traz ventila\u00e7\u00e3o de precis\u00e3o para ambientes grandes e ocupados - ar fresco, entrada de ar obsoleto e energia preservada entre eles. Projetado para escrit\u00f3rios, zonas de varejo e sal\u00f5es comerciais, mant\u00e9m um fluxo de ar est\u00e1vel com ru\u00eddos notavelmente baixos, traduzindo a disciplina de engenharia em conforto di\u00e1rio.<\/p>\n<p>Em sua ess\u00eancia, h\u00e1 um\u00a0<strong>Motor de cobre que economiza energia<\/strong>\u00a0por\u00a0<strong>rolamentos de esferas de precis\u00e3o<\/strong>, garantindo uma opera\u00e7\u00e3o suave e cont\u00ednua e confiabilidade a longo prazo. o\u00a0<strong>N\u00facleo de troca de calor de fluxo cruzado<\/strong>, produzido a partir de m\u00eddia de papel de alta qualidade, transfere calor e umidade de forma eficiente, reduzindo a demanda de energia do sistema, mantendo as condi\u00e7\u00f5es internas equilibradas.<\/p>\n<p>Cada detalhe serve para o desempenho. independente\u00a0<strong>Canais de alimenta\u00e7\u00e3o e exaust\u00e3o<\/strong>\u00a0Mantenha a press\u00e3o do ar equalizada em grandes espa\u00e7os, de modo que a ventila\u00e7\u00e3o pare\u00e7a natural \u2013 sem correntes de ar, sem zonas mortas. integrado\u00a0<strong>Filtragem em camada dupla<\/strong>\u00a0Captura poeira e odores antes de circularem, enquanto a constru\u00e7\u00e3o dur\u00e1vel de todo o metal e o isolamento selado minimizam a vibra\u00e7\u00e3o e a sa\u00edda ac\u00fastica.<\/p>\n<p>A manuten\u00e7\u00e3o \u00e9 simplificada para uso no mundo real.\u00a0<strong>Pain\u00e9is de servi\u00e7o de acesso r\u00e1pido<\/strong>\u00a0E as portas de inspe\u00e7\u00e3o dedicadas permitem que os filtros sejam substitu\u00eddos ou os n\u00facleos limpos em minutos - sem ferramentas especiais, sem interrup\u00e7\u00f5es no trabalho di\u00e1rio.<\/p>\n<\/div>\n<hr \/>\n<p>Dimens\u00f5es (unidade: mm):<\/p>\n<div class=\"scroll-table-wrapper\">\n<div class=\"scroll-table\">\n<table id=\"tablepress-6\" class=\"tablepress tablepress-id-6\">\n<thead>\n<tr class=\"row-1\">\n\t<th class=\"column-1\">modelo<\/th><th class=\"column-2\">L<\/th><th class=\"column-3\">L1<\/th><th class=\"column-4\">L2<\/th><th class=\"column-5\">W<\/th><th class=\"column-6\">w1<\/th><th class=\"column-7\">w2<\/th><th class=\"column-8\">H<\/th><th class=\"column-9\">h1<\/th><th class=\"column-10\">M<\/th>\n<\/tr>\n<\/thead>\n<tbody class=\"row-striping row-hover\">\n<tr class=\"row-2\">\n\t<td class=\"column-1\">Syqr-1000<\/td><td class=\"column-2\">1255<\/td><td class=\"column-3\">1156<\/td><td class=\"column-4\">1116<\/td><td class=\"column-5\">832<\/td><td class=\"column-6\">719<\/td><td class=\"column-7\">400<\/td><td class=\"column-8\">365<\/td><td class=\"column-9\">15<\/td><td class=\"column-10\">\u03c6200<\/td>\n<\/tr>\n<tr class=\"row-3\">\n\t<td class=\"column-1\">Syqr-1500<\/td><td class=\"column-2\">1255<\/td><td class=\"column-3\">1156<\/td><td class=\"column-4\">1116<\/td><td class=\"column-5\">832<\/td><td class=\"column-6\">719<\/td><td class=\"column-7\">400<\/td><td class=\"column-8\">365<\/td><td class=\"column-9\">15<\/td><td class=\"column-10\">\u03c6250<\/td>\n<\/tr>\n<tr class=\"row-4\">\n\t<td class=\"column-1\">Syqr-2000<\/td><td class=\"column-2\">1299<\/td><td class=\"column-3\">1200<\/td><td class=\"column-4\">1160<\/td><td class=\"column-5\">832<\/td><td class=\"column-6\">734<\/td><td class=\"column-7\">400<\/td><td class=\"column-8\">380<\/td><td class=\"column-9\">15<\/td><td class=\"column-10\">\u03c6250<\/td>\n<\/tr>\n<tr class=\"row-5\">\n\t<td class=\"column-1\">Syqr-2500<\/td><td class=\"column-2\">1478<\/td><td class=\"column-3\">1379<\/td><td class=\"column-4\">1338<\/td><td class=\"column-5\">975<\/td><td class=\"column-6\">877<\/td><td class=\"column-7\">485<\/td><td class=\"column-8\">421<\/td><td class=\"column-9\">15<\/td><td class=\"column-10\">\u03c6250<\/td>\n<\/tr>\n<\/tbody>\n<\/table>\n<!-- #tablepress-6 from cache --><\/div>\n<\/div>\n<div><\/div>\n<div class=\"woocb\"><a class=\"wocb\" href=\"http:\/\/www.beiaole.com\/wp-content\/uploads\/2025\/08\/d1.4.1.pdf\" target=\"_blank\" rel=\"noopener\">formar<\/a><\/div>\n<div><\/div>\n<p><img loading=\"lazy\" decoding=\"async\" class=\"aligncenter wp-image-15756 size-large\" src=\"http:\/\/www.beiaole.com\/wp-content\/uploads\/2025\/08\/s1.4.1-e1754985354976-1024x353.png\" alt=\"Commercial Energy Recovery Ventilator-size\" width=\"1024\" height=\"353\" data-no-translation=\"\" \/><br \/>\nDimens\u00f5es (unidade: mm):<\/p>\n<div class=\"scroll-table-wrapper\">\n<div class=\"scroll-table\">\n<table id=\"tablepress-7\" class=\"tablepress tablepress-id-7\">\n<thead>\n<tr class=\"row-1\">\n\t<th class=\"column-1\">modelo<\/th><th class=\"column-2\">L<\/th><th class=\"column-3\">L1<\/th><th class=\"column-4\">L2<\/th><th class=\"column-5\">W<\/th><th class=\"column-6\">w1<\/th><th class=\"column-7\">w2<\/th><th class=\"column-8\">H<\/th><th class=\"column-9\">h1<\/th><th class=\"column-10\">F<\/th><th class=\"column-11\">MXN<\/th><th class=\"column-12\">m1xn1<\/th>\n<\/tr>\n<\/thead>\n<tbody class=\"row-striping row-hover\">\n<tr class=\"row-2\">\n\t<td class=\"column-1\"><\/td><td class=\"column-2\"><\/td><td class=\"column-3\"><\/td><td class=\"column-4\"><\/td><td class=\"column-5\"><\/td><td class=\"column-6\"><\/td><td class=\"column-7\"><\/td><td class=\"column-8\"><\/td><td class=\"column-9\"><\/td><td class=\"column-10\"><\/td><td class=\"column-11\">(tamanho da sa\u00edda de ar)<\/td><td class=\"column-12\">(tamanho da entrada de ar)<\/td>\n<\/tr>\n<tr class=\"row-3\">\n\t<td class=\"column-1\">SYQR-3000<\/td><td class=\"column-2\">1452<\/td><td class=\"column-3\">1395<\/td><td class=\"column-4\">1355<\/td><td class=\"column-5\">1185<\/td><td class=\"column-6\">1087<\/td><td class=\"column-7\">590<\/td><td class=\"column-8\">440<\/td><td class=\"column-9\">15<\/td><td class=\"column-10\">25<\/td><td class=\"column-11\">335x320<\/td><td class=\"column-12\">430x312<\/td>\n<\/tr>\n<tr class=\"row-4\">\n\t<td class=\"column-1\">SYQR-4000<\/td><td class=\"column-2\">1452<\/td><td class=\"column-3\">1395<\/td><td class=\"column-4\">1355<\/td><td class=\"column-5\">1185<\/td><td class=\"column-6\">1087<\/td><td class=\"column-7\">590<\/td><td class=\"column-8\">440<\/td><td class=\"column-9\">15<\/td><td class=\"column-10\">25<\/td><td class=\"column-11\">335x320<\/td><td class=\"column-12\">430x312<\/td>\n<\/tr>\n<tr class=\"row-5\">\n\t<td class=\"column-1\">SYQR-5000<\/td><td class=\"column-2\">2009<\/td><td class=\"column-3\">1757<\/td><td class=\"column-4\">1912<\/td><td class=\"column-5\">1201<\/td><td class=\"column-6\">1321<\/td><td class=\"column-7\">536<\/td><td class=\"column-8\">730<\/td><td class=\"column-9\">130<\/td><td class=\"column-10\">25<\/td><td class=\"column-11\">400x460<\/td><td class=\"column-12\">400x460<\/td>\n<\/tr>\n<tr class=\"row-6\">\n\t<td class=\"column-1\">Syqr-6000<\/td><td class=\"column-2\">2009<\/td><td class=\"column-3\">1757<\/td><td class=\"column-4\">1912<\/td><td class=\"column-5\">1201<\/td><td class=\"column-6\">1321<\/td><td class=\"column-7\">536<\/td><td class=\"column-8\">730<\/td><td class=\"column-9\">130<\/td><td class=\"column-10\">25<\/td><td class=\"column-11\">400x460<\/td><td class=\"column-12\">400x460<\/td>\n<\/tr>\n<tr class=\"row-7\">\n\t<td class=\"column-1\">SYQR-8000<\/td><td class=\"column-2\">2009<\/td><td class=\"column-3\">1757<\/td><td class=\"column-4\">1912<\/td><td class=\"column-5\">1201<\/td><td class=\"column-6\">1321<\/td><td class=\"column-7\">556<\/td><td class=\"column-8\">795<\/td><td class=\"column-9\">130<\/td><td class=\"column-10\">25<\/td><td class=\"column-11\">440x460<\/td><td class=\"column-12\">440x460<\/td>\n<\/tr>\n<\/tbody>\n<\/table>\n<!-- #tablepress-7 from cache --><\/div>\n<\/div>\n<div><\/div>\n<div class=\"woocb\"><a class=\"wocb\" href=\"http:\/\/www.beiaole.com\/wp-content\/uploads\/2025\/08\/d1.4.2.pdf\" target=\"_blank\" rel=\"noopener\">formar<\/a><\/div>\n<div><\/div>\n<p><img loading=\"lazy\" decoding=\"async\" class=\"aligncenter wp-image-15661 size-large\" src=\"http:\/\/www.beiaole.com\/wp-content\/uploads\/2025\/08\/s1.4.2-1024x336.png\" alt=\"Commercial Energy Recovery Ventilator-size\" width=\"1024\" height=\"336\" data-no-translation=\"\" \/><br \/>\nDesempenho:<\/p>\n<div class=\"scroll-table-wrapper\">\n<div class=\"scroll-table\">\n<table id=\"tablepress-8\" class=\"tablepress tablepress-id-8\">\n<thead>\n<tr class=\"row-1\">\n\t<th class=\"column-1\">modelo<\/th><th class=\"column-2\">equipamento<\/th><th class=\"column-3\">tens\u00e3o(v)<\/th><th class=\"column-4\">Frequ\u00eancia(Hz)<\/th><th class=\"column-5\">poder (w)<\/th><th class=\"column-6\">Fluxo de ar (m\u00b3\/h)<\/th><th class=\"column-7\">Press\u00e3o est\u00e1tica (PA)<\/th><th class=\"column-8\">Ru\u00eddo (db)<\/th><th class=\"column-9\">Filtro principal (%)<\/th><th colspan=\"2\" class=\"column-10\">Taxa de efici\u00eancia cambial (%)<\/th><th colspan=\"2\" class=\"column-12\">Taxa de c\u00e2mbio entalpia (%)<\/th><th class=\"column-14\">N.W(kg)<\/th>\n<\/tr>\n<\/thead>\n<tbody class=\"row-striping row-hover\">\n<tr class=\"row-2\">\n\t<td class=\"column-1\"><\/td><td class=\"column-2\"><\/td><td class=\"column-3\"><\/td><td class=\"column-4\"><\/td><td class=\"column-5\"><\/td><td class=\"column-6\"><\/td><td class=\"column-7\"><\/td><td class=\"column-8\"><\/td><td class=\"column-9\"><\/td><td class=\"column-10\">resfriamento<\/td><td class=\"column-11\">aquecimento<\/td><td class=\"column-12\">resfriamento<\/td><td class=\"column-13\">aquecimento<\/td><td class=\"column-14\"><\/td>\n<\/tr>\n<tr class=\"row-3\">\n\t<td class=\"column-1\">Syqr-1000<\/td><td class=\"column-2\">h\/l<\/td><td class=\"column-3\">220<\/td><td class=\"column-4\">50<\/td><td class=\"column-5\">600\/500<\/td><td class=\"column-6\">1000\/800<\/td><td class=\"column-7\">245\/210<\/td><td class=\"column-8\">48\/46<\/td><td class=\"column-9\">76.1<\/td><td class=\"column-10\">61\/63<\/td><td class=\"column-11\">60\/69<\/td><td class=\"column-12\">61\/65<\/td><td class=\"column-13\">65\/69<\/td><td class=\"column-14\">66.5<\/td>\n<\/tr>\n<tr class=\"row-4\">\n\t<td class=\"column-1\">Syqr-1500<\/td><td class=\"column-2\">h\/l<\/td><td class=\"column-3\">220<\/td><td class=\"column-4\">50<\/td><td class=\"column-5\">1100\/900<\/td><td class=\"column-6\">1500\/1200<\/td><td class=\"column-7\">265\/230<\/td><td class=\"column-8\">52\/50<\/td><td class=\"column-9\">76.1<\/td><td class=\"column-10\">65\/66<\/td><td class=\"column-11\">68\/71<\/td><td class=\"column-12\">64\/68<\/td><td class=\"column-13\">65\/71<\/td><td class=\"column-14\">67<\/td>\n<\/tr>\n<tr class=\"row-5\">\n\t<td class=\"column-1\">Syqr-2000<\/td><td class=\"column-2\">h\/l<\/td><td class=\"column-3\">220<\/td><td class=\"column-4\">50<\/td><td class=\"column-5\">1400\/1200<\/td><td class=\"column-6\">2000\/1700<\/td><td class=\"column-7\">270\/245<\/td><td class=\"column-8\">55\/53<\/td><td class=\"column-9\">76.1<\/td><td class=\"column-10\">64\/66<\/td><td class=\"column-11\">65\/73<\/td><td class=\"column-12\">63\/68<\/td><td class=\"column-13\">66\/73<\/td><td class=\"column-14\">83<\/td>\n<\/tr>\n<tr class=\"row-6\">\n\t<td class=\"column-1\">Syqr-2500<\/td><td class=\"column-2\">h\/l<\/td><td class=\"column-3\">220<\/td><td class=\"column-4\">50<\/td><td class=\"column-5\">1600\/1400<\/td><td class=\"column-6\">2500\/2200<\/td><td class=\"column-7\">285\/255<\/td><td class=\"column-8\">56\/53<\/td><td class=\"column-9\">76.1<\/td><td class=\"column-10\">64\/69<\/td><td class=\"column-11\">63\/76<\/td><td class=\"column-12\">63\/68<\/td><td class=\"column-13\">62\/72<\/td><td class=\"column-14\">85<\/td>\n<\/tr>\n<tr class=\"row-7\">\n\t<td class=\"column-1\">SYQR-3000<\/td><td class=\"column-2\">\/<\/td><td class=\"column-3\">220\/380<\/td><td class=\"column-4\">50<\/td><td class=\"column-5\">1900<\/td><td class=\"column-6\">3000<\/td><td class=\"column-7\">275<\/td><td class=\"column-8\">57<\/td><td class=\"column-9\">76.1<\/td><td class=\"column-10\">65<\/td><td class=\"column-11\">69<\/td><td class=\"column-12\">66<\/td><td class=\"column-13\">69<\/td><td class=\"column-14\">106.5<\/td>\n<\/tr>\n<tr class=\"row-8\">\n\t<td class=\"column-1\">SYQR-4000<\/td><td class=\"column-2\">\/<\/td><td class=\"column-3\">220\/380<\/td><td class=\"column-4\">50<\/td><td class=\"column-5\">2200<\/td><td class=\"column-6\">4000<\/td><td class=\"column-7\">305<\/td><td class=\"column-8\">58<\/td><td class=\"column-9\">76.1<\/td><td class=\"column-10\">63<\/td><td class=\"column-11\">71<\/td><td class=\"column-12\">64<\/td><td class=\"column-13\">70<\/td><td class=\"column-14\">107.5<\/td>\n<\/tr>\n<tr class=\"row-9\">\n\t<td class=\"column-1\">SYQR-5000<\/td><td class=\"column-2\">\/<\/td><td class=\"column-3\">380<\/td><td class=\"column-4\">50<\/td><td class=\"column-5\">3000<\/td><td class=\"column-6\">5000<\/td><td class=\"column-7\">320<\/td><td class=\"column-8\">60<\/td><td class=\"column-9\">76.1<\/td><td class=\"column-10\">67<\/td><td class=\"column-11\">74<\/td><td class=\"column-12\">60<\/td><td class=\"column-13\">68<\/td><td class=\"column-14\">164<\/td>\n<\/tr>\n<tr class=\"row-10\">\n\t<td class=\"column-1\">Syqr-6000<\/td><td class=\"column-2\">\/<\/td><td class=\"column-3\">380<\/td><td class=\"column-4\">50<\/td><td class=\"column-5\">3300<\/td><td class=\"column-6\">6000<\/td><td class=\"column-7\">345<\/td><td class=\"column-8\">62<\/td><td class=\"column-9\">76.1<\/td><td class=\"column-10\">70<\/td><td class=\"column-11\">77<\/td><td class=\"column-12\">63<\/td><td class=\"column-13\">70<\/td><td class=\"column-14\">195<\/td>\n<\/tr>\n<tr class=\"row-11\">\n\t<td class=\"column-1\">SYQR-8000<\/td><td class=\"column-2\">\/<\/td><td class=\"column-3\">380<\/td><td class=\"column-4\">50<\/td><td class=\"column-5\">4400<\/td><td class=\"column-6\">8000<\/td><td class=\"column-7\">370<\/td><td class=\"column-8\">65<\/td><td class=\"column-9\">76.1<\/td><td class=\"column-10\">71<\/td><td class=\"column-11\">75<\/td><td class=\"column-12\">67<\/td><td class=\"column-13\">72<\/td><td class=\"column-14\">284<\/td>\n<\/tr>\n<\/tbody>\n<\/table>\n<!-- #tablepress-8 from cache --><\/div>\n<\/div>\n<div><\/div>\n<div class=\"woocb\"><a class=\"wocb\" href=\"http:\/\/www.beiaole.com\/wp-content\/uploads\/2025\/08\/d1.4.3.pdf\" target=\"_blank\" rel=\"noopener\">formar<\/a><\/div>\n<div><\/div>\n<p><img loading=\"lazy\" decoding=\"async\" class=\"aligncenter wp-image-17221 size-full\" src=\"http:\/\/www.beiaole.com\/wp-content\/uploads\/2025\/08\/x1.4.1.jpg\" alt=\"Commercial Energy Recovery Ventilator-q1\" width=\"924\" height=\"421\" data-no-translation=\"\" \/><\/p>\n<p><img loading=\"lazy\" decoding=\"async\" class=\"aligncenter wp-image-17222 size-full\" src=\"http:\/\/www.beiaole.com\/wp-content\/uploads\/2025\/08\/x1.4.2.jpg\" alt=\"Commercial Energy Recovery Ventilator-q2\" width=\"958\" height=\"431\" data-no-translation=\"\" \/><\/p>\n<p><img loading=\"lazy\" decoding=\"async\" class=\"aligncenter wp-image-17223 size-full\" src=\"http:\/\/www.beiaole.com\/wp-content\/uploads\/2025\/08\/x1.4.3.jpg\" alt=\"Commercial Energy Recovery Ventilator-q3\" width=\"937\" height=\"426\" data-no-translation=\"\" \/><\/p>\n<p><img loading=\"lazy\" decoding=\"async\" class=\"aligncenter wp-image-17224 size-full\" src=\"http:\/\/www.beiaole.com\/wp-content\/uploads\/2025\/08\/x1.4.4.jpg\" alt=\"Commercial Energy Recovery Ventilator-q4\" width=\"951\" height=\"427\" data-no-translation=\"\" \/><\/p>","protected":false},"excerpt":{"rendered":"<ul>\n<li>\n<h2>Capacidade do fluxo de ar:<\/h2>\n<p>\u202f1.000\u202f\u2013\u202f8.000\u202fm\u00b3\/h\u202fcom\u202fest\u00e1tica\u202fpara\u202fpara\u202f370\u202fpa, atendendo as demandas de meio e\u202fgrandes\u202fempresas.<\/li>\n<li>\n<h2>Core de recupera\u00e7\u00e3o de energia:<\/h2>\n<p>\u202fpapel de alto grau\u202fcapermutador\u202fcapers\u202fcapaz de alt\u00edssimos alcan\u00e7a\u202fpara\u202f77%\u202fenttalpia\u202freduzidos para redu\u00e7\u00e3o da termel\u00e9trica.<\/li>\n<li>\n<h2>Sistema de ventila\u00e7\u00e3o balanceado\u202f:<\/h2>\n<p>\u202fapenas suprimentos independentes e exaustos, garantindo a press\u00e3o est\u00e1vel\u202fe at\u00e9 mesmo a distribui\u00e7\u00e3o do ar em toda a \u00e1rea ocupada.<\/li>\n<li>\n<h2>Montagem de unidade dur\u00e1vel:<\/h2>\n<p>\u202fcopper\u202fmotor\u202fcom\u202fcorre\u00e7\u00f5es\u202fdesenvolvimento, tranquilidade, baixa vibra\u00e7\u00e3o\u202fdesempenho\u202fdia e noite.<\/li>\n<li>\n<h2>Filtragem em dois est\u00e1gios:<\/h2>\n<p>\u202fefici\u00eancia do filtro prim\u00e1ria\u202fde\u202fde\u202f76%, efetivamente, atrapalha\u202fpoluentes e poluentes, mantendo-a consist\u00eancia\u202fqualidade.<\/li>\n<li>\n<h2>Perfil de baixo ac\u00fastico:<\/h2>\n<p>\u202fru\u00eddo\u202flevels\u202fvariando\u202fde\u202f46\u202f a\u202f65\u202fdb\u202fsuporte\u202fopera\u00e7\u00e3o\u202fem-in\u202fem\u202fespa\u00e7os de trabalho.<\/li>\n<li>\n<h2>Projeto amig\u00e1vel para o servi\u00e7o:<\/h2>\n<p>\u202facess\u00edvel\u202fmanuten\u00e7\u00e3o\u202fportas\u202fe\u202finspe\u00e7\u00e3o\u202fports\u202f simplificar\u202flimpeza\u202fe\u202ffiltro.<\/li>\n<\/ul>\n<hr \/>","protected":false},"featured_media":4646,"comment_status":"open","ping_status":"closed","template":"","meta":{"_acf_changed":false},"product_brand":[],"product_cat":[71],"product_tag":[],"class_list":{"0":"post-4609","1":"product","2":"type-product","3":"status-publish","4":"has-post-thumbnail","6":"product_cat-energy-recovery-ventilator-2","8":"first","9":"instock","10":"taxable","11":"shipping-taxable","12":"purchasable","13":"product-type-variable","14":"has-default-attributes"},"acf":[],"_links":{"self":[{"href":"https:\/\/www.ecvents.com\/pt\/wp-json\/wp\/v2\/product\/4609","targetHints":{"allow":["GET"]}}],"collection":[{"href":"https:\/\/www.ecvents.com\/pt\/wp-json\/wp\/v2\/product"}],"about":[{"href":"https:\/\/www.ecvents.com\/pt\/wp-json\/wp\/v2\/types\/product"}],"replies":[{"embeddable":true,"href":"https:\/\/www.ecvents.com\/pt\/wp-json\/wp\/v2\/comments?post=4609"}],"wp:featuredmedia":[{"embeddable":true,"href":"https:\/\/www.ecvents.com\/pt\/wp-json\/wp\/v2\/media\/4646"}],"wp:attachment":[{"href":"https:\/\/www.ecvents.com\/pt\/wp-json\/wp\/v2\/media?parent=4609"}],"wp:term":[{"taxonomy":"product_brand","embeddable":true,"href":"https:\/\/www.ecvents.com\/pt\/wp-json\/wp\/v2\/product_brand?post=4609"},{"taxonomy":"product_cat","embeddable":true,"href":"https:\/\/www.ecvents.com\/pt\/wp-json\/wp\/v2\/product_cat?post=4609"},{"taxonomy":"product_tag","embeddable":true,"href":"https:\/\/www.ecvents.com\/pt\/wp-json\/wp\/v2\/product_tag?post=4609"}],"curies":[{"name":"wp","href":"https:\/\/api.w.org\/{rel}","templated":true}]}}