{"id":4660,"date":"2026-03-19T06:02:09","date_gmt":"2026-03-19T11:02:09","guid":{"rendered":"https:\/\/www.ecvents.com\/?post_type=product&#038;p=4660"},"modified":"2026-03-19T06:02:35","modified_gmt":"2026-03-19T11:02:35","slug":"ventilador-de-ar-fresco-em-casa","status":"publish","type":"product","link":"https:\/\/www.ecvents.com\/pt\/product\/ventilador-de-ar-fresco-em-casa\/","title":{"rendered":"ventilador de ar fresco em casa"},"content":{"rendered":"<div class=\"someee\">\n<h2><strong>ar puro. conforto calmo. Projetado para a vida cotidiana.<\/strong><\/h2>\n<p>o\u00a0<strong>ventilador de ar fresco em casa<\/strong>\u00a0\u00e9 constru\u00eddo em torno de um objetivo, tornando o ar em que voc\u00ea vive parece certo. Limpo, equilibrado e refrescantemente refrescante. Por baixo de seu refinado exterior, um\u00a0<strong>Motor de cobre<\/strong>\u00a0E os rolamentos de esferas de precis\u00e3o proporcionam um fluxo de ar suave e eficiente, que mant\u00e9m o uso de energia baixo e o conforto \u00e9 alto.<\/p>\n<p>um totalmente\u00a0<strong>Corpo todo metal<\/strong>\u00a0Adiciona solidez tranquilizadora, resist\u00eancia \u00e0 corros\u00e3o, impacto e resson\u00e2ncia mec\u00e2nica que pode cansar unidades menores. \u00c9 o tipo de produto instalado uma vez e confi\u00e1vel h\u00e1 anos \u2014 silencioso, est\u00e1vel e constru\u00eddo para suportar a opera\u00e7\u00e3o cont\u00ednua.<\/p>\n<p>em apenas\u00a0<strong>12 cent\u00edmetros de espessura<\/strong>, o ventilador se integra sem esfor\u00e7o em tetos e espa\u00e7os de parede onde o espa\u00e7o \u00e9 limitado. Dois dutos independentes lidam com o fornecimento e o escapamento, mantendo uma press\u00e3o equilibrada nas salas para renova\u00e7\u00e3o natural do ar sem calados ou oscila\u00e7\u00f5es de temperatura.<\/p>\n<p>Antes que o ar chegue \u00e0 sala, ele passa por um\u00a0<strong>Sistema de filtro duplo<\/strong>: uma camada prim\u00e1ria para poeira e uma camada de alta efici\u00eancia para part\u00edculas finas e odores residuais. O resultado \u00e9 sutil, mas inconfund\u00edvel - uma atmosfera mais leve, manh\u00e3s mais limpas e respira\u00e7\u00e3o mais calma.<\/p>\n<\/div>\n<hr \/>\n<p>Dimens\u00f5es (unidade: mm):<\/p>\n<div class=\"scroll-table-wrapper\">\n<div class=\"scroll-table\">\n<table id=\"tablepress-9\" class=\"tablepress tablepress-id-9\">\n<thead>\n<tr class=\"row-1\">\n\t<th class=\"column-1\">modelo<\/th><th class=\"column-2\">L<\/th><th class=\"column-3\">L1<\/th><th class=\"column-4\">W<\/th><th class=\"column-5\">w1<\/th><th class=\"column-6\">H<\/th><th class=\"column-7\">h1<\/th><th class=\"column-8\">D<\/th><th class=\"column-9\">F<\/th><th class=\"column-10\">E<\/th><th class=\"column-11\">G<\/th>\n<\/tr>\n<\/thead>\n<tbody class=\"row-striping row-hover\">\n<tr class=\"row-2\">\n\t<td class=\"column-1\">DUT10-34<\/td><td class=\"column-2\">875<\/td><td class=\"column-3\">845<\/td><td class=\"column-4\">703<\/td><td class=\"column-5\">420<\/td><td class=\"column-6\">123<\/td><td class=\"column-7\">93<\/td><td class=\"column-8\">583<\/td><td class=\"column-9\">192<\/td><td class=\"column-10\">393<\/td><td class=\"column-11\">\u03c6100<\/td>\n<\/tr>\n<tr class=\"row-3\">\n\t<td class=\"column-1\">DUT15-45<\/td><td class=\"column-2\">875<\/td><td class=\"column-3\">845<\/td><td class=\"column-4\">673<\/td><td class=\"column-5\">420<\/td><td class=\"column-6\">197<\/td><td class=\"column-7\">167<\/td><td class=\"column-8\">583<\/td><td class=\"column-9\">192<\/td><td class=\"column-10\">393<\/td><td class=\"column-11\">\u03c6150<\/td>\n<\/tr>\n<tr class=\"row-4\">\n\t<td class=\"column-1\">DUT20-60<\/td><td class=\"column-2\">875<\/td><td class=\"column-3\">845<\/td><td class=\"column-4\">700<\/td><td class=\"column-5\">420<\/td><td class=\"column-6\">247<\/td><td class=\"column-7\">217<\/td><td class=\"column-8\">544<\/td><td class=\"column-9\">192<\/td><td class=\"column-10\">393<\/td><td class=\"column-11\">\u03c6200<\/td>\n<\/tr>\n<\/tbody>\n<\/table>\n<\/div>\n<\/div>\n<div><\/div>\n<div class=\"woocb\"><a class=\"wocb\" href=\"http:\/\/www.beiaole.com\/wp-content\/uploads\/2025\/08\/d1.5.1.pdf\" target=\"_blank\" rel=\"noopener\">formar<\/a><\/div>\n<div><\/div>\n<p><img loading=\"lazy\" decoding=\"async\" class=\"aligncenter wp-image-15704 size-large\" src=\"http:\/\/www.beiaole.com\/wp-content\/uploads\/2025\/08\/s1.5-1024x438.png\" alt=\"Home Fresh Air Ventilator-size\" width=\"1024\" height=\"438\" data-no-translation=\"\" \/><br \/>\nDesempenho:<\/p>\n<div class=\"scroll-table-wrapper\">\n<div class=\"scroll-table\">\n<table id=\"tablepress-10\" class=\"tablepress tablepress-id-10\">\n<thead>\n<tr class=\"row-1\">\n\t<th class=\"column-1\">modelo<\/th><th class=\"column-2\">tens\u00e3o(v)<\/th><th class=\"column-3\">Frequ\u00eancia(Hz)<\/th><th class=\"column-4\">equipamento<\/th><th class=\"column-5\">poder (w)<\/th><th class=\"column-6\">Fluxo de ar (m\u00b3\/h)<\/th><th class=\"column-7\">Press\u00e3o est\u00e1tica (PA)<\/th><th class=\"column-8\">Ru\u00eddo (db)<\/th><th class=\"column-9\">Filtro principal (%)<\/th><th class=\"column-10\">\u00c1rea de aplica\u00e7\u00e3o (m\u00b2)<\/th><th class=\"column-11\">n.m(kg)<\/th>\n<\/tr>\n<\/thead>\n<tbody class=\"row-striping row-hover\">\n<tr class=\"row-2\">\n\t<td class=\"column-1\">DUT10-34<\/td><td class=\"column-2\">220<\/td><td class=\"column-3\">50<\/td><td class=\"column-4\">h\/l<\/td><td class=\"column-5\">108\/86<\/td><td class=\"column-6\">230\/180<\/td><td class=\"column-7\">210\/110<\/td><td class=\"column-8\">30\/33<\/td><td class=\"column-9\">\u03c6100<\/td><td class=\"column-10\">80-100<\/td><td class=\"column-11\">17.9<\/td>\n<\/tr>\n<tr class=\"row-3\">\n\t<td class=\"column-1\">DUT15-45<\/td><td class=\"column-2\">220<\/td><td class=\"column-3\">50<\/td><td class=\"column-4\">h\/l<\/td><td class=\"column-5\">151\/124<\/td><td class=\"column-6\">550\/350<\/td><td class=\"column-7\">240\/160<\/td><td class=\"column-8\">36\/33<\/td><td class=\"column-9\">\u03c6150<\/td><td class=\"column-10\">75-150<\/td><td class=\"column-11\">20.3<\/td>\n<\/tr>\n<tr class=\"row-4\">\n\t<td class=\"column-1\">DUT20-60<\/td><td class=\"column-2\">220<\/td><td class=\"column-3\">50<\/td><td class=\"column-4\">h\/l<\/td><td class=\"column-5\">240\/186<\/td><td class=\"column-6\">1200\/800<\/td><td class=\"column-7\">320\/270<\/td><td class=\"column-8\">45\/41<\/td><td class=\"column-9\">\u03c6200<\/td><td class=\"column-10\">165-330<\/td><td class=\"column-11\">24.5<\/td>\n<\/tr>\n<\/tbody>\n<\/table>\n<\/div>\n<\/div>\n<div><\/div>\n<div class=\"woocb\"><a class=\"wocb\" href=\"http:\/\/www.beiaole.com\/wp-content\/uploads\/2025\/08\/d1.5.2.pdf\" target=\"_blank\" rel=\"noopener\">formar<\/a><\/div>\n<div><\/div>","protected":false},"excerpt":{"rendered":"<ul>\n<li>\n<h2>Sistema de fluxo de ar balanceado:<\/h2>\n<p>\u202f Os dutos de admiss\u00e3o e de exaust\u00e3o independentes trocam ar fresco e obsoleto simultaneamente para ventila\u00e7\u00e3o uniforme.<\/li>\n<li>\n<h2>Volume de ar otimizado:<\/h2>\n<p>\u202fentrega\u202f180\u202f\u2013\u202f1200\u202fm\u00b3\/h\u202fcom a press\u00e3o est\u00e1tica\u202fup\u202fpara\u202f320\u202fpa\u202fpara\u202fdistribui\u00e7\u00e3o\u202fequilibrada\u202fpara\u202fao longo de toda a vida.<\/li>\n<li>\n<h2>Design fino, integrado\u202f:<\/h2>\n<p>\u202f Apenas\u202f12\u202fcm\u202fthick\u202fpara\u202fdiscretos\u202finstala\u00e7\u00e3o\u202fabove\u202f teceis\u202fou\u202fem espa\u00e7os arquitet\u00f4nicos.<\/li>\n<li>\n<h2>Habita\u00e7\u00e3o de metal dur\u00e1vel:<\/h2>\n<p>A constru\u00e7\u00e3o r\u00edgida resiste \u00e0 corros\u00e3o e \u00e0 vibra\u00e7\u00e3o mec\u00e2nica, \u00e0 estabilidade do longo prazo.<\/li>\n<li>\n<h2>Drive eficiente em termos de energia<\/h2>\n<p>\u202fcopper\u2011core\u202fmotor\u202fe\u202fbaixa resist\u00eancia\u202fpath\u202fpath\u202fminimizar\u202fpoder\u202fuso sob\u202fcont\u00ednuo.<\/li>\n<li>\n<h2>Opera\u00e7\u00e3o de baixo ru\u00eddo:<\/h2>\n<p>\u202fac\u00fastica\u202fotimiza\u00e7\u00e3o\u202fmant\u00e9m-se\u202fa-a-30\u202f\u2013\u202f45\u202fdb,\u202fapoiando\u202fmudo.<\/li>\n<li>\n<h2>Filtragem avan\u00e7ada:<\/h2>\n<p>\u202fprim\u00e1rio\u202fe\u202ffixia\u2011fixia\u202fcapturar\u202ffinos, part\u00edculas finas, e odores\u202fpara\u202fconsistentemente,\u202fde interiores,\u202feconsistentemente limpos,\u202f.<\/li>\n<\/ul>\n<hr \/>","protected":false},"featured_media":4669,"comment_status":"open","ping_status":"closed","template":"","meta":{"_acf_changed":false},"product_brand":[],"product_cat":[71],"product_tag":[],"class_list":{"0":"post-4660","1":"product","2":"type-product","3":"status-publish","4":"has-post-thumbnail","6":"product_cat-energy-recovery-ventilator-2","8":"first","9":"instock","10":"taxable","11":"shipping-taxable","12":"purchasable","13":"product-type-variable","14":"has-default-attributes"},"acf":[],"_links":{"self":[{"href":"https:\/\/www.ecvents.com\/pt\/wp-json\/wp\/v2\/product\/4660","targetHints":{"allow":["GET"]}}],"collection":[{"href":"https:\/\/www.ecvents.com\/pt\/wp-json\/wp\/v2\/product"}],"about":[{"href":"https:\/\/www.ecvents.com\/pt\/wp-json\/wp\/v2\/types\/product"}],"replies":[{"embeddable":true,"href":"https:\/\/www.ecvents.com\/pt\/wp-json\/wp\/v2\/comments?post=4660"}],"wp:featuredmedia":[{"embeddable":true,"href":"https:\/\/www.ecvents.com\/pt\/wp-json\/wp\/v2\/media\/4669"}],"wp:attachment":[{"href":"https:\/\/www.ecvents.com\/pt\/wp-json\/wp\/v2\/media?parent=4660"}],"wp:term":[{"taxonomy":"product_brand","embeddable":true,"href":"https:\/\/www.ecvents.com\/pt\/wp-json\/wp\/v2\/product_brand?post=4660"},{"taxonomy":"product_cat","embeddable":true,"href":"https:\/\/www.ecvents.com\/pt\/wp-json\/wp\/v2\/product_cat?post=4660"},{"taxonomy":"product_tag","embeddable":true,"href":"https:\/\/www.ecvents.com\/pt\/wp-json\/wp\/v2\/product_tag?post=4660"}],"curies":[{"name":"wp","href":"https:\/\/api.w.org\/{rel}","templated":true}]}}