{"id":4664,"date":"2026-03-19T06:02:10","date_gmt":"2026-03-19T11:02:10","guid":{"rendered":"https:\/\/www.ecvents.com\/?post_type=product&#038;p=4664"},"modified":"2026-03-19T06:03:03","modified_gmt":"2026-03-19T11:03:03","slug":"ventilador-em-linha-de-ar-fresco-de-uma-so-forma","status":"publish","type":"product","link":"https:\/\/www.ecvents.com\/pt\/product\/ventilador-em-linha-de-ar-fresco-de-uma-so-forma\/","title":{"rendered":"Ventilador em linha de ar fresco de uma s\u00f3 forma"},"content":{"rendered":"<div class=\"someee\">\n<h2><strong>Frescura constante. Garantia silenciosa. Projetado para desempenho.<\/strong><\/h2>\n<p>o\u00a0<strong>Ventilador em linha de ar fresco de uma s\u00f3 forma<\/strong>\u00a0Re\u00fane a engenharia de precis\u00e3o e a efici\u00eancia subestimada. Projetado para opera\u00e7\u00e3o cont\u00ednua em sistemas de ventila\u00e7\u00e3o modernos, mant\u00e9m um fluxo constante de ar limpo e silencioso que suporta conforto, sa\u00fade e produtividade.<\/p>\n<p>Dentro de sua estrutura compacta, um\u00a0<strong>motor de cobre<\/strong>\u00a0Funciona com rolamentos de esferas de precis\u00e3o para garantir um desempenho suave e de baixa vibra\u00e7\u00e3o e uma vida \u00fatil prolongada. um\u00a0<strong>Sistema de filtragem de dois est\u00e1gios<\/strong>\u2014Prim\u00e1rio e de alta efici\u00eancia\u2014Filate poeira fina e odores diretamente na fonte, preservando a qualidade do ar consistente ao longo do tempo.<\/p>\n<p>O f\u00e3\u00a0<strong>Carca\u00e7a ultrafil\u00e9 e bem equilibrada<\/strong>\u00a0Integra-se facilmente acima dos tetos, dentro dos dutos ou atr\u00e1s dos pain\u00e9is de parede, adaptando-se a espa\u00e7os confinados ou arquitet\u00f4nicos com o m\u00ednimo de esfor\u00e7o de instala\u00e7\u00e3o. As unidades tamb\u00e9m podem ser vinculadas em s\u00e9rie ou em paralelo, criando m\u00f3dulos de fluxo de ar escal\u00e1veis que se alinham aos requisitos do sistema.<\/p>\n<\/div>\n<hr \/>\n<p>Dimens\u00f5es (unidade: mm):<\/p>\n<div class=\"scroll-table-wrapper\">\n<div class=\"scroll-table\">\n<table id=\"tablepress-14\" class=\"tablepress tablepress-id-14\">\n<thead>\n<tr class=\"row-1\">\n\t<th class=\"column-1\">modelo<\/th><th class=\"column-2\">L<\/th><th class=\"column-3\">L1<\/th><th class=\"column-4\">L2<\/th><th class=\"column-5\">W<\/th><th class=\"column-6\">w1<\/th><th class=\"column-7\">H<\/th><th class=\"column-8\">h1<\/th><th class=\"column-9\">D<\/th>\n<\/tr>\n<\/thead>\n<tbody class=\"row-striping row-hover\">\n<tr class=\"row-2\">\n\t<td class=\"column-1\">dpt10-35j<\/td><td class=\"column-2\">701<\/td><td class=\"column-3\">523<\/td><td class=\"column-4\">420<\/td><td class=\"column-5\">400<\/td><td class=\"column-6\">447<\/td><td class=\"column-7\">121<\/td><td class=\"column-8\">30<\/td><td class=\"column-9\">\u03c6100<\/td>\n<\/tr>\n<tr class=\"row-3\">\n\t<td class=\"column-1\">dpt15-45j<\/td><td class=\"column-2\">673<\/td><td class=\"column-3\">523<\/td><td class=\"column-4\">420<\/td><td class=\"column-5\">400<\/td><td class=\"column-6\">447<\/td><td class=\"column-7\">196<\/td><td class=\"column-8\">30<\/td><td class=\"column-9\">\u03c6150<\/td>\n<\/tr>\n<tr class=\"row-4\">\n\t<td class=\"column-1\">DPT20-55J<\/td><td class=\"column-2\">700<\/td><td class=\"column-3\">523<\/td><td class=\"column-4\">420<\/td><td class=\"column-5\">400<\/td><td class=\"column-6\">447<\/td><td class=\"column-7\">246<\/td><td class=\"column-8\">30<\/td><td class=\"column-9\">\u03c6200<\/td>\n<\/tr>\n<\/tbody>\n<\/table>\n<!-- #tablepress-14 from cache --><\/div>\n<\/div>\n<div><\/div>\n<div class=\"woocb\"><a class=\"wocb\" href=\"http:\/\/www.beiaole.com\/wp-content\/uploads\/2025\/09\/d1.7.1.pdf\" target=\"_blank\" rel=\"noopener\">formar<\/a><\/div>\n<div><\/div>\n<p><img loading=\"lazy\" decoding=\"async\" class=\"aligncenter wp-image-15811 size-large\" src=\"http:\/\/www.beiaole.com\/wp-content\/uploads\/2025\/08\/s1.7-1024x500.png\" alt=\"Single Way Fresh Air Inline Fan-size\" width=\"1024\" height=\"500\" data-no-translation=\"\" \/><br \/>\nDesempenho:<\/p>\n<div class=\"scroll-table-wrapper\">\n<div class=\"scroll-table\">\n<table id=\"tablepress-15\" class=\"tablepress tablepress-id-15 tbody-has-connected-cells\">\n<thead>\n<tr class=\"row-1\">\n\t<th class=\"column-1\">modelo<\/th><th class=\"column-2\">tens\u00e3o(v)<\/th><th class=\"column-3\">Frequ\u00eancia(Hz)<\/th><th class=\"column-4\">equipamento<\/th><th class=\"column-5\">poder (w)<\/th><th class=\"column-6\">Fluxo de ar (m\u00b3\/h)<\/th><th class=\"column-7\">Press\u00e3o est\u00e1tica (PA)<\/th><th class=\"column-8\">Ru\u00eddo (db)<\/th><th class=\"column-9\">Tamanho do duto (mm)<\/th><th class=\"column-10\">\u00c1rea de aplica\u00e7\u00e3o (m\u00b2)<\/th><th class=\"column-11\">n.m(kg)<\/th>\n<\/tr>\n<\/thead>\n<tbody class=\"row-striping row-hover\">\n<tr class=\"row-2\">\n\t<td rowspan=\"2\" class=\"column-1\">dpt10-35j<\/td><td rowspan=\"2\" class=\"column-2\">220<\/td><td rowspan=\"2\" class=\"column-3\">50<\/td><td class=\"column-4\">em alta<\/td><td class=\"column-5\">53<\/td><td class=\"column-6\">160<\/td><td class=\"column-7\">192<\/td><td class=\"column-8\">31<\/td><td rowspan=\"2\" class=\"column-9\">\u03c6100<\/td><td rowspan=\"2\" class=\"column-10\">8-15<\/td><td rowspan=\"2\" class=\"column-11\">9<\/td>\n<\/tr>\n<tr class=\"row-3\">\n\t<td class=\"column-4\">mugir<\/td><td class=\"column-5\">44<\/td><td class=\"column-6\">120<\/td><td class=\"column-7\">170<\/td><td class=\"column-8\">25<\/td>\n<\/tr>\n<tr class=\"row-4\">\n\t<td rowspan=\"2\" class=\"column-1\">dpt15-45j<\/td><td rowspan=\"2\" class=\"column-2\">220<\/td><td rowspan=\"2\" class=\"column-3\">50<\/td><td class=\"column-4\">em alta<\/td><td class=\"column-5\">88<\/td><td class=\"column-6\">350<\/td><td class=\"column-7\">270<\/td><td class=\"column-8\">42<\/td><td rowspan=\"2\" class=\"column-9\">\u03c6150<\/td><td rowspan=\"2\" class=\"column-10\">25-30<\/td><td rowspan=\"2\" class=\"column-11\">11<\/td>\n<\/tr>\n<tr class=\"row-5\">\n\t<td class=\"column-4\">mugir<\/td><td class=\"column-5\">78<\/td><td class=\"column-6\">290<\/td><td class=\"column-7\">250<\/td><td class=\"column-8\">38<\/td>\n<\/tr>\n<tr class=\"row-6\">\n\t<td rowspan=\"2\" class=\"column-1\">DPT20-55J<\/td><td rowspan=\"2\" class=\"column-2\">220<\/td><td rowspan=\"2\" class=\"column-3\">50<\/td><td class=\"column-4\">em alta<\/td><td class=\"column-5\">143<\/td><td class=\"column-6\">650<\/td><td class=\"column-7\">365<\/td><td class=\"column-8\">45<\/td><td rowspan=\"2\" class=\"column-9\">\u03c6200<\/td><td rowspan=\"2\" class=\"column-10\">30-40<\/td><td rowspan=\"2\" class=\"column-11\">13<\/td>\n<\/tr>\n<tr class=\"row-7\">\n\t<td class=\"column-4\">mugir<\/td><td class=\"column-5\">122<\/td><td class=\"column-6\">500<\/td><td class=\"column-7\">300<\/td><td class=\"column-8\">32<\/td>\n<\/tr>\n<\/tbody>\n<\/table>\n<!-- #tablepress-15 from cache --><\/div>\n<\/div>\n<div><\/div>\n<div class=\"woocb\"><a class=\"wocb\" href=\"http:\/\/www.beiaole.com\/wp-content\/uploads\/2025\/09\/d1.7.2.pdf\" target=\"_blank\" rel=\"noopener\">formar<\/a><\/div>\n<div><\/div>\n<p><img loading=\"lazy\" decoding=\"async\" class=\"aligncenter wp-image-17228 size-large\" src=\"http:\/\/www.beiaole.com\/wp-content\/uploads\/2025\/08\/x1.7-1024x317.jpg\" alt=\"Single Way Fresh Air Inline Fan-q1\" width=\"1024\" height=\"317\" data-no-translation=\"\" \/><\/p>","protected":false},"excerpt":{"rendered":"<ul>\n<li>\n<h2>Efici\u00eancia do gerenciamento do ar:<\/h2>\n<p>\u00a0Variam de 120 a 650 m\u00b3\/h com press\u00e3o est\u00e1tica de at\u00e9 365\u202fPA, projetada para ventila\u00e7\u00e3o est\u00e1vel e controlada.<\/li>\n<li>\n<h2>Confiabilidade silenciosa:<\/h2>\n<p>\u00a0O desempenho ac\u00fastico de at\u00e9 25\u202f dB permite a opera\u00e7\u00e3o em \u00e1reas ocupadas e sens\u00edveis ao ru\u00eddo.<\/li>\n<li>\n<h2>Condu\u00e7\u00e3o Consciente de Energia:<\/h2>\n<p>\u00a0Motor de cobre de alta efici\u00eancia e impulsor aerodin\u00e2mico minimizam o consumo sob o servi\u00e7o cont\u00ednuo.<\/li>\n<li>\n<h2>Tecnologia de filtragem dupla:<\/h2>\n<p>\u00a0O processo de filtra\u00e7\u00e3o sequencial elimina part\u00edculas e odores residuais para a qualidade do ar duradouro.<\/li>\n<li>\n<h2>Integra\u00e7\u00e3o compacta:<\/h2>\n<p>\u00a0A constru\u00e7\u00e3o fina permite a instala\u00e7\u00e3o oculta em tetos, dutos e corredores de servi\u00e7o.<\/li>\n<li>\n<h2>Design modular:<\/h2>\n<p>\u00a0Configur\u00e1vel como unidades individuais ou em rede para expandir a capacidade do fluxo de ar quando necess\u00e1rio.<\/li>\n<\/ul>\n<hr \/>","protected":false},"featured_media":4670,"comment_status":"open","ping_status":"closed","template":"","meta":{"_acf_changed":false},"product_brand":[],"product_cat":[71],"product_tag":[],"class_list":{"0":"post-4664","1":"product","2":"type-product","3":"status-publish","4":"has-post-thumbnail","6":"product_cat-energy-recovery-ventilator-2","8":"first","9":"instock","10":"taxable","11":"shipping-taxable","12":"purchasable","13":"product-type-variable","14":"has-default-attributes"},"acf":[],"_links":{"self":[{"href":"https:\/\/www.ecvents.com\/pt\/wp-json\/wp\/v2\/product\/4664","targetHints":{"allow":["GET"]}}],"collection":[{"href":"https:\/\/www.ecvents.com\/pt\/wp-json\/wp\/v2\/product"}],"about":[{"href":"https:\/\/www.ecvents.com\/pt\/wp-json\/wp\/v2\/types\/product"}],"replies":[{"embeddable":true,"href":"https:\/\/www.ecvents.com\/pt\/wp-json\/wp\/v2\/comments?post=4664"}],"wp:featuredmedia":[{"embeddable":true,"href":"https:\/\/www.ecvents.com\/pt\/wp-json\/wp\/v2\/media\/4670"}],"wp:attachment":[{"href":"https:\/\/www.ecvents.com\/pt\/wp-json\/wp\/v2\/media?parent=4664"}],"wp:term":[{"taxonomy":"product_brand","embeddable":true,"href":"https:\/\/www.ecvents.com\/pt\/wp-json\/wp\/v2\/product_brand?post=4664"},{"taxonomy":"product_cat","embeddable":true,"href":"https:\/\/www.ecvents.com\/pt\/wp-json\/wp\/v2\/product_cat?post=4664"},{"taxonomy":"product_tag","embeddable":true,"href":"https:\/\/www.ecvents.com\/pt\/wp-json\/wp\/v2\/product_tag?post=4664"}],"curies":[{"name":"wp","href":"https:\/\/api.w.org\/{rel}","templated":true}]}}