{"id":4668,"date":"2026-03-19T06:02:10","date_gmt":"2026-03-19T11:02:10","guid":{"rendered":"https:\/\/www.ecvents.com\/?post_type=product&#038;p=4668"},"modified":"2026-03-19T06:03:03","modified_gmt":"2026-03-19T11:03:03","slug":"ventilador-de-armario-com-motor-ip55","status":"publish","type":"product","link":"https:\/\/www.ecvents.com\/pt\/product\/ventilador-de-armario-com-motor-ip55\/","title":{"rendered":"Ventilador de arm\u00e1rio com motor IP55"},"content":{"rendered":"<div class=\"someee\">\n<h2><strong>Rugged\u202fpor\u202fdesign.\u202f Silencioso\u202fem desempenho.\u202f Constru\u00eddo\u202fpara a ventila\u00e7\u00e3o cont\u00ednua.<\/strong><\/h2>\n<p>o <strong>Gabinete\u202fFAN\u202f com\u202fIP55\u202fmotor<\/strong>\u00a0Mant\u00e9m o ar se movendo fresco e est\u00e1vel sem exigir aten\u00e7\u00e3o. Dentro \u00e9 um\u00a0<strong>Motor de n\u00facleo de cobre s\u00f3lido<\/strong>\u202f\u2014\u202feficiente, forte e constru\u00eddo para continuar girando muito depois que os outros pararam. por\u00a0<strong>Rolamentos de bola de alta qualidade<\/strong>, oferece um movimento mais suave e silencioso do que voc\u00ea esperaria de algo t\u00e3o capaz.<\/p>\n<p>o\u00a0<strong>Casa de alum\u00ednio com classifica\u00e7\u00e3o IP55<\/strong>\u00a0N\u00e3o \u00e9 apenas para apar\u00eancia; ele se mant\u00e9m firme contra a poeira, umidade e o desgaste de opera\u00e7\u00e3o constante. o\u00a0<strong>Roda de metal\u202fventilador<\/strong>\u00a0Aciona o ar com autoridade, mantendo alta press\u00e3o e fluxo de longa dist\u00e2ncia sempre que seu sistema solicitar.<\/p>\n<p>A manuten\u00e7\u00e3o \u00e9 refrescantemente simples.\u00a0<strong>Inspe\u00e7\u00e3o lateral\u202fportas<\/strong>\u00a0Permitir que voc\u00ea abra, limpe ou troque componentes rapidamente, sem necessidade de ajustes completos ou desmontagem. \u00c9 um servi\u00e7o simples para um ventilador projetado para trabalhar duro sem reclamar.<\/p>\n<\/div>\n<hr \/>\n<p>Dimens\u00f5es (unidade: mm):<\/p>\n<div class=\"scroll-table-wrapper\">\n<div class=\"scroll-table\">\n<table id=\"tablepress-18\" class=\"tablepress tablepress-id-18\">\n<thead>\n<tr class=\"row-1\">\n\t<th class=\"column-1\">modelo<\/th><th class=\"column-2\">L<\/th><th class=\"column-3\">L1<\/th><th class=\"column-4\">W<\/th><th class=\"column-5\">w1<\/th><th class=\"column-6\">H<\/th><th class=\"column-7\">oi<\/th><th class=\"column-8\">D1<\/th><th class=\"column-9\">F<\/th><th class=\"column-10\">tamanho da sa\u00edda de ar<br \/>\n(axb)<\/th><th class=\"column-11\">Tamanho da entrada de ar<br \/>\n(cx)<\/th>\n<\/tr>\n<\/thead>\n<tbody class=\"row-striping row-hover\">\n<tr class=\"row-2\">\n\t<td class=\"column-1\">KTJ23-20D<\/td><td class=\"column-2\">490<\/td><td class=\"column-3\">452<\/td><td class=\"column-4\">490<\/td><td class=\"column-5\">530<\/td><td class=\"column-6\">372<\/td><td class=\"column-7\">36<\/td><td class=\"column-8\">50<\/td><td class=\"column-9\">25<\/td><td class=\"column-10\">270\u00d7265<\/td><td class=\"column-11\">350x312<\/td>\n<\/tr>\n<tr class=\"row-3\">\n\t<td class=\"column-1\">KTJ23-26D<\/td><td class=\"column-2\">490<\/td><td class=\"column-3\">452<\/td><td class=\"column-4\">490<\/td><td class=\"column-5\">530<\/td><td class=\"column-6\">372<\/td><td class=\"column-7\">36<\/td><td class=\"column-8\">50<\/td><td class=\"column-9\">25<\/td><td class=\"column-10\">300x280<\/td><td class=\"column-11\">430x312<\/td>\n<\/tr>\n<tr class=\"row-4\">\n\t<td class=\"column-1\">KTJ23-31D<\/td><td class=\"column-2\">524<\/td><td class=\"column-3\">486<\/td><td class=\"column-4\">592<\/td><td class=\"column-5\">632<\/td><td class=\"column-6\">440<\/td><td class=\"column-7\">36<\/td><td class=\"column-8\">50<\/td><td class=\"column-9\">25<\/td><td class=\"column-10\">335x320<\/td><td class=\"column-11\">335x320<\/td>\n<\/tr>\n<tr class=\"row-5\">\n\t<td class=\"column-1\">KTJ23-41D<\/td><td class=\"column-2\">524<\/td><td class=\"column-3\">486<\/td><td class=\"column-4\">592<\/td><td class=\"column-5\">632<\/td><td class=\"column-6\">440<\/td><td class=\"column-7\">36<\/td><td class=\"column-8\">50<\/td><td class=\"column-9\">25<\/td><td class=\"column-10\">335x320<\/td><td class=\"column-11\">550x380<\/td>\n<\/tr>\n<tr class=\"row-6\">\n\t<td class=\"column-1\">KTJ23-20<\/td><td class=\"column-2\">490<\/td><td class=\"column-3\">452<\/td><td class=\"column-4\">490<\/td><td class=\"column-5\">530<\/td><td class=\"column-6\">372<\/td><td class=\"column-7\">36<\/td><td class=\"column-8\">50<\/td><td class=\"column-9\">25<\/td><td class=\"column-10\">270\u00d7265<\/td><td class=\"column-11\">350\u00d7312<\/td>\n<\/tr>\n<tr class=\"row-7\">\n\t<td class=\"column-1\">KTJ23-26<\/td><td class=\"column-2\">490<\/td><td class=\"column-3\">452<\/td><td class=\"column-4\">490<\/td><td class=\"column-5\">530<\/td><td class=\"column-6\">372<\/td><td class=\"column-7\">36<\/td><td class=\"column-8\">50<\/td><td class=\"column-9\">25<\/td><td class=\"column-10\">300x280<\/td><td class=\"column-11\">430x312<\/td>\n<\/tr>\n<tr class=\"row-8\">\n\t<td class=\"column-1\">KTJ23-31<\/td><td class=\"column-2\">524<\/td><td class=\"column-3\">486<\/td><td class=\"column-4\">592<\/td><td class=\"column-5\">632<\/td><td class=\"column-6\">440<\/td><td class=\"column-7\">36<\/td><td class=\"column-8\">50<\/td><td class=\"column-9\">25<\/td><td class=\"column-10\">335x320<\/td><td class=\"column-11\">335x320<\/td>\n<\/tr>\n<tr class=\"row-9\">\n\t<td class=\"column-1\">KTJ23-41<\/td><td class=\"column-2\">524<\/td><td class=\"column-3\">486<\/td><td class=\"column-4\">592<\/td><td class=\"column-5\">632<\/td><td class=\"column-6\">440<\/td><td class=\"column-7\">36<\/td><td class=\"column-8\">50<\/td><td class=\"column-9\">25<\/td><td class=\"column-10\">335x320<\/td><td class=\"column-11\">550x380<\/td>\n<\/tr>\n<tr class=\"row-10\">\n\t<td class=\"column-1\">KTJ28-51<\/td><td class=\"column-2\">640<\/td><td class=\"column-3\">568<\/td><td class=\"column-4\">700<\/td><td class=\"column-5\">743<\/td><td class=\"column-6\">535<\/td><td class=\"column-7\">35<\/td><td class=\"column-8\">50<\/td><td class=\"column-9\">25<\/td><td class=\"column-10\">410x358<\/td><td class=\"column-11\">640x465<\/td>\n<\/tr>\n<tr class=\"row-11\">\n\t<td class=\"column-1\">KTJ28-61<\/td><td class=\"column-2\">700<\/td><td class=\"column-3\">628<\/td><td class=\"column-4\">740<\/td><td class=\"column-5\">783<\/td><td class=\"column-6\">600<\/td><td class=\"column-7\">35<\/td><td class=\"column-8\">50<\/td><td class=\"column-9\">25<\/td><td class=\"column-10\">400x460<\/td><td class=\"column-11\">550x460<\/td>\n<\/tr>\n<tr class=\"row-12\">\n\t<td class=\"column-1\">KTJ31-71<\/td><td class=\"column-2\">700<\/td><td class=\"column-3\">628<\/td><td class=\"column-4\">740<\/td><td class=\"column-5\">783<\/td><td class=\"column-6\">600<\/td><td class=\"column-7\">35<\/td><td class=\"column-8\">50<\/td><td class=\"column-9\">25<\/td><td class=\"column-10\">400x460<\/td><td class=\"column-11\">550x460<\/td>\n<\/tr>\n<tr class=\"row-13\">\n\t<td class=\"column-1\">KTJ31-81<\/td><td class=\"column-2\">700<\/td><td class=\"column-3\">628<\/td><td class=\"column-4\">780<\/td><td class=\"column-5\">823<\/td><td class=\"column-6\">600<\/td><td class=\"column-7\">35<\/td><td class=\"column-8\">50<\/td><td class=\"column-9\">25<\/td><td class=\"column-10\">400x460<\/td><td class=\"column-11\">745x535<\/td>\n<\/tr>\n<tr class=\"row-14\">\n\t<td class=\"column-1\">KTJ35-100<\/td><td class=\"column-2\">810<\/td><td class=\"column-3\">738<\/td><td class=\"column-4\">780<\/td><td class=\"column-5\">823<\/td><td class=\"column-6\">665<\/td><td class=\"column-7\">35<\/td><td class=\"column-8\">50<\/td><td class=\"column-9\">25<\/td><td class=\"column-10\">440x460<\/td><td class=\"column-11\">745x535<\/td>\n<\/tr>\n<tr class=\"row-15\">\n\t<td class=\"column-1\">KTJ35-120<\/td><td class=\"column-2\">810<\/td><td class=\"column-3\">738<\/td><td class=\"column-4\">880<\/td><td class=\"column-5\">923<\/td><td class=\"column-6\">715<\/td><td class=\"column-7\">35<\/td><td class=\"column-8\">50<\/td><td class=\"column-9\">25<\/td><td class=\"column-10\">440x460<\/td><td class=\"column-11\">745x535<\/td>\n<\/tr>\n<tr class=\"row-16\">\n\t<td class=\"column-1\">KTJ40-150<\/td><td class=\"column-2\">848<\/td><td class=\"column-3\">753<\/td><td class=\"column-4\">947<\/td><td class=\"column-5\">1067<\/td><td class=\"column-6\">802<\/td><td class=\"column-7\">35<\/td><td class=\"column-8\">50<\/td><td class=\"column-9\">25<\/td><td class=\"column-10\">455x460<\/td><td class=\"column-11\">835x600<\/td>\n<\/tr>\n<tr class=\"row-17\">\n\t<td class=\"column-1\">KTJ40-200<\/td><td class=\"column-2\">900<\/td><td class=\"column-3\">801<\/td><td class=\"column-4\">1012<\/td><td class=\"column-5\">1132<\/td><td class=\"column-6\">820<\/td><td class=\"column-7\">35<\/td><td class=\"column-8\">50<\/td><td class=\"column-9\">25<\/td><td class=\"column-10\">455x460<\/td><td class=\"column-11\">900\u00d7700<\/td>\n<\/tr>\n<\/tbody>\n<\/table>\n<\/div>\n<\/div>\n<div><\/div>\n<div class=\"woocb\"><a class=\"wocb\" href=\"http:\/\/www.beiaole.com\/wp-content\/uploads\/2025\/08\/d2.2.1.pdf\" target=\"_blank\" rel=\"noopener\">formar<\/a><\/div>\n<div><\/div>\n<p><img loading=\"lazy\" decoding=\"async\" class=\"aligncenter wp-image-15965 size-large\" src=\"http:\/\/www.beiaole.com\/wp-content\/uploads\/2025\/08\/s2.2-1024x679.png\" alt=\"Cabinet Fan With IP55 Motor-size\" width=\"1024\" height=\"679\" data-no-translation=\"\" \/><br \/>\nDesempenho:<\/p>\n<div class=\"scroll-table-wrapper\">\n<div class=\"scroll-table\">\n<table id=\"tablepress-19\" class=\"tablepress tablepress-id-19\">\n<thead>\n<tr class=\"row-1\">\n\t<th class=\"column-1\">modelo<\/th><th class=\"column-2\">tens\u00e3o(v)<\/th><th class=\"column-3\">Frequ\u00eancia(Hz)<\/th><th class=\"column-4\">Velocidade (rpm)<\/th><th class=\"column-5\">poder (w)<\/th><th class=\"column-6\">Fluxo de ar (m\u00b3\/h)<\/th><th class=\"column-7\">Press\u00e3o est\u00e1tica (PA)<\/th><th class=\"column-8\">Ru\u00eddo (db)<\/th><th class=\"column-9\">n.m(kg)<\/th>\n<\/tr>\n<\/thead>\n<tbody class=\"row-striping row-hover\">\n<tr class=\"row-2\">\n\t<td class=\"column-1\">KTJ23-20D<\/td><td class=\"column-2\">220<\/td><td class=\"column-3\">50<\/td><td class=\"column-4\">1350<\/td><td class=\"column-5\">250<\/td><td class=\"column-6\">2000<\/td><td class=\"column-7\">400<\/td><td class=\"column-8\">55<\/td><td class=\"column-9\">26<\/td>\n<\/tr>\n<tr class=\"row-3\">\n\t<td class=\"column-1\">KTJ23-26D<\/td><td class=\"column-2\">220<\/td><td class=\"column-3\">50<\/td><td class=\"column-4\">1350<\/td><td class=\"column-5\">370<\/td><td class=\"column-6\">2600<\/td><td class=\"column-7\">420<\/td><td class=\"column-8\">56<\/td><td class=\"column-9\">27<\/td>\n<\/tr>\n<tr class=\"row-4\">\n\t<td class=\"column-1\">KTJ23-31D<\/td><td class=\"column-2\">220<\/td><td class=\"column-3\">50<\/td><td class=\"column-4\">1350<\/td><td class=\"column-5\">550<\/td><td class=\"column-6\">3100<\/td><td class=\"column-7\">440<\/td><td class=\"column-8\">61<\/td><td class=\"column-9\">33<\/td>\n<\/tr>\n<tr class=\"row-5\">\n\t<td class=\"column-1\">KTJ23-41D<\/td><td class=\"column-2\">220<\/td><td class=\"column-3\">50<\/td><td class=\"column-4\">1350<\/td><td class=\"column-5\">750<\/td><td class=\"column-6\">4100<\/td><td class=\"column-7\">460<\/td><td class=\"column-8\">65<\/td><td class=\"column-9\">34<\/td>\n<\/tr>\n<tr class=\"row-6\">\n\t<td class=\"column-1\">KTJ23-20<\/td><td class=\"column-2\">380<\/td><td class=\"column-3\">50<\/td><td class=\"column-4\">1350<\/td><td class=\"column-5\">250<\/td><td class=\"column-6\">2000<\/td><td class=\"column-7\">400<\/td><td class=\"column-8\">55<\/td><td class=\"column-9\">25.5<\/td>\n<\/tr>\n<tr class=\"row-7\">\n\t<td class=\"column-1\">KTJ23-26<\/td><td class=\"column-2\">380<\/td><td class=\"column-3\">50<\/td><td class=\"column-4\">1350<\/td><td class=\"column-5\">370<\/td><td class=\"column-6\">2600<\/td><td class=\"column-7\">420<\/td><td class=\"column-8\">56<\/td><td class=\"column-9\">26<\/td>\n<\/tr>\n<tr class=\"row-8\">\n\t<td class=\"column-1\">KTJ23-31<\/td><td class=\"column-2\">380<\/td><td class=\"column-3\">50<\/td><td class=\"column-4\">1350<\/td><td class=\"column-5\">550<\/td><td class=\"column-6\">3100<\/td><td class=\"column-7\">440<\/td><td class=\"column-8\">61<\/td><td class=\"column-9\">33<\/td>\n<\/tr>\n<tr class=\"row-9\">\n\t<td class=\"column-1\">KTJ23-41<\/td><td class=\"column-2\">380<\/td><td class=\"column-3\">50<\/td><td class=\"column-4\">1350<\/td><td class=\"column-5\">750<\/td><td class=\"column-6\">4100<\/td><td class=\"column-7\">460<\/td><td class=\"column-8\">65<\/td><td class=\"column-9\">34<\/td>\n<\/tr>\n<tr class=\"row-10\">\n\t<td class=\"column-1\">KTJ28-51<\/td><td class=\"column-2\">380<\/td><td class=\"column-3\">50<\/td><td class=\"column-4\">940<\/td><td class=\"column-5\">750<\/td><td class=\"column-6\">5100<\/td><td class=\"column-7\">400<\/td><td class=\"column-8\">67<\/td><td class=\"column-9\">58.5<\/td>\n<\/tr>\n<tr class=\"row-11\">\n\t<td class=\"column-1\">KTJ28-61<\/td><td class=\"column-2\">380<\/td><td class=\"column-3\">50<\/td><td class=\"column-4\">940<\/td><td class=\"column-5\">1100<\/td><td class=\"column-6\">6100<\/td><td class=\"column-7\">420<\/td><td class=\"column-8\">68<\/td><td class=\"column-9\">66<\/td>\n<\/tr>\n<tr class=\"row-12\">\n\t<td class=\"column-1\">KTJ31-71<\/td><td class=\"column-2\">380<\/td><td class=\"column-3\">50<\/td><td class=\"column-4\">940<\/td><td class=\"column-5\">1500<\/td><td class=\"column-6\">7100<\/td><td class=\"column-7\">440<\/td><td class=\"column-8\">69<\/td><td class=\"column-9\">70<\/td>\n<\/tr>\n<tr class=\"row-13\">\n\t<td class=\"column-1\">KTJ31-81<\/td><td class=\"column-2\">380<\/td><td class=\"column-3\">50<\/td><td class=\"column-4\">940<\/td><td class=\"column-5\">1500<\/td><td class=\"column-6\">8100<\/td><td class=\"column-7\">461<\/td><td class=\"column-8\">70<\/td><td class=\"column-9\">72<\/td>\n<\/tr>\n<tr class=\"row-14\">\n\t<td class=\"column-1\">KTJ35-100<\/td><td class=\"column-2\">380<\/td><td class=\"column-3\">50<\/td><td class=\"column-4\">940<\/td><td class=\"column-5\">2200<\/td><td class=\"column-6\">10000<\/td><td class=\"column-7\">551<\/td><td class=\"column-8\">71<\/td><td class=\"column-9\">84.5<\/td>\n<\/tr>\n<tr class=\"row-15\">\n\t<td class=\"column-1\">KTJ35-120<\/td><td class=\"column-2\">380<\/td><td class=\"column-3\">50<\/td><td class=\"column-4\">940<\/td><td class=\"column-5\">2500<\/td><td class=\"column-6\">12000<\/td><td class=\"column-7\">591<\/td><td class=\"column-8\">72<\/td><td class=\"column-9\">86.5<\/td>\n<\/tr>\n<tr class=\"row-16\">\n\t<td class=\"column-1\">KTJ40-150<\/td><td class=\"column-2\">380<\/td><td class=\"column-3\">50<\/td><td class=\"column-4\">940<\/td><td class=\"column-5\">3000<\/td><td class=\"column-6\">15000<\/td><td class=\"column-7\">700<\/td><td class=\"column-8\">75<\/td><td class=\"column-9\">111<\/td>\n<\/tr>\n<tr class=\"row-17\">\n\t<td class=\"column-1\">KTJ40-200<\/td><td class=\"column-2\">380<\/td><td class=\"column-3\">50<\/td><td class=\"column-4\">940<\/td><td class=\"column-5\">5000<\/td><td class=\"column-6\">20000<\/td><td class=\"column-7\">725<\/td><td class=\"column-8\">77<\/td><td class=\"column-9\">128<\/td>\n<\/tr>\n<\/tbody>\n<\/table>\n<\/div>\n<\/div>\n<div><\/div>\n<div class=\"woocb\"><a class=\"wocb\" href=\"http:\/\/www.beiaole.com\/wp-content\/uploads\/2025\/08\/d2.2.2.pdf\" target=\"_blank\" rel=\"noopener\">formar<\/a><\/div>\n<div><\/div>\n<p><img loading=\"lazy\" decoding=\"async\" class=\"aligncenter wp-image-17237 size-large\" src=\"http:\/\/www.beiaole.com\/wp-content\/uploads\/2025\/08\/x2.2-1024x312.jpg\" alt=\"Cabinet Fan With IP55 Motor-q1\" width=\"1024\" height=\"312\" data-no-translation=\"\" \/><\/p>","protected":false},"excerpt":{"rendered":"<ul>\n<li>\n<h2>Prote\u00e7\u00e3o IP55\u202f:<\/h2>\n<p>\u00a0Alojamento de alum\u00ednio selado, poeira e umidade para um desempenho confi\u00e1vel em condi\u00e7\u00f5es dif\u00edceis.<\/li>\n<li>\n<h2>Motor de cobre-n\u00facleo:<\/h2>\n<p>\u00a0Motor eficiente em termos de energia com rolamentos de esferas garante uma opera\u00e7\u00e3o silenciosa, dur\u00e1vel e est\u00e1vel.<\/li>\n<li>\n<h2>Sa\u00edda de ar forte:<\/h2>\n<p>\u00a0Fluxo de ar\u202f de\u202f2.000\u202f a 20.000\u202fm\u00b3\/h\u202fcom\u202fpress\u00e3o\u202fpara\u202fup\u202fpara\u202fpara\u202fpa.<\/li>\n<li>\n<h2>Constru\u00e7\u00e3o de todo o metal:<\/h2>\n<p>\u00a0A\u00e7o de alta qualidade e a\u00e7o, e aluminio, constroem, resistem \u00e0 corros\u00e3o e \u00e0 vibra\u00e7\u00e3o durante o uso cont\u00ednuo.<\/li>\n<li>\n<h2>Baixo, ru\u00eddo, alto desempenho:<\/h2>\n<p>\u202fopera\u202f entre\u202f55\u202f e\u202f77\u202fdb,\u202fequilibrando\u202fpoder\u202fe\u202fconforto\u202fpara espa\u00e7os industriais.<\/li>\n<li>\n<h2>F\u00e1cil\u202fManuten\u00e7\u00e3o:<\/h2>\n<p>\u202facess\u00edvel\u202finspe\u00e7\u00e3o\u202fports\u202fpermitir\u202fatendimento;\u202fno\u202ffull\u202fteardown\u202fexigiu.<\/li>\n<li>\n<h2>Est\u00e1vel\u202f em execu\u00e7\u00e3o:<\/h2>\n<p>\u202fbaixa vibra\u00e7\u00e3o\u202fdesign\u202fapoia\u202fesvantagem\u202fflow\u202fe\u202flonga\u202fservice\u202fvida.<\/li>\n<\/ul>\n<hr \/>","protected":false},"featured_media":4697,"comment_status":"open","ping_status":"closed","template":"","meta":{"_acf_changed":false},"product_brand":[],"product_cat":[66],"product_tag":[],"class_list":{"0":"post-4668","1":"product","2":"type-product","3":"status-publish","4":"has-post-thumbnail","6":"product_cat-cabinet-fan","8":"first","9":"instock","10":"taxable","11":"shipping-taxable","12":"purchasable","13":"product-type-variable","14":"has-default-attributes"},"acf":[],"_links":{"self":[{"href":"https:\/\/www.ecvents.com\/pt\/wp-json\/wp\/v2\/product\/4668","targetHints":{"allow":["GET"]}}],"collection":[{"href":"https:\/\/www.ecvents.com\/pt\/wp-json\/wp\/v2\/product"}],"about":[{"href":"https:\/\/www.ecvents.com\/pt\/wp-json\/wp\/v2\/types\/product"}],"replies":[{"embeddable":true,"href":"https:\/\/www.ecvents.com\/pt\/wp-json\/wp\/v2\/comments?post=4668"}],"wp:featuredmedia":[{"embeddable":true,"href":"https:\/\/www.ecvents.com\/pt\/wp-json\/wp\/v2\/media\/4697"}],"wp:attachment":[{"href":"https:\/\/www.ecvents.com\/pt\/wp-json\/wp\/v2\/media?parent=4668"}],"wp:term":[{"taxonomy":"product_brand","embeddable":true,"href":"https:\/\/www.ecvents.com\/pt\/wp-json\/wp\/v2\/product_brand?post=4668"},{"taxonomy":"product_cat","embeddable":true,"href":"https:\/\/www.ecvents.com\/pt\/wp-json\/wp\/v2\/product_cat?post=4668"},{"taxonomy":"product_tag","embeddable":true,"href":"https:\/\/www.ecvents.com\/pt\/wp-json\/wp\/v2\/product_tag?post=4668"}],"curies":[{"name":"wp","href":"https:\/\/api.w.org\/{rel}","templated":true}]}}