{"id":4687,"date":"2026-03-19T06:02:42","date_gmt":"2026-03-19T11:02:42","guid":{"rendered":"https:\/\/www.ecvents.com\/?post_type=product&#038;p=4687"},"modified":"2026-03-19T06:03:04","modified_gmt":"2026-03-19T11:03:04","slug":"ventilador-de-ar-fresco-comercial","status":"publish","type":"product","link":"https:\/\/www.ecvents.com\/pt\/product\/ventilador-de-ar-fresco-comercial\/","title":{"rendered":"ventilador de ar fresco comercial"},"content":{"rendered":"<div class=\"someee\">\n<h2>Ar limpo.\u202f Silencioso\u202fequil\u00edbrio.\u202f Constru\u00eddo\u202fpara a ventila\u00e7\u00e3o cont\u00ednua.<\/h2>\n<p>o\u00a0<strong>ventilador de ar fresco comercial<\/strong>\u00a0Foi projetado para tornar o ar interno mais seguro - mais fresco, mais limpo e confort\u00e1vel, da maneira que deveria ser. Ele traz ar fresco enquanto envia ar viciado, equilibrando a atmosfera da sala sem chamar a aten\u00e7\u00e3o para si mesma.<\/p>\n<p>Em sua ess\u00eancia, h\u00e1 um\u00a0<strong>Motor de economia de energia de cobre<\/strong>\u00a0Emparelhado com rolamentos de esferas de alta qualidade para um desempenho est\u00e1vel e eficiente. O gabinete e o duto de ar s\u00e3o integrados em um\u00a0<strong>Estrutura simples e simples<\/strong>, mantendo o fluxo de ar suave e a opera\u00e7\u00e3o silenciosa enquanto diminui o consumo de energia.<\/p>\n<p>A caixa totalmente de metal adiciona a s\u00f3lida confiabilidade que todo sistema comercial precisa. formado a partir de\u00a0<strong>a\u00e7o de alta qualidade<\/strong>, ele resiste \u00e0 ferrugem, vibra\u00e7\u00e3o e deforma\u00e7\u00e3o - ideal para escrit\u00f3rios, restaurantes, academias ou salas de reuni\u00f5es, onde a ventila\u00e7\u00e3o deve funcionar de forma constante e silenciosa durante todo o dia.<\/p>\n<p>sua\u00a0<strong>Canais de exaust\u00e3o e de alimenta\u00e7\u00e3o independentes<\/strong>\u00a0Separe-o. O ar fresco fresco flui enquanto o ar interno est\u00e1 exausto ao mesmo tempo. O resultado \u00e9 um ambiente equilibrado e confort\u00e1vel, sem bolsos cheios ou temperaturas irregulares - apenas uma brisa consistente de ar fresco e confort\u00e1vel.<\/p>\n<\/div>\n<hr \/>\n<p>Dimens\u00f5es (unidade: mm):<\/p>\n<div class=\"scroll-table-wrapper\">\n<div class=\"scroll-table\">\n<table id=\"tablepress-11\" class=\"tablepress tablepress-id-11\">\n<thead>\n<tr class=\"row-1\">\n\t<th class=\"column-1\">modelo<\/th><th class=\"column-2\">L<\/th><th class=\"column-3\">L1<\/th><th class=\"column-4\">W<\/th><th class=\"column-5\">w1<\/th><th class=\"column-6\">H<\/th><th class=\"column-7\">h1<\/th><th class=\"column-8\">D<\/th><th class=\"column-9\">G<\/th>\n<\/tr>\n<\/thead>\n<tbody class=\"row-striping row-hover\">\n<tr class=\"row-2\">\n\t<td class=\"column-1\">DUT20-66<\/td><td class=\"column-2\">869<\/td><td class=\"column-3\">731<\/td><td class=\"column-4\">795<\/td><td class=\"column-5\">698<\/td><td class=\"column-6\">365<\/td><td class=\"column-7\">17<\/td><td class=\"column-8\">400<\/td><td class=\"column-9\">\u03c6200<\/td>\n<\/tr>\n<tr class=\"row-3\">\n\t<td class=\"column-1\">DUT25-76<\/td><td class=\"column-2\">869<\/td><td class=\"column-3\">731<\/td><td class=\"column-4\">795<\/td><td class=\"column-5\">698<\/td><td class=\"column-6\">365<\/td><td class=\"column-7\">17<\/td><td class=\"column-8\">400<\/td><td class=\"column-9\">\u03c6250<\/td>\n<\/tr>\n<\/tbody>\n<\/table>\n<!-- #tablepress-11 from cache --><\/div>\n<\/div>\n<div><\/div>\n<div class=\"woocb\"><a class=\"wocb\" href=\"http:\/\/www.beiaole.com\/wp-content\/uploads\/2025\/08\/d1.6.1.pdf\" target=\"_blank\" rel=\"noopener\">formar<\/a><\/div>\n<div><\/div>\n<p><img loading=\"lazy\" decoding=\"async\" class=\"aligncenter wp-image-15778 size-large\" src=\"http:\/\/www.beiaole.com\/wp-content\/uploads\/2025\/08\/s1.6.1-1024x308.png\" alt=\"Commercial Fresh Air Ventilator-size1\" width=\"1024\" height=\"308\" data-no-translation=\"\" \/><br \/>\nDimens\u00f5es (unidade: mm):<\/p>\n<div class=\"scroll-table-wrapper\">\n<div class=\"scroll-table\">\n<table id=\"tablepress-12\" class=\"tablepress tablepress-id-12\">\n<thead>\n<tr class=\"row-1\">\n\t<th class=\"column-1\">modelo<\/th><th class=\"column-2\">L<\/th><th class=\"column-3\">L1<\/th><th class=\"column-4\">L2<\/th><th class=\"column-5\">W<\/th><th class=\"column-6\">w1<\/th><th class=\"column-7\">H<\/th><th class=\"column-8\">h1<\/th><th class=\"column-9\">D<\/th><th class=\"column-10\">C<\/th><th class=\"column-11\">F<\/th><th class=\"column-12\"> MXN (tamanho de entrada\/sa\u00edda de ar)<\/th>\n<\/tr>\n<\/thead>\n<tbody class=\"row-striping row-hover\">\n<tr class=\"row-2\">\n\t<td class=\"column-1\">DUT25-3000F<\/td><td class=\"column-2\">1000<\/td><td class=\"column-3\">1050<\/td><td class=\"column-4\">897<\/td><td class=\"column-5\">580<\/td><td class=\"column-6\">621<\/td><td class=\"column-7\">376<\/td><td class=\"column-8\">17<\/td><td class=\"column-9\">500<\/td><td class=\"column-10\">85<\/td><td class=\"column-11\">25<\/td><td class=\"column-12\">270x270<\/td>\n<\/tr>\n<tr class=\"row-3\">\n\t<td class=\"column-1\">DUT25-4000F<\/td><td class=\"column-2\">1000<\/td><td class=\"column-3\">1050<\/td><td class=\"column-4\">897<\/td><td class=\"column-5\">580<\/td><td class=\"column-6\">621<\/td><td class=\"column-7\">376<\/td><td class=\"column-8\">17<\/td><td class=\"column-9\">500<\/td><td class=\"column-10\">85<\/td><td class=\"column-11\">25<\/td><td class=\"column-12\">270x270<\/td>\n<\/tr>\n<\/tbody>\n<\/table>\n<!-- #tablepress-12 from cache --><\/div>\n<\/div>\n<div><\/div>\n<div class=\"woocb\"><a class=\"wocb\" href=\"http:\/\/www.beiaole.com\/wp-content\/uploads\/2025\/08\/d1.6.2.pdf\" target=\"_blank\" rel=\"noopener\">formar<\/a><\/div>\n<div><\/div>\n<p><img loading=\"lazy\" decoding=\"async\" class=\"aligncenter wp-image-15779 size-large\" src=\"http:\/\/www.beiaole.com\/wp-content\/uploads\/2025\/08\/s1.6.2-1024x290.png\" alt=\"Commercial Fresh Air Ventilator-size2\" width=\"1024\" height=\"290\" data-no-translation=\"\" \/><br \/>\nDesempenho:<\/p>\n<div class=\"scroll-table-wrapper\">\n<div class=\"scroll-table\">\n<table id=\"tablepress-13\" class=\"tablepress tablepress-id-13\">\n<thead>\n<tr class=\"row-1\">\n\t<th class=\"column-1\">modelo<\/th><th class=\"column-2\">tens\u00e3o(v)<\/th><th class=\"column-3\">Frequ\u00eancia(Hz)<\/th><th class=\"column-4\">equipamento<\/th><th class=\"column-5\">poder (w)<\/th><th class=\"column-6\">Fluxo de ar (m\u00b3\/h)<\/th><th class=\"column-7\">Press\u00e3o est\u00e1tica (PA)<\/th><th class=\"column-8\">Ru\u00eddo (db)<\/th><th class=\"column-9\">Tamanho do duto (mm)<\/th><th class=\"column-10\">\u00c1rea de aplica\u00e7\u00e3o (m\u00b2)<\/th><th class=\"column-11\">n.m(kg)<\/th>\n<\/tr>\n<\/thead>\n<tbody class=\"row-striping row-hover\">\n<tr class=\"row-2\">\n\t<td class=\"column-1\">DUT20-66<\/td><td class=\"column-2\">220<\/td><td class=\"column-3\">50<\/td><td class=\"column-4\">h\/l<\/td><td class=\"column-5\">500\/435<\/td><td class=\"column-6\">1500\/1200<\/td><td class=\"column-7\">350\/320<\/td><td class=\"column-8\">50\/45<\/td><td class=\"column-9\">\u03c6200<\/td><td class=\"column-10\">250-500<\/td><td class=\"column-11\">39<\/td>\n<\/tr>\n<tr class=\"row-3\">\n\t<td class=\"column-1\">DUT25-76<\/td><td class=\"column-2\">220<\/td><td class=\"column-3\">50<\/td><td class=\"column-4\">h\/l<\/td><td class=\"column-5\">565\/450<\/td><td class=\"column-6\">2000\/1700<\/td><td class=\"column-7\">370\/340<\/td><td class=\"column-8\">53\/50<\/td><td class=\"column-9\">\u03c6250<\/td><td class=\"column-10\">330-660<\/td><td class=\"column-11\">39<\/td>\n<\/tr>\n<tr class=\"row-4\">\n\t<td class=\"column-1\">DUT25-3000F<\/td><td class=\"column-2\">220<\/td><td class=\"column-3\">50<\/td><td class=\"column-4\">h\/l<\/td><td class=\"column-5\">722\/665<\/td><td class=\"column-6\">3000\/2600<\/td><td class=\"column-7\">410\/385<\/td><td class=\"column-8\">60\/55<\/td><td class=\"column-9\">\/<\/td><td class=\"column-10\">\/<\/td><td class=\"column-11\">52<\/td>\n<\/tr>\n<tr class=\"row-5\">\n\t<td class=\"column-1\">DUT25-4000F<\/td><td class=\"column-2\">220<\/td><td class=\"column-3\">50<\/td><td class=\"column-4\">h\/l<\/td><td class=\"column-5\">752\/695<\/td><td class=\"column-6\">4000\/3600<\/td><td class=\"column-7\">445\/390<\/td><td class=\"column-8\">62\/60<\/td><td class=\"column-9\">\/<\/td><td class=\"column-10\">\/<\/td><td class=\"column-11\">55<\/td>\n<\/tr>\n<\/tbody>\n<\/table>\n<!-- #tablepress-13 from cache --><\/div>\n<\/div>\n<div><\/div>\n<div class=\"woocb\"><a class=\"wocb\" href=\"http:\/\/www.beiaole.com\/wp-content\/uploads\/2025\/08\/d1.6.3.pdf\" target=\"_blank\" rel=\"noopener\">formar<\/a><\/div>\n<div><\/div>","protected":false},"excerpt":{"rendered":"<ul>\n<li>\n<h2>Sistema de alimenta\u00e7\u00e3o e exaust\u00e3o duplo:<\/h2>\n<p>\u00a0Simultaneamente, fornece ar fresco e remove o ar viciado para ventila\u00e7\u00e3o equilibrada.<\/li>\n<li>\n<h2>Motor de cobre que economiza energia:<\/h2>\n<p>\u00a0N\u00facleo de cobre com rolamentos para uma opera\u00e7\u00e3o silenciosa, eficiente e de longa dura\u00e7\u00e3o.<\/li>\n<li>\n<h2>Design integrado de arm\u00e1rio e duto:<\/h2>\n<p>\u00a0A estrutura aerodin\u00e2mica de uma \u00fanica pe\u00e7a reduz a vibra\u00e7\u00e3o e a resist\u00eancia do ar para um fluxo constante.<\/li>\n<li>\n<h2>Constru\u00e7\u00e3o dur\u00e1vel em metal:<\/h2>\n<p>\u00a0A carca\u00e7a de chapa de a\u00e7o de alta qualidade resiste \u00e0 corros\u00e3o e impacto para servi\u00e7os cont\u00ednuos.<\/li>\n<li>\n<h2>Desempenho silencioso:<\/h2>\n<p>\u00a0Os n\u00edveis de ru\u00eddo de 45 a 62 dB mant\u00eam os espa\u00e7os comerciais confort\u00e1veis e sem distra\u00e7\u00f5es.<\/li>\n<li>\n<h2>Faixa de fluxo de ar potente:<\/h2>\n<p>\u00a0Volume de ar de 1.200 a 4.000 m\u00b3\/h com press\u00e3o est\u00e1tica de at\u00e9 445\u202fPa para salas de m\u00e9dio a grande porte.<\/li>\n<li>\n<h2>Baixo consumo de energia:<\/h2>\n<p>\u00a0O design eficiente do motor oferece alto rendimento sem desperd\u00edcio.<\/li>\n<li>\n<h2>Manuten\u00e7\u00e3o f\u00e1cil:<\/h2>\n<p>\u00a0Constru\u00e7\u00e3o compacta e layout acess\u00edvel tornam a instala\u00e7\u00e3o e o servi\u00e7o simples.<\/li>\n<\/ul>\n<hr \/>","protected":false},"featured_media":4698,"comment_status":"open","ping_status":"closed","template":"","meta":{"_acf_changed":false},"product_brand":[],"product_cat":[71],"product_tag":[],"class_list":{"0":"post-4687","1":"product","2":"type-product","3":"status-publish","4":"has-post-thumbnail","6":"product_cat-energy-recovery-ventilator-2","8":"first","9":"outofstock","10":"taxable","11":"shipping-taxable","12":"purchasable","13":"product-type-variable"},"acf":[],"_links":{"self":[{"href":"https:\/\/www.ecvents.com\/pt\/wp-json\/wp\/v2\/product\/4687","targetHints":{"allow":["GET"]}}],"collection":[{"href":"https:\/\/www.ecvents.com\/pt\/wp-json\/wp\/v2\/product"}],"about":[{"href":"https:\/\/www.ecvents.com\/pt\/wp-json\/wp\/v2\/types\/product"}],"replies":[{"embeddable":true,"href":"https:\/\/www.ecvents.com\/pt\/wp-json\/wp\/v2\/comments?post=4687"}],"wp:featuredmedia":[{"embeddable":true,"href":"https:\/\/www.ecvents.com\/pt\/wp-json\/wp\/v2\/media\/4698"}],"wp:attachment":[{"href":"https:\/\/www.ecvents.com\/pt\/wp-json\/wp\/v2\/media?parent=4687"}],"wp:term":[{"taxonomy":"product_brand","embeddable":true,"href":"https:\/\/www.ecvents.com\/pt\/wp-json\/wp\/v2\/product_brand?post=4687"},{"taxonomy":"product_cat","embeddable":true,"href":"https:\/\/www.ecvents.com\/pt\/wp-json\/wp\/v2\/product_cat?post=4687"},{"taxonomy":"product_tag","embeddable":true,"href":"https:\/\/www.ecvents.com\/pt\/wp-json\/wp\/v2\/product_tag?post=4687"}],"curies":[{"name":"wp","href":"https:\/\/api.w.org\/{rel}","templated":true}]}}