{"id":4692,"date":"2026-03-19T06:02:43","date_gmt":"2026-03-19T11:02:43","guid":{"rendered":"https:\/\/www.ecvents.com\/?post_type=product&#038;p=4692"},"modified":"2026-03-19T06:04:03","modified_gmt":"2026-03-19T11:04:03","slug":"serie-de-ventilador-de-armario-ktj","status":"publish","type":"product","link":"https:\/\/www.ecvents.com\/pt\/product\/serie-de-ventilador-de-armario-ktj\/","title":{"rendered":"s\u00e9rie de ventilador de arm\u00e1rio ktj"},"content":{"rendered":"<div class=\"someee\">\n<h2><strong>ar puro. Efici\u00eancia silenciosa. Constru\u00eddo para ventila\u00e7\u00e3o cont\u00ednua.<\/strong><\/h2>\n<p>o\u00a0<strong>s\u00e9rie KTJ\u202fcabinet\u202ffan\u202f<\/strong>\u00a0\u00c9 constru\u00eddo especificamente para espa\u00e7os que precisam de um fluxo de ar confi\u00e1vel e est\u00e1vel sem ru\u00eddo ou complexidade extra. Compacto, dur\u00e1vel e eficiente, mant\u00e9m o ar circulando suavemente\u202f\u2014\u202f dia ap\u00f3s dia\u202f\u2014\u202fin em escrit\u00f3rios, oficinas, armaz\u00e9ns e instala\u00e7\u00f5es industriais onde a ventila\u00e7\u00e3o ininterrupta realmente importa.<\/p>\n<p>No centro de cada unidade est\u00e1 um\u00a0<strong>Motor de economia de energia de todos os cobre<\/strong>\u00a0Apoiado por\u00a0<strong>Rolamentos de bola de alta qualidade<\/strong>, garantindo uma opera\u00e7\u00e3o est\u00e1vel e longa vida \u00fatil e um desempenho silencioso. O gabinete e o duto de ar s\u00e3o integrados em uma \u00fanica estrutura aerodin\u00e2mica, proporcionando press\u00e3o est\u00e1vel e fluxo de ar consistente, minimizando a vibra\u00e7\u00e3o e o ru\u00eddo mec\u00e2nico.<\/p>\n<p>Todos os f\u00e3s da s\u00e9rie v\u00eam equipados com um\u00a0<strong>Sistema integrado de filtragem<\/strong>\u00a0Para reter poeira, odores e part\u00edculas transportadas pelo ar antes que o ar recircule, mantendo os ambientes mais limpos e confort\u00e1veis. \u00c9 uma solu\u00e7\u00e3o simples e integrada para manter a qualidade do ar fresca e equilibrada em condi\u00e7\u00f5es exigentes.<\/p>\n<p>o\u00a0<strong>s\u00e9rie KTJ\u202fcabinet\u202ffan\u202f<\/strong>\u00a0\u00c9 t\u00e3o vers\u00e1til quanto robusto. com capacidades de fluxo de ar que v\u00e3o desde\u00a0<strong>2.000 a 6.100 m\u00b3\/h<\/strong>, esses ventiladores podem lidar com ambientes de qualquer escala - desde pequenos escrit\u00f3rios ou salas de servidores at\u00e9 grandes salas de f\u00e1brica. O design compacto de cada unidade permite f\u00e1cil instala\u00e7\u00e3o em espa\u00e7os apertados e\u00a0<strong>Inspe\u00e7\u00e3o\u202fports<\/strong>\u00a0Fa\u00e7a o acesso ao filtro e a manuten\u00e7\u00e3o sem esfor\u00e7o\u202f\u2014\u202fnenhuma desmontagem necess\u00e1ria.<\/p>\n<p>Silencioso, forte e projetado para durar, a s\u00e9rie KTJ\u202fcabinet\u202fFan\u202f faz mais do que mover o ar\u202f\u2014\u202fele purifica, equilibra e protege o seu clima interno de forma confi\u00e1vel.<\/p>\n<\/div>\n<hr \/>\n<p>Dimens\u00f5es (unidade: mm):<\/p>\n<div class=\"scroll-table-wrapper\">\n<div class=\"scroll-table\">\n<table id=\"tablepress-20\" class=\"tablepress tablepress-id-20\">\n<thead>\n<tr class=\"row-1\">\n\t<th class=\"column-1\">modelo<\/th><th class=\"column-2\">L<\/th><th class=\"column-3\">L1<\/th><th class=\"column-4\">W<\/th><th class=\"column-5\">w1<\/th><th class=\"column-6\">H<\/th><th class=\"column-7\">h1<\/th><th class=\"column-8\">D1<\/th><th class=\"column-9\">F<\/th><th class=\"column-10\">tamanho da sa\u00edda de ar<br \/>\n(axb)<\/th><th class=\"column-11\">Tamanho da entrada de ar<br \/>\n(cx)<\/th>\n<\/tr>\n<\/thead>\n<tbody class=\"row-striping row-hover\">\n<tr class=\"row-2\">\n\t<td class=\"column-1\">KTJ22-20DG<\/td><td class=\"column-2\">719<\/td><td class=\"column-3\">452<\/td><td class=\"column-4\">490<\/td><td class=\"column-5\">530<\/td><td class=\"column-6\">372<\/td><td class=\"column-7\">36<\/td><td class=\"column-8\">50<\/td><td class=\"column-9\">25<\/td><td class=\"column-10\">270x265<\/td><td class=\"column-11\">430x312<\/td>\n<\/tr>\n<tr class=\"row-3\">\n\t<td class=\"column-1\">KTJ23-31DG<\/td><td class=\"column-2\">753<\/td><td class=\"column-3\">524<\/td><td class=\"column-4\">592<\/td><td class=\"column-5\">632<\/td><td class=\"column-6\">440<\/td><td class=\"column-7\">36<\/td><td class=\"column-8\">50<\/td><td class=\"column-9\">25<\/td><td class=\"column-10\">335\u00d7320<\/td><td class=\"column-11\">550x380<\/td>\n<\/tr>\n<tr class=\"row-4\">\n\t<td class=\"column-1\">KTJ23-41DG<\/td><td class=\"column-2\">753<\/td><td class=\"column-3\">524<\/td><td class=\"column-4\">592<\/td><td class=\"column-5\">632<\/td><td class=\"column-6\">440<\/td><td class=\"column-7\">36<\/td><td class=\"column-8\">50<\/td><td class=\"column-9\">25<\/td><td class=\"column-10\">335x320<\/td><td class=\"column-11\">550x380<\/td>\n<\/tr>\n<tr class=\"row-5\">\n\t<td class=\"column-1\">KTJ22-20G<\/td><td class=\"column-2\">719<\/td><td class=\"column-3\">452<\/td><td class=\"column-4\">490<\/td><td class=\"column-5\">530<\/td><td class=\"column-6\">372<\/td><td class=\"column-7\">36<\/td><td class=\"column-8\">50<\/td><td class=\"column-9\">25<\/td><td class=\"column-10\">270x265<\/td><td class=\"column-11\">430x312<\/td>\n<\/tr>\n<tr class=\"row-6\">\n\t<td class=\"column-1\">KTJ23-31G<\/td><td class=\"column-2\">753<\/td><td class=\"column-3\">524<\/td><td class=\"column-4\">592<\/td><td class=\"column-5\">632<\/td><td class=\"column-6\">440<\/td><td class=\"column-7\">36<\/td><td class=\"column-8\">50<\/td><td class=\"column-9\">25<\/td><td class=\"column-10\">335x320<\/td><td class=\"column-11\">550x380<\/td>\n<\/tr>\n<tr class=\"row-7\">\n\t<td class=\"column-1\">KTJ23-41G<\/td><td class=\"column-2\">753<\/td><td class=\"column-3\">524<\/td><td class=\"column-4\">592<\/td><td class=\"column-5\">632<\/td><td class=\"column-6\">440<\/td><td class=\"column-7\">36<\/td><td class=\"column-8\">50<\/td><td class=\"column-9\">25<\/td><td class=\"column-10\">335x320<\/td><td class=\"column-11\">550x380<\/td>\n<\/tr>\n<tr class=\"row-8\">\n\t<td class=\"column-1\">KTJ28-51G<\/td><td class=\"column-2\">869<\/td><td class=\"column-3\">568<\/td><td class=\"column-4\">700<\/td><td class=\"column-5\">743<\/td><td class=\"column-6\">535<\/td><td class=\"column-7\">35<\/td><td class=\"column-8\">50<\/td><td class=\"column-9\">25<\/td><td class=\"column-10\">410x358<\/td><td class=\"column-11\">640x465<\/td>\n<\/tr>\n<tr class=\"row-9\">\n\t<td class=\"column-1\">KTJ28-61G<\/td><td class=\"column-2\">929<\/td><td class=\"column-3\">628<\/td><td class=\"column-4\">740<\/td><td class=\"column-5\">783<\/td><td class=\"column-6\">600<\/td><td class=\"column-7\">35<\/td><td class=\"column-8\">50<\/td><td class=\"column-9\">25<\/td><td class=\"column-10\">400x460<\/td><td class=\"column-11\">550x460<\/td>\n<\/tr>\n<\/tbody>\n<\/table>\n<!-- #tablepress-20 from cache --><\/div>\n<\/div>\n<div><\/div>\n<div class=\"woocb\"><a class=\"wocb\" href=\"http:\/\/www.beiaole.com\/wp-content\/uploads\/2025\/08\/d2.3.1.pdf\" target=\"_blank\" rel=\"noopener\">formar<\/a><\/div>\n<div><\/div>\n<p><img loading=\"lazy\" decoding=\"async\" class=\"aligncenter wp-image-15995 size-large\" src=\"http:\/\/www.beiaole.com\/wp-content\/uploads\/2025\/08\/s2.3-1024x695.png\" alt=\"KTJ Cabinet Fan Series-size\" width=\"1024\" height=\"695\" data-no-translation=\"\" \/><br \/>\nDesempenho:<\/p>\n<div class=\"scroll-table-wrapper\">\n<div class=\"scroll-table\">\n<table id=\"tablepress-21\" class=\"tablepress tablepress-id-21\">\n<thead>\n<tr class=\"row-1\">\n\t<th class=\"column-1\">modelo<\/th><th class=\"column-2\">tens\u00e3o(v)<\/th><th class=\"column-3\">Frequ\u00eancia(Hz)<\/th><th class=\"column-4\">poder (w)<\/th><th class=\"column-5\">Fluxo de ar (m\u00b3\/h)<\/th><th class=\"column-6\">Press\u00e3o est\u00e1tica (PA)<\/th><th class=\"column-7\">Velocidade (rpm)<\/th><th class=\"column-8\">Ru\u00eddo (db)<\/th><th class=\"column-9\">n.m(kg)<\/th>\n<\/tr>\n<\/thead>\n<tbody class=\"row-striping row-hover\">\n<tr class=\"row-2\">\n\t<td class=\"column-1\">KTJ22-20DG<\/td><td class=\"column-2\">220<\/td><td class=\"column-3\">50<\/td><td class=\"column-4\">250<\/td><td class=\"column-5\">2000<\/td><td class=\"column-6\">430<\/td><td class=\"column-7\">1340<\/td><td class=\"column-8\">55<\/td><td class=\"column-9\">32<\/td>\n<\/tr>\n<tr class=\"row-3\">\n\t<td class=\"column-1\">KTJ23-31DG<\/td><td class=\"column-2\">220<\/td><td class=\"column-3\">50<\/td><td class=\"column-4\">550<\/td><td class=\"column-5\">3100<\/td><td class=\"column-6\">440<\/td><td class=\"column-7\">1340<\/td><td class=\"column-8\">61<\/td><td class=\"column-9\">41<\/td>\n<\/tr>\n<tr class=\"row-4\">\n\t<td class=\"column-1\">KTJ23-41DG<\/td><td class=\"column-2\">220<\/td><td class=\"column-3\">50<\/td><td class=\"column-4\">750<\/td><td class=\"column-5\">4100<\/td><td class=\"column-6\">460<\/td><td class=\"column-7\">1340<\/td><td class=\"column-8\">65<\/td><td class=\"column-9\">43<\/td>\n<\/tr>\n<tr class=\"row-5\">\n\t<td class=\"column-1\">KTJ22-20G<\/td><td class=\"column-2\">380<\/td><td class=\"column-3\">50<\/td><td class=\"column-4\">250<\/td><td class=\"column-5\">2000<\/td><td class=\"column-6\">430<\/td><td class=\"column-7\">1340<\/td><td class=\"column-8\">55<\/td><td class=\"column-9\">32<\/td>\n<\/tr>\n<tr class=\"row-6\">\n\t<td class=\"column-1\">KTJ23-31G<\/td><td class=\"column-2\">380<\/td><td class=\"column-3\">50<\/td><td class=\"column-4\">550<\/td><td class=\"column-5\">3100<\/td><td class=\"column-6\">440<\/td><td class=\"column-7\">1340<\/td><td class=\"column-8\">61<\/td><td class=\"column-9\">41<\/td>\n<\/tr>\n<tr class=\"row-7\">\n\t<td class=\"column-1\">KTJ23-41G<\/td><td class=\"column-2\">380<\/td><td class=\"column-3\">50<\/td><td class=\"column-4\">750<\/td><td class=\"column-5\">4100<\/td><td class=\"column-6\">460<\/td><td class=\"column-7\">1340<\/td><td class=\"column-8\">65<\/td><td class=\"column-9\">43<\/td>\n<\/tr>\n<tr class=\"row-8\">\n\t<td class=\"column-1\">KTJ28-51G<\/td><td class=\"column-2\">380<\/td><td class=\"column-3\">50<\/td><td class=\"column-4\">750<\/td><td class=\"column-5\">5100<\/td><td class=\"column-6\">300<\/td><td class=\"column-7\">940<\/td><td class=\"column-8\">67<\/td><td class=\"column-9\">60<\/td>\n<\/tr>\n<tr class=\"row-9\">\n\t<td class=\"column-1\">KTJ28-61G<\/td><td class=\"column-2\">380<\/td><td class=\"column-3\">50<\/td><td class=\"column-4\">1100<\/td><td class=\"column-5\">6100<\/td><td class=\"column-6\">410<\/td><td class=\"column-7\">940<\/td><td class=\"column-8\">68<\/td><td class=\"column-9\">70.3<\/td>\n<\/tr>\n<\/tbody>\n<\/table>\n<!-- #tablepress-21 from cache --><\/div>\n<\/div>\n<div><\/div>\n<div class=\"woocb\"><a class=\"wocb\" href=\"http:\/\/www.beiaole.com\/wp-content\/uploads\/2025\/08\/d2.3.2.pdf\" target=\"_blank\" rel=\"noopener\">formar<\/a><\/div>\n<div><\/div>\n<p><img loading=\"lazy\" decoding=\"async\" class=\"aligncenter wp-image-17241 size-large\" src=\"http:\/\/www.beiaole.com\/wp-content\/uploads\/2025\/08\/x2.3-1024x344.jpg\" alt=\"KTJ Cabinet Fan Series-q1\" width=\"1024\" height=\"344\" data-no-translation=\"\" \/><\/p>","protected":false},"excerpt":{"rendered":"<ul>\n<li>\n<h2>Cabine e projeto integrados<\/h2>\n<p>\u202fminimiza\u202fturbul\u00eancia\u202fe\u202fvibra\u00e7\u00e3o\u202fpara\u202fa\u202fa\u202fe fluxo de ar, poderoso.<\/li>\n<li>\n<h2>Motor de cobre de economia de energia:<\/h2>\n<p>\u202falta efici\u00eancia\u202fmotor\u202fe\u202fbala\u202fportantes\u202fprovide\u202fbaixo-ru\u00eddo,\u202fopera\u00e7\u00e3o longa vida.<\/li>\n<li>\n<h2>Sistema integrado de filtragem\u202f:<\/h2>\n<p>\u202fcaptura\u202fpoeira,\u202fodores,\u202fe\u202fpart\u00edculas\u202fantes\u202fair\u202fre entram na sala.<\/li>\n<li>\n<h2>Desempenho flex\u00edvel\u202fvaria:<\/h2>\n<p>\u202fentrega\u202f entre\u202f<strong>2.000\u202fe\u202f6,100\u202fm\u00b3\/h<\/strong>\u202fof\u202fflow\u202fcom\u202fstatic\u202fpressure\u202fup\u202fto\u202f460\u202fpa.<\/li>\n<li>\n<h2>Opera\u00e7\u00e3o silenciosa:<\/h2>\n<p>\u202fru\u00eddo\u202flevels\u202fas\u202fas\u202fas\u202f<strong>55\u202f\u2013\u202f68\u202fdb<\/strong>\u202f torn\u00e1-lo\u202fideal\u202fpara\u202fambos\u202fdefini\u00e7\u00f5es comerciais e industriais.<\/li>\n<li>\n<h2>Constru\u00e7\u00e3o de todo o metal:<\/h2>\n<p>\u202fa\u00e7o de alta qualidade, o c\u00e1bito resiste \u00e0 corros\u00e3o,\u202fpress\u00e3o,\u202fe\u202fuse\u202fuso.<\/li>\n<li>\n<h2>Manuten\u00e7\u00e3o simples:<\/h2>\n<p>\u202fside\u202finspe\u00e7\u00e3o\u202fporta\u202fpara\u202fvoltar\u202ffiltro\u202fmudan\u00e7as\u202fe\u202fservi\u00e7o\u202fsem\u202fdesmontagem.<\/li>\n<li>\n<h2>dur\u00e1vel e confi\u00e1vel:<\/h2>\n<p>\u202fprojetado\u202fpara\u202fde-dever-cont\u00ednuo\u202fem\u202f\u00famido\u202fou\u202fde-arredonments.<\/li>\n<\/ul>\n<hr \/>","protected":false},"featured_media":4699,"comment_status":"open","ping_status":"closed","template":"","meta":{"_acf_changed":false},"product_brand":[],"product_cat":[66],"product_tag":[],"class_list":{"0":"post-4692","1":"product","2":"type-product","3":"status-publish","4":"has-post-thumbnail","6":"product_cat-cabinet-fan","8":"first","9":"instock","10":"taxable","11":"shipping-taxable","12":"purchasable","13":"product-type-variable","14":"has-default-attributes"},"acf":[],"_links":{"self":[{"href":"https:\/\/www.ecvents.com\/pt\/wp-json\/wp\/v2\/product\/4692","targetHints":{"allow":["GET"]}}],"collection":[{"href":"https:\/\/www.ecvents.com\/pt\/wp-json\/wp\/v2\/product"}],"about":[{"href":"https:\/\/www.ecvents.com\/pt\/wp-json\/wp\/v2\/types\/product"}],"replies":[{"embeddable":true,"href":"https:\/\/www.ecvents.com\/pt\/wp-json\/wp\/v2\/comments?post=4692"}],"wp:featuredmedia":[{"embeddable":true,"href":"https:\/\/www.ecvents.com\/pt\/wp-json\/wp\/v2\/media\/4699"}],"wp:attachment":[{"href":"https:\/\/www.ecvents.com\/pt\/wp-json\/wp\/v2\/media?parent=4692"}],"wp:term":[{"taxonomy":"product_brand","embeddable":true,"href":"https:\/\/www.ecvents.com\/pt\/wp-json\/wp\/v2\/product_brand?post=4692"},{"taxonomy":"product_cat","embeddable":true,"href":"https:\/\/www.ecvents.com\/pt\/wp-json\/wp\/v2\/product_cat?post=4692"},{"taxonomy":"product_tag","embeddable":true,"href":"https:\/\/www.ecvents.com\/pt\/wp-json\/wp\/v2\/product_tag?post=4692"}],"curies":[{"name":"wp","href":"https:\/\/api.w.org\/{rel}","templated":true}]}}