{"id":4704,"date":"2026-03-19T06:03:40","date_gmt":"2026-03-19T11:03:40","guid":{"rendered":"https:\/\/www.ecvents.com\/?post_type=product&#038;p=4704"},"modified":"2026-03-19T06:04:04","modified_gmt":"2026-03-19T11:04:04","slug":"ventilador-de-caixa-de-armario","status":"publish","type":"product","link":"https:\/\/www.ecvents.com\/pt\/product\/ventilador-de-caixa-de-armario\/","title":{"rendered":"Ventilador de caixa de arm\u00e1rio"},"content":{"rendered":"<div class=\"someee\">\n<h2><strong>Fluxo de ar resistente. confian\u00e7a silenciosa. Constru\u00eddo para cozinhas reais.<\/strong><\/h2>\n<p>o\u00a0<strong>Cabine\u202fbox\u202ff\u00e3<\/strong>\u00a0Foi feito para as cozinhas que nunca desaceleram, onde calor, vapor e ru\u00eddo fazem parte do ritmo di\u00e1rio. \u00c9 um ventilador constru\u00eddo para durar, constru\u00eddo para ficar quieto e constru\u00eddo para tornar a limpeza do ar uma coisa a menos para se preocupar.<\/p>\n<p>Em seu n\u00facleo \u00e9 um\u00a0<strong>Roda em formato de folha de l\u00f3tus<\/strong>, revestida com\u00a0<strong>Nano\u202fanti-\u00f3leo\u202fcamada<\/strong>\u00a0Isso repele a graxa e o ac\u00famulo. Esse design inteligente mant\u00e9m o fluxo de ar limpo e consistente, eliminando a desacelera\u00e7\u00e3o que vem dos res\u00edduos ao longo do tempo. O resultado \u00e9 uma mudan\u00e7a de desempenho clara e poderosa ap\u00f3s o turno, dia ap\u00f3s dia.<\/p>\n<p>o\u00a0<strong>Selado\u202ftodo-cobre\u202fmotor\u202fcom\u202fip54\u202fprote\u00e7\u00e3o<\/strong>\u00a0Fica forte contra o calor, a umidade e o \u00f3leo. \u00c9 resiliente, est\u00e1vel e constru\u00eddo para lidar com a opera\u00e7\u00e3o sem parar em ambientes exigentes. A caixa \u00e9 igualmente confi\u00e1vel - um arm\u00e1rio de metal de calibre pesado forrado com\u00a0<strong>Pain\u00e9is de absor\u00e7\u00e3o de som<\/strong>\u00a0Em ambos os lados, para manter o ru\u00eddo confortavelmente baixo, reduzindo o zumbido do fundo para que as cozinhas mantenham o foco sem distra\u00e7\u00f5es.<\/p>\n<p>A praticidade \u00e9 constru\u00edda em todos os \u00e2ngulos:\u00a0<strong>Inspe\u00e7\u00e3o dupla\u202fportas<\/strong>\u00a0Torne a manuten\u00e7\u00e3o r\u00e1pida e simples - sem ferramentas, sem desmontagem.\u202f E quando chegar o tempo de limpeza,\u00a0<strong>\u00f3leo integrado e drenante de \u00e1gua<\/strong>\u00a0Na base, fa\u00e7a lavagem sem esfor\u00e7o, mantendo o sistema limpo e pronto para a pr\u00f3xima corrida.<\/p>\n<p>Dur\u00e1vel, eficiente e inteligente, o gabinete da caixa\u202fca- fan funciona silenciosamente em segundo plano, fazendo exatamente o que voc\u00ea precisa, ventilando o ar poderoso, limpando a fuma\u00e7a e mantendo o ar da cozinha confort\u00e1vel e respir\u00e1vel.<\/p>\n<\/div>\n<hr \/>\n<p>Dimens\u00f5es (unidade: mm):<\/p>\n<div class=\"scroll-table-wrapper\">\n<div class=\"scroll-table\">\n<table id=\"tablepress-22\" class=\"tablepress tablepress-id-22\">\n<thead>\n<tr class=\"row-1\">\n\t<th class=\"column-1\">modelo<\/th><th class=\"column-2\">L<\/th><th class=\"column-3\">L1<\/th><th class=\"column-4\">W<\/th><th class=\"column-5\">w1<\/th><th class=\"column-6\">H<\/th><th class=\"column-7\">h1<\/th><th class=\"column-8\">D1<\/th><th class=\"column-9\">F<\/th><th class=\"column-10\">tamanho da sa\u00edda de ar<br \/>\n(axb)<\/th><th class=\"column-11\">Tamanho da entrada de ar<br \/>\n(cx)<\/th>\n<\/tr>\n<\/thead>\n<tbody class=\"row-striping row-hover\">\n<tr class=\"row-2\">\n\t<td class=\"column-1\">KTJ25-20DT<\/td><td class=\"column-2\">510<\/td><td class=\"column-3\">473<\/td><td class=\"column-4\">429<\/td><td class=\"column-5\">468<\/td><td class=\"column-6\">376<\/td><td class=\"column-7\">36<\/td><td class=\"column-8\">51<\/td><td class=\"column-9\">25<\/td><td class=\"column-10\">270x280<\/td><td class=\"column-11\">270x270<\/td>\n<\/tr>\n<tr class=\"row-3\">\n\t<td class=\"column-1\">KTJ25-31DT<\/td><td class=\"column-2\">580<\/td><td class=\"column-3\">543<\/td><td class=\"column-4\">500<\/td><td class=\"column-5\">540<\/td><td class=\"column-6\">376<\/td><td class=\"column-7\">36<\/td><td class=\"column-8\">51<\/td><td class=\"column-9\">25<\/td><td class=\"column-10\">300\u00d7280<\/td><td class=\"column-11\">335\u00d7312<\/td>\n<\/tr>\n<tr class=\"row-4\">\n\t<td class=\"column-1\">KTJ25-41DT<\/td><td class=\"column-2\">580<\/td><td class=\"column-3\">543<\/td><td class=\"column-4\">500<\/td><td class=\"column-5\">540<\/td><td class=\"column-6\">376<\/td><td class=\"column-7\">36<\/td><td class=\"column-8\">51<\/td><td class=\"column-9\">25<\/td><td class=\"column-10\">300x280<\/td><td class=\"column-11\">335x312<\/td>\n<\/tr>\n<\/tbody>\n<\/table>\n<!-- #tablepress-22 from cache --><\/div>\n<\/div>\n<div><\/div>\n<div class=\"woocb\"><a class=\"wocb\" href=\"http:\/\/www.beiaole.com\/wp-content\/uploads\/2025\/09\/d2.4.1.pdf\" target=\"_blank\" rel=\"noopener\">formar<\/a><\/div>\n<div><\/div>\n<p><img loading=\"lazy\" decoding=\"async\" class=\"aligncenter wp-image-16013 size-large\" src=\"http:\/\/www.beiaole.com\/wp-content\/uploads\/2025\/08\/s2.4-1024x756.png\" alt=\"Cabinet Box Fan-size\" width=\"1024\" height=\"756\" data-no-translation=\"\" \/><br \/>\nDesempenho:<\/p>\n<div class=\"scroll-table-wrapper\">\n<div class=\"scroll-table\">\n<table id=\"tablepress-23\" class=\"tablepress tablepress-id-23\">\n<thead>\n<tr class=\"row-1\">\n\t<th class=\"column-1\">modelo<\/th><th class=\"column-2\">tens\u00e3o(v)<\/th><th class=\"column-3\">Frequ\u00eancia(Hz)<\/th><th class=\"column-4\">equipamento<\/th><th class=\"column-5\">poder (w)<\/th><th class=\"column-6\">Fluxo de ar (m\u00b3\/h)<\/th><th class=\"column-7\">Press\u00e3o est\u00e1tica (PA)<\/th><th class=\"column-8\">Ru\u00eddo (db)<\/th><th class=\"column-9\">n.m(kg)<\/th>\n<\/tr>\n<\/thead>\n<tbody class=\"row-striping row-hover\">\n<tr class=\"row-2\">\n\t<td class=\"column-1\">KTJ25-20DT<\/td><td class=\"column-2\">220<\/td><td class=\"column-3\">50<\/td><td class=\"column-4\">h\/l<\/td><td class=\"column-5\">470\/345<\/td><td class=\"column-6\">2000\/1600<\/td><td class=\"column-7\">395\/350<\/td><td class=\"column-8\">49\/46<\/td><td class=\"column-9\">20<\/td>\n<\/tr>\n<tr class=\"row-3\">\n\t<td class=\"column-1\">KTJ25-31DT<\/td><td class=\"column-2\">220<\/td><td class=\"column-3\">50<\/td><td class=\"column-4\">h\/l<\/td><td class=\"column-5\">480\/427<\/td><td class=\"column-6\">3000\/2600<\/td><td class=\"column-7\">410\/385<\/td><td class=\"column-8\">57\/54<\/td><td class=\"column-9\">24<\/td>\n<\/tr>\n<tr class=\"row-4\">\n\t<td class=\"column-1\">KTJ25-41DT<\/td><td class=\"column-2\">220<\/td><td class=\"column-3\">50<\/td><td class=\"column-4\">h\/l<\/td><td class=\"column-5\">510\/457<\/td><td class=\"column-6\">4000\/3600<\/td><td class=\"column-7\">445\/390<\/td><td class=\"column-8\">62\/60<\/td><td class=\"column-9\">25<\/td>\n<\/tr>\n<\/tbody>\n<\/table>\n<!-- #tablepress-23 from cache --><\/div>\n<\/div>\n<div><\/div>\n<div class=\"woocb\"><a class=\"wocb\" href=\"http:\/\/www.beiaole.com\/wp-content\/uploads\/2025\/09\/d2.4.2.pdf\" target=\"_blank\" rel=\"noopener\">formar<\/a><\/div>\n<div><\/div>\n<p><img loading=\"lazy\" decoding=\"async\" class=\"aligncenter wp-image-17245 size-large\" src=\"http:\/\/www.beiaole.com\/wp-content\/uploads\/2025\/08\/x2.4-1024x356.jpg\" alt=\"Cabinet Box Fan-q1\" width=\"1024\" height=\"356\" data-no-translation=\"\" \/><\/p>","protected":false},"excerpt":{"rendered":"<ul>\n<li>\n<h2>Roda de ventoinha resistente \u00e0 graxa:<\/h2>\n<p>\u202flotus\u2011leaf\u202fdesign\u202fcom\u202fnano-coating\u202frepel\u202fuild\u202fcuploa,\u202f mant\u00e9m\u202fesmooth\u202fflow\u202fe reduz o tempo.<\/li>\n<li>\n<h2>Motor de cobre selado:<\/h2>\n<p>\u202fIP54\u2011Classificado\u202fmotor\u202fcorre em sil\u00eancio e de forma confi\u00e1vel em condi\u00e7\u00f5es de cozinha, \u00famida,\u202foily,\u202fou alta temperatura.<\/li>\n<li>\n<h2>Desempenho poderoso:<\/h2>\n<p>\u202fflow\u202fup\u202fpara\u202f4,000\u202fm\u00b3\/h\u202fe\u202fpress\u00e3o e press\u00e3o est\u00e1tica\u202fup\u202fpara\u202fpara\u202fpa\u202fpara\u202fpara\u202fpara\u202fconsistentes\u202fpara\u202fpara\u202fconsistentes\u202fpara\u202facross\u202facross\u202fconsistentes\u202f.<\/li>\n<li>\n<h2>Opera\u00e7\u00e3o de baixo ru\u00eddo:<\/h2>\n<p>\u202fpain\u00e9is de som, reduce\u202fon\u202fon\u202fon\u202fon\u202f, ambos os lados, reduce\u202funose\u202fto\u202fpode-pouco, como\u202f46\u202f\u2013\u202f62\u202fdb\u202ffor\u202fa\u202fmais.<\/li>\n<li>\n<h2>F\u00e1cil\u202fManuten\u00e7\u00e3o:<\/h2>\n<p>\u202fdual\u202f inspe\u00e7\u00e3o\u202fportas\u202facesso\u202facesso r\u00e1pido,\u202fe\u202f constru\u00eddo em \u00f3leo e \u00e1gua\u202fescreve\u202f simplificar.<\/li>\n<li>\n<h2>Durabilidade de longa vida:<\/h2>\n<p>\u202ftoda a constru\u00e7\u00e3o de metal\u202fo resiste \u00e0 corros\u00e3o, vibra\u00e7\u00e3o,\u202fe\u202ffadiga\u202fpara\u202fem-cont\u00ednua para-dever\u202fcont\u00ednuos.<\/li>\n<li>\n<h2>Desenho da caixa compacta:<\/h2>\n<p>\u202f otimizado\u202fpara\u202fdistribui\u00e7\u00e3o de ar eficiente e eficiente, enquanto se adapta a espa\u00e7os mec\u00e2nicos.<\/li>\n<\/ul>\n<hr \/>","protected":false},"featured_media":4730,"comment_status":"open","ping_status":"closed","template":"","meta":{"_acf_changed":false},"product_brand":[],"product_cat":[66],"product_tag":[],"class_list":{"0":"post-4704","1":"product","2":"type-product","3":"status-publish","4":"has-post-thumbnail","6":"product_cat-cabinet-fan","8":"first","9":"instock","10":"taxable","11":"shipping-taxable","12":"purchasable","13":"product-type-variable","14":"has-default-attributes"},"acf":[],"_links":{"self":[{"href":"https:\/\/www.ecvents.com\/pt\/wp-json\/wp\/v2\/product\/4704","targetHints":{"allow":["GET"]}}],"collection":[{"href":"https:\/\/www.ecvents.com\/pt\/wp-json\/wp\/v2\/product"}],"about":[{"href":"https:\/\/www.ecvents.com\/pt\/wp-json\/wp\/v2\/types\/product"}],"replies":[{"embeddable":true,"href":"https:\/\/www.ecvents.com\/pt\/wp-json\/wp\/v2\/comments?post=4704"}],"wp:featuredmedia":[{"embeddable":true,"href":"https:\/\/www.ecvents.com\/pt\/wp-json\/wp\/v2\/media\/4730"}],"wp:attachment":[{"href":"https:\/\/www.ecvents.com\/pt\/wp-json\/wp\/v2\/media?parent=4704"}],"wp:term":[{"taxonomy":"product_brand","embeddable":true,"href":"https:\/\/www.ecvents.com\/pt\/wp-json\/wp\/v2\/product_brand?post=4704"},{"taxonomy":"product_cat","embeddable":true,"href":"https:\/\/www.ecvents.com\/pt\/wp-json\/wp\/v2\/product_cat?post=4704"},{"taxonomy":"product_tag","embeddable":true,"href":"https:\/\/www.ecvents.com\/pt\/wp-json\/wp\/v2\/product_tag?post=4704"}],"curies":[{"name":"wp","href":"https:\/\/api.w.org\/{rel}","templated":true}]}}