{"id":4708,"date":"2026-03-19T06:03:40","date_gmt":"2026-03-19T11:03:40","guid":{"rendered":"https:\/\/www.ecvents.com\/?post_type=product&#038;p=4708"},"modified":"2026-03-19T06:04:04","modified_gmt":"2026-03-19T11:04:04","slug":"serie-em-linha","status":"publish","type":"product","link":"https:\/\/www.ecvents.com\/pt\/product\/serie-em-linha\/","title":{"rendered":"s\u00e9rie em linha"},"content":{"rendered":"<div class=\"someee\">\n<h2><strong>fluxo de ar constante. Efici\u00eancia silenciosa. Constru\u00eddo para ventila\u00e7\u00e3o di\u00e1ria.<\/strong><\/h2>\n<p>o\u00a0<strong>FAN S\u00c9RIE IN-LINE<\/strong>\u00a0\u00c9 um daqueles itens essenciais que simplesmente mant\u00e9m tudo equilibrado. Ele move o ar de forma constante, funciona com efici\u00eancia e se mistura com o fundo\u202f\u2014\u202f o tipo de equipamento que funciona todos os dias sem precisar de aten\u00e7\u00e3o.<\/p>\n<p>Em sua ess\u00eancia, h\u00e1 um\u00a0<strong>Motor de todos os cobre<\/strong>, Precision-Engineered para um equil\u00edbrio consistente de poder e economia de energia. emparelhado com\u00a0<strong>Rolamentos de bola de alta qualidade<\/strong>, ele opera suavemente e silenciosamente, produzindo apenas um zumbido suave que se desvanece em segundo plano. O design integrado de um motor e um motor integrado reduz a vibra\u00e7\u00e3o e a turbul\u00eancia, criando um fluxo de ar limpo, um fluxo de ar com alta press\u00e3o e alta press\u00e3o e um movimento de energia.<\/p>\n<p>constru\u00eddo a partir de\u00a0<strong>A\u00e7o espesso, de alta qualidade<\/strong>, o corpo \u00e9 s\u00f3lido e resiliente. Ele resiste a dobrar, corros\u00e3o e desgaste\u202f\u2014\u202f constru\u00eddo para resistir \u00e0 opera\u00e7\u00e3o cont\u00ednua\u202fin\u202fhumid\u202fou\u202f ambientes. O\u202fcompacto,\u202ftrabalho\u2011pronto\u202fcompilar\u202fdeliverse\u202ffor\u00e7a\u202fsem\u202femburno,\u202ffazer\u202f\u00e9 f\u00e1cil\u202fpara instalar\u202f como \u00e9\u202fconservar.<\/p>\n<p>Dispon\u00edvel em diversos tamanhos,\u202fprojetos em linha\u202fpara todos os\u202fem-series\u202fade\u202fa\u202fde todos\u202ftodos\u202ftos\u202f\u2014\u202fdo\u202fapartamento\u202falon\u00e7amento e\u202foficiais\u202fa at\u00e9\u202fescolar em um apartamento e no espa\u00e7o de apartamentos e no escrit\u00f3rio\u202fe\u202fe\u202fe\u202fe\u202fe\u202fe elengs\u202fe\u202fe\u202fe\u202fe\u202fe\u202fe\u202fe\u202fe elee\u202fe\u202fe\u202fe\u202fe\u202fe\u202fe\u202fe. Suas\u202festrutura otimizada\u202festrutura\u202fsegura\u202f\u00e9voros e-mantidos, entregas\u202flongos,\u202flongor,\u202fo ar\u202ffresh\u202fe\u202fequilibrado\u202fno\u202fmatter\u202fa sa\u00edda.<\/p>\n<p>Simples, silencioso e confi\u00e1vel\u202f\u2014\u202fa s\u00e9rie de entrada\u202ffan\u202f\u00e9on\u202f\u00e9 sobre mostrar\u202foff.\u202f \u00c9 sobre manter a manuten\u00e7\u00e3o do ar, fluindo\u202fcerto,\u202fdia\u202fap\u00f3s\u202fdia.<\/p>\n<\/div>\n<hr \/>\n<p>Dimens\u00f5es (unidade: mm):<\/p>\n<div class=\"scroll-table-wrapper\">\n<div class=\"scroll-table\">\n<table id=\"tablepress-26\" class=\"tablepress tablepress-id-26\">\n<thead>\n<tr class=\"row-1\">\n\t<th class=\"column-1\">modelo<\/th><th class=\"column-2\">L<\/th><th class=\"column-3\">L1<\/th><th class=\"column-4\">L2<\/th><th class=\"column-5\">W<\/th><th class=\"column-6\">w1<\/th><th class=\"column-7\">H<\/th><th class=\"column-8\">h1<\/th><th class=\"column-9\">E<\/th><th class=\"column-10\">I<\/th>\n<\/tr>\n<\/thead>\n<tbody class=\"row-striping row-hover\">\n<tr class=\"row-2\">\n\t<td class=\"column-1\">dpt10-11<\/td><td class=\"column-2\">246<\/td><td class=\"column-3\">181<\/td><td class=\"column-4\">122.5<\/td><td class=\"column-5\">206<\/td><td class=\"column-6\">111.5<\/td><td class=\"column-7\">194<\/td><td class=\"column-8\">139<\/td><td class=\"column-9\">\u03c698<\/td><td class=\"column-10\">\u03c698<\/td>\n<\/tr>\n<tr class=\"row-3\">\n\t<td class=\"column-1\">dpt10-11f<\/td><td class=\"column-2\">246<\/td><td class=\"column-3\">181<\/td><td class=\"column-4\">122.5<\/td><td class=\"column-5\">206<\/td><td class=\"column-6\">111.5<\/td><td class=\"column-7\">194<\/td><td class=\"column-8\">139<\/td><td class=\"column-9\">\u03c698<\/td><td class=\"column-10\">\u03c698<\/td>\n<\/tr>\n<tr class=\"row-4\">\n\t<td class=\"column-1\">dpt15-34<\/td><td class=\"column-2\">306<\/td><td class=\"column-3\">230<\/td><td class=\"column-4\">122.5<\/td><td class=\"column-5\">247<\/td><td class=\"column-6\">141.5<\/td><td class=\"column-7\">259<\/td><td class=\"column-8\">176<\/td><td class=\"column-9\">\u03c6150<\/td><td class=\"column-10\">\u03c6150<\/td>\n<\/tr>\n<tr class=\"row-5\">\n\t<td class=\"column-1\">dpt15-34f<\/td><td class=\"column-2\">306<\/td><td class=\"column-3\">230<\/td><td class=\"column-4\">122.5<\/td><td class=\"column-5\">247<\/td><td class=\"column-6\">141.5<\/td><td class=\"column-7\">259<\/td><td class=\"column-8\">176<\/td><td class=\"column-9\">\u03c6150<\/td><td class=\"column-10\">\u03c6150<\/td>\n<\/tr>\n<tr class=\"row-6\">\n\t<td class=\"column-1\">DPT20-45F<\/td><td class=\"column-2\">369<\/td><td class=\"column-3\">297<\/td><td class=\"column-4\">170<\/td><td class=\"column-5\">290<\/td><td class=\"column-6\">185.5<\/td><td class=\"column-7\">325<\/td><td class=\"column-8\">220<\/td><td class=\"column-9\">\u03c6200<\/td><td class=\"column-10\">\u03c6200<\/td>\n<\/tr>\n<tr class=\"row-7\">\n\t<td class=\"column-1\">dpt20-65f<\/td><td class=\"column-2\">369<\/td><td class=\"column-3\">297<\/td><td class=\"column-4\">170<\/td><td class=\"column-5\">290<\/td><td class=\"column-6\">185.5<\/td><td class=\"column-7\">325<\/td><td class=\"column-8\">220<\/td><td class=\"column-9\">\u03c6200<\/td><td class=\"column-10\">\u03c6200<\/td>\n<\/tr>\n<tr class=\"row-8\">\n\t<td class=\"column-1\">DPT20-75<\/td><td class=\"column-2\">403<\/td><td class=\"column-3\">331<\/td><td class=\"column-4\">198<\/td><td class=\"column-5\">323<\/td><td class=\"column-6\">226<\/td><td class=\"column-7\">362<\/td><td class=\"column-8\">295<\/td><td class=\"column-9\">\u03c6200<\/td><td class=\"column-10\">\u03c6200<\/td>\n<\/tr>\n<\/tbody>\n<\/table>\n<!-- #tablepress-26 from cache --><\/div>\n<\/div>\n<div><\/div>\n<div class=\"woocb\"><a class=\"wocb\" href=\"http:\/\/www.beiaole.com\/wp-content\/uploads\/2025\/09\/d3.2.1.pdf\" target=\"_blank\" rel=\"noopener\">formar<\/a><\/div>\n<div><\/div>\n<p><img loading=\"lazy\" decoding=\"async\" class=\"aligncenter wp-image-16164 size-large\" src=\"http:\/\/www.beiaole.com\/wp-content\/uploads\/2025\/08\/s3.2-1024x450.png\" alt=\"In-Line Series-size\" width=\"1024\" height=\"450\" data-no-translation=\"\" \/><br \/>\nDesempenho:<\/p>\n<div class=\"scroll-table-wrapper\">\n<div class=\"scroll-table\">\n<table id=\"tablepress-27\" class=\"tablepress tablepress-id-27\">\n<thead>\n<tr class=\"row-1\">\n\t<th class=\"column-1\">modelo<\/th><th class=\"column-2\">tens\u00e3o(v)<\/th><th class=\"column-3\">Frequ\u00eancia(Hz)<\/th><th class=\"column-4\">equipamento<\/th><th class=\"column-5\">poder (w)<\/th><th class=\"column-6\">Fluxo de ar (m\u00b3\/h)<\/th><th class=\"column-7\">Press\u00e3o est\u00e1tica (PA)<\/th><th class=\"column-8\">Ru\u00eddo (db)<\/th><th class=\"column-9\">Tamanho do duto (mm)<\/th><th class=\"column-10\">\u00c1rea de aplica\u00e7\u00e3o (m\u00b2)<\/th><th class=\"column-11\">n.m(kg)<\/th><th class=\"column-12\">caixa\/pe\u00e7a<\/th>\n<\/tr>\n<\/thead>\n<tbody class=\"row-striping row-hover\">\n<tr class=\"row-2\">\n\t<td class=\"column-1\">dpt10-11<\/td><td class=\"column-2\">220<\/td><td class=\"column-3\">50<\/td><td class=\"column-4\">h\/l<\/td><td class=\"column-5\">28\/23<\/td><td class=\"column-6\">150\/100<\/td><td class=\"column-7\">65\/55<\/td><td class=\"column-8\">40\/35<\/td><td class=\"column-9\">\u03c6100<\/td><td class=\"column-10\">6-10<\/td><td class=\"column-11\">2.3<\/td><td class=\"column-12\">8<\/td>\n<\/tr>\n<tr class=\"row-3\">\n\t<td class=\"column-1\">dpt10-11f<\/td><td class=\"column-2\">220<\/td><td class=\"column-3\">50<\/td><td class=\"column-4\">h\/l<\/td><td class=\"column-5\">30\/26<\/td><td class=\"column-6\">250\/180<\/td><td class=\"column-7\">106\/80<\/td><td class=\"column-8\">45\/40<\/td><td class=\"column-9\">\u03c6100<\/td><td class=\"column-10\">10-12<\/td><td class=\"column-11\">2.3<\/td><td class=\"column-12\">8<\/td>\n<\/tr>\n<tr class=\"row-4\">\n\t<td class=\"column-1\">dpt15-34<\/td><td class=\"column-2\">220<\/td><td class=\"column-3\">50<\/td><td class=\"column-4\">h\/l<\/td><td class=\"column-5\">33\/27<\/td><td class=\"column-6\">400\/300<\/td><td class=\"column-7\">127\/120<\/td><td class=\"column-8\">42\/38<\/td><td class=\"column-9\">\u03c6150<\/td><td class=\"column-10\">10-25<\/td><td class=\"column-11\">3.5<\/td><td class=\"column-12\">4<\/td>\n<\/tr>\n<tr class=\"row-5\">\n\t<td class=\"column-1\">dpt15-34f<\/td><td class=\"column-2\">220<\/td><td class=\"column-3\">50<\/td><td class=\"column-4\">h\/l<\/td><td class=\"column-5\">70\/53<\/td><td class=\"column-6\">600\/500<\/td><td class=\"column-7\">170\/150<\/td><td class=\"column-8\">46\/42<\/td><td class=\"column-9\">\u03c6150<\/td><td class=\"column-10\">10-25<\/td><td class=\"column-11\">4.6<\/td><td class=\"column-12\">4<\/td>\n<\/tr>\n<tr class=\"row-6\">\n\t<td class=\"column-1\">DPT20-45F<\/td><td class=\"column-2\">220<\/td><td class=\"column-3\">50<\/td><td class=\"column-4\">h\/l<\/td><td class=\"column-5\">120\/106<\/td><td class=\"column-6\">900\/750<\/td><td class=\"column-7\">207\/190<\/td><td class=\"column-8\">48\/46<\/td><td class=\"column-9\">\u03c6200<\/td><td class=\"column-10\">25-38<\/td><td class=\"column-11\">7.8<\/td><td class=\"column-12\">1<\/td>\n<\/tr>\n<tr class=\"row-7\">\n\t<td class=\"column-1\">dpt20-65f<\/td><td class=\"column-2\">220<\/td><td class=\"column-3\">50<\/td><td class=\"column-4\">h\/l<\/td><td class=\"column-5\">190\/180<\/td><td class=\"column-6\">1500\/1350<\/td><td class=\"column-7\">220\/200<\/td><td class=\"column-8\">52\/50<\/td><td class=\"column-9\">\u03c6200<\/td><td class=\"column-10\">48-80<\/td><td class=\"column-11\">8.5<\/td><td class=\"column-12\">1<\/td>\n<\/tr>\n<tr class=\"row-8\">\n\t<td class=\"column-1\">DPT20-75<\/td><td class=\"column-2\">220<\/td><td class=\"column-3\">50<\/td><td class=\"column-4\">h\/l<\/td><td class=\"column-5\">270\/265<\/td><td class=\"column-6\">2100\/1800<\/td><td class=\"column-7\">380\/290<\/td><td class=\"column-8\">62\/55<\/td><td class=\"column-9\">\u03c6200<\/td><td class=\"column-10\">80-90<\/td><td class=\"column-11\">10.5<\/td><td class=\"column-12\">1<\/td>\n<\/tr>\n<\/tbody>\n<\/table>\n<!-- #tablepress-27 from cache --><\/div>\n<\/div>\n<div><\/div>\n<div class=\"woocb\"><a class=\"wocb\" href=\"http:\/\/www.beiaole.com\/wp-content\/uploads\/2025\/09\/d3.2.2.pdf\" target=\"_blank\" rel=\"noopener\">formar<\/a><\/div>\n<div><\/div>\n<p><img loading=\"lazy\" decoding=\"async\" class=\"aligncenter wp-image-17253 size-large\" src=\"http:\/\/www.beiaole.com\/wp-content\/uploads\/2025\/08\/x3.2-1024x304.jpg\" alt=\"In-Line Series-q1\" width=\"1024\" height=\"304\" data-no-translation=\"\" \/><\/p>","protected":false},"excerpt":{"rendered":"<ul>\n<li>\n<h2>Motor de cobre de economia de energia:<\/h2>\n<p>\u202ftodos os rolamentos de cobre, com alta precis\u00e3o, asseguram uma opera\u00e7\u00e3o silenciosa e eficiente.<\/li>\n<li>\n<h2>Estrutura do duto de uma pe\u00e7a \u00fanica:<\/h2>\n<p>\u202f Streamlined\u202fmotor\u202fe\u202fcasing\u202fdesign reduz a resist\u00eancia\u202fpara\u202fesmother\u202fresist\u00eancia\u202f.<\/li>\n<li>\n<h2>Constru\u00e7\u00e3o de todo o metal:<\/h2>\n<p>\u202fthuck\u202fsteel\u202fhosing\u202fo resiste\u202fferrugem,\u202fvibra\u00e7\u00e3o,\u202fe\u202fimpacto\u202fpara durabilidade de longo prazo.<\/li>\n<li>\n<h2>Desempenho do alto n\u00edvel:<\/h2>\n<p>\u202fentrega\u202ffluxo air\u202fde\u202f150\u202f a\u202f2,100\u202fm\u00b3\/h\u202fe\u202fup\u202fpara\u202f380\u202fpa\u202fover\u202flong\u202flong\u202f.<\/li>\n<li>\n<h2>Opera\u00e7\u00e3o silenciosa:<\/h2>\n<p>\u202f otimizado\u202f impulsor\u202fdin\u00e2mica\u202fmuito-noise\u202fabaixo\u202f62\u202fdb\u202fdependente\u202fon\u202fmodelo e velocidade.<\/li>\n<li>\n<h2>Controle de velocidade dupla:<\/h2>\n<p>\u202falta\u202f\/\u202flow\u202fpermitir\u202fpermitir\u202fajuste\u202fpara\u202fmatch\u202fespa\u00e7o\u202fe\u202fequipes.<\/li>\n<li>\n<h2>Compacto\u202fe\u202fflex\u00edvel:<\/h2>\n<p>\u202ffits\u202fduct\u202fdimension\u202fde\u202f\u00f8100\u202fmm\u202f a \u00f8200\u202fmm,\u202fideal\u202fpara\u202fresidential\u202for\u202fsistemas.<\/li>\n<li>\n<h2>Baixa manuten\u00e7\u00e3o:<\/h2>\n<p>\u202f Simples\u202finstala\u00e7\u00e3o\u202fe\u202facess\u00edveis\u202fcomponentes\u202ffazem\u202flimpar\u202fe\u202fatendimento\u202f.<\/li>\n<\/ul>\n<hr \/>","protected":false},"featured_media":4731,"comment_status":"open","ping_status":"closed","template":"","meta":{"_acf_changed":false},"product_brand":[],"product_cat":[27],"product_tag":[],"class_list":{"0":"post-4708","1":"product","2":"type-product","3":"status-publish","4":"has-post-thumbnail","6":"product_cat-inline-duct-fan","8":"first","9":"instock","10":"taxable","11":"shipping-taxable","12":"purchasable","13":"product-type-variable","14":"has-default-attributes"},"acf":[],"_links":{"self":[{"href":"https:\/\/www.ecvents.com\/pt\/wp-json\/wp\/v2\/product\/4708","targetHints":{"allow":["GET"]}}],"collection":[{"href":"https:\/\/www.ecvents.com\/pt\/wp-json\/wp\/v2\/product"}],"about":[{"href":"https:\/\/www.ecvents.com\/pt\/wp-json\/wp\/v2\/types\/product"}],"replies":[{"embeddable":true,"href":"https:\/\/www.ecvents.com\/pt\/wp-json\/wp\/v2\/comments?post=4708"}],"wp:featuredmedia":[{"embeddable":true,"href":"https:\/\/www.ecvents.com\/pt\/wp-json\/wp\/v2\/media\/4731"}],"wp:attachment":[{"href":"https:\/\/www.ecvents.com\/pt\/wp-json\/wp\/v2\/media?parent=4708"}],"wp:term":[{"taxonomy":"product_brand","embeddable":true,"href":"https:\/\/www.ecvents.com\/pt\/wp-json\/wp\/v2\/product_brand?post=4708"},{"taxonomy":"product_cat","embeddable":true,"href":"https:\/\/www.ecvents.com\/pt\/wp-json\/wp\/v2\/product_cat?post=4708"},{"taxonomy":"product_tag","embeddable":true,"href":"https:\/\/www.ecvents.com\/pt\/wp-json\/wp\/v2\/product_tag?post=4708"}],"curies":[{"name":"wp","href":"https:\/\/api.w.org\/{rel}","templated":true}]}}