{"id":4716,"date":"2026-03-19T06:03:41","date_gmt":"2026-03-19T11:03:41","guid":{"rendered":"https:\/\/www.ecvents.com\/?post_type=product&#038;p=4716"},"modified":"2026-03-19T06:04:04","modified_gmt":"2026-03-19T11:04:04","slug":"na-linha-2-maneiras","status":"publish","type":"product","link":"https:\/\/www.ecvents.com\/pt\/product\/na-linha-2-maneiras\/","title":{"rendered":"S\u00e9rie em linha 2 maneiras"},"content":{"rendered":"<div class=\"someee\">\n<h2><strong>Fluxo duplo. poder est\u00e1vel. Constru\u00eddo para ventila\u00e7\u00e3o cont\u00ednua.<\/strong><\/h2>\n<p>o\u00a0<strong>s\u00e9ries em linha\u202f2\u202fways\u202f<\/strong>\u00a0Foi projetado para manter o ar em movimento suave e silenciosamente em longas pistas de dutos - compactos em tamanho, s\u00f3lidos na constru\u00e7\u00e3o e eficientes em todos os detalhes. \u00c9 o tipo de equipamento de ventila\u00e7\u00e3o que funciona silenciosamente em segundo plano, proporcionando um fluxo de ar confi\u00e1vel dia ap\u00f3s dia sem chamar a aten\u00e7\u00e3o.<\/p>\n<p>Em sua ess\u00eancia, um\u00a0<strong>Motor de economia de energia de todos os cobre<\/strong>\u00a0emparelhado com\u00a0<strong>Rolamentos de bola de alta qualidade<\/strong>\u00a0Garante uma opera\u00e7\u00e3o suave e de baixo ru\u00eddo e longevidade excepcional. O motor, o impulsor e o duto de ar s\u00e3o projetados como uma estrutura simples, permitindo que o ar se mova livremente com o m\u00ednimo de resist\u00eancia. Essa integra\u00e7\u00e3o precisa n\u00e3o apenas reduz a vibra\u00e7\u00e3o, mas tamb\u00e9m mant\u00e9m um desempenho est\u00e1vel e menor uso de energia em sua vida \u00fatil.<\/p>\n<p>constru\u00eddo a partir de\u00a0<strong>A\u00e7o de alta qualidade<\/strong>, a caixa de metal parece robusta e confi\u00e1vel desde o momento em que voc\u00ea o manuseia. Formado como uma pe\u00e7a \u00fanica, o chassi resiste \u00e0 ferrugem, deforma\u00e7\u00e3o e estresse mec\u00e2nico - constru\u00eddo para maior durabilidade em condi\u00e7\u00f5es residenciais e industriais.<\/p>\n<p>A s\u00e9rie oferece\u00a0<strong>Op\u00e7\u00f5es de v\u00e1rios\u202fmodelo<\/strong>\u00a0Com diferentes capacidades de fluxo de ar e tamanhos de dutos, tornando-o adapt\u00e1vel a uma ampla gama de sistemas de ventila\u00e7\u00e3o. Ele pode funcionar como uma solu\u00e7\u00e3o aut\u00f4noma, ou se conectar com a\u202foutras f\u00e3s\u202fpara estender\u202fa\u00e9rea\u202fe press\u00e3o. Apesar de sua resist\u00eancia, ele opera silenciosamente, mantendo um fluxo de ar eficiente e equilibrado em todos os cantos do sistema.<\/p>\n<p>Forte, est\u00e1vel e inteligentemente compacto, a s\u00e9rie \u201cininterrupta\u201d ininterrupta\u202f que voc\u00ea realmente se repete, mas o que \u00e9 raro.<\/p>\n<\/div>\n<hr \/>\n<p>Dimens\u00f5es (unidade: mm):<\/p>\n<div class=\"scroll-table-wrapper\">\n<div class=\"scroll-table\">\n<table id=\"tablepress-28\" class=\"tablepress tablepress-id-28\">\n<thead>\n<tr class=\"row-1\">\n\t<th class=\"column-1\">modelo<\/th><th class=\"column-2\">L<\/th><th class=\"column-3\">L1<\/th><th class=\"column-4\">L2<\/th><th class=\"column-5\">\u03c6e<\/th><th class=\"column-6\">W<\/th><th class=\"column-7\">w1<\/th><th class=\"column-8\">H<\/th><th class=\"column-9\">h1<\/th><th class=\"column-10\">eu<\/th>\n<\/tr>\n<\/thead>\n<tbody class=\"row-striping row-hover\">\n<tr class=\"row-2\">\n\t<td class=\"column-1\">dpt10-11(1T2)<\/td><td class=\"column-2\">246<\/td><td class=\"column-3\">181<\/td><td class=\"column-4\">122.5<\/td><td class=\"column-5\">75<\/td><td class=\"column-6\">210<\/td><td class=\"column-7\">111.5<\/td><td class=\"column-8\">194<\/td><td class=\"column-9\">139<\/td><td class=\"column-10\">98<\/td>\n<\/tr>\n<tr class=\"row-3\">\n\t<td class=\"column-1\">dpt10-11f(1T2)<\/td><td class=\"column-2\">246<\/td><td class=\"column-3\">180<\/td><td class=\"column-4\">122.5<\/td><td class=\"column-5\">75<\/td><td class=\"column-6\">210<\/td><td class=\"column-7\">111.5<\/td><td class=\"column-8\">194<\/td><td class=\"column-9\">139<\/td><td class=\"column-10\">98<\/td>\n<\/tr>\n<tr class=\"row-4\">\n\t<td class=\"column-1\">dpt15-34(1T2)<\/td><td class=\"column-2\">306<\/td><td class=\"column-3\">230<\/td><td class=\"column-4\">122.5<\/td><td class=\"column-5\">100<\/td><td class=\"column-6\">243<\/td><td class=\"column-7\">141.5<\/td><td class=\"column-8\">259<\/td><td class=\"column-9\">176<\/td><td class=\"column-10\">150<\/td>\n<\/tr>\n<\/tbody>\n<\/table>\n<!-- #tablepress-28 from cache --><\/div>\n<\/div>\n<div><\/div>\n<div class=\"woocb\"><a class=\"wocb\" href=\"http:\/\/www.beiaole.com\/wp-content\/uploads\/2025\/09\/d3.3.1.pdf\" target=\"_blank\" rel=\"noopener\">formar<\/a><\/div>\n<div><\/div>\n<p><img loading=\"lazy\" decoding=\"async\" class=\"aligncenter wp-image-16183 size-large\" src=\"http:\/\/www.beiaole.com\/wp-content\/uploads\/2025\/08\/s3.3-1024x442.png\" alt=\"In-Line Series 2 Ways-size\" width=\"1024\" height=\"442\" data-no-translation=\"\" \/><br \/>\nDesempenho:<\/p>\n<div class=\"scroll-table-wrapper\">\n<div class=\"scroll-table\">\n<table id=\"tablepress-29\" class=\"tablepress tablepress-id-29\">\n<thead>\n<tr class=\"row-1\">\n\t<th class=\"column-1\">modelo<\/th><th class=\"column-2\">tens\u00e3o(v)<\/th><th class=\"column-3\">Frequ\u00eancia(Hz)<\/th><th class=\"column-4\">equipamento<\/th><th class=\"column-5\">poder (w)<\/th><th class=\"column-6\">Fluxo de ar (m\u00b3\/h)<\/th><th class=\"column-7\">Press\u00e3o est\u00e1tica (PA)<\/th><th class=\"column-8\">Ru\u00eddo (db)<\/th><th class=\"column-9\">Tamanho do duto (mm)<\/th><th class=\"column-10\">\u00c1rea de aplica\u00e7\u00e3o (m\u00b2)<\/th><th class=\"column-11\">n.m(kg)<\/th><th class=\"column-12\">caixa\/pe\u00e7a<\/th>\n<\/tr>\n<\/thead>\n<tbody class=\"row-striping row-hover\">\n<tr class=\"row-2\">\n\t<td class=\"column-1\">dpt10-11(1T2)<\/td><td class=\"column-2\">220<\/td><td class=\"column-3\">50<\/td><td class=\"column-4\">h\/l<\/td><td class=\"column-5\">28\/23<\/td><td class=\"column-6\">160\/130<\/td><td class=\"column-7\">75\/65<\/td><td class=\"column-8\">38\/35<\/td><td class=\"column-9\">in80\/out100<\/td><td class=\"column-10\">7-15<\/td><td class=\"column-11\">2.3<\/td><td class=\"column-12\">4<\/td>\n<\/tr>\n<tr class=\"row-3\">\n\t<td class=\"column-1\">dpt10-11f(1T2)<\/td><td class=\"column-2\">220<\/td><td class=\"column-3\">50<\/td><td class=\"column-4\">h\/l<\/td><td class=\"column-5\">30\/26<\/td><td class=\"column-6\">200\/180<\/td><td class=\"column-7\">200\/180<\/td><td class=\"column-8\">43\/38<\/td><td class=\"column-9\">in80\/out100<\/td><td class=\"column-10\">7-15<\/td><td class=\"column-11\">2.6<\/td><td class=\"column-12\">4<\/td>\n<\/tr>\n<tr class=\"row-4\">\n\t<td class=\"column-1\">dpt15-34(1T2)<\/td><td class=\"column-2\">220<\/td><td class=\"column-3\">50<\/td><td class=\"column-4\">h\/l<\/td><td class=\"column-5\">42\/43<\/td><td class=\"column-6\">400\/320<\/td><td class=\"column-7\">155\/145<\/td><td class=\"column-8\">52\/49<\/td><td class=\"column-9\">IN100\/OUT150<\/td><td class=\"column-10\">7-15<\/td><td class=\"column-11\">4.6<\/td><td class=\"column-12\">4<\/td>\n<\/tr>\n<\/tbody>\n<\/table>\n<!-- #tablepress-29 from cache --><\/div>\n<\/div>\n<div><\/div>\n<div class=\"woocb\"><a class=\"wocb\" href=\"http:\/\/www.beiaole.com\/wp-content\/uploads\/2025\/09\/d3.3.2.pdf\" target=\"_blank\" rel=\"noopener\">formar<\/a><\/div>\n<div><\/div>\n<p><img loading=\"lazy\" decoding=\"async\" class=\"aligncenter wp-image-17257 size-large\" src=\"http:\/\/www.beiaole.com\/wp-content\/uploads\/2025\/08\/x3.3-1024x329.jpg\" alt=\"In-Line Series 2 Ways-q1\" width=\"1024\" height=\"329\" data-no-translation=\"\" \/><\/p>","protected":false},"excerpt":{"rendered":"<ul>\n<li>\n<h2>Design de entrada dupla:<\/h2>\n<p>\u202f1\u2011to\u20112\u202fair\u202festrutura\u202festrutura\u202f otimizar\u202festabilidade\u202fe distribui\u00e7\u00e3o\u202fa\u00e9rea\u202fatras de longos.<\/li>\n<li>\n<h2>Motor de cobre eficiente em termos de energia:<\/h2>\n<p>\u202f dur\u00e1vel,\u202fbaixo-ru\u00eddo\u202fmotor\u202fcom\u202fcom os rolamentos\u202fgarafine\u202f suave,\u202fopera\u00e7\u00e3o cont\u00ednua.<\/li>\n<li>\n<h2>Constru\u00e7\u00e3o de todo o metal:<\/h2>\n<p>\u202fhosing single-piece-hosing\u202f resistores de ferrugem,\u202farrida, e de vibra\u00e7\u00e3o para uso industrial.<\/li>\n<li>\n<h2>Sistema compacto, streamlined\u202f:<\/h2>\n<p>\u202fconstru\u00eddo em\u202fmotor\u202fe\u202falinhamento\u202freduzir\u202fturbul\u00eancia\u202fe\u202f aumentar\u202ffluxo\u202fefici\u00eancia.<\/li>\n<li>\n<h2>Desempenho silencioso:<\/h2>\n<p>\u202fru\u00eddo\u202flevels\u202fas\u202fas\u202fas\u202f35\u202f\u2013\u202f52\u202fdb\u202fopera\u00e7\u00e3o\u202fdiscretaria\u202fmesmo\u202fem-viver\u202for\u202foffice\u202f.<\/li>\n<li>\n<h2>Capacidade de alta press\u00e3o do ar:<\/h2>\n<p>\u202fstatic\u202fpressure\u202fup\u202fto\u202f200\u202fpa\u202ffor\u202fforte\u202fventila\u00e7\u00e3o\u202fatrav\u00e9s\u202fextended\u202fduto.<\/li>\n<li>\n<h2>Integra\u00e7\u00e3o flex\u00edvel:<\/h2>\n<p>\u202fdispon\u00edvel\u202fem\u202fmultiple\u202fdimensions\u202fpara aplica\u00e7\u00f5es de sistema independente ou multi-f\u00e3.<\/li>\n<li>\n<h2>Baixa manuten\u00e7\u00e3o:<\/h2>\n<p>\u202fcompacto\u202fcorpo\u202fcom\u202facesso\u202facesso\u202fpara\u202fde limpeza e manuten\u00e7\u00e3o.<\/li>\n<\/ul>\n<hr \/>","protected":false},"featured_media":4732,"comment_status":"open","ping_status":"closed","template":"","meta":{"_acf_changed":false},"product_brand":[],"product_cat":[27],"product_tag":[],"class_list":{"0":"post-4716","1":"product","2":"type-product","3":"status-publish","4":"has-post-thumbnail","6":"product_cat-inline-duct-fan","8":"first","9":"instock","10":"taxable","11":"shipping-taxable","12":"purchasable","13":"product-type-variable","14":"has-default-attributes"},"acf":[],"_links":{"self":[{"href":"https:\/\/www.ecvents.com\/pt\/wp-json\/wp\/v2\/product\/4716","targetHints":{"allow":["GET"]}}],"collection":[{"href":"https:\/\/www.ecvents.com\/pt\/wp-json\/wp\/v2\/product"}],"about":[{"href":"https:\/\/www.ecvents.com\/pt\/wp-json\/wp\/v2\/types\/product"}],"replies":[{"embeddable":true,"href":"https:\/\/www.ecvents.com\/pt\/wp-json\/wp\/v2\/comments?post=4716"}],"wp:featuredmedia":[{"embeddable":true,"href":"https:\/\/www.ecvents.com\/pt\/wp-json\/wp\/v2\/media\/4732"}],"wp:attachment":[{"href":"https:\/\/www.ecvents.com\/pt\/wp-json\/wp\/v2\/media?parent=4716"}],"wp:term":[{"taxonomy":"product_brand","embeddable":true,"href":"https:\/\/www.ecvents.com\/pt\/wp-json\/wp\/v2\/product_brand?post=4716"},{"taxonomy":"product_cat","embeddable":true,"href":"https:\/\/www.ecvents.com\/pt\/wp-json\/wp\/v2\/product_cat?post=4716"},{"taxonomy":"product_tag","embeddable":true,"href":"https:\/\/www.ecvents.com\/pt\/wp-json\/wp\/v2\/product_tag?post=4716"}],"curies":[{"name":"wp","href":"https:\/\/api.w.org\/{rel}","templated":true}]}}