{"id":4720,"date":"2026-03-19T06:03:42","date_gmt":"2026-03-19T11:03:42","guid":{"rendered":"https:\/\/www.ecvents.com\/?post_type=product&#038;p=4720"},"modified":"2026-03-19T06:04:04","modified_gmt":"2026-03-19T11:04:04","slug":"ventilador-silencioso","status":"publish","type":"product","link":"https:\/\/www.ecvents.com\/pt\/product\/ventilador-silencioso\/","title":{"rendered":"Ventilador silencioso"},"content":{"rendered":"<div class=\"someee\">\n<h2><strong>Fluxo silencioso. forte desempenho. Constru\u00eddo para um conforto cont\u00ednuo.<\/strong><\/h2>\n<p>o\u00a0<strong>Dupla do Silencioso<\/strong>\u00a0foi projetado para um \u00fanico prop\u00f3sito\u202f\u2014\u202f para manter o ar em movimento de forma silenciosa, eficiente e confi\u00e1vel. \u00c9 o tipo de ventilador que voc\u00ea instala uma vez, liga e depois esquece, porque ele simplesmente continua fazendo seu trabalho \u2013 fluxo de ar constante sem som ou barulho.<\/p>\n<p>Em seu cora\u00e7\u00e3o est\u00e1 um\u00a0<strong>Motor de economia de energia de todos os cobre<\/strong>\u00a0emparelhado com\u00a0<strong>Rolamentos de bola de alta qualidade<\/strong>, fornecendo opera\u00e7\u00e3o est\u00e1vel e de longo prazo, quase sem ru\u00eddo. O design integrado do duto e da carca\u00e7a permite que o fluxo de ar se mova suavemente, minimizando a vibra\u00e7\u00e3o e a turbul\u00eancia. O resultado \u00e9 uma ventila\u00e7\u00e3o poderosa e consistente, sem esfor\u00e7o e parece quase invis\u00edvel.<\/p>\n<p>Constru\u00eddo com um\u00a0<strong>All-Metal\u202fSteel\u202fshell<\/strong>, o corpo do ventilador oferece durabilidade real. Ele resiste \u00e0 ferrugem, calor e deforma\u00e7\u00e3o, ideal para espa\u00e7os \u00famidos ou exigentes, como oficinas, cozinhas, escrit\u00f3rios ou apartamentos. Compacto, mas forte, cada unidade produz alta press\u00e3o do ar e fluxo de ar de longa dist\u00e2ncia que refresca at\u00e9 mesmo as redes profundas de dutos onde os ventiladores comuns ficam aqu\u00e9m.<\/p>\n<p>Dispon\u00edvel em v\u00e1rios modelos e tamanhos, o Ventilador Silencioso\u202fduct\u202f se adapta facilmente a v\u00e1rios sistemas: use-o sozinho para \u00e1reas menores ou combine-o com outros ventiladores em linha para aumentar a press\u00e3o em dutos longos. Confi\u00e1vel, eficiente e projetado para resist\u00eancia silenciosa, ele fornece silenciosamente o fluxo de ar do qual seu ambiente depende.<\/p>\n<\/div>\n<hr \/>\n<p>Dimens\u00f5es (unidade: mm):<\/p>\n<div class=\"scroll-table-wrapper\">\n<div class=\"scroll-table\">\n<table id=\"tablepress-30\" class=\"tablepress tablepress-id-30\">\n<thead>\n<tr class=\"row-1\">\n\t<th class=\"column-1\">modelo<\/th><th class=\"column-2\">L<\/th><th class=\"column-3\">L1<\/th><th class=\"column-4\">L2<\/th><th class=\"column-5\">W<\/th><th class=\"column-6\">w1<\/th><th class=\"column-7\">H<\/th><th class=\"column-8\">h1<\/th><th class=\"column-9\">D<\/th>\n<\/tr>\n<\/thead>\n<tbody class=\"row-striping row-hover\">\n<tr class=\"row-2\">\n\t<td class=\"column-1\">dpt10-24h<\/td><td class=\"column-2\">533<\/td><td class=\"column-3\">352<\/td><td class=\"column-4\">251<\/td><td class=\"column-5\">397<\/td><td class=\"column-6\">447<\/td><td class=\"column-7\">121<\/td><td class=\"column-8\">30<\/td><td class=\"column-9\">\u03c6100<\/td>\n<\/tr>\n<tr class=\"row-3\">\n\t<td class=\"column-1\">dpt15-34h<\/td><td class=\"column-2\">504<\/td><td class=\"column-3\">352<\/td><td class=\"column-4\">251<\/td><td class=\"column-5\">397<\/td><td class=\"column-6\">447<\/td><td class=\"column-7\">196<\/td><td class=\"column-8\">30<\/td><td class=\"column-9\">\u03c6150<\/td>\n<\/tr>\n<tr class=\"row-4\">\n\t<td class=\"column-1\">dpt15-45h<\/td><td class=\"column-2\">504<\/td><td class=\"column-3\">352<\/td><td class=\"column-4\">251<\/td><td class=\"column-5\">397<\/td><td class=\"column-6\">447<\/td><td class=\"column-7\">196<\/td><td class=\"column-8\">30<\/td><td class=\"column-9\">\u03c6150<\/td>\n<\/tr>\n<tr class=\"row-5\">\n\t<td class=\"column-1\">DPT20-56H<\/td><td class=\"column-2\">531<\/td><td class=\"column-3\">353<\/td><td class=\"column-4\">251<\/td><td class=\"column-5\">397<\/td><td class=\"column-6\">447<\/td><td class=\"column-7\">246<\/td><td class=\"column-8\">30<\/td><td class=\"column-9\">\u03c6200<\/td>\n<\/tr>\n<tr class=\"row-6\">\n\t<td class=\"column-1\">dpt20-66h<\/td><td class=\"column-2\">531<\/td><td class=\"column-3\">353<\/td><td class=\"column-4\">251<\/td><td class=\"column-5\">397<\/td><td class=\"column-6\">447<\/td><td class=\"column-7\">246<\/td><td class=\"column-8\">30<\/td><td class=\"column-9\">\u03c6200<\/td>\n<\/tr>\n<\/tbody>\n<\/table>\n<!-- #tablepress-30 from cache --><\/div>\n<\/div>\n<div><\/div>\n<div class=\"woocb\"><a class=\"wocb\" href=\"http:\/\/www.beiaole.com\/wp-content\/uploads\/2025\/09\/d3.4.1.pdf\" target=\"_blank\" rel=\"noopener\">formar<\/a><\/div>\n<div><\/div>\n<p><img loading=\"lazy\" decoding=\"async\" class=\"aligncenter wp-image-16553 size-large\" src=\"http:\/\/www.beiaole.com\/wp-content\/uploads\/2025\/08\/s3.4-1024x589.png\" alt=\"Silent Duct Fan-size\" width=\"1024\" height=\"589\" data-no-translation=\"\" \/><br \/>\nDesempenho:<\/p>\n<div class=\"scroll-table-wrapper\">\n<div class=\"scroll-table\">\n<table id=\"tablepress-31\" class=\"tablepress tablepress-id-31\">\n<thead>\n<tr class=\"row-1\">\n\t<th class=\"column-1\">modelo<\/th><th class=\"column-2\">tens\u00e3o(v)<\/th><th class=\"column-3\">Frequ\u00eancia(Hz)<\/th><th class=\"column-4\">equipamento<\/th><th class=\"column-5\">poder (w)<\/th><th class=\"column-6\">Fluxo de ar (m\u00b3\/h)<\/th><th class=\"column-7\">Press\u00e3o est\u00e1tica (PA)<\/th><th class=\"column-8\">Ru\u00eddo (db)<\/th><th class=\"column-9\">Tamanho do duto (mm)<\/th><th class=\"column-10\">\u00c1rea de aplica\u00e7\u00e3o (m\u00b2)<\/th><th class=\"column-11\">n.m(kg)<\/th>\n<\/tr>\n<\/thead>\n<tbody class=\"row-striping row-hover\">\n<tr class=\"row-2\">\n\t<td class=\"column-1\">dpt10-24h<\/td><td class=\"column-2\">220<\/td><td class=\"column-3\">50<\/td><td class=\"column-4\">h\/l<\/td><td class=\"column-5\">48\/38<\/td><td class=\"column-6\">230\/180<\/td><td class=\"column-7\">160<\/td><td class=\"column-8\">25<\/td><td class=\"column-9\">\u03c6100<\/td><td class=\"column-10\">8-15<\/td><td class=\"column-11\">6.5<\/td>\n<\/tr>\n<tr class=\"row-3\">\n\t<td class=\"column-1\">dpt15-34h<\/td><td class=\"column-2\">220<\/td><td class=\"column-3\">50<\/td><td class=\"column-4\">h\/l<\/td><td class=\"column-5\">60\/45<\/td><td class=\"column-6\">350\/250<\/td><td class=\"column-7\">220<\/td><td class=\"column-8\">30<\/td><td class=\"column-9\">\u03c6150<\/td><td class=\"column-10\">20-25<\/td><td class=\"column-11\">8.4<\/td>\n<\/tr>\n<tr class=\"row-4\">\n\t<td class=\"column-1\">dpt15-45h<\/td><td class=\"column-2\">220<\/td><td class=\"column-3\">50<\/td><td class=\"column-4\">h\/l<\/td><td class=\"column-5\">84\/78<\/td><td class=\"column-6\">500\/420<\/td><td class=\"column-7\">260<\/td><td class=\"column-8\">34<\/td><td class=\"column-9\">\u03c6150<\/td><td class=\"column-10\">25-30<\/td><td class=\"column-11\">8.8<\/td>\n<\/tr>\n<tr class=\"row-5\">\n\t<td class=\"column-1\">DPT20-56H<\/td><td class=\"column-2\">220<\/td><td class=\"column-3\">50<\/td><td class=\"column-4\">h\/l<\/td><td class=\"column-5\">104\/80<\/td><td class=\"column-6\">920\/700<\/td><td class=\"column-7\">365<\/td><td class=\"column-8\">38<\/td><td class=\"column-9\">\u03c6200<\/td><td class=\"column-10\">40-47<\/td><td class=\"column-11\">10.5<\/td>\n<\/tr>\n<tr class=\"row-6\">\n\t<td class=\"column-1\">dpt20-66h<\/td><td class=\"column-2\">220<\/td><td class=\"column-3\">50<\/td><td class=\"column-4\">h\/l<\/td><td class=\"column-5\">135\/103<\/td><td class=\"column-6\">1200\/1050<\/td><td class=\"column-7\">410<\/td><td class=\"column-8\">45<\/td><td class=\"column-9\">\u03c6200<\/td><td class=\"column-10\">40-60<\/td><td class=\"column-11\">10.6<\/td>\n<\/tr>\n<\/tbody>\n<\/table>\n<!-- #tablepress-31 from cache --><\/div>\n<\/div>\n<div><\/div>\n<div class=\"woocb\"><a class=\"wocb\" href=\"http:\/\/www.beiaole.com\/wp-content\/uploads\/2025\/09\/d3.4.2.pdf\" target=\"_blank\" rel=\"noopener\">formar<\/a><\/div>\n<div><\/div>\n<p><img loading=\"lazy\" decoding=\"async\" class=\"aligncenter wp-image-17261 size-large\" src=\"http:\/\/www.beiaole.com\/wp-content\/uploads\/2025\/08\/x3.4-1024x334.jpg\" alt=\"Silent Duct Fan-q1\" width=\"1024\" height=\"334\" data-no-translation=\"\" \/><\/p>","protected":false},"excerpt":{"rendered":"<ul>\n<li>\n<h2>Opera\u00e7\u00e3o silenciosa:<\/h2>\n<p>\u202favan\u00e7ado\u202fmotor\u202fe\u202fequilibrado\u202faerodin\u00e2mico\u202fdesign\u202fmaintain\u202fmuito baixo\u202flevns\u202f(25\u202f\u2013\u202fdb)\u202fpara\u202f ambientes de paz.<\/li>\n<li>\n<h2>Motor eficiente de cobre:<\/h2>\n<p>\u202fenergy\u2011saving\u202fall-copper\u202fcore\u202fmotor\u202fcom os rolamentos\u202f de bola para o desempenho, para o desempenho.<\/li>\n<li>\n<h2>For\u00e7a\u202fe\u202fdurabilidade:<\/h2>\n<p>\u202ftoda a moradia de metal\u202fabrasamento\u202f resiste \u00e0 corros\u00e3o e \u00e0 vibra\u00e7\u00e3o por\u202fanos de uso cont\u00ednuo.<\/li>\n<li>\n<h2>Sistema de fluxo de ar suave:<\/h2>\n<p>\u202fintegrado\u202fmotor\u202fe\u202festrutura\u202festrutura\u202freduz a resist\u00eancia\u202fe a vibra\u00e7\u00e3o\u202fpara\u202fdistribui\u00e7\u00e3o at\u00e9 mesmo.<\/li>\n<li>\n<h2>Desempenho poderoso:<\/h2>\n<p>\u202fflow\u202fvaria\u202fde\u202f230\u202f a\u202f1,200\u202fto\u202f1,200\u202fto\u202f1,200\u202fpara\u202fup\u202fpara\u202fpara\u202fpara\u202fpara\u202fpara\u202fpara\u202flongo\u202fpara\u202flongo\u202flong\u202falong\u202fpara\u202flong\u202fpara\u202flongos.<\/li>\n<li>\n<h2>Op\u00e7\u00f5es de dupla velocidade:<\/h2>\n<p>\u202falta\u202f\/\u202fbaixo\u202ffornecendo\u202fcontrole\u202fsobre\u202fventila\u00e7\u00e3o\u202ffor\u00e7a\u202fe\u202fpode.<\/li>\n<li>\n<h2>Compacto\u202fe\u202fflex\u00edvel:<\/h2>\n<p>\u202ffits\u202fduduto\u202fdimension\u202f\u00f8100\u202f\u2013\u202f\u00f8200\u202fmm,\u202fperfeito\u202fpara\u202fresidencial,\u202finstala\u00e7\u00f5es,\u202for\u202findustriais.<\/li>\n<li>\n<h2>Baixa manuten\u00e7\u00e3o:<\/h2>\n<p>\u202fconstru\u00e7\u00e3o robusta\u202fconstru\u00e7\u00e3o\u202fe\u202facess\u00edvel\u202fesignipliming\u202fclaring\u202fe\u202fatendimento.<\/li>\n<\/ul>\n<hr \/>","protected":false},"featured_media":4733,"comment_status":"open","ping_status":"closed","template":"","meta":{"_acf_changed":false},"product_brand":[],"product_cat":[27],"product_tag":[],"class_list":{"0":"post-4720","1":"product","2":"type-product","3":"status-publish","4":"has-post-thumbnail","6":"product_cat-inline-duct-fan","8":"first","9":"instock","10":"taxable","11":"shipping-taxable","12":"purchasable","13":"product-type-variable","14":"has-default-attributes"},"acf":[],"_links":{"self":[{"href":"https:\/\/www.ecvents.com\/pt\/wp-json\/wp\/v2\/product\/4720","targetHints":{"allow":["GET"]}}],"collection":[{"href":"https:\/\/www.ecvents.com\/pt\/wp-json\/wp\/v2\/product"}],"about":[{"href":"https:\/\/www.ecvents.com\/pt\/wp-json\/wp\/v2\/types\/product"}],"replies":[{"embeddable":true,"href":"https:\/\/www.ecvents.com\/pt\/wp-json\/wp\/v2\/comments?post=4720"}],"wp:featuredmedia":[{"embeddable":true,"href":"https:\/\/www.ecvents.com\/pt\/wp-json\/wp\/v2\/media\/4733"}],"wp:attachment":[{"href":"https:\/\/www.ecvents.com\/pt\/wp-json\/wp\/v2\/media?parent=4720"}],"wp:term":[{"taxonomy":"product_brand","embeddable":true,"href":"https:\/\/www.ecvents.com\/pt\/wp-json\/wp\/v2\/product_brand?post=4720"},{"taxonomy":"product_cat","embeddable":true,"href":"https:\/\/www.ecvents.com\/pt\/wp-json\/wp\/v2\/product_cat?post=4720"},{"taxonomy":"product_tag","embeddable":true,"href":"https:\/\/www.ecvents.com\/pt\/wp-json\/wp\/v2\/product_tag?post=4720"}],"curies":[{"name":"wp","href":"https:\/\/api.w.org\/{rel}","templated":true}]}}