{"id":4726,"date":"2026-03-19T06:03:43","date_gmt":"2026-03-19T11:03:43","guid":{"rendered":"https:\/\/www.ecvents.com\/?post_type=product&#038;p=4726"},"modified":"2026-03-19T06:04:31","modified_gmt":"2026-03-19T11:04:31","slug":"1-a-2-ventoinha-em-linha-fina","status":"publish","type":"product","link":"https:\/\/www.ecvents.com\/pt\/product\/1-a-2-ventoinha-em-linha-fina\/","title":{"rendered":"1 a 2 ventoinha em linha fina"},"content":{"rendered":"<div class=\"someee\">\n<h2><strong>For\u00e7a compacta. Opera\u00e7\u00e3o silenciosa. Constru\u00eddo para espa\u00e7os apertados.<\/strong><\/h2>\n<p>o\u00a0<strong>1\u202fa\u202f2\u202feslim\u202finline\u202ffan<\/strong>\u00a0\u00c9 feito para espa\u00e7os onde o fluxo de ar \u00e9 cr\u00edtico, mas cada cent\u00edmetro \u00e9 importante. Com seu perfil esbelto, ele se encaixa sem esfor\u00e7o em tetos, dutos estreitos ou instala\u00e7\u00f5es compactas, enquanto ainda oferece o tipo de fluxo de ar est\u00e1vel e de alta press\u00e3o para manter o ar em movimento uniforme e silenciosamente em corridas longas.<\/p>\n<p>Dentro, um\u00a0<strong>Motor de economia de energia de todos os cobre<\/strong>\u00a0emparelhado com\u00a0<strong>Rolamentos de bola de alta qualidade<\/strong>\u00a0Garante um desempenho suave e de baixa vibra\u00e7\u00e3o sob opera\u00e7\u00e3o cont\u00ednua. O design integrado \u2014 onde o gabinete e o duto de ar formam uma \u00fanica unidade simplificada \u2014 aumentam a estabilidade, reduzem o ru\u00eddo mec\u00e2nico e mant\u00eam o fluxo de ar eficiente em todos os usos.<\/p>\n<p>envolto em\u00a0<strong>A\u00e7o de alta qualidade<\/strong>, a caixa parece s\u00f3lida e constru\u00edda para durar. Resistente \u00e0 ferrugem, impacto e deforma\u00e7\u00e3o, ele resiste ao uso pesado em ambientes exigentes - desde tetos de apartamentos at\u00e9 oficinas ou salas de cultivo. Apesar da constru\u00e7\u00e3o robusta, ele permanece compacto, f\u00e1cil de instalar e excepcionalmente silencioso.<\/p>\n<p>Com v\u00e1rios tamanhos e configura\u00e7\u00f5es de alta\/baixa velocidade, o ventilador de 1 a 2 slim\u202f em linha se encaixa perfeitamente em qualquer rede de ventila\u00e7\u00e3o. Ele pode funcionar como uma solu\u00e7\u00e3o aut\u00f4noma para salas menores ou trabalhar em conjunto com outros ventiladores para sistemas maiores e mais complexos. N\u00e3o importa onde seja colocado, ele funciona silenciosamente - proporcionando um fluxo de ar forte e consistente que mant\u00e9m todos os espa\u00e7os equilibrados e frescos.<\/p>\n<\/div>\n<hr \/>\n<p>Dimens\u00f5es (unidade: mm):<\/p>\n<div class=\"scroll-table-wrapper\">\n<div class=\"scroll-table\">\n<table id=\"tablepress-32\" class=\"tablepress tablepress-id-32\">\n<thead>\n<tr class=\"row-1\">\n\t<th class=\"column-1\">modelo<\/th><th class=\"column-2\">L<\/th><th class=\"column-3\">L1<\/th><th class=\"column-4\">L2<\/th><th class=\"column-5\">W<\/th><th class=\"column-6\">w1<\/th><th class=\"column-7\">H<\/th><th class=\"column-8\">h1<\/th><th class=\"column-9\">D<\/th>\n<\/tr>\n<\/thead>\n<tbody class=\"row-striping row-hover\">\n<tr class=\"row-2\">\n\t<td class=\"column-1\">dpt07-12h(1T2)<\/td><td class=\"column-2\">406<\/td><td class=\"column-3\">300<\/td><td class=\"column-4\">198<\/td><td class=\"column-5\">300<\/td><td class=\"column-6\">340<\/td><td class=\"column-7\">85<\/td><td class=\"column-8\">15<\/td><td class=\"column-9\">\u03c665<\/td>\n<\/tr>\n<tr class=\"row-3\">\n\t<td class=\"column-1\">dpt10-24h(1T2)<\/td><td class=\"column-2\">580<\/td><td class=\"column-3\">403<\/td><td class=\"column-4\">300<\/td><td class=\"column-5\">400<\/td><td class=\"column-6\">437<\/td><td class=\"column-7\">121<\/td><td class=\"column-8\">30<\/td><td class=\"column-9\">\u03c6100<\/td>\n<\/tr>\n<tr class=\"row-4\">\n\t<td class=\"column-1\">dpt15-34h(1T2)<\/td><td class=\"column-2\">551<\/td><td class=\"column-3\">403<\/td><td class=\"column-4\">300<\/td><td class=\"column-5\">400<\/td><td class=\"column-6\">437<\/td><td class=\"column-7\">196<\/td><td class=\"column-8\">30<\/td><td class=\"column-9\">\u03c6150<\/td>\n<\/tr>\n<tr class=\"row-5\">\n\t<td class=\"column-1\">dpt15-45h(1T2)<\/td><td class=\"column-2\">551<\/td><td class=\"column-3\">403<\/td><td class=\"column-4\">300<\/td><td class=\"column-5\">400<\/td><td class=\"column-6\">437<\/td><td class=\"column-7\">196<\/td><td class=\"column-8\">30<\/td><td class=\"column-9\">\u03c6150<\/td>\n<\/tr>\n<\/tbody>\n<\/table>\n<!-- #tablepress-32 from cache --><\/div>\n<\/div>\n<div><\/div>\n<div class=\"woocb\"><a class=\"wocb\" href=\"http:\/\/www.beiaole.com\/wp-content\/uploads\/2025\/09\/d3.5.1.pdf\" target=\"_blank\" rel=\"noopener\">formar<\/a><\/div>\n<div><\/div>\n<p><img loading=\"lazy\" decoding=\"async\" class=\"aligncenter wp-image-16569 size-large\" src=\"http:\/\/www.beiaole.com\/wp-content\/uploads\/2025\/08\/s3.5-1024x489.png\" alt=\"1 to 2 Slim Inline Fan-size\" width=\"1024\" height=\"489\" data-no-translation=\"\" \/><br \/>\nDesempenho:<\/p>\n<div class=\"scroll-table-wrapper\">\n<div class=\"scroll-table\">\n<table id=\"tablepress-33\" class=\"tablepress tablepress-id-33\">\n<thead>\n<tr class=\"row-1\">\n\t<th class=\"column-1\">modelo<\/th><th class=\"column-2\">tens\u00e3o(v)<\/th><th class=\"column-3\">Frequ\u00eancia(Hz)<\/th><th class=\"column-4\">equipamento<\/th><th class=\"column-5\">poder (w)<\/th><th class=\"column-6\">Fluxo de ar (m\u00b3\/h)<\/th><th class=\"column-7\">Press\u00e3o est\u00e1tica (PA)<\/th><th class=\"column-8\">Ru\u00eddo (db)<\/th><th class=\"column-9\">Tamanho do duto (mm)<\/th><th class=\"column-10\">\u00c1rea de aplica\u00e7\u00e3o (m\u00b2)<\/th><th class=\"column-11\">n.m(kg)<\/th>\n<\/tr>\n<\/thead>\n<tbody class=\"row-striping row-hover\">\n<tr class=\"row-2\">\n\t<td class=\"column-1\">dpt07-12h(1T2)<\/td><td class=\"column-2\">220<\/td><td class=\"column-3\">50<\/td><td class=\"column-4\">h\/l<\/td><td class=\"column-5\">25\/18<\/td><td class=\"column-6\">110\/80<\/td><td class=\"column-7\">155<\/td><td class=\"column-8\">20<\/td><td class=\"column-9\">\u03c675<\/td><td class=\"column-10\">5-10<\/td><td class=\"column-11\">5.0<\/td>\n<\/tr>\n<tr class=\"row-3\">\n\t<td class=\"column-1\">dpt10-24h(1T2)<\/td><td class=\"column-2\">220<\/td><td class=\"column-3\">50<\/td><td class=\"column-4\">h\/l<\/td><td class=\"column-5\">48\/38<\/td><td class=\"column-6\">230\/180<\/td><td class=\"column-7\">160<\/td><td class=\"column-8\">25<\/td><td class=\"column-9\">\u03c6100<\/td><td class=\"column-10\">8-15<\/td><td class=\"column-11\">6.5<\/td>\n<\/tr>\n<tr class=\"row-4\">\n\t<td class=\"column-1\">dpt15-34h(1T2)<\/td><td class=\"column-2\">220<\/td><td class=\"column-3\">50<\/td><td class=\"column-4\">h\/l<\/td><td class=\"column-5\">60\/45<\/td><td class=\"column-6\">350\/250<\/td><td class=\"column-7\">220<\/td><td class=\"column-8\">30<\/td><td class=\"column-9\">\u03c6150<\/td><td class=\"column-10\">20-25<\/td><td class=\"column-11\">8.4<\/td>\n<\/tr>\n<tr class=\"row-5\">\n\t<td class=\"column-1\">dpt15-45h(1T2)<\/td><td class=\"column-2\">220<\/td><td class=\"column-3\">50<\/td><td class=\"column-4\">h\/l<\/td><td class=\"column-5\">84\/78<\/td><td class=\"column-6\">500\/420<\/td><td class=\"column-7\">260<\/td><td class=\"column-8\">34<\/td><td class=\"column-9\">\u03c6150<\/td><td class=\"column-10\">25-30<\/td><td class=\"column-11\">8.8<\/td>\n<\/tr>\n<\/tbody>\n<\/table>\n<!-- #tablepress-33 from cache --><\/div>\n<\/div>\n<div><\/div>\n<div class=\"woocb\"><a class=\"wocb\" href=\"http:\/\/www.beiaole.com\/wp-content\/uploads\/2025\/09\/d3.5.2.pdf\" target=\"_blank\" rel=\"noopener\">formar<\/a><\/div>\n<div><\/div>\n<p><img loading=\"lazy\" decoding=\"async\" class=\"aligncenter wp-image-17265 size-large\" src=\"http:\/\/www.beiaole.com\/wp-content\/uploads\/2025\/08\/x3.5-1024x307.jpg\" alt=\"1 to 2 Slim Inline Fan-q1\" width=\"1024\" height=\"307\" data-no-translation=\"\" \/><\/p>","protected":false},"excerpt":{"rendered":"<ul>\n<li>\n<h2>Design Slim\u202fe\u202fCompact\u202f:<\/h2>\n<p>\u202fajustes\u202ffacilmente\u202fem espa\u00e7os\u202fespa\u00e7os\u202fe\u202fe\u202finstala\u00e7\u00f5es\u202f sem sacrificar\u202fpoder\u202for\u202ffluxo.<\/li>\n<li>\n<h2>Motor de cobre de alta efici\u00eancia:<\/h2>\n<p>\u202fenergy\u2011saving\u202fdesign\u202fcorre suavemente e silenciosamente sob o uso cont\u00ednuo.<\/li>\n<li>\n<h2>Estabilidade de rolamento de bolas:<\/h2>\n<p>\u202f Rolamentos de precis\u00e3o de engenharia\u202fgarantgar\u202fgara-opera\u00e7\u00e3o\u202flongor\u202flonga\u202fcom\u202fcom\u202fcom-manuten\u00e7\u00e3o m\u00ednima.<\/li>\n<li>\n<h2>Constru\u00e7\u00e3o dur\u00e1vel para todos os metal:<\/h2>\n<p>\u202fHousey-Duty\u202fHousing\u202fhosing\u202fore resiste\u202fdeforma\u00e7\u00e3o, vibra\u00e7\u00e3o,\u202fecorros\u00e3o\u202fpara\u202fempreens\u00f5es industriais.<\/li>\n<li>\n<h2>Desempenho do ar forte:<\/h2>\n<p>\u202fflow air\u202fde\u202f110\u202f a 500\u202fm\u00b3\/h\u202fe\u202fup\u202fpara\u202f260\u202fpa\u202fpara\u202f de contentamento,\u202flong\u202fdist\u00e2ncia.<\/li>\n<li>\n<h2>Opera\u00e7\u00e3o silenciosa:<\/h2>\n<p>\u202fru\u00eddo\u202flevels\u202fas\u202fas\u202fas\u202f20\u202f\u2013\u202f34\u202fdb\u202fambientes\u202fconfort\u00e1vel\u202fe\u202fdistra\u00e7\u00e3o\u202ffree.<\/li>\n<li>\n<h2>Integra\u00e7\u00e3o flex\u00edvel:<\/h2>\n<p>\u202fopera-se\u202falone\u202fou\u202fem s\u00e9rie\u202fcom o desempenho de v\u00e1rias f\u00e3s para impulsionar a ventila\u00e7\u00e3o.<\/li>\n<li>\n<h2>Uso de baixa energia:<\/h2>\n<p>\u202fconsumo\u202f25\u202f\u2013\u202f84\u202fw, oferecendo\u202ffluxo ar-poderoso\u202f sem desperdi\u00e7ar\u202fel\u00e9trica.<\/li>\n<\/ul>\n<hr \/>","protected":false},"featured_media":4734,"comment_status":"open","ping_status":"closed","template":"","meta":{"_acf_changed":false},"product_brand":[],"product_cat":[27],"product_tag":[],"class_list":{"0":"post-4726","1":"product","2":"type-product","3":"status-publish","4":"has-post-thumbnail","6":"product_cat-inline-duct-fan","8":"first","9":"instock","10":"taxable","11":"shipping-taxable","12":"purchasable","13":"product-type-variable","14":"has-default-attributes"},"acf":[],"_links":{"self":[{"href":"https:\/\/www.ecvents.com\/pt\/wp-json\/wp\/v2\/product\/4726","targetHints":{"allow":["GET"]}}],"collection":[{"href":"https:\/\/www.ecvents.com\/pt\/wp-json\/wp\/v2\/product"}],"about":[{"href":"https:\/\/www.ecvents.com\/pt\/wp-json\/wp\/v2\/types\/product"}],"replies":[{"embeddable":true,"href":"https:\/\/www.ecvents.com\/pt\/wp-json\/wp\/v2\/comments?post=4726"}],"wp:featuredmedia":[{"embeddable":true,"href":"https:\/\/www.ecvents.com\/pt\/wp-json\/wp\/v2\/media\/4734"}],"wp:attachment":[{"href":"https:\/\/www.ecvents.com\/pt\/wp-json\/wp\/v2\/media?parent=4726"}],"wp:term":[{"taxonomy":"product_brand","embeddable":true,"href":"https:\/\/www.ecvents.com\/pt\/wp-json\/wp\/v2\/product_brand?post=4726"},{"taxonomy":"product_cat","embeddable":true,"href":"https:\/\/www.ecvents.com\/pt\/wp-json\/wp\/v2\/product_cat?post=4726"},{"taxonomy":"product_tag","embeddable":true,"href":"https:\/\/www.ecvents.com\/pt\/wp-json\/wp\/v2\/product_tag?post=4726"}],"curies":[{"name":"wp","href":"https:\/\/api.w.org\/{rel}","templated":true}]}}