{"id":4736,"date":"2026-03-19T06:04:07","date_gmt":"2026-03-19T11:04:07","guid":{"rendered":"https:\/\/www.ecvents.com\/?post_type=product&#038;p=4736"},"modified":"2026-03-19T06:04:31","modified_gmt":"2026-03-19T11:04:31","slug":"ventilador-de-caixa-em-linha-2-de-forma-unica","status":"publish","type":"product","link":"https:\/\/www.ecvents.com\/pt\/product\/ventilador-de-caixa-em-linha-2-de-forma-unica\/","title":{"rendered":"Ventilador de caixa em linha \u00fanica de maneira \u00fanica"},"content":{"rendered":"<div class=\"someee\">\n<h2><strong>Fluxo forte. Desempenho est\u00e1vel. Constru\u00eddo para ventila\u00e7\u00e3o cont\u00ednua.<\/strong><\/h2>\n<p>o\u00a0<strong>Caixinha simples\u202fem-inline\u202fcaixa\u202f<\/strong>\u00a0\u00c9 projetado para aqueles que exigem fluxo de ar confi\u00e1vel sem ru\u00eddo ou complexidade. Compacto, dur\u00e1vel e eficiente, fornece ventila\u00e7\u00e3o consistente em sistemas de dutos longos - o tipo de ventilador que voc\u00ea instala uma vez e depois esquece porque continua fazendo seu trabalho.<\/p>\n<p>No centro do sistema est\u00e1 uma\u00a0<strong>Motor de economia de energia de todos os cobre<\/strong>\u00a0emparelhado com\u00a0<strong>Rolamentos de bola de alta qualidade<\/strong>\u00a0Para estabilidade a longo prazo e opera\u00e7\u00e3o ultra-silenciosa. O motor e o duto de ar s\u00e3o projetados como uma unidade aerodin\u00e2mica \u00fanica, permitindo que o ar passe suavemente com resist\u00eancia m\u00ednima. Este design de precis\u00e3o garante um fluxo de ar forte e uma press\u00e3o equilibrada, mantendo o consumo de energia baixo.<\/p>\n<p>Constru\u00eddo a partir de\u00a0<strong>A\u00e7o de alta qualidade<\/strong>, a carca\u00e7a all-metal\u202f d\u00e1 ao ventilador seu peso e confiabilidade s\u00f3lidos. \u00c9 trabalhado como uma concha de uma \u00fanica pe\u00e7a que resiste \u00e0 ferrugem, vibra\u00e7\u00e3o e deforma\u00e7\u00e3o\u202f\u2014\u202fideal para ambientes exigentes como configura\u00e7\u00f5es industriais, oficinas ou sistemas de ventila\u00e7\u00e3o comercial.<\/p>\n<p>O que o torna especialmente vers\u00e1til \u00e9 o seu\u00a0<strong>Dimensionamento e compatibilidade flex\u00edvel<\/strong>. Com m\u00faltiplos\u202fmodelos e capacidades de fluxo de ar, variando de\u202f300 a 4.000\u202fm\u00b3\/h, adapta-se a espa\u00e7os pequenos e grandes, operando como um trabalho aut\u00f4nomo. A instala\u00e7\u00e3o \u00e9 direta, e uma vez, executando, o desempenho de baixo ru\u00eddo, o desempenho e o statedy\u202ffit, o sistema de conten\u00e7\u00e3o, o que \u00e9 o sossego.<\/p>\n<p>For\u00e7a silenciosa, design eficiente e fluxo de ar confi\u00e1vel \u2014 o ventilador Single\u202fway\u202fbox\u202fbox\u202f mant\u00e9m seus sistemas de ar equilibrados e seus espa\u00e7os confort\u00e1veis sem pedir aten\u00e7\u00e3o.<\/p>\n<\/div>\n<hr \/>\n<p>Dimens\u00f5es (unidade: mm):<\/p>\n<div class=\"scroll-table-wrapper\">\n<div class=\"scroll-table\">\n<table id=\"tablepress-34\" class=\"tablepress tablepress-id-34\">\n<thead>\n<tr class=\"row-1\">\n\t<th class=\"column-1\">modelo<\/th><th class=\"column-2\">L<\/th><th class=\"column-3\">L1<\/th><th class=\"column-4\">W<\/th><th class=\"column-5\">w1<\/th><th class=\"column-6\">H<\/th><th class=\"column-7\">h1<\/th><th class=\"column-8\">C<\/th>\n<\/tr>\n<\/thead>\n<tbody class=\"row-striping row-hover\">\n<tr class=\"row-2\">\n\t<td class=\"column-1\">DPT15-40<\/td><td class=\"column-2\">450<\/td><td class=\"column-3\">200<\/td><td class=\"column-4\">310<\/td><td class=\"column-5\">349<\/td><td class=\"column-6\">226<\/td><td class=\"column-7\">30<\/td><td class=\"column-8\">\u03c6150<\/td>\n<\/tr>\n<tr class=\"row-3\">\n\t<td class=\"column-1\">DPT20-70<\/td><td class=\"column-2\">463<\/td><td class=\"column-3\">263<\/td><td class=\"column-4\">325<\/td><td class=\"column-5\">363<\/td><td class=\"column-6\">240<\/td><td class=\"column-7\">126.5<\/td><td class=\"column-8\">\u03c6200<\/td>\n<\/tr>\n<tr class=\"row-4\">\n\t<td class=\"column-1\">DPT20-150<\/td><td class=\"column-2\">513<\/td><td class=\"column-3\">313<\/td><td class=\"column-4\">385<\/td><td class=\"column-5\">423<\/td><td class=\"column-6\">260<\/td><td class=\"column-7\">136.5<\/td><td class=\"column-8\">\u03c6200<\/td>\n<\/tr>\n<tr class=\"row-5\">\n\t<td class=\"column-1\">DPT25-210<\/td><td class=\"column-2\">553<\/td><td class=\"column-3\">353<\/td><td class=\"column-4\">417<\/td><td class=\"column-5\">455<\/td><td class=\"column-6\">300<\/td><td class=\"column-7\">155.5<\/td><td class=\"column-8\">\u03c6250<\/td>\n<\/tr>\n<tr class=\"row-6\">\n\t<td class=\"column-1\">DPT25-260<\/td><td class=\"column-2\">570<\/td><td class=\"column-3\">370<\/td><td class=\"column-4\">442<\/td><td class=\"column-5\">480<\/td><td class=\"column-6\">300<\/td><td class=\"column-7\">155.5<\/td><td class=\"column-8\">\u03c6250<\/td>\n<\/tr>\n<tr class=\"row-7\">\n\t<td class=\"column-1\">DPT25-320<\/td><td class=\"column-2\">615<\/td><td class=\"column-3\">423<\/td><td class=\"column-4\">500<\/td><td class=\"column-5\">538<\/td><td class=\"column-6\">375<\/td><td class=\"column-7\">173.5<\/td><td class=\"column-8\">\u03c6300<\/td>\n<\/tr>\n<\/tbody>\n<\/table>\n<!-- #tablepress-34 from cache --><\/div>\n<\/div>\n<div><\/div>\n<div class=\"woocb\"><a class=\"wocb\" href=\"http:\/\/www.beiaole.com\/wp-content\/uploads\/2025\/08\/d3.6.1.pdf\" target=\"_blank\" rel=\"noopener\">formar<\/a><\/div>\n<div><\/div>\n<p><img loading=\"lazy\" decoding=\"async\" class=\"aligncenter wp-image-16592 size-large\" src=\"http:\/\/www.beiaole.com\/wp-content\/uploads\/2025\/08\/s3.6-1024x475.png\" alt=\"Single Way Inline Box Fan-size\" width=\"1024\" height=\"475\" data-no-translation=\"\" \/><br \/>\nDesempenho:<\/p>\n<div class=\"scroll-table-wrapper\">\n<div class=\"scroll-table\">\n<table id=\"tablepress-35\" class=\"tablepress tablepress-id-35\">\n<thead>\n<tr class=\"row-1\">\n\t<th class=\"column-1\">modelo<\/th><th class=\"column-2\">tens\u00e3o(v)<\/th><th class=\"column-3\">Frequ\u00eancia(Hz)<\/th><th class=\"column-4\">equipamento<\/th><th class=\"column-5\">poder (w)<\/th><th class=\"column-6\">Fluxo de ar (m\u00b3\/h)<\/th><th class=\"column-7\">Press\u00e3o est\u00e1tica (PA)<\/th><th class=\"column-8\">Ru\u00eddo (db)<\/th><th class=\"column-9\">Tamanho do duto (mm)<\/th><th class=\"column-10\">\u00c1rea de aplica\u00e7\u00e3o (m\u00b2)<\/th><th class=\"column-11\">N.W(kg)<\/th>\n<\/tr>\n<\/thead>\n<tbody class=\"row-striping row-hover\">\n<tr class=\"row-2\">\n\t<td class=\"column-1\">DPT15-40<\/td><td class=\"column-2\">220<\/td><td class=\"column-3\">50<\/td><td class=\"column-4\">h\/l<\/td><td class=\"column-5\">53\/70<\/td><td class=\"column-6\">300\/400<\/td><td class=\"column-7\">150-170<\/td><td class=\"column-8\">40<\/td><td class=\"column-9\">\u03c6150<\/td><td class=\"column-10\">20-25<\/td><td class=\"column-11\">7.5<\/td>\n<\/tr>\n<tr class=\"row-3\">\n\t<td class=\"column-1\">DPT20-70<\/td><td class=\"column-2\">220<\/td><td class=\"column-3\">50<\/td><td class=\"column-4\">h\/l<\/td><td class=\"column-5\">110\/95<\/td><td class=\"column-6\">500\/700<\/td><td class=\"column-7\">180\/160<\/td><td class=\"column-8\">45<\/td><td class=\"column-9\">\u03c6200<\/td><td class=\"column-10\">30-35<\/td><td class=\"column-11\">8.5<\/td>\n<\/tr>\n<tr class=\"row-4\">\n\t<td class=\"column-1\">DPT20-150<\/td><td class=\"column-2\">220<\/td><td class=\"column-3\">50<\/td><td class=\"column-4\">h\/l<\/td><td class=\"column-5\">160\/120<\/td><td class=\"column-6\">1200\/1500<\/td><td class=\"column-7\">350\/320<\/td><td class=\"column-8\">48<\/td><td class=\"column-9\">\u03c6200<\/td><td class=\"column-10\">60-80<\/td><td class=\"column-11\">15.5<\/td>\n<\/tr>\n<tr class=\"row-5\">\n\t<td class=\"column-1\">DPT25-210<\/td><td class=\"column-2\">220<\/td><td class=\"column-3\">50<\/td><td class=\"column-4\">h\/l<\/td><td class=\"column-5\">240\/150<\/td><td class=\"column-6\">1700\/2100<\/td><td class=\"column-7\">400\/370<\/td><td class=\"column-8\">50<\/td><td class=\"column-9\">\u03c6250<\/td><td class=\"column-10\">85-120<\/td><td class=\"column-11\">19.0<\/td>\n<\/tr>\n<tr class=\"row-6\">\n\t<td class=\"column-1\">DPT25-260<\/td><td class=\"column-2\">220<\/td><td class=\"column-3\">50<\/td><td class=\"column-4\">h\/l<\/td><td class=\"column-5\">300\/200<\/td><td class=\"column-6\">2300\/2600<\/td><td class=\"column-7\">450\/420<\/td><td class=\"column-8\">55<\/td><td class=\"column-9\">\u03c6250<\/td><td class=\"column-10\">150-210<\/td><td class=\"column-11\">20.0<\/td>\n<\/tr>\n<tr class=\"row-7\">\n\t<td class=\"column-1\">DPT30-320<\/td><td class=\"column-2\">220<\/td><td class=\"column-3\">50<\/td><td class=\"column-4\">h\/l<\/td><td class=\"column-5\">350\/450<\/td><td class=\"column-6\">2800\/3200<\/td><td class=\"column-7\">500\/530<\/td><td class=\"column-8\">62<\/td><td class=\"column-9\">\u03c6300<\/td><td class=\"column-10\">240-270<\/td><td class=\"column-11\">22.0<\/td>\n<\/tr>\n<tr class=\"row-8\">\n\t<td class=\"column-1\">DPT30-400<\/td><td class=\"column-2\">220<\/td><td class=\"column-3\">50<\/td><td class=\"column-4\">h\/l<\/td><td class=\"column-5\">510\/457<\/td><td class=\"column-6\">4000\/3600<\/td><td class=\"column-7\">560\/530<\/td><td class=\"column-8\">66<\/td><td class=\"column-9\">\u03c6300<\/td><td class=\"column-10\">300-270<\/td><td class=\"column-11\">25.0<\/td>\n<\/tr>\n<\/tbody>\n<\/table>\n<!-- #tablepress-35 from cache --><\/div>\n<\/div>\n<div><\/div>\n<div class=\"woocb\"><a class=\"wocb\" href=\"http:\/\/www.beiaole.com\/wp-content\/uploads\/2025\/08\/d3.6.2.pdf\" target=\"_blank\" rel=\"noopener\">formar<\/a><\/div>\n<div><\/div>\n<p><img loading=\"lazy\" decoding=\"async\" class=\"aligncenter wp-image-17269 size-large\" src=\"http:\/\/www.beiaole.com\/wp-content\/uploads\/2025\/08\/x3.6-1024x298.jpg\" alt=\"Single Way Inline Box Fan-q1\" width=\"1024\" height=\"298\" data-no-translation=\"\" \/><\/p>","protected":false},"excerpt":{"rendered":"<ul>\n<li>\n<h2>Motor eficiente de cobre:<\/h2>\n<p>\u202fenergy\u2011saving\u202fmotor\u202fcom\u202fbolar\u202ffornece-performance\u202fe baixo desempenho e opera\u00e7\u00e3o\u202f de baixo.<\/li>\n<li>\n<h2>Alojamento em todos os metal<\/h2>\n<p>\u202f de constru\u00e7\u00e3o de um \u00fanico studio, resiste \u00e0 corros\u00e3o e \u00e0 vibra\u00e7\u00e3o, por uma confiabilidade industrial longa.<\/li>\n<li>\n<h2>Fluxo de ar de alta press\u00e3o:<\/h2>\n<p>\u202fgera\u202fest\u00e1tico\u202fpress\u00e3o\u202fup\u202fto\u202f560\u202fpa\u202fpara\u202fventila\u00e7\u00e3o eficaz\u202fathrom\u202flong\u202fduct.<\/li>\n<li>\n<h2>Opera\u00e7\u00e3o silenciosa:<\/h2>\n<p>\u202fotimizado\u202fcanal\u202fdesign\u202fdesign reduz o ru\u00eddo\u202fto\u202fa como\u202faos\u202fa como\u202fa como\u202facomo\u202fa de como\u202fa-dependente de 40\u202f\u2013\u202f66\u202fdb,\u202fdependente\u202fon\u202fmodelo\u202f.<\/li>\n<li>\n<h2>Desempenho flex\u00edvel:<\/h2>\n<p>\u202fTwo-Speed\u202fControl\u202f(alto\u202f\/\u202fbaixo)\u202fequil\u00edbrios\u202fpoder\u202fe\u202fefici\u00eancia\u202fpara\u202fdiferentes\u202ffluxos.<\/li>\n<li>\n<h2>Sa\u00edda de ar forte:<\/h2>\n<p>\u202fentrega\u202f entre\u202f300\u202f e\u202f4.000\u202fm\u00b3\/h\u202fpara\u202fup\u202fpara\u202f270\u202fm\u00b2,\u202fcovery\u202fresidential\u202fpara\u202faplicativos.<\/li>\n<li>\n<h2>F\u00e1cil, instala\u00e7\u00e3o e manuten\u00e7\u00e3o:<\/h2>\n<p>\u202fcompacto\u202fcorpo\u202fe\u202facess\u00edvel\u202fdesign, simplificar\u202fsetup\u202fe\u202flimpeza\u202fpara\u202fqualquer sistema de ventila\u00e7\u00e3o.<\/li>\n<li>\n<h2>Durabilidade de longa vida:<\/h2>\n<p>\u202fprojetado\u202fpara\u202fuso\u202futilizar\u202fcom\u202fcom\u202fopera\u00e7\u00e3o est\u00e1vel\u202fe\u202fem-preso\u202fminimal\u202fem tempo m\u00ednimo.<\/li>\n<\/ul>\n<hr \/>","protected":false},"featured_media":4763,"comment_status":"open","ping_status":"closed","template":"","meta":{"_acf_changed":false},"product_brand":[],"product_cat":[27],"product_tag":[],"class_list":{"0":"post-4736","1":"product","2":"type-product","3":"status-publish","4":"has-post-thumbnail","6":"product_cat-inline-duct-fan","8":"first","9":"outofstock","10":"taxable","11":"shipping-taxable","12":"purchasable","13":"product-type-variable"},"acf":[],"_links":{"self":[{"href":"https:\/\/www.ecvents.com\/pt\/wp-json\/wp\/v2\/product\/4736","targetHints":{"allow":["GET"]}}],"collection":[{"href":"https:\/\/www.ecvents.com\/pt\/wp-json\/wp\/v2\/product"}],"about":[{"href":"https:\/\/www.ecvents.com\/pt\/wp-json\/wp\/v2\/types\/product"}],"replies":[{"embeddable":true,"href":"https:\/\/www.ecvents.com\/pt\/wp-json\/wp\/v2\/comments?post=4736"}],"wp:featuredmedia":[{"embeddable":true,"href":"https:\/\/www.ecvents.com\/pt\/wp-json\/wp\/v2\/media\/4763"}],"wp:attachment":[{"href":"https:\/\/www.ecvents.com\/pt\/wp-json\/wp\/v2\/media?parent=4736"}],"wp:term":[{"taxonomy":"product_brand","embeddable":true,"href":"https:\/\/www.ecvents.com\/pt\/wp-json\/wp\/v2\/product_brand?post=4736"},{"taxonomy":"product_cat","embeddable":true,"href":"https:\/\/www.ecvents.com\/pt\/wp-json\/wp\/v2\/product_cat?post=4736"},{"taxonomy":"product_tag","embeddable":true,"href":"https:\/\/www.ecvents.com\/pt\/wp-json\/wp\/v2\/product_tag?post=4736"}],"curies":[{"name":"wp","href":"https:\/\/api.w.org\/{rel}","templated":true}]}}