{"id":4743,"date":"2026-03-19T06:04:08","date_gmt":"2026-03-19T11:04:08","guid":{"rendered":"https:\/\/www.ecvents.com\/?post_type=product&#038;p=4743"},"modified":"2026-03-19T06:04:59","modified_gmt":"2026-03-19T11:04:59","slug":"ventilador-em-linha-centrifuga-redonda-de-metal","status":"publish","type":"product","link":"https:\/\/www.ecvents.com\/pt\/product\/ventilador-em-linha-centrifuga-redonda-de-metal\/","title":{"rendered":"Ventilador em linha centr\u00edfuga redonda de metal"},"content":{"rendered":"<div class=\"someee\">\n<h2><strong>Constru\u00e7\u00e3o s\u00f3lida. press\u00e3o constante. Constru\u00eddo para confiabilidade a longo prazo.<\/strong><\/h2>\n<p>o\u00a0<strong>Metal\u202fround\u202fcentrifuga\u202femline\u202ffan<\/strong>\u00a0Foi projetado para um prop\u00f3sito simples, para manter o ar em movimento suave, silenciosa e poderosamente dia ap\u00f3s dia. \u00c9 o tipo de m\u00e1quina confi\u00e1vel que voc\u00ea instala uma vez, confia completamente e raramente pensa novamente.<\/p>\n<p>Em sua ess\u00eancia, senta-se um\u00a0<strong>Motor de economia de energia de todos os cobre<\/strong>, projetado para resist\u00eancia e efici\u00eancia. combinado com\u00a0<strong>Rolamentos de bola de alta qualidade<\/strong>, ele funciona com vibra\u00e7\u00e3o ou ru\u00eddo m\u00ednimo \u2013 oferecendo desempenho confi\u00e1vel ao longo de anos de uso cont\u00ednuo. O equil\u00edbrio e a durabilidade do motor fazem dele o cora\u00e7\u00e3o silencioso e est\u00e1vel de ventila\u00e7\u00e3o confi\u00e1vel.<\/p>\n<p>A for\u00e7a do ventilador vem de seu\u00a0<strong>Constru\u00e7\u00e3o de todo o metal<\/strong>, trabalhada em a\u00e7o grosso para rigidez e prote\u00e7\u00e3o. A carca\u00e7a sem costura resiste \u00e0 corros\u00e3o, dobra e deforma\u00e7\u00e3o, tornando-a perfeitamente adequada para estufas, oficinas, por\u00f5es ou ambientes de f\u00e1brica onde a umidade e a press\u00e3o s\u00e3o desafios constantes. Depois de instalado, ele permanece parado, operando sem problemas, sem a necessidade de ajustes.<\/p>\n<p>Compacto na forma, mas forte no desempenho, o\u00a0<strong>Impulsor centr\u00edfugo<\/strong>\u00a0O design fornece alta press\u00e3o e fluxo de ar de longa dist\u00e2ncia, ideal para aplica\u00e7\u00f5es dutadas que exigem desempenho consistente. Com v\u00e1rios tamanhos dispon\u00edveis de\u202f100\u202fmm\u202f a\u202f315\u202fmm, ele se integra facilmente, seja usado como uma unidade aut\u00f4noma ou emparelhado com outros ventiladores para maior alcance ou maior volume de ar.<\/p>\n<p>Confi\u00e1vel, eficiente em termos de energia e de opera\u00e7\u00e3o silenciosa, o metal, round\u202fcentr\u00edfuga, o fan\u202fem se compromete demais, apenas oferece um fluxo de ar constante, onde \u00e9 necess\u00e1rio.<\/p>\n<\/div>\n<hr \/>\n<p>Dimens\u00f5es (unidade: mm):<\/p>\n<div class=\"scroll-table-wrapper\">\n<div class=\"scroll-table\">\n<table id=\"tablepress-36\" class=\"tablepress tablepress-id-36\">\n<thead>\n<tr class=\"row-1\">\n\t<th class=\"column-1\">modelo<\/th><th class=\"column-2\">a<\/th><th class=\"column-3\">b<\/th><th class=\"column-4\">c<\/th><th class=\"column-5\">\u00d8D<\/th>\n<\/tr>\n<\/thead>\n<tbody class=\"row-striping row-hover\">\n<tr class=\"row-2\">\n\t<td class=\"column-1\">djt10-25b<\/td><td class=\"column-2\">195<\/td><td class=\"column-3\">30<\/td><td class=\"column-4\">237<\/td><td class=\"column-5\">98<\/td>\n<\/tr>\n<tr class=\"row-3\">\n\t<td class=\"column-1\">djt12-35b<\/td><td class=\"column-2\">196<\/td><td class=\"column-3\">30<\/td><td class=\"column-4\">237<\/td><td class=\"column-5\">123<\/td>\n<\/tr>\n<tr class=\"row-4\">\n\t<td class=\"column-1\">DJT15-45B<\/td><td class=\"column-2\">238<\/td><td class=\"column-3\">30<\/td><td class=\"column-4\">326<\/td><td class=\"column-5\">148<\/td>\n<\/tr>\n<tr class=\"row-5\">\n\t<td class=\"column-1\">djt16-45b<\/td><td class=\"column-2\">240<\/td><td class=\"column-3\">30<\/td><td class=\"column-4\">326<\/td><td class=\"column-5\">158<\/td>\n<\/tr>\n<tr class=\"row-6\">\n\t<td class=\"column-1\">djt20-46b<\/td><td class=\"column-2\">224<\/td><td class=\"column-3\">30<\/td><td class=\"column-4\">326<\/td><td class=\"column-5\">198<\/td>\n<\/tr>\n<tr class=\"row-7\">\n\t<td class=\"column-1\">djt25-66b<\/td><td class=\"column-2\">224<\/td><td class=\"column-3\">30<\/td><td class=\"column-4\">326<\/td><td class=\"column-5\">248<\/td>\n<\/tr>\n<tr class=\"row-8\">\n\t<td class=\"column-1\">djt31 -66b<\/td><td class=\"column-2\">240<\/td><td class=\"column-3\">30<\/td><td class=\"column-4\">396<\/td><td class=\"column-5\">313<\/td>\n<\/tr>\n<\/tbody>\n<\/table>\n<\/div>\n<\/div>\n<div><\/div>\n<div class=\"woocb\"><a class=\"wocb\" href=\"http:\/\/www.beiaole.com\/wp-content\/uploads\/2025\/08\/d3.7.1.pdf\" target=\"_blank\" rel=\"noopener\">formar<\/a><\/div>\n<div><\/div>\n<p><img loading=\"lazy\" decoding=\"async\" class=\"aligncenter wp-image-16614 size-large\" src=\"http:\/\/www.beiaole.com\/wp-content\/uploads\/2025\/08\/s3.7-1024x965.png\" alt=\"Metal Round Centrifugal Inline Fan-size\" width=\"1024\" height=\"965\" data-no-translation=\"\" \/><br \/>\nDesempenho:<\/p>\n<div class=\"scroll-table-wrapper\">\n<div class=\"scroll-table\">\n<table id=\"tablepress-37\" class=\"tablepress tablepress-id-37\">\n<thead>\n<tr class=\"row-1\">\n\t<th class=\"column-1\">modelo<\/th><th class=\"column-2\">tens\u00e3o(v)<\/th><th class=\"column-3\">Frequ\u00eancia(Hz)<\/th><th class=\"column-4\">Fluxo de ar (m\u00b3\/h)<\/th><th class=\"column-5\">poder (w)<\/th><th class=\"column-6\">Press\u00e3o est\u00e1tica (PA)<\/th><th class=\"column-7\">Ru\u00eddo (db)<\/th><th class=\"column-8\">Tamanho do duto (mm)<\/th><th class=\"column-9\">\u00c1rea de aplica\u00e7\u00e3o (m\u00b2)<\/th><th class=\"column-10\">Tamanho da embalagem (cm)<\/th><th class=\"column-11\">Peso da embalagem (kg)<\/th>\n<\/tr>\n<\/thead>\n<tbody class=\"row-striping row-hover\">\n<tr class=\"row-2\">\n\t<td class=\"column-1\">djt10-25b<\/td><td class=\"column-2\">220~240<\/td><td class=\"column-3\">50<\/td><td class=\"column-4\">300<\/td><td class=\"column-5\">61<\/td><td class=\"column-6\">377<\/td><td class=\"column-7\">62<\/td><td class=\"column-8\">\u00d8100<\/td><td class=\"column-9\">12-16<\/td><td class=\"column-10\">31*31*25<\/td><td class=\"column-11\">3.5<\/td>\n<\/tr>\n<tr class=\"row-3\">\n\t<td class=\"column-1\">djt12-35b<\/td><td class=\"column-2\">220~240<\/td><td class=\"column-3\">50<\/td><td class=\"column-4\">385<\/td><td class=\"column-5\">62<\/td><td class=\"column-6\">339<\/td><td class=\"column-7\">61<\/td><td class=\"column-8\">\u00d8125<\/td><td class=\"column-9\">16-21<\/td><td class=\"column-10\">31*31*25<\/td><td class=\"column-11\">3.5<\/td>\n<\/tr>\n<tr class=\"row-4\">\n\t<td class=\"column-1\">DJT15-45B<\/td><td class=\"column-2\">220~240<\/td><td class=\"column-3\">50<\/td><td class=\"column-4\">700<\/td><td class=\"column-5\">88<\/td><td class=\"column-6\">399<\/td><td class=\"column-7\">66<\/td><td class=\"column-8\">\u00d8150<\/td><td class=\"column-9\">29-38<\/td><td class=\"column-10\">40*40*29<\/td><td class=\"column-11\">5<\/td>\n<\/tr>\n<tr class=\"row-5\">\n\t<td class=\"column-1\">djt16-45b<\/td><td class=\"column-2\">220~240<\/td><td class=\"column-3\">50<\/td><td class=\"column-4\">760<\/td><td class=\"column-5\">91<\/td><td class=\"column-6\">352<\/td><td class=\"column-7\">67<\/td><td class=\"column-8\">\u00d8160<\/td><td class=\"column-9\">31-42<\/td><td class=\"column-10\">40*40*29<\/td><td class=\"column-11\">5<\/td>\n<\/tr>\n<tr class=\"row-6\">\n\t<td class=\"column-1\">djt20-46b<\/td><td class=\"column-2\">220~240<\/td><td class=\"column-3\">50<\/td><td class=\"column-4\">1165<\/td><td class=\"column-5\">168<\/td><td class=\"column-6\">594<\/td><td class=\"column-7\">70<\/td><td class=\"column-8\">\u00d8200<\/td><td class=\"column-9\">48-64<\/td><td class=\"column-10\">40*40*29<\/td><td class=\"column-11\">5.8<\/td>\n<\/tr>\n<tr class=\"row-7\">\n\t<td class=\"column-1\">djt25-66b<\/td><td class=\"column-2\">220~240<\/td><td class=\"column-3\">50<\/td><td class=\"column-4\">1255<\/td><td class=\"column-5\">185<\/td><td class=\"column-6\">596<\/td><td class=\"column-7\">70<\/td><td class=\"column-8\">\u00d8250<\/td><td class=\"column-9\">52-69<\/td><td class=\"column-10\">40*40*29<\/td><td class=\"column-11\">5.9<\/td>\n<\/tr>\n<tr class=\"row-8\">\n\t<td class=\"column-1\">djt31 -66b<\/td><td class=\"column-2\">220~240<\/td><td class=\"column-3\">50<\/td><td class=\"column-4\">1740<\/td><td class=\"column-5\">223<\/td><td class=\"column-6\">720<\/td><td class=\"column-7\">76<\/td><td class=\"column-8\">\u00d8315<\/td><td class=\"column-9\">72-96<\/td><td class=\"column-10\">46*43.5*32<\/td><td class=\"column-11\">7<\/td>\n<\/tr>\n<\/tbody>\n<\/table>\n<\/div>\n<\/div>\n<div><\/div>\n<div class=\"woocb\"><a class=\"wocb\" href=\"http:\/\/www.beiaole.com\/wp-content\/uploads\/2025\/08\/d3.7.2.pdf\" target=\"_blank\" rel=\"noopener\">formar<\/a><\/div>\n<div><\/div>\n<p><img loading=\"lazy\" decoding=\"async\" class=\"aligncenter wp-image-17276 size-large\" src=\"http:\/\/www.beiaole.com\/wp-content\/uploads\/2025\/08\/x3.7.1-1024x222.jpg\" alt=\"Metal Round Centrifugal Inline Fan-q1\" width=\"1024\" height=\"222\" data-no-translation=\"\" \/><br \/>\n<img loading=\"lazy\" decoding=\"async\" class=\"aligncenter wp-image-17277 size-large\" src=\"http:\/\/www.beiaole.com\/wp-content\/uploads\/2025\/08\/x3.7.2-1024x215.jpg\" alt=\"Metal Round Centrifugal Inline Fan-q2\" width=\"1024\" height=\"215\" data-no-translation=\"\" \/><\/p>","protected":false},"excerpt":{"rendered":"<ul>\n<li>\n<h2>Constru\u00e7\u00e3o dur\u00e1vel para todos os metal:<\/h2>\n<p>\u202fde alta-pesada\u202fhosing\u202fresiste\u202fferrugem\u202fe\u202fdeforma\u00e7\u00e3o\u202fpara uso industrial longo.<\/li>\n<li>\n<h2>Motor de cobre de economia de energia:<\/h2>\n<p>\u202falta efici\u00eancia\u202fmotor\u202fcom\u202fportal\u202fcorrendo suavemente\u202fe\u202fem sil\u00eancio enquanto reduz o consumo de poder.<\/li>\n<li>\n<h2>Sistema de fluxo de ar centr\u00edfugo:<\/h2>\n<p>\u202fforte\u202fstatic\u202fpressure\u202f(377\u202f\u2013\u202f720\u202fpa)\u202fgarantrevis\u00f5es\u202fefic\u00e1cia\u202fa\u00e9rea\u202fatrav\u00e9s\u202flong.<\/li>\n<li>\n<h2>Desempenho silencioso:<\/h2>\n<p>\u202fbaixo\u202fuse\u202foutput\u202f(61\u202f\u2013\u202f76\u202fdb)\u202fequil\u00edbrios\u202fpoder\u202fcom o conforto ac\u00fastico\u202ffor\u202ftrabalho\u202for\u202f\u202fresidential.<\/li>\n<li>\n<h2>Opera\u00e7\u00e3o est\u00e1vel:<\/h2>\n<p>\u202f sem costura\u202fshell\u202fe equilibrado\u202fimpeller\u202fminimizar\u202f resson\u00e2ncia\u202fe\u202fextender\u202fvida.<\/li>\n<li>\n<h2>Tamanho Compacto,\u202falta\u202fOutput:<\/h2>\n<p>\u202fflow\u202fvariar\u202fvaria\u202f300\u202fa\u202f1.740\u202fpara\u202f1.740\u202f1.740\u202f1.740\u202fm\u00b3\/h\u202fpequenos quartos a expandir-se industrialmente.<\/li>\n<li>\n<h2>Integra\u00e7\u00e3o flex\u00edvel:<\/h2>\n<p>\u202fdispon\u00edvel\u202f no-duto\u202fdimensions\u202f\u00f8100\u202f\u2013\u202f\u00f8315\u202fmm\u202fuse um sistema de apoio como\u202fa\u202falone\u202for\u202fsalego.<\/li>\n<li>\n<h2>F\u00e1cil, instala\u00e7\u00e3o e manuten\u00e7\u00e3o:<\/h2>\n<p>\u202f Simples\u202fmontar\u202fe\u202facess\u00edvel\u202fhosing\u202fpara limpeza\u202fe\u202finspe\u00e7\u00e3o.<\/li>\n<\/ul>\n<hr \/>","protected":false},"featured_media":4764,"comment_status":"open","ping_status":"closed","template":"","meta":{"_acf_changed":false},"product_brand":[],"product_cat":[27],"product_tag":[],"class_list":{"0":"post-4743","1":"product","2":"type-product","3":"status-publish","4":"has-post-thumbnail","6":"product_cat-inline-duct-fan","8":"first","9":"instock","10":"taxable","11":"shipping-taxable","12":"purchasable","13":"product-type-variable","14":"has-default-attributes"},"acf":[],"_links":{"self":[{"href":"https:\/\/www.ecvents.com\/pt\/wp-json\/wp\/v2\/product\/4743","targetHints":{"allow":["GET"]}}],"collection":[{"href":"https:\/\/www.ecvents.com\/pt\/wp-json\/wp\/v2\/product"}],"about":[{"href":"https:\/\/www.ecvents.com\/pt\/wp-json\/wp\/v2\/types\/product"}],"replies":[{"embeddable":true,"href":"https:\/\/www.ecvents.com\/pt\/wp-json\/wp\/v2\/comments?post=4743"}],"wp:featuredmedia":[{"embeddable":true,"href":"https:\/\/www.ecvents.com\/pt\/wp-json\/wp\/v2\/media\/4764"}],"wp:attachment":[{"href":"https:\/\/www.ecvents.com\/pt\/wp-json\/wp\/v2\/media?parent=4743"}],"wp:term":[{"taxonomy":"product_brand","embeddable":true,"href":"https:\/\/www.ecvents.com\/pt\/wp-json\/wp\/v2\/product_brand?post=4743"},{"taxonomy":"product_cat","embeddable":true,"href":"https:\/\/www.ecvents.com\/pt\/wp-json\/wp\/v2\/product_cat?post=4743"},{"taxonomy":"product_tag","embeddable":true,"href":"https:\/\/www.ecvents.com\/pt\/wp-json\/wp\/v2\/product_tag?post=4743"}],"curies":[{"name":"wp","href":"https:\/\/api.w.org\/{rel}","templated":true}]}}