{"id":4744,"date":"2026-03-19T06:04:08","date_gmt":"2026-03-19T11:04:08","guid":{"rendered":"https:\/\/www.ecvents.com\/?post_type=product&#038;p=4744"},"modified":"2026-03-19T06:04:31","modified_gmt":"2026-03-19T11:04:31","slug":"ventilador-em-linha-de-fluxo-misto","status":"publish","type":"product","link":"https:\/\/www.ecvents.com\/pt\/product\/ventilador-em-linha-de-fluxo-misto\/","title":{"rendered":"Ventilador em linha de fluxo misto"},"content":{"rendered":"<div class=\"someee\">\n<h2><strong>Fluxo forte. Estabilidade silenciosa. Constru\u00eddo para o movimento cont\u00ednuo do ar.<\/strong><\/h2>\n<p>o\u00a0<strong>Flow Misto\u202fFlow\u202fInline\u202fFan<\/strong>\u00a0\u00c9 o tipo de equipamento que voc\u00ea instala uma vez e quase n\u00e3o pensa novamente \u2013 n\u00e3o porque seja comum, mas porque simplesmente funciona. Dia ap\u00f3s dia, mant\u00e9m o ar circulando de forma silenciosa e eficiente atrav\u00e9s de dutos longos, mantendo uma ventila\u00e7\u00e3o equilibrada onde for necess\u00e1rio.<\/p>\n<p>Em sua ess\u00eancia, est\u00e1 um\u00a0<strong>Motor de economia de energia de todos os cobre<\/strong>\u00a0por\u00a0<strong>Rolamentos de bola de alta qualidade<\/strong>, projetado para uma confiabilidade suave e silenciosa em anos de opera\u00e7\u00e3o cont\u00ednua. O alojamento integrado do motor e a estrutura do duto de ar garantem que o ar se mova perfeitamente sem turbul\u00eancia, vibra\u00e7\u00e3o ou ru\u00eddo extra - permitindo uma press\u00e3o consistente e um fluxo forte mesmo em dist\u00e2ncias prolongadas.<\/p>\n<p>Constru\u00eddo para resist\u00eancia, sua\u00a0<strong>Corpo todo de metal<\/strong>\u00a0\u00c9 feito de a\u00e7o feito de precis\u00e3o, que se mant\u00e9m r\u00edgido e sem ferrugem, mesmo em condi\u00e7\u00f5es dif\u00edceis. o\u00a0<strong>Design compacto, misturado<\/strong>\u00a0Mescla os pontos fortes do fluxo de ar axial e centr\u00edfugo: alta press\u00e3o, entrega de longa dist\u00e2ncia e baixo ru\u00eddo em uma \u00fanica forma simplificada.<\/p>\n<p>Flex\u00edvel em uso e instala\u00e7\u00e3o, o FAN de fluxo misto\u202fembutido se encaixa em tudo, desde resid\u00eancias e escrit\u00f3rios at\u00e9 salas de cultivo, oficinas e sistemas industriais. V\u00e1rios tamanhos de modelo permitem que voc\u00ea encontre a combina\u00e7\u00e3o perfeita para a configura\u00e7\u00e3o do duto \u2013 ou at\u00e9 mesmo combine unidades para maior alcance e desempenho.<\/p>\n<p>Confi\u00e1vel, silencioso e eficiente, este ventilador funciona fielmente nos bastidores - mantendo o ar limpo, o seu sistema eficiente e o ambiente equilibrado sem problemas ou manuten\u00e7\u00e3o.<\/p>\n<\/div>\n<hr \/>\n<p>Dimens\u00f5es (unidade: mm):<\/p>\n<div class=\"scroll-table-wrapper\">\n<div class=\"scroll-table\">\n<table id=\"tablepress-48\" class=\"tablepress tablepress-id-48\">\n<thead>\n<tr class=\"row-1\">\n\t<th class=\"column-1\">modelo<\/th><th class=\"column-2\">L<\/th><th class=\"column-3\">W<\/th><th class=\"column-4\">H<\/th><th class=\"column-5\">E<\/th>\n<\/tr>\n<\/thead>\n<tbody class=\"row-striping row-hover\">\n<tr class=\"row-2\">\n\t<td class=\"column-1\">DPT-100P<\/td><td class=\"column-2\">257<\/td><td class=\"column-3\">180<\/td><td class=\"column-4\">215<\/td><td class=\"column-5\">\u03c699<\/td>\n<\/tr>\n<tr class=\"row-3\">\n\t<td class=\"column-1\">DPT-150P<\/td><td class=\"column-2\">302<\/td><td class=\"column-3\">210<\/td><td class=\"column-4\">245<\/td><td class=\"column-5\">\u03c6148<\/td>\n<\/tr>\n<tr class=\"row-4\">\n\t<td class=\"column-1\">DPT-200P<\/td><td class=\"column-2\">302<\/td><td class=\"column-3\">230<\/td><td class=\"column-4\">270<\/td><td class=\"column-5\">\u03c6198<\/td>\n<\/tr>\n<tr class=\"row-5\">\n\t<td class=\"column-1\">DPT-250P<\/td><td class=\"column-2\">390<\/td><td class=\"column-3\">280<\/td><td class=\"column-4\">310<\/td><td class=\"column-5\">\u03c6248<\/td>\n<\/tr>\n<tr class=\"row-6\">\n\t<td class=\"column-1\">DPT-315P<\/td><td class=\"column-2\">450<\/td><td class=\"column-3\">320<\/td><td class=\"column-4\">413<\/td><td class=\"column-5\">\u03c6313<\/td>\n<\/tr>\n<\/tbody>\n<\/table>\n<!-- #tablepress-48 from cache --><\/div>\n<\/div>\n<div><\/div>\n<div class=\"woocb\"><a class=\"wocb\" href=\"http:\/\/www.beiaole.com\/wp-content\/uploads\/2025\/09\/d3.13.1.pdf\" target=\"_blank\" rel=\"noopener\">formar<\/a><\/div>\n<div><\/div>\n<p>&nbsp;<\/p>\n<p>Desempenho:<\/p>\n<div class=\"scroll-table-wrapper\">\n<div class=\"scroll-table\">\n<table id=\"tablepress-49\" class=\"tablepress tablepress-id-49 tbody-has-connected-cells\">\n<thead>\n<tr class=\"row-1\">\n\t<th class=\"column-1\">modelo<\/th><th class=\"column-2\">tens\u00e3o(v)<\/th><th class=\"column-3\">Frequ\u00eancia(Hz)<\/th><th class=\"column-4\">equipamento<\/th><th class=\"column-5\">poder (w)<\/th><th class=\"column-6\">Fluxo de ar (m\u00b3\/h)<\/th><th class=\"column-7\">Press\u00e3o est\u00e1tica (PA)<\/th><th class=\"column-8\">Velocidade (rpm)<\/th><th class=\"column-9\">Ru\u00eddo (db)<\/th><th class=\"column-10\">N.W(kg)<\/th><th class=\"column-11\">Tamanho do duto (mm)<\/th><th class=\"column-12\">caixa\/pe\u00e7a<\/th>\n<\/tr>\n<\/thead>\n<tbody class=\"row-striping row-hover\">\n<tr class=\"row-2\">\n\t<td rowspan=\"2\" class=\"column-1\">DPT-100P<\/td><td rowspan=\"2\" class=\"column-2\">220<\/td><td rowspan=\"2\" class=\"column-3\">50<\/td><td class=\"column-4\">em alta<\/td><td class=\"column-5\">40<\/td><td class=\"column-6\">204<\/td><td class=\"column-7\">132<\/td><td class=\"column-8\">2400<\/td><td class=\"column-9\">31<\/td><td rowspan=\"2\" class=\"column-10\">1.55<\/td><td rowspan=\"2\" class=\"column-11\">\u03c6100<\/td><td rowspan=\"2\" class=\"column-12\">6<\/td>\n<\/tr>\n<tr class=\"row-3\">\n\t<td class=\"column-4\">mugir<\/td><td class=\"column-5\">30<\/td><td class=\"column-6\">160<\/td><td class=\"column-7\">106<\/td><td class=\"column-8\">1950<\/td><td class=\"column-9\">26<\/td>\n<\/tr>\n<tr class=\"row-4\">\n\t<td rowspan=\"2\" class=\"column-1\">DPT-150P<\/td><td rowspan=\"2\" class=\"column-2\">220<\/td><td rowspan=\"2\" class=\"column-3\">50<\/td><td class=\"column-4\">em alta<\/td><td class=\"column-5\">60<\/td><td class=\"column-6\">450<\/td><td class=\"column-7\">280<\/td><td class=\"column-8\">2590<\/td><td class=\"column-9\">33<\/td><td rowspan=\"2\" class=\"column-10\">2.5<\/td><td rowspan=\"2\" class=\"column-11\">\u03c6150<\/td><td rowspan=\"2\" class=\"column-12\">6<\/td>\n<\/tr>\n<tr class=\"row-5\">\n\t<td class=\"column-4\">mugir<\/td><td class=\"column-5\">48<\/td><td class=\"column-6\">360<\/td><td class=\"column-7\">240<\/td><td class=\"column-8\">1950<\/td><td class=\"column-9\">29<\/td>\n<\/tr>\n<tr class=\"row-6\">\n\t<td rowspan=\"2\" class=\"column-1\">DPT-200P<\/td><td rowspan=\"2\" class=\"column-2\">220<\/td><td rowspan=\"2\" class=\"column-3\">50<\/td><td class=\"column-4\">em alta<\/td><td class=\"column-5\">145<\/td><td class=\"column-6\">840<\/td><td class=\"column-7\">350<\/td><td class=\"column-8\">2490<\/td><td class=\"column-9\">63<\/td><td rowspan=\"2\" class=\"column-10\">3.1<\/td><td rowspan=\"2\" class=\"column-11\">\u03c6200<\/td><td rowspan=\"2\" class=\"column-12\">6<\/td>\n<\/tr>\n<tr class=\"row-7\">\n\t<td class=\"column-4\">mugir<\/td><td class=\"column-5\">125<\/td><td class=\"column-6\">690<\/td><td class=\"column-7\">270<\/td><td class=\"column-8\">1980<\/td><td class=\"column-9\">55<\/td>\n<\/tr>\n<tr class=\"row-8\">\n\t<td class=\"column-1\">DPT-250P<\/td><td class=\"column-2\">220<\/td><td class=\"column-3\">50<\/td><td class=\"column-4\">\/<\/td><td class=\"column-5\">230<\/td><td class=\"column-6\">1400<\/td><td class=\"column-7\">489<\/td><td class=\"column-8\">2450<\/td><td class=\"column-9\">66<\/td><td class=\"column-10\">7.5<\/td><td class=\"column-11\">\u03c6250<\/td><td class=\"column-12\">1<\/td>\n<\/tr>\n<tr class=\"row-9\">\n\t<td class=\"column-1\">DPT-315P<\/td><td class=\"column-2\">220<\/td><td class=\"column-3\">50<\/td><td class=\"column-4\">\/<\/td><td class=\"column-5\">360<\/td><td class=\"column-6\">2200<\/td><td class=\"column-7\">690<\/td><td class=\"column-8\">2350<\/td><td class=\"column-9\">69<\/td><td class=\"column-10\">10.4<\/td><td class=\"column-11\">\u03c6315<\/td><td class=\"column-12\">1<\/td>\n<\/tr>\n<\/tbody>\n<\/table>\n<!-- #tablepress-49 from cache --><\/div>\n<\/div>\n<div><\/div>\n<div class=\"woocb\"><a class=\"wocb\" href=\"http:\/\/www.beiaole.com\/wp-content\/uploads\/2025\/09\/d3.13.2.pdf\" target=\"_blank\" rel=\"noopener\">formar<\/a><\/div>\n<div><\/div>\n<p><img loading=\"lazy\" decoding=\"async\" class=\"aligncenter wp-image-17281 size-large\" src=\"http:\/\/www.beiaole.com\/wp-content\/uploads\/2025\/08\/x3.13-1024x948.jpg\" alt=\"Mixed Flow Inline Fan-q1\" width=\"1024\" height=\"948\" data-no-translation=\"\" \/><\/p>","protected":false},"excerpt":{"rendered":"<ul>\n<li>\n<h2>Tecnologia de fluxo misto:<\/h2>\n<p>\u202fcombinas\u202faxial\u202fe\u202fcentrifugantes\u202fpara\u202fentrega\u202fa ambas\u202fpress\u00e3o alta\u202fe\u202flongo\u202flong\u202fdist\u00e2ncia.<\/li>\n<li>\n<h2>Motor de economia de energia:<\/h2>\n<p>\u202ftodo-cobre\u202fcore\u202fcom\u202fcorrentes de bola\u202ftodos\u202fbola\u202f demorada, garantindo baixo desempenho de ru\u00eddo para\u202fanos\u202fuse.<\/li>\n<li>\n<h2>Constru\u00e7\u00e3o de todo o metal:<\/h2>\n<p>\u202fde alta-pesada\u202fa\u00e7o\u202f\u00e9s de conchas, resiste \u00e0 corros\u00e3o e deforma\u00e7\u00e3o, a ser adaptada para o\u202findustrial e\u202fdefini\u00e7\u00f5es.<\/li>\n<li>\n<h2>Fluxo de ar forte:<\/h2>\n<p>\u202fvariado\u202fvalo\u202fvaria\u202fde\u202f204\u202fa204\u202fa2.204\u202fa-2.200\u202fa 2.200\u202fpress\u00e3o e press\u00e3o est\u00e1tica\u202fpara\u202fpara\u202f690\u202fpa\u202fprovide\u202fexcepcional\u202fpara\u202fpara\u202f690\u202fprovide\u202fexcepcional\u202f.<\/li>\n<li>\n<h2>Opera\u00e7\u00e3o silenciosa:<\/h2>\n<p>\u202fequilibrado\u202f impulsor\u202fdesign\u202fnoise\u202fas\u202fas\u202fas\u202f26\u202f\u2013\u202f69\u202fdb\u202fdependente\u202fon\u202fmodelo\u202fe\u202f.<\/li>\n<li>\n<h2>Compacto\u202fe\u202fconfi\u00e1vel:<\/h2>\n<p>\u202fintegrado\u202fmotor,\u202f impulsor,\u202fe\u202fduto\u202fmaintentar\u202festabilidade\u202fe\u202fpretar\u202fpreju\u00edzo.<\/li>\n<li>\n<h2>Flex\u00edvel Instala\u00e7\u00e3o:<\/h2>\n<p>\u202fdispon\u00edvel\u202fem\u202fduto\u202fdimensions\u202fde\u202f\u03c6100\u202fpara\u202f\u03c6315\u202fmm\u202fpara\u202fcasas,\u202f\u00e1reas,\u202fe\u202findustriais.<\/li>\n<li>\n<h2>Baixa manuten\u00e7\u00e3o:<\/h2>\n<p>\u202fStreamlined\u202fstructure\u202fpara\u202finstallation\u202fe limpeza\u202feasy\u202flonga\u202flongada de limpeza durante o longo tempo.<\/li>\n<\/ul>\n<hr \/>","protected":false},"featured_media":4765,"comment_status":"open","ping_status":"closed","template":"","meta":{"_acf_changed":false},"product_brand":[],"product_cat":[27],"product_tag":[],"class_list":{"0":"post-4744","1":"product","2":"type-product","3":"status-publish","4":"has-post-thumbnail","6":"product_cat-inline-duct-fan","8":"first","9":"instock","10":"taxable","11":"shipping-taxable","12":"purchasable","13":"product-type-variable","14":"has-default-attributes"},"acf":[],"_links":{"self":[{"href":"https:\/\/www.ecvents.com\/pt\/wp-json\/wp\/v2\/product\/4744","targetHints":{"allow":["GET"]}}],"collection":[{"href":"https:\/\/www.ecvents.com\/pt\/wp-json\/wp\/v2\/product"}],"about":[{"href":"https:\/\/www.ecvents.com\/pt\/wp-json\/wp\/v2\/types\/product"}],"replies":[{"embeddable":true,"href":"https:\/\/www.ecvents.com\/pt\/wp-json\/wp\/v2\/comments?post=4744"}],"wp:featuredmedia":[{"embeddable":true,"href":"https:\/\/www.ecvents.com\/pt\/wp-json\/wp\/v2\/media\/4765"}],"wp:attachment":[{"href":"https:\/\/www.ecvents.com\/pt\/wp-json\/wp\/v2\/media?parent=4744"}],"wp:term":[{"taxonomy":"product_brand","embeddable":true,"href":"https:\/\/www.ecvents.com\/pt\/wp-json\/wp\/v2\/product_brand?post=4744"},{"taxonomy":"product_cat","embeddable":true,"href":"https:\/\/www.ecvents.com\/pt\/wp-json\/wp\/v2\/product_cat?post=4744"},{"taxonomy":"product_tag","embeddable":true,"href":"https:\/\/www.ecvents.com\/pt\/wp-json\/wp\/v2\/product_tag?post=4744"}],"curies":[{"name":"wp","href":"https:\/\/api.w.org\/{rel}","templated":true}]}}