{"id":4757,"date":"2026-03-19T06:04:09","date_gmt":"2026-03-19T11:04:09","guid":{"rendered":"https:\/\/www.ecvents.com\/?post_type=product&#038;p=4757"},"modified":"2026-03-19T06:04:59","modified_gmt":"2026-03-19T11:04:59","slug":"ventilador-embutido-da-sala-de-crescimento","status":"publish","type":"product","link":"https:\/\/www.ecvents.com\/pt\/product\/ventilador-embutido-da-sala-de-crescimento\/","title":{"rendered":"Ventilador embutido da sala de crescimento"},"content":{"rendered":"<div class=\"someee\">\n<h2><strong>Fluxo de ar inteligente. For\u00e7a silenciosa. Constru\u00eddo para controle de precis\u00e3o.<\/strong><\/h2>\n<p>o\u00a0<strong>Crescer\u202fsala\u202finline\u202f fan<\/strong>\u00a0\u00c9 projetado para produtores que entendem que o fluxo de ar perfeito n\u00e3o \u00e9 apenas sobre movimento \u2013 \u00e9 sobre equil\u00edbrio. Silencioso, consistente e eficiente, mant\u00e9m seu ambiente de cultivo est\u00e1vel, protegendo os rendimentos enquanto conserva energia e espa\u00e7o.<\/p>\n<p>No cora\u00e7\u00e3o do sistema est\u00e1 uma precis\u00e3o\u00a0<strong>DC\u202fVariable\u2011Frequency\u202fmotor<\/strong>, um design de 3 fases,\u202f6, p\u00f3lo\u202f sem escovas que funciona mais frio e silencioso que os motores tradicionais de AC\u202f enquanto usam quase\u00a0<strong>50\u202f%\u202fPower sem<\/strong>. Apoiado por\u00a0<strong>NMB\u202fduplo\u202fball\u202f rolamentos<\/strong>, \u00e9 constru\u00eddo para um desempenho cont\u00ednuo e sem fadiga em longos ciclos de trabalho.<\/p>\n<p>o\u00a0<strong>Caixa para todos os metal<\/strong>\u00a0Melhora a estabilidade, o resfriamento e a blindagem eletromagn\u00e9tica. No interior, as l\u00e2minas aerodin\u00e2micas \u2014 inspiradas no design do supercharger de aeronaves \u2014 geram alta press\u00e3o e fluxo de ar focado para um controle clim\u00e1tico preciso. \u00c9 o poder que parece controlado, n\u00e3o ca\u00f3tico.<\/p>\n<p>Apesar dessa for\u00e7a, a sala de cultivo em linha\u202ffan\u202fopera-se no quase sil\u00eancio. O corpo do ventilador \u00e9 envolto em\u00a0<strong>a\u00e7o laminado a frio<\/strong>\u00a0por\u00a0<strong>Isolamento ac\u00fastico resistente ao fogo<\/strong>, e o duto integrado \u00e9 colocado em um\u00a0<strong>C\u00e2mara de som de absor\u00e7\u00e3o de som<\/strong>. Combinado com montagens antivibra\u00e7\u00e3o, ele alcan\u00e7a uma opera\u00e7\u00e3o silenciosa, mesmo sob\u202fem alto\u202femputada.<\/p>\n<p>O integrado\u00a0<strong>Sistema de controle inteligente<\/strong>\u00a0Monitora e autoajusta a velocidade do ventilador, fornece\u00a0<strong>soft start<\/strong>, e protege contra o sobrecarga,\u202faquecimento,\u202fe\u202flock-up. Tamb\u00e9m inclui\u202fa\u202f<strong>10\u202fv\u202fdc\u202foutput<\/strong>\u202ffor\u202fpwm\u202for\u202f0\u202f\u2013\u202f10\u202fv\u202fcontroles,\u202fsensores de temperatura\u202f,\u202fe\u202fautoma\u00e7\u00e3o\u202finterfaces. Compat\u00edvel com uma ampla gama de controladores \u2014 desde pain\u00e9is de parede e controles remotos sem fio a reguladores ambientais profissionais, a configura\u00e7\u00e3o do ventilador, perfeitamente, para qualquer\u202festimula\u00e7\u00e3o.<\/p>\n<p>Com prote\u00e7\u00e3o \u00e0 prova d'\u00e1gua IPX4 e uma habita\u00e7\u00e3o totalmente isolada, isso \u00e9 mais do que ventila\u00e7\u00e3o, o que nunca erra.<\/p>\n<\/div>\n<hr \/>\n<p>Dimens\u00f5es (unidade: mm):<\/p>\n<div class=\"scroll-table-wrapper\">\n<div class=\"scroll-table\">\n<table id=\"tablepress-50\" class=\"tablepress tablepress-id-50\">\n<thead>\n<tr class=\"row-1\">\n\t<th class=\"column-1\">modelo<\/th><th class=\"column-2\">A<\/th><th class=\"column-3\">B<\/th><th class=\"column-4\">C<\/th><th class=\"column-5\">D<\/th><th class=\"column-6\">E<\/th><th class=\"column-7\">F<\/th>\n<\/tr>\n<\/thead>\n<tbody class=\"row-striping row-hover\">\n<tr class=\"row-2\">\n\t<td class=\"column-1\">SE-A150<\/td><td class=\"column-2\">469<\/td><td class=\"column-3\">547<\/td><td class=\"column-4\">\u03c6148<\/td><td class=\"column-5\">\u03c6243<\/td><td class=\"column-6\">123<\/td><td class=\"column-7\">4-\u03c610<\/td>\n<\/tr>\n<tr class=\"row-3\">\n\t<td class=\"column-1\">SE-A200<\/td><td class=\"column-2\">619<\/td><td class=\"column-3\">699<\/td><td class=\"column-4\">\u03c6198<\/td><td class=\"column-5\">\u03c6304<\/td><td class=\"column-6\">174<\/td><td class=\"column-7\">4-\u03c610<\/td>\n<\/tr>\n<tr class=\"row-4\">\n\t<td class=\"column-1\">SE-A250<\/td><td class=\"column-2\">769<\/td><td class=\"column-3\">859<\/td><td class=\"column-4\">\u03c6248<\/td><td class=\"column-5\">\u03c6353<\/td><td class=\"column-6\">221<\/td><td class=\"column-7\">4-\u03c610<\/td>\n<\/tr>\n<tr class=\"row-5\">\n\t<td class=\"column-1\">SE-A315<\/td><td class=\"column-2\">848<\/td><td class=\"column-3\">940<\/td><td class=\"column-4\">\u03c6313<\/td><td class=\"column-5\">\u03c6415<\/td><td class=\"column-6\">269<\/td><td class=\"column-7\">4-\u03c610<\/td>\n<\/tr>\n<tr class=\"row-6\">\n\t<td class=\"column-1\">SE-A355<\/td><td class=\"column-2\">907<\/td><td class=\"column-3\">1000<\/td><td class=\"column-4\">\u03c6353<\/td><td class=\"column-5\">\u03c6453<\/td><td class=\"column-6\">270<\/td><td class=\"column-7\">4-\u03c610<\/td>\n<\/tr>\n<\/tbody>\n<\/table>\n<!-- #tablepress-50 from cache --><\/div>\n<\/div>\n<div><\/div>\n<div class=\"woocb\"><a class=\"wocb\" href=\"http:\/\/www.beiaole.com\/wp-content\/uploads\/2025\/08\/d3.14.1.pdf\" target=\"_blank\" rel=\"noopener\">formar<\/a><\/div>\n<div><\/div>\n<p><img loading=\"lazy\" decoding=\"async\" class=\"aligncenter wp-image-16645 size-large\" src=\"http:\/\/www.beiaole.com\/wp-content\/uploads\/2025\/08\/s3.14-1024x361.png\" alt=\"Grow Room Inline Fan-size\" width=\"1024\" height=\"361\" data-no-translation=\"\" \/><br \/>\nDesempenho:<\/p>\n<div class=\"scroll-table-wrapper\">\n<div class=\"scroll-table\">\n<table id=\"tablepress-51\" class=\"tablepress tablepress-id-51 tbody-has-connected-cells\">\n<thead>\n<tr class=\"row-1\">\n\t<th class=\"column-1\">modelo<\/th><th class=\"column-2\">tens\u00e3o(v)<\/th><th class=\"column-3\">Frequ\u00eancia(Hz)<\/th><th class=\"column-4\">equipamento<\/th><th class=\"column-5\">Velocidade (rpm)<\/th><th class=\"column-6\">Fluxo de ar (m\u00b3\/h)<\/th><th class=\"column-7\">Press\u00e3o est\u00e1tica (PA)<\/th><th class=\"column-8\">Ru\u00eddo (db)<\/th><th class=\"column-9\">Tamanho do duto (mm)<\/th><th class=\"column-10\">N.W(kg)<\/th><th class=\"column-11\">classifica\u00e7\u00e3o \u00e0 prova d'\u00e1gua<\/th>\n<\/tr>\n<\/thead>\n<tbody class=\"row-striping row-hover\">\n<tr class=\"row-2\">\n\t<td class=\"column-1\">SE-A150<\/td><td class=\"column-2\">110~120vac<br \/>\n220~240vac<\/td><td class=\"column-3\">50\/60<\/td><td class=\"column-4\">40<\/td><td class=\"column-5\">5000<\/td><td class=\"column-6\">594<\/td><td class=\"column-7\">500<\/td><td class=\"column-8\">50<\/td><td class=\"column-9\">\u03c6150\/6 polegadas<\/td><td class=\"column-10\">5.0<\/td><td class=\"column-11\">ipx4<\/td>\n<\/tr>\n<tr class=\"row-3\">\n\t<td class=\"column-1\">SE-A200<\/td><td class=\"column-2\">110~120vac<br \/>\n220~240vac<\/td><td class=\"column-3\">50\/60<\/td><td class=\"column-4\">75<\/td><td class=\"column-5\">3800<\/td><td class=\"column-6\">1205<\/td><td class=\"column-7\">520<\/td><td class=\"column-8\">51<\/td><td class=\"column-9\">\u03c6200\/8 polegadas<\/td><td class=\"column-10\">7.5<\/td><td class=\"column-11\">ipx4<\/td>\n<\/tr>\n<tr class=\"row-4\">\n\t<td class=\"column-1\">SE-A250<\/td><td class=\"column-2\">110~120vac<br \/>\n220~240vac<\/td><td class=\"column-3\">50\/60<\/td><td class=\"column-4\">150<\/td><td class=\"column-5\">3200<\/td><td class=\"column-6\">1808<\/td><td class=\"column-7\">510<\/td><td class=\"column-8\">55<\/td><td class=\"column-9\">\u03c6250\/10 polegadas<\/td><td class=\"column-10\">13.0<\/td><td class=\"column-11\">ipx4<\/td>\n<\/tr>\n<tr class=\"row-5\">\n\t<td rowspan=\"2\" class=\"column-1\">SE-A315<\/td><td class=\"column-2\">110~120vac<\/td><td class=\"column-3\">50\/60<\/td><td class=\"column-4\">260<\/td><td class=\"column-5\">2800<\/td><td class=\"column-6\">2787<\/td><td class=\"column-7\">598<\/td><td class=\"column-8\">60<\/td><td class=\"column-9\">\u03c6315\/12 polegadas<\/td><td class=\"column-10\">21.0<\/td><td class=\"column-11\">ipx4<\/td>\n<\/tr>\n<tr class=\"row-6\">\n\t<td class=\"column-2\">220~240vac<\/td><td class=\"column-3\">50\/60<\/td><td class=\"column-4\">320<\/td><td class=\"column-5\">3000<\/td><td class=\"column-6\">2987<\/td><td class=\"column-7\">677<\/td><td class=\"column-8\">62<\/td><td class=\"column-9\">\u03c6315\/12 polegadas<\/td><td class=\"column-10\">21.0<\/td><td class=\"column-11\">ipx4<\/td>\n<\/tr>\n<tr class=\"row-7\">\n\t<td class=\"column-1\">SE-A355<\/td><td class=\"column-2\">110~120vac<br \/>\n220~240vac<\/td><td class=\"column-3\">50\/60<\/td><td class=\"column-4\">550<\/td><td class=\"column-5\">3000<\/td><td class=\"column-6\">4357<\/td><td class=\"column-7\">716<\/td><td class=\"column-8\">70<\/td><td class=\"column-9\">\u03c6355\/14 polegadas<\/td><td class=\"column-10\">26.3<\/td><td class=\"column-11\">ipx4<\/td>\n<\/tr>\n<\/tbody>\n<\/table>\n<!-- #tablepress-51 from cache --><\/div>\n<\/div>\n<div><\/div>\n<div class=\"woocb\"><a class=\"wocb\" href=\"http:\/\/www.beiaole.com\/wp-content\/uploads\/2025\/08\/d3.14.2.pdf\" target=\"_blank\" rel=\"noopener\">formar<\/a><\/div>\n<div><\/div>\n<p><img loading=\"lazy\" decoding=\"async\" class=\"aligncenter wp-image-17285 size-large\" src=\"http:\/\/www.beiaole.com\/wp-content\/uploads\/2025\/08\/x3.15-1024x531.png\" alt=\"Grow Room Inline Fan-q1\" width=\"1024\" height=\"531\" data-no-translation=\"\" \/><\/p>","protected":false},"excerpt":{"rendered":"<ul>\n<li>\n<h2>Motor sem escovas de alta efici\u00eancia:<\/h2>\n<p>\u202f3-fase,\u202f6\u2011polo\u202fdc\u202fvariada\u2011motor\u202fde entrega de poder\u202fde-considera\u00e7\u00e3o com\u202fm m\u00ednimo\u202fcal\u202fe\u202f50\u202f1t3t\u202fuse\u202fdiminuem.<\/li>\n<li>\n<h2>NMB\u202fduplo\u202fball\u202f rolamentos:<\/h2>\n<p>\u202fgarantir\u202f suave,\u202fopera\u00e7\u00e3o de baixa fric\u00e7\u00e3o e de confian\u00e7a e de longo prazo sob o uso cont\u00ednuo.<\/li>\n<li>\n<h2>Sistema de l\u00e2minas aerodin\u00e2micas:<\/h2>\n<p>\u202fimpeller\u202fimpelido inspirado na aeronave\u202fdesenho\u202fcria\u202ffocado,\u202falta press\u00e3o\u202ffluxo\u202fpara\u202feficiente.<\/li>\n<li>\n<h2>Opera\u00e7\u00e3o de sussurro - sil\u00eancio:<\/h2>\n<p>\u202fisolamento ac\u00fastico\u202fac\u00fastico\u202f\uf001resistentes, e antivibra\u00e7\u00e3o, reduce\u202funose\u202fto\u202fas\u202fas\u202fas\u202faas\u202fa de 50\u202fa.<\/li>\n<li>\n<h2>Controle inteligente de velocidade:<\/h2>\n<p>\u202fConstru\u00eddo em\u2011in\u202fSmart\u202fcontrolador\u202fcom\u202fsoft\u202fstart,\u202fpwm,\u202fe\u202f0\u201310\u202fv\u202fsamp.<\/li>\n<li>\n<h2>Automa\u00e7\u00e3o\u202fPronto:<\/h2>\n<p>\u202fapoia\u202ftemosura\u202fe\u202fsensores de umidade, de um painel de controle, de reguladores digitais, de aplicativos de controle digital, de aplica\u00e7\u00f5es de digital, de aplica\u00e7\u00f5es de smart\u202f como delike\u202fxiaoheihe de \u202f(preto\u202fbox).<\/li>\n<li>\n<h2>Rugged\u202fall-metal\u202f compila\u00e7\u00e3o:<\/h2>\n<p>\u202fHousing de a\u00e7o-cold-rolled,\u202fhosing,\u202fipx4\u202fpara\u202f resist\u00eancia de \u00e1gua\u202fe\u202fsob condi\u00e7\u00f5es dif\u00edceis.<\/li>\n<li>\n<h2>Entrega de ar poderoso:<\/h2>\n<p>\u202fflow\u202fvange\u202fvantajosa de\u202f594\u202fm\u00b3\/h\u202fpara\u202f4.357\u202fm\u00b3\/h\u202fe\u202fpress\u00e3o\u202fup\u202fpara\u202f716\u202fpa\u202fpa\u202fmaximum\u202fmaximum\u202fmaximum.<\/li>\n<li>\n<h2>Prote\u00e7\u00e3o abrangente:<\/h2>\n<p>\u202fsalvaguardas\u202fcontra\u202f, surto,\u202faquecimento, e bloqueio do motor\u202fenquanto mant\u00e9m o desempenho perfeito.<\/li>\n<\/ul>\n<hr \/>","protected":false},"featured_media":4791,"comment_status":"open","ping_status":"closed","template":"","meta":{"_acf_changed":false},"product_brand":[],"product_cat":[27],"product_tag":[],"class_list":{"0":"post-4757","1":"product","2":"type-product","3":"status-publish","4":"has-post-thumbnail","6":"product_cat-inline-duct-fan","8":"first","9":"instock","10":"taxable","11":"shipping-taxable","12":"purchasable","13":"product-type-variable","14":"has-default-attributes"},"acf":[],"_links":{"self":[{"href":"https:\/\/www.ecvents.com\/pt\/wp-json\/wp\/v2\/product\/4757","targetHints":{"allow":["GET"]}}],"collection":[{"href":"https:\/\/www.ecvents.com\/pt\/wp-json\/wp\/v2\/product"}],"about":[{"href":"https:\/\/www.ecvents.com\/pt\/wp-json\/wp\/v2\/types\/product"}],"replies":[{"embeddable":true,"href":"https:\/\/www.ecvents.com\/pt\/wp-json\/wp\/v2\/comments?post=4757"}],"wp:featuredmedia":[{"embeddable":true,"href":"https:\/\/www.ecvents.com\/pt\/wp-json\/wp\/v2\/media\/4791"}],"wp:attachment":[{"href":"https:\/\/www.ecvents.com\/pt\/wp-json\/wp\/v2\/media?parent=4757"}],"wp:term":[{"taxonomy":"product_brand","embeddable":true,"href":"https:\/\/www.ecvents.com\/pt\/wp-json\/wp\/v2\/product_brand?post=4757"},{"taxonomy":"product_cat","embeddable":true,"href":"https:\/\/www.ecvents.com\/pt\/wp-json\/wp\/v2\/product_cat?post=4757"},{"taxonomy":"product_tag","embeddable":true,"href":"https:\/\/www.ecvents.com\/pt\/wp-json\/wp\/v2\/product_tag?post=4757"}],"curies":[{"name":"wp","href":"https:\/\/api.w.org\/{rel}","templated":true}]}}