{"id":4771,"date":"2026-03-19T06:04:34","date_gmt":"2026-03-19T11:04:34","guid":{"rendered":"https:\/\/www.ecvents.com\/?post_type=product&#038;p=4771"},"modified":"2026-03-19T06:05:00","modified_gmt":"2026-03-19T11:05:00","slug":"caixa-de-filtragem-de-ar","status":"publish","type":"product","link":"https:\/\/www.ecvents.com\/pt\/product\/caixa-de-filtragem-de-ar\/","title":{"rendered":"caixa de filtragem de ar"},"content":{"rendered":"<div class=\"someee\">\n<h2><strong>ar puro. fluxo constante. Constru\u00eddo para os espa\u00e7os do dia a dia.<\/strong><\/h2>\n<p>o\u00a0<strong>Caixa de filtragem de ar<\/strong>\u00a0Silenciosamente cuida do que mais importa \u2013 ar limpo e respir\u00e1vel. Compacto, mas poderoso, combina\u00a0<strong>Tr\u00eas camadas de filtragem<\/strong>\u00a0Para remover tudo, desde poeira vis\u00edvel a part\u00edculas invis\u00edveis, proporcionando casas, escrit\u00f3rios e espa\u00e7os de trabalho, ar mais leve, fresco e mais f\u00e1cil de respirar.<\/p>\n<p>come\u00e7a com o\u00a0<strong>Filtro principal<\/strong>, constru\u00eddo com um design multiplicado e grande capacidade de reten\u00e7\u00e3o de p\u00f3 para capturar cabelos, fiapos e outras part\u00edculas grandes no ar antes de entrarem no sistema. A seguir, o\u00a0<strong>Filtro de carbono ativado<\/strong>\u00a0Absorve odores e gases nocivos com carbono granulado de alta qualidade - neutralizando os cheiros do dia a dia que se acumulam em ambientes fechados.<\/p>\n<p>Finalmente, o\u00a0<strong>Filtro de alta efici\u00eancia HEPA<\/strong>\u00a0Leva a purifica\u00e7\u00e3o ao n\u00edvel microsc\u00f3pico. Capaz de remover part\u00edculas t\u00e3o pequenas quanto\u00a0<strong>pm\u202f2.5<\/strong>\u00a0e capturando\u00a0<strong>99\u202f%\u202fde\u202fpoeira, p\u00f3len,\u202fe\u202fbact\u00e9rias<\/strong>, completa um ciclo de ar limpo que refresca cada respira\u00e7\u00e3o.<\/p>\n<p>Cada est\u00e1gio se reproduz, parte, parte, para construir, consistindo, equilibrada, equilibrada, com o\u202f resist\u00eancia m\u00ednima (com \u202f resist\u00eancia)<strong>Perda\u202frate\u202f\u2266\u202f0,3\u202f%<\/strong>).\u202f Dispon\u00edvel em In\u00fameras, Dimens\u00f5es do Duto\u202f de 100\u202fm\u202fa\u202f250\u202fmm,\u202fit\u202fintegrados sem costurar em novo para\u202f ou\u202fexistente\u202fa Leve,\u202f dur\u00e1vel,\u202fe\u202f f\u00e1cil, para manter, solu\u00e7\u00e3o do ar\u202fa\u00e9rea\u202fcabox\u202f\u00e9 uma solu\u00e7\u00e3o eficiente e eficiente para qualquer ambiente interno ou interno.<\/p>\n<\/div>\n<hr \/>\n<p>Desempenho:<\/p>\n<div class=\"scroll-table-wrapper\">\n<div class=\"scroll-table\">\n<table id=\"tablepress-52\" class=\"tablepress tablepress-id-52\">\n<thead>\n<tr class=\"row-1\">\n\t<th class=\"column-1\">modelo<\/th><th class=\"column-2\">Tamanho do duto (mm)<\/th><th class=\"column-3\">Dimens\u00f5es (L\u00d7W\u00d7H) (mm)<\/th><th class=\"column-4\">Tamanho do filtro principal<br \/>\n(mm)<\/th><th class=\"column-5\">Tamanho do filtro de carv\u00e3o ativado (mm)<\/th><th class=\"column-6\">Tamanho do filtro HEPA de alta efici\u00eancia (mm)<\/th><th class=\"column-7\">Taxa de perda de volume de ar<\/th><th class=\"column-8\">n.m(kg)<\/th>\n<\/tr>\n<\/thead>\n<tbody class=\"row-striping row-hover\">\n<tr class=\"row-2\">\n\t<td class=\"column-1\">GLX-100<\/td><td class=\"column-2\">\u03c6100<\/td><td class=\"column-3\">300x200\u00d7200<\/td><td class=\"column-4\">295x170\u00d710<\/td><td class=\"column-5\">295x170\u00d720<\/td><td class=\"column-6\">295x170x50<\/td><td class=\"column-7\">0.3<\/td><td class=\"column-8\">5.2<\/td>\n<\/tr>\n<tr class=\"row-3\">\n\t<td class=\"column-1\">GLX-150<\/td><td class=\"column-2\">\u03c6150<\/td><td class=\"column-3\">300x200\u00d7200<\/td><td class=\"column-4\">295x170x10<\/td><td class=\"column-5\">295x170\u00d720<\/td><td class=\"column-6\">295\u00d7170x50<\/td><td class=\"column-7\">0.3<\/td><td class=\"column-8\">5.1<\/td>\n<\/tr>\n<tr class=\"row-4\">\n\t<td class=\"column-1\">GLX-200<\/td><td class=\"column-2\">\u03c6200<\/td><td class=\"column-3\">430x300x300<\/td><td class=\"column-4\">425\u00d7270x20<\/td><td class=\"column-5\">425x270x20<\/td><td class=\"column-6\">425\u00d7270\u00d750<\/td><td class=\"column-7\">0.3<\/td><td class=\"column-8\">11<\/td>\n<\/tr>\n<tr class=\"row-5\">\n\t<td class=\"column-1\">GLX-250<\/td><td class=\"column-2\">\u03c6250<\/td><td class=\"column-3\">430x300x300<\/td><td class=\"column-4\">425\u00d7270x20<\/td><td class=\"column-5\">425x270x20<\/td><td class=\"column-6\">425x270x50<\/td><td class=\"column-7\">0.3<\/td><td class=\"column-8\">11.5<\/td>\n<\/tr>\n<\/tbody>\n<\/table>\n<!-- #tablepress-52 from cache --><\/div>\n<\/div>\n<div><\/div>\n<div class=\"woocb\"><a class=\"wocb\" href=\"http:\/\/www.beiaole.com\/wp-content\/uploads\/2025\/08\/d3.15.pdf\" target=\"_blank\" rel=\"noopener\">formar<\/a><\/div>\n<div><\/div>","protected":false},"excerpt":{"rendered":"<ul>\n<li>\n<h2>Filtragem em tr\u00eas est\u00e1gios:<\/h2>\n<p>\u202fprim\u00e1rio,\u202f ativado\u202fcarbono,\u202fe\u202ffiltros\u202ftrabalhar\u202fjuntos\u202fcapturar\u202fe\u202futralizar\u202ftransportados.<\/li>\n<li>\n<h2>Efici\u00eancia de alta \ufb01ltra\u00e7\u00e3o:<\/h2>\n<p>\u202fremove\u202fsobre\u202f99\u202f%\u202fde\u202fpart\u00edculas,\u202fpm\u202f2,5,\u202fpolen,\u202fe\u202fbacteria\u202fpara\u202fmulher\u202f.<\/li>\n<li>\n<h2>Odor\u202fe\u202fabsor\u00e7\u00e3o de g\u00e1s:<\/h2>\n<p>\u202fcamada de carbono ativada\u202felimina\u202fsmells\u202fe VOC\u202fpoluentes\u202fpara\u202fa\u202fatmosfera.<\/li>\n<li>\n<h2>Capacidade de grande porte de p\u00f3:<\/h2>\n<p>\u202fmulti\u2011dobra\u202ffiltro-prim\u00e1rio\u202fcapturas\u202fdebris maior\u202f sem obstruir\u202fou\u202freduzir\u202ffluxo.<\/li>\n<li>\n<h2>Resist\u00eancia ao ar baixa:<\/h2>\n<p>\u202ftimizado\u202fdesign\u202fsegura\u202faventila\u00e7\u00e3o\u202f\u202f(varo\u202fvariado\u202floss\u202f\u2266\u202f0,3\u202f%).<\/li>\n<li>\n<h2>Constru\u00e7\u00e3o dur\u00e1vel:<\/h2>\n<p>\u202fforte\u202fhosing\u202fhosing\u202fe\u202ffitted\u2011fitted\u202ffit-industrial ou\u202fresidentials.<\/li>\n<li>\n<h2>Compacte\u202fe\u202f f\u00e1cil\u202fpara\u202finstalar:<\/h2>\n<p>\u202ffits\u202fduct\u202fdimensions\u202f\u03c6\u202f100\u202f\u2013\u202f250\u202fmm\u202fpara\u202fflex\u00edveis\u202fintegra\u00e7\u00e3o em sistemas de articula\u00e7\u00e3o.<\/li>\n<li>\n<h2>Manuten\u00e7\u00e3o r\u00e1pida:<\/h2>\n<p>\u202f\ufffd\ufffd\ufffd\ufffd\ufffd\ufb01ltro\u202felementos\u202f fazer\u202f substitui\u00e7\u00e3o\u202fe\u202flimpar\u202f-simples\u202fe\u202f sem ferramentas.<\/li>\n<\/ul>\n<hr \/>","protected":false},"featured_media":4792,"comment_status":"open","ping_status":"closed","template":"","meta":{"_acf_changed":false},"product_brand":[],"product_cat":[72,27],"product_tag":[],"class_list":{"0":"post-4771","1":"product","2":"type-product","3":"status-publish","4":"has-post-thumbnail","6":"product_cat-filter","7":"product_cat-inline-duct-fan","9":"first","10":"instock","11":"taxable","12":"shipping-taxable","13":"purchasable","14":"product-type-variable","15":"has-default-attributes"},"acf":[],"_links":{"self":[{"href":"https:\/\/www.ecvents.com\/pt\/wp-json\/wp\/v2\/product\/4771","targetHints":{"allow":["GET"]}}],"collection":[{"href":"https:\/\/www.ecvents.com\/pt\/wp-json\/wp\/v2\/product"}],"about":[{"href":"https:\/\/www.ecvents.com\/pt\/wp-json\/wp\/v2\/types\/product"}],"replies":[{"embeddable":true,"href":"https:\/\/www.ecvents.com\/pt\/wp-json\/wp\/v2\/comments?post=4771"}],"wp:featuredmedia":[{"embeddable":true,"href":"https:\/\/www.ecvents.com\/pt\/wp-json\/wp\/v2\/media\/4792"}],"wp:attachment":[{"href":"https:\/\/www.ecvents.com\/pt\/wp-json\/wp\/v2\/media?parent=4771"}],"wp:term":[{"taxonomy":"product_brand","embeddable":true,"href":"https:\/\/www.ecvents.com\/pt\/wp-json\/wp\/v2\/product_brand?post=4771"},{"taxonomy":"product_cat","embeddable":true,"href":"https:\/\/www.ecvents.com\/pt\/wp-json\/wp\/v2\/product_cat?post=4771"},{"taxonomy":"product_tag","embeddable":true,"href":"https:\/\/www.ecvents.com\/pt\/wp-json\/wp\/v2\/product_tag?post=4771"}],"curies":[{"name":"wp","href":"https:\/\/api.w.org\/{rel}","templated":true}]}}