{"id":4776,"date":"2026-03-19T06:04:35","date_gmt":"2026-03-19T11:04:35","guid":{"rendered":"https:\/\/www.ecvents.com\/?post_type=product&#038;p=4776"},"modified":"2026-03-19T06:05:00","modified_gmt":"2026-03-19T11:05:00","slug":"exaustor-de-teto","status":"publish","type":"product","link":"https:\/\/www.ecvents.com\/pt\/product\/exaustor-de-teto\/","title":{"rendered":"exaustor de teto"},"content":{"rendered":"<div class=\"someee\">\n<h2><strong>Frescura silenciosa. Projeto confi\u00e1vel. Constru\u00eddo para o conforto do ar di\u00e1rio.<\/strong><\/h2>\n<p>o\u00a0<strong>ventilador de teto\u202fesgotador<\/strong>\u00a0\u00c9 um daqueles detalhes silenciosos que tornam um quarto instantaneamente mais confort\u00e1vel. Ele remove a umidade, odores e o ar viciado com fluxo de ar suave e eficiente - deixando para tr\u00e1s o conforto fresco e respir\u00e1vel que voc\u00ea pode sentir, mas mal ouve.<\/p>\n<p>Em seu cora\u00e7\u00e3o est\u00e1 um\u00a0<strong>Motor de cobre de todos os n\u00edveis<\/strong>\u00a0emparelhado com\u00a0<strong>Rolamentos de bola de alta qualidade<\/strong>\u00a0Para estabilidade e longevidade. A estrutura aerodin\u00e2mica do duto de ar circula ar de forma eficiente e silenciosa, mantendo um desempenho constante, sem chocalhos ou vibra\u00e7\u00f5es. Ele foi projetado para funcionar em segundo plano - confi\u00e1vel, silencioso e surpreendentemente eficaz.<\/p>\n<p>Leve e vers\u00e1til, o\u00a0<strong>Projeto compacto, completo<\/strong>\u00a0Combina-se facilmente em cozinhas, banheiros, escrit\u00f3rios e outros espa\u00e7os do dia a dia. Constru\u00eddo com material de alta qualidade, o ventilador \u00e9 resistente ao calor, \u00e0 umidade e \u00e0 press\u00e3o, ent\u00e3o n\u00e3o enferruja, n\u00e3o se deforma ou desaparece mesmo ap\u00f3s anos de uso cont\u00ednuo.<\/p>\n<p>A instala\u00e7\u00e3o \u00e9 simples e discreta:\u00a0<strong>Corpo magro, refinado<\/strong>\u00a0Adapta-se perfeitamente aos tetos sem interromper o design de interiores. A manuten\u00e7\u00e3o \u00e9 f\u00e1cil, o painel decola para uma limpeza r\u00e1pida, restaurando o mesmo desempenho em segundos.<\/p>\n<p>Silencioso, dur\u00e1vel e confi\u00e1vel, o teto de exaust\u00e3o \u00e9 o tipo de atualiza\u00e7\u00e3o que silenciosamente torna cada espa\u00e7o interno um pouco melhor - fluxo de ar est\u00e1vel e conforto duradouro para acompanhar a vida cotidiana.<\/p>\n<\/div>\n<hr \/>\n<p>Dimens\u00f5es (unidade: mm):<\/p>\n<div class=\"scroll-table-wrapper\">\n<div class=\"scroll-table\">\n<table id=\"tablepress-38\" class=\"tablepress tablepress-id-38\">\n<thead>\n<tr class=\"row-1\">\n\t<th class=\"column-1\">modelo<\/th><th class=\"column-2\">A<\/th><th class=\"column-3\">B<\/th><th class=\"column-4\">C<\/th><th class=\"column-5\">D<\/th><th class=\"column-6\">\u03c6e<\/th>\n<\/tr>\n<\/thead>\n<tbody class=\"row-striping row-hover\">\n<tr class=\"row-2\">\n\t<td class=\"column-1\">BPT10-20-12SL<\/td><td class=\"column-2\">200<\/td><td class=\"column-3\">209<\/td><td class=\"column-4\">240<\/td><td class=\"column-5\">30<\/td><td class=\"column-6\">100<\/td>\n<\/tr>\n<tr class=\"row-3\">\n\t<td class=\"column-1\">BPT10-23-155L<\/td><td class=\"column-2\">230<\/td><td class=\"column-3\">238<\/td><td class=\"column-4\">270<\/td><td class=\"column-5\">30<\/td><td class=\"column-6\">100<\/td>\n<\/tr>\n<tr class=\"row-4\">\n\t<td class=\"column-1\">BPT10-25-175L<\/td><td class=\"column-2\">250<\/td><td class=\"column-3\">275<\/td><td class=\"column-4\">310<\/td><td class=\"column-5\">30<\/td><td class=\"column-6\">100<\/td>\n<\/tr>\n<tr class=\"row-5\">\n\t<td class=\"column-1\">BPT10-28-215L<\/td><td class=\"column-2\">275<\/td><td class=\"column-3\">279<\/td><td class=\"column-4\">320<\/td><td class=\"column-5\">30<\/td><td class=\"column-6\">95<\/td>\n<\/tr>\n<tr class=\"row-6\">\n\t<td class=\"column-1\">bpt10-30-30SL<\/td><td class=\"column-2\">300<\/td><td class=\"column-3\">301<\/td><td class=\"column-4\">340<\/td><td class=\"column-5\">30<\/td><td class=\"column-6\">100<\/td>\n<\/tr>\n<tr class=\"row-7\">\n\t<td class=\"column-1\">BPT10-34-40SL<\/td><td class=\"column-2\">340<\/td><td class=\"column-3\">343<\/td><td class=\"column-4\">400<\/td><td class=\"column-5\">30<\/td><td class=\"column-6\">100<\/td>\n<\/tr>\n<tr class=\"row-8\">\n\t<td class=\"column-1\">BPT15-34-50SL<\/td><td class=\"column-2\">340<\/td><td class=\"column-3\">340<\/td><td class=\"column-4\">400<\/td><td class=\"column-5\">30<\/td><td class=\"column-6\">150<\/td>\n<\/tr>\n<\/tbody>\n<\/table>\n<!-- #tablepress-38 from cache --><\/div>\n<\/div>\n<div><\/div>\n<div class=\"woocb\"><a class=\"wocb\" href=\"http:\/\/www.beiaole.com\/wp-content\/uploads\/2025\/08\/d3.8.1.pdf\" target=\"_blank\" rel=\"noopener\">formar<\/a><\/div>\n<div><\/div>\n<p><img loading=\"lazy\" decoding=\"async\" class=\"aligncenter wp-image-17118 size-full\" src=\"http:\/\/www.beiaole.com\/wp-content\/uploads\/2025\/08\/s3.8.png\" alt=\"Ceiling Exhaust Fan-size\" width=\"896\" height=\"945\" data-no-translation=\"\" \/><br \/>\nDesempenho:<\/p>\n<div class=\"scroll-table-wrapper\">\n<div class=\"scroll-table\">\n<table id=\"tablepress-39\" class=\"tablepress tablepress-id-39\">\n<thead>\n<tr class=\"row-1\">\n\t<th class=\"column-1\">modelo<\/th><th class=\"column-2\">tens\u00e3o(v)<\/th><th class=\"column-3\">poder (w)<\/th><th class=\"column-4\">Fluxo de ar (m\u00b3\/h)<\/th><th class=\"column-5\">Press\u00e3o est\u00e1tica (PA)<\/th><th class=\"column-6\">Ru\u00eddo (db)<\/th><th class=\"column-7\">G.W (kg)<\/th><th class=\"column-8\">Tamanho do furo (mm)<\/th><th class=\"column-9\">Tamanho do painel (mm)<\/th><th class=\"column-10\">Tamanho do duto (mm)<\/th><th class=\"column-11\">caixa\/pe\u00e7a<\/th>\n<\/tr>\n<\/thead>\n<tbody class=\"row-striping row-hover\">\n<tr class=\"row-2\">\n\t<td class=\"column-1\">BPT10 - 20 - 12SL<\/td><td class=\"column-2\">220<\/td><td class=\"column-3\">30<\/td><td class=\"column-4\">120<\/td><td class=\"column-5\">65<\/td><td class=\"column-6\">42<\/td><td class=\"column-7\">1.4<\/td><td class=\"column-8\">200*200<\/td><td class=\"column-9\">245*245<\/td><td class=\"column-10\">100<\/td><td class=\"column-11\">8<\/td>\n<\/tr>\n<tr class=\"row-3\">\n\t<td class=\"column-1\">BPT10 - 23 - 15SL<\/td><td class=\"column-2\">220<\/td><td class=\"column-3\">40<\/td><td class=\"column-4\">150<\/td><td class=\"column-5\">65<\/td><td class=\"column-6\">42<\/td><td class=\"column-7\">1.4<\/td><td class=\"column-8\">230*230<\/td><td class=\"column-9\">270*270<\/td><td class=\"column-10\">100<\/td><td class=\"column-11\">8<\/td>\n<\/tr>\n<tr class=\"row-4\">\n\t<td class=\"column-1\">BPT10 - 25 - 17SL<\/td><td class=\"column-2\">220<\/td><td class=\"column-3\">40<\/td><td class=\"column-4\">170<\/td><td class=\"column-5\">95<\/td><td class=\"column-6\">41<\/td><td class=\"column-7\">1.7<\/td><td class=\"column-8\">250*250<\/td><td class=\"column-9\">304*304<\/td><td class=\"column-10\">100<\/td><td class=\"column-11\">8<\/td>\n<\/tr>\n<tr class=\"row-5\">\n\t<td class=\"column-1\">BPT10 - 28 - 21SL<\/td><td class=\"column-2\">220<\/td><td class=\"column-3\">34<\/td><td class=\"column-4\">210<\/td><td class=\"column-5\">165<\/td><td class=\"column-6\">43<\/td><td class=\"column-7\">1.8<\/td><td class=\"column-8\">280*280<\/td><td class=\"column-9\">320*320<\/td><td class=\"column-10\">100<\/td><td class=\"column-11\">8<\/td>\n<\/tr>\n<tr class=\"row-6\">\n\t<td class=\"column-1\">BPT10 - 30 - 30SL<\/td><td class=\"column-2\">220<\/td><td class=\"column-3\">45<\/td><td class=\"column-4\">300<\/td><td class=\"column-5\">200<\/td><td class=\"column-6\">45<\/td><td class=\"column-7\">2.1<\/td><td class=\"column-8\">300*300<\/td><td class=\"column-9\">335*335<\/td><td class=\"column-10\">100<\/td><td class=\"column-11\">8<\/td>\n<\/tr>\n<tr class=\"row-7\">\n\t<td class=\"column-1\">BPT10 - 34 - 40SL<\/td><td class=\"column-2\">220<\/td><td class=\"column-3\">45<\/td><td class=\"column-4\">400<\/td><td class=\"column-5\">205<\/td><td class=\"column-6\">46<\/td><td class=\"column-7\">2.2<\/td><td class=\"column-8\">340*340<\/td><td class=\"column-9\">400*400<\/td><td class=\"column-10\">100<\/td><td class=\"column-11\">4<\/td>\n<\/tr>\n<tr class=\"row-8\">\n\t<td class=\"column-1\">BPT15 - 34 - 50SL<\/td><td class=\"column-2\">220<\/td><td class=\"column-3\">50<\/td><td class=\"column-4\">500<\/td><td class=\"column-5\">210<\/td><td class=\"column-6\">47<\/td><td class=\"column-7\">2.2<\/td><td class=\"column-8\">340*340<\/td><td class=\"column-9\">400*400<\/td><td class=\"column-10\">150<\/td><td class=\"column-11\">4<\/td>\n<\/tr>\n<\/tbody>\n<\/table>\n<!-- #tablepress-39 from cache --><\/div>\n<\/div>\n<div><\/div>\n<div class=\"woocb\"><a class=\"wocb\" href=\"http:\/\/www.beiaole.com\/wp-content\/uploads\/2025\/09\/d3.8.2.pdf\" target=\"_blank\" rel=\"noopener\">formar<\/a><\/div>\n<div><\/div>","protected":false},"excerpt":{"rendered":"<ul>\n<li>\n<h2>Desempenho com efici\u00eancia energ\u00e9tica:<\/h2>\n<p>\u202ftodo-cobre\u202fmotor\u202fcom\u202fprecis\u00e3o\u202fball\u202fbola\u202fgarara-se, tranquiliza-opera\u00e7\u00e3o\u202fpor anos.<\/li>\n<li>\n<h2>Sistema de fluxo de ar suave:<\/h2>\n<p>\u202fduto do ar bem estruturado, bem estruturado, se move\u202fa\u00e9rea\u202ffreemente com\u202f resist\u00eancia m\u00ednima e ru\u00eddo.<\/li>\n<li>\n<h2>Habita\u00e7\u00e3o dur\u00e1vel\u202fabs\u202f:<\/h2>\n<p>\u202fforte,\u202fleve,\u202fe\u202fmaterial resistente \u00e0 corros\u00e3o, levanta\u202fpara\u202fpara\u202fa-humidade\u202faaaaaaaaaaaaaaaaaaaaaaaaaaaaaaaaaaaaaaaaaaaaaaaaaaaaaaaaaaaaaaapa no calor.<\/li>\n<li>\n<h2>Ajuste de teto compacto\u202f:<\/h2>\n<p>\u202fSlim\u202fperfil\u202fmounts\u202fflush\u202fpara\u202fa\u202flim,\u202fobtrusive\u202folhe em qualquer interior.<\/li>\n<li>\n<h2>Opera\u00e7\u00e3o de baixo ru\u00eddo:<\/h2>\n<p>\u202fwhisper-level\u202foutput\u202foutput\u202f torna\u202fideal\u202fideal\u202ffor\u202fbathrooms,\u202fkitchens,\u202fe offices.<\/li>\n<li>\n<h2>Facilidade de manuten\u00e7\u00e3o:<\/h2>\n<p>\u202f Quick\u2011Remove\u202fpainel\u202fpanel\u202fpara\u202fde f\u00e1cil\u202flimpeza\u202fe\u202ffiltro\u202facesso\u202f sem.<\/li>\n<li>\n<h2>Modelo de gama vers\u00e1til\u202f:<\/h2>\n<p>\u202fdispon\u00edvel\u202fem\u202fv\u00e1rios\u202fdimensions\u202f(\u03c695\u202f\u2013\u202f150\u202fmm)\u202fto\u202fdiferentes\u202flayouts\u202fe demandas.<\/li>\n<\/ul>\n<hr \/>","protected":false},"featured_media":4793,"comment_status":"open","ping_status":"closed","template":"","meta":{"_acf_changed":false},"product_brand":[],"product_cat":[28],"product_tag":[],"class_list":{"0":"post-4776","1":"product","2":"type-product","3":"status-publish","4":"has-post-thumbnail","6":"product_cat-exhaust-fan","8":"first","9":"outofstock","10":"taxable","11":"shipping-taxable","12":"purchasable","13":"product-type-variable"},"acf":[],"_links":{"self":[{"href":"https:\/\/www.ecvents.com\/pt\/wp-json\/wp\/v2\/product\/4776","targetHints":{"allow":["GET"]}}],"collection":[{"href":"https:\/\/www.ecvents.com\/pt\/wp-json\/wp\/v2\/product"}],"about":[{"href":"https:\/\/www.ecvents.com\/pt\/wp-json\/wp\/v2\/types\/product"}],"replies":[{"embeddable":true,"href":"https:\/\/www.ecvents.com\/pt\/wp-json\/wp\/v2\/comments?post=4776"}],"wp:featuredmedia":[{"embeddable":true,"href":"https:\/\/www.ecvents.com\/pt\/wp-json\/wp\/v2\/media\/4793"}],"wp:attachment":[{"href":"https:\/\/www.ecvents.com\/pt\/wp-json\/wp\/v2\/media?parent=4776"}],"wp:term":[{"taxonomy":"product_brand","embeddable":true,"href":"https:\/\/www.ecvents.com\/pt\/wp-json\/wp\/v2\/product_brand?post=4776"},{"taxonomy":"product_cat","embeddable":true,"href":"https:\/\/www.ecvents.com\/pt\/wp-json\/wp\/v2\/product_cat?post=4776"},{"taxonomy":"product_tag","embeddable":true,"href":"https:\/\/www.ecvents.com\/pt\/wp-json\/wp\/v2\/product_tag?post=4776"}],"curies":[{"name":"wp","href":"https:\/\/api.w.org\/{rel}","templated":true}]}}