{"id":4784,"date":"2026-03-19T06:04:36","date_gmt":"2026-03-19T11:04:36","guid":{"rendered":"https:\/\/www.ecvents.com\/?post_type=product&#038;p=4784"},"modified":"2026-03-19T06:04:58","modified_gmt":"2026-03-19T11:04:58","slug":"ventilador-de-exaustao-de-teto-bpt-10-23s","status":"publish","type":"product","link":"https:\/\/www.ecvents.com\/pt\/product\/ventilador-de-exaustao-de-teto-bpt-10-23s\/","title":{"rendered":"Ventilador de exaust\u00e3o de teto (BPT-10-23S)"},"content":{"rendered":"<div class=\"someee\">\n<h2><strong>Fluxo de ar silencioso. Conforto duradouro. Constru\u00eddo para os espa\u00e7os do dia a dia.<\/strong><\/h2>\n<p>o\u00a0<strong>Teto\u202fesgotador\u202ffan\u202f(BPT-10-23S)<\/strong>\u00a0\u00c9 um daqueles itens essenciais que simplesmente melhora uma sala sem chamar a aten\u00e7\u00e3o. Ele mant\u00e9m o ar fresco, a umidade baixa e os espa\u00e7os mais confort\u00e1veis - funcionando t\u00e3o suavemente e silenciosamente que voc\u00ea esquecer\u00e1 que est\u00e1 l\u00e1.<\/p>\n<p>Dentro, um\u00a0<strong>Motor de economia de energia de todos os cobre<\/strong>\u00a0emparelhado com\u00a0<strong>Rolamentos de bola de alta qualidade<\/strong>\u00a0Garante um desempenho est\u00e1vel e eficiente. O duto e o chassi de ar cuidadosamente projetados trabalham juntos para minimizar a resist\u00eancia e a vibra\u00e7\u00e3o, proporcionando um fluxo de ar est\u00e1vel com precis\u00e3o de baixo ru\u00eddo. Ligue-o uma vez e funcionar\u00e1 -----------------------------------------------.<\/p>\n<p>feito de\u00a0<strong>ABS\u202fabs\u202f de alta qualidade<\/strong>, o ventilador \u00e9 leve e resistente, projetado para resistir \u00e0 ferrugem, umidade e deforma\u00e7\u00e3o\u202f\u2014\u202fperfeito para banheiros, cozinhas ou qualquer espa\u00e7o propenso a umidade. sua\u00a0<strong>Perfil Slim\u202fe\u202fCompact\u202f<\/strong>\u00a0Adapta-se a espa\u00e7os de teto apertados para uma instala\u00e7\u00e3o limpa e perfeita que combina sem esfor\u00e7o com interiores modernos.<\/p>\n<p>A manuten\u00e7\u00e3o \u00e9 agradavelmente simples: o painel da frente se desprende\u202fpara\u202fa\u202f\u00e1pis, limpa, limpa, limpa e mant\u00e9m o rosto sem problemas. Com\u202ffiloflow constante\u202fe fluxo de ar e\u202flow-ru\u00eddo\u202fopera\u00e7\u00e3o\u202f(cerca de 41\u202fdb),\u202fo mant\u00e9m o ar, circulando\u202fe espa\u00e7os\u202fefetivamente\u202fem-cassas,\u202fe-oficiais,\u202fe-commercial\u202falike\u202fa like\u202fa like\u202fa like\u202fa like).<\/p>\n<p>Elegante, eficiente e constru\u00eddo para o \u00faltimo, o\u202fo-caule\u202fexhaust\u202f(BPT\u201110\u201123S)\u202fdesenvolva o ar limpo e a tranquilidade, a confian\u00e7a.<\/p>\n<\/div>\n<hr \/>\n<p>Dimens\u00f5es (unidade: mm):<\/p>\n<div class=\"scroll-table-wrapper\">\n<div class=\"scroll-table\">\n<table id=\"tablepress-40\" class=\"tablepress tablepress-id-40\">\n<thead>\n<tr class=\"row-1\">\n\t<th class=\"column-1\">modelo<\/th><th class=\"column-2\">A<\/th><th class=\"column-3\">B<\/th><th class=\"column-4\">C<\/th><th class=\"column-5\">D<\/th><th class=\"column-6\">E<\/th><th class=\"column-7\">F<\/th><th class=\"column-8\">\u03c6d<\/th><th class=\"column-9\">Tamanho do furo (mm)<\/th>\n<\/tr>\n<\/thead>\n<tbody class=\"row-striping row-hover\">\n<tr class=\"row-2\">\n\t<td class=\"column-1\">BPT-10-23S<\/td><td class=\"column-2\">300<\/td><td class=\"column-3\">300<\/td><td class=\"column-4\">100<\/td><td class=\"column-5\">200<\/td><td class=\"column-6\">270<\/td><td class=\"column-7\">300<\/td><td class=\"column-8\">100<\/td><td class=\"column-9\">300x300<\/td>\n<\/tr>\n<\/tbody>\n<\/table>\n<!-- #tablepress-40 from cache --><\/div>\n<\/div>\n<div><\/div>\n<div class=\"woocb\"><a class=\"wocb\" href=\"http:\/\/www.beiaole.com\/wp-content\/uploads\/2025\/08\/d3.9.1.pdf\" target=\"_blank\" rel=\"noopener\">formar<\/a><\/div>\n<div><\/div>\n<p><img loading=\"lazy\" decoding=\"async\" class=\"aligncenter wp-image-17138 size-large\" src=\"http:\/\/www.beiaole.com\/wp-content\/uploads\/2025\/08\/s3.10-625x1024.png\" alt=\"Ceiling Exhaust Fan(BPT-10-23S)-size\" width=\"625\" height=\"1024\" data-no-translation=\"\" \/><br \/>\nDesempenho:<\/p>\n<div class=\"scroll-table-wrapper\">\n<div class=\"scroll-table\">\n<table id=\"tablepress-41\" class=\"tablepress tablepress-id-41\">\n<thead>\n<tr class=\"row-1\">\n\t<th class=\"column-1\">modelo<\/th><th class=\"column-2\">Tens\u00e3o(V)\/frequ\u00eancia(Hz)<\/th><th class=\"column-3\">poder (w)<\/th><th class=\"column-4\">Fluxo de ar (m\u00b3\/h)<\/th><th class=\"column-5\">Press\u00e3o est\u00e1tica (PA)<\/th><th class=\"column-6\">Ru\u00eddo(da(a))<\/th><th class=\"column-7\">G.W (kg)<\/th><th class=\"column-8\">Tamanho do duto (\u03c6mm)<\/th><th class=\"column-9\">Tamanho do painel (mm)<\/th>\n<\/tr>\n<\/thead>\n<tbody class=\"row-striping row-hover\">\n<tr class=\"row-2\">\n\t<td class=\"column-1\">BPT-10-23S<\/td><td class=\"column-2\">200 V~50Hz<\/td><td class=\"column-3\">30<\/td><td class=\"column-4\">250<\/td><td class=\"column-5\">150<\/td><td class=\"column-6\">41<\/td><td class=\"column-7\">2.1<\/td><td class=\"column-8\">100<\/td><td class=\"column-9\">300x300<\/td>\n<\/tr>\n<\/tbody>\n<\/table>\n<!-- #tablepress-41 from cache --><\/div>\n<\/div>\n<div><\/div>\n<div class=\"woocb\"><a class=\"wocb\" href=\"http:\/\/www.beiaole.com\/wp-content\/uploads\/2025\/08\/d3.9.2.pdf\" target=\"_blank\" rel=\"noopener\">formar<\/a><\/div>\n<div><\/div>","protected":false},"excerpt":{"rendered":"<ul>\n<li>\n<h2>Motor de cobre eficiente em termos de energia:<\/h2>\n<p>\u202fentrega\u202fstadedy\u202f250\u202fm\u00b3\/h\u202fflow\u202fcom\u202fjust\u202f30\u202fw\u202fde-consumo.<\/li>\n<li>\n<h2>Opera\u00e7\u00e3o de baixo ru\u00eddo:<\/h2>\n<p>\u202fequilibrado\u202f impulsor\u202fe\u202fduduto\u202fduduto\u202fdesign\u202fmanh\u00e3\u202fsalo\u202fto\u202fa\u202fa\u202fa\u202fa).<\/li>\n<li>\n<h2>Constru\u00e7\u00e3o dur\u00e1vel:<\/h2>\n<p>\u202fabs\u202fabs\u202fabs\u202falta-resist\u00eancia\u202forestas\u202fcorros\u00e3o,\u202farragem,\u202fe\u202fmoisture\u202fcausar-over\u202f.<\/li>\n<li>\n<h2>Compacto\u202fe\u202feslim\u202fform:<\/h2>\n<p>\u202ffits\u202ftele\u202fpain\u00e9is\u202fat\u202f300\u202f\u00d7\u202f300\u202fmm,\u202fideal\u202fpara\u202fdelana\u00e7\u00f5es e modernas.<\/li>\n<li>\n<h2>Manuten\u00e7\u00e3o simples:<\/h2>\n<p>\u202f Quick\u2011 Release\u202fpanel\u202ffront\u202fpara-limpeza f\u00e1cil\u202f sem ferramentas\u202f ou\u202fmontagem complexa.<\/li>\n<li>\n<h2>Desempenho confi\u00e1vel:<\/h2>\n<p>Fluxo de ar \u202fstable\u202fde\u202f250\u202fm\u00b3\/h\u202fat\u202f150\u202fpa\u202fest\u00e1tico\u202ffornece\u202ffresh\u202fflow\u202fpara\u202fbathrooms\u202fe\u202fkitchens.<\/li>\n<li>\n<h2>Leve\u202fConstruir:<\/h2>\n<p>\u202fa-apenas\u202f2.1\u202fkg,\u202finstala\u00e7\u00e3o\u202f\u00e9\u202fseguro,\u202fsimples,\u202fe\u202fe.<\/li>\n<\/ul>\n<hr \/>","protected":false},"featured_media":4794,"comment_status":"open","ping_status":"closed","template":"","meta":{"_acf_changed":false},"product_brand":[],"product_cat":[28],"product_tag":[],"class_list":{"0":"post-4784","1":"product","2":"type-product","3":"status-publish","4":"has-post-thumbnail","6":"product_cat-exhaust-fan","8":"first","9":"outofstock","10":"taxable","11":"shipping-taxable","12":"purchasable","13":"product-type-simple"},"acf":[],"_links":{"self":[{"href":"https:\/\/www.ecvents.com\/pt\/wp-json\/wp\/v2\/product\/4784","targetHints":{"allow":["GET"]}}],"collection":[{"href":"https:\/\/www.ecvents.com\/pt\/wp-json\/wp\/v2\/product"}],"about":[{"href":"https:\/\/www.ecvents.com\/pt\/wp-json\/wp\/v2\/types\/product"}],"replies":[{"embeddable":true,"href":"https:\/\/www.ecvents.com\/pt\/wp-json\/wp\/v2\/comments?post=4784"}],"wp:featuredmedia":[{"embeddable":true,"href":"https:\/\/www.ecvents.com\/pt\/wp-json\/wp\/v2\/media\/4794"}],"wp:attachment":[{"href":"https:\/\/www.ecvents.com\/pt\/wp-json\/wp\/v2\/media?parent=4784"}],"wp:term":[{"taxonomy":"product_brand","embeddable":true,"href":"https:\/\/www.ecvents.com\/pt\/wp-json\/wp\/v2\/product_brand?post=4784"},{"taxonomy":"product_cat","embeddable":true,"href":"https:\/\/www.ecvents.com\/pt\/wp-json\/wp\/v2\/product_cat?post=4784"},{"taxonomy":"product_tag","embeddable":true,"href":"https:\/\/www.ecvents.com\/pt\/wp-json\/wp\/v2\/product_tag?post=4784"}],"curies":[{"name":"wp","href":"https:\/\/api.w.org\/{rel}","templated":true}]}}