{"id":4785,"date":"2026-03-19T06:04:36","date_gmt":"2026-03-19T11:04:36","guid":{"rendered":"https:\/\/www.ecvents.com\/?post_type=product&#038;p=4785"},"modified":"2026-03-19T06:05:27","modified_gmt":"2026-03-19T11:05:27","slug":"ventilador-de-banheiro-montado-na-parede","status":"publish","type":"product","link":"https:\/\/www.ecvents.com\/pt\/product\/ventilador-de-banheiro-montado-na-parede\/","title":{"rendered":"Ventilador de banheiro montado na parede"},"content":{"rendered":"<div class=\"someee\">\n<h2><strong>Desempenho silencioso. Frescura constante. Constru\u00eddo para o conforto di\u00e1rio.<\/strong><\/h2>\n<p>o\u00a0<strong>Wall\u202fmontada\u202fbathroom\u202f<\/strong>\u00a0\u00c9 um daqueles itens essenciais que fazem um espa\u00e7o parecer mais leve, sem chamar a aten\u00e7\u00e3o para si mesmo. Ele limpa o vapor com efici\u00eancia ap\u00f3s o banho, remove os odores e mant\u00e9m o ar limpo e seco - o tipo de conforto que rapidamente se torna indispens\u00e1vel quando voc\u00ea o possui.<\/p>\n<p>Em sua ess\u00eancia, h\u00e1 um\u00a0<strong>Motor de economia de energia de cobre<\/strong>\u00a0Apoiado por\u00a0<strong>Rolamentos de alta qualidade<\/strong>, projetado para uma estabilidade duradoura e uma opera\u00e7\u00e3o suave e silenciosa. O design integrado do duto de ar minimiza a resist\u00eancia e a vibra\u00e7\u00e3o, criando um fluxo de ar constante que \u00e9 poderoso, mas suave.<\/p>\n<p>totalmente feito de\u00a0<strong>Pl\u00e1stico de alta qualidade<\/strong>, o ventilador \u00e9 leve, \u00e0 prova de ferrugem e perfeitamente adequado para condi\u00e7\u00f5es \u00famidas. Sua forma compacta e fina se encaixa perfeitamente em paredes ou tetos, combinando-se com qualquer banheiro ou espa\u00e7o de lavanderia. Resiste \u00e0 corros\u00e3o, descolora\u00e7\u00e3o e deforma\u00e7\u00e3o mesmo sob uso cont\u00ednuo.<\/p>\n<p>A manuten\u00e7\u00e3o n\u00e3o poderia ser mais f\u00e1cil \u2013 apenas uma limpeza r\u00e1pida mant\u00e9m a mesma impec\u00e1vel e funcionando sem problemas. Com desempenho de baixo ru\u00eddo em torno\u00a0<strong>39\u202f\u2013\u202f43\u202fdb<\/strong>, oferece ventila\u00e7\u00e3o confi\u00e1vel sem perturbar sua paz e tranquilidade.<\/p>\n<p>Simples, eficiente e constru\u00eddo para o conforto, o banheiro montado na parede, o ventilador, nunca exige aten\u00e7\u00e3o - ele apenas mant\u00e9m o ar fresco em movimento, para que voc\u00ea possa relaxar e respirar com calma.<\/p>\n<\/div>\n<hr \/>\n<p>Dimens\u00f5es (unidade: mm):<\/p>\n<div class=\"scroll-table-wrapper\">\n<div class=\"scroll-table\">\n<table id=\"tablepress-42\" class=\"tablepress tablepress-id-42\">\n<thead>\n<tr class=\"row-1\">\n\t<th class=\"column-1\">modelo<\/th><th class=\"column-2\">A<\/th><th class=\"column-3\">B<\/th><th class=\"column-4\">C<\/th><th class=\"column-5\">D<\/th><th class=\"column-6\">E<\/th>\n<\/tr>\n<\/thead>\n<tbody class=\"row-striping row-hover\">\n<tr class=\"row-2\">\n\t<td class=\"column-1\">APC10-S-N<\/td><td class=\"column-2\">150<\/td><td class=\"column-3\">150<\/td><td class=\"column-4\">97<\/td><td class=\"column-5\">85<\/td><td class=\"column-6\">16<\/td>\n<\/tr>\n<tr class=\"row-3\">\n\t<td class=\"column-1\">APC15-2S-N<\/td><td class=\"column-2\">200<\/td><td class=\"column-3\">200<\/td><td class=\"column-4\">145<\/td><td class=\"column-5\">88<\/td><td class=\"column-6\">16<\/td>\n<\/tr>\n<tr class=\"row-4\">\n\t<td class=\"column-1\">APC20-3S-N<\/td><td class=\"column-2\">252<\/td><td class=\"column-3\">252<\/td><td class=\"column-4\">179<\/td><td class=\"column-5\">98<\/td><td class=\"column-6\">16<\/td>\n<\/tr>\n<\/tbody>\n<\/table>\n<!-- #tablepress-42 from cache --><\/div>\n<\/div>\n<div><\/div>\n<div class=\"woocb\"><a class=\"wocb\" href=\"http:\/\/www.beiaole.com\/wp-content\/uploads\/2025\/08\/d3.10.1.pdf\" target=\"_blank\" rel=\"noopener\">formar<\/a><\/div>\n<div><\/div>\n<p><img loading=\"lazy\" decoding=\"async\" class=\"aligncenter wp-image-17182 size-large\" src=\"http:\/\/www.beiaole.com\/wp-content\/uploads\/2025\/08\/s3.11-549x1024.png\" alt=\"Wall Mounted Bathroom Fan-size\" width=\"549\" height=\"1024\" data-no-translation=\"\" \/><br \/>\nDesempenho:<\/p>\n<div class=\"scroll-table-wrapper\">\n<div class=\"scroll-table\">\n<table id=\"tablepress-43\" class=\"tablepress tablepress-id-43\">\n<thead>\n<tr class=\"row-1\">\n\t<th class=\"column-1\">modelo<\/th><th class=\"column-2\">Tamanho (mm)<\/th><th class=\"column-3\">tens\u00e3o(v)<\/th><th class=\"column-4\">Frequ\u00eancia(Hz)<\/th><th class=\"column-5\">poder (w)<\/th><th class=\"column-6\">Fluxo de ar (m\u00b3\/min)<\/th><th class=\"column-7\">Ru\u00eddo(db(a))<\/th>\n<\/tr>\n<\/thead>\n<tbody class=\"row-striping row-hover\">\n<tr class=\"row-2\">\n\t<td class=\"column-1\">APC10-S-N<\/td><td class=\"column-2\">100<\/td><td class=\"column-3\">220<\/td><td class=\"column-4\">50<\/td><td class=\"column-5\">9<\/td><td class=\"column-6\">1.5<\/td><td class=\"column-7\">39<\/td>\n<\/tr>\n<tr class=\"row-3\">\n\t<td class=\"column-1\">APC15-2S-N<\/td><td class=\"column-2\">150<\/td><td class=\"column-3\">220<\/td><td class=\"column-4\">50<\/td><td class=\"column-5\">16<\/td><td class=\"column-6\">3.0<\/td><td class=\"column-7\">39<\/td>\n<\/tr>\n<tr class=\"row-4\">\n\t<td class=\"column-1\">APC20-3S-N<\/td><td class=\"column-2\">200<\/td><td class=\"column-3\">220<\/td><td class=\"column-4\">50<\/td><td class=\"column-5\">18<\/td><td class=\"column-6\">4.2<\/td><td class=\"column-7\">43<\/td>\n<\/tr>\n<\/tbody>\n<\/table>\n<!-- #tablepress-43 from cache --><\/div>\n<\/div>\n<div><\/div>\n<div class=\"woocb\"><a class=\"wocb\" href=\"http:\/\/www.beiaole.com\/wp-content\/uploads\/2025\/08\/d3.10.2.pdf\" target=\"_blank\" rel=\"noopener\">formar<\/a><\/div>\n<div><\/div>","protected":false},"excerpt":{"rendered":"<ul>\n<li>\n<h2>Motor de cobre eficiente em termos de energia:<\/h2>\n<p>\u202f puro\u202fcopper\u202fcore\u202fmotor\u202fcom\u202fcom os rolamentos\u202fgarantes\u202fdesempenho\u202fest\u00e1bulos\u202fe\u202fe opera\u00e7\u00e3o de sil\u00eancio.<\/li>\n<li>\n<h2>Sistema de fluxo de ar suave:<\/h2>\n<p>\u202fintegrado\u202fchassis\u202fe\u202fduto\u202freduzir\u202f resistance\u202fe\u202f entregar\u202fainda\u202falis\u202f.<\/li>\n<li>\n<h2>Constru\u00e7\u00e3o dur\u00e1vel de abs:<\/h2>\n<p>\u202fsobrevi\u00e1rio\u202fleve\u202fe\u202fcorros\u00e3o\u202f\u202fcorpo\u202fo resiste\u202fcalor, humidade,\u202fe deforma\u00e7\u00e3o\u202f no tempo.<\/li>\n<li>\n<h2>Opera\u00e7\u00e3o de baixo ru\u00eddo:<\/h2>\n<p>\u202fopera\u202fat\u202fjust\u202f39\u202f\u2013\u202f43\u202fdb(a)\u202fpara o banheiro de um ambiente de banheiro com paz.<\/li>\n<li>\n<h2>Projeto compacto\u202f:<\/h2>\n<p>\u202ffits\u202f nitidamente\u202fon\u202fwalls\u202fou\u202fuilings\u202f\u2014\u202fperfeito\u202fpara\u202fapartamentos\u202fapartamentos\u202fou\u202fcathrooms.<\/li>\n<li>\n<h2>F\u00e1cil, limpeza e manuten\u00e7\u00e3o:<\/h2>\n<p>\u202fSmooth\u202fSurface\u202fwipes\u202flimpo em\u202fsegundos\u202fpara o desempenho fresco longo prazo.<\/li>\n<li>\n<h2>Op\u00e7\u00f5es de tamanho m\u00faltiplo:<\/h2>\n<p>\u202fdispon\u00edvel\u202fem\u202f100\u202fmm,\u202f150\u202fmm,\u202fe\u202f200\u202fmm\u202fdimetros\u202fmatch\u202fdiferentes\u202fsala\u202f.<\/li>\n<\/ul>\n<hr \/>","protected":false},"featured_media":4819,"comment_status":"open","ping_status":"closed","template":"","meta":{"_acf_changed":false},"product_brand":[],"product_cat":[28],"product_tag":[],"class_list":{"0":"post-4785","1":"product","2":"type-product","3":"status-publish","4":"has-post-thumbnail","6":"product_cat-exhaust-fan","8":"first","9":"outofstock","10":"taxable","11":"shipping-taxable","12":"purchasable","13":"product-type-variable"},"acf":[],"_links":{"self":[{"href":"https:\/\/www.ecvents.com\/pt\/wp-json\/wp\/v2\/product\/4785","targetHints":{"allow":["GET"]}}],"collection":[{"href":"https:\/\/www.ecvents.com\/pt\/wp-json\/wp\/v2\/product"}],"about":[{"href":"https:\/\/www.ecvents.com\/pt\/wp-json\/wp\/v2\/types\/product"}],"replies":[{"embeddable":true,"href":"https:\/\/www.ecvents.com\/pt\/wp-json\/wp\/v2\/comments?post=4785"}],"wp:featuredmedia":[{"embeddable":true,"href":"https:\/\/www.ecvents.com\/pt\/wp-json\/wp\/v2\/media\/4819"}],"wp:attachment":[{"href":"https:\/\/www.ecvents.com\/pt\/wp-json\/wp\/v2\/media?parent=4785"}],"wp:term":[{"taxonomy":"product_brand","embeddable":true,"href":"https:\/\/www.ecvents.com\/pt\/wp-json\/wp\/v2\/product_brand?post=4785"},{"taxonomy":"product_cat","embeddable":true,"href":"https:\/\/www.ecvents.com\/pt\/wp-json\/wp\/v2\/product_cat?post=4785"},{"taxonomy":"product_tag","embeddable":true,"href":"https:\/\/www.ecvents.com\/pt\/wp-json\/wp\/v2\/product_tag?post=4785"}],"curies":[{"name":"wp","href":"https:\/\/api.w.org\/{rel}","templated":true}]}}