{"id":4789,"date":"2026-03-19T06:04:37","date_gmt":"2026-03-19T11:04:37","guid":{"rendered":"https:\/\/www.ecvents.com\/?post_type=product&#038;p=4789"},"modified":"2026-03-19T06:05:14","modified_gmt":"2026-03-19T11:05:14","slug":"ventilador-de-teto-de-painel-de-aluminio","status":"publish","type":"product","link":"https:\/\/www.ecvents.com\/pt\/product\/ventilador-de-teto-de-painel-de-aluminio\/","title":{"rendered":"Ventilador de teto de painel de alum\u00ednio"},"content":{"rendered":"<div class=\"someee\">\n<h2><strong>Pot\u00eancia compacta. Confiabilidade silenciosa. Constru\u00eddo para o conforto di\u00e1rio.<\/strong><\/h2>\n<p>o\u00a0<strong>ex-aluno\u202fpainel\u202ffan\u202f<\/strong>\u00a0Oferece um fluxo de ar silencioso e eficiente em uma forma compacta e discreta\u202f\u2014\u202fideal para espa\u00e7os que exigem conforto sem compromissos. Projetado para se misturar perfeitamente em tetos, ele mant\u00e9m o ar em movimento suave, mantendo uma est\u00e9tica limpa e moderna que se adapta tanto a interiores residenciais quanto comerciais.<\/p>\n<p>Em sua ess\u00eancia, h\u00e1 um\u00a0<strong>Todo o cobre, motor que economiza energia<\/strong>\u00a0Apoiado por\u00a0<strong>Rolamentos de bola de alta qualidade<\/strong>, garantindo uma estabilidade duradoura e desempenho de baixo ru\u00eddo. O chassi aerodin\u00e2mico e a estrutura do duto de ar s\u00e3o projetados para funcionar em harmonia, reduzindo a vibra\u00e7\u00e3o, mantendo o fluxo de ar constante e prolongando a vida \u00fatil do produto mesmo em uso cont\u00ednuo.<\/p>\n<p>Feito de alta resist\u00eancia\u00a0<strong>ABS\u202fpl\u00e1stico<\/strong>, o ventilador \u00e9 leve, mas notavelmente dur\u00e1vel. Resistente \u00e0 ferrugem, corros\u00e3o e deforma\u00e7\u00e3o, \u00e9 perfeitamente adequado para ambientes \u00famidos, como cozinhas e banheiros. O painel elegante, 300\u202f\u00d7\u202f300\u202fmm, complementa a arquitetura moderna, enquanto a instala\u00e7\u00e3o de f\u00e1cil ajuste permite a montagem r\u00e1pida diretamente em tetos ou grades de ventila\u00e7\u00e3o.<\/p>\n<p>Simples de manter e constru\u00eddo para durar, o painel de ex-alunos do painel, o fan de teto combina a funcionalidade com uma eleg\u00e2ncia sutil\u202f\u2014\u202f um performer silencioso que funciona de forma confi\u00e1vel dia ap\u00f3s dia.<\/p>\n<\/div>\n<hr \/>\n<p>Dimens\u00f5es (unidade: mm):<\/p>\n<div class=\"scroll-table-wrapper\">\n<div class=\"scroll-table\">\n<table id=\"tablepress-44\" class=\"tablepress tablepress-id-44\">\n<thead>\n<tr class=\"row-1\">\n\t<th class=\"column-1\">modelo<\/th><th class=\"column-2\">A<\/th><th class=\"column-3\">B<\/th><th class=\"column-4\">C<\/th><th class=\"column-5\">\u03c6d<\/th><th class=\"column-6\">D<\/th><th class=\"column-7\">E<\/th>\n<\/tr>\n<\/thead>\n<tbody class=\"row-striping row-hover\">\n<tr class=\"row-2\">\n\t<td class=\"column-1\">bpt10-23<\/td><td class=\"column-2\">300<\/td><td class=\"column-3\">300<\/td><td class=\"column-4\">100<\/td><td class=\"column-5\">98<\/td><td class=\"column-6\">363<\/td><td class=\"column-7\">237<\/td>\n<\/tr>\n<\/tbody>\n<\/table>\n<!-- #tablepress-44 from cache --><\/div>\n<\/div>\n<div><\/div>\n<div class=\"woocb\"><a class=\"wocb\" href=\"http:\/\/www.beiaole.com\/wp-content\/uploads\/2025\/08\/d3.11.1.pdf\" target=\"_blank\" rel=\"noopener\">formar<\/a><\/div>\n<div><\/div>\n<p><img loading=\"lazy\" decoding=\"async\" class=\"aligncenter wp-image-17200 size-large\" src=\"http:\/\/www.beiaole.com\/wp-content\/uploads\/2025\/08\/s3.12-653x1024.png\" alt=\"Alum Panel Ceiling Fan-size\" width=\"653\" height=\"1024\" data-no-translation=\"\" \/><br \/>\nDesempenho:<\/p>\n<div class=\"scroll-table-wrapper\">\n<div class=\"scroll-table\">\n<table id=\"tablepress-45\" class=\"tablepress tablepress-id-45\">\n<thead>\n<tr class=\"row-1\">\n\t<th class=\"column-1\">modelo<\/th><th class=\"column-2\">Tens\u00e3o(V)\/frequ\u00eancia(Hz)<\/th><th class=\"column-3\">poder (w)<\/th><th class=\"column-4\">Fluxo de ar (m\u00b3\/h)<\/th><th class=\"column-5\">Press\u00e3o est\u00e1tica (PA)<\/th><th class=\"column-6\">Ru\u00eddo(db(a))<\/th><th class=\"column-7\">g.w(kg)<\/th><th class=\"column-8\">Tamanho do duto<br \/>\n(\u03c6mm)<\/th><th class=\"column-9\">Tamanho do painel (mm)<\/th><th class=\"column-10\">Tamanho do furo (mm)<\/th>\n<\/tr>\n<\/thead>\n<tbody class=\"row-striping row-hover\">\n<tr class=\"row-2\">\n\t<td class=\"column-1\">BPT-10-23<\/td><td class=\"column-2\">200 V~50Hz<\/td><td class=\"column-3\">30<\/td><td class=\"column-4\">180<\/td><td class=\"column-5\">98<\/td><td class=\"column-6\">42<\/td><td class=\"column-7\">2.1<\/td><td class=\"column-8\">100<\/td><td class=\"column-9\">300x300<\/td><td class=\"column-10\">300x300<\/td>\n<\/tr>\n<\/tbody>\n<\/table>\n<!-- #tablepress-45 from cache --><\/div>\n<\/div>\n<div><\/div>\n<div class=\"woocb\"><a class=\"wocb\" href=\"http:\/\/www.beiaole.com\/wp-content\/uploads\/2025\/08\/d3.11.2.pdf\" target=\"_blank\" rel=\"noopener\">formar<\/a><\/div>\n<div><\/div>","protected":false},"excerpt":{"rendered":"<ul>\n<li>\n<h2>Motor eficiente em termos de energia:<\/h2>\n<p>\u202ftodo-cobre\u202fcore\u202fmotor\u202fdeliver\u202fstable\u202fventila\u00e7\u00e3o\u202fenquanto\u202fpoder pode usar\u202flow\u202f(30\u202fw).<\/li>\n<li>\n<h2>Fluxo de ar est\u00e1vel:<\/h2>\n<p>\u202fvolante\u202fde\u202fde\u202f de<strong>180\u202fm\u00b3\/h<\/strong>\u202fe\u202fstatic\u202fpress\u00e3o\u202fof\u202f<strong>98\u202fpa<\/strong>\u202fgarantir\u202fforte,\u202fdesempenho consistente.<\/li>\n<li>\n<h2>Opera\u00e7\u00e3o de baixo ru\u00eddo:<\/h2>\n<p>\u202fquiet\u202fcorrendo\u202fat\u202f<strong>42\u202fdb(a)<\/strong>\u202f Mant\u00e9m o espa\u00e7o\u202fpac\u00edfico\u202f\u202f\u2014\u202fperfeito\u202ffor\u202fhomes\u202for\u202fde escrit\u00f3rios.<\/li>\n<li>\n<h2>Constru\u00e7\u00e3o dur\u00e1vel de abs:<\/h2>\n<p>\u202flivre de ferrugem,\u202fresistente ao impacto,\u202fe\u202f constru\u00eddo para\u202fpara\u202f\u00e9\u202f umidade\u202fe\u202fflutua\u00e7\u00f5es.<\/li>\n<li>\n<h2>Projeto compacto\u202f:<\/h2>\n<p>\u202ffits\u202fflush\u202fto\u202fpadr\u00e3o\u202f<strong>300\u202f\u00d7\u202f300\u202fmm<\/strong>\u202fpain\u00e9is\u202fe\u202f partidas\u202fa\u202f<strong>100\u202fmm\u202fduct\u202fdimensionar<\/strong>\u202fpara\u202fintegra\u00e7\u00e3o f\u00e1cil.<\/li>\n<li>\n<h2>Facilidade de manuten\u00e7\u00e3o:<\/h2>\n<p>\u202fSuperf\u00edcie\u202fSuperf\u00edcie\u202fe\u202facess\u00edvel estrutura\u202fde limpeza\u202fdireita\u202fdireita\u202fe\u202f sem ferramentas.<\/li>\n<li>\n<h2>Leve\u202fConstruir:<\/h2>\n<p>\u202fa-apenas\u202f2.1\u202fkg,\u202finstala\u00e7\u00e3o\u202f\u00e9\u202fsimples,\u202fseguro,\u202fe\u202fe r\u00e1pido.<\/li>\n<\/ul>\n<hr \/>","protected":false},"featured_media":4820,"comment_status":"open","ping_status":"closed","template":"","meta":{"_acf_changed":false},"product_brand":[],"product_cat":[28],"product_tag":[],"class_list":{"0":"post-4789","1":"product","2":"type-product","3":"status-publish","4":"has-post-thumbnail","6":"product_cat-exhaust-fan","8":"first","9":"outofstock","10":"taxable","11":"shipping-taxable","12":"purchasable","13":"product-type-simple"},"acf":[],"_links":{"self":[{"href":"https:\/\/www.ecvents.com\/pt\/wp-json\/wp\/v2\/product\/4789","targetHints":{"allow":["GET"]}}],"collection":[{"href":"https:\/\/www.ecvents.com\/pt\/wp-json\/wp\/v2\/product"}],"about":[{"href":"https:\/\/www.ecvents.com\/pt\/wp-json\/wp\/v2\/types\/product"}],"replies":[{"embeddable":true,"href":"https:\/\/www.ecvents.com\/pt\/wp-json\/wp\/v2\/comments?post=4789"}],"wp:featuredmedia":[{"embeddable":true,"href":"https:\/\/www.ecvents.com\/pt\/wp-json\/wp\/v2\/media\/4820"}],"wp:attachment":[{"href":"https:\/\/www.ecvents.com\/pt\/wp-json\/wp\/v2\/media?parent=4789"}],"wp:term":[{"taxonomy":"product_brand","embeddable":true,"href":"https:\/\/www.ecvents.com\/pt\/wp-json\/wp\/v2\/product_brand?post=4789"},{"taxonomy":"product_cat","embeddable":true,"href":"https:\/\/www.ecvents.com\/pt\/wp-json\/wp\/v2\/product_cat?post=4789"},{"taxonomy":"product_tag","embeddable":true,"href":"https:\/\/www.ecvents.com\/pt\/wp-json\/wp\/v2\/product_tag?post=4789"}],"curies":[{"name":"wp","href":"https:\/\/api.w.org\/{rel}","templated":true}]}}