{"id":4790,"date":"2026-03-19T06:04:37","date_gmt":"2026-03-19T11:04:37","guid":{"rendered":"https:\/\/www.ecvents.com\/?post_type=product&#038;p=4790"},"modified":"2026-03-19T06:05:27","modified_gmt":"2026-03-19T11:05:27","slug":"cortina-de-ar-elevador","status":"publish","type":"product","link":"https:\/\/www.ecvents.com\/pt\/product\/cortina-de-ar-elevador\/","title":{"rendered":"cortina de ar elevador"},"content":{"rendered":"<div class=\"someee\">\n<h2><strong>ar fresco. Conforto tranquilo. Constru\u00eddo para elevadores modernos.<\/strong><\/h2>\n<p>o\u00a0<strong>Elevador\u202fa\u00e9rea\u202fcurtain<\/strong>\u00a0\u00c9 projetado com pessoas \u2013 n\u00e3o apenas com m\u00e1quinas \u2013 em mente. Ele cria uma sensa\u00e7\u00e3o imediata de conforto no momento em que as portas se fecham, mantendo o ar dentro da cabine fresca, fresca e agradavelmente equilibrada sem pensar duas vezes.<\/p>\n<p>A\u00a0<strong>Sensor de indu\u00e7\u00e3o humana embutido<\/strong>\u00a0Torna a opera\u00e7\u00e3o sem esfor\u00e7o e autom\u00e1tico. O ventilador \u00e9 ativado assim que os passageiros entram e, ap\u00f3s alguns momentos de inatividade, se fecha suavemente. Este design inteligente economiza energia, elimina o desperd\u00edcio e garante que o sistema funcione somente quando realmente necess\u00e1rio.<\/p>\n<p>O conforto est\u00e1 nos detalhes. o\u00a0<strong>15 graus de \u201cangulo de ouro\u201d\u202ffluxo de ar<\/strong>\u00a0Direciona uma brisa suave e uniforme no rosto, mantendo uma atmosfera refrescante e natural, sem correntes de ar ou desequil\u00edbrio de temperatura.<\/p>\n<p>No interior, o ventilador \u00e9 constru\u00eddo para uma for\u00e7a silenciosa.\u00a0<strong>Rolamentos de a\u00e7o de precis\u00e3o<\/strong>\u00a0S\u00e3o pr\u00e9-lubrificados para uma longa vida \u00fatil e um desgaste m\u00ednimo, garantindo que o mesmo zumbido que voc\u00ea ouve hoje soe t\u00e3o gentil quanto daqui a alguns anos.<\/p>\n<p>Compacto, eficiente e autom\u00e1tico, a cortina do elevador, remodela pequenos espa\u00e7os com conforto sutil, um toque final elegante que os passageiros apreciam a cada passeio.<\/p>\n<\/div>\n<hr \/>\n<p>Desempenho:<\/p>\n<div class=\"scroll-table-wrapper\">\n<div class=\"scroll-table\">\n<table id=\"tablepress-53\" class=\"tablepress tablepress-id-53\">\n<thead>\n<tr class=\"row-1\">\n\t<th class=\"column-1\">modelo<\/th><th class=\"column-2\">Dimens\u00f5es (mm)<\/th><th class=\"column-3\">tens\u00e3o(v)<\/th><th class=\"column-4\">Frequ\u00eancia(Hz)<\/th><th class=\"column-5\">poder (w)<\/th><th class=\"column-6\">Velocidade (m\/s)<\/th><th class=\"column-7\">Fluxo de ar (m\u00b3\/h)<\/th><th class=\"column-8\">Ru\u00eddo (db)<\/th><th class=\"column-9\">Peso (kg)<\/th>\n<\/tr>\n<\/thead>\n<tbody class=\"row-striping row-hover\">\n<tr class=\"row-2\">\n\t<td class=\"column-1\">FM-125-08DT<br \/>\n(interruptor de teclas)<\/td><td class=\"column-2\">800x146x173<\/td><td class=\"column-3\">220<\/td><td class=\"column-4\">50<\/td><td class=\"column-5\">80<\/td><td class=\"column-6\">7.5<\/td><td class=\"column-7\">860<\/td><td class=\"column-8\">\u226449<\/td><td class=\"column-9\">5<\/td>\n<\/tr>\n<tr class=\"row-3\">\n\t<td class=\"column-1\"> FM-125-08DT<br \/>\n(interruptor indutivo)<\/td><td class=\"column-2\">800\u00d7146x173<\/td><td class=\"column-3\">220<\/td><td class=\"column-4\">50<\/td><td class=\"column-5\">80<\/td><td class=\"column-6\">7.5<\/td><td class=\"column-7\">860<\/td><td class=\"column-8\">\u226449<\/td><td class=\"column-9\">5<\/td>\n<\/tr>\n<\/tbody>\n<\/table>\n<!-- #tablepress-53 from cache --><\/div>\n<\/div>\n<div><\/div>\n<div class=\"woocb\"><a class=\"wocb\" href=\"http:\/\/www.beiaole.com\/wp-content\/uploads\/2025\/10\/d4.1.pdf\" target=\"_blank\" rel=\"noopener\">formar<\/a><\/div>\n<div><\/div>","protected":false},"excerpt":{"rendered":"<ul>\n<li>\n<h2>Controle autom\u00e1tico de indu\u00e7\u00e3o\u202f:<\/h2>\n<p>\u202fsensores de corpo humano\u202fsensores\u202fa fan, como\u202f, como\u202f passageiros\u202fentro e\u202fstops\u202f logo ap\u00f3s\u202fde eles sairem,\u202feconomizando\u202fenergy\u202fcom\u202f de input.<\/li>\n<li>\n<h2>ar perfeito: \u00e2ngulo de ar:<\/h2>\n<p>\u202f15\u2011graus\u202f\u201c\u00e2ngulo de ouro\u201d\u202fdesign\u202fdeliver\u202f suave\u202fnatural\u202fflow\u202f que se renova sem.<\/li>\n<li>\n<h2>Duas op\u00e7\u00f5es de controle:<\/h2>\n<p>\u202fdispon\u00edvel\u202fcom\u202fcompat\u00edvel\u202fmudar\u202fou\u202fou totalmente\u202fautom\u00e1tico\u202fsensor-sensor\u202fpara\u202fe\u202f de opera\u00e7\u00e3o.<\/li>\n<li>\n<h2>Desempenho silencioso:<\/h2>\n<p>\u202fru\u00eddo\u202flevels\u202fas\u202fas\u202fas\u202f49\u202fdb\u202fmistudos\u202f sem costura para dentro do som ambiente do som do ambiente.<\/li>\n<li>\n<h2>Mec\u00e2nica dur\u00e1vel:<\/h2>\n<p>\u202fa\u00e7o\u202f rolamentos\u202fe baixa vibra\u00e7\u00e3o\u202fmotor\u202fcorre suavemente e de forma confi\u00e1vel ao longo de anos de uso di\u00e1rio.<\/li>\n<li>\n<h2>Projeto compacto\u202f:<\/h2>\n<p>\u202feslim\u202fcorpo\u202f(800\u202f\u00d7\u202f146\u202f\u00d7\u202f173\u202fmm)\u202ffits\u202f facilmente em c\u00e1rceps\u202fem elevadores.<\/li>\n<li>\n<h2>Efici\u00eancia de economia de energia:<\/h2>\n<p>\u202fatrai\u202fjust\u202f80\u202fw\u202fde\u202fpoder\u202fenquanto\u202fentrega\u202fflow\u202fup\u202fpara\u202f860\u202fm\u00b3\/h\u202fa7,5\u202fm\/s.<\/li>\n<\/ul>\n<hr \/>","protected":false},"featured_media":4821,"comment_status":"open","ping_status":"closed","template":"","meta":{"_acf_changed":false},"product_brand":[],"product_cat":[65],"product_tag":[],"class_list":{"0":"post-4790","1":"product","2":"type-product","3":"status-publish","4":"has-post-thumbnail","6":"product_cat-air-curtain","8":"first","9":"instock","10":"taxable","11":"shipping-taxable","12":"purchasable","13":"product-type-variable","14":"has-default-attributes"},"acf":[],"_links":{"self":[{"href":"https:\/\/www.ecvents.com\/pt\/wp-json\/wp\/v2\/product\/4790","targetHints":{"allow":["GET"]}}],"collection":[{"href":"https:\/\/www.ecvents.com\/pt\/wp-json\/wp\/v2\/product"}],"about":[{"href":"https:\/\/www.ecvents.com\/pt\/wp-json\/wp\/v2\/types\/product"}],"replies":[{"embeddable":true,"href":"https:\/\/www.ecvents.com\/pt\/wp-json\/wp\/v2\/comments?post=4790"}],"wp:featuredmedia":[{"embeddable":true,"href":"https:\/\/www.ecvents.com\/pt\/wp-json\/wp\/v2\/media\/4821"}],"wp:attachment":[{"href":"https:\/\/www.ecvents.com\/pt\/wp-json\/wp\/v2\/media?parent=4790"}],"wp:term":[{"taxonomy":"product_brand","embeddable":true,"href":"https:\/\/www.ecvents.com\/pt\/wp-json\/wp\/v2\/product_brand?post=4790"},{"taxonomy":"product_cat","embeddable":true,"href":"https:\/\/www.ecvents.com\/pt\/wp-json\/wp\/v2\/product_cat?post=4790"},{"taxonomy":"product_tag","embeddable":true,"href":"https:\/\/www.ecvents.com\/pt\/wp-json\/wp\/v2\/product_tag?post=4790"}],"curies":[{"name":"wp","href":"https:\/\/api.w.org\/{rel}","templated":true}]}}