{"id":4797,"date":"2026-03-19T06:05:03","date_gmt":"2026-03-19T11:05:03","guid":{"rendered":"https:\/\/www.ecvents.com\/?post_type=product&#038;p=4797"},"modified":"2026-03-19T06:05:51","modified_gmt":"2026-03-19T11:05:51","slug":"cortina-de-ar-de-fluxo-cruzado-b-series","status":"publish","type":"product","link":"https:\/\/www.ecvents.com\/pt\/product\/cortina-de-ar-de-fluxo-cruzado-b-series\/","title":{"rendered":"cortina de ar de fluxo cruzado b series"},"content":{"rendered":"<div class=\"someee\">\n<h2><strong>fluxo de ar suave. For\u00e7a silenciosa. Constru\u00eddo para o conforto di\u00e1rio.<\/strong><\/h2>\n<p>o\u00a0<strong>Cortina de fluxo cruzado\u202fair\u202fb\u202fb\u202f<\/strong>\u00a0\u00c9 feito para os espa\u00e7os que voc\u00ea mais usa - \u00e1reas de boas-vindas, restaurantes, lojas e escrit\u00f3rios que merecem um ar mais limpo e um ambiente mais est\u00e1vel. N\u00e3o exige aten\u00e7\u00e3o; ele simplesmente funciona silenciosamente em segundo plano, mantendo o ar limpo, equilibrado e confort\u00e1vel toda vez que uma porta se abre.<\/p>\n<p>Quando ligado, o fluxo de ar parece natural e uniforme. o\u00a0<strong>Roda de fluxo cruzado de alta precis\u00e3o<\/strong>\u00a0e\u00a0<strong>motor puro de cobre<\/strong>\u00a0Crie uma barreira suave de movimento de ar em\u00a0<strong>9\u202f\u2013\u202f11\u202fm\/s<\/strong>. Ajuda o sistema de ar condicionado a se manter eficiente, bloqueando poeira, insetos e odores indesejados. O resultado \u00e9 uma sala mais fresca que simplesmente parece melhor estar dentro - temperatura est\u00e1vel, menor uso de energia e ar mais limpo.<\/p>\n<p>Constru\u00edda para resist\u00eancia e eleg\u00e2ncia silenciosa, a s\u00e9rie B apresenta um\u00a0<strong>Concha de metal totalmente<\/strong>\u00a0Com contornos refinados e um acabamento dur\u00e1vel que resiste ao desgaste e \u00e0 corros\u00e3o. No interior, o sistema foi testado para mais de\u00a0<strong>8.000\u202fhoras\u202fde\u202fopera\u00e7\u00e3o cont\u00ednua<\/strong>, ent\u00e3o \u00e9 o tipo de equipamento que voc\u00ea instala uma vez e confia h\u00e1 anos.<\/p>\n<p>O controle \u00e9 intuitivo: um\u00a0<strong>Interruptor de duas velocidades<\/strong>\u00a0Permite ajustar o fluxo de ar de acordo com o seu ambiente, enquanto o\u00a0<strong>Guia do ar ajust\u00e1vel<\/strong>\u00a0Afina a dire\u00e7\u00e3o do vento com um simples toque. Cada aspecto parece simples e pr\u00e1tico \u2013 poderoso quando necess\u00e1rio, gentil quando preferido.<\/p>\n<p>Eficiente, duradouro e silenciosamente confi\u00e1vel, a s\u00e9rie Cross-Flow\u202fair\u202fcurtain\u202fb traz um tipo sutil de satisfa\u00e7\u00e3o \u2014 o conforto do ar limpo e bem administrado, entregue sem esfor\u00e7o.<\/p>\n<\/div>\n<hr \/>\n<p>Desempenho:<\/p>\n<div class=\"scroll-table-wrapper\">\n<div class=\"scroll-table\">\n<table id=\"tablepress-55\" class=\"tablepress tablepress-id-55\">\n<thead>\n<tr class=\"row-1\">\n\t<th class=\"column-1\">modelo<\/th><th class=\"column-2\">Dimens\u00f5es (mm)<\/th><th class=\"column-3\">tens\u00e3o(v)<\/th><th class=\"column-4\">Frequ\u00eancia(Hz)<\/th><th class=\"column-5\">poder (w)<\/th><th class=\"column-6\">Velocidade (m\/s)<\/th><th class=\"column-7\">Fluxo de ar (m\u00b3\/h)<\/th><th class=\"column-8\">Ru\u00eddo (db)<\/th><th class=\"column-9\">Peso (kg)<\/th>\n<\/tr>\n<\/thead>\n<tbody class=\"row-striping row-hover\">\n<tr class=\"row-2\">\n\t<td class=\"column-1\">FM-4009<\/td><td class=\"column-2\">900 x 175 \u00d7 210<\/td><td class=\"column-3\">220<\/td><td class=\"column-4\">50<\/td><td class=\"column-5\">160<\/td><td class=\"column-6\">9-11<\/td><td class=\"column-7\">1630<\/td><td class=\"column-8\">53<\/td><td class=\"column-9\">10.5<\/td>\n<\/tr>\n<tr class=\"row-3\">\n\t<td class=\"column-1\">FM-4010<\/td><td class=\"column-2\">1000x175x210<\/td><td class=\"column-3\">220<\/td><td class=\"column-4\">50<\/td><td class=\"column-5\">185<\/td><td class=\"column-6\">9-11<\/td><td class=\"column-7\">1910<\/td><td class=\"column-8\">54<\/td><td class=\"column-9\">11.5<\/td>\n<\/tr>\n<tr class=\"row-4\">\n\t<td class=\"column-1\">FM-4012<\/td><td class=\"column-2\">1200x175\u00d7210<\/td><td class=\"column-3\">220<\/td><td class=\"column-4\">50<\/td><td class=\"column-5\">220<\/td><td class=\"column-6\">9-11<\/td><td class=\"column-7\">2500<\/td><td class=\"column-8\">54<\/td><td class=\"column-9\">13<\/td>\n<\/tr>\n<tr class=\"row-5\">\n\t<td class=\"column-1\">FM-4015<\/td><td class=\"column-2\">1500x175x210<\/td><td class=\"column-3\">220<\/td><td class=\"column-4\">50<\/td><td class=\"column-5\">260<\/td><td class=\"column-6\">9-11<\/td><td class=\"column-7\">3580<\/td><td class=\"column-8\">55<\/td><td class=\"column-9\">15.7<\/td>\n<\/tr>\n<tr class=\"row-6\">\n\t<td class=\"column-1\">FM-4018<\/td><td class=\"column-2\">1800\u00d7175\u00d7210<\/td><td class=\"column-3\">220<\/td><td class=\"column-4\">50<\/td><td class=\"column-5\">320<\/td><td class=\"column-6\">9-11<\/td><td class=\"column-7\">3900<\/td><td class=\"column-8\">56<\/td><td class=\"column-9\">18<\/td>\n<\/tr>\n<tr class=\"row-7\">\n\t<td class=\"column-1\">FM-4020<\/td><td class=\"column-2\">2000 x 175 x 210<\/td><td class=\"column-3\">220<\/td><td class=\"column-4\">50<\/td><td class=\"column-5\">350<\/td><td class=\"column-6\">9-11<\/td><td class=\"column-7\">4280<\/td><td class=\"column-8\">56<\/td><td class=\"column-9\">19.1<\/td>\n<\/tr>\n<\/tbody>\n<\/table>\n<!-- #tablepress-55 from cache --><\/div>\n<\/div>\n<div><\/div>\n<div class=\"woocb\"><a class=\"wocb\" href=\"http:\/\/www.beiaole.com\/wp-content\/uploads\/2025\/09\/d4.3.pdf\" target=\"_blank\" rel=\"noopener\">formar<\/a><\/div>\n<div><\/div>","protected":false},"excerpt":{"rendered":"<ul>\n<li>\n<h2>Barreira do ar est\u00e1vel:<\/h2>\n<p>\u202fentrega\u202funiforme\u202fflow\u202fat\u202f9\u202f--\u202f--separar\u202f-9\u202f\u2013\u202f11\u202fm\/s\u202fseparar\u202fe ambientes internos\u202fdentro\u202fe exteriores\u202fa solativamente.<\/li>\n<li>\n<h2>Desempenho com efici\u00eancia energ\u00e9tica:<\/h2>\n<p>\u202fmelhora\u202fhvac\u202fefici\u00eancia\u202f, reduzindo o calor\u202floss\u202fe\u202fa manter-se condicionado.<\/li>\n<li>\n<h2>Opera\u00e7\u00e3o silenciosa:<\/h2>\n<p>\u202fbaixo\u202fru\u00eddo\u202flevels\u202fde\u202f53\u202f\u2013\u202f56\u202fdb\u202fmade\u202fideal\u202fpara restaurantes,\u202fo escrit\u00f3rios,\u202fe\u202fretail\u202fespa\u00e7os.<\/li>\n<li>\n<h2>Durable\u202fall-metal\u202f habita\u00e7\u00e3o:<\/h2>\n<p>\u202facabamento elegante\u202fpowder\u2011acabamento\u202fresiste\u202fferrugem\u202fe\u202fuse\u202fpara\u202fuso de longo prazo.<\/li>\n<li>\n<h2>Roda de fluxo cruzado de alta precis\u00e3o:<\/h2>\n<p>\u202fabs\u202f impulsor\u202fe\u202f puro-copper\u202fmotor\u202fdeliver\u202fest\u00e1vel\u202ffluxo\u202fcom\u202fminimum.<\/li>\n<li>\n<h2>Controle de velocidade dupla\u202f: controle<\/h2>\n<p>\u202fSimples\u202fmudar de duas velocidades\u202fpara o ajuste do fluxo de ar manual.<\/li>\n<li>\n<h2>Guia do guia do ar ajust\u00e1vel<\/h2>\n<p>\u202ff\u00e1cil\u202fdefinido\u202fdire\u00e7\u00e3o do ar\u202fpara\u202fperfeita\u202fcobertura\u202fe\u202fconforto.<\/li>\n<li>\n<h2>Confiabilidade de longa vida:<\/h2>\n<p>\u202fopera\u00e7\u00e3o cont\u00ednua\u202fcont\u00ednua\u202ftestado\u202fpara\u202fover\u202f8.000\u202fhoras\u202f sem perda de desempenho.<\/li>\n<\/ul>\n<hr \/>","protected":false},"featured_media":4822,"comment_status":"open","ping_status":"closed","template":"","meta":{"_acf_changed":false},"product_brand":[],"product_cat":[65],"product_tag":[],"class_list":{"0":"post-4797","1":"product","2":"type-product","3":"status-publish","4":"has-post-thumbnail","6":"product_cat-air-curtain","8":"first","9":"instock","10":"taxable","11":"shipping-taxable","12":"purchasable","13":"product-type-variable","14":"has-default-attributes"},"acf":[],"_links":{"self":[{"href":"https:\/\/www.ecvents.com\/pt\/wp-json\/wp\/v2\/product\/4797","targetHints":{"allow":["GET"]}}],"collection":[{"href":"https:\/\/www.ecvents.com\/pt\/wp-json\/wp\/v2\/product"}],"about":[{"href":"https:\/\/www.ecvents.com\/pt\/wp-json\/wp\/v2\/types\/product"}],"replies":[{"embeddable":true,"href":"https:\/\/www.ecvents.com\/pt\/wp-json\/wp\/v2\/comments?post=4797"}],"wp:featuredmedia":[{"embeddable":true,"href":"https:\/\/www.ecvents.com\/pt\/wp-json\/wp\/v2\/media\/4822"}],"wp:attachment":[{"href":"https:\/\/www.ecvents.com\/pt\/wp-json\/wp\/v2\/media?parent=4797"}],"wp:term":[{"taxonomy":"product_brand","embeddable":true,"href":"https:\/\/www.ecvents.com\/pt\/wp-json\/wp\/v2\/product_brand?post=4797"},{"taxonomy":"product_cat","embeddable":true,"href":"https:\/\/www.ecvents.com\/pt\/wp-json\/wp\/v2\/product_cat?post=4797"},{"taxonomy":"product_tag","embeddable":true,"href":"https:\/\/www.ecvents.com\/pt\/wp-json\/wp\/v2\/product_tag?post=4797"}],"curies":[{"name":"wp","href":"https:\/\/api.w.org\/{rel}","templated":true}]}}