{"id":4804,"date":"2026-03-19T06:05:04","date_gmt":"2026-03-19T11:05:04","guid":{"rendered":"https:\/\/www.ecvents.com\/?post_type=product&#038;p=4804"},"modified":"2026-03-19T06:05:51","modified_gmt":"2026-03-19T11:05:51","slug":"cortina-de-ar-da-serie-centrifuga-x5","status":"publish","type":"product","link":"https:\/\/www.ecvents.com\/pt\/product\/cortina-de-ar-da-serie-centrifuga-x5\/","title":{"rendered":"Cortina de ar da s\u00e9rie centr\u00edfuga X5"},"content":{"rendered":"<div class=\"someee\">\n<h2><strong>poder refinado. Precis\u00e3o silenciosa. Constru\u00eddo para entradas modernas.<\/strong><\/h2>\n<p>o\u00a0<strong>X5\u202fCentr\u00edfuga\u202fSeries\u202fcurtain<\/strong>\u00a0Re\u00fane eleg\u00e2ncia e confiabilidade: um design refinado que complementa os espa\u00e7os modernos, oferecendo fluxo de ar confi\u00e1vel e de alto desempenho todos os dias. Feito para est\u00e9tica e resist\u00eancia, ele se integra perfeitamente nas entradas onde a fun\u00e7\u00e3o e o estilo devem coexistir.<\/p>\n<p>o\u00a0<strong>Corpo todo de metal<\/strong>\u00a0Parece s\u00f3lido e sofisticado, com entrada de ar frontal e sa\u00edda inferior que mant\u00eam uma apar\u00eancia limpa e minimalista. Os detalhes sutis e o acabamento suave fazem com que seja em casa em qualquer ambiente, desde as vitrines das boutiques at\u00e9 os lobbies do escrit\u00f3rio.<\/p>\n<p>Flexibilidade\u202f\u00e9\u202f constru\u00edda. o\u00a0<strong>Guia do ar ajust\u00e1vel<\/strong>\u00a0Permite que voc\u00ea ajuste manualmente a dire\u00e7\u00e3o do fluxo de ar para uma cobertura ideal, enquanto\u00a0<strong>Configura\u00e7\u00f5es de velocidade dupla\u202f<\/strong>\u00a0(Alto\u202f\/\u202fbaixo)\u202fPermita que os usu\u00e1rios balancem o fluxo de ar e o ru\u00eddo para mudar as condi\u00e7\u00f5es ou as esta\u00e7\u00f5es do ano.<\/p>\n<p>No interior, brilha a engenharia de precis\u00e3o. o\u00a0<strong>Impulsor Centr\u00edfugo\u202fUltra-Fine<\/strong>\u00a0trabalha em harmonia com um\u00a0<strong>motor de cobre de alta velocidade<\/strong>, gerando um fluxo de ar suave e sedoso. Testado para mais de\u00a0<strong>8.000\u202fhoras\u202fde\u202fopera\u00e7\u00e3o cont\u00ednua<\/strong>, \u00e9 constru\u00eddo para uso di\u00e1rio em ambientes comerciais e exigentes.<\/p>\n<p>A s\u00e9rie X5 combina eleg\u00e2ncia com resist\u00eancia\u202f\u2014\u202f um performer silencioso e confiante que protege o conforto e a efici\u00eancia internas, preservando as linhas limpas de uma entrada moderna.<\/p>\n<\/div>\n<hr \/>\n<p>Desempenho:<\/p>\n<div class=\"scroll-table-wrapper\">\n<div class=\"scroll-table\">\n<table id=\"tablepress-56\" class=\"tablepress tablepress-id-56\">\n<thead>\n<tr class=\"row-1\">\n\t<th class=\"column-1\">modelo<\/th><th class=\"column-2\">Dimens\u00f5es (mm)<\/th><th class=\"column-3\">tens\u00e3o(v)<\/th><th class=\"column-4\">Frequ\u00eancia(Hz)<\/th><th class=\"column-5\">poder (w)<\/th><th class=\"column-6\">Velocidade (m\/s)<\/th><th class=\"column-7\">Fluxo de ar (m\u00b3\/h)<\/th><th class=\"column-8\">Ru\u00eddo (db)<\/th><th class=\"column-9\">Peso (kg)<\/th>\n<\/tr>\n<\/thead>\n<tbody class=\"row-striping row-hover\">\n<tr class=\"row-2\">\n\t<td class=\"column-1\">FM-4509-L\/Y<\/td><td class=\"column-2\">900 x 215 \u00d7 230<\/td><td class=\"column-3\">220<\/td><td class=\"column-4\">50<\/td><td class=\"column-5\">230<\/td><td class=\"column-6\">16-18<\/td><td class=\"column-7\">1100<\/td><td class=\"column-8\">50<\/td><td class=\"column-9\">13<\/td>\n<\/tr>\n<tr class=\"row-3\">\n\t<td class=\"column-1\">FM-4512-L\/Y<\/td><td class=\"column-2\">1200x215\u00d7230<\/td><td class=\"column-3\">220<\/td><td class=\"column-4\">50<\/td><td class=\"column-5\">290<\/td><td class=\"column-6\">16-18<\/td><td class=\"column-7\">1500<\/td><td class=\"column-8\">52<\/td><td class=\"column-9\">15.5<\/td>\n<\/tr>\n<tr class=\"row-4\">\n\t<td class=\"column-1\">FM-4515-L\/Y<\/td><td class=\"column-2\">1500\u00d7215x230<\/td><td class=\"column-3\">220<\/td><td class=\"column-4\">50<\/td><td class=\"column-5\">380<\/td><td class=\"column-6\">16-18<\/td><td class=\"column-7\">1900<\/td><td class=\"column-8\">53<\/td><td class=\"column-9\">20<\/td>\n<\/tr>\n<tr class=\"row-5\">\n\t<td class=\"column-1\">FM-4518-L\/Y<\/td><td class=\"column-2\">1800x215\u00d7230<\/td><td class=\"column-3\">220<\/td><td class=\"column-4\">50<\/td><td class=\"column-5\">450<\/td><td class=\"column-6\">16-18<\/td><td class=\"column-7\">2280<\/td><td class=\"column-8\">54<\/td><td class=\"column-9\">23.5<\/td>\n<\/tr>\n<\/tbody>\n<\/table>\n<!-- #tablepress-56 from cache --><\/div>\n<\/div>\n<div><\/div>\n<div class=\"woocb\"><a class=\"wocb\" href=\"http:\/\/www.beiaole.com\/wp-content\/uploads\/2025\/09\/d4.4.pdf\" target=\"_blank\" rel=\"noopener\">formar<\/a><\/div>\n<div><\/div>","protected":false},"excerpt":{"rendered":"<ul>\n<li>\n<h2>Constru\u00e7\u00e3o de metal elegante:<\/h2>\n<p>\u202f dur\u00e1vel\u202f revestidos de p\u00f3lvora\u202fa\u00e7o\u202fcorpo\u202fcom o ambiente refinado\u202facabamento\u202fe que resiste\u202fe\u202fe se encaixa em qualquer ambiente.<\/li>\n<li>\n<h2>Inser\u00e7\u00e3o dual\u202fair\u202f\u202f\/\u202foutlet\u202f:<\/h2>\n<p>\u202ffront\u202fintake\u202fe\u202fdescarga inferior\u202fcreaptimizado\u202ffluxo\u202fair\u202fpara\u202fdesempenho\u202falto\u202fe\u202fastres\u202fapelo\u202festrem-regidos.<\/li>\n<li>\n<h2>Guia do guia do ar ajust\u00e1vel<\/h2>\n<p>\u202fmanualmente\u202fdefinido\u202fdire\u00e7\u00e3o do ar\u202fpara\u202fperfeita\u202fcobertura\u202fe\u202fefici\u00eancia\u202fefici\u00eancia\u202fin\u202fdiferentes.<\/li>\n<li>\n<h2>Alta\u202f\/\u202fbaixa\u202fpeed\u202fop\u00e7\u00f5es:<\/h2>\n<p>\u202f Simples\u202fTwo-Speed\u202fControl\u202fTrom You\u202fSelect\u202f entre\u202fmaximum\u202fflow\u202for\u202foperation.<\/li>\n<li>\n<h2>Impulsor Centr\u00edfugo Confi\u00e1vel<\/h2>\n<p>\u202fultra\u2011fine\u202fequilibrado\u202fblades\u202funiforme\u202funiforme,\u202fturbul\u00eancia\u2011free\u202fat\u202f16\u202f\u2013\u202f18\u202fm\/s.<\/li>\n<li>\n<h2>Motor de cobre de longa vida \u00fatil:<\/h2>\n<p>\u202fde alta velocidade\u202fmotor\u202fsegura\u202feficiente\u202fdelivery\u202fe\u202fextended\u202fde-dever-a-ajuda\u202f(mais de 8.000 horas).<\/li>\n<li>\n<h2>Desempenho silencioso:<\/h2>\n<p>\u202fru\u00eddo\u202foutput\u202f mantidos\u202f entre\u202f50\u202f\u2013\u202f54\u202fdb\u202fpara o conforto interno.<\/li>\n<li>\n<h2>Configura\u00e7\u00f5es de v\u00e1rios comprimentos:<\/h2>\n<p>\u202fdispon\u00edvel\u202fem\u202f900\u202f\u202fmm\u202f\u2013\u202f\u202f1.800\u202f\u202fm\u202fmodels\u202fto\u202fajuste\u202fa\u202fvariedades\u202fde\u202fde\u202fm.<\/li>\n<\/ul>\n<hr \/>","protected":false},"featured_media":4832,"comment_status":"open","ping_status":"closed","template":"","meta":{"_acf_changed":false},"product_brand":[],"product_cat":[65],"product_tag":[],"class_list":{"0":"post-4804","1":"product","2":"type-product","3":"status-publish","4":"has-post-thumbnail","6":"product_cat-air-curtain","8":"first","9":"instock","10":"taxable","11":"shipping-taxable","12":"purchasable","13":"product-type-variable","14":"has-default-attributes"},"acf":[],"_links":{"self":[{"href":"https:\/\/www.ecvents.com\/pt\/wp-json\/wp\/v2\/product\/4804","targetHints":{"allow":["GET"]}}],"collection":[{"href":"https:\/\/www.ecvents.com\/pt\/wp-json\/wp\/v2\/product"}],"about":[{"href":"https:\/\/www.ecvents.com\/pt\/wp-json\/wp\/v2\/types\/product"}],"replies":[{"embeddable":true,"href":"https:\/\/www.ecvents.com\/pt\/wp-json\/wp\/v2\/comments?post=4804"}],"wp:featuredmedia":[{"embeddable":true,"href":"https:\/\/www.ecvents.com\/pt\/wp-json\/wp\/v2\/media\/4832"}],"wp:attachment":[{"href":"https:\/\/www.ecvents.com\/pt\/wp-json\/wp\/v2\/media?parent=4804"}],"wp:term":[{"taxonomy":"product_brand","embeddable":true,"href":"https:\/\/www.ecvents.com\/pt\/wp-json\/wp\/v2\/product_brand?post=4804"},{"taxonomy":"product_cat","embeddable":true,"href":"https:\/\/www.ecvents.com\/pt\/wp-json\/wp\/v2\/product_cat?post=4804"},{"taxonomy":"product_tag","embeddable":true,"href":"https:\/\/www.ecvents.com\/pt\/wp-json\/wp\/v2\/product_tag?post=4804"}],"curies":[{"name":"wp","href":"https:\/\/api.w.org\/{rel}","templated":true}]}}