{"id":4809,"date":"2026-03-19T06:05:04","date_gmt":"2026-03-19T11:05:04","guid":{"rendered":"https:\/\/www.ecvents.com\/?post_type=product&#038;p=4809"},"modified":"2026-03-19T06:06:20","modified_gmt":"2026-03-19T11:06:20","slug":"cortina-de-ar-de-aquecimento","status":"publish","type":"product","link":"https:\/\/www.ecvents.com\/pt\/product\/cortina-de-ar-de-aquecimento\/","title":{"rendered":"cortina de ar de aquecimento"},"content":{"rendered":"<div class=\"someee\">\n<h2><strong>Calor instant\u00e2neo. Seguran\u00e7a silenciosa. Constru\u00eddo para o conforto di\u00e1rio.<\/strong><\/h2>\n<p>o\u00a0<strong>Cortina de aquecimento<\/strong>\u00a0Transforma portas frias em entradas quentes e acolhedoras. Projetado para o conforto e a efici\u00eancia, oferece um calor uniforme e suave, mantendo uma presen\u00e7a tranquila e um estilo refinado - perfeito para lojas, lobbies e passarelas movimentadas que precisam de calor sem distra\u00e7\u00e3o.<\/p>\n<p>A opera\u00e7\u00e3o \u00e9 f\u00e1cil. um\u00a0<strong>Controlador de infravermelho completo<\/strong>\u00a0Permite ajustar os modos, a velocidade do ventilador ou as configura\u00e7\u00f5es do temporizador de qualquer lugar da sala - sem alcance, sem interrup\u00e7\u00e3o, apenas conforto f\u00e1cil.<\/p>\n<p>O sistema\u00a0<strong>elemento de aquecimento de alta efici\u00eancia<\/strong>\u00a0Aquece o ar uniformemente e com seguran\u00e7a, eliminando as chamas, enquanto otimiza o uso de energia. o\u00a0<strong>Projeto de aquecimento de ar<\/strong>\u00a0Garante um aumento de temperatura e baixa resist\u00eancia de sa\u00edda, produzindo um fluxo de ar suave e natural que se sente confort\u00e1vel, sem for\u00e7ar.<\/p>\n<p>A seguran\u00e7a \u00e9 incorporada em cada detalhe. um\u00a0<strong>60 segundos de atraso frio<\/strong>\u00a0Baixa suavemente a temperatura interna ap\u00f3s o desligamento, prolongando a vida \u00fatil do motor, evitando o ac\u00famulo de calor residual.\u00a0<strong>N\u00edveis de tr\u00eas\u202ftempos<\/strong>\u00a0Adapte-se \u00e0s mudan\u00e7as sazonais e m\u00faltiplos sistemas de prote\u00e7\u00e3o, incluindo um\u00a0<strong>Sensor de excesso de temperatura<\/strong>,\u00a0<strong>Protetor sens\u00edvel \u00e0 press\u00e3o<\/strong>, e\u00a0<strong>tubo de fus\u00edvel<\/strong>\u00a0\u2014 Garanta o desempenho seguro hora ap\u00f3s hora.<\/p>\n<p>o\u00a0<strong>Silencioso\u202fmotor<\/strong>\u00a0e\u00a0<strong>Roda de grande volume\u202fvolante\u202f<\/strong>\u00a0Proporciona uma circula\u00e7\u00e3o t\u00e9rmica forte com resist\u00eancia m\u00ednima, mantendo os n\u00edveis de ru\u00eddo t\u00e3o baixos quanto\u202f<strong>55\u202f\u2013\u202f60\u202fdb<\/strong>. Cada componente foi projetado para longevidade, estabilidade e tranquilidade.<\/p>\n<p>Compacto, silencioso e eficientemente eficiente, a cortina de aquecimento, o calor, aquece naturalmente os espa\u00e7os - mantendo o conforto onde voc\u00ea deseja e o frio onde pertence.<\/p>\n<\/div>\n<hr \/>\n<p>Desempenho:<\/p>\n<div class=\"scroll-table-wrapper\">\n<div class=\"scroll-table\">\n<table id=\"tablepress-57\" class=\"tablepress tablepress-id-57\">\n<thead>\n<tr class=\"row-1\">\n\t<th class=\"column-1\">modelo<\/th><th class=\"column-2\">Dimens\u00f5es (mm)<\/th><th class=\"column-3\">tens\u00e3o(v)<\/th><th class=\"column-4\">Frequ\u00eancia(Hz)<\/th><th class=\"column-5\">poder (w)<br \/>\n  h-l<\/th><th class=\"column-6\">PTC Power (kW)<br \/>\nh-m<\/th><th class=\"column-7\">Velocidade (m\/s)<br \/>\nh-l<\/th><th class=\"column-8\">Fluxo de ar (m\u00b3\/h)<\/th><th class=\"column-9\">tem(k)<\/th><th class=\"column-10\">Ru\u00eddo (db)<\/th><th class=\"column-11\">Peso (kg)<\/th>\n<\/tr>\n<\/thead>\n<tbody class=\"row-striping row-hover\">\n<tr class=\"row-2\">\n\t<td class=\"column-1\">RM-1209-D\/Y<\/td><td class=\"column-2\">900\u00d7170x205<\/td><td class=\"column-3\">380\/220<\/td><td class=\"column-4\">50<\/td><td class=\"column-5\">160-110<\/td><td class=\"column-6\">6-4-2<\/td><td class=\"column-7\">8.0-6.5<\/td><td class=\"column-8\">1000<\/td><td class=\"column-9\">34-45<\/td><td class=\"column-10\"><55<\/td><td class=\"column-11\">12<\/td>\n<\/tr>\n<tr class=\"row-3\">\n\t<td class=\"column-1\">RM-1212-D\/Y<\/td><td class=\"column-2\">1200x170x205<\/td><td class=\"column-3\">380\/220<\/td><td class=\"column-4\">50<\/td><td class=\"column-5\">220-150<\/td><td class=\"column-6\">8-6-4<\/td><td class=\"column-7\">8.0-6.5<\/td><td class=\"column-8\">1200<\/td><td class=\"column-9\">35-45<\/td><td class=\"column-10\"><57<\/td><td class=\"column-11\">15.5<\/td>\n<\/tr>\n<tr class=\"row-4\">\n\t<td class=\"column-1\">RM-1215-D\/Y<\/td><td class=\"column-2\">1500x170x205<\/td><td class=\"column-3\">380\/220<\/td><td class=\"column-4\">50<\/td><td class=\"column-5\">260-180<\/td><td class=\"column-6\">10-8-6<\/td><td class=\"column-7\">8.0-6.5<\/td><td class=\"column-8\">1400<\/td><td class=\"column-9\">35-45<\/td><td class=\"column-10\"><58<\/td><td class=\"column-11\">19<\/td>\n<\/tr>\n<tr class=\"row-5\">\n\t<td class=\"column-1\">RM-1218-D\/Y<\/td><td class=\"column-2\">1800x170x205<\/td><td class=\"column-3\">380\/220<\/td><td class=\"column-4\">50<\/td><td class=\"column-5\">320-250<\/td><td class=\"column-6\">12-10-8<\/td><td class=\"column-7\">8.0-6.5<\/td><td class=\"column-8\">1600<\/td><td class=\"column-9\">35-45<\/td><td class=\"column-10\"><60<\/td><td class=\"column-11\">22.5<\/td>\n<\/tr>\n<\/tbody>\n<\/table>\n<!-- #tablepress-57 from cache --><\/div>\n<\/div>\n<div><\/div>\n<div class=\"woocb\"><a class=\"wocb\" href=\"http:\/\/www.beiaole.com\/wp-content\/uploads\/2025\/09\/d4.5.pdf\" target=\"_blank\" rel=\"noopener\">formar<\/a><\/div>\n<div><\/div>","protected":false},"excerpt":{"rendered":"<ul>\n<li>\n<h2>Aquecimento de alta efici\u00eancia\u202fPTC\u202f:<\/h2>\n<p>\u202f r\u00e1pido,\u202fmesmo\u202fcalor\u202f sem \u201cabertura\u201d chama\u202fou oxig\u00eanio\u202fdeple\u00e7\u00e3o\u202fpor\u202flong,\u202fuse.<\/li>\n<li>\n<h2>Controle inteligente\u202fremote\u202f:<\/h2>\n<p>\u202fSystem\u202fInfravermelho\u202ffornece\u202ffornece\u202facessar\u202facess\u202f\u00e0\u202fpelo\u202f,\u202fcalor,\u202fe\u202ffun\u00e7\u00f5es\u202fde qualquer lugar\u202fna sala.<\/li>\n<li>\n<h2>Configura\u00e7\u00f5es de temperatura de tr\u00eas n\u00edveis:<\/h2>\n<p>\u202f8\u202f\u2013\u202f6\u202f\u2013\u202f4\u202fkw\u202fop\u00e7\u00f5es\u202fadapt\u202fto\u202fsazonal\u202fou\u202fmandados.<\/li>\n<li>\n<h2>Sistema de seguran\u00e7a embutido:<\/h2>\n<p>\u202fprote\u00e7\u00e3o de temperatura excessiva, sensor de press\u00e3o, sensor de press\u00e3o, \u202ffuse\u202ftube,\u202fe\u202f60\u2011segundo\u202fdesligado\u202fpara-seguan\u00e7a.<\/li>\n<li>\n<h2>Opera\u00e7\u00e3o silenciosa:<\/h2>\n<p>\u202fbaixa resist\u00eancia\u202fdesign\u202fe\u202faerodin\u00e2mico\u202ffan\u202fru\u00eddo\u202fabaixo\u202f60\u202fdb\u202fpara-acomod.comfortable,\u202fdesempenho.<\/li>\n<li>\n<h2>Desempenho de economia de energia:<\/h2>\n<p>\u202fequilibrado\u202fstream\u202fdesign\u202fe\u202fptc\u202fcore\u202fmaximizar\u202fefici\u00eancia\u202fe\u202fminimizar\u202f.<\/li>\n<li>\n<h2>Capacidade de fluxo de ar alto:<\/h2>\n<p>\u202fa\u00e9reos\u202fde\u202fde\u202f8\u202f\u2013\u202f6,5\u202fm\/s\u202fe\u202fvolume\u202fup\u202fpara\u202f1.600\u202fm\u00b3\/h\u202fa manter\u202fatrasamentos\u202fatras de atrasamento.<\/li>\n<li>\n<h2>Constru\u00e7\u00e3o dur\u00e1vel:<\/h2>\n<p>\u202fmetal\u202fcorpo\u202fcom\u202facabamento\u202fresistente\u202facabamento\u202fsegura\u202ffor\u00e7a\u202fe\u202flongada\u202fapar\u00eancia.<\/li>\n<\/ul>\n<hr \/>","protected":false},"featured_media":4833,"comment_status":"open","ping_status":"closed","template":"","meta":{"_acf_changed":false},"product_brand":[],"product_cat":[65],"product_tag":[],"class_list":{"0":"post-4809","1":"product","2":"type-product","3":"status-publish","4":"has-post-thumbnail","6":"product_cat-air-curtain","8":"first","9":"instock","10":"sale","11":"taxable","12":"shipping-taxable","13":"purchasable","14":"product-type-variable","15":"has-default-attributes"},"acf":[],"_links":{"self":[{"href":"https:\/\/www.ecvents.com\/pt\/wp-json\/wp\/v2\/product\/4809","targetHints":{"allow":["GET"]}}],"collection":[{"href":"https:\/\/www.ecvents.com\/pt\/wp-json\/wp\/v2\/product"}],"about":[{"href":"https:\/\/www.ecvents.com\/pt\/wp-json\/wp\/v2\/types\/product"}],"replies":[{"embeddable":true,"href":"https:\/\/www.ecvents.com\/pt\/wp-json\/wp\/v2\/comments?post=4809"}],"wp:featuredmedia":[{"embeddable":true,"href":"https:\/\/www.ecvents.com\/pt\/wp-json\/wp\/v2\/media\/4833"}],"wp:attachment":[{"href":"https:\/\/www.ecvents.com\/pt\/wp-json\/wp\/v2\/media?parent=4809"}],"wp:term":[{"taxonomy":"product_brand","embeddable":true,"href":"https:\/\/www.ecvents.com\/pt\/wp-json\/wp\/v2\/product_brand?post=4809"},{"taxonomy":"product_cat","embeddable":true,"href":"https:\/\/www.ecvents.com\/pt\/wp-json\/wp\/v2\/product_cat?post=4809"},{"taxonomy":"product_tag","embeddable":true,"href":"https:\/\/www.ecvents.com\/pt\/wp-json\/wp\/v2\/product_tag?post=4809"}],"curies":[{"name":"wp","href":"https:\/\/api.w.org\/{rel}","templated":true}]}}