{"id":4814,"date":"2026-03-19T06:05:05","date_gmt":"2026-03-19T11:05:05","guid":{"rendered":"https:\/\/www.ecvents.com\/?post_type=product&#038;p=4814"},"modified":"2026-03-19T06:06:20","modified_gmt":"2026-03-19T11:06:20","slug":"cortina-de-ar-de-aquecimento-de-alta-potencia","status":"publish","type":"product","link":"https:\/\/www.ecvents.com\/pt\/product\/cortina-de-ar-de-aquecimento-de-alta-potencia\/","title":{"rendered":"Cortina de ar de aquecimento (alta pot\u00eancia)"},"content":{"rendered":"<div class=\"someee\">\n<h2><strong>calor r\u00e1pido. Poder seguro. Constru\u00eddo para invernos rigorosos.<\/strong><\/h2>\n<p>o\u00a0<strong>Cortina de aquecimento\u202fa\u00e9rea\u202f(alta pot\u00eancia)<\/strong>\u00a0\u00c9 projetado para os espa\u00e7os que exigem al\u00edvio instant\u00e2neo do frio, oficinas, oficinas e entradas movimentadas, onde cada porta aberta traz um frio. Ele preenche as salas com um calor suave e uniforme que parece natural, mantendo o conforto est\u00e1vel mesmo nos dias mais frios.<\/p>\n<p>Em seu n\u00facleo \u00e9 um\u00a0<strong>Roda de metal resistente<\/strong>\u00a0Projetado para resist\u00eancia e equil\u00edbrio. Produz um fluxo de ar laminar constante e distribu\u00edda uniformemente pela abertura. Constru\u00eddo para funcionar continuamente, ele resiste \u00e0 deforma\u00e7\u00e3o e desgaste\u202f\u2014\u202fum componente confi\u00e1vel que voc\u00ea pode esquecer porque ele simplesmente funciona.<\/p>\n<p>O controle \u00e9 f\u00e1cil. um\u00a0<strong>Interruptor de duas velocidades<\/strong>\u00a0Permite ajustes instant\u00e2neos entre o fluxo de ar alto e baixo para controle de temperatura de precis\u00e3o. Bot\u00f5es simples, sem interfaces complexas\u202f\u2014\u202f apenas r\u00e1pido conforto sempre que voc\u00ea precisar.<\/p>\n<p>O aquecimento vem de uma intelig\u00eancia\u00a0<strong>PTC\u202f(positivo\u202ftemperatura\u202fcoeficiente)\u202fsistema<\/strong>, que produz um calor r\u00e1pido e est\u00e1vel sem chamas abertas ou esgotamento de oxig\u00eanio. A unidade aquece com seguran\u00e7a e uniformemente, aumentando a temperatura interna sem aquela sensa\u00e7\u00e3o de ar seco e queimado. Dispositivos de seguran\u00e7a integrados\u202f\u2014\u202fa\u202fcontrolador, controlador de press\u00e3o, protetor de press\u00e3o, protetor, tubo de fuso, e desalacamento\u202ffun\u00e7\u00e3o\u202f\u202f\u2014\u202fseguram a paz de esp\u00edrito de uso prolongado.<\/p>\n<p>o\u00a0<strong>Estrutura de haste de PTC\u202faquecimento<\/strong>\u00a0Tamb\u00e9m significa efici\u00eancia duradoura: a perda de resist\u00eancia permanece baixa, a produ\u00e7\u00e3o de calor permanece consistente e o uso de energia permanece otimizado. O resultado \u00e9 um desempenho confi\u00e1vel e silencioso que mant\u00e9m o ar quente onde pertence\u202f\u2014\u202fdentro.\n<\/div>\n<hr \/>\n<p>Desempenho:<\/p>\n<div class=\"scroll-table-wrapper\">\n<div class=\"scroll-table\">\n<table id=\"tablepress-58\" class=\"tablepress tablepress-id-58\">\n<thead>\n<tr class=\"row-1\">\n\t<th class=\"column-1\">modelo<\/th><th class=\"column-2\">Dimens\u00f5es (mm)<\/th><th class=\"column-3\">tens\u00e3o(v)<\/th><th class=\"column-4\">Frequ\u00eancia(Hz)<\/th><th class=\"column-5\">poder (w)<br \/>\n  h-l<\/th><th class=\"column-6\">PTC Power (kW)<br \/>\nh-m<\/th><th class=\"column-7\">Velocidade (m\/s)<br \/>\nh-l<\/th><th class=\"column-8\">Fluxo de ar (m\u00b3\/h)<\/th><th class=\"column-9\">tem(k)<\/th><th class=\"column-10\">Ru\u00eddo (db)<\/th><th class=\"column-11\">Peso (kg)<\/th>\n<\/tr>\n<\/thead>\n<tbody class=\"row-striping row-hover\">\n<tr class=\"row-2\">\n\t<td class=\"column-1\">RM-1209-D\/Y (Alta pot\u00eancia)<\/td><td class=\"column-2\">900x170x205<\/td><td class=\"column-3\">380<\/td><td class=\"column-4\">50<\/td><td class=\"column-5\">160-110<\/td><td class=\"column-6\">12<\/td><td class=\"column-7\">7.5-6.0<\/td><td class=\"column-8\">1200-1000<\/td><td class=\"column-9\">80-65<\/td><td class=\"column-10\"><61<\/td><td class=\"column-11\">12<\/td>\n<\/tr>\n<tr class=\"row-3\">\n\t<td class=\"column-1\">RM-1212-D\/Y (Alta pot\u00eancia)<\/td><td class=\"column-2\">1200x170x205<\/td><td class=\"column-3\">380<\/td><td class=\"column-4\">50<\/td><td class=\"column-5\">220-150<\/td><td class=\"column-6\">16<\/td><td class=\"column-7\">7.5-6.0<\/td><td class=\"column-8\">1200-1400<\/td><td class=\"column-9\">80-65<\/td><td class=\"column-10\"><62<\/td><td class=\"column-11\">15.5<\/td>\n<\/tr>\n<tr class=\"row-4\">\n\t<td class=\"column-1\">RM-1215-D\/Y (Alta pot\u00eancia)<\/td><td class=\"column-2\">1500\u00d7170x205<\/td><td class=\"column-3\">380<\/td><td class=\"column-4\">50<\/td><td class=\"column-5\">260-180<\/td><td class=\"column-6\">20<\/td><td class=\"column-7\">7.5-6.0<\/td><td class=\"column-8\">1400-1600<\/td><td class=\"column-9\">80-65<\/td><td class=\"column-10\"><63<\/td><td class=\"column-11\">19<\/td>\n<\/tr>\n<tr class=\"row-5\">\n\t<td class=\"column-1\">RM-1218-D\/Y (Alta pot\u00eancia)<\/td><td class=\"column-2\">1800x170\u00d7205<\/td><td class=\"column-3\">380<\/td><td class=\"column-4\">50<\/td><td class=\"column-5\">320-250<\/td><td class=\"column-6\">25<\/td><td class=\"column-7\">7.5-6.0<\/td><td class=\"column-8\">1600-1800<\/td><td class=\"column-9\">80-65<\/td><td class=\"column-10\"><64<\/td><td class=\"column-11\">22.5<\/td>\n<\/tr>\n<\/tbody>\n<\/table>\n<!-- #tablepress-58 from cache --><\/div>\n<\/div>\n<div><\/div>\n<div class=\"woocb\"><a class=\"wocb\" href=\"http:\/\/www.beiaole.com\/wp-content\/uploads\/2025\/09\/d4.6.pdf\" target=\"_blank\" rel=\"noopener\">formar<\/a><\/div>\n<div><\/div>","protected":false},"excerpt":{"rendered":"<ul>\n<li>\n<h2>Aquecimento de alta efici\u00eancia\u202fPTC\u202f:<\/h2>\n<p>\u202fr\u00e1pido,\u202fsafe\u202fcalor\u202fgera\u00e7\u00e3o\u202fsem chamas\u202fou oxig\u00eanio\u202fdeple\u00e7\u00e3o\u202fpara o conforto\u202fconsistente.<\/li>\n<li>\n<h2>Sistema de fluxo de ar poderoso\u202f:<\/h2>\n<p>\u202fdur\u00e1vel\u202fmetal\u202fwheel\u202fdelivers\u202f suave,\u202fequilibrada\u202fdistribui\u00e7\u00e3o\u202fa7,5\u202f\u2013\u202f6\u202fm\/s.<\/li>\n<li>\n<h2>Sa\u00edda forte, t\u00e9rmica<\/h2>\n<p>\u202fmodelos\u202fproduzi\u202fptc\u202faquecimento\u202fpoder\u202fde\u202f12\u202fa\u202f25\u202fkw,\u202frapidamente\u202faumento\u202froom\u202f.<\/li>\n<li>\n<h2>Compila\u00e7\u00e3o robusta a todo o metal:<\/h2>\n<p>\u202fgalvanizado\u202fe\u202fcoated\u202fsocorpo\u202fo resiste\u202fferrugem, humidade, e\u202futiliza\u00e7\u00e3o cont\u00ednua em p\u00fablico e em ambientes.<\/li>\n<li>\n<h2>Controle simples de velocidade dupla:<\/h2>\n<p>\u202fmec\u00e2nico\u202fduas-velocidade\u202fmudan\u00e7a\u202fpara\u202fpara\u202feasy\u202fajustamento\u202f entre\u202falta e\u202fajuste\u202f.<\/li>\n<li>\n<h2>Sistema de prote\u00e7\u00e3o de seguran\u00e7a\u202f:<\/h2>\n<p>\u202finclui\u202fsenssor de temperatura, sensor,\u202fprotetor, tube-fuse,\u202fe\u202fdelayed\u202fpara garantir\u202f-opera\u00e7\u00e3o\u202fatrasado\u202fpara-seguro.<\/li>\n<li>\n<h2>Opera\u00e7\u00e3o silenciosa:<\/h2>\n<p>\u202fru\u00eddo\u202flevel\u202fabaixo\u202f64\u202fdb\u202ffornecer\u202fpoderoso\u202fdesempenho\u202fsem\u202fdesrup\u00e7\u00e3o.<\/li>\n<li>\n<h2>Desempenho eficiente da energia:<\/h2>\n<p>\u202fptc\u202frod\u202fdesign\u202fevita\u202ft\u00e9rmica\u202fdecay\u202fpara o desperd\u00edcio de longo prazo\u202fe\u202fpoder-a-a\u00e9rea.<\/li>\n<li>\n<h2>Op\u00e7\u00f5es de tamanho m\u00faltiplo:<\/h2>\n<p>\u202fdispon\u00edvel\u202fem\u202f900\u202fmm,\u202f1,200\u202fmm,\u202f1.500\u202fmm,\u202fe\u202f1,800\u202fmm\u202fms\u202fa combinar\u202fdiferentes\u202fe\u202fe\u202fsala\u202fdimens\u00f5es.<\/li>\n<\/ul>\n<hr \/>","protected":false},"featured_media":4852,"comment_status":"open","ping_status":"closed","template":"","meta":{"_acf_changed":false},"product_brand":[],"product_cat":[65],"product_tag":[],"class_list":{"0":"post-4814","1":"product","2":"type-product","3":"status-publish","4":"has-post-thumbnail","6":"product_cat-air-curtain","8":"first","9":"outofstock","10":"taxable","11":"shipping-taxable","12":"purchasable","13":"product-type-variable"},"acf":[],"_links":{"self":[{"href":"https:\/\/www.ecvents.com\/pt\/wp-json\/wp\/v2\/product\/4814","targetHints":{"allow":["GET"]}}],"collection":[{"href":"https:\/\/www.ecvents.com\/pt\/wp-json\/wp\/v2\/product"}],"about":[{"href":"https:\/\/www.ecvents.com\/pt\/wp-json\/wp\/v2\/types\/product"}],"replies":[{"embeddable":true,"href":"https:\/\/www.ecvents.com\/pt\/wp-json\/wp\/v2\/comments?post=4814"}],"wp:featuredmedia":[{"embeddable":true,"href":"https:\/\/www.ecvents.com\/pt\/wp-json\/wp\/v2\/media\/4852"}],"wp:attachment":[{"href":"https:\/\/www.ecvents.com\/pt\/wp-json\/wp\/v2\/media?parent=4814"}],"wp:term":[{"taxonomy":"product_brand","embeddable":true,"href":"https:\/\/www.ecvents.com\/pt\/wp-json\/wp\/v2\/product_brand?post=4814"},{"taxonomy":"product_cat","embeddable":true,"href":"https:\/\/www.ecvents.com\/pt\/wp-json\/wp\/v2\/product_cat?post=4814"},{"taxonomy":"product_tag","embeddable":true,"href":"https:\/\/www.ecvents.com\/pt\/wp-json\/wp\/v2\/product_tag?post=4814"}],"curies":[{"name":"wp","href":"https:\/\/api.w.org\/{rel}","templated":true}]}}