{"id":4823,"date":"2026-03-19T06:05:30","date_gmt":"2026-03-19T11:05:30","guid":{"rendered":"https:\/\/www.ecvents.com\/?post_type=product&#038;p=4823"},"modified":"2026-03-19T06:06:20","modified_gmt":"2026-03-19T11:06:20","slug":"cortina-de-ar-industrial","status":"publish","type":"product","link":"https:\/\/www.ecvents.com\/pt\/product\/cortina-de-ar-industrial\/","title":{"rendered":"cortina de ar industrial"},"content":{"rendered":"<div class=\"someee\">\n<h2><strong>Escudo poderoso. Precis\u00e3o de engenharia. Constru\u00eddo para o desempenho industrial.<\/strong><\/h2>\n<p>o\u00a0<strong>Cortina do ar industrial<\/strong>\u00a0Cria uma parede invis\u00edvel de ar projetada para separar os ambientes de forma eficiente e econ\u00f4mica. Oferecendo velocidades de ar de at\u00e9 30 m\/s, evita perdas de temperatura, bloqueia poeira e insetos e mant\u00e9m condi\u00e7\u00f5es internas limpas e est\u00e1veis em grandes aberturas de f\u00e1brica ou armaz\u00e9m.<\/p>\n<p>constru\u00eddo a partir de\u00a0<strong>A\u00e7o revestido a p\u00f3<\/strong>\u00a0Com uma estrutura refor\u00e7ada e rebitada, ele resiste \u00e0 corros\u00e3o, vibra\u00e7\u00e3o e deforma\u00e7\u00e3o sob uso cont\u00ednuo. o\u00a0<strong>Rotor centr\u00edfugo galvanizado por imers\u00e3o a quente<\/strong>\u00a0Garante o equil\u00edbrio mec\u00e2nico e a confiabilidade a longo prazo, enquanto um\u00a0<strong>Motor de n\u00facleo de cobre puro<\/strong>\u00a0Aciona o fluxo de ar constante por mais de 8.000 horas de opera\u00e7\u00e3o testada.<\/p>\n<p>Apesar de sua sa\u00edda, o sistema permanece est\u00e1vel e controlado. O otimizado para dutos internos canaliza o fluxo de ar uniformemente em toda a largura da sa\u00edda, reduzindo a turbul\u00eancia e mantendo o ru\u00eddo dentro de\u202f70\u202f\u2013\u202f73\u202fdB. O consumo de energia permanece baixo em rela\u00e7\u00e3o ao desempenho gra\u00e7as ao espa\u00e7amento de ventoinha de precis\u00e3o e ao gerenciamento eficiente do fluxo de ar.<\/p>\n<p>Flex\u00edvel para instalar e simples de usar, cada unidade inclui um\u00a0<strong>Controle de chave de velocidade dupla<\/strong>\u00a0(com opera\u00e7\u00e3o remota opcional) para ajuste r\u00e1pido entre baixa e alta velocidade. Dispon\u00edvel em modelos de\u202f900\u202f a 2.000\u202fmm\u202fin\u202f, a cortina de ar\u202findustrial\u202fa acomodar\u202fa\u202fa\u202fa desmoldous\u202fe\u202f de portas.<\/p>\n<\/div>\n<hr \/>\n<p>Desempenho:<\/p>\n<div class=\"scroll-table-wrapper\">\n<div class=\"scroll-table\">\n<table id=\"tablepress-59\" class=\"tablepress tablepress-id-59\">\n<thead>\n<tr class=\"row-1\">\n\t<th class=\"column-1\">modelo<\/th><th class=\"column-2\">Dimens\u00f5es (mm)<\/th><th class=\"column-3\">tens\u00e3o(v)<\/th><th class=\"column-4\">Frequ\u00eancia(Hz)<\/th><th class=\"column-5\">poder (w)<\/th><th class=\"column-6\">Velocidade (m\/s)<\/th><th class=\"column-7\">Fluxo de ar (m\u00b3\/h)<\/th><th class=\"column-8\">Ru\u00eddo (db)<\/th><th class=\"column-9\">Peso (kg)<\/th>\n<\/tr>\n<\/thead>\n<tbody class=\"row-striping row-hover\">\n<tr class=\"row-2\">\n\t<td class=\"column-1\">FM-6509<\/td><td class=\"column-2\">900\u00d7352x306<\/td><td class=\"column-3\">380<\/td><td class=\"column-4\">50<\/td><td class=\"column-5\">1350<\/td><td class=\"column-6\">30<\/td><td class=\"column-7\">4510<\/td><td class=\"column-8\">70<\/td><td class=\"column-9\">35<\/td>\n<\/tr>\n<tr class=\"row-3\">\n\t<td class=\"column-1\">FM-6512<\/td><td class=\"column-2\">1200x352x306<\/td><td class=\"column-3\">380<\/td><td class=\"column-4\">50<\/td><td class=\"column-5\">2100<\/td><td class=\"column-6\">30<\/td><td class=\"column-7\">6760<\/td><td class=\"column-8\">71<\/td><td class=\"column-9\">50<\/td>\n<\/tr>\n<tr class=\"row-4\">\n\t<td class=\"column-1\">FM-6515<\/td><td class=\"column-2\">1500x352x306<\/td><td class=\"column-3\">380<\/td><td class=\"column-4\">50<\/td><td class=\"column-5\">2700<\/td><td class=\"column-6\">30<\/td><td class=\"column-7\">9000<\/td><td class=\"column-8\">72<\/td><td class=\"column-9\">64<\/td>\n<\/tr>\n<tr class=\"row-5\">\n\t<td class=\"column-1\">FM-6518<\/td><td class=\"column-2\">1800x352x306<\/td><td class=\"column-3\">380<\/td><td class=\"column-4\">50<\/td><td class=\"column-5\">2900<\/td><td class=\"column-6\">30<\/td><td class=\"column-7\">10000<\/td><td class=\"column-8\">73<\/td><td class=\"column-9\">67<\/td>\n<\/tr>\n<tr class=\"row-6\">\n\t<td class=\"column-1\">FM-6520<\/td><td class=\"column-2\">2000\u00d7352x306<\/td><td class=\"column-3\">380<\/td><td class=\"column-4\">50<\/td><td class=\"column-5\">3400<\/td><td class=\"column-6\">30<\/td><td class=\"column-7\">11200<\/td><td class=\"column-8\">71<\/td><td class=\"column-9\">78<\/td>\n<\/tr>\n<\/tbody>\n<\/table>\n<!-- #tablepress-59 from cache --><\/div>\n<\/div>\n<div><\/div>\n<div class=\"woocb\"><a class=\"wocb\" href=\"http:\/\/www.beiaole.com\/wp-content\/uploads\/2025\/09\/d4.7.pdf\" target=\"_blank\" rel=\"noopener\">formar<\/a><\/div>\n<div><\/div>","protected":false},"excerpt":{"rendered":"<ul>\n<li>\n<h2>Barreira de alta velocidade<\/h2>\n<p>\u202fgera\u202fa\u00e9lo\u202fvelocidade\u202fup\u202fa\u202f30\u202fm\/s\u202fpara\u202fseparados\u202fdentro\u202fe\u202fexterior\u202fambientes\u202feficientemente.<\/li>\n<li>\n<h2>Estrutura de a\u00e7o dur\u00e1vel:<\/h2>\n<p>\u202f pulverizado com p\u00f3, \u202fproo que se enferruja\u202fcorpo\u202fcom o quadro restrito e restrito \u00e0 corros\u00e3o e a deforma\u00e7\u00e3o.<\/li>\n<li>\n<h2>Impulsor Centr\u00edfugo Eficiente<\/h2>\n<p>\u202fque-dip\u202fgalvanizado\u202fsteel\u202ffan\u202fsegura\u202flongo-termo\u202fequil\u00edbrio\u202feconfiabilidade\u202fe.<\/li>\n<li>\n<h2>Motor de alto desempenho:<\/h2>\n<p>\u202f puro\u202fcopper\u202fcore\u202fmotor\u202ftestou\u202fpara\u202f8.000\u202f+\u202fhoras\u202fde\u202fopera\u00e7\u00e3o cont\u00ednua\u202f sem falhas.<\/li>\n<li>\n<h2>Opera\u00e7\u00e3o silenciosa e est\u00e1vel:<\/h2>\n<p>\u202fdutos a\u00e9reos otimizados\u202freduce\u202fuseu\u202funoise\u202f(\u2248\u202f70\u202f\u2013\u202f73\u202fdb)\u202f enquanto mant\u00e9m\u202fa fluxo de ar.<\/li>\n<li>\n<h2>Op\u00e7\u00f5es de controle convenientes:<\/h2>\n<p>\u202fkey\u202fmudem\u202fcom\u202fdual\u202fdefines\u202fdefini\u00e7\u00f5es\u202fe\u202fopcional\u202fcontrole\u202fe opcionais\u202fpara opera\u00e7\u00e3o\u202fflex\u00edveis.<\/li>\n<li>\n<h2>Projeto de energia\u202feficiente\u202f:<\/h2>\n<p>\u202f ampla\u202f outlet\u202fe\u202fprecis\u00e3o\u202fespa\u00e7ou\u202ffornece\u202fmaximum\u202fflow\u202fcom\u202fcom\u202fm\u00ednimo\u202fcompanos.<\/li>\n<li>\n<h2>Op\u00e7\u00f5es de tamanho m\u00faltiplo:<\/h2>\n<p>\u202fdispon\u00edvel\u202fem\u202f900\u202f\u2013\u202f2000\u202fmm\u202flengs\u202fto\u202ffit\u202fportas\u202fde qualquer layout industrial.<\/li>\n<\/ul>\n<hr \/>","protected":false},"featured_media":4853,"comment_status":"open","ping_status":"closed","template":"","meta":{"_acf_changed":false},"product_brand":[],"product_cat":[65],"product_tag":[],"class_list":{"0":"post-4823","1":"product","2":"type-product","3":"status-publish","4":"has-post-thumbnail","6":"product_cat-air-curtain","8":"first","9":"instock","10":"taxable","11":"shipping-taxable","12":"purchasable","13":"product-type-variable","14":"has-default-attributes"},"acf":[],"_links":{"self":[{"href":"https:\/\/www.ecvents.com\/pt\/wp-json\/wp\/v2\/product\/4823","targetHints":{"allow":["GET"]}}],"collection":[{"href":"https:\/\/www.ecvents.com\/pt\/wp-json\/wp\/v2\/product"}],"about":[{"href":"https:\/\/www.ecvents.com\/pt\/wp-json\/wp\/v2\/types\/product"}],"replies":[{"embeddable":true,"href":"https:\/\/www.ecvents.com\/pt\/wp-json\/wp\/v2\/comments?post=4823"}],"wp:featuredmedia":[{"embeddable":true,"href":"https:\/\/www.ecvents.com\/pt\/wp-json\/wp\/v2\/media\/4853"}],"wp:attachment":[{"href":"https:\/\/www.ecvents.com\/pt\/wp-json\/wp\/v2\/media?parent=4823"}],"wp:term":[{"taxonomy":"product_brand","embeddable":true,"href":"https:\/\/www.ecvents.com\/pt\/wp-json\/wp\/v2\/product_brand?post=4823"},{"taxonomy":"product_cat","embeddable":true,"href":"https:\/\/www.ecvents.com\/pt\/wp-json\/wp\/v2\/product_cat?post=4823"},{"taxonomy":"product_tag","embeddable":true,"href":"https:\/\/www.ecvents.com\/pt\/wp-json\/wp\/v2\/product_tag?post=4823"}],"curies":[{"name":"wp","href":"https:\/\/api.w.org\/{rel}","templated":true}]}}