{"id":4829,"date":"2026-03-19T06:05:30","date_gmt":"2026-03-19T11:05:30","guid":{"rendered":"https:\/\/www.ecvents.com\/?post_type=product&#038;p=4829"},"modified":"2026-03-19T06:06:20","modified_gmt":"2026-03-19T11:06:20","slug":"cortina-de-ar-industrial-de-teto","status":"publish","type":"product","link":"https:\/\/www.ecvents.com\/pt\/product\/cortina-de-ar-industrial-de-teto\/","title":{"rendered":"cortina de ar industrial de teto"},"content":{"rendered":"<div class=\"someee\">\n<h2><strong>Design sem costura. For\u00e7a silenciosa. Projetado para espa\u00e7os modernos.<\/strong><\/h2>\n<p>o\u00a0<strong>teto - cortina de ar industrial<\/strong>\u00a0Oferece separa\u00e7\u00e3o de ar de alto desempenho em uma forma elegante e integrada ao teto. Projetado para ambientes comerciais e industriais, onde a est\u00e9tica e o desempenho devem coexistir, combina um fluxo de ar forte e equilibrado com um acabamento arquitet\u00f4nico elegante que se encaixa perfeitamente em qualquer ambiente interior.<\/p>\n<p>A\u00a0<strong>Sistema de ventilador centr\u00edfugo de precis\u00e3o<\/strong>\u00a0Aciona as velocidades do ar de\u202f16\u202f\u2013\u202f18\u202fm\/s\u202fe fornece at\u00e9\u202f1.900\u202fm\u00b3\/h\u202foflow, formando uma barreira est\u00e1vel que estabiliza a temperatura, bloqueia a poeira e aumenta a efici\u00eancia da ventila\u00e7\u00e3o. O ru\u00eddo permanece baixo \u2014 em torno de\u202f49\u202f\u2013\u202f52\u202fdb\u2014gra\u00e7as aos rotores otimizados aerodinamicamente e um conjunto de motor refinado projetado para uma opera\u00e7\u00e3o longa e silenciosa.<\/p>\n<p>A unidade\u00a0<strong>Chassi de metal totalmente<\/strong>\u00a0Combina um corpo de a\u00e7o galvanizado com um\u00a0<strong>a\u00e7o carbono pulverizado<\/strong>\u00a0ou\u00a0<strong>Painel frontal em a\u00e7o inoxid\u00e1vel<\/strong>. Ambas as op\u00e7\u00f5es resistem \u00e0 ferrugem, calor e corros\u00e3o, ao mesmo tempo em que atendem aos padr\u00f5es de resist\u00eancia ao fogo. sua\u00a0<strong>Arquitetura de montagem no teto<\/strong>\u00a0Permite a instala\u00e7\u00e3o embutida ou suspensa, mantendo a simplicidade visual e acesso direto para limpeza ou manuten\u00e7\u00e3o.<\/p>\n<p>o\u00a0<strong>Motor eficiente em termos de energia<\/strong>\u00a0Fornece um fluxo de ar constante sob o servi\u00e7o cont\u00ednuo, minimizando o consumo - ideal para instala\u00e7\u00f5es conscientes da energia, focadas na durabilidade e conforto.\n<\/div>\n<hr \/>\n<p>Desempenho:<\/p>\n<div class=\"scroll-table-wrapper\">\n<div class=\"scroll-table\">\n<table id=\"tablepress-60\" class=\"tablepress tablepress-id-60\">\n<thead>\n<tr class=\"row-1\">\n\t<th class=\"column-1\">modelo<\/th><th class=\"column-2\">Dimens\u00f5es (mm)<\/th><th class=\"column-3\">tens\u00e3o(v)<\/th><th class=\"column-4\">Frequ\u00eancia(Hz)<\/th><th class=\"column-5\">poder (w)<\/th><th class=\"column-6\">Velocidade (m\/s)<\/th><th class=\"column-7\">Fluxo de ar (m\u00b3\/h)<\/th><th class=\"column-8\">Ru\u00eddo (db)<\/th><th class=\"column-9\">Peso (kg)<\/th>\n<\/tr>\n<\/thead>\n<tbody class=\"row-striping row-hover\">\n<tr class=\"row-2\">\n\t<td class=\"column-1\">FM-3509CS (painel pulverizado)<\/td><td class=\"column-2\">900\u00d7320x235<\/td><td class=\"column-3\">220<\/td><td class=\"column-4\">50\/60<\/td><td class=\"column-5\">230<\/td><td class=\"column-6\">16-18<\/td><td class=\"column-7\">1100<\/td><td class=\"column-8\">49<\/td><td class=\"column-9\">17<\/td>\n<\/tr>\n<tr class=\"row-3\">\n\t<td class=\"column-1\">FM-3512CS (painel pulverizado)<\/td><td class=\"column-2\">1200\u00d7320x235<\/td><td class=\"column-3\">220<\/td><td class=\"column-4\">50\/60<\/td><td class=\"column-5\">290<\/td><td class=\"column-6\">16-18<\/td><td class=\"column-7\">1500<\/td><td class=\"column-8\">50<\/td><td class=\"column-9\">22<\/td>\n<\/tr>\n<tr class=\"row-4\">\n\t<td class=\"column-1\">FM-3515CS (painel pulverizado)<\/td><td class=\"column-2\">1500x320x235<\/td><td class=\"column-3\">220<\/td><td class=\"column-4\">50\/60<\/td><td class=\"column-5\">380<\/td><td class=\"column-6\">16-18<\/td><td class=\"column-7\">1900<\/td><td class=\"column-8\">52<\/td><td class=\"column-9\">27<\/td>\n<\/tr>\n<tr class=\"row-5\">\n\t<td class=\"column-1\">FM-4009CS (painel de a\u00e7o inoxid\u00e1vel)<\/td><td class=\"column-2\">900x320x235<\/td><td class=\"column-3\">220<\/td><td class=\"column-4\">50\/60<\/td><td class=\"column-5\">230<\/td><td class=\"column-6\">16-18<\/td><td class=\"column-7\">1100<\/td><td class=\"column-8\">49<\/td><td class=\"column-9\">17<\/td>\n<\/tr>\n<tr class=\"row-6\">\n\t<td class=\"column-1\">FM-4012CS (painel de a\u00e7o inoxid\u00e1vel)<\/td><td class=\"column-2\">1200x320x235<\/td><td class=\"column-3\">220<\/td><td class=\"column-4\">50\/60<\/td><td class=\"column-5\">290<\/td><td class=\"column-6\">16-18<\/td><td class=\"column-7\">1500<\/td><td class=\"column-8\">50<\/td><td class=\"column-9\">22<\/td>\n<\/tr>\n<tr class=\"row-7\">\n\t<td class=\"column-1\">FM-4015CS (painel de a\u00e7o inoxid\u00e1vel)<\/td><td class=\"column-2\">1500x320x235<\/td><td class=\"column-3\">220<\/td><td class=\"column-4\">50\/60<\/td><td class=\"column-5\">380<\/td><td class=\"column-6\">16-18<\/td><td class=\"column-7\">1900<\/td><td class=\"column-8\">52<\/td><td class=\"column-9\">27<\/td>\n<\/tr>\n<\/tbody>\n<\/table>\n<!-- #tablepress-60 from cache --><\/div>\n<\/div>\n<div><\/div>\n<div class=\"woocb\"><a class=\"wocb\" href=\"http:\/\/www.beiaole.com\/wp-content\/uploads\/2025\/09\/d4.8.pdf\" target=\"_blank\" rel=\"noopener\">formar<\/a><\/div>\n<div><\/div>","protected":false},"excerpt":{"rendered":"<ul>\n<li>\n<h2>Integra\u00e7\u00e3o elegante do teto:<\/h2>\n<p>\u202fprojetado\u202fpara\u202fflush\u202fmount\u202fou\u202fespens\u00e3o\u202finstala\u00e7\u00e3o,\u202fcriando\u202fa\u202fm\u00ednima\u202fpegada.<\/li>\n<li>\n<h2>Constru\u00e7\u00e3o dur\u00e1vel para todos os metal:<\/h2>\n<p>\u202fgalvanizado\u202fa\u00e7o\u202fcorpo\u202fe\u202fa\u00e7o-instan\u00e7ado\u202fpainel\u202fgarant\u202fa resist\u00eancia a ferrugem,\u202fcalor,\u202fe\u202f.<\/li>\n<li>\n<h2>Desempenho do alto n\u00edvel:<\/h2>\n<p>\u202fentrega\u202fvelocidade do ar\u202fde\u202f16\u202f\u2013\u202f18\u202fm\/s\u202fe do fluxo de ar\u202f16\u202f\u2013\u202f18\u202fm\/s\u202fpara\u202fpara\u202f1.900\u202fm\u00b3\/h\u202fpara\u202fpara\u202fefetivo\u202fpara\u202fpara\u202fpara\u202fpara\u202f.<\/li>\n<li>\n<h2>Opera\u00e7\u00e3o silenciosa e smooth:<\/h2>\n<p>\u202fprecis\u00e3o\u2011projetada\u202fmotor\u202fe\u202f impulsor\u202fdesign\u202fmuito\u202fru\u00eddo\u202flow\u202f(\u2248\u202f49\u202f\u2013\u202f52\u202fdb).<\/li>\n<li>\n<h2>Painel resistente a inc\u00eandios:<\/h2>\n<p>\u202fSuperf\u00edcie\u202fmateriais\u202fcumprir\u202fcom\u202fpadr\u00f5es\u202fe requerem\u202fmanuten\u00e7\u00e3o e requerem\u202fminutos.<\/li>\n<li>\n<h2>Op\u00e7\u00f5es de painel duplo\u202f:<\/h2>\n<p>\u202fEscolha\u202f entre\u202fp\u00f3s pulverizado\u2011powder\u202fsteel\u202fou stainless\u202fsteel\u202fpara\u202fdiferentes\u202fdesenho.<\/li>\n<li>\n<h2>Motor eficiente em termos de energia:<\/h2>\n<p>\u202ffornece\u202fforte\u202fpress\u00e3o do ar\u202fcom\u202fcom baixo consumo de poder\u202f\u202f(230\u202f\u2013\u202f380\u202fw).<\/li>\n<li>\n<h2>F\u00e1cil\u202fManuten\u00e7\u00e3o:<\/h2>\n<p>\u202facess\u00edvel\u202fsuperf\u00edcie\u202fe\u202fdireita\u202fmonteira\u202f simplificar\u202flimpeza\u202fe\u202fservi\u00e7o.<\/li>\n<\/ul>\n<hr \/>","protected":false},"featured_media":4854,"comment_status":"open","ping_status":"closed","template":"","meta":{"_acf_changed":false},"product_brand":[],"product_cat":[65],"product_tag":[],"class_list":{"0":"post-4829","1":"product","2":"type-product","3":"status-publish","4":"has-post-thumbnail","6":"product_cat-air-curtain","8":"first","9":"outofstock","10":"taxable","11":"shipping-taxable","12":"purchasable","13":"product-type-variable"},"acf":[],"_links":{"self":[{"href":"https:\/\/www.ecvents.com\/pt\/wp-json\/wp\/v2\/product\/4829","targetHints":{"allow":["GET"]}}],"collection":[{"href":"https:\/\/www.ecvents.com\/pt\/wp-json\/wp\/v2\/product"}],"about":[{"href":"https:\/\/www.ecvents.com\/pt\/wp-json\/wp\/v2\/types\/product"}],"replies":[{"embeddable":true,"href":"https:\/\/www.ecvents.com\/pt\/wp-json\/wp\/v2\/comments?post=4829"}],"wp:featuredmedia":[{"embeddable":true,"href":"https:\/\/www.ecvents.com\/pt\/wp-json\/wp\/v2\/media\/4854"}],"wp:attachment":[{"href":"https:\/\/www.ecvents.com\/pt\/wp-json\/wp\/v2\/media?parent=4829"}],"wp:term":[{"taxonomy":"product_brand","embeddable":true,"href":"https:\/\/www.ecvents.com\/pt\/wp-json\/wp\/v2\/product_brand?post=4829"},{"taxonomy":"product_cat","embeddable":true,"href":"https:\/\/www.ecvents.com\/pt\/wp-json\/wp\/v2\/product_cat?post=4829"},{"taxonomy":"product_tag","embeddable":true,"href":"https:\/\/www.ecvents.com\/pt\/wp-json\/wp\/v2\/product_tag?post=4829"}],"curies":[{"name":"wp","href":"https:\/\/api.w.org\/{rel}","templated":true}]}}