{"id":4843,"date":"2026-03-19T06:05:55","date_gmt":"2026-03-19T11:05:55","guid":{"rendered":"https:\/\/www.ecvents.com\/?post_type=product&#038;p=4843"},"modified":"2026-03-19T06:06:47","modified_gmt":"2026-03-19T11:06:47","slug":"cortina-de-ar-de-armazenamento-a-frio","status":"publish","type":"product","link":"https:\/\/www.ecvents.com\/pt\/product\/cortina-de-ar-de-armazenamento-a-frio\/","title":{"rendered":"cortina de ar de armazenamento a frio"},"content":{"rendered":"<div class=\"someee\">\n<h2><strong>Controle t\u00e9rmico. For\u00e7a silenciosa. Constru\u00eddo para precis\u00e3o de cadeia de frio.<\/strong><\/h2>\n<p>o\u00a0<strong>Cortina de armazenamento de frio<\/strong>\u00a0Forma uma barreira invis\u00edvel silenciosa que protege as zonas com temperaturas controladas, enquanto economiza energia. Projetado especificamente para c\u00e2maras frigor\u00edficas, freezers e instala\u00e7\u00f5es de processamento, ele estabiliza a separa\u00e7\u00e3o do ar entre ambientes internos e externos, segurando o frio onde pertence e reduzindo a carga do compressor dia ap\u00f3s dia.<\/p>\n<p>A\u00a0<strong>Ventilador centr\u00edfugo de alta velocidade<\/strong>\u00a0Gera um fluxo de ar denso e uniforme, atingindo\u202f20\u202fm\/s, preservando a integridade da temperatura nas portas abertas. o\u00a0<strong>rotor curvo para a frente<\/strong>\u00a0E o design volute afinado mant\u00e9m uma press\u00e3o equilibrada com o m\u00ednimo de turbul\u00eancia, garantindo uma opera\u00e7\u00e3o poderosa e silenciosa em aproximadamente 70\u202fdB.<\/p>\n<p>A estrutura \u00e9 totalmente\u00a0<strong>metal de grau industrial<\/strong>\u2014 Dispon\u00edvel em a\u00e7o inoxid\u00e1vel ou revestido de cor\u2014para resistir \u00e0 corros\u00e3o, vibra\u00e7\u00e3o e condensa\u00e7\u00e3o em condi\u00e7\u00f5es cont\u00ednuas de baixa temperatura. Dentro, um\u00a0<strong>Conjunto do motor dur\u00e1vel<\/strong>\u00a0Classificado por\u202f8.000\u202fhoras, de opera\u00e7\u00e3o gera um desempenho consistente, enquanto a AN\u202f<strong>Classe de prote\u00e7\u00e3o IP44<\/strong>\u202f Mant\u00e9m os componentes protegidos contra a umidade e o frio.<\/p>\n<p>Ao minimizar a troca t\u00e9rmica, a unidade reduz o consumo de energia e prolonga a vida \u00fatil do equipamento de refrigera\u00e7\u00e3o \u2013 pequenos ajustes que se traduzem em economias substanciais de longo prazo em todas as opera\u00e7\u00f5es de cadeia de frio.\n<\/p><\/div>\n<hr \/>\n<p>Desempenho:<\/p>\n<div class=\"scroll-table-wrapper\">\n<div class=\"scroll-table\">\n<table id=\"tablepress-61\" class=\"tablepress tablepress-id-61\">\n<thead>\n<tr class=\"row-1\">\n\t<th class=\"column-1\">modelo<\/th><th class=\"column-2\">Dimens\u00f5es (mm)<\/th><th colspan=\"2\" class=\"column-3\">Tamanho da cabe\u00e7a (mm)<\/th><th class=\"column-5\">Velocidade (m\/s)<\/th><th class=\"column-6\">tens\u00e3o(v)<\/th><th class=\"column-7\">Fluxo de ar (m\u00b3\/h)<\/th><th class=\"column-8\">Ru\u00eddo (db)<\/th><th class=\"column-9\">poder (kw)<\/th><th class=\"column-10\">Peso (kg)<\/th>\n<\/tr>\n<\/thead>\n<tbody class=\"row-striping row-hover\">\n<tr class=\"row-2\">\n\t<td class=\"column-1\"><\/td><td class=\"column-2\">(L-W-H)<\/td><td class=\"column-3\">  Cabe\u00e7a de 0,75kW<br \/>\n  (L-W-H)<\/td><td class=\"column-4\"> Cabe\u00e7a de 1,1kW<br \/>\n (L-W-H)<\/td><td class=\"column-5\"><\/td><td class=\"column-6\"><\/td><td class=\"column-7\"><\/td><td class=\"column-8\"><\/td><td class=\"column-9\"><\/td><td class=\"column-10\"><\/td>\n<\/tr>\n<tr class=\"row-3\">\n\t<td class=\"column-1\">LKFM-25-09<\/td><td class=\"column-2\">900\u00d7305\u00d7170<\/td><td class=\"column-3\">382x364\u00d7426<\/td><td class=\"column-4\">382x414\u00d7426<\/td><td class=\"column-5\">20<\/td><td class=\"column-6\">380\/220<\/td><td class=\"column-7\">1250<\/td><td class=\"column-8\">70<\/td><td class=\"column-9\">0.75\/1.1<\/td><td class=\"column-10\">25<\/td>\n<\/tr>\n<tr class=\"row-4\">\n\t<td class=\"column-1\">LKFM-25-12<\/td><td class=\"column-2\">1200\u00d7305x170<\/td><td class=\"column-3\">382x364\u00d7426<\/td><td class=\"column-4\">382x414x426<\/td><td class=\"column-5\">19<\/td><td class=\"column-6\">380\/220<\/td><td class=\"column-7\">1250<\/td><td class=\"column-8\">70<\/td><td class=\"column-9\">0.75\/1.1<\/td><td class=\"column-10\">27<\/td>\n<\/tr>\n<tr class=\"row-5\">\n\t<td class=\"column-1\">LKFM-25-15<\/td><td class=\"column-2\">1500x305x170<\/td><td class=\"column-3\">382x364x426<\/td><td class=\"column-4\">382x414\u00d7426<\/td><td class=\"column-5\">18<\/td><td class=\"column-6\">380\/220<\/td><td class=\"column-7\">1400<\/td><td class=\"column-8\">70<\/td><td class=\"column-9\">0.75\/1.1<\/td><td class=\"column-10\">29<\/td>\n<\/tr>\n<tr class=\"row-6\">\n\t<td class=\"column-1\">LKFM-25-18<\/td><td class=\"column-2\">1800x305x170<\/td><td class=\"column-3\">382x364x426<\/td><td class=\"column-4\">382x414\u00d7426<\/td><td class=\"column-5\">17<\/td><td class=\"column-6\">380\/220<\/td><td class=\"column-7\">1650<\/td><td class=\"column-8\">70<\/td><td class=\"column-9\">0.75\/1.1<\/td><td class=\"column-10\">31.5<\/td>\n<\/tr>\n<tr class=\"row-7\">\n\t<td class=\"column-1\">LKFM-25-20<\/td><td class=\"column-2\">2000 x 305 x 170<\/td><td class=\"column-3\">382x364x426<\/td><td class=\"column-4\">382x414\u00d7426<\/td><td class=\"column-5\">16.5<\/td><td class=\"column-6\">380\/220<\/td><td class=\"column-7\">1850<\/td><td class=\"column-8\">70<\/td><td class=\"column-9\">0.75\/1.1<\/td><td class=\"column-10\">33.5<\/td>\n<\/tr>\n<tr class=\"row-8\">\n\t<td class=\"column-1\">LKFM-25-22<\/td><td class=\"column-2\">2200\u00d7305\u00d7170<\/td><td class=\"column-3\">382x364x426<\/td><td class=\"column-4\">382\u00d7414x426<\/td><td class=\"column-5\">15.5<\/td><td class=\"column-6\">380\/220<\/td><td class=\"column-7\">2050<\/td><td class=\"column-8\">70<\/td><td class=\"column-9\">0.75\/1.1<\/td><td class=\"column-10\">35.5<\/td>\n<\/tr>\n<tr class=\"row-9\">\n\t<td class=\"column-1\">LKFM-25-24<\/td><td class=\"column-2\">2400x305\u00d7170<\/td><td class=\"column-3\">382x364\u00d7426<\/td><td class=\"column-4\">382x414x426<\/td><td class=\"column-5\">15<\/td><td class=\"column-6\">380\/220<\/td><td class=\"column-7\">2250<\/td><td class=\"column-8\">70<\/td><td class=\"column-9\">0.75\/1.1<\/td><td class=\"column-10\">37.5<\/td>\n<\/tr>\n<\/tbody>\n<\/table>\n<!-- #tablepress-61 from cache --><\/div>\n<\/div>\n<div><\/div>\n<div class=\"woocb\"><a class=\"wocb\" href=\"http:\/\/www.beiaole.com\/wp-content\/uploads\/2025\/10\/d4.9.pdf\" target=\"_blank\" rel=\"noopener\">formar<\/a><\/div>\n<div><\/div>","protected":false},"excerpt":{"rendered":"<ul>\n<li>\n<h2>Barreira de precis\u00e3o do ar:<\/h2>\n<p>\u202fc\u00eantrico\u202ffan\u202fcria\u202fa\u202fdense,\u202funiform\u202fcurtain\u202fu-up\u202fpara\u202f20\u202fm\/s\u202fpara\u202fpara\u202fpara\u202fpara\u202fpara\u202fpara\u202fpara\u202f.<\/li>\n<li>\n<h2>Constru\u00e7\u00e3o de metal dur\u00e1vel:<\/h2>\n<p>\u202fstainless\u202for\u202fcoated\u202fa\u00e7o\u202frevestidos\u202fobrigado\u202fobrigado\u202fe resiste \u00e0 corros\u00e3o e \u00e0 vibra\u00e7\u00e3o\u202f em condi\u00e7\u00f5es \u00famidas e frias.<\/li>\n<li>\n<h2>Desempenho de Duty Cont\u00ednuo<\/h2>\n<p>\u202fmotor\u202ftestado\u202fpara\u202fmais de 8.000\u202fhoras\u202fopera\u00e7\u00e3o\u202fpara\u202fconfian\u00e7a industrial a longo prazo.<\/li>\n<li>\n<h2>Opera\u00e7\u00e3o silenciosa:<\/h2>\n<p>\u202fpara frente, curvo\u202f impulsor\u202fe\u202ftuned\u202fvolte\u202fdesenho\u202fmaintain\u202flow\u202fn\u00edveis\u202f\u202f(\u224870\u202fdb).<\/li>\n<li>\n<h2>Efici\u00eancia de energia:<\/h2>\n<p>\u202fa cortina\u202f reduz a troca t\u00e9rmica, o compressor diminuindo, diminuindo e cortando energia, usando o tipo de armazenamento.<\/li>\n<li>\n<h2>Tamanhos amplos:<\/h2>\n<p>\u202fmodelos\u202fvariando\u202fde\u202f900\u202f a\u202f2400\u202fmm\u202ffit\u202fv\u00e1rios\u202flarguras de portas\u202fe\u202findustriais.<\/li>\n<li>\n<h2>Prote\u00e7\u00e3o resiliente:<\/h2>\n<p>\u202fgalvanizado\u202ffan\u202fshell\u202fe\u202fip44\u202fprovas de \u00e1gua\u202faguentando\u202fcondi\u00e7\u00f5es,\u202f baixa temperatura.<\/li>\n<li>\n<h2>Fluxo de ar est\u00e1vel:<\/h2>\n<p>\u202funiforme\u202fdistribui\u00e7\u00e3o do ar\u202fevita a condensa\u00e7\u00e3o e os limites do p\u00f3, e os insectem de entrar em zonas frias.<\/li>\n<\/ul>\n<hr \/>","protected":false},"featured_media":4855,"comment_status":"open","ping_status":"closed","template":"","meta":{"_acf_changed":false},"product_brand":[],"product_cat":[65],"product_tag":[],"class_list":{"0":"post-4843","1":"product","2":"type-product","3":"status-publish","4":"has-post-thumbnail","6":"product_cat-air-curtain","8":"first","9":"instock","10":"taxable","11":"shipping-taxable","12":"purchasable","13":"product-type-variable","14":"has-default-attributes"},"acf":[],"_links":{"self":[{"href":"https:\/\/www.ecvents.com\/pt\/wp-json\/wp\/v2\/product\/4843","targetHints":{"allow":["GET"]}}],"collection":[{"href":"https:\/\/www.ecvents.com\/pt\/wp-json\/wp\/v2\/product"}],"about":[{"href":"https:\/\/www.ecvents.com\/pt\/wp-json\/wp\/v2\/types\/product"}],"replies":[{"embeddable":true,"href":"https:\/\/www.ecvents.com\/pt\/wp-json\/wp\/v2\/comments?post=4843"}],"wp:featuredmedia":[{"embeddable":true,"href":"https:\/\/www.ecvents.com\/pt\/wp-json\/wp\/v2\/media\/4855"}],"wp:attachment":[{"href":"https:\/\/www.ecvents.com\/pt\/wp-json\/wp\/v2\/media?parent=4843"}],"wp:term":[{"taxonomy":"product_brand","embeddable":true,"href":"https:\/\/www.ecvents.com\/pt\/wp-json\/wp\/v2\/product_brand?post=4843"},{"taxonomy":"product_cat","embeddable":true,"href":"https:\/\/www.ecvents.com\/pt\/wp-json\/wp\/v2\/product_cat?post=4843"},{"taxonomy":"product_tag","embeddable":true,"href":"https:\/\/www.ecvents.com\/pt\/wp-json\/wp\/v2\/product_tag?post=4843"}],"curies":[{"name":"wp","href":"https:\/\/api.w.org\/{rel}","templated":true}]}}