{"id":4851,"date":"2026-03-19T06:05:56","date_gmt":"2026-03-19T11:05:56","guid":{"rendered":"https:\/\/www.ecvents.com\/?post_type=product&#038;p=4851"},"modified":"2026-03-19T06:06:47","modified_gmt":"2026-03-19T11:06:47","slug":"desumidificador-induatrial-portatil","status":"publish","type":"product","link":"https:\/\/www.ecvents.com\/pt\/product\/desumidificador-induatrial-portatil\/","title":{"rendered":"Desumidificador induatrial port\u00e1til"},"content":{"rendered":"<div class=\"someee\">\n<h2><strong>Energia confi\u00e1vel. Controle inteligente. Constru\u00eddo para ambientes exigentes.<\/strong><\/h2>\n<p>o\u00a0<strong>Desumidificador port\u00e1til\u202findustrial\u202f<\/strong>\u00a0Foi projetado para remover a umidade de forma r\u00e1pida e eficiente onde quer que a umidade se torne um problema - armaz\u00e9ns, oficinas, arquivos e aplicativos de secagem final que exigem desempenho cont\u00ednuo. Por tr\u00e1s de sua estrutura compacta est\u00e1 a precis\u00e3o do controle eletr\u00f4nico, a resist\u00eancia dos componentes industriais e a simplicidade do verdadeiro design plug-and-run.<\/p>\n<p>Em sua ess\u00eancia, um\u00a0<strong>Sistema inteligente de microcomputadores<\/strong>\u00a0Monitora a temperatura e a umidade em tempo real, regulando as condi\u00e7\u00f5es com precis\u00e3o de 1\u202f%.\u00a0<strong>descongelamento autom\u00e1tico<\/strong>\u00a0Garante uma opera\u00e7\u00e3o consistente em zonas de baixa temperatura, enquanto um\u00a0<strong>Temporizador program\u00e1vel de 24 horas<\/strong>\u00a0Permite o desligamento programado para obter efici\u00eancia durante horas aut\u00f4nomas. o\u00a0<strong>Interface LCD<\/strong>\u00a0Fornece dados claros e acion\u00e1veis: umidade, temperatura e status do sistema.<\/p>\n<p>Cada elemento \u00e9 constru\u00eddo para resist\u00eancia. um\u00a0<strong>Chassi de a\u00e7o revestido a p\u00f3<\/strong>\u00a0Protege os componentes internos, enquanto\u00a0<strong>rod\u00edzios de grau industrial<\/strong>\u00a0Torne a realoca\u00e7\u00e3o sem esfor\u00e7o em pisos robustos. Dentro, um\u00a0<strong>Compressor rotativo premium<\/strong>\u00a0e\u00a0<strong>Sistema de ventilador centr\u00edfugo<\/strong>\u00a0Gere um fluxo de ar forte com vibra\u00e7\u00e3o reduzida e baixo ru\u00eddo, mantendo altas taxas de extra\u00e7\u00e3o em todas as faixas de temperatura. A drenagem cont\u00ednua por meio de uma conex\u00e3o direta com a mangueira suporta o servi\u00e7o sem parar.<\/p>\n<p>ambos\u00a0<strong>comercial<\/strong>\u00a0e\u00a0<strong>configura\u00e7\u00f5es industriais<\/strong>\u00a0Compartilhe a mesma filosofia de design: durabilidade, precis\u00e3o e facilidade de servi\u00e7o. Cada unidade \u00e9 protegida por circuitos de autodiagn\u00f3stico que identificam falhas instantaneamente, minimizando o tempo de inatividade e reduzindo o esfor\u00e7o de manuten\u00e7\u00e3o.\n<\/div>\n<hr \/>\n<p>Desempenho:<\/p>\n<h2 class=\"woocommerce-loop-product__title\" style=\"text-align: center;\">comercial<\/h2>\n<p><img loading=\"lazy\" decoding=\"async\" class=\"size-medium wp-image-16327 aligncenter\" src=\"http:\/\/www.beiaole.com\/wp-content\/uploads\/2025\/08\/3-e1755167554774-300x300.png\" alt=\"Portable Induatrial Dehumidifier\" width=\"300\" height=\"300\" data-no-translation=\"\" \/><\/p>\n<div class=\"scroll-table-wrapper\">\n<div class=\"scroll-table\">\n<table id=\"tablepress-63\" class=\"tablepress tablepress-id-63\">\n<thead>\n<tr class=\"row-1\">\n\t<th class=\"column-1\">modelo<\/th><th class=\"column-2\">YDA-870EB<\/th><th class=\"column-3\">YDA-890EB<\/th><th class=\"column-4\">YDA-8138EB<\/th><th class=\"column-5\">YDA-8158EB<\/th>\n<\/tr>\n<\/thead>\n<tbody class=\"row-striping row-hover\">\n<tr class=\"row-2\">\n\t<td class=\"column-1\">Faixa de ajuste de umidade<\/td><td class=\"column-2\">10%\uff5e99%rh<\/td><td class=\"column-3\">10%\uff5e99%rh<\/td><td class=\"column-4\">10%\uff5e99%rh<\/td><td class=\"column-5\">10%~99%rh<\/td>\n<\/tr>\n<tr class=\"row-3\">\n\t<td class=\"column-1\">Precis\u00e3o do controle de umidade<\/td><td class=\"column-2\">\u00b13%rh<\/td><td class=\"column-3\">\u00b13%rh<\/td><td class=\"column-4\">\u00b13%rh<\/td><td class=\"column-5\">\u00b13%rh<\/td>\n<\/tr>\n<tr class=\"row-4\">\n\t<td class=\"column-1\">Tens\u00e3o (V-Hz)<\/td><td class=\"column-2\">220V~50Hz<\/td><td class=\"column-3\">220V~50Hz<\/td><td class=\"column-4\">220V~50Hz<\/td><td class=\"column-5\">220V~50Hz<\/td>\n<\/tr>\n<tr class=\"row-5\">\n\t<td class=\"column-1\">Capacidade de desumidifica\u00e7\u00e3o (27\u2103\/60%RH)<\/td><td class=\"column-2\">1,75kg\/h<\/td><td class=\"column-3\">1,9 kg\/h<\/td><td class=\"column-4\">2,45kg\/h<\/td><td class=\"column-5\">3,75kg\/h<\/td>\n<\/tr>\n<tr class=\"row-6\">\n\t<td class=\"column-1\">Capacidade de desumidifica\u00e7\u00e3o (30\u2103\/80%RH)<\/td><td class=\"column-2\">70l\/d<\/td><td class=\"column-3\">90l\/d<\/td><td class=\"column-4\">110l\/d<\/td><td class=\"column-5\">158l\/d<\/td>\n<\/tr>\n<tr class=\"row-7\">\n\t<td class=\"column-1\">Capacidade de desumidifica\u00e7\u00e3o (35\u2103\/90%RH)<\/td><td class=\"column-2\">90l\/d<\/td><td class=\"column-3\">115l\/d<\/td><td class=\"column-4\">138l\/d<\/td><td class=\"column-5\">180l\/d<\/td>\n<\/tr>\n<tr class=\"row-8\">\n\t<td class=\"column-1\">Power(27\u2103\/60%RH)<\/td><td class=\"column-2\">830w<\/td><td class=\"column-3\">860w<\/td><td class=\"column-4\">1000w<\/td><td class=\"column-5\">1550w<\/td>\n<\/tr>\n<tr class=\"row-9\">\n\t<td class=\"column-1\">Alta - pot\u00eancia de temperatura (30\u2103\/80%RH)<\/td><td class=\"column-2\">950W<\/td><td class=\"column-3\">1050w<\/td><td class=\"column-4\">1300w<\/td><td class=\"column-5\">1900w<\/td>\n<\/tr>\n<tr class=\"row-10\">\n\t<td class=\"column-1\">Max Power (35\u2103\/90%RH)<\/td><td class=\"column-2\">1180w<\/td><td class=\"column-3\">1250w<\/td><td class=\"column-4\">1550w<\/td><td class=\"column-5\">2200w<\/td>\n<\/tr>\n<tr class=\"row-11\">\n\t<td class=\"column-1\">fluxo de ar<\/td><td class=\"column-2\">350m\u00b3\/h<\/td><td class=\"column-3\">550m\u00b3\/h<\/td><td class=\"column-4\">650m\u00b3\/h<\/td><td class=\"column-5\">900m\u00b3\/h<\/td>\n<\/tr>\n<tr class=\"row-12\">\n\t<td class=\"column-1\">refrigerante<\/td><td class=\"column-2\">R22<\/td><td class=\"column-3\">R22<\/td><td class=\"column-4\">R22<\/td><td class=\"column-5\">R22<\/td>\n<\/tr>\n<tr class=\"row-13\">\n\t<td class=\"column-1\">Classe de prote\u00e7\u00e3o contra choque el\u00e9trico<\/td><td class=\"column-2\">Aula \u2160<\/td><td class=\"column-3\">Aula \u2160<\/td><td class=\"column-4\">Aula \u2160<\/td><td class=\"column-5\">Aula \u2160<\/td>\n<\/tr>\n<tr class=\"row-14\">\n\t<td class=\"column-1\">Modo de drenagem<\/td><td class=\"column-2\">drenagem de tubos de \u00e1gua<\/td><td class=\"column-3\">drenagem de tubos de \u00e1gua<\/td><td class=\"column-4\">drenagem de tubos de \u00e1gua<\/td><td class=\"column-5\">drenagem de tubos de \u00e1gua<\/td>\n<\/tr>\n<tr class=\"row-15\">\n\t<td class=\"column-1\">dimens\u00f5es<br \/>\n(comprimento x largura x altura)<\/td><td class=\"column-2\">480*365*885mm<\/td><td class=\"column-3\">480*435*950mm<\/td><td class=\"column-4\">480*435*950mm<\/td><td class=\"column-5\">550*435*1080mm<\/td>\n<\/tr>\n<tr class=\"row-16\">\n\t<td class=\"column-1\">pesar<\/td><td class=\"column-2\">40kg<\/td><td class=\"column-3\">45kg<\/td><td class=\"column-4\">50kg<\/td><td class=\"column-5\">68kg<\/td>\n<\/tr>\n<tr class=\"row-17\">\n\t<td class=\"column-1\">\u00e1rea de aplica\u00e7\u00e3o<\/td><td class=\"column-2\">70-90m\u00b2<\/td><td class=\"column-3\">90-110m\u00b2<\/td><td class=\"column-4\">130-150m\u00b2<\/td><td class=\"column-5\">150-180\u00b2<\/td>\n<\/tr>\n<\/tbody>\n<\/table>\n<!-- #tablepress-63 from cache --><\/div>\n<\/div>\n<div><\/div>\n<div class=\"woocb\"><a class=\"wocb\" href=\"http:\/\/www.beiaole.com\/wp-content\/uploads\/2025\/09\/d5.2.1.pdf\" target=\"_blank\" rel=\"noopener\">formar<\/a><\/div>\n<div><\/div>\n<h2 class=\"woocommerce-loop-product__title\" style=\"text-align: center;\">industrial<\/h2>\n<p><img loading=\"lazy\" decoding=\"async\" class=\"size-medium wp-image-16328 aligncenter\" src=\"http:\/\/www.beiaole.com\/wp-content\/uploads\/2025\/08\/2-e1755167471248-300x300.png\" alt=\"Portable Induatrial Dehumidifier\" width=\"300\" height=\"300\" data-no-translation=\"\" \/><\/p>\n<div class=\"scroll-table-wrapper\">\n<div class=\"scroll-table\">\n<table id=\"tablepress-64\" class=\"tablepress tablepress-id-64\">\n<thead>\n<tr class=\"row-1\">\n\t<th class=\"column-1\">modelo<\/th><th class=\"column-2\">CF6.8DT<\/th><th class=\"column-3\">CF7.5KT<\/th><th class=\"column-4\">CF8.8KT<\/th><th class=\"column-5\">cf10kt<\/th><th class=\"column-6\">cf12kt<\/th>\n<\/tr>\n<\/thead>\n<tbody class=\"row-striping row-hover\">\n<tr class=\"row-2\">\n\t<td class=\"column-1\">Faixa de ajuste de umidade<\/td><td class=\"column-2\">10%~98%rh<\/td><td class=\"column-3\">10%\uff5e98%rh<\/td><td class=\"column-4\">10%\uff5e98%rh<\/td><td class=\"column-5\">10%\uff5e98%rh<\/td><td class=\"column-6\">10%~98%rh<\/td>\n<\/tr>\n<tr class=\"row-3\">\n\t<td class=\"column-1\">Precis\u00e3o do controle de umidade<\/td><td class=\"column-2\">\u00b13%rh<\/td><td class=\"column-3\">\u00b13%rh<\/td><td class=\"column-4\">\u00b13%rh<\/td><td class=\"column-5\">\u00b13%rh<\/td><td class=\"column-6\">\u00b13%rh<\/td>\n<\/tr>\n<tr class=\"row-4\">\n\t<td class=\"column-1\">Tens\u00e3o (V-Hz)<\/td><td class=\"column-2\">220V~50Hz<\/td><td class=\"column-3\">380v 3n~50hz<\/td><td class=\"column-4\">380v 3n~50hz<\/td><td class=\"column-5\">380v 3n~50hz<\/td><td class=\"column-6\">380v 3n~50hz<\/td>\n<\/tr>\n<tr class=\"row-5\">\n\t<td class=\"column-1\">Capacidade de desumidifica\u00e7\u00e3o (27\u2103\/60%RH)<\/td><td class=\"column-2\">4,0kg\/h<\/td><td class=\"column-3\">4,3 kg\/h<\/td><td class=\"column-4\">5,0kg\/h<\/td><td class=\"column-5\">6,0kg\/h<\/td><td class=\"column-6\">6,8 kg\/h<\/td>\n<\/tr>\n<tr class=\"row-6\">\n\t<td class=\"column-1\">Capacidade de desumidifica\u00e7\u00e3o (30\u2103\/80%RH)<\/td><td class=\"column-2\">6,8 kg\/h<\/td><td class=\"column-3\">7,5kg\/h<\/td><td class=\"column-4\">8,8 kg\/h<\/td><td class=\"column-5\">10kg\/h<\/td><td class=\"column-6\">12kg\/h<\/td>\n<\/tr>\n<tr class=\"row-7\">\n\t<td class=\"column-1\">Capacidade de desumidifica\u00e7\u00e3o (35\u2103\/90%RH)<\/td><td class=\"column-2\">8,5 kg\/h<\/td><td class=\"column-3\">9,0kg\/h<\/td><td class=\"column-4\">11kg\/h<\/td><td class=\"column-5\">13kg\/h<\/td><td class=\"column-6\">14,5kg\/h<\/td>\n<\/tr>\n<tr class=\"row-8\">\n\t<td class=\"column-1\">Power(27\u2103\/60%RH)<\/td><td class=\"column-2\">1900w<\/td><td class=\"column-3\">2200w<\/td><td class=\"column-4\">2500w<\/td><td class=\"column-5\">2650w<\/td><td class=\"column-6\">3200w<\/td>\n<\/tr>\n<tr class=\"row-9\">\n\t<td class=\"column-1\">Alta - pot\u00eancia de temperatura (30\u2103\/80%RH)<\/td><td class=\"column-2\">2300W<\/td><td class=\"column-3\">2700W<\/td><td class=\"column-4\">3150w<\/td><td class=\"column-5\">3400w<\/td><td class=\"column-6\">4000w<\/td>\n<\/tr>\n<tr class=\"row-10\">\n\t<td class=\"column-1\">Max Power (35\u2103\/90%RH)<\/td><td class=\"column-2\">2900W<\/td><td class=\"column-3\">3300w<\/td><td class=\"column-4\">3800W<\/td><td class=\"column-5\">4150w<\/td><td class=\"column-6\">5000W<\/td>\n<\/tr>\n<tr class=\"row-11\">\n\t<td class=\"column-1\">fluxo de ar<\/td><td class=\"column-2\">1200m\u00b3\/h<\/td><td class=\"column-3\">1200m\u00b3\/h<\/td><td class=\"column-4\">1300m\u00b3\/h<\/td><td class=\"column-5\">1800m\u00b3\/h<\/td><td class=\"column-6\">2000m\u00b3\/h<\/td>\n<\/tr>\n<tr class=\"row-12\">\n\t<td class=\"column-1\">refrigerante<\/td><td class=\"column-2\">R22<\/td><td class=\"column-3\">R22<\/td><td class=\"column-4\">R22<\/td><td class=\"column-5\">R22<\/td><td class=\"column-6\">R410A<\/td>\n<\/tr>\n<tr class=\"row-13\">\n\t<td class=\"column-1\">Classe de prote\u00e7\u00e3o contra choque el\u00e9trico<\/td><td class=\"column-2\">Aula \u2160<\/td><td class=\"column-3\">Aula \u2160<\/td><td class=\"column-4\">Aula \u2160<\/td><td class=\"column-5\">Aula \u2160<\/td><td class=\"column-6\">Aula \u2160<\/td>\n<\/tr>\n<tr class=\"row-14\">\n\t<td class=\"column-1\">Modo de drenagem<\/td><td class=\"column-2\">drenagem de tubos de \u00e1gua<\/td><td class=\"column-3\">drenagem de tubos de \u00e1gua<\/td><td class=\"column-4\">drenagem de tubos de \u00e1gua<\/td><td class=\"column-5\">drenagem de tubos de \u00e1gua<\/td><td class=\"column-6\">drenagem de tubos de \u00e1gua<\/td>\n<\/tr>\n<tr class=\"row-15\">\n\t<td class=\"column-1\">dimens\u00f5es<br \/>\n(comprimento x largura x altura)<\/td><td class=\"column-2\">615*405*1550mm<\/td><td class=\"column-3\">615*405*1550mm<\/td><td class=\"column-4\">600*405*1660mm<\/td><td class=\"column-5\">763*472*1680mm<\/td><td class=\"column-6\">763*472*1680mm<\/td>\n<\/tr>\n<tr class=\"row-16\">\n\t<td class=\"column-1\">pesar<\/td><td class=\"column-2\">84kg<\/td><td class=\"column-3\">88kg<\/td><td class=\"column-4\">98kg<\/td><td class=\"column-5\">128kg<\/td><td class=\"column-6\">125kg<\/td>\n<\/tr>\n<tr class=\"row-17\">\n\t<td class=\"column-1\">\u00e1rea de aplica\u00e7\u00e3o<\/td><td class=\"column-2\">200-250m\u00b2<\/td><td class=\"column-3\">200-250m\u00b2<\/td><td class=\"column-4\">200-300m\u00b2<\/td><td class=\"column-5\">300-350m\u00b2<\/td><td class=\"column-6\">300-380m\u00b2<\/td>\n<\/tr>\n<\/tbody>\n<\/table>\n<!-- #tablepress-64 from cache --><\/div>\n<\/div>\n<div><\/div>\n<div class=\"woocb\"><a class=\"wocb\" href=\"http:\/\/www.beiaole.com\/wp-content\/uploads\/2025\/09\/d5.2.2.pdf\" target=\"_blank\" rel=\"noopener\">formar<\/a><\/div>\n<div><\/div>","protected":false},"excerpt":{"rendered":"<ul>\n<li>\n<h2>Controle de microcomputador inteligente\u202f: controle<\/h2>\n<p>\u202fautom\u00e1tica\u202ftemperatura\u202fe\u202fhumidade\u202fmonitoramento\u202fcom\u202fajuste\u202fajustamento\u202fem\u202f1\u202f%\u202f.<\/li>\n<li>\n<h2>Exibi\u00e7\u00e3o de LCD em tempo real:<\/h2>\n<p>\u202fmostra-se a temperatura, umidade, um estado, e uma opera\u00e7\u00e3o de um estado, claramente, para uma simplifica\u00e7\u00e3o.<\/li>\n<li>\n<h2>Grande variedade de umidade\u202f:<\/h2>\n<p>\u202fajust\u00e1vel\u202f10\u202f\u2013\u202f98\u202f%\u202frh\u202fvange\u202fcom\u202f\u00b1\u202f3\u202f1t3t\u202frh\u202fcontrole\u202fecuracidade\u202fpara\u202fdiferentes.<\/li>\n<li>\n<h2>Sistema de descongelamento autom\u00e1tico\u202f:<\/h2>\n<p>\u202fevita\u202ffrost\u202fbuild\u202fpara\u202fmanter\u202fopera\u00e7\u00e3o constante\u202fem aplica\u00e7\u00f5es de baixa temperatura.<\/li>\n<li>\n<h2>Temporizador program\u00e1vel:<\/h2>\n<p>\u202f1\u2011a-24\u202fhora\u202fde timer\u202fpermite\u202fagendado\u202fparada\u202fpara\u202fuso sem gest\u00e3o e economias.<\/li>\n<li>\n<h2>Fun\u00e7\u00e3o de autodiagn\u00f3stico\u202f:<\/h2>\n<p>\u202fdetec\u00e7\u00e3o de erros constru\u00edda em\u202fe-error\u202fe\u202fe exibir\u202fpara\u202fpara\u202fescuridas\u202fe para solucionar\u202fe\u202fm\u00ednimo.<\/li>\n<li>\n<h2>Drenagem Cont\u00ednua:<\/h2>\n<p>\u202f\u00e1gua\u202f tubo\u202fdren\u202fapoia\u202fnon\u2011parar\u202fopera\u00e7\u00e3o\u202f sem interven\u00e7\u00e3o manual.<\/li>\n<li>\n<h2>Dur\u00e1vel\u202fmobility:<\/h2>\n<p>\u202f Industrial\u202fSteel\u202fchassis\u202fe\u202fpesado\u2011casters\u202fcombina\u00e7\u00e3o\u202festabilidade\u202fcom\u202feasy\u202freloca\u00e7\u00e3o.<\/li>\n<li>\n<h2>Sistema de alto desempenho: sistema a\u00e9reo:<\/h2>\n<p>\u202fc\u00eantrico\u202ffan\u202fdelivers\u202fforte\u202ffluxo de ar\u202fcom baixo\u202fru\u00eddo\u202fpara\u202fmoisture\u202fmoisture\u202feficiente.<\/li>\n<li>\n<h2>Compressor Premium:<\/h2>\n<p>\u202fcompressor de grau internacional\u202fsegura\u202flongo\u202flongo\u202fservice\u202fvida\u202fe\u202fconsistente\u202f desumidificar.<\/li>\n<\/ul>\n<hr \/>","protected":false},"featured_media":4882,"comment_status":"open","ping_status":"closed","template":"","meta":{"_acf_changed":false},"product_brand":[],"product_cat":[64],"product_tag":[],"class_list":{"0":"post-4851","1":"product","2":"type-product","3":"status-publish","4":"has-post-thumbnail","6":"product_cat-dehumidifier-series","8":"first","9":"outofstock","10":"taxable","11":"shipping-taxable","12":"purchasable","13":"product-type-variable"},"acf":[],"_links":{"self":[{"href":"https:\/\/www.ecvents.com\/pt\/wp-json\/wp\/v2\/product\/4851","targetHints":{"allow":["GET"]}}],"collection":[{"href":"https:\/\/www.ecvents.com\/pt\/wp-json\/wp\/v2\/product"}],"about":[{"href":"https:\/\/www.ecvents.com\/pt\/wp-json\/wp\/v2\/types\/product"}],"replies":[{"embeddable":true,"href":"https:\/\/www.ecvents.com\/pt\/wp-json\/wp\/v2\/comments?post=4851"}],"wp:featuredmedia":[{"embeddable":true,"href":"https:\/\/www.ecvents.com\/pt\/wp-json\/wp\/v2\/media\/4882"}],"wp:attachment":[{"href":"https:\/\/www.ecvents.com\/pt\/wp-json\/wp\/v2\/media?parent=4851"}],"wp:term":[{"taxonomy":"product_brand","embeddable":true,"href":"https:\/\/www.ecvents.com\/pt\/wp-json\/wp\/v2\/product_brand?post=4851"},{"taxonomy":"product_cat","embeddable":true,"href":"https:\/\/www.ecvents.com\/pt\/wp-json\/wp\/v2\/product_cat?post=4851"},{"taxonomy":"product_tag","embeddable":true,"href":"https:\/\/www.ecvents.com\/pt\/wp-json\/wp\/v2\/product_tag?post=4851"}],"curies":[{"name":"wp","href":"https:\/\/api.w.org\/{rel}","templated":true}]}}