{"id":4870,"date":"2026-03-19T06:06:24","date_gmt":"2026-03-19T11:06:24","guid":{"rendered":"https:\/\/www.ecvents.com\/?post_type=product&#038;p=4870"},"modified":"2026-03-19T06:06:45","modified_gmt":"2026-03-19T11:06:45","slug":"quarto-individual-hrv-vt501-wi-fi-2","status":"publish","type":"product","link":"https:\/\/www.ecvents.com\/pt\/product\/quarto-individual-hrv-vt501-wi-fi-2\/","title":{"rendered":"Quarto Individual HRV VT501-WiFi"},"content":{"rendered":"<div class=\"someee\">\n<h2><strong>Sil\u00eancio\u202ffresco.\u202f Controle inteligente.\u202f Constru\u00eddo\u202fpara o conforto sem esfor\u00e7o.<\/strong><\/h2>\n<p>o\u00a0<strong>Quarto \u00fanico\u202fhv\u202fvt501\u2011wi-fi<\/strong>\u00a0Transforma silenciosamente o ar interno sem chamar a aten\u00e7\u00e3o para si mesmo. Voc\u00ea n\u00e3o ouve isso funcionando - voc\u00ea simplesmente percebe que o ar parece certo: fresco, equilibrado e naturalmente confort\u00e1vel, como uma janela aberta em um dia perfeito.<\/p>\n<p>Escondido dentro de sua estrutura compacta, um\u00a0<strong>N\u00facleo de recupera\u00e7\u00e3o de calor de cer\u00e2mica<\/strong>\u00a0Troca continuamente energia entre o ar de entrada e sa\u00edda. Ele mant\u00e9m o calor no inverno, remove o excesso de calor no ver\u00e3o e alivia a carga de trabalho nos sistemas HVAC, mantendo um ambiente est\u00e1vel e confort\u00e1vel durante todo o ano.<\/p>\n<p>A qualidade do ar \u00e9 refinada atrav\u00e9s de um\u00a0<strong>Rede de filtro duplo<\/strong>\u00a0Combinando um\u00a0<strong>filtro HEPA<\/strong>\u00a0que captura part\u00edculas t\u00e3o pequenas quanto\u202f0,3\u202f\u03bcm\u202f e um\u00a0<strong>Camada de carbono ativada<\/strong>\u00a0Isso absorve odores e VOCs. O ar parece naturalmente limpo, nunca artificial ou supertratado.<\/p>\n<p>Correndo quase silenciosamente, o sistema fornece at\u00e9 60 \u202fm\u00b3\/h\u202f de fluxo de ar com apenas 8,5 \u202fw de pot\u00eancia. O controle \u00e9 simples e preciso atrav\u00e9s\u00a0<strong>Wi-Fi e o aplicativo Tuya\u202f<\/strong>, fornecendo acesso total \u00e0s configura\u00e7\u00f5es de velocidade, hor\u00e1rios e monitoramento da qualidade do ar diretamente do seu telefone.<\/p>\n<p>Constru\u00eddo para longevidade, o VT501\u2011WiFi usa um\u00a0<strong>N\u00facleo de cer\u00e2mica resistente \u00e0 corros\u00e3o<\/strong>\u00a0Dentro de um\u00a0<strong>Corpo ABS de alta resist\u00eancia<\/strong>, garantindo confiabilidade a longo prazo em condi\u00e7\u00f5es \u00famidas ou vari\u00e1veis. A manuten\u00e7\u00e3o \u00e9 simples \u2014 os filtros e o n\u00facleo de cer\u00e2mica podem ser substitu\u00eddos ou limpos em minutos sem ferramentas.<\/p>\n<\/div>\n<hr \/>\n<p>Dimens\u00f5es (unidade: mm):<\/p>\n<div class=\"scroll-table-wrapper\">\n<div class=\"scroll-table\">[ Tabela \u201c74\u201d n\u00e3o encontrada \/]<br \/>\n<\/div>\n<\/div>\n<div><\/div>\n<div><a class=\"wocb\" href=\"https:\/\/www.beiaole.com\/wp-content\/uploads\/2025\/12\/VT501-table1.pdf\" target=\"_blank\" rel=\"noopener\">formar<\/a><\/div>\n<div><\/div>\n<div><img loading=\"lazy\" decoding=\"async\" class=\"aligncenter wp-image-21029 size-full\" src=\"https:\/\/www.beiaole.com\/wp-content\/uploads\/2025\/12\/VT501-size.png\" alt=\"VT501-size\" width=\"1087\" height=\"197\" data-no-translation=\"\" \/><\/div>\n<div><\/div>\n<p>Desempenho:<\/p>\n<div class=\"scroll-table-wrapper\">\n<div class=\"scroll-table\">[ Tabela \u201c75\u201d n\u00e3o encontrada \/]<br \/>\n<\/div>\n<\/div>\n<div><\/div>\n<div class=\"woocb\"><a class=\"wocb\" href=\"https:\/\/www.beiaole.com\/wp-content\/uploads\/2025\/12\/VT501-table2.pdf\" target=\"_blank\" rel=\"noopener\">formar<\/a><\/div>\n<div><\/div>\n<div class=\"viddd\">\n<div class=\"lyte-wrapper\" style=\"width:560px;max-width:100%;margin:5px auto;\"><div class=\"lyMe\" id=\"WYL_jN-8IWCc7CA\"><div id=\"lyte_jN-8IWCc7CA\" data-src=\"https:\/\/www.ecvents.com\/wp-content\/plugins\/wp-youtube-lyte\/lyteCache.php?origThumbUrl=%2F%2Fi.ytimg.com%2Fvi%2FjN-8IWCc7CA%2Fhqdefault.jpg\" class=\"pL\"><div class=\"tC\"><div class=\"tT\"><\/div><\/div><div class=\"play\"><\/div><div class=\"ctrl\"><div class=\"Lctrl\"><\/div><div class=\"Rctrl\"><\/div><\/div><\/div><noscript><a href=\"https:\/\/youtu.be\/jN-8IWCc7CA\" rel=\"nofollow noopener\" target=\"_blank\"><img loading=\"lazy\" decoding=\"async\" src=\"https:\/\/www.ecvents.com\/wp-content\/plugins\/wp-youtube-lyte\/lyteCache.php?origThumbUrl=https%3A%2F%2Fi.ytimg.com%2Fvi%2FjN-8IWCc7CA%2F0.jpg\" alt=\"YouTube video thumbnail\" width=\"560\" height=\"295\" data-no-translation=\"\" \/><br \/>Assista a Este V\u00eddeo no YouTube<\/a><\/noscript><\/div><\/div><div class=\"lL\" style=\"max-width:100%;width:560px;margin:5px auto;\"><\/div><\/p>\n<\/div>\n<p><img loading=\"lazy\" decoding=\"async\" class=\"aligncenter wp-image-3772 size-full\" src=\"https:\/\/www.beiaole.com\/wp-content\/uploads\/2025\/12\/VT501m1.jpg\" alt=\"Single Room HRV VT501-Wifi1\" width=\"1000\" height=\"621\" data-no-translation=\"\" \/><\/p>\n<p><img loading=\"lazy\" decoding=\"async\" class=\"aligncenter wp-image-3773 size-full\" src=\"https:\/\/www.beiaole.com\/wp-content\/uploads\/2025\/12\/VT501m2.jpg\" alt=\"Single Room HRV VT501-Wifi2\" width=\"1000\" height=\"1457\" data-no-translation=\"\" \/><\/p>\n<p><img loading=\"lazy\" decoding=\"async\" class=\"aligncenter wp-image-3774 size-full\" src=\"https:\/\/www.beiaole.com\/wp-content\/uploads\/2025\/12\/VT501m3.jpg\" alt=\"Single Room HRV VT501-Wifi3\" width=\"1000\" height=\"1009\" data-no-translation=\"\" \/><\/p>\n<p><img loading=\"lazy\" decoding=\"async\" class=\"aligncenter wp-image-3775 size-full\" src=\"https:\/\/www.beiaole.com\/wp-content\/uploads\/2025\/12\/VT501m4.jpg\" alt=\"Single Room HRV VT501-Wifi4\" width=\"1000\" height=\"745\" data-no-translation=\"\" \/><\/p>\n<p><img loading=\"lazy\" decoding=\"async\" class=\"aligncenter wp-image-3776 size-full\" src=\"https:\/\/www.beiaole.com\/wp-content\/uploads\/2025\/12\/VT501m5.jpg\" alt=\"Single Room HRV VT501-Wifi5\" width=\"1000\" height=\"1039\" data-no-translation=\"\" \/><\/p>\n<p><img loading=\"lazy\" decoding=\"async\" class=\"aligncenter wp-image-22702 size-large\" src=\"https:\/\/www.beiaole.com\/wp-content\/uploads\/2025\/12\/VT501m6-569x1024.jpg\" alt=\"VT501m6\" width=\"569\" height=\"1024\" data-no-translation=\"\" \/><\/p>","protected":false},"excerpt":{"rendered":"<ul>\n<li>\n<h2>Efici\u00eancia de alta recupera\u00e7\u00e3o de calor:<\/h2>\n<p>\u202fCer\u00e2mica\u202fcore\u202frecupera-se\u202fpara\u202f90\u202f1t3t\u202fde\u202fenergia\u202ft\u00e9rmica\u202f entre\u202fexaustos e intare\u202f de\u202fpara o ano de redondeza.<\/li>\n<li>\n<h2>Filtragem em v\u00e1rios est\u00e1gios:<\/h2>\n<p>\u202fhepa\u202ffiltro\u202fremove\u202fpole\u202fe\u202fpollen;\u202fcamada de carbono\u202fcalotado\u202f, neutraliza os dores\u202fe\u202ffinos.<\/li>\n<li>\n<h2>Opera\u00e7\u00e3o ultra-silenciosa:<\/h2>\n<p>\u202fn\u00edveis de som\u202fudos\u202f suficientes para os quartos e espa\u00e7os de estudo - apenas um fundo suave.<\/li>\n<li>\n<h2>Controle de Wi-Fi\u202fSmart\u202f:<\/h2>\n<p>\u202fTuYa\u202fapp\u202fintegra\u00e7\u00e3o\u202fpaz\u202fremote\u202fajustamento,\u202fdados de qualidade do ar-tempo real,\u202fe\u202fprogramados.<\/li>\n<li>\n<h2>Motor eficiente em termos de energia:<\/h2>\n<p>\u202fadiantado\u202fdc\u202fdrive\u202fconsume\u202fonly\u202f2.5\u202f\u2013\u202f8,5\u202fw\u202fdura\u00e7\u00e3o\u202fcont\u00ednua.<\/li>\n<li>\n<h2>Fluxo de ar balanceado:<\/h2>\n<p>\u202fFour\u202fSpeed\u202fSettings\u202fSupply\u202f20\u202f\u2013\u202f60\u202fm\u00b3\/h\u202fconsistentes\u202f------------------------------------------------------------------------------------------------.<\/li>\n<li>\n<h2>Constru\u00e7\u00e3o dur\u00e1vel:<\/h2>\n<p>\u202fCer\u00e2mica\u202fmudante\u202fmudante\u202fcamador\u202fe\u202fabs\u202fhosing\u202fcorros\u00e3o\u202fe\u202flongo\u202fexposi\u00e7\u00e3o.<\/li>\n<li>\n<h2>Manuten\u00e7\u00e3o simples:<\/h2>\n<p>\u202fFREE-FREE\u202ffilter\u202facesso\u202f faz com que se limpe e substitua o processo e intuitivo.<\/li>\n<\/ul>\n<hr \/>\n<div class=\"woodp\"><a class=\"wodp button\" href=\"https:\/\/www.beiaole.com\/wp-content\/uploads\/2025\/12\/VT501-t.pdf\" target=\"_blank\" rel=\"noopener\"><i class=\"fa-solid fa-file-pdf\"><\/i>cat\u00e1logo<\/a><\/div>","protected":false},"featured_media":4884,"comment_status":"open","ping_status":"closed","template":"","meta":{"_acf_changed":false},"product_brand":[],"product_cat":[73],"product_tag":[],"class_list":{"0":"post-4870","1":"product","2":"type-product","3":"status-publish","4":"has-post-thumbnail","6":"product_cat-single-room-hrv-2","7":"pa_control-mode-remote-control","8":"pa_control-mode-wifi-control","10":"first","11":"outofstock","12":"sale","13":"taxable","14":"shipping-taxable","15":"product-type-variable","16":"has-default-attributes"},"acf":[],"_links":{"self":[{"href":"https:\/\/www.ecvents.com\/pt\/wp-json\/wp\/v2\/product\/4870","targetHints":{"allow":["GET"]}}],"collection":[{"href":"https:\/\/www.ecvents.com\/pt\/wp-json\/wp\/v2\/product"}],"about":[{"href":"https:\/\/www.ecvents.com\/pt\/wp-json\/wp\/v2\/types\/product"}],"replies":[{"embeddable":true,"href":"https:\/\/www.ecvents.com\/pt\/wp-json\/wp\/v2\/comments?post=4870"}],"wp:featuredmedia":[{"embeddable":true,"href":"https:\/\/www.ecvents.com\/pt\/wp-json\/wp\/v2\/media\/4884"}],"wp:attachment":[{"href":"https:\/\/www.ecvents.com\/pt\/wp-json\/wp\/v2\/media?parent=4870"}],"wp:term":[{"taxonomy":"product_brand","embeddable":true,"href":"https:\/\/www.ecvents.com\/pt\/wp-json\/wp\/v2\/product_brand?post=4870"},{"taxonomy":"product_cat","embeddable":true,"href":"https:\/\/www.ecvents.com\/pt\/wp-json\/wp\/v2\/product_cat?post=4870"},{"taxonomy":"product_tag","embeddable":true,"href":"https:\/\/www.ecvents.com\/pt\/wp-json\/wp\/v2\/product_tag?post=4870"}],"curies":[{"name":"wp","href":"https:\/\/api.w.org\/{rel}","templated":true}]}}