{"id":4871,"date":"2026-03-19T06:06:24","date_gmt":"2026-03-19T11:06:24","guid":{"rendered":"https:\/\/www.ecvents.com\/?post_type=product&#038;p=4871"},"modified":"2026-03-19T06:13:59","modified_gmt":"2026-03-19T11:13:59","slug":"filtros-de-carbono-de-tres-camadas-de-ar-hepa","status":"publish","type":"product","link":"https:\/\/www.ecvents.com\/pt\/product\/filtros-de-carbono-de-tres-camadas-de-ar-hepa\/","title":{"rendered":"Filtros de carbono de tr\u00eas camadas de ar HEPA"},"content":{"rendered":"<div class=\"someee\">\n<h2><strong>Limpe as camadas. Filtra\u00e7\u00e3o inteligente. Constru\u00eddo para um fluxo de ar mais saud\u00e1vel.<\/strong><\/h2>\n<p>o\u00a0<strong>Filtro de carbono de tr\u00eas camadas HEPA\u202fCARBONO\u202fpara, Ventiladores e Recuperadores de Aero<\/strong>\u00a0\u00c9 projetado para tornar o ar puro uma parte cont\u00ednua da vida cotidiana. Combinando filtragem avan\u00e7ada e recupera\u00e7\u00e3o inteligente de energia, ele transforma a ventila\u00e7\u00e3o comum em um sistema de ar equilibrado e de alta efici\u00eancia que refresca, protege e sustenta.<\/p>\n<p>Em sua ess\u00eancia, est\u00e1 um\u00a0<strong>Filtro de carbono de tr\u00eas etapas HEPA<\/strong>\u00a0Projetado para capturar part\u00edculas de PM2.5, al\u00e9rgenos transportados pelo ar e bact\u00e9rias t\u00e3o pequenas quanto 0,3\u202f\u03bcm. o\u00a0<strong>camada de carbono ativado<\/strong>\u00a0Neutraliza odores e compostos vol\u00e1teis, enquanto o filtro prim\u00e1rio bloqueia poeira e detritos maiores para manter o fluxo de ar est\u00e1vel. Juntos, esses filtros garantem que cada respira\u00e7\u00e3o tenha clareza do ar purificado e confort\u00e1vel.<\/p>\n<p>O sistema se integra perfeitamente com unidades de ventila\u00e7\u00e3o inteligentes. Atrav\u00e9s de seu\u00a0<strong>Controle baseado em aplicativo<\/strong>, os usu\u00e1rios podem ajustar os modos, monitorar as condi\u00e7\u00f5es internas ou programar a opera\u00e7\u00e3o remotamente. Constru\u00eddo em A\u202f<strong>placa magn\u00e9tica\u202fmontagem\u202f<\/strong>, os filtros podem ser substitu\u00eddos em segundos, simplificando a manuten\u00e7\u00e3o de rotina.<\/p>\n<p>Cada ciclo se adapta automaticamente \u00e0s condi\u00e7\u00f5es reais. a unidade\u00a0<strong>Alterna entre\u202fextra\u00e7\u00e3o\u202fe\u202f supply\u202fmodos\u202fa cada\u202f65\u202fsegundos<\/strong>, mantendo o fluxo de ar equilibrado enquanto A\u202f<strong>Trocador de cer\u00e2mica\u202fcalor\u202f<\/strong>\u00a0Recupera at\u00e9\u202f90\u202f%\u202fde\u202ft\u00e9rmica\u202fenergia\u2014mantendo os quartos frescos sem perda de energia de aquecimento ou resfriamento. Materiais dur\u00e1veis, opera\u00e7\u00e3o silenciosa e perfil compacto tornam o ajuste perfeito para resid\u00eancias, escrit\u00f3rios e projetos de renova\u00e7\u00e3o conscientes da energia.<\/p>\n<\/div>\n<hr \/>","protected":false},"excerpt":{"rendered":"<ul>\n<li>\n<h2>Projeto dur\u00e1vel e acess\u00edvel<\/h2>\n<p>\u202frobusto\u202fmagn\u00e9tico\u202fframe\u202f faz com que o filtro mude\u202fr\u00e1pido\u202fe sem ferramentas.<\/li>\n<li>\n<h2>Filtragem de tr\u00eas camadas:<\/h2>\n<p>\u202fpr\u00e9-filtro,\u202fcamada HEPA,\u202fe\u202fativado\u202felemento\u202fcapture\u202fpost,\u202fpm2.5,\u202fv\u00edrus,\u202fe\u202f.<\/li>\n<li>\n<h2>Controle inteligente do aplicativo:<\/h2>\n<p>\u202fremote\u202fmonitoramento\u202fe\u202fajuste\u202fde\u202fmodos\u202fe condi\u00e7\u00f5es de ar dentro de casa.<\/li>\n<li>\n<h2>Mudan\u00e7a de modo autom\u00e1tico\u202f:<\/h2>\n<p>\u202falterna\u202f entre\u202fesgotar\u202fe\u202f suprir\u202fa cada\u202f65\u202fsegundos\u202fpor\u202ftrobalanced.<\/li>\n<li>\n<h2>Recupera\u00e7\u00e3o de energia t\u00e9rmica<\/h2>\n<p>\u202fCer\u00e2mibro\u202fcamador\u202fcamador\u202frecupera-se\u202ft\u00e9rmica\u202fenergia\u202fpara baixo-aquecimento\u202fe\u202fcooling\u202f.<\/li>\n<li>\n<h2>Opera\u00e7\u00e3o de baixa manuten\u00e7\u00e3o:<\/h2>\n<p>\u202f\ufb01ltro\u202fsubstitui\u00e7\u00f5es\u202fe\u202fdemorar\u202fminutos,\u202fapoiar\u202fuso\u202fcont\u00ednuo.<\/li>\n<\/ul>\n<hr \/>","protected":false},"featured_media":4909,"comment_status":"open","ping_status":"closed","template":"","meta":{"_acf_changed":false},"product_brand":[],"product_cat":[72,73],"product_tag":[],"class_list":{"0":"post-4871","1":"product","2":"type-product","3":"status-publish","4":"has-post-thumbnail","6":"product_cat-filter","7":"product_cat-single-room-hrv-2","9":"first","10":"instock","11":"sale","12":"taxable","13":"shipping-taxable","14":"purchasable","15":"product-type-simple"},"acf":[],"_links":{"self":[{"href":"https:\/\/www.ecvents.com\/pt\/wp-json\/wp\/v2\/product\/4871","targetHints":{"allow":["GET"]}}],"collection":[{"href":"https:\/\/www.ecvents.com\/pt\/wp-json\/wp\/v2\/product"}],"about":[{"href":"https:\/\/www.ecvents.com\/pt\/wp-json\/wp\/v2\/types\/product"}],"replies":[{"embeddable":true,"href":"https:\/\/www.ecvents.com\/pt\/wp-json\/wp\/v2\/comments?post=4871"}],"wp:featuredmedia":[{"embeddable":true,"href":"https:\/\/www.ecvents.com\/pt\/wp-json\/wp\/v2\/media\/4909"}],"wp:attachment":[{"href":"https:\/\/www.ecvents.com\/pt\/wp-json\/wp\/v2\/media?parent=4871"}],"wp:term":[{"taxonomy":"product_brand","embeddable":true,"href":"https:\/\/www.ecvents.com\/pt\/wp-json\/wp\/v2\/product_brand?post=4871"},{"taxonomy":"product_cat","embeddable":true,"href":"https:\/\/www.ecvents.com\/pt\/wp-json\/wp\/v2\/product_cat?post=4871"},{"taxonomy":"product_tag","embeddable":true,"href":"https:\/\/www.ecvents.com\/pt\/wp-json\/wp\/v2\/product_tag?post=4871"}],"curies":[{"name":"wp","href":"https:\/\/api.w.org\/{rel}","templated":true}]}}