{"id":4876,"date":"2026-03-19T06:06:25","date_gmt":"2026-03-19T11:06:25","guid":{"rendered":"https:\/\/www.ecvents.com\/?post_type=product&#038;p=4876"},"modified":"2026-03-25T05:30:03","modified_gmt":"2026-03-25T10:30:03","slug":"valvula-de-ar-fresco-com-termostato","status":"publish","type":"product","link":"https:\/\/www.ecvents.com\/pt\/product\/valvula-de-ar-fresco-com-termostato\/","title":{"rendered":"V\u00e1lvula de ar fresco com termostato"},"content":{"rendered":"<h2 class=\"wp-block-heading\"><strong>Design simples.\u202f Controle inteligente.\u202f Constru\u00eddo\u202fpara\u202fforesfortless\u202far.<\/strong><\/h2>\n\n\n\n<p>o&nbsp;<strong>V\u00e1lvula de ar fresco\u202fcom\u202f com\u202ftermostato<\/strong>&nbsp;\u00c9 uma forma silenciosa de simplicidade inteligente - um sistema compacto e auto-ajust\u00e1vel que mant\u00e9m o ar fresco enquanto reduz a perda de energia. Sem fia\u00e7\u00e3o, sem motor, sem eletricidade - apenas um fluxo de ar natural guiado por uma f\u00edsica inteligente que se adapta automaticamente \u00e0s condi\u00e7\u00f5es externas.<\/p>\n\n\n\n<p>Em sua ess\u00eancia, um&nbsp;<strong>termostato mec\u00e2nico<\/strong>&nbsp;Sensitiva a temperatura externa e ajusta o fluxo de ar em tempo real. Quando sobe acima\u202f+10\u202f\u00b0C, a v\u00e1lvula abre totalmente para fornecer um fluxo constante de ar fresco. \u00c0 medida que as temperaturas caem abaixo de\u202f\u20135\u202f\u00b0C, ela fecha gradualmente, evitando correntes de ar fria e protegendo o calor interior. Constru\u00eddo em preciso&nbsp;<strong>Mec\u00e2nica de Expans\u00e3o T\u00e9rmica<\/strong>, o design opera continuamente sem ru\u00eddo, eletr\u00f4nicos ou manuten\u00e7\u00e3o.<\/p>\n\n\n\n<p>Para maior flexibilidade, a v\u00e1lvula tamb\u00e9m pode ser fechada manualmente, permitindo um controle r\u00e1pido e intuitivo sobre a ventila\u00e7\u00e3o sempre que necess\u00e1rio. Compacto, silencioso e completamente passivo, fornece ar fresco de fundo que parece sem esfor\u00e7o dia e noite.<\/p>\n\n\n\n<p>Ideal para resid\u00eancias, escrit\u00f3rios, cozinhas e \u00e1reas de reuni\u00e3o, o&nbsp;<strong>V\u00e1lvula de ar fresco\u202fcom\u202f com\u202ftermostato<\/strong>&nbsp;Oferece conforto sustent\u00e1vel por meio de intelig\u00eancia mec\u00e2nica pura \u2013 renova\u00e7\u00e3o do ar que se esfuma silenciosamente.<\/p>\n\n\n\n<hr class=\"wp-block-separator has-alpha-channel-opacity\"\/>\n\n\n\n<figure class=\"wp-block-image aligncenter\"><img decoding=\"async\" src=\"https:\/\/www.beiaole.com\/wp-content\/uploads\/2025\/12\/FRESH-AIR-VALVE-WITH-THERMOSTAT-size1.png\" alt=\"FRESH-AIR-VALVE-WITH-THERMOSTAT-size1\" class=\"wp-image-21315\" data-no-translation=\"\"\/><\/figure>\n\n\n\n<figure class=\"wp-block-image aligncenter\"><img decoding=\"async\" src=\"https:\/\/www.beiaole.com\/wp-content\/uploads\/2025\/12\/FRESH-AIR-VALVE-WITH-THERMOSTAT-size2.png\" alt=\"FRESH-AIR-VALVE-WITH-THERMOSTAT-size2\" class=\"wp-image-21316\" data-no-translation=\"\"\/><\/figure>\n\n\n\n<p>Dimens\u00f5es (unidade: mm):<\/p>\n\n\n\n<figure class=\"wp-block-table\"><table><thead><tr><th>Tamanho do duto<\/th><th>Comprimento do duto extens\u00edvel<\/th><th>Fluxo de ar m\u00e1ximo permitido<\/th><th>n\u00edvel sonoro<\/th><th>\u00e1rea de aplica\u00e7\u00e3o<\/th><\/tr><\/thead><tbody><tr><td>100mm<\/td><td>250 \u2013 500 mm<\/td><td>30m\u00b3\/h<\/td><td>20 \u2013 35dB<\/td><td>10m\u00b2<\/td><\/tr><\/tbody><\/table><\/figure>\n\n\n<div class=\"someee\">\u00a0<\/div>\n<p>\u00a0<\/p>","protected":false},"excerpt":{"rendered":"<ul>\n<li>\n<h2>regula\u00e7\u00e3o t\u00e9rmica autom\u00e1tica:<\/h2>\n<p>O termostato integrado \u00e0 mec\u00e2nica\u202fabre e fecha e fecha as flutua\u00e7\u00f5es \u00e0 temperatura externa.<\/li>\n<li>\n<h2>Opera\u00e7\u00e3o de economia de energia:<\/h2>\n<p>Abre\u202fabove\u202f+10\u202f\u00b0C\u202ffor\u202ffresh\u202fintake\u202fe fecha\u202fabaixo\u202f\u20135\u202f\u00b0c\u202fto\u202fpreserve\u202fdentro ou calor\u202f\u2014\u202fno\u202fel\u00e9trico\u202frequired.<\/li>\n<li>\n<h2>Manual\u202fAjuste:<\/h2>\n<p>permite que o usu\u00e1rio seja controlado pelo usu\u00e1rio\u202fflow\u202fpara\u202fpersonal\u202fventila\u00e7\u00e3o\u202f.<\/li>\n<li>\n<h2>Fun\u00e7\u00e3o silenciosa:<\/h2>\n<p>Opera\u202fa20\u202f\u2013\u202f35\u202fdb,\u202fsegurando\u202fdesempenho\u202fpara\u202fcama e escrit\u00f3rios.<\/li>\n<li>\n<h2>Troca de ar constante<\/h2>\n<p>fornece\u202fup\u202f a 30\u202fm\u00b3\/h\u202fde\u202ffluxo de ar\u202fatrav\u00e9s\u202fatrav\u00e9s\u202f250\u202f\u2013\u202f500\u202fmm\u202fm.<\/li>\n<li>\n<h2>Projeto sem manuten\u00e7\u00e3o:<\/h2>\n<p>O sistema totalmente mec\u00e2nico exige, nenhum, filtros, motores, our-programado.<\/li>\n<li>\n<h2>Compatibilidade padr\u00e3o:<\/h2>\n<p>Adapta\u202f\u00f8100\u202fmm\u202fdutos\u202fpara\u202fintegra\u00e7\u00e3o sem costura em redes de ventila\u00e7\u00e3o existente.<\/li>\n<\/ul>\n<hr \/>\n<div class=\"woodp\"><a class=\"wodp button\" href=\"https:\/\/www.beiaole.com\/wp-content\/uploads\/2025\/12\/FRESH-AIR-VALVE-WITH-THERMOSTAT-t.pdf\" target=\"_blank\" rel=\"noopener\"><i class=\"fa-solid fa-file-pdf\"><\/i>cat\u00e1logo<\/a><\/div>","protected":false},"featured_media":4902,"comment_status":"open","ping_status":"closed","template":"","meta":{"_acf_changed":false},"product_brand":[],"product_cat":[73],"product_tag":[],"class_list":{"0":"post-4876","1":"product","2":"type-product","3":"status-publish","4":"has-post-thumbnail","6":"product_cat-single-room-hrv-2","8":"first","9":"instock","10":"sale","11":"taxable","12":"shipping-taxable","13":"purchasable","14":"product-type-simple"},"acf":[],"_links":{"self":[{"href":"https:\/\/www.ecvents.com\/pt\/wp-json\/wp\/v2\/product\/4876","targetHints":{"allow":["GET"]}}],"collection":[{"href":"https:\/\/www.ecvents.com\/pt\/wp-json\/wp\/v2\/product"}],"about":[{"href":"https:\/\/www.ecvents.com\/pt\/wp-json\/wp\/v2\/types\/product"}],"replies":[{"embeddable":true,"href":"https:\/\/www.ecvents.com\/pt\/wp-json\/wp\/v2\/comments?post=4876"}],"wp:featuredmedia":[{"embeddable":true,"href":"https:\/\/www.ecvents.com\/pt\/wp-json\/wp\/v2\/media\/4902"}],"wp:attachment":[{"href":"https:\/\/www.ecvents.com\/pt\/wp-json\/wp\/v2\/media?parent=4876"}],"wp:term":[{"taxonomy":"product_brand","embeddable":true,"href":"https:\/\/www.ecvents.com\/pt\/wp-json\/wp\/v2\/product_brand?post=4876"},{"taxonomy":"product_cat","embeddable":true,"href":"https:\/\/www.ecvents.com\/pt\/wp-json\/wp\/v2\/product_cat?post=4876"},{"taxonomy":"product_tag","embeddable":true,"href":"https:\/\/www.ecvents.com\/pt\/wp-json\/wp\/v2\/product_tag?post=4876"}],"curies":[{"name":"wp","href":"https:\/\/api.w.org\/{rel}","templated":true}]}}