{"id":4877,"date":"2026-03-19T06:06:25","date_gmt":"2026-03-19T11:06:25","guid":{"rendered":"https:\/\/www.ecvents.com\/?post_type=product&#038;p=4877"},"modified":"2026-03-19T06:13:59","modified_gmt":"2026-03-19T11:13:59","slug":"ventilador-de-recuperacao-de-calor-vt100-2","status":"publish","type":"product","link":"https:\/\/www.ecvents.com\/pt\/product\/ventilador-de-recuperacao-de-calor-vt100-2\/","title":{"rendered":"Ventilador de recupera\u00e7\u00e3o de calor VT100"},"content":{"rendered":"<div class=\"someee\">\n<h2><strong>Silencioso\u202fequil\u00edbrio.\u202f ar fresco.\u202f Constru\u00eddo\u202fpara\u202fviver cotidiano\u202f.<\/strong><\/h2>\n<p>o\u00a0<strong>VT100\u202fcalor\u202frecupera\u00e7\u00e3o\u202f<\/strong>\u00a0\u00c9 uma engenharia compacta que transforma silenciosamente o conforto interno. Trabalhando silenciosamente em segundo plano, mant\u00e9m o ar fresco, as temperaturas equilibradas e o consumo de energia naturalmente baixo - uma atualiza\u00e7\u00e3o invis\u00edvel que faz com que cada espa\u00e7o pare\u00e7a melhor sem exigir aten\u00e7\u00e3o.<\/p>\n<p>No centro h\u00e1 um\u00a0<strong>M\u00f3dulo de troca de calor cer\u00e2mico de alta efici\u00eancia<\/strong>\u00a0Isso transfere energia t\u00e9rmica entre os fluxos de ar de sa\u00edda e de entrada. No inverno, o ar fresco entra pr\u00e9-aquecido; no ver\u00e3o, o excesso de calor permanece fora enquanto o ar frio circula. O resultado \u00e9 uma ventila\u00e7\u00e3o suave e equilibrada em todas as esta\u00e7\u00f5es \u2013 proporcionando conforto sem sacrificar a energia j\u00e1 investida em aquecimento ou resfriamento.<\/p>\n<p>Alimentado por um\u00a0<strong>EC\u202f(eletronicamente\u202fcomutado)\u202fmotor<\/strong>, o VT100 fornece fluxo de ar sussurro de\u202f20\u202f a 50\u202fm\u00b3\/h\u202f enquanto consumir apenas\u202f2,5\u202f\u2013\u202f3,8\u202fw\u202fof. Mesmo em seu ambiente de sono suave, ele mant\u00e9m uma troca cont\u00ednua de ar adequada para quartos, estudos ou outros ambientes silenciosos.<\/p>\n<p>A instala\u00e7\u00e3o \u00e9 r\u00e1pida. o\u00a0<strong>Corpo compacto e leve<\/strong>\u00a0Monta-se de forma limpa nas paredes internas, tornando-o ideal para apartamentos, escrit\u00f3rios dom\u00e9sticos ou pequenos espa\u00e7os comerciais onde n\u00e3o s\u00e3o poss\u00edveis sistemas maiores. um\u00a0<strong>Pr\u00e9-filtro lav\u00e1vel<\/strong>\u00a0Ret\u00e9m a poeira e as part\u00edculas maiores, garantindo que o ar permane\u00e7a limpo, ao mesmo tempo que simplifica a manuten\u00e7\u00e3o \u2013 remova, enx\u00e1gue, substitua, conclua.<\/p>\n<\/div>\n<hr \/>\n<p>Dimens\u00f5es (unidade: mm):<\/p>\n<div class=\"lightbox-container\"><img loading=\"lazy\" decoding=\"async\" class=\"aligncenter wp-image-21313 size-full\" src=\"https:\/\/www.beiaole.com\/wp-content\/uploads\/2025\/12\/VT100-size.png\" alt=\"VT100-size\" width=\"852\" height=\"261\" data-no-translation=\"\" \/><\/div>\n<p>Desempenho:<\/p>\n<div class=\"scroll-table-wrapper\">\n<div class=\"scroll-table\">[ Tabela \u201c77\u201d n\u00e3o encontrada \/]<br \/>\n<\/div>\n<\/div>\n<div class=\"woocb\"><a class=\"wocb\" href=\"https:\/\/www.beiaole.com\/wp-content\/uploads\/2025\/12\/VT100-table.pdf\" target=\"_blank\" rel=\"noopener\">formar<\/a><\/div>","protected":false},"excerpt":{"rendered":"<ul>\n<li>\n<h2>Efici\u00eancia de alta\u202frecupera\u00e7\u00e3o de calor:<\/h2>\n<p>\u202fCer\u00e2mica\u202fcore\u202frecupera\u202fup\u202fto\u202f90\u202f1t3t\u202fde\u202fenergia\u202fpara\u202fanos durante todo o conforto\u202fe\u202fenergia\u202feconfortabilidade.<\/li>\n<li>\n<h2>Opera\u00e7\u00e3o ultra-silenciosa:<\/h2>\n<p>\u202fbaixo ru\u00eddo\u202fec\u202fmotor\u202fdeliver\u202fecontensitiva\u202f-indica\u00e7\u00e3o\u202fpara-quartos\u202fe\u202festudo\u202fpara-quartos.<\/li>\n<li>\n<h2>Projeto de efici\u00eancia energ\u00e9tica<\/h2>\n<p>\u202fconsumo\u202fjust\u202f2,5\u202f\u2013\u202f3,8\u202fw\u202f enquanto\u202fma mantendo\u202ffluxo\u202f\u202f20\u202fa 50\u202fm\u00b3\/h.<\/li>\n<li>\n<h2>Compacto\u202fe\u202fleve:<\/h2>\n<p>\u202ffile\u202fperfil, ajustes\u202f facilmente em cima de paredes, ou confinados, espa\u00e7os\u202f inadequados para a maior ventila\u00e7\u00e3o.<\/li>\n<li>\n<h2>Constru\u00e7\u00e3o dur\u00e1vel:<\/h2>\n<p>\u202fpermutador de calor de cer\u00e2mica resistente \u00e0 corros\u00e3o\u202fe-camada\u202fe-abs\u202fabs\u202ffornece-se\u202ffornece-a.<\/li>\n<li>\n<h2>Prote\u00e7\u00e3o de pr\u00e9-filtro:<\/h2>\n<p>\u202f\ufffd\ufffd\ufb01ltro remov\u00edvel\u202fcapturas\u202fpoeira\u202fe debris\u202fpara o ar\u202fair\u202fe\u202fconsistente.<\/li>\n<li>\n<h2>Controle simples do usu\u00e1rio:<\/h2>\n<p>\u202ftr\u00eas\u202ffan\u202fpeeds\u202fplus\u202fsonred\u202fmode\u202fallow\u202fajuste\u202fpara\u202fdistinal\u202fdis condi\u00e7\u00f5es.<\/li>\n<li>\n<h2>Baixa manuten\u00e7\u00e3o:<\/h2>\n<p>\u202fFREE-FREE\u202ffiltro\u202f limpeza\u202fpara\u202fpara\u202fperstance,\u202fconveniente\u202fmanuten\u00e7\u00e3o.<\/li>\n<\/ul>\n<hr \/>","protected":false},"featured_media":4903,"comment_status":"open","ping_status":"closed","template":"","meta":{"_acf_changed":false},"product_brand":[],"product_cat":[73],"product_tag":[],"class_list":{"0":"post-4877","1":"product","2":"type-product","3":"status-publish","4":"has-post-thumbnail","6":"product_cat-single-room-hrv-2","7":"pa_control-mode-remote-control","8":"pa_control-mode-wifi-control","10":"first","11":"instock","12":"taxable","13":"shipping-taxable","14":"purchasable","15":"product-type-variable","16":"has-default-attributes"},"acf":[],"_links":{"self":[{"href":"https:\/\/www.ecvents.com\/pt\/wp-json\/wp\/v2\/product\/4877","targetHints":{"allow":["GET"]}}],"collection":[{"href":"https:\/\/www.ecvents.com\/pt\/wp-json\/wp\/v2\/product"}],"about":[{"href":"https:\/\/www.ecvents.com\/pt\/wp-json\/wp\/v2\/types\/product"}],"replies":[{"embeddable":true,"href":"https:\/\/www.ecvents.com\/pt\/wp-json\/wp\/v2\/comments?post=4877"}],"wp:featuredmedia":[{"embeddable":true,"href":"https:\/\/www.ecvents.com\/pt\/wp-json\/wp\/v2\/media\/4903"}],"wp:attachment":[{"href":"https:\/\/www.ecvents.com\/pt\/wp-json\/wp\/v2\/media?parent=4877"}],"wp:term":[{"taxonomy":"product_brand","embeddable":true,"href":"https:\/\/www.ecvents.com\/pt\/wp-json\/wp\/v2\/product_brand?post=4877"},{"taxonomy":"product_cat","embeddable":true,"href":"https:\/\/www.ecvents.com\/pt\/wp-json\/wp\/v2\/product_cat?post=4877"},{"taxonomy":"product_tag","embeddable":true,"href":"https:\/\/www.ecvents.com\/pt\/wp-json\/wp\/v2\/product_tag?post=4877"}],"curies":[{"name":"wp","href":"https:\/\/api.w.org\/{rel}","templated":true}]}}