{"id":669,"date":"2022-05-06T17:39:29","date_gmt":"2022-05-06T17:39:29","guid":{"rendered":"https:\/\/startersites.io\/blocksy\/gadgets\/?post_type=product&#038;p=669"},"modified":"2026-01-08T04:22:17","modified_gmt":"2026-01-08T09:22:17","slug":"quarto-individual-hrv-vt501-wi-fi","status":"publish","type":"product","link":"https:\/\/www.ecvents.com\/pt\/product\/quarto-individual-hrv-vt501-wi-fi\/","title":{"rendered":"KCvents VT501-Remote ou WiFi Recupera\u00e7\u00e3o de Calor Ventila\u00e7\u00e3o de Recupera\u00e7\u00e3o de Calor (HRV) Ventilador de ar fresco com filtro HEPA de cer\u00e2mica de 6 polegadas"},"content":{"rendered":"<h4 class=\"mcb-wrap-background-overlay\">Dimens\u00f5es (unidade:mm):<\/h4>\n<h4 class=\"mcb-wrap-background-overlay\"><img loading=\"lazy\" decoding=\"async\" class=\"alignnone wp-image-4156 size-full\" src=\"https:\/\/www.ecvents.com\/wp-content\/uploads\/2022\/05\/KCVENTS-VT501-Product-Size-Diagram-\u2013-Panel-220\u00d7240-mm-Duct-Length-200\u2013500-mm.png\" alt=\"Product size drawing of the KCVENTS VT501 single-room heat recovery ventilator showing a 220\u00d7240 mm front panel and two duct length options: 200 mm and 500 mm.\" width=\"1326\" height=\"375\" srcset=\"https:\/\/www.ecvents.com\/wp-content\/uploads\/2022\/05\/KCVENTS-VT501-Product-Size-Diagram-\u2013-Panel-220\u00d7240-mm-Duct-Length-200\u2013500-mm.png 1326w, https:\/\/www.ecvents.com\/wp-content\/uploads\/2022\/05\/KCVENTS-VT501-Product-Size-Diagram-\u2013-Panel-220\u00d7240-mm-Duct-Length-200\u2013500-mm-300x85.png 300w, https:\/\/www.ecvents.com\/wp-content\/uploads\/2022\/05\/KCVENTS-VT501-Product-Size-Diagram-\u2013-Panel-220\u00d7240-mm-Duct-Length-200\u2013500-mm-1024x290.png 1024w, https:\/\/www.ecvents.com\/wp-content\/uploads\/2022\/05\/KCVENTS-VT501-Product-Size-Diagram-\u2013-Panel-220\u00d7240-mm-Duct-Length-200\u2013500-mm-768x217.png 768w, https:\/\/www.ecvents.com\/wp-content\/uploads\/2022\/05\/KCVENTS-VT501-Product-Size-Diagram-\u2013-Panel-220\u00d7240-mm-Duct-Length-200\u2013500-mm-18x5.png 18w, https:\/\/www.ecvents.com\/wp-content\/uploads\/2022\/05\/KCVENTS-VT501-Product-Size-Diagram-\u2013-Panel-220\u00d7240-mm-Duct-Length-200\u2013500-mm-500x141.png 500w\" sizes=\"auto, (max-width: 1326px) 100vw, 1326px\" data-no-translation=\"\" \/><\/h4>\n<table>\n<thead>\n<tr id=\"thblue\">\n<th>unidade de di\u00e2metro<\/th>\n<th>tubo externo<\/th>\n<th>Di\u00e2metro\/espessura da parede<\/th>\n<th>Tubo de instala\u00e7\u00e3o (pode ser cortado)<\/th>\n<th>capa interna<\/th>\n<\/tr>\n<\/thead>\n<tbody>\n<tr>\n<td>160 mm<\/td>\n<td>163 mm<\/td>\n<td>Padr\u00e3o: 250 mm \u2013 500 mm<\/td>\n<td>250 mm a 500 mm<\/td>\n<td>242 mm x 242 mm<\/td>\n<\/tr>\n<\/tbody>\n<\/table>\n<div class=\"column mcb-column mcb-item-juqkkdtft one laptop-one tablet-one mobile-one column_column vb-item\">\n<div class=\"mcb-column-inner mfn-module-wrapper mcb-column-inner-juqkkdtft mcb-item-column-inner\">\n<div class=\"column_attr mfn-inline-editor clearfix\">\n<h4>Tabela de par\u00e2metros:<\/h4>\n<table>\n<tbody>\n<tr id=\"thblue\">\n<th>apressar<\/th>\n<th>dormir<\/th>\n<th>\u2160<\/th>\n<th>\u2161<\/th>\n<th>\u2162<\/th>\n<\/tr>\n<tr>\n<td>voltagem<\/td>\n<td colspan=\"5\">12VDC ou 100 \u2013 240V 50 \u2013 60Hz<\/td>\n<\/tr>\n<tr>\n<td>Pot\u00eancia total do ventilador (W)<\/td>\n<td>2.5<\/td>\n<td>3.0<\/td>\n<td>4.5<\/td>\n<td>8.5<\/td>\n<\/tr>\n<tr>\n<td>Corrente do ventilador (a)<\/td>\n<td>0.025<\/td>\n<td>0.030<\/td>\n<td>0.045<\/td>\n<td>0.070<\/td>\n<\/tr>\n<tr>\n<td>Fluxo de ar (m\u00b3\/h)<\/td>\n<td>20<\/td>\n<td>48<\/td>\n<td>54<\/td>\n<td>60<\/td>\n<\/tr>\n<tr>\n<td>Velocidade (rpm)<\/td>\n<td>630<\/td>\n<td>1100<\/td>\n<td>1600<\/td>\n<td>2200<\/td>\n<\/tr>\n<tr>\n<td>temperatura do ar transportado<\/td>\n<td colspan=\"5\">-20\u00b0C (-4\u00b0F) a +50\u00b0C (122\u00b0F)<\/td>\n<\/tr>\n<tr>\n<td>Efici\u00eancia de troca de calor<\/td>\n<td colspan=\"5\">At\u00e9 90%<\/td>\n<\/tr>\n<tr>\n<td>n\u00facleo do trocador de calor<\/td>\n<td colspan=\"5\">cer\u00e2mico<\/td>\n<\/tr>\n<\/tbody>\n<\/table>\n<h4>\u00a0Especifica\u00e7\u00f5es:<\/h4>\n<table class=\"min-w-full\">\n<tbody>\n<tr>\n<td class=\"px-3 py-2\" data-sentry-component=\"TableCellComponent\" data-sentry-source-file=\"table.tsx\"><strong>estilo de design<\/strong><\/td>\n<td class=\"px-3 py-2\" data-sentry-component=\"TableCellComponent\" data-sentry-source-file=\"table.tsx\">moderno<\/td>\n<td class=\"px-3 py-2\" data-sentry-component=\"TableCellComponent\" data-sentry-source-file=\"table.tsx\"><strong>Local de origem<\/strong><\/td>\n<td class=\"px-3 py-2\" data-sentry-component=\"TableCellComponent\" data-sentry-source-file=\"table.tsx\">Guangdong, China<\/td>\n<\/tr>\n<tr>\n<td class=\"px-3 py-2\" data-sentry-component=\"TableCellComponent\" data-sentry-source-file=\"table.tsx\"><strong>marca<\/strong><\/td>\n<td class=\"px-3 py-2\" data-sentry-component=\"TableCellComponent\" data-sentry-source-file=\"table.tsx\">kcvents<\/td>\n<td class=\"px-3 py-2\" data-sentry-component=\"TableCellComponent\" data-sentry-source-file=\"table.tsx\"><strong>N\u00famero do modelo<\/strong><\/td>\n<td class=\"px-3 py-2\" data-sentry-component=\"TableCellComponent\" data-sentry-source-file=\"table.tsx\">VT501<\/td>\n<\/tr>\n<tr>\n<td class=\"px-3 py-2\" data-sentry-component=\"TableCellComponent\" data-sentry-source-file=\"table.tsx\"><strong>Nome do produto<\/strong><\/td>\n<td class=\"px-3 py-2\" data-sentry-component=\"TableCellComponent\" data-sentry-source-file=\"table.tsx\">Ventilador de recupera\u00e7\u00e3o de calor de quarto individual<\/td>\n<td class=\"px-3 py-2\" data-sentry-component=\"TableCellComponent\" data-sentry-source-file=\"table.tsx\"><strong>material<\/strong><\/td>\n<td class=\"px-3 py-2\" data-sentry-component=\"TableCellComponent\" data-sentry-source-file=\"table.tsx\">abs<\/td>\n<\/tr>\n<tr>\n<td class=\"px-3 py-2\" data-sentry-component=\"TableCellComponent\" data-sentry-source-file=\"table.tsx\"><strong>fonte de alimenta\u00e7\u00e3o<\/strong><\/td>\n<td class=\"px-3 py-2\" data-sentry-component=\"TableCellComponent\" data-sentry-source-file=\"table.tsx\">100~240V 50\/60Hz<\/td>\n<td class=\"px-3 py-2\" data-sentry-component=\"TableCellComponent\" data-sentry-source-file=\"table.tsx\"><strong>fun\u00e7\u00e3o<\/strong><\/td>\n<td class=\"px-3 py-2\" data-sentry-component=\"TableCellComponent\" data-sentry-source-file=\"table.tsx\">Recupera\u00e7\u00e3o de calor<\/td>\n<\/tr>\n<tr>\n<td class=\"px-3 py-2\" data-sentry-component=\"TableCellComponent\" data-sentry-source-file=\"table.tsx\"><strong>instala\u00e7\u00e3o<\/strong><\/td>\n<td class=\"px-3 py-2\" data-sentry-component=\"TableCellComponent\" data-sentry-source-file=\"table.tsx\">Instala\u00e7\u00e3o montada na parede<\/td>\n<td class=\"px-3 py-2\" data-sentry-component=\"TableCellComponent\" data-sentry-source-file=\"table.tsx\"><strong>atestado<\/strong><\/td>\n<td class=\"px-3 py-2\" data-sentry-component=\"TableCellComponent\" data-sentry-source-file=\"table.tsx\">ce, saa<\/td>\n<\/tr>\n<tr>\n<td class=\"px-3 py-2\" data-sentry-component=\"TableCellComponent\" data-sentry-source-file=\"table.tsx\"><strong>caracter\u00edstica<\/strong><\/td>\n<td class=\"px-3 py-2\" data-sentry-component=\"TableCellComponent\" data-sentry-source-file=\"table.tsx\">economia de energia<\/td>\n<td class=\"px-3 py-2\" data-sentry-component=\"TableCellComponent\" data-sentry-source-file=\"table.tsx\"><strong>espessura<\/strong><\/td>\n<td class=\"px-3 py-2\" data-sentry-component=\"TableCellComponent\" data-sentry-source-file=\"table.tsx\">espessura de parede de 20-45 cm<\/td>\n<\/tr>\n<tr>\n<td class=\"px-3 py-2\" data-sentry-component=\"TableCellComponent\" data-sentry-source-file=\"table.tsx\"><strong>cor<\/strong><\/td>\n<td class=\"px-3 py-2\" data-sentry-component=\"TableCellComponent\" data-sentry-source-file=\"table.tsx\">cor branca<\/td>\n<td class=\"px-3 py-2\" data-sentry-component=\"TableCellComponent\" data-sentry-source-file=\"table.tsx\"><strong>trocador de calor<\/strong><\/td>\n<td class=\"px-3 py-2\" data-sentry-component=\"TableCellComponent\" data-sentry-source-file=\"table.tsx\">cer\u00e2mico<\/td>\n<\/tr>\n<\/tbody>\n<\/table>\n<div class=\"button_align align_center\">\n<div class=\"column mcb-column mcb-item-bvrppphfe one laptop-one tablet-one mobile-one column_column vb-item\">\n<div class=\"mcb-column-inner mfn-module-wrapper mcb-column-inner-bvrppphfe mcb-item-column-inner\">\n<div class=\"column_attr mfn-inline-editor clearfix\"><div class=\"lyte-wrapper\" style=\"width:560px;max-width:100%;margin:5px auto;\"><div class=\"lyMe\" id=\"WYL_jN-8IWCc7CA\"><div id=\"lyte_jN-8IWCc7CA\" data-src=\"https:\/\/www.ecvents.com\/wp-content\/plugins\/wp-youtube-lyte\/lyteCache.php?origThumbUrl=%2F%2Fi.ytimg.com%2Fvi%2FjN-8IWCc7CA%2Fhqdefault.jpg\" class=\"pL\"><div class=\"tC\"><div class=\"tT\"><\/div><\/div><div class=\"play\"><\/div><div class=\"ctrl\"><div class=\"Lctrl\"><\/div><div class=\"Rctrl\"><\/div><\/div><\/div><noscript><a href=\"https:\/\/youtu.be\/jN-8IWCc7CA\" rel=\"nofollow noopener\" target=\"_blank\"><img loading=\"lazy\" decoding=\"async\" src=\"https:\/\/www.ecvents.com\/wp-content\/plugins\/wp-youtube-lyte\/lyteCache.php?origThumbUrl=https%3A%2F%2Fi.ytimg.com%2Fvi%2FjN-8IWCc7CA%2F0.jpg\" alt=\"YouTube video thumbnail\" width=\"560\" height=\"295\" data-no-translation=\"\" \/><br \/>Assista a Este V\u00eddeo no YouTube<\/a><\/noscript><\/div><\/div><div class=\"lL\" style=\"max-width:100%;width:560px;margin:5px auto;\"><\/div><\/div>\n<\/div>\n<\/div>\n<div class=\"column mcb-column mcb-item-juqkkdtft one laptop-one tablet-one mobile-one column_column vb-item\">\n<div class=\"mcb-column-inner mfn-module-wrapper mcb-column-inner-juqkkdtft mcb-item-column-inner\">\n<div class=\"column_attr mfn-inline-editor clearfix\">\n<p><strong>T\u00edtulo do produto: Ventilador de recupera\u00e7\u00e3o de calor inteligente montado na parede VT501 com filtragem de WiFi e HEPA<\/strong><\/p>\n<p><strong>Respire mais limpo, viva melhor<\/strong><br \/>\nTransforme a qualidade do ar interno com o KCvents VT501. Projetado para resid\u00eancias modernas, este ventilador de recupera\u00e7\u00e3o de calor de um quarto (HRV) substitui o ar interno polu\u00eddo e polu\u00eddo por ar fresco e filtrado, mantendo a temperatura do seu quarto.<\/p>\n<p><img loading=\"lazy\" decoding=\"async\" class=\"alignnone size-medium wp-image-3807\" src=\"https:\/\/www.ecvents.com\/wp-content\/uploads\/2022\/05\/S6917d1fed2bd4259a13a9507fedddf9b7-206x300.webp\" alt=\"\" width=\"206\" height=\"300\" srcset=\"https:\/\/www.ecvents.com\/wp-content\/uploads\/2022\/05\/S6917d1fed2bd4259a13a9507fedddf9b7-206x300.webp 206w, https:\/\/www.ecvents.com\/wp-content\/uploads\/2022\/05\/S6917d1fed2bd4259a13a9507fedddf9b7-500x729.webp 500w, https:\/\/www.ecvents.com\/wp-content\/uploads\/2022\/05\/S6917d1fed2bd4259a13a9507fedddf9b7-703x1024.webp 703w, https:\/\/www.ecvents.com\/wp-content\/uploads\/2022\/05\/S6917d1fed2bd4259a13a9507fedddf9b7-600x874.webp 600w, https:\/\/www.ecvents.com\/wp-content\/uploads\/2022\/05\/S6917d1fed2bd4259a13a9507fedddf9b7.webp 750w\" sizes=\"auto, (max-width: 206px) 100vw, 206px\" data-no-translation=\"\" \/><\/p>\n<p><strong>Efici\u00eancia m\u00e1xima, custo m\u00ednimo<\/strong><br \/>\nNo cora\u00e7\u00e3o do VT501, h\u00e1 um n\u00facleo de trocador de calor de cer\u00e2mica de alta tecnologia. ele se recupera at\u00e9\u00a0<strong>90% de energia t\u00e9rmica<\/strong>, o que significa que voc\u00ea n\u00e3o perde calor ao ventilar no inverno. Com um poder de trabalho entre\u00a0<strong>2w e 6w<\/strong>, \u00e9 incrivelmente eficiente em termos de energia.<\/p>\n<p><img loading=\"lazy\" decoding=\"async\" class=\"alignnone size-medium wp-image-3809\" src=\"https:\/\/www.ecvents.com\/wp-content\/uploads\/2022\/05\/Sbd7e9cc2e8ec48c7bb53e6c581a7e3ffz-298x300.webp\" alt=\"\" width=\"298\" height=\"300\" srcset=\"https:\/\/www.ecvents.com\/wp-content\/uploads\/2022\/05\/Sbd7e9cc2e8ec48c7bb53e6c581a7e3ffz-298x300.webp 298w, https:\/\/www.ecvents.com\/wp-content\/uploads\/2022\/05\/Sbd7e9cc2e8ec48c7bb53e6c581a7e3ffz-500x504.webp 500w, https:\/\/www.ecvents.com\/wp-content\/uploads\/2022\/05\/Sbd7e9cc2e8ec48c7bb53e6c581a7e3ffz-150x150.webp 150w, https:\/\/www.ecvents.com\/wp-content\/uploads\/2022\/05\/Sbd7e9cc2e8ec48c7bb53e6c581a7e3ffz-600x605.webp 600w, https:\/\/www.ecvents.com\/wp-content\/uploads\/2022\/05\/Sbd7e9cc2e8ec48c7bb53e6c581a7e3ffz-100x100.webp 100w, https:\/\/www.ecvents.com\/wp-content\/uploads\/2022\/05\/Sbd7e9cc2e8ec48c7bb53e6c581a7e3ffz.webp 750w\" sizes=\"auto, (max-width: 298px) 100vw, 298px\" data-no-translation=\"\" \/><\/p>\n<p><strong>Tecnologia inteligente para uma casa saud\u00e1vel<\/strong><br \/>\nPor que adivinhar sobre a qualidade do seu ar? o\u00a0<strong>Modelo VT501-WF<\/strong>\u00a0Conecta-se perfeitamente ao\u00a0<strong>aplicativo tuya<\/strong>, permitindo monitorar os n\u00edveis de CO\u2082 em tempo real e controlar o dispositivo do seu smartphone. Se voc\u00ea precisa remover odores, umidade inferior ou filtrar al\u00e9rgenos, voc\u00ea tem controle total via Wi-Fi ou no controle remoto inclu\u00eddo.<\/p>\n<p><img loading=\"lazy\" decoding=\"async\" class=\"alignnone size-medium wp-image-3828\" src=\"https:\/\/www.ecvents.com\/wp-content\/uploads\/2022\/05\/vt501-\u4e09\u6a21\u5f0f-300x166.jpg\" alt=\"\" width=\"300\" height=\"166\" srcset=\"https:\/\/www.ecvents.com\/wp-content\/uploads\/2022\/05\/vt501-\u4e09\u6a21\u5f0f-300x166.jpg 300w, https:\/\/www.ecvents.com\/wp-content\/uploads\/2022\/05\/vt501-\u4e09\u6a21\u5f0f-500x276.jpg 500w, https:\/\/www.ecvents.com\/wp-content\/uploads\/2022\/05\/vt501-\u4e09\u6a21\u5f0f-1024x565.jpg 1024w, https:\/\/www.ecvents.com\/wp-content\/uploads\/2022\/05\/vt501-\u4e09\u6a21\u5f0f-768x424.jpg 768w, https:\/\/www.ecvents.com\/wp-content\/uploads\/2022\/05\/vt501-\u4e09\u6a21\u5f0f-600x331.jpg 600w, https:\/\/www.ecvents.com\/wp-content\/uploads\/2022\/05\/vt501-\u4e09\u6a21\u5f0f.jpg 1392w\" sizes=\"auto, (max-width: 300px) 100vw, 300px\" data-no-translation=\"\" \/><\/p>\n<p><strong>Desempenho silencioso<\/strong><br \/>\nDesfrute de ar fresco sem o ru\u00eddo. Gra\u00e7as ao seu avan\u00e7ado\u00a0<strong>motor sem escova<\/strong>\u00a0e design selado a som, o VT501 opera em um m\u00e1ximo de\u00a0<strong>30dB<\/strong>. \u00c9 o complemento perfeito para quartos, ber\u00e7\u00e1rios ou escrit\u00f3rios dom\u00e9sticos onde o sil\u00eancio \u00e9 dourado.<\/p>\n<p><img loading=\"lazy\" decoding=\"async\" class=\"alignnone size-medium wp-image-3816\" src=\"https:\/\/www.ecvents.com\/wp-content\/uploads\/2022\/05\/vt501-\u9759\u97f3\u7761\u7720-300x224.webp\" alt=\"\" width=\"300\" height=\"224\" srcset=\"https:\/\/www.ecvents.com\/wp-content\/uploads\/2022\/05\/vt501-\u9759\u97f3\u7761\u7720-300x224.webp 300w, https:\/\/www.ecvents.com\/wp-content\/uploads\/2022\/05\/vt501-\u9759\u97f3\u7761\u7720-500x373.webp 500w, https:\/\/www.ecvents.com\/wp-content\/uploads\/2022\/05\/vt501-\u9759\u97f3\u7761\u7720-600x447.webp 600w, https:\/\/www.ecvents.com\/wp-content\/uploads\/2022\/05\/vt501-\u9759\u97f3\u7761\u7720.webp 750w\" sizes=\"auto, (max-width: 300px) 100vw, 300px\" data-no-translation=\"\" \/><\/p>\n<p><strong>Instala\u00e7\u00e3o sem complica\u00e7\u00f5es (sem necessidade de dutos complexos)<\/strong><br \/>\nAo contr\u00e1rio dos sistemas tradicionais de ventila\u00e7\u00e3o central, o KCvents VT501 foi projetado para uma instala\u00e7\u00e3o f\u00e1cil e simples. N\u00e3o h\u00e1 necessidade de corredores de teto ou dutos profissionais caros. Basta fazer um furo na parede externa, inserir o duto telesc\u00f3pico, montar a unidade e conect\u00e1-la. \u00c9 a solu\u00e7\u00e3o DIY perfeita para atualizar a qualidade do ar do seu quarto em minutos.<\/p>\n<p><img loading=\"lazy\" decoding=\"async\" class=\"alignnone size-medium wp-image-3826\" src=\"https:\/\/www.ecvents.com\/wp-content\/uploads\/2022\/05\/Haec0125c2fd14ec7b8198a16821a5acbv-300x300.webp\" alt=\"\" width=\"300\" height=\"300\" srcset=\"https:\/\/www.ecvents.com\/wp-content\/uploads\/2022\/05\/Haec0125c2fd14ec7b8198a16821a5acbv-300x300.webp 300w, https:\/\/www.ecvents.com\/wp-content\/uploads\/2022\/05\/Haec0125c2fd14ec7b8198a16821a5acbv-500x500.webp 500w, https:\/\/www.ecvents.com\/wp-content\/uploads\/2022\/05\/Haec0125c2fd14ec7b8198a16821a5acbv-150x150.webp 150w, https:\/\/www.ecvents.com\/wp-content\/uploads\/2022\/05\/Haec0125c2fd14ec7b8198a16821a5acbv-768x768.webp 768w, https:\/\/www.ecvents.com\/wp-content\/uploads\/2022\/05\/Haec0125c2fd14ec7b8198a16821a5acbv-600x600.webp 600w, https:\/\/www.ecvents.com\/wp-content\/uploads\/2022\/05\/Haec0125c2fd14ec7b8198a16821a5acbv-100x100.webp 100w, https:\/\/www.ecvents.com\/wp-content\/uploads\/2022\/05\/Haec0125c2fd14ec7b8198a16821a5acbv.webp 1001w\" sizes=\"auto, (max-width: 300px) 100vw, 300px\" data-no-translation=\"\" \/><\/p>\n<p><strong>Caracter\u00edsticas principais:<\/strong><\/p>\n<ul>\n<li><strong>3 modos de ventila\u00e7\u00e3o:<\/strong>\u00a0Modo de ar fresco, modo de escape e modo de ciclo 65s.<\/li>\n<li><strong>Filtra\u00e7\u00e3o superior:<\/strong>\u00a0Os filtros combinados de HEPA e de carv\u00e3o ativado removem os materiais e odores.<\/li>\n<li><strong>Fluxo de ar poderoso:<\/strong>\u00a028 CFM para 35 CFM Capacidade.<\/li>\n<li><strong>Baixa manuten\u00e7\u00e3o:<\/strong>\u00a0N\u00facleo de cer\u00e2mica f\u00e1cil de limpar e filtros acess\u00edveis.<\/li>\n<li><strong>Pacote completo:<\/strong>\u00a0Inclui kit de montagem, controle remoto e garantia de 36 meses para tranquilidade.<\/li>\n<\/ul>\n<p>Os HRVs residenciais KCvents s\u00e3o a melhor escolha para ventila\u00e7\u00e3o de casas ou locais de trabalho. Essas unidades s\u00e3o projetadas para fornecer ar fresco para o edif\u00edcio, enquanto esgotam uma quantidade igual de ar velho para o exterior. Durante a esta\u00e7\u00e3o de aquecimento, os ventiladores de recupera\u00e7\u00e3o de calor KCvents (HRVs) substitui o ar viciado por ar fresco em todas as resid\u00eancias e empresas, ajudando a prevenir o ac\u00famulo de umidade, o toxicold e o podrid\u00e3o.<\/p>\n<p>&nbsp;<\/p>\n<p><img loading=\"lazy\" decoding=\"async\" class=\"alignnone size-medium wp-image-3808\" src=\"https:\/\/www.ecvents.com\/wp-content\/uploads\/2022\/05\/S94788fd13e3a4be8baa96211f292aef3j-300x300.webp\" alt=\"\" width=\"300\" height=\"300\" srcset=\"https:\/\/www.ecvents.com\/wp-content\/uploads\/2022\/05\/S94788fd13e3a4be8baa96211f292aef3j-300x300.webp 300w, https:\/\/www.ecvents.com\/wp-content\/uploads\/2022\/05\/S94788fd13e3a4be8baa96211f292aef3j-500x500.webp 500w, https:\/\/www.ecvents.com\/wp-content\/uploads\/2022\/05\/S94788fd13e3a4be8baa96211f292aef3j-150x150.webp 150w, https:\/\/www.ecvents.com\/wp-content\/uploads\/2022\/05\/S94788fd13e3a4be8baa96211f292aef3j-768x768.webp 768w, https:\/\/www.ecvents.com\/wp-content\/uploads\/2022\/05\/S94788fd13e3a4be8baa96211f292aef3j-600x600.webp 600w, https:\/\/www.ecvents.com\/wp-content\/uploads\/2022\/05\/S94788fd13e3a4be8baa96211f292aef3j-100x100.webp 100w, https:\/\/www.ecvents.com\/wp-content\/uploads\/2022\/05\/S94788fd13e3a4be8baa96211f292aef3j.webp 1000w\" sizes=\"auto, (max-width: 300px) 100vw, 300px\" data-no-translation=\"\" \/><img loading=\"lazy\" decoding=\"async\" class=\"alignnone size-medium wp-image-3829\" src=\"https:\/\/www.ecvents.com\/wp-content\/uploads\/2022\/05\/S96b33c9e87b844f28da187cc39456a16f-167x300.webp\" alt=\"\" width=\"167\" height=\"300\" srcset=\"https:\/\/www.ecvents.com\/wp-content\/uploads\/2022\/05\/S96b33c9e87b844f28da187cc39456a16f-167x300.webp 167w, https:\/\/www.ecvents.com\/wp-content\/uploads\/2022\/05\/S96b33c9e87b844f28da187cc39456a16f-500x899.webp 500w, https:\/\/www.ecvents.com\/wp-content\/uploads\/2022\/05\/S96b33c9e87b844f28da187cc39456a16f-569x1024.webp 569w, https:\/\/www.ecvents.com\/wp-content\/uploads\/2022\/05\/S96b33c9e87b844f28da187cc39456a16f-768x1381.webp 768w, https:\/\/www.ecvents.com\/wp-content\/uploads\/2022\/05\/S96b33c9e87b844f28da187cc39456a16f-854x1536.webp 854w, https:\/\/www.ecvents.com\/wp-content\/uploads\/2022\/05\/S96b33c9e87b844f28da187cc39456a16f-600x1079.webp 600w, https:\/\/www.ecvents.com\/wp-content\/uploads\/2022\/05\/S96b33c9e87b844f28da187cc39456a16f.webp 1001w\" sizes=\"auto, (max-width: 167px) 100vw, 167px\" data-no-translation=\"\" \/><\/p>\n<h4>Certificado:<\/h4>\n<p><img loading=\"lazy\" decoding=\"async\" class=\"alignnone size-medium wp-image-4175\" src=\"https:\/\/www.ecvents.com\/wp-content\/uploads\/2022\/05\/KCvents-VT501-Heat-Recovery-Ventilation-Device-Wall-Mounted-Room-Fresh-Air-Fan-Certificate1-213x300.jpeg\" alt=\"RED Declaration of Conformity certificate for heat recovery ventilator (models VT501, VT501S, VT502, etc.)\" width=\"213\" height=\"300\" srcset=\"https:\/\/www.ecvents.com\/wp-content\/uploads\/2022\/05\/KCvents-VT501-Heat-Recovery-Ventilation-Device-Wall-Mounted-Room-Fresh-Air-Fan-Certificate1-213x300.jpeg 213w, https:\/\/www.ecvents.com\/wp-content\/uploads\/2022\/05\/KCvents-VT501-Heat-Recovery-Ventilation-Device-Wall-Mounted-Room-Fresh-Air-Fan-Certificate1-9x12.jpeg 9w, https:\/\/www.ecvents.com\/wp-content\/uploads\/2022\/05\/KCvents-VT501-Heat-Recovery-Ventilation-Device-Wall-Mounted-Room-Fresh-Air-Fan-Certificate1-500x704.jpeg 500w, https:\/\/www.ecvents.com\/wp-content\/uploads\/2022\/05\/KCvents-VT501-Heat-Recovery-Ventilation-Device-Wall-Mounted-Room-Fresh-Air-Fan-Certificate1.jpeg 599w\" sizes=\"auto, (max-width: 213px) 100vw, 213px\" data-no-translation=\"\" \/> <img loading=\"lazy\" decoding=\"async\" class=\"alignnone size-medium wp-image-4176\" src=\"https:\/\/www.ecvents.com\/wp-content\/uploads\/2022\/05\/KCvents-VT501-Heat-Recovery-Ventilation-Device-Wall-Mounted-Room-Fresh-Air-Fan-Certificate2-218x300.jpeg\" alt=\"CE Certificate of Conformity for heat recovery ventilator (models VT501-WF, VT150, etc.)\" width=\"218\" height=\"300\" srcset=\"https:\/\/www.ecvents.com\/wp-content\/uploads\/2022\/05\/KCvents-VT501-Heat-Recovery-Ventilation-Device-Wall-Mounted-Room-Fresh-Air-Fan-Certificate2-218x300.jpeg 218w, https:\/\/www.ecvents.com\/wp-content\/uploads\/2022\/05\/KCvents-VT501-Heat-Recovery-Ventilation-Device-Wall-Mounted-Room-Fresh-Air-Fan-Certificate2-9x12.jpeg 9w, https:\/\/www.ecvents.com\/wp-content\/uploads\/2022\/05\/KCvents-VT501-Heat-Recovery-Ventilation-Device-Wall-Mounted-Room-Fresh-Air-Fan-Certificate2-500x688.jpeg 500w, https:\/\/www.ecvents.com\/wp-content\/uploads\/2022\/05\/KCvents-VT501-Heat-Recovery-Ventilation-Device-Wall-Mounted-Room-Fresh-Air-Fan-Certificate2.jpeg 595w\" sizes=\"auto, (max-width: 218px) 100vw, 218px\" data-no-translation=\"\" \/><\/p>\n<p>&nbsp;<\/p>\n<\/div>\n<\/div>\n<\/div>\n<\/div>\n<\/div>\n<\/div>\n<\/div>","protected":false},"excerpt":{"rendered":"<p><strong>Atualize seu quarto para um ecossistema de ar fresco.<\/strong><br \/>\nA s\u00e9rie VT501 troca continuamente o ar interno obsoleto com ar fresco sem perder calor. Escolha entre o\u00a0<strong>controle remoto padr\u00e3o<\/strong>\u00a0modelo ou o\u00a0<strong>Wi-Fi inteligente<\/strong>\u00a0Modelo para atender \u00e0s suas necessidades.<\/p>\n<ul>\n<li><strong>Recupera\u00e7\u00e3o de calor 90%:<\/strong>\u00a0O n\u00facleo de cer\u00e2mica economiza energia, mantendo-o aquecido no inverno.<\/li>\n<li><strong>Op\u00e7\u00f5es de controle inteligente:<\/strong>\n<ul>\n<li><em>Modelo Wi-Fi:<\/em>\u00a0Tuya App Control, Co\u2082 Monitoramento e Automa\u00e7\u00e3o.<\/li>\n<li><em>Modelo remoto:<\/em>\u00a0F\u00e1cil de usar Remote IR inclu\u00eddo.<\/li>\n<\/ul>\n<\/li>\n<li><strong>Filtragem dupla:<\/strong>\u00a0Os filtros HEPA + carbono bloqueiam o p\u00f3len, a poeira e os odores externos.<\/li>\n<li><strong>Sussurro Silencioso<\/strong>\u00a0O motor CC sem escova opera sob\u00a0<strong>30dB<\/strong>\u00a0para um sono tranquilo.<\/li>\n<li><strong>Instala\u00e7\u00e3o DIY f\u00e1cil:<\/strong>\u00a0N\u00e3o \u00e9 necess\u00e1rio nenhum duto - apenas um \u00fanico orif\u00edcio na parede.<\/li>\n<\/ul>\n<p><a class=\"button button_right button_size_2\" title=\"\" href=\"https:\/\/www.kcvents.com\/wp-content\/uploads\/2025\/07\/VT501.pdf\" target=\"_blank\" rel=\"noopener\"><span class=\"button_label\">cat\u00e1logo<\/span><\/a><\/p>","protected":false},"featured_media":781,"comment_status":"open","ping_status":"closed","template":"","meta":{"_acf_changed":false},"product_brand":[],"product_cat":[25],"product_tag":[],"class_list":{"0":"post-669","1":"product","2":"type-product","3":"status-publish","4":"has-post-thumbnail","6":"product_cat-single-room-hrv","7":"pa_control-mode-remote-control","8":"pa_control-mode-wifi-control","10":"first","11":"instock","12":"sale","13":"taxable","14":"shipping-taxable","15":"purchasable","16":"product-type-variable","17":"has-default-attributes"},"acf":[],"_links":{"self":[{"href":"https:\/\/www.ecvents.com\/pt\/wp-json\/wp\/v2\/product\/669","targetHints":{"allow":["GET"]}}],"collection":[{"href":"https:\/\/www.ecvents.com\/pt\/wp-json\/wp\/v2\/product"}],"about":[{"href":"https:\/\/www.ecvents.com\/pt\/wp-json\/wp\/v2\/types\/product"}],"replies":[{"embeddable":true,"href":"https:\/\/www.ecvents.com\/pt\/wp-json\/wp\/v2\/comments?post=669"}],"wp:featuredmedia":[{"embeddable":true,"href":"https:\/\/www.ecvents.com\/pt\/wp-json\/wp\/v2\/media\/781"}],"wp:attachment":[{"href":"https:\/\/www.ecvents.com\/pt\/wp-json\/wp\/v2\/media?parent=669"}],"wp:term":[{"taxonomy":"product_brand","embeddable":true,"href":"https:\/\/www.ecvents.com\/pt\/wp-json\/wp\/v2\/product_brand?post=669"},{"taxonomy":"product_cat","embeddable":true,"href":"https:\/\/www.ecvents.com\/pt\/wp-json\/wp\/v2\/product_cat?post=669"},{"taxonomy":"product_tag","embeddable":true,"href":"https:\/\/www.ecvents.com\/pt\/wp-json\/wp\/v2\/product_tag?post=669"}],"curies":[{"name":"wp","href":"https:\/\/api.w.org\/{rel}","templated":true}]}}