{"id":673,"date":"2022-05-06T17:41:29","date_gmt":"2022-05-06T17:41:29","guid":{"rendered":"https:\/\/startersites.io\/blocksy\/gadgets\/?post_type=product&#038;p=673"},"modified":"2025-10-29T02:45:06","modified_gmt":"2025-10-29T07:45:06","slug":"ventilador-de-recuperacao-de-calor-vt100","status":"publish","type":"product","link":"https:\/\/www.ecvents.com\/pt\/product\/ventilador-de-recuperacao-de-calor-vt100\/","title":{"rendered":"Ventilador de recupera\u00e7\u00e3o de calor VT100"},"content":{"rendered":"<h4>Dimens\u00f5es (unidade:mm):<\/h4>\n<p><img loading=\"lazy\" decoding=\"async\" class=\"alignnone wp-image-2555\" src=\"https:\/\/www.kcvents.com\/wp-content\/uploads\/2025\/07\/VT100-size.png\" alt=\"\" width=\"1200\" height=\"368\" data-no-translation=\"\" \/><\/p>\n<h4>Tabela de par\u00e2metros:<\/h4>\n<table border=\"1\" cellspacing=\"0\" cellpadding=\"6\" data-doubao-line=\"1\" data-doubao-column=\"1\" data-doubao-key=\"0\">\n<tbody data-doubao-key=\"1\">\n<tr id=\"thblue\" data-doubao-line=\"3\" data-doubao-column=\"3\" data-doubao-key=\"2\">\n<th data-doubao-line=\"4\" data-doubao-column=\"5\" data-doubao-key=\"3\">apressar<\/th>\n<th data-doubao-line=\"5\" data-doubao-column=\"5\" data-doubao-key=\"4\">dormir<\/th>\n<th data-doubao-line=\"6\" data-doubao-column=\"5\" data-doubao-key=\"5\">I<\/th>\n<th data-doubao-line=\"7\" data-doubao-column=\"5\" data-doubao-key=\"6\">II<\/th>\n<th data-doubao-line=\"8\" data-doubao-column=\"5\" data-doubao-key=\"7\">iii<\/th>\n<\/tr>\n<tr data-doubao-line=\"11\" data-doubao-column=\"3\" data-doubao-key=\"8\">\n<td data-doubao-line=\"12\" data-doubao-column=\"5\" data-doubao-key=\"9\">voltagem<\/td>\n<td colspan=\"4\" data-doubao-line=\"13\" data-doubao-column=\"5\" data-doubao-key=\"10\">100 \u2013 240 V 50 \u2013 60Hz<\/td>\n<\/tr>\n<tr data-doubao-line=\"16\" data-doubao-column=\"3\" data-doubao-key=\"11\">\n<td data-doubao-line=\"17\" data-doubao-column=\"5\" data-doubao-key=\"12\">Pot\u00eancia m\u00e1xima<\/td>\n<td colspan=\"4\" data-doubao-line=\"18\" data-doubao-column=\"5\" data-doubao-key=\"13\">5w<\/td>\n<\/tr>\n<tr data-doubao-line=\"21\" data-doubao-column=\"3\" data-doubao-key=\"14\">\n<td data-doubao-line=\"22\" data-doubao-column=\"5\" data-doubao-key=\"15\">Pot\u00eancia total do ventilador (W)<\/td>\n<td data-doubao-line=\"23\" data-doubao-column=\"5\" data-doubao-key=\"16\">2.5<\/td>\n<td data-doubao-line=\"24\" data-doubao-column=\"5\" data-doubao-key=\"17\">3.0<\/td>\n<td data-doubao-line=\"25\" data-doubao-column=\"5\" data-doubao-key=\"18\">3.5<\/td>\n<td data-doubao-line=\"26\" data-doubao-column=\"5\" data-doubao-key=\"19\">3.8<\/td>\n<\/tr>\n<tr data-doubao-line=\"29\" data-doubao-column=\"3\" data-doubao-key=\"20\">\n<td data-doubao-line=\"30\" data-doubao-column=\"5\" data-doubao-key=\"21\">Fluxo de ar (m\u00b3\/h)<\/td>\n<td data-doubao-line=\"31\" data-doubao-column=\"5\" data-doubao-key=\"22\">20<\/td>\n<td data-doubao-line=\"32\" data-doubao-column=\"5\" data-doubao-key=\"23\">30<\/td>\n<td data-doubao-line=\"33\" data-doubao-column=\"5\" data-doubao-key=\"24\">40<\/td>\n<td data-doubao-line=\"34\" data-doubao-column=\"5\" data-doubao-key=\"25\">50<\/td>\n<\/tr>\n<tr data-doubao-line=\"37\" data-doubao-column=\"3\" data-doubao-key=\"26\">\n<td data-doubao-line=\"38\" data-doubao-column=\"5\" data-doubao-key=\"27\">Velocidade (rpm)<\/td>\n<td data-doubao-line=\"39\" data-doubao-column=\"5\" data-doubao-key=\"28\">1000<\/td>\n<td data-doubao-line=\"40\" data-doubao-column=\"5\" data-doubao-key=\"29\">1500<\/td>\n<td data-doubao-line=\"41\" data-doubao-column=\"5\" data-doubao-key=\"30\">2000<\/td>\n<td data-doubao-line=\"42\" data-doubao-column=\"5\" data-doubao-key=\"31\">2500<\/td>\n<\/tr>\n<tr data-doubao-line=\"45\" data-doubao-column=\"3\" data-doubao-key=\"32\">\n<td data-doubao-line=\"46\" data-doubao-column=\"5\" data-doubao-key=\"33\">temperatura do ar transportado<\/td>\n<td colspan=\"4\" data-doubao-line=\"47\" data-doubao-column=\"5\" data-doubao-key=\"34\">-20\u00b0C (-4\u00b0F) a +50\u00b0C (122\u00b0F)<\/td>\n<\/tr>\n<tr data-doubao-line=\"50\" data-doubao-column=\"3\" data-doubao-key=\"35\">\n<td data-doubao-line=\"51\" data-doubao-column=\"5\" data-doubao-key=\"36\">Efici\u00eancia de troca de calor<\/td>\n<td colspan=\"4\" data-doubao-line=\"52\" data-doubao-column=\"5\" data-doubao-key=\"37\">At\u00e9 90%<\/td>\n<\/tr>\n<tr data-doubao-line=\"55\" data-doubao-column=\"3\" data-doubao-key=\"38\">\n<td data-doubao-line=\"56\" data-doubao-column=\"5\" data-doubao-key=\"39\">n\u00facleo do trocador de calor<\/td>\n<td colspan=\"4\" data-doubao-line=\"57\" data-doubao-column=\"5\" data-doubao-key=\"40\">cer\u00e2mico<\/td>\n<\/tr>\n<\/tbody>\n<\/table>\n<p>&nbsp;<\/p>\n<div class=\"button_align align_center\"><a class=\"button button_right button_size_2\" title=\"\" href=\"mailto:info@kcvents.com\" target=\"_blank\" rel=\"noopener\"><i class=\"icon-direction\" aria-hidden=\"true\"><\/i><span class=\"button_label\">investiga\u00e7\u00e3o<\/span><\/a><\/div>","protected":false},"excerpt":{"rendered":"<p>1. Ventilador de recupera\u00e7\u00e3o de calor de alta efici\u00eancia (b\u00e1sico)<br \/>\nRecupera\u00e7\u00e3o de calor com efici\u00eancia energ\u00e9tica: Recupera com efici\u00eancia o calor do ar de exaust\u00e3o, reduz o consumo de energia e garante uma qualidade consistente do ar interno. \u00c9 uma solu\u00e7\u00e3o econ\u00f4mica para a conserva\u00e7\u00e3o de energia em resid\u00eancias e pequenos espa\u00e7os comerciais.<\/p>\n<p>2. Opera\u00e7\u00e3o silenciosa: Projetado com um motor EC de baixo ru\u00eddo, garante uma ventila\u00e7\u00e3o silenciosa sem sacrificar o desempenho.<\/p>\n<p>3.Instala\u00e7\u00e3o compacta e flex\u00edvel: possui um design compacto que pode ser facilmente instalado em paredes ou espa\u00e7os apertados.<\/p>\n<p>4.Filtra\u00e7\u00e3o confi\u00e1vel do ar: O VT100 \u00e9 equipado com um pr\u00e9-filtro que remove poeira e part\u00edculas maiores, mantendo ar limpo e fresco.<\/p>\n<p>5. Controles f\u00e1ceis de usar: O VT100 possui uma interface amig\u00e1vel com controles intuitivos para f\u00e1cil manuten\u00e7\u00e3o.<\/p>\n<p>&nbsp;<\/p>\n<p><a class=\"button button_right button_size_2\" title=\"\" href=\"mailto:info@kcvents.com\" target=\"_blank\" rel=\"noopener\"><i class=\"icon-direction\" aria-hidden=\"true\"><\/i><span class=\"button_label\">investiga\u00e7\u00e3o<\/span><\/a>\u00a0<a class=\"button button_right button_size_2\" title=\"\" href=\"https:\/\/www.kcvents.com\/wp-content\/uploads\/2025\/07\/VT125.pdf\" target=\"_blank\" rel=\"noopener\"><i class=\"icon-acrobat\" aria-hidden=\"true\"><\/i><span class=\"button_label\">cat\u00e1logo<\/span><\/a><\/p>","protected":false},"featured_media":914,"comment_status":"open","ping_status":"closed","template":"","meta":{"_acf_changed":false},"product_brand":[],"product_cat":[25],"product_tag":[],"class_list":{"0":"post-673","1":"product","2":"type-product","3":"status-publish","4":"has-post-thumbnail","6":"product_cat-single-room-hrv","8":"first","9":"instock","10":"taxable","11":"shipping-taxable","12":"purchasable","13":"product-type-variable","14":"has-default-attributes"},"acf":[],"_links":{"self":[{"href":"https:\/\/www.ecvents.com\/pt\/wp-json\/wp\/v2\/product\/673","targetHints":{"allow":["GET"]}}],"collection":[{"href":"https:\/\/www.ecvents.com\/pt\/wp-json\/wp\/v2\/product"}],"about":[{"href":"https:\/\/www.ecvents.com\/pt\/wp-json\/wp\/v2\/types\/product"}],"replies":[{"embeddable":true,"href":"https:\/\/www.ecvents.com\/pt\/wp-json\/wp\/v2\/comments?post=673"}],"wp:featuredmedia":[{"embeddable":true,"href":"https:\/\/www.ecvents.com\/pt\/wp-json\/wp\/v2\/media\/914"}],"wp:attachment":[{"href":"https:\/\/www.ecvents.com\/pt\/wp-json\/wp\/v2\/media?parent=673"}],"wp:term":[{"taxonomy":"product_brand","embeddable":true,"href":"https:\/\/www.ecvents.com\/pt\/wp-json\/wp\/v2\/product_brand?post=673"},{"taxonomy":"product_cat","embeddable":true,"href":"https:\/\/www.ecvents.com\/pt\/wp-json\/wp\/v2\/product_cat?post=673"},{"taxonomy":"product_tag","embeddable":true,"href":"https:\/\/www.ecvents.com\/pt\/wp-json\/wp\/v2\/product_tag?post=673"}],"curies":[{"name":"wp","href":"https:\/\/api.w.org\/{rel}","templated":true}]}}