{"id":972,"date":"2025-08-21T07:59:38","date_gmt":"2025-08-21T07:59:38","guid":{"rendered":"https:\/\/ecvents.com\/?post_type=product&#038;p=972"},"modified":"2025-10-29T02:10:43","modified_gmt":"2025-10-29T07:10:43","slug":"ventilador-de-exaustor-do-obturador-do","status":"publish","type":"product","link":"https:\/\/www.ecvents.com\/pt\/product\/ventilador-de-exaustor-do-obturador-do\/","title":{"rendered":"Ventilador de exaustor do obturador do"},"content":{"rendered":"<div class=\"column mcb-column mcb-item-ef2dc8aa4 one laptop-one tablet-one mobile-one column_column vb-item\">\n<div class=\"mcb-column-inner mfn-module-wrapper mcb-column-inner-ef2dc8aa4 mcb-item-column-inner\">\n<div class=\"column_attr mfn-inline-editor clearfix\">\n<div class=\"mcb-wrap-background-overlay\">Tabela de par\u00e2metros:<\/div>\n<div class=\"column mcb-column mcb-item-ef2dc8aa4 one laptop-one tablet-one mobile-one column_column vb-item\">\n<div class=\"mcb-column-inner mfn-module-wrapper mcb-column-inner-ef2dc8aa4 mcb-item-column-inner\">\n<div class=\"column_attr mfn-inline-editor clearfix\">\n<table class=\"w-fit min-w-(--thread-content-width)\" data-start=\"254\" data-end=\"2568\">\n<thead data-start=\"254\" data-end=\"431\">\n<tr data-start=\"254\" data-end=\"431\">\n<th data-start=\"254\" data-end=\"278\" data-col-size=\"sm\"><strong data-start=\"256\" data-end=\"273\">especifica\u00e7\u00e3o<\/strong><\/th>\n<th data-start=\"278\" data-end=\"431\" data-col-size=\"md\"><strong data-start=\"280\" data-end=\"291\">detalhes<\/strong><\/th>\n<\/tr>\n<\/thead>\n<tbody data-start=\"610\" data-end=\"2568\">\n<tr data-start=\"610\" data-end=\"787\">\n<td data-start=\"610\" data-end=\"634\" data-col-size=\"sm\"><strong data-start=\"612\" data-end=\"624\">Tamanho do ventilador<\/strong><\/td>\n<td data-col-size=\"md\" data-start=\"634\" data-end=\"787\">16 polegadas (40,6 cm)<\/td>\n<\/tr>\n<tr data-start=\"788\" data-end=\"965\">\n<td data-start=\"788\" data-end=\"812\" data-col-size=\"sm\"><strong data-start=\"790\" data-end=\"812\">Dimens\u00f5es gerais<\/strong><\/td>\n<td data-start=\"812\" data-end=\"965\" data-col-size=\"md\">19,09\u2033 \u00d7 19,09\u2033 \u00d7 7,72\u2033 (48,5 \u00d7 48,5 \u00d7 19,6 cm)<\/td>\n<\/tr>\n<tr data-start=\"966\" data-end=\"1144\">\n<td data-start=\"966\" data-end=\"990\" data-col-size=\"sm\"><strong data-start=\"968\" data-end=\"990\">Tamanho do orif\u00edcio de montagem<\/strong><\/td>\n<td data-start=\"990\" data-end=\"1144\" data-col-size=\"md\">Aproximadamente 16,92\u2033 \u00d7 16,92\u2033 (43 \u00d7 43 cm)<\/td>\n<\/tr>\n<tr data-start=\"1145\" data-end=\"1322\">\n<td data-start=\"1145\" data-end=\"1169\" data-col-size=\"sm\"><strong data-start=\"1147\" data-end=\"1167\">Capacidade do fluxo de ar<\/strong><\/td>\n<td data-start=\"1169\" data-end=\"1322\" data-col-size=\"md\">2.560 CFM (ventila\u00e7\u00e3o de alta efici\u00eancia)<\/td>\n<\/tr>\n<tr data-start=\"1323\" data-end=\"1501\">\n<td data-start=\"1323\" data-end=\"1347\" data-col-size=\"sm\"><strong data-start=\"1325\" data-end=\"1344\">press\u00e3o est\u00e1tica<\/strong><\/td>\n<td data-col-size=\"md\" data-start=\"1347\" data-end=\"1501\">25,9 mm-H\u2082O (aproximadamente 96 Pa)<\/td>\n<\/tr>\n<tr data-start=\"1502\" data-end=\"1678\">\n<td data-start=\"1502\" data-end=\"1526\" data-col-size=\"sm\"><strong data-start=\"1504\" data-end=\"1519\">n\u00edvel de ru\u00eddo<\/strong><\/td>\n<td data-start=\"1526\" data-end=\"1678\" data-col-size=\"md\">Normalmente 70 dBA (varia entre 67 e 70 dBA entre as fontes)<\/td>\n<\/tr>\n<tr data-start=\"1679\" data-end=\"1856\">\n<td data-start=\"1679\" data-end=\"1703\" data-col-size=\"sm\"><strong data-start=\"1681\" data-end=\"1700\">Condu\u00e7\u00e3o e controle<\/strong><\/td>\n<td data-start=\"1703\" data-end=\"1856\" data-col-size=\"md\">Modula\u00e7\u00e3o inteligente PWM, de 10 velocidades (alguns modelos de 8 velocidades), com fun\u00e7\u00e3o de mem\u00f3ria<\/td>\n<\/tr>\n<tr data-start=\"1857\" data-end=\"2034\">\n<td data-start=\"1857\" data-end=\"1881\" data-col-size=\"sm\"><strong data-start=\"1859\" data-end=\"1873\">tipo de motor<\/strong><\/td>\n<td data-start=\"1881\" data-end=\"2034\" data-col-size=\"md\">Motor eficiente em termos de energia, EC (comutador eletronicamente, baixo ru\u00eddo, alta efici\u00eancia<\/td>\n<\/tr>\n<tr data-start=\"2035\" data-end=\"2212\">\n<td data-start=\"2035\" data-end=\"2059\" data-col-size=\"sm\"><strong data-start=\"2037\" data-end=\"2056\">Alimenta\u00e7\u00e3o \/ corrente<\/strong><\/td>\n<td data-start=\"2059\" data-end=\"2212\" data-col-size=\"md\">100 W \/ 1,5 A (100\u2013240 V AC, 50\/60 Hz)<\/td>\n<\/tr>\n<tr data-start=\"2213\" data-end=\"2390\">\n<td data-start=\"2213\" data-end=\"2238\" data-col-size=\"sm\"><strong data-start=\"2215\" data-end=\"2238\">Rolamentos e vida \u00fatil<\/strong><\/td>\n<td data-start=\"2238\" data-end=\"2390\" data-col-size=\"md\">Rolamentos de esferas duplos, vida \u00fatil L10 de 67.000 horas<\/td>\n<\/tr>\n<tr data-start=\"2391\" data-end=\"2568\">\n<td data-start=\"2391\" data-end=\"2415\" data-col-size=\"sm\"><strong data-start=\"2393\" data-end=\"2415\">Prote\u00e7\u00e3o de entrada<\/strong><\/td>\n<td data-start=\"2415\" data-end=\"2568\" data-col-size=\"md\">Classifica\u00e7\u00e3o IP-44, resistente \u00e0 poeira e \u00e0 \u00e1gua; design estrutural resistente \u00e0 corros\u00e3o<\/td>\n<\/tr>\n<\/tbody>\n<\/table>\n<\/div>\n<\/div>\n<\/div>\n<\/div>\n<\/div>\n<\/div>\n<div class=\"column mcb-column mcb-item-95b6ace20 one laptop-one tablet-one mobile-one column_column vb-item\">\n<div class=\"mcb-column-inner mfn-module-wrapper mcb-column-inner-95b6ace20 mcb-item-column-inner\">\n<div class=\"column_attr mfn-inline-editor clearfix\">\n<div class=\"button_align align_center\"><a class=\"button button_right button_size_2\" title=\"\" href=\"mailto:info@kcvents.com\" target=\"_blank\" rel=\"noopener\"><i class=\"icon-direction\" aria-hidden=\"true\"><\/i><span class=\"button_label\">\u8be2\u95ee<\/span><\/a><\/div>\n<\/div>\n<\/div>\n<\/div>","protected":false},"excerpt":{"rendered":"<h2>Ventilador de exaustor do obturador do<\/h2>\n<hr \/>\n<ol>\n<li>Ventilador de exaustor do obturador de 16 polegadas com controlador de 10 velocidades, motor EC \u2013 ventila\u00e7\u00e3o e refrigera\u00e7\u00e3o na parede para galp\u00f5es, s\u00f3t\u00e3os, oficinas e estufa.<\/li>\n<li>Ventila\u00e7\u00e3o eficiente: o design do ventilador do obturador de alto fluxo de ar remove rapidamente o calor, a umidade e o odor com fluxo de ar 2560 CFM.<\/li>\n<li>Constru\u00e7\u00e3o de metal dur\u00e1vel: Persianas de a\u00e7o resistentes \u00e0 corros\u00e3o e l\u00e2minas de alum\u00ednio garantem a longevidade.<\/li>\n<li>Opera\u00e7\u00e3o suave e silenciosa: o motor EC com PWM oferece desempenho silencioso (~70 dBA).<\/li>\n<li>Economia de energia e inteligente: motor EC + PWM para efici\u00eancia; plataforma UIS compat\u00edvel para integra\u00e7\u00e3o inteligente.<\/li>\n<li>Preciso e vers\u00e1til: controlador manual de 10 velocidades com mem\u00f3ria para ambientes sob medida.<\/li>\n<li>Design de n\u00edvel comercial: rolamentos com esferas duplas nominais IP-44, 67.000 horas de vida \u00fatil para aplica\u00e7\u00f5es exigentes.<\/li>\n<\/ol>\n<p><a class=\"button button_right button_size_2\" title=\"\" href=\"mailto:info@kcvents.com\" target=\"_blank\" rel=\"noopener\"><i class=\"icon-direction\" aria-hidden=\"true\"><\/i><span class=\"button_label\">investiga\u00e7\u00e3o<\/span><\/a>\u00a0 \u00a0 <a class=\"button button_right button_size_2\" title=\"\" href=\"https:\/\/www.kcvents.com\/portfolio-item\/ec-motor-shutter-exhaust-fan\" target=\"_blank\" rel=\"noopener\"><i class=\"icon-acrobat\" aria-hidden=\"true\"><\/i><span class=\"button_label\">cat\u00e1logo<\/span><\/a><\/p>","protected":false},"featured_media":976,"comment_status":"open","ping_status":"closed","template":"","meta":{"_acf_changed":false},"product_brand":[],"product_cat":[28],"product_tag":[],"class_list":{"0":"post-972","1":"product","2":"type-product","3":"status-publish","4":"has-post-thumbnail","6":"product_cat-exhaust-fan","8":"first","9":"instock","10":"taxable","11":"shipping-taxable","12":"purchasable","13":"product-type-simple"},"acf":[],"_links":{"self":[{"href":"https:\/\/www.ecvents.com\/pt\/wp-json\/wp\/v2\/product\/972","targetHints":{"allow":["GET"]}}],"collection":[{"href":"https:\/\/www.ecvents.com\/pt\/wp-json\/wp\/v2\/product"}],"about":[{"href":"https:\/\/www.ecvents.com\/pt\/wp-json\/wp\/v2\/types\/product"}],"replies":[{"embeddable":true,"href":"https:\/\/www.ecvents.com\/pt\/wp-json\/wp\/v2\/comments?post=972"}],"wp:featuredmedia":[{"embeddable":true,"href":"https:\/\/www.ecvents.com\/pt\/wp-json\/wp\/v2\/media\/976"}],"wp:attachment":[{"href":"https:\/\/www.ecvents.com\/pt\/wp-json\/wp\/v2\/media?parent=972"}],"wp:term":[{"taxonomy":"product_brand","embeddable":true,"href":"https:\/\/www.ecvents.com\/pt\/wp-json\/wp\/v2\/product_brand?post=972"},{"taxonomy":"product_cat","embeddable":true,"href":"https:\/\/www.ecvents.com\/pt\/wp-json\/wp\/v2\/product_cat?post=972"},{"taxonomy":"product_tag","embeddable":true,"href":"https:\/\/www.ecvents.com\/pt\/wp-json\/wp\/v2\/product_tag?post=972"}],"curies":[{"name":"wp","href":"https:\/\/api.w.org\/{rel}","templated":true}]}}