{"id":695,"date":"2025-08-20T02:59:33","date_gmt":"2025-08-20T02:59:33","guid":{"rendered":"https:\/\/ecvents.com\/?page_id=695"},"modified":"2026-03-13T03:21:22","modified_gmt":"2026-03-13T08:21:22","slug":"geri-odeme_donusleri-2","status":"publish","type":"page","link":"https:\/\/www.ecvents.com\/tr\/geri-odeme_donusleri-2\/","title":{"rendered":"\u0130ade ve \u0130ade Politikas\u0131"},"content":{"rendered":"<p><strong>1. genel bak\u0131\u015f<\/strong><br>-da\u00a0<strong>Shenzhen Chic Technology Co, Ltd (Ecvents)<\/strong>, sat\u0131n alma i\u015fleminizden tamamen memnun kalman\u0131z\u0131 istiyoruz. Bir \u015fey do\u011fru de\u011filse, i\u00e7eride geri d\u00f6nmeyi kolayla\u015ft\u0131r\u0131r\u0131z.\u00a0<strong>14 g\u00fcn<\/strong>\u00a0teslimattan. Teslimat\u0131n\u0131z\u0131n \u00fczerinden 14 g\u00fcn ge\u00e7tiyse, ne yaz\u0131k ki size geri \u00f6deme veya de\u011fi\u015fim teklif edemeyiz.<\/p>\n\n\n\n<p style=\"margin-bottom:0;padding-bottom:0\"><strong>H\u0131zl\u0131 \u00f6zet:<\/strong><\/p>\n\n\n\n<ul style=\"margin-top:0\" class=\"wp-block-list\">\n<li>\u2705 Teslimat tarihinden itibaren 14 g\u00fcnl\u00fck iade penceresi<\/li>\n\n\n\n<li>\u2705 T\u00fcm \u00fcr\u00fcnler i\u00e7in 3 y\u0131l \u00fcretici garantisi<\/li>\n\n\n\n<li>\u2705 Kalite sorunlar\u0131 \u2192 \u0130ade nakliyesi dahil her \u015feyi kapsar\u0131z<\/li>\n\n\n\n<li>\u2705 Muayeneden sonra 3 i\u015f g\u00fcn\u00fc i\u00e7inde i\u015flenmi\u015f iade<\/li>\n<\/ul>\n\n\n\n<p><strong>2. Nakliye Maliyetleri ve Sorumlulu\u011fu<\/strong><br>Adil ticarete inan\u0131yoruz. \u0130ade nakliye masraflar\u0131n\u0131n sorumlulu\u011fu iade nedenine ba\u011fl\u0131d\u0131r (teslimattan sonraki 14 g\u00fcn i\u00e7inde):<\/p>\n\n\n\n<figure class=\"wp-block-table\"><table class=\"has-fixed-layout\"><thead><tr><th>d\u00f6n\u00fc\u015f nedeni<\/th><th>\u0130ade nakliye \u00fccreti<\/th><th>geri \u00f6deme tutar\u0131<\/th><\/tr><\/thead><tbody><tr><td><strong>Ar\u0131zal\u0131 \/ hasarl\u0131 \/ yanl\u0131\u015f \u00fcr\u00fcn g\u00f6nderildi<\/strong><\/td><td><strong><strong>biz \u00f6deriz<\/strong>&nbsp;(size geri \u00f6dedim)<\/strong><\/td><td><strong>100% sipari\u015finizin toplam\u0131<\/strong><\/td><\/tr><tr><td><strong>Fikir de\u011fi\u015fikli\u011fi \/ yanl\u0131\u015f boyut sipari\u015fi<\/strong><\/td><td><strong>M\u00fc\u015fteri \u00f6der<\/strong>(izlenebilir olmal\u0131)<\/td><td><strong>Tam \u00fcr\u00fcn fiyat\u0131 iade edildi<\/strong><\/td><\/tr><\/tbody><\/table><\/figure>\n\n\n\n<p><strong>Uluslararas\u0131 sipari\u015fler i\u00e7in:<\/strong><em>&nbsp;Sizi geri nakliye zahmetinden kurtarmak i\u00e7in bir teklif sunabiliriz.&nbsp;<\/em><strong>\u0130ade gerektirmeden tam geri \u00f6deme<\/strong><em>. Bize sorunun foto\u011fraflar\u0131n\u0131 g\u00f6nderin, en iyi \u00e7\u00f6z\u00fcm\u00fc bulal\u0131m.<\/em><\/p>\n\n\n\n<p><em>T\u00fcm Kcvents sipari\u015fleri \u00fccretsiz g\u00f6nderim i\u00e7erdi\u011finden, \u00fcr\u00fcn fiyat\u0131n\u0131z \u00f6dedi\u011finiz tam tutard\u0131r. \u0130ade onayland\u0131ktan sonra bu tutar\u0131n tam bir geri \u00f6demesini alacaks\u0131n\u0131z.<\/em><\/p>\n\n\n\n<p style=\"margin-bottom:0\"><strong>3. \u0130ade uygunlu\u011fu\u00a0\u00a0<\/strong><br>\u0130ade i\u00e7in uygun olmak i\u00e7in \u00f6\u011fenizin \u015fu \u015fekilde olmas\u0131 gerekir:<\/p>\n\n\n\n<ul class=\"wp-block-list\">\n<li>Kullan\u0131lmam\u0131\u015f, kald\u0131r\u0131lm\u0131\u015f, orijinal durumda<\/li>\n\n\n\n<li>T\u00fcm orijinal ambalaj, aksesuar ve etiketlerle tamamlay\u0131n<\/li>\n\n\n\n<li>Montaj veya kullan\u0131m belirtisi yok<\/li>\n<\/ul>\n\n\n\n<p style=\"margin-bottom:0;padding-bottom:0\"><strong>\u0130ade edilemeyen \u00fcr\u00fcnler<\/strong><\/p>\n\n\n\n<ul class=\"wp-block-list\">\n<li>\u00d6zel yap\u0131m veya ki\u015fiselle\u015ftirilmi\u015f \u00fcr\u00fcnler, Sebep : Size \u00f6zel \u00fcretilmi\u015ftir.<\/li>\n\n\n\n<li>\u201cNihai Sat\u0131\u015f\u201d olarak i\u015faretlenen \u00fcr\u00fcnler\u201d<\/li>\n\n\n\n<li>Kullan\u0131lm\u0131\u015f veya tak\u0131lm\u0131\u015f \u00fcr\u00fcnler (kusurluysa garanti kapsam\u0131ndad\u0131r)<\/li>\n\n\n\n<li>Sarf malzemeleri (Filtreler, vb.) kusurlu olmad\u0131k\u00e7a<\/li>\n<\/ul>\n\n\n\n<p style=\"padding-top:0;padding-right:0;padding-bottom:0;padding-left:0\"><strong>4. Vergiler, Vergiler ve \u0130thalat \u00dccretleri<\/strong><\/p>\n\n\n\n<p style=\"padding-top:0;padding-right:0;padding-bottom:0;padding-left:0\">T\u00fcm sipari\u015fler gemi\u00a0<strong>d\u00fcnya \u00e7ap\u0131nda \u00fccretsiz<\/strong>. Ancak:<\/p>\n\n\n\n<p style=\"padding-top:0;padding-right:0;padding-bottom:0;padding-left:0\"><strong>\u0130thalat vergileri ve vergiler sipari\u015f toplam\u0131n\u0131za dahil de\u011fildir.<\/strong>\u00a0Bu \u00fccretler (varsa) \u00fclkenizin g\u00fcmr\u00fck idaresi veya teslimat s\u0131ras\u0131nda nakliyeci taraf\u0131ndan belirlenir ve tahsil edilir.<\/p>\n\n\n\n<p>L\u00fctfen dikkat:<\/p>\n\n\n\n<figure class=\"wp-block-table\"><table class=\"has-fixed-layout\"><thead><tr><th>durum<\/th><th>ne olur<\/th><\/tr><\/thead><tbody><tr><td>Teslimatta vergi\/vergi \u00f6dersiniz<\/td><td>Bunlar devletinize \u00f6denir,\u00a0<strong>bize de\u011fil<\/strong>, ve\u00a0<strong>Ecvent'ler taraf\u0131ndan iade edilmez<\/strong><\/td><\/tr><tr><td>G\u00f6revler\/vergiler nedeniyle teslimat\u0131 reddedersiniz<\/td><td>Paket bize iade edilecektir. Al\u0131nd\u0131ktan ve incelendikten sonra, \u00fcr\u00fcn fiyat\u0131n\u0131z\u0131 iade edece\u011fiz&nbsp;<strong>Herhangi bir ta\u015f\u0131y\u0131c\u0131 iade \u00fccreti eksi<\/strong>&nbsp;katlanm\u0131\u015f<\/td><\/tr><tr><td>G\u00fcmr\u00fck taraf\u0131ndan talep edilmeyen \/ iade edilen paket<\/td><td>Yukar\u0131dakiyle ayn\u0131 - geri \u00f6deme eksi ta\u015f\u0131y\u0131c\u0131 \u00fccretleri<\/td><\/tr><\/tbody><\/table><\/figure>\n\n\n\n<p style=\"padding-top:0;padding-right:0;padding-bottom:0;padding-left:0\"><strong>\u0130pucu:<\/strong><em>\u00a0Sipari\u015f vermeden \u00f6nce \u00fclkenizin ithalat e\u015fi\u011fini kontrol edin. Bir\u00e7ok \u00fclke, k\u00fc\u00e7\u00fck de\u011ferli ithalat\u0131n g\u00fcmr\u00fcks\u00fcz olarak kullan\u0131lmas\u0131na izin vermektedir. Bu bilgileri genellikle \u00fclkenizin g\u00fcmr\u00fck web sitesinde bulabilirsiniz.<\/em><\/p>\n\n\n\n<p><strong>5. 3 -Y\u0131l \u00fcretici garantisi<\/strong><br>T\u00fcm \u00fcr\u00fcnler bir\u00a0<strong>3 y\u0131l garanti<\/strong>\u00a0\u00dcretim hatalar\u0131na kar\u015f\u0131,\u00a0<strong>14 g\u00fcnl\u00fck iade politikas\u0131ndan ayr\u0131<\/strong>.<\/p>\n\n\n\n<figure class=\"wp-block-table\"><table class=\"has-fixed-layout\"><thead><tr><th>e\u015fya<\/th><th>ayr\u0131nt\u0131<\/th><\/tr><\/thead><tbody><tr><td>kapsama s\u00fcresi<\/td><td>Teslim tarihinden itibaren 3 y\u0131l<\/td><\/tr><tr><td>Ne Kapsaml\u0131<\/td><td>Malzeme veya i\u015f\u00e7ilikte \u00fcretim kusurlar\u0131<\/td><\/tr><tr><td>Ne Kapsaml\u0131 De\u011fil<\/td><td>Yanl\u0131\u015f kullan\u0131m, yanl\u0131\u015f kurulum, normal a\u015f\u0131nma ve y\u0131pranma veya yetkisiz de\u011fi\u015fikliklerden kaynaklanan hasarlar<\/td><\/tr><tr><td>sana maliyeti<\/td><td><strong>serbest<\/strong>&nbsp;\u2014 Onar\u0131m\/de\u011fi\u015ftirme + her iki \u015fekilde de nakliyeyi kar\u015f\u0131l\u0131yoruz<\/td><\/tr><\/tbody><\/table><\/figure>\n\n\n\n<p><strong>4 ad\u0131ml\u0131 kolay iade s\u00fcreci<\/strong><\/p>\n\n\n\n<ol class=\"wp-block-list\">\n<li>14 g\u00fcn i\u00e7inde bize ula\u015f\u0131n \u2192&nbsp;<a href=\"mailto:huoyee@kcvents.com\">huoyee@kcvents.com<\/a>&nbsp;<\/li>\n\n\n\n<li>\u0130ade talimatlar\u0131yla 12 saat i\u00e7inde cevap veriyoruz<\/li>\n\n\n\n<li>GEM\u0130 \u00d6\u011eELER\u0130N\u0130 GER\u0130 G\u00d6NDER\u0130N (do\u011frulanm\u0131\u015f kalite sorunlar\u0131 i\u00e7in nakliye \u00fccreti geri \u00f6denir)<\/li>\n\n\n\n<li>Muayeneden sonra 3 i\u015f g\u00fcn\u00fc i\u00e7inde iade edilen geri \u00f6deme<\/li>\n<\/ol>\n\n\n\n<p><strong>6. \u0130ade nas\u0131l ba\u015flat\u0131l\u0131r (4 ad\u0131ml\u0131 s\u00fcre\u00e7)<\/strong><\/p>\n\n\n\n<ol class=\"wp-block-list\">\n<li><strong>Bize Ula\u015f\u0131n:<\/strong>&nbsp;Bize e-posta g\u00f6nderin&nbsp;<strong><a href=\"mailto:huoyee@kcvents.com\">huoyee@kcvents.com<\/a><\/strong>&nbsp;Teslimattan sonraki 14 g\u00fcn i\u00e7inde. L\u00fctfen sipari\u015f kimli\u011finizi ve \u00fcr\u00fcn\u00fcn foto\u011fraflar\u0131n\u0131 ekleyin.<\/li>\n\n\n\n<li><strong>Onay:<\/strong>&nbsp;12 saat i\u00e7inde cevap verece\u011fiz. Onaylan\u0131rsa, bir \u0130ade Yetkilendirme (RA) numaras\u0131 ve ayr\u0131nt\u0131l\u0131 nakliye talimatlar\u0131 sa\u011flayaca\u011f\u0131z.<\/li>\n\n\n\n<li><strong>Geri G\u00f6nderin:<\/strong>&nbsp;\u00f6\u011feyi g\u00fcvenli bir \u015fekilde paketleyin&nbsp;<strong>orijinal kutu<\/strong>. K\u0131r\u0131lgan veya b\u00fcy\u00fck par\u00e7alar i\u00e7in kabarc\u0131k posta kullanmay\u0131n. Paketi e-posta talimatlar\u0131m\u0131zda verilen adrese g\u00f6nderin.<\/li>\n\n\n\n<li><strong>Geri \u00d6deme:<\/strong>&nbsp;\u00d6\u011feyi al\u0131p inceledikten sonra, geri \u00f6demenizi i\u015fleme koyaca\u011f\u0131z.<\/li>\n<\/ol>\n\n\n\n<p><strong>7 . \u0130ade Zaman \u00c7izelgesi<\/strong><\/p>\n\n\n\n<figure class=\"wp-block-table\"><table class=\"has-fixed-layout\"><thead><tr><th>a\u015fama<\/th><th>vade<\/th><\/tr><\/thead><tbody><tr><td>d\u00f6n\u00fc\u015f\u00fcn\u00fcz\u00fc al\u0131yoruz<\/td><td>0. G\u00fcn<\/td><\/tr><tr><td>muayene<\/td><td>1-2 i\u015f g\u00fcn\u00fc<\/td><\/tr><tr><td>Geri \u00f6deme i\u015flendi<\/td><td>Onayland\u0131ktan sonra 3 i\u015f g\u00fcn\u00fc i\u00e7inde<\/td><\/tr><tr><td>Hesab\u0131n\u0131zda kredi g\u00f6r\u00fcn\u00fcr<\/td><td>3-5 i\u015f g\u00fcn\u00fc (bankan\u0131za\/paypal\u0131n\u0131za ba\u011fl\u0131d\u0131r)<\/td><\/tr><\/tbody><\/table><\/figure>\n\n\n\n<p><strong>Orijinal \u00f6deme y\u00f6nteminize geri \u00f6deme yap\u0131l\u0131r<\/strong>&nbsp;(kredi kart\u0131, paypal vb.). Farkl\u0131 bir \u00f6deme y\u00f6ntemine geri \u00f6deme yapam\u0131yoruz.<\/p>\n\n\n\n<p><strong>8. borsa<\/strong><br>Do\u011fru \u00f6\u011feyi m\u00fcmk\u00fcn oldu\u011funca \u00e7abuk ald\u0131\u011f\u0131n\u0131zdan emin olmak i\u00e7in,&nbsp;<strong>Do\u011frudan de\u011fi\u015fim sunmuyoruz<\/strong>.<\/p>\n\n\n\n<ul class=\"wp-block-list\">\n<li><strong>Daha h\u0131zl\u0131 yol:<\/strong>&nbsp;Bir \u00fcr\u00fcn\u00fc de\u011fi\u015ftirmenin en iyi yolu, sahip oldu\u011funuz \u00fcr\u00fcn\u00fc geri \u00f6deme i\u00e7in iade etmek ve yeni \u00fcr\u00fcn i\u00e7in hemen ayr\u0131 bir sat\u0131n alma yapmakt\u0131r.<\/li>\n<\/ul>\n\n\n\n<p><strong>9. d\u00f6n\u00fc\u015f adresi<\/strong><br>L\u00fctfen \u00f6nce bizimle ileti\u015fime ge\u00e7meden sat\u0131n alma i\u015fleminizi \u00fcreticiye geri g\u00f6ndermeyin.<\/p>\n\n\n\n<p><strong>E-posta:<\/strong>&nbsp;<a href=\"mailto:huoyee@kcvents.com\">huoyee@kcvents.com<\/a><\/p>\n\n\n\n<p><strong>\u015eirket:<\/strong>&nbsp;Shenzhen \u015e\u0131k Teknoloji Co, Ltd.<\/p>\n\n\n\n<p><strong>Adres:<\/strong>2. kat,Binema B,No.107 Huasheng Yolu,Shuiwei Toplulu\u011fu,Dalang Caddesi,Longhua B\u00f6lgesi,\u00a0Shenzhen,\u00a0Guangdong,\u00a0\u00c7in,\u00a0518110<\/p>","protected":false},"excerpt":{"rendered":"<p>1. Shenzhen Chic Technology Co., Ltd.'ye (ECVENTS) genel bak\u0131\u015f, sat\u0131n alma i\u015fleminizden tamamen memnun kalman\u0131z\u0131 istiyoruz. Bir \u015fey do\u011fru de\u011filse, teslimattan sonraki 14 g\u00fcn i\u00e7inde iade etmeyi kolayla\u015ft\u0131r\u0131r\u0131z. Teslimat\u0131n\u0131z\u0131n \u00fczerinden 14 g\u00fcn ge\u00e7tiyse, ne yaz\u0131k ki size geri \u00f6deme veya de\u011fi\u015fim teklif edemeyiz. H\u0131zl\u0131 \u00d6zet: 2. Nakliye Maliyetleri ve Sorumluluk Biz \u0130nan\u0131yoruz [ \u2026]<\/p>","protected":false},"author":1,"featured_media":0,"parent":0,"menu_order":0,"comment_status":"closed","ping_status":"closed","template":"","meta":{"_acf_changed":false,"footnotes":""},"class_list":["post-695","page","type-page","status-publish","hentry"],"blocksy_meta":[],"acf":[],"rankMath":{"parentDomain":"www.ecvents.com","noFollowDomains":[],"noFollowExcludeDomains":[],"noFollowExternalLinks":false,"featuredImageNotice":"\u00d6ne \u00e7\u0131kan g\u00f6rsel, Facebook ve di\u011fer sosyal medya siteleri taraf\u0131ndan al\u0131nabilmesi i\u00e7in en az 200 x 200 piksel olmal\u0131d\u0131r.","pluginReviewed":false,"postSettings":{"linkSuggestions":true,"useFocusKeyword":false},"frontEndScore":false,"postName":"refund_returns-2","permalinkFormat":"https:\/\/www.ecvents.com\/tr\/%pagename%\/","showLockModifiedDate":true,"assessor":{"focusKeywordLink":"https:\/\/www.ecvents.com\/wp-admin\/edit.php?focus_keyword=%focus_keyword%&post_type=%post_type%","hasTOCPlugin":{"stackable-ultimate-gutenberg-blocks-premium\/plugin.php":"Stackable"},"primaryTaxonomy":false,"serpData":{"title":"","description":"","focusKeywords":"","pillarContent":false,"canonicalUrl":"","breadcrumbTitle":"","advancedRobots":{"max-snippet":-1,"max-video-preview":-1,"max-image-preview":"large"},"facebookTitle":"","facebookDescription":"","facebookImage":"","facebookImageID":"","facebookHasOverlay":false,"facebookImageOverlay":"","facebookAuthor":"","twitterCardType":"","twitterUseFacebook":true,"twitterTitle":"","twitterDescription":"","twitterImage":"","twitterImageID":"","twitterHasOverlay":false,"twitterImageOverlay":"","twitterPlayerUrl":"","twitterPlayerSize":"","twitterPlayerStream":"","twitterPlayerStreamCtype":"","twitterAppDescription":"","twitterAppIphoneName":"","twitterAppIphoneID":"","twitterAppIphoneUrl":"","twitterAppIpadName":"","twitterAppIpadID":"","twitterAppIpadUrl":"","twitterAppGoogleplayName":"","twitterAppGoogleplayID":"","twitterAppGoogleplayUrl":"","twitterAppCountry":"","robots":{"index":true},"twitterAuthor":"kullan\u0131c\u0131 ad\u0131","primaryTerm":0,"authorName":"Daniel Lee","titleTemplate":"%title% %sep% %sitename%","descriptionTemplate":"%excerpt%","showScoreFrontend":true,"lockModifiedDate":false},"powerWords":[],"diacritics":{"A":"[\\u0041\\u24B6\\uFF21\\u00C0\\u00C1\\u00C2\\u1EA6\\u1EA4\\u1EAA\\u1EA8\\u00C3\\u0100\\u0102\\u1EB0\\u1EAE\\u1EB4\\u1EB2\\u0226\\u01E0\\u00C4\\u01DE\\u1EA2\\u00C5\\u01FA\\u01CD\\u0200\\u0202\\u1EA0\\u1EAC\\u1EB6\\u1E00\\u0104\\u023A\\u2C6F]","AA":"[\\uA732]","AE":"[\\u00C6\\u01FC\\u01E2]","AO":"[\\uA734]","AU":"[\\uA736]","AV":"[\\uA738\\uA73A]","AY":"[\\uA73C]","B":"[\\u0042\\u24B7\\uFF22\\u1E02\\u1E04\\u1E06\\u0243\\u0182\\u0181]","C":"[\\u0043\\u24B8\\uFF23\\u0106\\u0108\\u010A\\u010C\\u00C7\\u1E08\\u0187\\u023B\\uA73E]","D":"[\\u0044\\u24B9\\uFF24\\u1E0A\\u010E\\u1E0C\\u1E10\\u1E12\\u1E0E\\u0110\\u018B\\u018A\\u0189\\uA779]","DZ":"[\\u01F1\\u01C4]","Dz":"[\\u01F2\\u01C5]","E":"[\\u0045\\u24BA\\uFF25\\u00C8\\u00C9\\u00CA\\u1EC0\\u1EBE\\u1EC4\\u1EC2\\u1EBC\\u0112\\u1E14\\u1E16\\u0114\\u0116\\u00CB\\u1EBA\\u011A\\u0204\\u0206\\u1EB8\\u1EC6\\u0228\\u1E1C\\u0118\\u1E18\\u1E1A\\u0190\\u018E]","F":"[\\u0046\\u24BB\\uFF26\\u1E1E\\u0191\\uA77B]","G":"[\\u0047\\u24BC\\uFF27\\u01F4\\u011C\\u1E20\\u011E\\u0120\\u01E6\\u0122\\u01E4\\u0193\\uA7A0\\uA77D\\uA77E]","H":"[\\u0048\\u24BD\\uFF28\\u0124\\u1E22\\u1E26\\u021E\\u1E24\\u1E28\\u1E2A\\u0126\\u2C67\\u2C75\\uA78D]","I":"[\\u0049\\u24BE\\uFF29\\u00CC\\u00CD\\u00CE\\u0128\\u012A\\u012C\\u0130\\u00CF\\u1E2E\\u1EC8\\u01CF\\u0208\\u020A\\u1ECA\\u012E\\u1E2C\\u0197]","J":"[\\u004A\\u24BF\\uFF2A\\u0134\\u0248]","K":"[\\u004B\\u24C0\\uFF2B\\u1E30\\u01E8\\u1E32\\u0136\\u1E34\\u0198\\u2C69\\uA740\\uA742\\uA744\\uA7A2]","L":"[\\u004C\\u24C1\\uFF2C\\u013F\\u0139\\u013D\\u1E36\\u1E38\\u013B\\u1E3C\\u1E3A\\u0141\\u023D\\u2C62\\u2C60\\uA748\\uA746\\uA780]","LJ":"[\\u01C7]","Lj":"[\\u01C8]","M":"[\\u004D\\u24C2\\uFF2D\\u1E3E\\u1E40\\u1E42\\u2C6E\\u019C]","N":"[\\u004E\\u24C3\\uFF2E\\u01F8\\u0143\\u00D1\\u1E44\\u0147\\u1E46\\u0145\\u1E4A\\u1E48\\u0220\\u019D\\uA790\\uA7A4]","NJ":"[\\u01CA]","Nj":"[\\u01CB]","O":"[\\u004F\\u24C4\\uFF2F\\u00D2\\u00D3\\u00D4\\u1ED2\\u1ED0\\u1ED6\\u1ED4\\u00D5\\u1E4C\\u022C\\u1E4E\\u014C\\u1E50\\u1E52\\u014E\\u022E\\u0230\\u00D6\\u022A\\u1ECE\\u0150\\u01D1\\u020C\\u020E\\u01A0\\u1EDC\\u1EDA\\u1EE0\\u1EDE\\u1EE2\\u1ECC\\u1ED8\\u01EA\\u01EC\\u00D8\\u01FE\\u0186\\u019F\\uA74A\\uA74C]","OI":"[\\u01A2]","OO":"[\\uA74E]","OU":"[\\u0222]","P":"[\\u0050\\u24C5\\uFF30\\u1E54\\u1E56\\u01A4\\u2C63\\uA750\\uA752\\uA754]","Q":"[\\u0051\\u24C6\\uFF31\\uA756\\uA758\\u024A]","R":"[\\u0052\\u24C7\\uFF32\\u0154\\u1E58\\u0158\\u0210\\u0212\\u1E5A\\u1E5C\\u0156\\u1E5E\\u024C\\u2C64\\uA75A\\uA7A6\\uA782]","S":"[\\u0053\\u24C8\\uFF33\\u1E9E\\u015A\\u1E64\\u015C\\u1E60\\u0160\\u1E66\\u1E62\\u1E68\\u0218\\u015E\\u2C7E\\uA7A8\\uA784]","T":"[\\u0054\\u24C9\\uFF34\\u1E6A\\u0164\\u1E6C\\u021A\\u0162\\u1E70\\u1E6E\\u0166\\u01AC\\u01AE\\u023E\\uA786]","TZ":"[\\uA728]","U":"[\\u0055\\u24CA\\uFF35\\u00D9\\u00DA\\u00DB\\u0168\\u1E78\\u016A\\u1E7A\\u016C\\u00DC\\u01DB\\u01D7\\u01D5\\u01D9\\u1EE6\\u016E\\u0170\\u01D3\\u0214\\u0216\\u01AF\\u1EEA\\u1EE8\\u1EEE\\u1EEC\\u1EF0\\u1EE4\\u1E72\\u0172\\u1E76\\u1E74\\u0244]","V":"[\\u0056\\u24CB\\uFF36\\u1E7C\\u1E7E\\u01B2\\uA75E\\u0245]","VY":"[\\uA760]","W":"[\\u0057\\u24CC\\uFF37\\u1E80\\u1E82\\u0174\\u1E86\\u1E84\\u1E88\\u2C72]","X":"[\\u0058\\u24CD\\uFF38\\u1E8A\\u1E8C]","Y":"[\\u0059\\u24CE\\uFF39\\u1EF2\\u00DD\\u0176\\u1EF8\\u0232\\u1E8E\\u0178\\u1EF6\\u1EF4\\u01B3\\u024E\\u1EFE]","Z":"[\\u005A\\u24CF\\uFF3A\\u0179\\u1E90\\u017B\\u017D\\u1E92\\u1E94\\u01B5\\u0224\\u2C7F\\u2C6B\\uA762]","a":"[\\u0061\\u24D0\\uFF41\\u1E9A\\u00E0\\u00E1\\u00E2\\u1EA7\\u1EA5\\u1EAB\\u1EA9\\u00E3\\u0101\\u0103\\u1EB1\\u1EAF\\u1EB5\\u1EB3\\u0227\\u01E1\\u00E4\\u01DF\\u1EA3\\u00E5\\u01FB\\u01CE\\u0201\\u0203\\u1EA1\\u1EAD\\u1EB7\\u1E01\\u0105\\u2C65\\u0250]","aa":"[\\uA733]","ae":"[\\u00E6\\u01FD\\u01E3]","ao":"[\\uA735]","au":"[\\uA737]","av":"[\\uA739\\uA73B]","ay":"[\\uA73D]","b":"[\\u0062\\u24D1\\uFF42\\u1E03\\u1E05\\u1E07\\u0180\\u0183\\u0253]","c":"[\\u0063\\u24D2\\uFF43\\u0107\\u0109\\u010B\\u010D\\u00E7\\u1E09\\u0188\\u023C\\uA73F\\u2184]","d":"[\\u0064\\u24D3\\uFF44\\u1E0B\\u010F\\u1E0D\\u1E11\\u1E13\\u1E0F\\u0111\\u018C\\u0256\\u0257\\uA77A]","dz":"[\\u01F3\\u01C6]","e":"[\\u0065\\u24D4\\uFF45\\u00E8\\u00E9\\u00EA\\u1EC1\\u1EBF\\u1EC5\\u1EC3\\u1EBD\\u0113\\u1E15\\u1E17\\u0115\\u0117\\u00EB\\u1EBB\\u011B\\u0205\\u0207\\u1EB9\\u1EC7\\u0229\\u1E1D\\u0119\\u1E19\\u1E1B\\u0247\\u025B\\u01DD]","f":"[\\u0066\\u24D5\\uFF46\\u1E1F\\u0192\\uA77C]","g":"[\\u0067\\u24D6\\uFF47\\u01F5\\u011D\\u1E21\\u011F\\u0121\\u01E7\\u0123\\u01E5\\u0260\\uA7A1\\u1D79\\uA77F]","h":"[\\u0068\\u24D7\\uFF48\\u0125\\u1E23\\u1E27\\u021F\\u1E25\\u1E29\\u1E2B\\u1E96\\u0127\\u2C68\\u2C76\\u0265]","hv":"[\\u0195]","i":"[\\u0069\\u24D8\\uFF49\\u00EC\\u00ED\\u00EE\\u0129\\u012B\\u012D\\u00EF\\u1E2F\\u1EC9\\u01D0\\u0209\\u020B\\u1ECB\\u012F\\u1E2D\\u0268\\u0131]","j":"[\\u006A\\u24D9\\uFF4A\\u0135\\u01F0\\u0249]","k":"[\\u006B\\u24DA\\uFF4B\\u1E31\\u01E9\\u1E33\\u0137\\u1E35\\u0199\\u2C6A\\uA741\\uA743\\uA745\\uA7A3]","l":"[\\u006C\\u24DB\\uFF4C\\u0140\\u013A\\u013E\\u1E37\\u1E39\\u013C\\u1E3D\\u1E3B\\u017F\\u0142\\u019A\\u026B\\u2C61\\uA749\\uA781\\uA747]","lj":"[\\u01C9]","m":"[\\u006D\\u24DC\\uFF4D\\u1E3F\\u1E41\\u1E43\\u0271\\u026F]","n":"[\\u006E\\u24DD\\uFF4E\\u01F9\\u0144\\u00F1\\u1E45\\u0148\\u1E47\\u0146\\u1E4B\\u1E49\\u019E\\u0272\\u0149\\uA791\\uA7A5]","nj":"[\\u01CC]","o":"[\\u006F\\u24DE\\uFF4F\\u00F2\\u00F3\\u00F4\\u1ED3\\u1ED1\\u1ED7\\u1ED5\\u00F5\\u1E4D\\u022D\\u1E4F\\u014D\\u1E51\\u1E53\\u014F\\u022F\\u0231\\u00F6\\u022B\\u1ECF\\u0151\\u01D2\\u020D\\u020F\\u01A1\\u1EDD\\u1EDB\\u1EE1\\u1EDF\\u1EE3\\u1ECD\\u1ED9\\u01EB\\u01ED\\u00F8\\u01FF\\u0254\\uA74B\\uA74D\\u0275]","oi":"[\\u01A3]","ou":"[\\u0223]","oo":"[\\uA74F]","p":"[\\u0070\\u24DF\\uFF50\\u1E55\\u1E57\\u01A5\\u1D7D\\uA751\\uA753\\uA755]","q":"[\\u0071\\u24E0\\uFF51\\u024B\\uA757\\uA759]","r":"[\\u0072\\u24E1\\uFF52\\u0155\\u1E59\\u0159\\u0211\\u0213\\u1E5B\\u1E5D\\u0157\\u1E5F\\u024D\\u027D\\uA75B\\uA7A7\\uA783]","s":"[\\u0073\\u24E2\\uFF53\\u015B\\u1E65\\u015D\\u1E61\\u0161\\u1E67\\u1E63\\u1E69\\u0219\\u015F\\u023F\\uA7A9\\uA785\\u1E9B]","ss":"[\\u00DF]","t":"[\\u0074\\u24E3\\uFF54\\u1E6B\\u1E97\\u0165\\u1E6D\\u021B\\u0163\\u1E71\\u1E6F\\u0167\\u01AD\\u0288\\u2C66\\uA787]","tz":"[\\uA729]","u":"[\\u0075\\u24E4\\uFF55\\u00F9\\u00FA\\u00FB\\u0169\\u1E79\\u016B\\u1E7B\\u016D\\u00FC\\u01DC\\u01D8\\u01D6\\u01DA\\u1EE7\\u016F\\u0171\\u01D4\\u0215\\u0217\\u01B0\\u1EEB\\u1EE9\\u1EEF\\u1EED\\u1EF1\\u1EE5\\u1E73\\u0173\\u1E77\\u1E75\\u0289]","v":"[\\u0076\\u24E5\\uFF56\\u1E7D\\u1E7F\\u028B\\uA75F\\u028C]","vy":"[\\uA761]","w":"[\\u0077\\u24E6\\uFF57\\u1E81\\u1E83\\u0175\\u1E87\\u1E85\\u1E98\\u1E89\\u2C73]","x":"[\\u0078\\u24E7\\uFF58\\u1E8B\\u1E8D]","y":"[\\u0079\\u24E8\\uFF59\\u1EF3\\u00FD\\u0177\\u1EF9\\u0233\\u1E8F\\u00FF\\u1EF7\\u1E99\\u1EF5\\u01B4\\u024F\\u1EFF]","z":"[\\u007A\\u24E9\\uFF5A\\u017A\\u1E91\\u017C\\u017E\\u1E93\\u1E95\\u01B6\\u0225\\u0240\\u2C6C\\uA763]"},"researchesTests":["contentHasTOC","contentHasShortParagraphs","contentHasAssets","keywordInTitle","keywordInMetaDescription","keywordInPermalink","keywordIn10Percent","keywordInContent","keywordInSubheadings","keywordInImageAlt","keywordDensity","keywordNotUsed","lengthContent","lengthPermalink","linksHasInternal","linksHasExternals","linksNotAllExternals","titleStartWithKeyword","titleSentiment","titleHasPowerWords","titleHasNumber","hasContentAI"],"hasRedirection":true,"hasBreadcrumb":true},"homeUrl":"https:\/\/www.ecvents.com\/tr","objectID":695,"objectType":"post","locale":"tr","localeFull":"tr_TR","overlayImages":{"play":{"name":"Oynatma Simgesi","url":"https:\/\/www.ecvents.com\/wp-content\/plugins\/seo-by-rank-math\/assets\/admin\/img\/icon-play.png","path":"\/www\/wwwroot\/www.ecvents.com\/wp-content\/plugins\/seo-by-rank-math\/assets\/admin\/img\/icon-play.png","position":"middle_center"},"gif":{"name":"gif simgesi","url":"https:\/\/www.ecvents.com\/wp-content\/plugins\/seo-by-rank-math\/assets\/admin\/img\/icon-gif.png","path":"\/www\/wwwroot\/www.ecvents.com\/wp-content\/plugins\/seo-by-rank-math\/assets\/admin\/img\/icon-gif.png","position":"middle_center"}},"defautOgImage":"https:\/\/www.ecvents.com\/wp-content\/plugins\/seo-by-rank-math\/assets\/admin\/img\/social-placeholder.jpg","customPermalinks":true,"isUserRegistered":true,"autoSuggestKeywords":true,"connectSiteUrl":"https:\/\/rankmath.com\/auth?site=https%3A%2F%2Fwww.ecvents.com%2Ftr&r=https%3A%2F%2Fwww.ecvents.com%2Ftr%2Fwp-json%2Fwp%2Fv2%2Fpages%2F695%3Fnonce%3D6dfe2b2756&pro=1","maxTags":100,"trendsIcon":"<svg viewBox=\"0 0 610 610\"><path d=\"M18.85,446,174.32,290.48l58.08,58.08L76.93,504a14.54,14.54,0,0,1-20.55,0L18.83,466.48a14.54,14.54,0,0,1,0-20.55Z\" style=\"fill:#4285f4\"\/><path d=\"M242.65,242.66,377.59,377.6l-47.75,47.75a14.54,14.54,0,0,1-20.55,0L174.37,290.43l47.75-47.75A14.52,14.52,0,0,1,242.65,242.66Z\" style=\"fill:#ea4335\"\/><polygon points=\"319.53 319.53 479.26 159.8 537.34 217.88 377.61 377.62 319.53 319.53\" style=\"fill:#fabb05\"\/><path d=\"M594.26,262.73V118.61h0a16.94,16.94,0,0,0-16.94-16.94H433.2a16.94,16.94,0,0,0-12,28.92L565.34,274.71h0a16.94,16.94,0,0,0,28.92-12Z\" style=\"fill:#34a853\"\/><rect width=\"610\" height=\"610\" style=\"fill:none\"\/><\/svg>","showScore":true,"siteFavIcon":"https:\/\/www.ecvents.com\/wp-content\/uploads\/2025\/08\/cropped-ecvents-logo819-1-32x32.png","canUser":{"general":false,"advanced":false,"snippet":false,"social":false,"analysis":false,"analytics":false,"content_ai":false},"showKeywordIntent":true,"isPro":true,"is_front_page":false,"trendsUpgradeLink":"https:\/\/rankmath.com\/pricing\/?utm_source=Plugin&utm_medium=CE%20General%20Tab%20Trends&utm_campaign=WP","trendsUpgradeLabel":"Y\u00fckseltin","trendsPreviewImage":"https:\/\/www.ecvents.com\/wp-content\/plugins\/seo-by-rank-math\/assets\/admin\/img\/trends-preview.jpg","currentEditor":false,"homepageData":{"assessor":{"powerWords":[],"diacritics":true,"researchesTests":["contentHasTOC","contentHasShortParagraphs","contentHasAssets","keywordInTitle","keywordInMetaDescription","keywordInPermalink","keywordIn10Percent","keywordInContent","keywordInSubheadings","keywordInImageAlt","keywordDensity","keywordNotUsed","lengthContent","lengthPermalink","linksHasInternal","linksHasExternals","linksNotAllExternals","titleStartWithKeyword","titleSentiment","titleHasPowerWords","titleHasNumber","hasContentAI"],"hasBreadcrumb":true,"serpData":{"title":"%siTeName% %page% %sep% %sitedesc%","description":"","titleTemplate":"%sitename% %page% %sep% %sitedesc%","descriptionTemplate":"","focusKeywords":"","breadcrumbTitle":"Home","robots":{"index":true},"advancedRobots":{"max-snippet":-1,"max-video-preview":-1,"max-image-preview":"large"},"facebookTitle":"","facebookDescription":"","facebookImage":"","facebookImageID":""}}},"searchIntents":[],"isAnalyticsConnected":false,"tocTitle":"Table of Contents","tocExcludeHeadings":[],"listStyle":"ul"},"_links":{"self":[{"href":"https:\/\/www.ecvents.com\/tr\/wp-json\/wp\/v2\/pages\/695","targetHints":{"allow":["GET"]}}],"collection":[{"href":"https:\/\/www.ecvents.com\/tr\/wp-json\/wp\/v2\/pages"}],"about":[{"href":"https:\/\/www.ecvents.com\/tr\/wp-json\/wp\/v2\/types\/page"}],"author":[{"embeddable":true,"href":"https:\/\/www.ecvents.com\/tr\/wp-json\/wp\/v2\/users\/1"}],"replies":[{"embeddable":true,"href":"https:\/\/www.ecvents.com\/tr\/wp-json\/wp\/v2\/comments?post=695"}],"version-history":[{"count":19,"href":"https:\/\/www.ecvents.com\/tr\/wp-json\/wp\/v2\/pages\/695\/revisions"}],"predecessor-version":[{"id":4519,"href":"https:\/\/www.ecvents.com\/tr\/wp-json\/wp\/v2\/pages\/695\/revisions\/4519"}],"wp:attachment":[{"href":"https:\/\/www.ecvents.com\/tr\/wp-json\/wp\/v2\/media?parent=695"}],"curies":[{"name":"zamk","href":"https:\/\/api.w.org\/{rel}","templated":true}]}}